{"id":227,"date":"2010-08-18T16:53:08","date_gmt":"2010-08-18T20:53:08","guid":{"rendered":"http:\/\/medicina.udd.cl\/instituto-ciencias\/articulos\/publicaciones-bibliograficas-miembros-ic\/"},"modified":"2021-04-13T15:47:44","modified_gmt":"2021-04-13T19:47:44","slug":"publicaciones-bibliograficas","status":"publish","type":"page","link":"https:\/\/medicina.udd.cl\/centro-medicina-regenerativa\/difusion\/publicaciones-bibliograficas\/","title":{"rendered":"Libros"},"content":{"rendered":"\n<h2 class=\"wp-block-heading\"><b>Libros<\/b><\/h2>\n\n\n\n<ul class=\"wp-block-list\"><li>Allers C, Conget P, Repetto G y Naves R. (2003) 50 a\u00f1os del descubrimiento de la doble h\u00e9lice del ADN. Santiago, Chile.<\/li><\/ul>\n\n\n\n<h2 class=\"wp-block-heading\"><b>Cap\u00edtulos de libros<\/b><\/h2>\n\n\n\n<ul class=\"wp-block-list\"><li>Ezquer F, Ezquer M and Conget P. (2013) Stem cells for the treatment of patients with Type 1 Diabetes Mellitus. En \u201cType 1 Diabetes: causes, treatment and potentials, complications. Nova Publisher, Estados Unidos.<\/li><li>Conget P y SantaCruz J. (2008) Programa Puente, FM CAS-UDD en Innovaci\u00f3n Made in Chile 2008. 50 casos ejemplares en educaci\u00f3n. Fundaci\u00f3n Pa\u00eds Digital y C\u00e1mara de Comercio de Santiago. Santiago, Chile.<\/li><li>Minguell JJ, Erices A, Conget PA, Sierralta WD, Rojas CV, Allers C, Benavente C, Fierro F, Rivera F. (2003) Mesenchymal (uncommitted) stem cells. En \u201cMesenchymal stem cells: biology and potencial clinical uses.\u201d Editado por Ministerio de Sanidad y Consumo, y Fundaci\u00f3n Valenciana de Estudios Avanzados. Madrid, Espa\u00f1a.<\/li><li>\n<p style=\"display: inline !important;\">Mart\u00ednez, R. \u201cWhat\u2019s New in Knee Arthroplasty: South American Perspective\u201d. Recent Advances in Orthopedics. Cap\u00edtulo 15<i>.&nbsp; <\/i>JP Brothers Medical Publishers. 2014<\/p>\n<\/li><\/ul>\n","protected":false},"excerpt":{"rendered":"<p>Libros Allers C, Conget P, Repetto G y Naves R. (2003) 50 a\u00f1os del descubrimiento de la doble h\u00e9lice del ADN. Santiago, Chile. Cap\u00edtulos de libros Ezquer F, Ezquer M and Conget P. (2013) Stem cells for the treatment of patients with Type 1 Diabetes Mellitus. En \u201cType 1 Diabetes: causes, treatment and potentials, complications. [&hellip;]<\/p>\n","protected":false},"author":1,"featured_media":0,"parent":190,"menu_order":0,"comment_status":"open","ping_status":"open","template":"","meta":{"footnotes":""},"class_list":["post-227","page","type-page","status-publish","hentry"],"yoast_head":"<!-- This site is optimized with the Yoast SEO plugin v26.9 - https:\/\/yoast.com\/product\/yoast-seo-wordpress\/ -->\n<title>Libros - Centro de Medicina Regenerativa<\/title>\n<meta name=\"robots\" content=\"index, follow, max-snippet:-1, max-image-preview:large, max-video-preview:-1\" \/>\n<link rel=\"canonical\" href=\"https:\/\/medicina.udd.cl\/centro-medicina-regenerativa\/difusion\/publicaciones-bibliograficas\/\" \/>\n<meta property=\"og:locale\" content=\"es_ES\" \/>\n<meta property=\"og:type\" content=\"article\" \/>\n<meta property=\"og:title\" content=\"Libros - Centro de Medicina Regenerativa\" \/>\n<meta property=\"og:description\" content=\"Libros Allers C, Conget P, Repetto G y Naves R. (2003) 50 a\u00f1os del descubrimiento de la doble h\u00e9lice del ADN. Santiago, Chile. Cap\u00edtulos de libros Ezquer F, Ezquer M and Conget P. (2013) Stem cells for the treatment of patients with Type 1 Diabetes Mellitus. En \u201cType 1 Diabetes: causes, treatment and potentials, complications. [&hellip;]\" \/>\n<meta property=\"og:url\" content=\"https:\/\/medicina.udd.cl\/centro-medicina-regenerativa\/difusion\/publicaciones-bibliograficas\/\" \/>\n<meta property=\"og:site_name\" content=\"Centro de Medicina Regenerativa\" \/>\n<meta property=\"article:modified_time\" content=\"2021-04-13T19:47:44+00:00\" \/>\n<meta name=\"twitter:label1\" content=\"Tiempo de lectura\" \/>\n\t<meta name=\"twitter:data1\" content=\"1 minuto\" \/>\n<script type=\"application\/ld+json\" class=\"yoast-schema-graph\">{\"@context\":\"https:\/\/schema.org\",\"@graph\":[{\"@type\":\"WebPage\",\"@id\":\"https:\/\/medicina.udd.cl\/centro-medicina-regenerativa\/difusion\/publicaciones-bibliograficas\/\",\"url\":\"https:\/\/medicina.udd.cl\/centro-medicina-regenerativa\/difusion\/publicaciones-bibliograficas\/\",\"name\":\"Libros - Centro de Medicina Regenerativa\",\"isPartOf\":{\"@id\":\"https:\/\/medicina.udd.cl\/centro-medicina-regenerativa\/#website\"},\"datePublished\":\"2010-08-18T20:53:08+00:00\",\"dateModified\":\"2021-04-13T19:47:44+00:00\",\"breadcrumb\":{\"@id\":\"https:\/\/medicina.udd.cl\/centro-medicina-regenerativa\/difusion\/publicaciones-bibliograficas\/#breadcrumb\"},\"inLanguage\":\"es\",\"potentialAction\":[{\"@type\":\"ReadAction\",\"target\":[\"https:\/\/medicina.udd.cl\/centro-medicina-regenerativa\/difusion\/publicaciones-bibliograficas\/\"]}]},{\"@type\":\"BreadcrumbList\",\"@id\":\"https:\/\/medicina.udd.cl\/centro-medicina-regenerativa\/difusion\/publicaciones-bibliograficas\/#breadcrumb\",\"itemListElement\":[{\"@type\":\"ListItem\",\"position\":1,\"name\":\"Inicio\",\"item\":\"https:\/\/medicina.udd.cl\/centro-medicina-regenerativa\/\"},{\"@type\":\"ListItem\",\"position\":2,\"name\":\"Difusi\u00f3n y extensi\u00f3n\",\"item\":\"https:\/\/medicina.udd.cl\/centro-medicina-regenerativa\/difusion\/\"},{\"@type\":\"ListItem\",\"position\":3,\"name\":\"Libros\"}]},{\"@type\":\"WebSite\",\"@id\":\"https:\/\/medicina.udd.cl\/centro-medicina-regenerativa\/#website\",\"url\":\"https:\/\/medicina.udd.cl\/centro-medicina-regenerativa\/\",\"name\":\"Centro de Medicina Regenerativa\",\"description\":\"\",\"inLanguage\":\"es\"}]}<\/script>\n<!-- \/ Yoast SEO plugin. -->","yoast_head_json":{"title":"Libros - Centro de Medicina Regenerativa","robots":{"index":"index","follow":"follow","max-snippet":"max-snippet:-1","max-image-preview":"max-image-preview:large","max-video-preview":"max-video-preview:-1"},"canonical":"https:\/\/medicina.udd.cl\/centro-medicina-regenerativa\/difusion\/publicaciones-bibliograficas\/","og_locale":"es_ES","og_type":"article","og_title":"Libros - Centro de Medicina Regenerativa","og_description":"Libros Allers C, Conget P, Repetto G y Naves R. (2003) 50 a\u00f1os del descubrimiento de la doble h\u00e9lice del ADN. Santiago, Chile. Cap\u00edtulos de libros Ezquer F, Ezquer M and Conget P. (2013) Stem cells for the treatment of patients with Type 1 Diabetes Mellitus. En \u201cType 1 Diabetes: causes, treatment and potentials, complications. [&hellip;]","og_url":"https:\/\/medicina.udd.cl\/centro-medicina-regenerativa\/difusion\/publicaciones-bibliograficas\/","og_site_name":"Centro de Medicina Regenerativa","article_modified_time":"2021-04-13T19:47:44+00:00","twitter_misc":{"Tiempo de lectura":"1 minuto"},"schema":{"@context":"https:\/\/schema.org","@graph":[{"@type":"WebPage","@id":"https:\/\/medicina.udd.cl\/centro-medicina-regenerativa\/difusion\/publicaciones-bibliograficas\/","url":"https:\/\/medicina.udd.cl\/centro-medicina-regenerativa\/difusion\/publicaciones-bibliograficas\/","name":"Libros - Centro de Medicina Regenerativa","isPartOf":{"@id":"https:\/\/medicina.udd.cl\/centro-medicina-regenerativa\/#website"},"datePublished":"2010-08-18T20:53:08+00:00","dateModified":"2021-04-13T19:47:44+00:00","breadcrumb":{"@id":"https:\/\/medicina.udd.cl\/centro-medicina-regenerativa\/difusion\/publicaciones-bibliograficas\/#breadcrumb"},"inLanguage":"es","potentialAction":[{"@type":"ReadAction","target":["https:\/\/medicina.udd.cl\/centro-medicina-regenerativa\/difusion\/publicaciones-bibliograficas\/"]}]},{"@type":"BreadcrumbList","@id":"https:\/\/medicina.udd.cl\/centro-medicina-regenerativa\/difusion\/publicaciones-bibliograficas\/#breadcrumb","itemListElement":[{"@type":"ListItem","position":1,"name":"Inicio","item":"https:\/\/medicina.udd.cl\/centro-medicina-regenerativa\/"},{"@type":"ListItem","position":2,"name":"Difusi\u00f3n y extensi\u00f3n","item":"https:\/\/medicina.udd.cl\/centro-medicina-regenerativa\/difusion\/"},{"@type":"ListItem","position":3,"name":"Libros"}]},{"@type":"WebSite","@id":"https:\/\/medicina.udd.cl\/centro-medicina-regenerativa\/#website","url":"https:\/\/medicina.udd.cl\/centro-medicina-regenerativa\/","name":"Centro de Medicina Regenerativa","description":"","inLanguage":"es"}]}},"_links":{"self":[{"href":"https:\/\/medicina.udd.cl\/centro-medicina-regenerativa\/wp-json\/wp\/v2\/pages\/227","targetHints":{"allow":["GET"]}}],"collection":[{"href":"https:\/\/medicina.udd.cl\/centro-medicina-regenerativa\/wp-json\/wp\/v2\/pages"}],"about":[{"href":"https:\/\/medicina.udd.cl\/centro-medicina-regenerativa\/wp-json\/wp\/v2\/types\/page"}],"author":[{"embeddable":true,"href":"https:\/\/medicina.udd.cl\/centro-medicina-regenerativa\/wp-json\/wp\/v2\/users\/1"}],"replies":[{"embeddable":true,"href":"https:\/\/medicina.udd.cl\/centro-medicina-regenerativa\/wp-json\/wp\/v2\/comments?post=227"}],"version-history":[{"count":25,"href":"https:\/\/medicina.udd.cl\/centro-medicina-regenerativa\/wp-json\/wp\/v2\/pages\/227\/revisions"}],"predecessor-version":[{"id":3047,"href":"https:\/\/medicina.udd.cl\/centro-medicina-regenerativa\/wp-json\/wp\/v2\/pages\/227\/revisions\/3047"}],"up":[{"embeddable":true,"href":"https:\/\/medicina.udd.cl\/centro-medicina-regenerativa\/wp-json\/wp\/v2\/pages\/190"}],"wp:attachment":[{"href":"https:\/\/medicina.udd.cl\/centro-medicina-regenerativa\/wp-json\/wp\/v2\/media?parent=227"}],"curies":[{"name":"wp","href":"https:\/\/api.w.org\/{rel}","templated":true}]}}