{"id":230,"date":"2010-08-18T16:55:40","date_gmt":"2010-08-18T20:55:40","guid":{"rendered":"http:\/\/medicina.udd.cl\/instituto-ciencias\/articulos\/cursos-de-pregrado\/"},"modified":"2014-05-08T14:54:47","modified_gmt":"2014-05-08T18:54:47","slug":"cursos-de-pregrado","status":"publish","type":"page","link":"https:\/\/medicina.udd.cl\/centro-medicina-regenerativa\/difusion\/cursos-de-pregrado\/","title":{"rendered":"Cursos de Pregrado"},"content":{"rendered":"<p>Los cursos de pregrado impartidos por el Centro de Medicina Regenerativa son:<\/p>\n<ul>\n<li>Qu\u00edmica general y Qu\u00edmica org\u00e1nica: Medicina 1\u00ba a\u00f1o<\/li>\n<li>Bioqu\u00edmica: Medicina 1\u00b0 a\u00f1o<\/li>\n<li>Biolog\u00eda Molecular e inmunolog\u00eda: Medicina 2\u00b0 a\u00f1o<\/li>\n<li>Unidad de Investigaci\u00f3n: Medicina 2\u00b0 a\u00f1o<\/li>\n<li>Biolog\u00eda y Gen\u00e9tica: Odontolog\u00eda 1\u00b0 a\u00f1o<\/li>\n<\/ul>\n","protected":false},"excerpt":{"rendered":"<p>El Instituto de Ciencias imparte distintos cursos del ciclo b\u00e1sico para los estudiantes de las carreras de Medicina y Odontolog\u00eda.<\/p>\n","protected":false},"author":1,"featured_media":0,"parent":190,"menu_order":5,"comment_status":"open","ping_status":"open","template":"","meta":{"footnotes":""},"class_list":["post-230","page","type-page","status-publish","hentry"],"yoast_head":"<!-- This site is optimized with the Yoast SEO plugin v26.9 - https:\/\/yoast.com\/product\/yoast-seo-wordpress\/ -->\n<title>Cursos de Pregrado - Centro de Medicina Regenerativa<\/title>\n<meta name=\"robots\" content=\"index, follow, max-snippet:-1, max-image-preview:large, max-video-preview:-1\" \/>\n<link rel=\"canonical\" href=\"https:\/\/medicina.udd.cl\/centro-medicina-regenerativa\/difusion\/cursos-de-pregrado\/\" \/>\n<meta property=\"og:locale\" content=\"es_ES\" \/>\n<meta property=\"og:type\" content=\"article\" \/>\n<meta property=\"og:title\" content=\"Cursos de Pregrado - Centro de Medicina Regenerativa\" \/>\n<meta property=\"og:description\" content=\"El Instituto de Ciencias imparte distintos cursos del ciclo b\u00e1sico para los estudiantes de las carreras de Medicina y Odontolog\u00eda.\" \/>\n<meta property=\"og:url\" content=\"https:\/\/medicina.udd.cl\/centro-medicina-regenerativa\/difusion\/cursos-de-pregrado\/\" \/>\n<meta property=\"og:site_name\" content=\"Centro de Medicina Regenerativa\" \/>\n<meta property=\"article:modified_time\" content=\"2014-05-08T18:54:47+00:00\" \/>\n<script type=\"application\/ld+json\" class=\"yoast-schema-graph\">{\"@context\":\"https:\/\/schema.org\",\"@graph\":[{\"@type\":\"WebPage\",\"@id\":\"https:\/\/medicina.udd.cl\/centro-medicina-regenerativa\/difusion\/cursos-de-pregrado\/\",\"url\":\"https:\/\/medicina.udd.cl\/centro-medicina-regenerativa\/difusion\/cursos-de-pregrado\/\",\"name\":\"Cursos de Pregrado - Centro de Medicina Regenerativa\",\"isPartOf\":{\"@id\":\"https:\/\/medicina.udd.cl\/centro-medicina-regenerativa\/#website\"},\"datePublished\":\"2010-08-18T20:55:40+00:00\",\"dateModified\":\"2014-05-08T18:54:47+00:00\",\"breadcrumb\":{\"@id\":\"https:\/\/medicina.udd.cl\/centro-medicina-regenerativa\/difusion\/cursos-de-pregrado\/#breadcrumb\"},\"inLanguage\":\"es\",\"potentialAction\":[{\"@type\":\"ReadAction\",\"target\":[\"https:\/\/medicina.udd.cl\/centro-medicina-regenerativa\/difusion\/cursos-de-pregrado\/\"]}]},{\"@type\":\"BreadcrumbList\",\"@id\":\"https:\/\/medicina.udd.cl\/centro-medicina-regenerativa\/difusion\/cursos-de-pregrado\/#breadcrumb\",\"itemListElement\":[{\"@type\":\"ListItem\",\"position\":1,\"name\":\"Inicio\",\"item\":\"https:\/\/medicina.udd.cl\/centro-medicina-regenerativa\/\"},{\"@type\":\"ListItem\",\"position\":2,\"name\":\"Difusi\u00f3n y extensi\u00f3n\",\"item\":\"https:\/\/medicina.udd.cl\/centro-medicina-regenerativa\/difusion\/\"},{\"@type\":\"ListItem\",\"position\":3,\"name\":\"Cursos de Pregrado\"}]},{\"@type\":\"WebSite\",\"@id\":\"https:\/\/medicina.udd.cl\/centro-medicina-regenerativa\/#website\",\"url\":\"https:\/\/medicina.udd.cl\/centro-medicina-regenerativa\/\",\"name\":\"Centro de Medicina Regenerativa\",\"description\":\"\",\"inLanguage\":\"es\"}]}<\/script>\n<!-- \/ Yoast SEO plugin. -->","yoast_head_json":{"title":"Cursos de Pregrado - Centro de Medicina Regenerativa","robots":{"index":"index","follow":"follow","max-snippet":"max-snippet:-1","max-image-preview":"max-image-preview:large","max-video-preview":"max-video-preview:-1"},"canonical":"https:\/\/medicina.udd.cl\/centro-medicina-regenerativa\/difusion\/cursos-de-pregrado\/","og_locale":"es_ES","og_type":"article","og_title":"Cursos de Pregrado - Centro de Medicina Regenerativa","og_description":"El Instituto de Ciencias imparte distintos cursos del ciclo b\u00e1sico para los estudiantes de las carreras de Medicina y Odontolog\u00eda.","og_url":"https:\/\/medicina.udd.cl\/centro-medicina-regenerativa\/difusion\/cursos-de-pregrado\/","og_site_name":"Centro de Medicina Regenerativa","article_modified_time":"2014-05-08T18:54:47+00:00","schema":{"@context":"https:\/\/schema.org","@graph":[{"@type":"WebPage","@id":"https:\/\/medicina.udd.cl\/centro-medicina-regenerativa\/difusion\/cursos-de-pregrado\/","url":"https:\/\/medicina.udd.cl\/centro-medicina-regenerativa\/difusion\/cursos-de-pregrado\/","name":"Cursos de Pregrado - Centro de Medicina Regenerativa","isPartOf":{"@id":"https:\/\/medicina.udd.cl\/centro-medicina-regenerativa\/#website"},"datePublished":"2010-08-18T20:55:40+00:00","dateModified":"2014-05-08T18:54:47+00:00","breadcrumb":{"@id":"https:\/\/medicina.udd.cl\/centro-medicina-regenerativa\/difusion\/cursos-de-pregrado\/#breadcrumb"},"inLanguage":"es","potentialAction":[{"@type":"ReadAction","target":["https:\/\/medicina.udd.cl\/centro-medicina-regenerativa\/difusion\/cursos-de-pregrado\/"]}]},{"@type":"BreadcrumbList","@id":"https:\/\/medicina.udd.cl\/centro-medicina-regenerativa\/difusion\/cursos-de-pregrado\/#breadcrumb","itemListElement":[{"@type":"ListItem","position":1,"name":"Inicio","item":"https:\/\/medicina.udd.cl\/centro-medicina-regenerativa\/"},{"@type":"ListItem","position":2,"name":"Difusi\u00f3n y extensi\u00f3n","item":"https:\/\/medicina.udd.cl\/centro-medicina-regenerativa\/difusion\/"},{"@type":"ListItem","position":3,"name":"Cursos de Pregrado"}]},{"@type":"WebSite","@id":"https:\/\/medicina.udd.cl\/centro-medicina-regenerativa\/#website","url":"https:\/\/medicina.udd.cl\/centro-medicina-regenerativa\/","name":"Centro de Medicina Regenerativa","description":"","inLanguage":"es"}]}},"_links":{"self":[{"href":"https:\/\/medicina.udd.cl\/centro-medicina-regenerativa\/wp-json\/wp\/v2\/pages\/230","targetHints":{"allow":["GET"]}}],"collection":[{"href":"https:\/\/medicina.udd.cl\/centro-medicina-regenerativa\/wp-json\/wp\/v2\/pages"}],"about":[{"href":"https:\/\/medicina.udd.cl\/centro-medicina-regenerativa\/wp-json\/wp\/v2\/types\/page"}],"author":[{"embeddable":true,"href":"https:\/\/medicina.udd.cl\/centro-medicina-regenerativa\/wp-json\/wp\/v2\/users\/1"}],"replies":[{"embeddable":true,"href":"https:\/\/medicina.udd.cl\/centro-medicina-regenerativa\/wp-json\/wp\/v2\/comments?post=230"}],"version-history":[{"count":6,"href":"https:\/\/medicina.udd.cl\/centro-medicina-regenerativa\/wp-json\/wp\/v2\/pages\/230\/revisions"}],"predecessor-version":[{"id":1643,"href":"https:\/\/medicina.udd.cl\/centro-medicina-regenerativa\/wp-json\/wp\/v2\/pages\/230\/revisions\/1643"}],"up":[{"embeddable":true,"href":"https:\/\/medicina.udd.cl\/centro-medicina-regenerativa\/wp-json\/wp\/v2\/pages\/190"}],"wp:attachment":[{"href":"https:\/\/medicina.udd.cl\/centro-medicina-regenerativa\/wp-json\/wp\/v2\/media?parent=230"}],"curies":[{"name":"wp","href":"https:\/\/api.w.org\/{rel}","templated":true}]}}