{"id":2576,"date":"2017-11-06T08:40:36","date_gmt":"2017-11-06T11:40:36","guid":{"rendered":"http:\/\/medicina.udd.cl\/centro-medicina-regenerativa\/?page_id=2576"},"modified":"2021-04-14T11:07:23","modified_gmt":"2021-04-14T15:07:23","slug":"plataforma-ips","status":"publish","type":"page","link":"https:\/\/medicina.udd.cl\/centro-medicina-regenerativa\/que-hacemos\/plataforma-ips\/","title":{"rendered":"Plataforma iPS"},"content":{"rendered":"\n<p>Las c\u00e9lulas madres pluripotentes inducidas (iPSC; del ingl\u00e9s <u>I<\/u>nduced <u>p<\/u>luripotent <u>s<\/u>tem <u>c<\/u>ells) son c\u00e9lulas madre generadas mediante la reprogramaci\u00f3n de c\u00e9lulas adultas, c\u00f3mo las c\u00e9lulas de la piel o de la sangre, por lo que a pesar de tener propiedades casi id\u00e9nticas a las c\u00e9lulas embrionarias, no plantean un dilema \u00e9tico.<\/p>\n\n\n\n<p>Las iPSC pueden autorenovarse y adem\u00e1s tienen el potencial para diferenciarse a todos los tipos celulares de un individuo adulto, como por ejemplo a c\u00e9lulas beta productoras de insulina o a neuronas. Estas dos propiedades hacen que las iPSC sean una fuente ilimitada de c\u00e9lulas \u00fatiles para un sinf\u00edn de prop\u00f3sitos terap\u00e9uticos y de investigaci\u00f3n b\u00e1sica,&nbsp; lo que abre oportunidades enormes en el \u00e1rea de la medicina regenerativa.<\/p>\n\n\n\n<p>Desde el a\u00f1o 2016, el Centro de Medicina Regenerativa de la Facultad de Medicina Cl\u00ednica Alemana Universidad del Desarrollo est\u00e1 montando una plataforma con el objetivo de generar iPSC a partir de c\u00e9lulas adultas obtenidas de pacientes chilenos para abrir y potenciar nuevas l\u00edneas de investigaci\u00f3n y establecer colaboraciones con otros laboratorios nacionales e internacionales.<\/p>\n\n\n\n<p>Esta plataforma es uno de los primeros laboratorios del pa\u00eds en trabajar con iPSC e involucr\u00f3 la construcci\u00f3n de un laboratorio destinado solo a la reprogramaci\u00f3n hac\u00eda&nbsp; iPSC y la capacitaci\u00f3n de dos de nuestros investigadores en el iPS Core Facility de Harvard University y en el Duke iPSC Shared Resource Facility de Duke University.<\/p>\n\n\n\n<p>Esta plataforma, a su vez, nos permitir\u00e1 generar l\u00edneas de iPSC, usando tecnolog\u00edas de reprogramaci\u00f3n no integrativa como RNA y vectores episomales, que podr\u00e1n ser usadas para el modelamiento de enfermedades, y en el futuro eventualmente para terapias regenerativas.<\/p>\n\n\n\n<figure class=\"wp-block-gallery columns-4 is-cropped wp-block-gallery-1 is-layout-flex wp-block-gallery-is-layout-flex\"><ul class=\"blocks-gallery-grid\"><li class=\"blocks-gallery-item\"><figure><img loading=\"lazy\" decoding=\"async\" width=\"1152\" height=\"768\" src=\"https:\/\/medicina.udd.cl\/centro-medicina-regenerativa\/files\/2017\/11\/Agregados-tridimensionales-de-iPSC-cuerpos-embrionarios.jpg\" alt=\"\" data-id=\"2580\" class=\"wp-image-2580\" srcset=\"https:\/\/medicina.udd.cl\/centro-medicina-regenerativa\/files\/2017\/11\/Agregados-tridimensionales-de-iPSC-cuerpos-embrionarios.jpg 1152w, https:\/\/medicina.udd.cl\/centro-medicina-regenerativa\/files\/2017\/11\/Agregados-tridimensionales-de-iPSC-cuerpos-embrionarios-300x200.jpg 300w, https:\/\/medicina.udd.cl\/centro-medicina-regenerativa\/files\/2017\/11\/Agregados-tridimensionales-de-iPSC-cuerpos-embrionarios-768x512.jpg 768w, https:\/\/medicina.udd.cl\/centro-medicina-regenerativa\/files\/2017\/11\/Agregados-tridimensionales-de-iPSC-cuerpos-embrionarios-1024x683.jpg 1024w, https:\/\/medicina.udd.cl\/centro-medicina-regenerativa\/files\/2017\/11\/Agregados-tridimensionales-de-iPSC-cuerpos-embrionarios-960x640.jpg 960w\" sizes=\"auto, (max-width: 1152px) 100vw, 1152px\" \/><\/figure><\/li><li class=\"blocks-gallery-item\"><figure><img loading=\"lazy\" decoding=\"async\" width=\"464\" height=\"334\" src=\"https:\/\/medicina.udd.cl\/centro-medicina-regenerativa\/files\/2017\/11\/Caracterizaci\u00f3n-por-inmunofluorescencia-de-la-expresi\u00f3n-de-marcadores-de-c\u00e9lulas-embrionarias-en-colonias-de-iPSC.jpg\" alt=\"\" data-id=\"2581\" class=\"wp-image-2581\" srcset=\"https:\/\/medicina.udd.cl\/centro-medicina-regenerativa\/files\/2017\/11\/Caracterizaci\u00f3n-por-inmunofluorescencia-de-la-expresi\u00f3n-de-marcadores-de-c\u00e9lulas-embrionarias-en-colonias-de-iPSC.jpg 464w, https:\/\/medicina.udd.cl\/centro-medicina-regenerativa\/files\/2017\/11\/Caracterizaci\u00f3n-por-inmunofluorescencia-de-la-expresi\u00f3n-de-marcadores-de-c\u00e9lulas-embrionarias-en-colonias-de-iPSC-300x216.jpg 300w, https:\/\/medicina.udd.cl\/centro-medicina-regenerativa\/files\/2017\/11\/Caracterizaci\u00f3n-por-inmunofluorescencia-de-la-expresi\u00f3n-de-marcadores-de-c\u00e9lulas-embrionarias-en-colonias-de-iPSC-286x205.jpg 286w, https:\/\/medicina.udd.cl\/centro-medicina-regenerativa\/files\/2017\/11\/Caracterizaci\u00f3n-por-inmunofluorescencia-de-la-expresi\u00f3n-de-marcadores-de-c\u00e9lulas-embrionarias-en-colonias-de-iPSC-87x62.jpg 87w\" sizes=\"auto, (max-width: 464px) 100vw, 464px\" \/><\/figure><\/li><li class=\"blocks-gallery-item\"><figure><img loading=\"lazy\" decoding=\"async\" width=\"1344\" height=\"1024\" src=\"https:\/\/medicina.udd.cl\/centro-medicina-regenerativa\/files\/2017\/11\/Colonia-incipiente-de-iPSC-luego-de-la-reprogramaci\u00f3n.jpg\" alt=\"\" data-id=\"2582\" class=\"wp-image-2582\" srcset=\"https:\/\/medicina.udd.cl\/centro-medicina-regenerativa\/files\/2017\/11\/Colonia-incipiente-de-iPSC-luego-de-la-reprogramaci\u00f3n.jpg 1344w, https:\/\/medicina.udd.cl\/centro-medicina-regenerativa\/files\/2017\/11\/Colonia-incipiente-de-iPSC-luego-de-la-reprogramaci\u00f3n-300x229.jpg 300w, https:\/\/medicina.udd.cl\/centro-medicina-regenerativa\/files\/2017\/11\/Colonia-incipiente-de-iPSC-luego-de-la-reprogramaci\u00f3n-768x585.jpg 768w, https:\/\/medicina.udd.cl\/centro-medicina-regenerativa\/files\/2017\/11\/Colonia-incipiente-de-iPSC-luego-de-la-reprogramaci\u00f3n-1024x780.jpg 1024w, https:\/\/medicina.udd.cl\/centro-medicina-regenerativa\/files\/2017\/11\/Colonia-incipiente-de-iPSC-luego-de-la-reprogramaci\u00f3n-182x140.jpg 182w, https:\/\/medicina.udd.cl\/centro-medicina-regenerativa\/files\/2017\/11\/Colonia-incipiente-de-iPSC-luego-de-la-reprogramaci\u00f3n-960x731.jpg 960w\" sizes=\"auto, (max-width: 1344px) 100vw, 1344px\" \/><\/figure><\/li><li class=\"blocks-gallery-item\"><figure><img loading=\"lazy\" decoding=\"async\" width=\"1024\" height=\"780\" src=\"https:\/\/medicina.udd.cl\/centro-medicina-regenerativa\/files\/2017\/11\/Colonias-de-iPSC-en-expansi\u00f3n.jpg\" alt=\"\" data-id=\"2583\" class=\"wp-image-2583\" srcset=\"https:\/\/medicina.udd.cl\/centro-medicina-regenerativa\/files\/2017\/11\/Colonias-de-iPSC-en-expansi\u00f3n.jpg 1024w, https:\/\/medicina.udd.cl\/centro-medicina-regenerativa\/files\/2017\/11\/Colonias-de-iPSC-en-expansi\u00f3n-300x229.jpg 300w, https:\/\/medicina.udd.cl\/centro-medicina-regenerativa\/files\/2017\/11\/Colonias-de-iPSC-en-expansi\u00f3n-768x585.jpg 768w, https:\/\/medicina.udd.cl\/centro-medicina-regenerativa\/files\/2017\/11\/Colonias-de-iPSC-en-expansi\u00f3n-182x140.jpg 182w, https:\/\/medicina.udd.cl\/centro-medicina-regenerativa\/files\/2017\/11\/Colonias-de-iPSC-en-expansi\u00f3n-960x731.jpg 960w\" sizes=\"auto, (max-width: 1024px) 100vw, 1024px\" \/><\/figure><\/li><\/ul><\/figure>\n","protected":false},"excerpt":{"rendered":"<p>Las c\u00e9lulas madres pluripotentes inducidas (iPSC; del ingl\u00e9s Induced pluripotent stem cells) son c\u00e9lulas madre generadas mediante la reprogramaci\u00f3n de c\u00e9lulas adultas, c\u00f3mo las c\u00e9lulas de la piel o de la sangre, por lo que a pesar de tener propiedades casi id\u00e9nticas a las c\u00e9lulas embrionarias, no plantean un dilema \u00e9tico. Las iPSC pueden autorenovarse [&hellip;]<\/p>\n","protected":false},"author":42,"featured_media":0,"parent":114,"menu_order":0,"comment_status":"closed","ping_status":"closed","template":"","meta":{"footnotes":""},"class_list":["post-2576","page","type-page","status-publish","hentry"],"yoast_head":"<!-- This site is optimized with the Yoast SEO plugin v26.9 - https:\/\/yoast.com\/product\/yoast-seo-wordpress\/ -->\n<title>Plataforma iPS - Centro de Medicina Regenerativa<\/title>\n<meta name=\"robots\" content=\"index, follow, max-snippet:-1, max-image-preview:large, max-video-preview:-1\" \/>\n<link rel=\"canonical\" href=\"https:\/\/medicina.udd.cl\/centro-medicina-regenerativa\/que-hacemos\/plataforma-ips\/\" \/>\n<meta property=\"og:locale\" content=\"es_ES\" \/>\n<meta property=\"og:type\" content=\"article\" \/>\n<meta property=\"og:title\" content=\"Plataforma iPS - Centro de Medicina Regenerativa\" \/>\n<meta property=\"og:description\" content=\"Las c\u00e9lulas madres pluripotentes inducidas (iPSC; del ingl\u00e9s Induced pluripotent stem cells) son c\u00e9lulas madre generadas mediante la reprogramaci\u00f3n de c\u00e9lulas adultas, c\u00f3mo las c\u00e9lulas de la piel o de la sangre, por lo que a pesar de tener propiedades casi id\u00e9nticas a las c\u00e9lulas embrionarias, no plantean un dilema \u00e9tico. Las iPSC pueden autorenovarse [&hellip;]\" \/>\n<meta property=\"og:url\" content=\"https:\/\/medicina.udd.cl\/centro-medicina-regenerativa\/que-hacemos\/plataforma-ips\/\" \/>\n<meta property=\"og:site_name\" content=\"Centro de Medicina Regenerativa\" \/>\n<meta property=\"article:modified_time\" content=\"2021-04-14T15:07:23+00:00\" \/>\n<meta property=\"og:image\" content=\"https:\/\/medicina.udd.cl\/centro-medicina-regenerativa\/files\/2017\/11\/Agregados-tridimensionales-de-iPSC-cuerpos-embrionarios.jpg\" \/>\n<meta name=\"twitter:label1\" content=\"Tiempo de lectura\" \/>\n\t<meta name=\"twitter:data1\" content=\"2 minutos\" \/>\n<script type=\"application\/ld+json\" class=\"yoast-schema-graph\">{\"@context\":\"https:\/\/schema.org\",\"@graph\":[{\"@type\":\"WebPage\",\"@id\":\"https:\/\/medicina.udd.cl\/centro-medicina-regenerativa\/que-hacemos\/plataforma-ips\/\",\"url\":\"https:\/\/medicina.udd.cl\/centro-medicina-regenerativa\/que-hacemos\/plataforma-ips\/\",\"name\":\"Plataforma iPS - Centro de Medicina Regenerativa\",\"isPartOf\":{\"@id\":\"https:\/\/medicina.udd.cl\/centro-medicina-regenerativa\/#website\"},\"primaryImageOfPage\":{\"@id\":\"https:\/\/medicina.udd.cl\/centro-medicina-regenerativa\/que-hacemos\/plataforma-ips\/#primaryimage\"},\"image\":{\"@id\":\"https:\/\/medicina.udd.cl\/centro-medicina-regenerativa\/que-hacemos\/plataforma-ips\/#primaryimage\"},\"thumbnailUrl\":\"https:\/\/medicina.udd.cl\/centro-medicina-regenerativa\/files\/2017\/11\/Agregados-tridimensionales-de-iPSC-cuerpos-embrionarios.jpg\",\"datePublished\":\"2017-11-06T11:40:36+00:00\",\"dateModified\":\"2021-04-14T15:07:23+00:00\",\"breadcrumb\":{\"@id\":\"https:\/\/medicina.udd.cl\/centro-medicina-regenerativa\/que-hacemos\/plataforma-ips\/#breadcrumb\"},\"inLanguage\":\"es\",\"potentialAction\":[{\"@type\":\"ReadAction\",\"target\":[\"https:\/\/medicina.udd.cl\/centro-medicina-regenerativa\/que-hacemos\/plataforma-ips\/\"]}]},{\"@type\":\"ImageObject\",\"inLanguage\":\"es\",\"@id\":\"https:\/\/medicina.udd.cl\/centro-medicina-regenerativa\/que-hacemos\/plataforma-ips\/#primaryimage\",\"url\":\"https:\/\/medicina.udd.cl\/centro-medicina-regenerativa\/files\/2017\/11\/Agregados-tridimensionales-de-iPSC-cuerpos-embrionarios.jpg\",\"contentUrl\":\"https:\/\/medicina.udd.cl\/centro-medicina-regenerativa\/files\/2017\/11\/Agregados-tridimensionales-de-iPSC-cuerpos-embrionarios.jpg\",\"width\":1152,\"height\":768},{\"@type\":\"BreadcrumbList\",\"@id\":\"https:\/\/medicina.udd.cl\/centro-medicina-regenerativa\/que-hacemos\/plataforma-ips\/#breadcrumb\",\"itemListElement\":[{\"@type\":\"ListItem\",\"position\":1,\"name\":\"Inicio\",\"item\":\"https:\/\/medicina.udd.cl\/centro-medicina-regenerativa\/\"},{\"@type\":\"ListItem\",\"position\":2,\"name\":\"Qu\u00e9 hacemos\",\"item\":\"https:\/\/medicina.udd.cl\/centro-medicina-regenerativa\/que-hacemos\/\"},{\"@type\":\"ListItem\",\"position\":3,\"name\":\"Plataforma iPS\"}]},{\"@type\":\"WebSite\",\"@id\":\"https:\/\/medicina.udd.cl\/centro-medicina-regenerativa\/#website\",\"url\":\"https:\/\/medicina.udd.cl\/centro-medicina-regenerativa\/\",\"name\":\"Centro de Medicina Regenerativa\",\"description\":\"\",\"inLanguage\":\"es\"}]}<\/script>\n<!-- \/ Yoast SEO plugin. -->","yoast_head_json":{"title":"Plataforma iPS - Centro de Medicina Regenerativa","robots":{"index":"index","follow":"follow","max-snippet":"max-snippet:-1","max-image-preview":"max-image-preview:large","max-video-preview":"max-video-preview:-1"},"canonical":"https:\/\/medicina.udd.cl\/centro-medicina-regenerativa\/que-hacemos\/plataforma-ips\/","og_locale":"es_ES","og_type":"article","og_title":"Plataforma iPS - Centro de Medicina Regenerativa","og_description":"Las c\u00e9lulas madres pluripotentes inducidas (iPSC; del ingl\u00e9s Induced pluripotent stem cells) son c\u00e9lulas madre generadas mediante la reprogramaci\u00f3n de c\u00e9lulas adultas, c\u00f3mo las c\u00e9lulas de la piel o de la sangre, por lo que a pesar de tener propiedades casi id\u00e9nticas a las c\u00e9lulas embrionarias, no plantean un dilema \u00e9tico. Las iPSC pueden autorenovarse [&hellip;]","og_url":"https:\/\/medicina.udd.cl\/centro-medicina-regenerativa\/que-hacemos\/plataforma-ips\/","og_site_name":"Centro de Medicina Regenerativa","article_modified_time":"2021-04-14T15:07:23+00:00","og_image":[{"url":"https:\/\/medicina.udd.cl\/centro-medicina-regenerativa\/files\/2017\/11\/Agregados-tridimensionales-de-iPSC-cuerpos-embrionarios.jpg","type":"","width":"","height":""}],"twitter_misc":{"Tiempo de lectura":"2 minutos"},"schema":{"@context":"https:\/\/schema.org","@graph":[{"@type":"WebPage","@id":"https:\/\/medicina.udd.cl\/centro-medicina-regenerativa\/que-hacemos\/plataforma-ips\/","url":"https:\/\/medicina.udd.cl\/centro-medicina-regenerativa\/que-hacemos\/plataforma-ips\/","name":"Plataforma iPS - Centro de Medicina Regenerativa","isPartOf":{"@id":"https:\/\/medicina.udd.cl\/centro-medicina-regenerativa\/#website"},"primaryImageOfPage":{"@id":"https:\/\/medicina.udd.cl\/centro-medicina-regenerativa\/que-hacemos\/plataforma-ips\/#primaryimage"},"image":{"@id":"https:\/\/medicina.udd.cl\/centro-medicina-regenerativa\/que-hacemos\/plataforma-ips\/#primaryimage"},"thumbnailUrl":"https:\/\/medicina.udd.cl\/centro-medicina-regenerativa\/files\/2017\/11\/Agregados-tridimensionales-de-iPSC-cuerpos-embrionarios.jpg","datePublished":"2017-11-06T11:40:36+00:00","dateModified":"2021-04-14T15:07:23+00:00","breadcrumb":{"@id":"https:\/\/medicina.udd.cl\/centro-medicina-regenerativa\/que-hacemos\/plataforma-ips\/#breadcrumb"},"inLanguage":"es","potentialAction":[{"@type":"ReadAction","target":["https:\/\/medicina.udd.cl\/centro-medicina-regenerativa\/que-hacemos\/plataforma-ips\/"]}]},{"@type":"ImageObject","inLanguage":"es","@id":"https:\/\/medicina.udd.cl\/centro-medicina-regenerativa\/que-hacemos\/plataforma-ips\/#primaryimage","url":"https:\/\/medicina.udd.cl\/centro-medicina-regenerativa\/files\/2017\/11\/Agregados-tridimensionales-de-iPSC-cuerpos-embrionarios.jpg","contentUrl":"https:\/\/medicina.udd.cl\/centro-medicina-regenerativa\/files\/2017\/11\/Agregados-tridimensionales-de-iPSC-cuerpos-embrionarios.jpg","width":1152,"height":768},{"@type":"BreadcrumbList","@id":"https:\/\/medicina.udd.cl\/centro-medicina-regenerativa\/que-hacemos\/plataforma-ips\/#breadcrumb","itemListElement":[{"@type":"ListItem","position":1,"name":"Inicio","item":"https:\/\/medicina.udd.cl\/centro-medicina-regenerativa\/"},{"@type":"ListItem","position":2,"name":"Qu\u00e9 hacemos","item":"https:\/\/medicina.udd.cl\/centro-medicina-regenerativa\/que-hacemos\/"},{"@type":"ListItem","position":3,"name":"Plataforma iPS"}]},{"@type":"WebSite","@id":"https:\/\/medicina.udd.cl\/centro-medicina-regenerativa\/#website","url":"https:\/\/medicina.udd.cl\/centro-medicina-regenerativa\/","name":"Centro de Medicina Regenerativa","description":"","inLanguage":"es"}]}},"_links":{"self":[{"href":"https:\/\/medicina.udd.cl\/centro-medicina-regenerativa\/wp-json\/wp\/v2\/pages\/2576","targetHints":{"allow":["GET"]}}],"collection":[{"href":"https:\/\/medicina.udd.cl\/centro-medicina-regenerativa\/wp-json\/wp\/v2\/pages"}],"about":[{"href":"https:\/\/medicina.udd.cl\/centro-medicina-regenerativa\/wp-json\/wp\/v2\/types\/page"}],"author":[{"embeddable":true,"href":"https:\/\/medicina.udd.cl\/centro-medicina-regenerativa\/wp-json\/wp\/v2\/users\/42"}],"replies":[{"embeddable":true,"href":"https:\/\/medicina.udd.cl\/centro-medicina-regenerativa\/wp-json\/wp\/v2\/comments?post=2576"}],"version-history":[{"count":5,"href":"https:\/\/medicina.udd.cl\/centro-medicina-regenerativa\/wp-json\/wp\/v2\/pages\/2576\/revisions"}],"predecessor-version":[{"id":3099,"href":"https:\/\/medicina.udd.cl\/centro-medicina-regenerativa\/wp-json\/wp\/v2\/pages\/2576\/revisions\/3099"}],"up":[{"embeddable":true,"href":"https:\/\/medicina.udd.cl\/centro-medicina-regenerativa\/wp-json\/wp\/v2\/pages\/114"}],"wp:attachment":[{"href":"https:\/\/medicina.udd.cl\/centro-medicina-regenerativa\/wp-json\/wp\/v2\/media?parent=2576"}],"curies":[{"name":"wp","href":"https:\/\/api.w.org\/{rel}","templated":true}]}}