{"id":59,"date":"2010-06-07T14:02:57","date_gmt":"2010-06-07T18:02:57","guid":{"rendered":"http:\/\/medicina.udd.cl\/instituto-ciencias\/estudios-propios\/"},"modified":"2012-01-16T10:00:40","modified_gmt":"2012-01-16T13:00:40","slug":"estudios-propios","status":"publish","type":"page","link":"https:\/\/medicina.udd.cl\/centro-medicina-regenerativa\/que-hacemos\/estudios\/estudios-propios\/","title":{"rendered":"Estudios propios"},"content":{"rendered":"<p style=\"text-align: justify;\">1. \u201cCerveza y Salud\u201d (Conget, P) (2010)<br \/>\nAsociaci\u00f3n Chilena de Productores de Cerveza\u2013Chile. En Ejecuci\u00f3n<\/p>\n<p style=\"text-align: justify;\">2. Selecci\u00f3n de espermatozoides libres de VIH para ser utilizado en reproducci\u00f3n asistida en parejas discordantes. (Martinez, J; Erranz, B; Conget, P). En Ejecuci\u00f3n<\/p>\n<p style=\"text-align: justify;\">3. \u201cCerveza y enfermedades cr\u00f3nicas\u201d (2008-2009) (Conget, P) Asociaci\u00f3n Chilena de Productores de Cerveza\u2013Chile.<\/p>\n<p style=\"text-align: justify;\">4. \u201cDiagn\u00f3stico Molecular de Loque Americana\u201d (2007-2008) (Mart\u00ednez, J) Externo N\u00facleo Milenio Ecolog\u00eda Microbiana y Biotecnolog\u00eda Ambiental.<\/p>\n","protected":false},"excerpt":{"rendered":"<p>1. \u201cCerveza y Salud\u201d (Conget, P) (2010) Asociaci\u00f3n Chilena de Productores de Cerveza\u2013Chile. En Ejecuci\u00f3n 2. Selecci\u00f3n de espermatozoides libres de VIH para ser utilizado en reproducci\u00f3n asistida en parejas discordantes. (Martinez, J; Erranz, B; Conget, P). En Ejecuci\u00f3n 3. \u201cCerveza y enfermedades cr\u00f3nicas\u201d (2008-2009) (Conget, P) Asociaci\u00f3n Chilena de Productores de Cerveza\u2013Chile. 4. \u201cDiagn\u00f3stico [&hellip;]<\/p>\n","protected":false},"author":1,"featured_media":0,"parent":58,"menu_order":0,"comment_status":"open","ping_status":"open","template":"wide-default.php","meta":{"footnotes":""},"class_list":["post-59","page","type-page","status-publish","hentry"],"yoast_head":"<!-- This site is optimized with the Yoast SEO plugin v26.9 - https:\/\/yoast.com\/product\/yoast-seo-wordpress\/ -->\n<title>Estudios propios - Centro de Medicina Regenerativa<\/title>\n<meta name=\"robots\" content=\"index, follow, max-snippet:-1, max-image-preview:large, max-video-preview:-1\" \/>\n<link rel=\"canonical\" href=\"https:\/\/medicina.udd.cl\/centro-medicina-regenerativa\/que-hacemos\/estudios\/estudios-propios\/\" \/>\n<meta property=\"og:locale\" content=\"es_ES\" \/>\n<meta property=\"og:type\" content=\"article\" \/>\n<meta property=\"og:title\" content=\"Estudios propios - Centro de Medicina Regenerativa\" \/>\n<meta property=\"og:description\" content=\"1. \u201cCerveza y Salud\u201d (Conget, P) (2010) Asociaci\u00f3n Chilena de Productores de Cerveza\u2013Chile. En Ejecuci\u00f3n 2. Selecci\u00f3n de espermatozoides libres de VIH para ser utilizado en reproducci\u00f3n asistida en parejas discordantes. (Martinez, J; Erranz, B; Conget, P). En Ejecuci\u00f3n 3. \u201cCerveza y enfermedades cr\u00f3nicas\u201d (2008-2009) (Conget, P) Asociaci\u00f3n Chilena de Productores de Cerveza\u2013Chile. 4. \u201cDiagn\u00f3stico [&hellip;]\" \/>\n<meta property=\"og:url\" content=\"https:\/\/medicina.udd.cl\/centro-medicina-regenerativa\/que-hacemos\/estudios\/estudios-propios\/\" \/>\n<meta property=\"og:site_name\" content=\"Centro de Medicina Regenerativa\" \/>\n<meta property=\"article:modified_time\" content=\"2012-01-16T13:00:40+00:00\" \/>\n<script type=\"application\/ld+json\" class=\"yoast-schema-graph\">{\"@context\":\"https:\/\/schema.org\",\"@graph\":[{\"@type\":\"WebPage\",\"@id\":\"https:\/\/medicina.udd.cl\/centro-medicina-regenerativa\/que-hacemos\/estudios\/estudios-propios\/\",\"url\":\"https:\/\/medicina.udd.cl\/centro-medicina-regenerativa\/que-hacemos\/estudios\/estudios-propios\/\",\"name\":\"Estudios propios - Centro de Medicina Regenerativa\",\"isPartOf\":{\"@id\":\"https:\/\/medicina.udd.cl\/centro-medicina-regenerativa\/#website\"},\"datePublished\":\"2010-06-07T18:02:57+00:00\",\"dateModified\":\"2012-01-16T13:00:40+00:00\",\"breadcrumb\":{\"@id\":\"https:\/\/medicina.udd.cl\/centro-medicina-regenerativa\/que-hacemos\/estudios\/estudios-propios\/#breadcrumb\"},\"inLanguage\":\"es\",\"potentialAction\":[{\"@type\":\"ReadAction\",\"target\":[\"https:\/\/medicina.udd.cl\/centro-medicina-regenerativa\/que-hacemos\/estudios\/estudios-propios\/\"]}]},{\"@type\":\"BreadcrumbList\",\"@id\":\"https:\/\/medicina.udd.cl\/centro-medicina-regenerativa\/que-hacemos\/estudios\/estudios-propios\/#breadcrumb\",\"itemListElement\":[{\"@type\":\"ListItem\",\"position\":1,\"name\":\"Inicio\",\"item\":\"https:\/\/medicina.udd.cl\/centro-medicina-regenerativa\/\"},{\"@type\":\"ListItem\",\"position\":2,\"name\":\"Qu\u00e9 hacemos\",\"item\":\"https:\/\/medicina.udd.cl\/centro-medicina-regenerativa\/que-hacemos\/\"},{\"@type\":\"ListItem\",\"position\":3,\"name\":\"Estudios\",\"item\":\"https:\/\/medicina.udd.cl\/centro-medicina-regenerativa\/que-hacemos\/estudios\/\"},{\"@type\":\"ListItem\",\"position\":4,\"name\":\"Estudios propios\"}]},{\"@type\":\"WebSite\",\"@id\":\"https:\/\/medicina.udd.cl\/centro-medicina-regenerativa\/#website\",\"url\":\"https:\/\/medicina.udd.cl\/centro-medicina-regenerativa\/\",\"name\":\"Centro de Medicina Regenerativa\",\"description\":\"\",\"inLanguage\":\"es\"}]}<\/script>\n<!-- \/ Yoast SEO plugin. -->","yoast_head_json":{"title":"Estudios propios - Centro de Medicina Regenerativa","robots":{"index":"index","follow":"follow","max-snippet":"max-snippet:-1","max-image-preview":"max-image-preview:large","max-video-preview":"max-video-preview:-1"},"canonical":"https:\/\/medicina.udd.cl\/centro-medicina-regenerativa\/que-hacemos\/estudios\/estudios-propios\/","og_locale":"es_ES","og_type":"article","og_title":"Estudios propios - Centro de Medicina Regenerativa","og_description":"1. \u201cCerveza y Salud\u201d (Conget, P) (2010) Asociaci\u00f3n Chilena de Productores de Cerveza\u2013Chile. En Ejecuci\u00f3n 2. Selecci\u00f3n de espermatozoides libres de VIH para ser utilizado en reproducci\u00f3n asistida en parejas discordantes. (Martinez, J; Erranz, B; Conget, P). En Ejecuci\u00f3n 3. \u201cCerveza y enfermedades cr\u00f3nicas\u201d (2008-2009) (Conget, P) Asociaci\u00f3n Chilena de Productores de Cerveza\u2013Chile. 4. \u201cDiagn\u00f3stico [&hellip;]","og_url":"https:\/\/medicina.udd.cl\/centro-medicina-regenerativa\/que-hacemos\/estudios\/estudios-propios\/","og_site_name":"Centro de Medicina Regenerativa","article_modified_time":"2012-01-16T13:00:40+00:00","schema":{"@context":"https:\/\/schema.org","@graph":[{"@type":"WebPage","@id":"https:\/\/medicina.udd.cl\/centro-medicina-regenerativa\/que-hacemos\/estudios\/estudios-propios\/","url":"https:\/\/medicina.udd.cl\/centro-medicina-regenerativa\/que-hacemos\/estudios\/estudios-propios\/","name":"Estudios propios - Centro de Medicina Regenerativa","isPartOf":{"@id":"https:\/\/medicina.udd.cl\/centro-medicina-regenerativa\/#website"},"datePublished":"2010-06-07T18:02:57+00:00","dateModified":"2012-01-16T13:00:40+00:00","breadcrumb":{"@id":"https:\/\/medicina.udd.cl\/centro-medicina-regenerativa\/que-hacemos\/estudios\/estudios-propios\/#breadcrumb"},"inLanguage":"es","potentialAction":[{"@type":"ReadAction","target":["https:\/\/medicina.udd.cl\/centro-medicina-regenerativa\/que-hacemos\/estudios\/estudios-propios\/"]}]},{"@type":"BreadcrumbList","@id":"https:\/\/medicina.udd.cl\/centro-medicina-regenerativa\/que-hacemos\/estudios\/estudios-propios\/#breadcrumb","itemListElement":[{"@type":"ListItem","position":1,"name":"Inicio","item":"https:\/\/medicina.udd.cl\/centro-medicina-regenerativa\/"},{"@type":"ListItem","position":2,"name":"Qu\u00e9 hacemos","item":"https:\/\/medicina.udd.cl\/centro-medicina-regenerativa\/que-hacemos\/"},{"@type":"ListItem","position":3,"name":"Estudios","item":"https:\/\/medicina.udd.cl\/centro-medicina-regenerativa\/que-hacemos\/estudios\/"},{"@type":"ListItem","position":4,"name":"Estudios propios"}]},{"@type":"WebSite","@id":"https:\/\/medicina.udd.cl\/centro-medicina-regenerativa\/#website","url":"https:\/\/medicina.udd.cl\/centro-medicina-regenerativa\/","name":"Centro de Medicina Regenerativa","description":"","inLanguage":"es"}]}},"_links":{"self":[{"href":"https:\/\/medicina.udd.cl\/centro-medicina-regenerativa\/wp-json\/wp\/v2\/pages\/59","targetHints":{"allow":["GET"]}}],"collection":[{"href":"https:\/\/medicina.udd.cl\/centro-medicina-regenerativa\/wp-json\/wp\/v2\/pages"}],"about":[{"href":"https:\/\/medicina.udd.cl\/centro-medicina-regenerativa\/wp-json\/wp\/v2\/types\/page"}],"author":[{"embeddable":true,"href":"https:\/\/medicina.udd.cl\/centro-medicina-regenerativa\/wp-json\/wp\/v2\/users\/1"}],"replies":[{"embeddable":true,"href":"https:\/\/medicina.udd.cl\/centro-medicina-regenerativa\/wp-json\/wp\/v2\/comments?post=59"}],"version-history":[{"count":3,"href":"https:\/\/medicina.udd.cl\/centro-medicina-regenerativa\/wp-json\/wp\/v2\/pages\/59\/revisions"}],"predecessor-version":[{"id":574,"href":"https:\/\/medicina.udd.cl\/centro-medicina-regenerativa\/wp-json\/wp\/v2\/pages\/59\/revisions\/574"}],"up":[{"embeddable":true,"href":"https:\/\/medicina.udd.cl\/centro-medicina-regenerativa\/wp-json\/wp\/v2\/pages\/58"}],"wp:attachment":[{"href":"https:\/\/medicina.udd.cl\/centro-medicina-regenerativa\/wp-json\/wp\/v2\/media?parent=59"}],"curies":[{"name":"wp","href":"https:\/\/api.w.org\/{rel}","templated":true}]}}