{"id":97,"date":"2010-06-11T09:54:26","date_gmt":"2010-06-11T13:54:26","guid":{"rendered":"http:\/\/medicina.udd.cl\/instituto-ciencias\/servicios\/"},"modified":"2016-06-30T12:53:59","modified_gmt":"2016-06-30T16:53:59","slug":"servicios","status":"publish","type":"page","link":"https:\/\/medicina.udd.cl\/centro-medicina-regenerativa\/servicios\/","title":{"rendered":"Servicios"},"content":{"rendered":"<ul>\n<li>\n<h3><a href=\"http:\/\/medicina.udd.cl\/centro-medicina-regenerativa\/servicios\/servicio-avanzado-de-citometria-de-flujo-sacf\"><strong>SERVICIO AVANZADO DE CITOMETR\u00cdA DE FLUJO (SACF)<\/strong><\/a><\/h3>\n<\/li>\n<li>\n<h3><a href=\"http:\/\/medicina.udd.cl\/centro-medicina-regenerativa\/servicios\/centro-de-estudios-pre-clinicos\"><strong>CENTRO DE ESTUDIOS PRE-CL\u00cdNICOS<\/strong><\/a><\/h3>\n<\/li>\n<li>\n<h3><strong><a href=\"http:\/\/medicina.udd.cl\/centro-medicina-regenerativa\/servicios\/centro-de-estudios-clinicos-fase-i\">CENTRO DE ESTUDIOS CL\u00cdNICOS FASE I<\/a><\/strong><\/h3>\n<\/li>\n<\/ul>\n","protected":false},"excerpt":{"rendered":"<p>SERVICIO AVANZADO DE CITOMETR\u00cdA DE FLUJO (SACF) CENTRO DE ESTUDIOS PRE-CL\u00cdNICOS CENTRO DE ESTUDIOS CL\u00cdNICOS FASE I<\/p>\n","protected":false},"author":1,"featured_media":0,"parent":0,"menu_order":0,"comment_status":"open","ping_status":"open","template":"","meta":{"footnotes":""},"class_list":["post-97","page","type-page","status-publish","hentry"],"yoast_head":"<!-- This site is optimized with the Yoast SEO plugin v26.9 - https:\/\/yoast.com\/product\/yoast-seo-wordpress\/ -->\n<title>Servicios - Centro de Medicina Regenerativa<\/title>\n<meta name=\"robots\" content=\"index, follow, max-snippet:-1, max-image-preview:large, max-video-preview:-1\" \/>\n<link rel=\"canonical\" href=\"https:\/\/medicina.udd.cl\/centro-medicina-regenerativa\/servicios\/\" \/>\n<meta property=\"og:locale\" content=\"es_ES\" \/>\n<meta property=\"og:type\" content=\"article\" \/>\n<meta property=\"og:title\" content=\"Servicios - Centro de Medicina Regenerativa\" \/>\n<meta property=\"og:description\" content=\"SERVICIO AVANZADO DE CITOMETR\u00cdA DE FLUJO (SACF) CENTRO DE ESTUDIOS PRE-CL\u00cdNICOS CENTRO DE ESTUDIOS CL\u00cdNICOS FASE I\" \/>\n<meta property=\"og:url\" content=\"https:\/\/medicina.udd.cl\/centro-medicina-regenerativa\/servicios\/\" \/>\n<meta property=\"og:site_name\" content=\"Centro de Medicina Regenerativa\" \/>\n<meta property=\"article:modified_time\" content=\"2016-06-30T16:53:59+00:00\" \/>\n<script type=\"application\/ld+json\" class=\"yoast-schema-graph\">{\"@context\":\"https:\/\/schema.org\",\"@graph\":[{\"@type\":\"WebPage\",\"@id\":\"https:\/\/medicina.udd.cl\/centro-medicina-regenerativa\/servicios\/\",\"url\":\"https:\/\/medicina.udd.cl\/centro-medicina-regenerativa\/servicios\/\",\"name\":\"Servicios - Centro de Medicina Regenerativa\",\"isPartOf\":{\"@id\":\"https:\/\/medicina.udd.cl\/centro-medicina-regenerativa\/#website\"},\"datePublished\":\"2010-06-11T13:54:26+00:00\",\"dateModified\":\"2016-06-30T16:53:59+00:00\",\"breadcrumb\":{\"@id\":\"https:\/\/medicina.udd.cl\/centro-medicina-regenerativa\/servicios\/#breadcrumb\"},\"inLanguage\":\"es\",\"potentialAction\":[{\"@type\":\"ReadAction\",\"target\":[\"https:\/\/medicina.udd.cl\/centro-medicina-regenerativa\/servicios\/\"]}]},{\"@type\":\"BreadcrumbList\",\"@id\":\"https:\/\/medicina.udd.cl\/centro-medicina-regenerativa\/servicios\/#breadcrumb\",\"itemListElement\":[{\"@type\":\"ListItem\",\"position\":1,\"name\":\"Inicio\",\"item\":\"https:\/\/medicina.udd.cl\/centro-medicina-regenerativa\/\"},{\"@type\":\"ListItem\",\"position\":2,\"name\":\"Servicios\"}]},{\"@type\":\"WebSite\",\"@id\":\"https:\/\/medicina.udd.cl\/centro-medicina-regenerativa\/#website\",\"url\":\"https:\/\/medicina.udd.cl\/centro-medicina-regenerativa\/\",\"name\":\"Centro de Medicina Regenerativa\",\"description\":\"\",\"inLanguage\":\"es\"}]}<\/script>\n<!-- \/ Yoast SEO plugin. -->","yoast_head_json":{"title":"Servicios - Centro de Medicina Regenerativa","robots":{"index":"index","follow":"follow","max-snippet":"max-snippet:-1","max-image-preview":"max-image-preview:large","max-video-preview":"max-video-preview:-1"},"canonical":"https:\/\/medicina.udd.cl\/centro-medicina-regenerativa\/servicios\/","og_locale":"es_ES","og_type":"article","og_title":"Servicios - Centro de Medicina Regenerativa","og_description":"SERVICIO AVANZADO DE CITOMETR\u00cdA DE FLUJO (SACF) CENTRO DE ESTUDIOS PRE-CL\u00cdNICOS CENTRO DE ESTUDIOS CL\u00cdNICOS FASE I","og_url":"https:\/\/medicina.udd.cl\/centro-medicina-regenerativa\/servicios\/","og_site_name":"Centro de Medicina Regenerativa","article_modified_time":"2016-06-30T16:53:59+00:00","schema":{"@context":"https:\/\/schema.org","@graph":[{"@type":"WebPage","@id":"https:\/\/medicina.udd.cl\/centro-medicina-regenerativa\/servicios\/","url":"https:\/\/medicina.udd.cl\/centro-medicina-regenerativa\/servicios\/","name":"Servicios - Centro de Medicina Regenerativa","isPartOf":{"@id":"https:\/\/medicina.udd.cl\/centro-medicina-regenerativa\/#website"},"datePublished":"2010-06-11T13:54:26+00:00","dateModified":"2016-06-30T16:53:59+00:00","breadcrumb":{"@id":"https:\/\/medicina.udd.cl\/centro-medicina-regenerativa\/servicios\/#breadcrumb"},"inLanguage":"es","potentialAction":[{"@type":"ReadAction","target":["https:\/\/medicina.udd.cl\/centro-medicina-regenerativa\/servicios\/"]}]},{"@type":"BreadcrumbList","@id":"https:\/\/medicina.udd.cl\/centro-medicina-regenerativa\/servicios\/#breadcrumb","itemListElement":[{"@type":"ListItem","position":1,"name":"Inicio","item":"https:\/\/medicina.udd.cl\/centro-medicina-regenerativa\/"},{"@type":"ListItem","position":2,"name":"Servicios"}]},{"@type":"WebSite","@id":"https:\/\/medicina.udd.cl\/centro-medicina-regenerativa\/#website","url":"https:\/\/medicina.udd.cl\/centro-medicina-regenerativa\/","name":"Centro de Medicina Regenerativa","description":"","inLanguage":"es"}]}},"_links":{"self":[{"href":"https:\/\/medicina.udd.cl\/centro-medicina-regenerativa\/wp-json\/wp\/v2\/pages\/97","targetHints":{"allow":["GET"]}}],"collection":[{"href":"https:\/\/medicina.udd.cl\/centro-medicina-regenerativa\/wp-json\/wp\/v2\/pages"}],"about":[{"href":"https:\/\/medicina.udd.cl\/centro-medicina-regenerativa\/wp-json\/wp\/v2\/types\/page"}],"author":[{"embeddable":true,"href":"https:\/\/medicina.udd.cl\/centro-medicina-regenerativa\/wp-json\/wp\/v2\/users\/1"}],"replies":[{"embeddable":true,"href":"https:\/\/medicina.udd.cl\/centro-medicina-regenerativa\/wp-json\/wp\/v2\/comments?post=97"}],"version-history":[{"count":26,"href":"https:\/\/medicina.udd.cl\/centro-medicina-regenerativa\/wp-json\/wp\/v2\/pages\/97\/revisions"}],"predecessor-version":[{"id":2318,"href":"https:\/\/medicina.udd.cl\/centro-medicina-regenerativa\/wp-json\/wp\/v2\/pages\/97\/revisions\/2318"}],"wp:attachment":[{"href":"https:\/\/medicina.udd.cl\/centro-medicina-regenerativa\/wp-json\/wp\/v2\/media?parent=97"}],"curies":[{"name":"wp","href":"https:\/\/api.w.org\/{rel}","templated":true}]}}