{"id":124,"date":"2013-08-20T16:40:22","date_gmt":"2013-08-20T20:40:22","guid":{"rendered":"http:\/\/medicina.udd.cl\/instituto-neurociencias-salud-mental\/?page_id=124"},"modified":"2015-02-25T14:54:42","modified_gmt":"2015-02-25T17:54:42","slug":"historia","status":"publish","type":"page","link":"https:\/\/medicina.udd.cl\/centro-neurociencias\/sobre-el-centro\/historia\/","title":{"rendered":"Historia"},"content":{"rendered":"<p>El <strong>Instituto de Neurociencia y Salud Mental (INCYSM)<\/strong> fue creado el 19 de septiembre de 2007 como Unidad Acad\u00e9mica de la Facultad de Medicina Cl\u00ednica Alemana \u2013 Universidad del Desarrollo\u00a0 a objeto de constituirse en \u00a0un n\u00facleo de investigaci\u00f3n, docencia\u00a0 y reflexi\u00f3n acad\u00e9mica en el \u00e1mbito de\u00a0 las Neurociencias.\u00a0\u00a0\u00a0 El INCYSM fue dirigido por el Dr Fernando Vergara Edwards desde su fundaci\u00f3n hasta el a\u00f1o 2012 y actualmente es dirigido por el <strong>Dr. Arnold Hoppe Wiegering.<\/strong><\/p>\n<p>El n\u00facleo central de investigadores del\u00a0 INCYSM\u00a0 est\u00e1 constituido por m\u00e9dicos del staff del Servicio de Neurolog\u00eda de Cl\u00ednica Alemana que han \u00a0desarrollando s\u00f3lidas l\u00edneas de investigaci\u00f3n en el \u00e1mbito de las neurociencias tanto cl\u00ednicas como b\u00e1sicas.\u00a0 Las l\u00edneas abarcan los \u00e1mbitos de la neurolog\u00eda vascular, neurofisiolog\u00eda, neurolog\u00eda cognitiva, neuro-oncologia<\/p>\n<p>Acorde con su misi\u00f3n el INCYSM ha promovido la colaboraci\u00f3n \u00a0tanto nacional como internacional a fin de potenciar permanentemente el uso m\u00e1s eficiente de los propios recursos de investigaci\u00f3n para\u00a0 la generaci\u00f3n de genuinas innovaciones.<\/p>\n<p>Desde el a\u00f1o 2009 se ha desarrollado una estrecha colaboraci\u00f3n con The George Institute de Sydney, Australia en la realizaci\u00f3n de investigaci\u00f3n cl\u00ednica cerebro-vascular. \u00a0Dicha colaboraci\u00f3n se inici\u00f3\u00a0 con el estudio INTERACT 2 en el cual nuestros investigadores asumieron el rol de coordinadores nacionales.\u00a0 Ha proseguido con el estudio ENCHANTED en el cual nuestros investigadores se han desempe\u00f1ado como coordinadores\u00a0 regionales para Latinoam\u00e9rica y actualmente se est\u00e1n desarrollando las\u00a0 primeras etapas del estudio HEADPOST , cuya concepci\u00f3n original fue local y que ha sido apoyada por\u00a0 The George Institute para ser llevado a ejecuci\u00f3n en un formato de estudio multic\u00e9ntrico internacional<\/p>\n<p>En base a los convenios de colaboraci\u00f3n establecidos por Cl\u00ednica Alemana se ha cultivado v\u00ednculos con Medizinischen Fakult\u00e4t und Klinikum der Universit\u00e4t Heidelberg, Alemania y\u00a0 Medizinischen Fakult\u00e4t der Ludwig Maximilian Universit\u00e4t, M\u00fcnchen, Alemania desarrollando iniciativas de formaci\u00f3n de postgrado y especializaci\u00f3n, proyectos de investigaci\u00f3n y de colaboraci\u00f3n acad\u00e9mica.<\/p>\n<p>Con la creaci\u00f3n del ICIM, el Instituto pas\u00f3 a llamarse Centro de Neurociencias.<\/p>\n","protected":false},"excerpt":{"rendered":"<p>Revisa la historia del Centro de Neurociencias.<\/p>\n","protected":false},"author":42,"featured_media":0,"parent":7,"menu_order":0,"comment_status":"open","ping_status":"open","template":"","meta":{"footnotes":""},"class_list":["post-124","page","type-page","status-publish","hentry"],"yoast_head":"<!-- This site is optimized with the Yoast SEO plugin v26.9 - https:\/\/yoast.com\/product\/yoast-seo-wordpress\/ -->\n<title>Historia - Centro de Neurociencias<\/title>\n<meta name=\"robots\" content=\"index, follow, max-snippet:-1, max-image-preview:large, max-video-preview:-1\" \/>\n<link rel=\"canonical\" href=\"https:\/\/medicina.udd.cl\/centro-neurociencias\/sobre-el-centro\/historia\/\" \/>\n<meta property=\"og:locale\" content=\"es_ES\" \/>\n<meta property=\"og:type\" content=\"article\" \/>\n<meta property=\"og:title\" content=\"Historia - Centro de Neurociencias\" \/>\n<meta property=\"og:description\" content=\"Revisa la historia del Centro de Neurociencias.\" \/>\n<meta property=\"og:url\" content=\"https:\/\/medicina.udd.cl\/centro-neurociencias\/sobre-el-centro\/historia\/\" \/>\n<meta property=\"og:site_name\" content=\"Centro de Neurociencias\" \/>\n<meta property=\"article:modified_time\" content=\"2015-02-25T17:54:42+00:00\" \/>\n<meta name=\"twitter:label1\" content=\"Tiempo de lectura\" \/>\n\t<meta name=\"twitter:data1\" content=\"2 minutos\" \/>\n<script type=\"application\/ld+json\" class=\"yoast-schema-graph\">{\"@context\":\"https:\/\/schema.org\",\"@graph\":[{\"@type\":\"WebPage\",\"@id\":\"https:\/\/medicina.udd.cl\/centro-neurociencias\/sobre-el-centro\/historia\/\",\"url\":\"https:\/\/medicina.udd.cl\/centro-neurociencias\/sobre-el-centro\/historia\/\",\"name\":\"Historia - Centro de Neurociencias\",\"isPartOf\":{\"@id\":\"https:\/\/medicina.udd.cl\/centro-neurociencias\/#website\"},\"datePublished\":\"2013-08-20T20:40:22+00:00\",\"dateModified\":\"2015-02-25T17:54:42+00:00\",\"breadcrumb\":{\"@id\":\"https:\/\/medicina.udd.cl\/centro-neurociencias\/sobre-el-centro\/historia\/#breadcrumb\"},\"inLanguage\":\"es\",\"potentialAction\":[{\"@type\":\"ReadAction\",\"target\":[\"https:\/\/medicina.udd.cl\/centro-neurociencias\/sobre-el-centro\/historia\/\"]}]},{\"@type\":\"BreadcrumbList\",\"@id\":\"https:\/\/medicina.udd.cl\/centro-neurociencias\/sobre-el-centro\/historia\/#breadcrumb\",\"itemListElement\":[{\"@type\":\"ListItem\",\"position\":1,\"name\":\"Facultad de Medicina\",\"item\":\"https:\/\/medicina.udd.cl\"},{\"@type\":\"ListItem\",\"position\":2,\"name\":\"ICIM\",\"item\":\"http:\/\/medicina.udd.cl\/icim\/\"},{\"@type\":\"ListItem\",\"position\":3,\"name\":\"Centro de Neurociencias\",\"item\":\"https:\/\/medicina.udd.cl\/centro-neurociencias\"},{\"@type\":\"ListItem\",\"position\":4,\"name\":\"Sobre el centro\",\"item\":\"https:\/\/medicina.udd.cl\/centro-neurociencias\/sobre-el-centro\/\"},{\"@type\":\"ListItem\",\"position\":5,\"name\":\"Historia\"}]},{\"@type\":\"WebSite\",\"@id\":\"https:\/\/medicina.udd.cl\/centro-neurociencias\/#website\",\"url\":\"https:\/\/medicina.udd.cl\/centro-neurociencias\/\",\"name\":\"Centro de Neurociencias\",\"description\":\"Otro blog m\u00e1s de Medicina\",\"potentialAction\":[{\"@type\":\"SearchAction\",\"target\":{\"@type\":\"EntryPoint\",\"urlTemplate\":\"https:\/\/medicina.udd.cl\/centro-neurociencias\/?s={search_term_string}\"},\"query-input\":{\"@type\":\"PropertyValueSpecification\",\"valueRequired\":true,\"valueName\":\"search_term_string\"}}],\"inLanguage\":\"es\"}]}<\/script>\n<!-- \/ Yoast SEO plugin. -->","yoast_head_json":{"title":"Historia - Centro de Neurociencias","robots":{"index":"index","follow":"follow","max-snippet":"max-snippet:-1","max-image-preview":"max-image-preview:large","max-video-preview":"max-video-preview:-1"},"canonical":"https:\/\/medicina.udd.cl\/centro-neurociencias\/sobre-el-centro\/historia\/","og_locale":"es_ES","og_type":"article","og_title":"Historia - Centro de Neurociencias","og_description":"Revisa la historia del Centro de Neurociencias.","og_url":"https:\/\/medicina.udd.cl\/centro-neurociencias\/sobre-el-centro\/historia\/","og_site_name":"Centro de Neurociencias","article_modified_time":"2015-02-25T17:54:42+00:00","twitter_misc":{"Tiempo de lectura":"2 minutos"},"schema":{"@context":"https:\/\/schema.org","@graph":[{"@type":"WebPage","@id":"https:\/\/medicina.udd.cl\/centro-neurociencias\/sobre-el-centro\/historia\/","url":"https:\/\/medicina.udd.cl\/centro-neurociencias\/sobre-el-centro\/historia\/","name":"Historia - Centro de Neurociencias","isPartOf":{"@id":"https:\/\/medicina.udd.cl\/centro-neurociencias\/#website"},"datePublished":"2013-08-20T20:40:22+00:00","dateModified":"2015-02-25T17:54:42+00:00","breadcrumb":{"@id":"https:\/\/medicina.udd.cl\/centro-neurociencias\/sobre-el-centro\/historia\/#breadcrumb"},"inLanguage":"es","potentialAction":[{"@type":"ReadAction","target":["https:\/\/medicina.udd.cl\/centro-neurociencias\/sobre-el-centro\/historia\/"]}]},{"@type":"BreadcrumbList","@id":"https:\/\/medicina.udd.cl\/centro-neurociencias\/sobre-el-centro\/historia\/#breadcrumb","itemListElement":[{"@type":"ListItem","position":1,"name":"Facultad de Medicina","item":"https:\/\/medicina.udd.cl"},{"@type":"ListItem","position":2,"name":"ICIM","item":"http:\/\/medicina.udd.cl\/icim\/"},{"@type":"ListItem","position":3,"name":"Centro de Neurociencias","item":"https:\/\/medicina.udd.cl\/centro-neurociencias"},{"@type":"ListItem","position":4,"name":"Sobre el centro","item":"https:\/\/medicina.udd.cl\/centro-neurociencias\/sobre-el-centro\/"},{"@type":"ListItem","position":5,"name":"Historia"}]},{"@type":"WebSite","@id":"https:\/\/medicina.udd.cl\/centro-neurociencias\/#website","url":"https:\/\/medicina.udd.cl\/centro-neurociencias\/","name":"Centro de Neurociencias","description":"Otro blog m\u00e1s de Medicina","potentialAction":[{"@type":"SearchAction","target":{"@type":"EntryPoint","urlTemplate":"https:\/\/medicina.udd.cl\/centro-neurociencias\/?s={search_term_string}"},"query-input":{"@type":"PropertyValueSpecification","valueRequired":true,"valueName":"search_term_string"}}],"inLanguage":"es"}]}},"_links":{"self":[{"href":"https:\/\/medicina.udd.cl\/centro-neurociencias\/wp-json\/wp\/v2\/pages\/124","targetHints":{"allow":["GET"]}}],"collection":[{"href":"https:\/\/medicina.udd.cl\/centro-neurociencias\/wp-json\/wp\/v2\/pages"}],"about":[{"href":"https:\/\/medicina.udd.cl\/centro-neurociencias\/wp-json\/wp\/v2\/types\/page"}],"author":[{"embeddable":true,"href":"https:\/\/medicina.udd.cl\/centro-neurociencias\/wp-json\/wp\/v2\/users\/42"}],"replies":[{"embeddable":true,"href":"https:\/\/medicina.udd.cl\/centro-neurociencias\/wp-json\/wp\/v2\/comments?post=124"}],"version-history":[{"count":3,"href":"https:\/\/medicina.udd.cl\/centro-neurociencias\/wp-json\/wp\/v2\/pages\/124\/revisions"}],"predecessor-version":[{"id":199,"href":"https:\/\/medicina.udd.cl\/centro-neurociencias\/wp-json\/wp\/v2\/pages\/124\/revisions\/199"}],"up":[{"embeddable":true,"href":"https:\/\/medicina.udd.cl\/centro-neurociencias\/wp-json\/wp\/v2\/pages\/7"}],"wp:attachment":[{"href":"https:\/\/medicina.udd.cl\/centro-neurociencias\/wp-json\/wp\/v2\/media?parent=124"}],"curies":[{"name":"wp","href":"https:\/\/api.w.org\/{rel}","templated":true}]}}