{"id":3,"date":"2010-04-06T12:16:29","date_gmt":"2010-04-06T16:16:29","guid":{"rendered":"http:\/\/medicina.udd.cl\/instituto-neurociencias-salud-publica\/proyectos\/"},"modified":"2015-02-25T14:52:47","modified_gmt":"2015-02-25T17:52:47","slug":"investigacion","status":"publish","type":"page","link":"https:\/\/medicina.udd.cl\/centro-neurociencias\/investigacion\/","title":{"rendered":"Investigaci\u00f3n"},"content":{"rendered":"<ul>\n<li>\n<div style=\"text-align: justify;\">Estudios cl\u00ednicos y epidemiol\u00f3gicos en enfermedad cerebrovascular. Este\u00a0 es un grupo activo de investigadores\u00a0 que est\u00e1 desarrollando proyectos en la evaluaci\u00f3n de nuevas terapias, aspectos cl\u00ednicos e instrumentales en el diagn\u00f3stico y pron\u00f3sticos de enfermedad\u00a0 cerebrovascular.<\/div>\n<\/li>\n<li>\n<div style=\"text-align: justify;\">Estudios neurofisiol\u00f3gicos del sistema nervioso perif\u00e9rico en investigaciones\u00a0 sobre dolor, especificad de receptores perif\u00e9ricos y conducci\u00f3n de fibras nerviosas.<\/div>\n<\/li>\n<li>\n<div style=\"text-align: justify;\">Demencias y enfermedades\u00a0 degenerativas. Hay proyectos en curso sobre neuropsicolog\u00eda de\u00a0 demencias y estudios con Resonancia Magn\u00e9tica en demencias frontotemporales. La enfermad de Parkinson constituye otro polo importante de investigaci\u00f3n\u00a0 donde\u00a0 se incluyen aspectos cl\u00ednicos, sociales y neurocirug\u00eda funcional.<\/div>\n<\/li>\n<li>En el \u00e1mbito de la Farmacogen\u00e9tica\u00a0<span style=\"text-align: justify;\">de psicof\u00e1rmacos, se est\u00e1n proyectando estudios en la poblaci\u00f3n chilena.<\/span><\/li>\n<\/ul>\n","protected":false},"excerpt":{"rendered":"<p>Dentro de las varias l\u00edneas de investigaci\u00f3n podemos mencionar las siguientes:<\/p>\n","protected":false},"author":1,"featured_media":0,"parent":0,"menu_order":0,"comment_status":"open","ping_status":"open","template":"","meta":{"footnotes":""},"class_list":["post-3","page","type-page","status-publish","hentry"],"yoast_head":"<!-- This site is optimized with the Yoast SEO plugin v26.9 - https:\/\/yoast.com\/product\/yoast-seo-wordpress\/ -->\n<title>Investigaci\u00f3n - Centro de Neurociencias<\/title>\n<meta name=\"robots\" content=\"index, follow, max-snippet:-1, max-image-preview:large, max-video-preview:-1\" \/>\n<link rel=\"canonical\" href=\"https:\/\/medicina.udd.cl\/centro-neurociencias\/investigacion\/\" \/>\n<meta property=\"og:locale\" content=\"es_ES\" \/>\n<meta property=\"og:type\" content=\"article\" \/>\n<meta property=\"og:title\" content=\"Investigaci\u00f3n - Centro de Neurociencias\" \/>\n<meta property=\"og:description\" content=\"Dentro de las varias l\u00edneas de investigaci\u00f3n podemos mencionar las siguientes:\" \/>\n<meta property=\"og:url\" content=\"https:\/\/medicina.udd.cl\/centro-neurociencias\/investigacion\/\" \/>\n<meta property=\"og:site_name\" content=\"Centro de Neurociencias\" \/>\n<meta property=\"article:modified_time\" content=\"2015-02-25T17:52:47+00:00\" \/>\n<meta name=\"twitter:label1\" content=\"Tiempo de lectura\" \/>\n\t<meta name=\"twitter:data1\" content=\"1 minuto\" \/>\n<script type=\"application\/ld+json\" class=\"yoast-schema-graph\">{\"@context\":\"https:\/\/schema.org\",\"@graph\":[{\"@type\":\"WebPage\",\"@id\":\"https:\/\/medicina.udd.cl\/centro-neurociencias\/investigacion\/\",\"url\":\"https:\/\/medicina.udd.cl\/centro-neurociencias\/investigacion\/\",\"name\":\"Investigaci\u00f3n - Centro de Neurociencias\",\"isPartOf\":{\"@id\":\"https:\/\/medicina.udd.cl\/centro-neurociencias\/#website\"},\"datePublished\":\"2010-04-06T16:16:29+00:00\",\"dateModified\":\"2015-02-25T17:52:47+00:00\",\"breadcrumb\":{\"@id\":\"https:\/\/medicina.udd.cl\/centro-neurociencias\/investigacion\/#breadcrumb\"},\"inLanguage\":\"es\",\"potentialAction\":[{\"@type\":\"ReadAction\",\"target\":[\"https:\/\/medicina.udd.cl\/centro-neurociencias\/investigacion\/\"]}]},{\"@type\":\"BreadcrumbList\",\"@id\":\"https:\/\/medicina.udd.cl\/centro-neurociencias\/investigacion\/#breadcrumb\",\"itemListElement\":[{\"@type\":\"ListItem\",\"position\":1,\"name\":\"Facultad de Medicina\",\"item\":\"https:\/\/medicina.udd.cl\"},{\"@type\":\"ListItem\",\"position\":2,\"name\":\"ICIM\",\"item\":\"http:\/\/medicina.udd.cl\/icim\/\"},{\"@type\":\"ListItem\",\"position\":3,\"name\":\"Centro de Neurociencias\",\"item\":\"https:\/\/medicina.udd.cl\/centro-neurociencias\"},{\"@type\":\"ListItem\",\"position\":4,\"name\":\"Investigaci\u00f3n\"}]},{\"@type\":\"WebSite\",\"@id\":\"https:\/\/medicina.udd.cl\/centro-neurociencias\/#website\",\"url\":\"https:\/\/medicina.udd.cl\/centro-neurociencias\/\",\"name\":\"Centro de Neurociencias\",\"description\":\"Otro blog m\u00e1s de Medicina\",\"potentialAction\":[{\"@type\":\"SearchAction\",\"target\":{\"@type\":\"EntryPoint\",\"urlTemplate\":\"https:\/\/medicina.udd.cl\/centro-neurociencias\/?s={search_term_string}\"},\"query-input\":{\"@type\":\"PropertyValueSpecification\",\"valueRequired\":true,\"valueName\":\"search_term_string\"}}],\"inLanguage\":\"es\"}]}<\/script>\n<!-- \/ Yoast SEO plugin. -->","yoast_head_json":{"title":"Investigaci\u00f3n - Centro de Neurociencias","robots":{"index":"index","follow":"follow","max-snippet":"max-snippet:-1","max-image-preview":"max-image-preview:large","max-video-preview":"max-video-preview:-1"},"canonical":"https:\/\/medicina.udd.cl\/centro-neurociencias\/investigacion\/","og_locale":"es_ES","og_type":"article","og_title":"Investigaci\u00f3n - Centro de Neurociencias","og_description":"Dentro de las varias l\u00edneas de investigaci\u00f3n podemos mencionar las siguientes:","og_url":"https:\/\/medicina.udd.cl\/centro-neurociencias\/investigacion\/","og_site_name":"Centro de Neurociencias","article_modified_time":"2015-02-25T17:52:47+00:00","twitter_misc":{"Tiempo de lectura":"1 minuto"},"schema":{"@context":"https:\/\/schema.org","@graph":[{"@type":"WebPage","@id":"https:\/\/medicina.udd.cl\/centro-neurociencias\/investigacion\/","url":"https:\/\/medicina.udd.cl\/centro-neurociencias\/investigacion\/","name":"Investigaci\u00f3n - Centro de Neurociencias","isPartOf":{"@id":"https:\/\/medicina.udd.cl\/centro-neurociencias\/#website"},"datePublished":"2010-04-06T16:16:29+00:00","dateModified":"2015-02-25T17:52:47+00:00","breadcrumb":{"@id":"https:\/\/medicina.udd.cl\/centro-neurociencias\/investigacion\/#breadcrumb"},"inLanguage":"es","potentialAction":[{"@type":"ReadAction","target":["https:\/\/medicina.udd.cl\/centro-neurociencias\/investigacion\/"]}]},{"@type":"BreadcrumbList","@id":"https:\/\/medicina.udd.cl\/centro-neurociencias\/investigacion\/#breadcrumb","itemListElement":[{"@type":"ListItem","position":1,"name":"Facultad de Medicina","item":"https:\/\/medicina.udd.cl"},{"@type":"ListItem","position":2,"name":"ICIM","item":"http:\/\/medicina.udd.cl\/icim\/"},{"@type":"ListItem","position":3,"name":"Centro de Neurociencias","item":"https:\/\/medicina.udd.cl\/centro-neurociencias"},{"@type":"ListItem","position":4,"name":"Investigaci\u00f3n"}]},{"@type":"WebSite","@id":"https:\/\/medicina.udd.cl\/centro-neurociencias\/#website","url":"https:\/\/medicina.udd.cl\/centro-neurociencias\/","name":"Centro de Neurociencias","description":"Otro blog m\u00e1s de Medicina","potentialAction":[{"@type":"SearchAction","target":{"@type":"EntryPoint","urlTemplate":"https:\/\/medicina.udd.cl\/centro-neurociencias\/?s={search_term_string}"},"query-input":{"@type":"PropertyValueSpecification","valueRequired":true,"valueName":"search_term_string"}}],"inLanguage":"es"}]}},"_links":{"self":[{"href":"https:\/\/medicina.udd.cl\/centro-neurociencias\/wp-json\/wp\/v2\/pages\/3","targetHints":{"allow":["GET"]}}],"collection":[{"href":"https:\/\/medicina.udd.cl\/centro-neurociencias\/wp-json\/wp\/v2\/pages"}],"about":[{"href":"https:\/\/medicina.udd.cl\/centro-neurociencias\/wp-json\/wp\/v2\/types\/page"}],"author":[{"embeddable":true,"href":"https:\/\/medicina.udd.cl\/centro-neurociencias\/wp-json\/wp\/v2\/users\/1"}],"replies":[{"embeddable":true,"href":"https:\/\/medicina.udd.cl\/centro-neurociencias\/wp-json\/wp\/v2\/comments?post=3"}],"version-history":[{"count":6,"href":"https:\/\/medicina.udd.cl\/centro-neurociencias\/wp-json\/wp\/v2\/pages\/3\/revisions"}],"predecessor-version":[{"id":196,"href":"https:\/\/medicina.udd.cl\/centro-neurociencias\/wp-json\/wp\/v2\/pages\/3\/revisions\/196"}],"wp:attachment":[{"href":"https:\/\/medicina.udd.cl\/centro-neurociencias\/wp-json\/wp\/v2\/media?parent=3"}],"curies":[{"name":"wp","href":"https:\/\/api.w.org\/{rel}","templated":true}]}}