{"id":8,"date":"2010-04-06T12:16:30","date_gmt":"2010-04-06T16:16:30","guid":{"rendered":"http:\/\/medicina.udd.cl\/instituto-neurociencias-salud-publica\/sobre-el-centro\/mision\/"},"modified":"2015-02-25T14:53:49","modified_gmt":"2015-02-25T17:53:49","slug":"mision","status":"publish","type":"page","link":"https:\/\/medicina.udd.cl\/centro-neurociencias\/sobre-el-centro\/mision\/","title":{"rendered":"Misi\u00f3n"},"content":{"rendered":"<p style=\"text-align: justify;\">El <strong>Centro de Neurociencias<\/strong>\u00a0realiza investigaci\u00f3n en el \u00e1rea de la neurolog\u00eda, psiquiatr\u00eda, neurocirug\u00eda y sicolog\u00eda de manera paralela y coordinada con la finalidad de establecer, adem\u00e1s, investigaciones transversales.<\/p>\n<p style=\"text-align: justify;\"><strong>Su misi\u00f3n es:<\/strong><\/p>\n<ul>\n<li>Promover la generaci\u00f3n de conocimiento a trav\u00e9s de investigaci\u00f3n cl\u00ednica y b\u00e1sica de excelencia en el \u00e1mbito de las neurociencias.<\/li>\n<li>Procurar la formaci\u00f3n de redes de colaboraci\u00f3n en investigaci\u00f3n cl\u00ednica y b\u00e1sica tanto nacional como internacional<\/li>\n<li>Impartir docencia de pre- y post-grado de excelencia en neurociencias y en las disciplinas cl\u00ednicas afines.<\/li>\n<li>Promover la reflexi\u00f3n y an\u00e1lisis en torno los problemas de salud neurol\u00f3gica y mental que aquejan a la poblaci\u00f3n chilena.<\/li>\n<li>Estimular la difusi\u00f3n del conocimiento de las neurociencias y de las bases neurol\u00f3gicas de la conducta humana en la sociedad.<\/li>\n<\/ul>\n","protected":false},"excerpt":{"rendered":"<p>Conoce la misi\u00f3n del Centro de Neurociencias.<\/p>\n","protected":false},"author":1,"featured_media":0,"parent":7,"menu_order":0,"comment_status":"open","ping_status":"open","template":"","meta":{"footnotes":""},"class_list":["post-8","page","type-page","status-publish","hentry"],"yoast_head":"<!-- This site is optimized with the Yoast SEO plugin v26.9 - https:\/\/yoast.com\/product\/yoast-seo-wordpress\/ -->\n<title>Misi\u00f3n - Centro de Neurociencias<\/title>\n<meta name=\"robots\" content=\"index, follow, max-snippet:-1, max-image-preview:large, max-video-preview:-1\" \/>\n<link rel=\"canonical\" href=\"https:\/\/medicina.udd.cl\/centro-neurociencias\/sobre-el-centro\/mision\/\" \/>\n<meta property=\"og:locale\" content=\"es_ES\" \/>\n<meta property=\"og:type\" content=\"article\" \/>\n<meta property=\"og:title\" content=\"Misi\u00f3n - Centro de Neurociencias\" \/>\n<meta property=\"og:description\" content=\"Conoce la misi\u00f3n del Centro de Neurociencias.\" \/>\n<meta property=\"og:url\" content=\"https:\/\/medicina.udd.cl\/centro-neurociencias\/sobre-el-centro\/mision\/\" \/>\n<meta property=\"og:site_name\" content=\"Centro de Neurociencias\" \/>\n<meta property=\"article:modified_time\" content=\"2015-02-25T17:53:49+00:00\" \/>\n<meta name=\"twitter:label1\" content=\"Tiempo de lectura\" \/>\n\t<meta name=\"twitter:data1\" content=\"1 minuto\" \/>\n<script type=\"application\/ld+json\" class=\"yoast-schema-graph\">{\"@context\":\"https:\/\/schema.org\",\"@graph\":[{\"@type\":\"WebPage\",\"@id\":\"https:\/\/medicina.udd.cl\/centro-neurociencias\/sobre-el-centro\/mision\/\",\"url\":\"https:\/\/medicina.udd.cl\/centro-neurociencias\/sobre-el-centro\/mision\/\",\"name\":\"Misi\u00f3n - Centro de Neurociencias\",\"isPartOf\":{\"@id\":\"https:\/\/medicina.udd.cl\/centro-neurociencias\/#website\"},\"datePublished\":\"2010-04-06T16:16:30+00:00\",\"dateModified\":\"2015-02-25T17:53:49+00:00\",\"breadcrumb\":{\"@id\":\"https:\/\/medicina.udd.cl\/centro-neurociencias\/sobre-el-centro\/mision\/#breadcrumb\"},\"inLanguage\":\"es\",\"potentialAction\":[{\"@type\":\"ReadAction\",\"target\":[\"https:\/\/medicina.udd.cl\/centro-neurociencias\/sobre-el-centro\/mision\/\"]}]},{\"@type\":\"BreadcrumbList\",\"@id\":\"https:\/\/medicina.udd.cl\/centro-neurociencias\/sobre-el-centro\/mision\/#breadcrumb\",\"itemListElement\":[{\"@type\":\"ListItem\",\"position\":1,\"name\":\"Facultad de Medicina\",\"item\":\"https:\/\/medicina.udd.cl\"},{\"@type\":\"ListItem\",\"position\":2,\"name\":\"ICIM\",\"item\":\"http:\/\/medicina.udd.cl\/icim\/\"},{\"@type\":\"ListItem\",\"position\":3,\"name\":\"Centro de Neurociencias\",\"item\":\"https:\/\/medicina.udd.cl\/centro-neurociencias\"},{\"@type\":\"ListItem\",\"position\":4,\"name\":\"Sobre el centro\",\"item\":\"https:\/\/medicina.udd.cl\/centro-neurociencias\/sobre-el-centro\/\"},{\"@type\":\"ListItem\",\"position\":5,\"name\":\"Misi\u00f3n\"}]},{\"@type\":\"WebSite\",\"@id\":\"https:\/\/medicina.udd.cl\/centro-neurociencias\/#website\",\"url\":\"https:\/\/medicina.udd.cl\/centro-neurociencias\/\",\"name\":\"Centro de Neurociencias\",\"description\":\"Otro blog m\u00e1s de Medicina\",\"potentialAction\":[{\"@type\":\"SearchAction\",\"target\":{\"@type\":\"EntryPoint\",\"urlTemplate\":\"https:\/\/medicina.udd.cl\/centro-neurociencias\/?s={search_term_string}\"},\"query-input\":{\"@type\":\"PropertyValueSpecification\",\"valueRequired\":true,\"valueName\":\"search_term_string\"}}],\"inLanguage\":\"es\"}]}<\/script>\n<!-- \/ Yoast SEO plugin. -->","yoast_head_json":{"title":"Misi\u00f3n - Centro de Neurociencias","robots":{"index":"index","follow":"follow","max-snippet":"max-snippet:-1","max-image-preview":"max-image-preview:large","max-video-preview":"max-video-preview:-1"},"canonical":"https:\/\/medicina.udd.cl\/centro-neurociencias\/sobre-el-centro\/mision\/","og_locale":"es_ES","og_type":"article","og_title":"Misi\u00f3n - Centro de Neurociencias","og_description":"Conoce la misi\u00f3n del Centro de Neurociencias.","og_url":"https:\/\/medicina.udd.cl\/centro-neurociencias\/sobre-el-centro\/mision\/","og_site_name":"Centro de Neurociencias","article_modified_time":"2015-02-25T17:53:49+00:00","twitter_misc":{"Tiempo de lectura":"1 minuto"},"schema":{"@context":"https:\/\/schema.org","@graph":[{"@type":"WebPage","@id":"https:\/\/medicina.udd.cl\/centro-neurociencias\/sobre-el-centro\/mision\/","url":"https:\/\/medicina.udd.cl\/centro-neurociencias\/sobre-el-centro\/mision\/","name":"Misi\u00f3n - Centro de Neurociencias","isPartOf":{"@id":"https:\/\/medicina.udd.cl\/centro-neurociencias\/#website"},"datePublished":"2010-04-06T16:16:30+00:00","dateModified":"2015-02-25T17:53:49+00:00","breadcrumb":{"@id":"https:\/\/medicina.udd.cl\/centro-neurociencias\/sobre-el-centro\/mision\/#breadcrumb"},"inLanguage":"es","potentialAction":[{"@type":"ReadAction","target":["https:\/\/medicina.udd.cl\/centro-neurociencias\/sobre-el-centro\/mision\/"]}]},{"@type":"BreadcrumbList","@id":"https:\/\/medicina.udd.cl\/centro-neurociencias\/sobre-el-centro\/mision\/#breadcrumb","itemListElement":[{"@type":"ListItem","position":1,"name":"Facultad de Medicina","item":"https:\/\/medicina.udd.cl"},{"@type":"ListItem","position":2,"name":"ICIM","item":"http:\/\/medicina.udd.cl\/icim\/"},{"@type":"ListItem","position":3,"name":"Centro de Neurociencias","item":"https:\/\/medicina.udd.cl\/centro-neurociencias"},{"@type":"ListItem","position":4,"name":"Sobre el centro","item":"https:\/\/medicina.udd.cl\/centro-neurociencias\/sobre-el-centro\/"},{"@type":"ListItem","position":5,"name":"Misi\u00f3n"}]},{"@type":"WebSite","@id":"https:\/\/medicina.udd.cl\/centro-neurociencias\/#website","url":"https:\/\/medicina.udd.cl\/centro-neurociencias\/","name":"Centro de Neurociencias","description":"Otro blog m\u00e1s de Medicina","potentialAction":[{"@type":"SearchAction","target":{"@type":"EntryPoint","urlTemplate":"https:\/\/medicina.udd.cl\/centro-neurociencias\/?s={search_term_string}"},"query-input":{"@type":"PropertyValueSpecification","valueRequired":true,"valueName":"search_term_string"}}],"inLanguage":"es"}]}},"_links":{"self":[{"href":"https:\/\/medicina.udd.cl\/centro-neurociencias\/wp-json\/wp\/v2\/pages\/8","targetHints":{"allow":["GET"]}}],"collection":[{"href":"https:\/\/medicina.udd.cl\/centro-neurociencias\/wp-json\/wp\/v2\/pages"}],"about":[{"href":"https:\/\/medicina.udd.cl\/centro-neurociencias\/wp-json\/wp\/v2\/types\/page"}],"author":[{"embeddable":true,"href":"https:\/\/medicina.udd.cl\/centro-neurociencias\/wp-json\/wp\/v2\/users\/1"}],"replies":[{"embeddable":true,"href":"https:\/\/medicina.udd.cl\/centro-neurociencias\/wp-json\/wp\/v2\/comments?post=8"}],"version-history":[{"count":8,"href":"https:\/\/medicina.udd.cl\/centro-neurociencias\/wp-json\/wp\/v2\/pages\/8\/revisions"}],"predecessor-version":[{"id":198,"href":"https:\/\/medicina.udd.cl\/centro-neurociencias\/wp-json\/wp\/v2\/pages\/8\/revisions\/198"}],"up":[{"embeddable":true,"href":"https:\/\/medicina.udd.cl\/centro-neurociencias\/wp-json\/wp\/v2\/pages\/7"}],"wp:attachment":[{"href":"https:\/\/medicina.udd.cl\/centro-neurociencias\/wp-json\/wp\/v2\/media?parent=8"}],"curies":[{"name":"wp","href":"https:\/\/api.w.org\/{rel}","templated":true}]}}