{"id":9,"date":"2010-04-06T12:16:30","date_gmt":"2010-04-06T16:16:30","guid":{"rendered":"http:\/\/medicina.udd.cl\/instituto-neurociencias-salud-publica\/sobre-el-centro\/equipo\/"},"modified":"2012-05-16T10:30:47","modified_gmt":"2012-05-16T14:30:47","slug":"equipo","status":"publish","type":"page","link":"https:\/\/medicina.udd.cl\/centro-neurociencias\/sobre-el-centro\/equipo\/","title":{"rendered":"Director"},"content":{"rendered":"<p style=\"text-align: justify;\">El Dr. Arnold Hoppe, director del Instituto de Neurociencias y Salud P\u00fablica de la Facultad de Medicina Cl\u00ednica Alemana Universidad del Desarrollo.<\/p>\n<p style=\"text-align: justify;\">Es, adem\u00e1s, miembro del equipo de neurolog\u00eda de Cl\u00ednica Alemana.<\/p>\n","protected":false},"excerpt":{"rendered":"<p>El equipo est\u00e1 encabezado por el Dr. Arnold Hoppe.<\/p>\n","protected":false},"author":1,"featured_media":0,"parent":7,"menu_order":10,"comment_status":"open","ping_status":"open","template":"wide-default.php","meta":{"footnotes":""},"class_list":["post-9","page","type-page","status-publish","hentry"],"yoast_head":"<!-- This site is optimized with the Yoast SEO plugin v26.9 - https:\/\/yoast.com\/product\/yoast-seo-wordpress\/ -->\n<title>Director - Centro de Neurociencias<\/title>\n<meta name=\"robots\" content=\"index, follow, max-snippet:-1, max-image-preview:large, max-video-preview:-1\" \/>\n<link rel=\"canonical\" href=\"https:\/\/medicina.udd.cl\/centro-neurociencias\/sobre-el-centro\/equipo\/\" \/>\n<meta property=\"og:locale\" content=\"es_ES\" \/>\n<meta property=\"og:type\" content=\"article\" \/>\n<meta property=\"og:title\" content=\"Director - Centro de Neurociencias\" \/>\n<meta property=\"og:description\" content=\"El equipo est\u00e1 encabezado por el Dr. Arnold Hoppe.\" \/>\n<meta property=\"og:url\" content=\"https:\/\/medicina.udd.cl\/centro-neurociencias\/sobre-el-centro\/equipo\/\" \/>\n<meta property=\"og:site_name\" content=\"Centro de Neurociencias\" \/>\n<meta property=\"article:modified_time\" content=\"2012-05-16T14:30:47+00:00\" \/>\n<script type=\"application\/ld+json\" class=\"yoast-schema-graph\">{\"@context\":\"https:\/\/schema.org\",\"@graph\":[{\"@type\":\"WebPage\",\"@id\":\"https:\/\/medicina.udd.cl\/centro-neurociencias\/sobre-el-centro\/equipo\/\",\"url\":\"https:\/\/medicina.udd.cl\/centro-neurociencias\/sobre-el-centro\/equipo\/\",\"name\":\"Director - Centro de Neurociencias\",\"isPartOf\":{\"@id\":\"https:\/\/medicina.udd.cl\/centro-neurociencias\/#website\"},\"datePublished\":\"2010-04-06T16:16:30+00:00\",\"dateModified\":\"2012-05-16T14:30:47+00:00\",\"breadcrumb\":{\"@id\":\"https:\/\/medicina.udd.cl\/centro-neurociencias\/sobre-el-centro\/equipo\/#breadcrumb\"},\"inLanguage\":\"es\",\"potentialAction\":[{\"@type\":\"ReadAction\",\"target\":[\"https:\/\/medicina.udd.cl\/centro-neurociencias\/sobre-el-centro\/equipo\/\"]}]},{\"@type\":\"BreadcrumbList\",\"@id\":\"https:\/\/medicina.udd.cl\/centro-neurociencias\/sobre-el-centro\/equipo\/#breadcrumb\",\"itemListElement\":[{\"@type\":\"ListItem\",\"position\":1,\"name\":\"Facultad de Medicina\",\"item\":\"https:\/\/medicina.udd.cl\"},{\"@type\":\"ListItem\",\"position\":2,\"name\":\"ICIM\",\"item\":\"http:\/\/medicina.udd.cl\/icim\/\"},{\"@type\":\"ListItem\",\"position\":3,\"name\":\"Centro de Neurociencias\",\"item\":\"https:\/\/medicina.udd.cl\/centro-neurociencias\"},{\"@type\":\"ListItem\",\"position\":4,\"name\":\"Sobre el centro\",\"item\":\"https:\/\/medicina.udd.cl\/centro-neurociencias\/sobre-el-centro\/\"},{\"@type\":\"ListItem\",\"position\":5,\"name\":\"Director\"}]},{\"@type\":\"WebSite\",\"@id\":\"https:\/\/medicina.udd.cl\/centro-neurociencias\/#website\",\"url\":\"https:\/\/medicina.udd.cl\/centro-neurociencias\/\",\"name\":\"Centro de Neurociencias\",\"description\":\"Otro blog m\u00e1s de Medicina\",\"potentialAction\":[{\"@type\":\"SearchAction\",\"target\":{\"@type\":\"EntryPoint\",\"urlTemplate\":\"https:\/\/medicina.udd.cl\/centro-neurociencias\/?s={search_term_string}\"},\"query-input\":{\"@type\":\"PropertyValueSpecification\",\"valueRequired\":true,\"valueName\":\"search_term_string\"}}],\"inLanguage\":\"es\"}]}<\/script>\n<!-- \/ Yoast SEO plugin. -->","yoast_head_json":{"title":"Director - Centro de Neurociencias","robots":{"index":"index","follow":"follow","max-snippet":"max-snippet:-1","max-image-preview":"max-image-preview:large","max-video-preview":"max-video-preview:-1"},"canonical":"https:\/\/medicina.udd.cl\/centro-neurociencias\/sobre-el-centro\/equipo\/","og_locale":"es_ES","og_type":"article","og_title":"Director - Centro de Neurociencias","og_description":"El equipo est\u00e1 encabezado por el Dr. Arnold Hoppe.","og_url":"https:\/\/medicina.udd.cl\/centro-neurociencias\/sobre-el-centro\/equipo\/","og_site_name":"Centro de Neurociencias","article_modified_time":"2012-05-16T14:30:47+00:00","schema":{"@context":"https:\/\/schema.org","@graph":[{"@type":"WebPage","@id":"https:\/\/medicina.udd.cl\/centro-neurociencias\/sobre-el-centro\/equipo\/","url":"https:\/\/medicina.udd.cl\/centro-neurociencias\/sobre-el-centro\/equipo\/","name":"Director - Centro de Neurociencias","isPartOf":{"@id":"https:\/\/medicina.udd.cl\/centro-neurociencias\/#website"},"datePublished":"2010-04-06T16:16:30+00:00","dateModified":"2012-05-16T14:30:47+00:00","breadcrumb":{"@id":"https:\/\/medicina.udd.cl\/centro-neurociencias\/sobre-el-centro\/equipo\/#breadcrumb"},"inLanguage":"es","potentialAction":[{"@type":"ReadAction","target":["https:\/\/medicina.udd.cl\/centro-neurociencias\/sobre-el-centro\/equipo\/"]}]},{"@type":"BreadcrumbList","@id":"https:\/\/medicina.udd.cl\/centro-neurociencias\/sobre-el-centro\/equipo\/#breadcrumb","itemListElement":[{"@type":"ListItem","position":1,"name":"Facultad de Medicina","item":"https:\/\/medicina.udd.cl"},{"@type":"ListItem","position":2,"name":"ICIM","item":"http:\/\/medicina.udd.cl\/icim\/"},{"@type":"ListItem","position":3,"name":"Centro de Neurociencias","item":"https:\/\/medicina.udd.cl\/centro-neurociencias"},{"@type":"ListItem","position":4,"name":"Sobre el centro","item":"https:\/\/medicina.udd.cl\/centro-neurociencias\/sobre-el-centro\/"},{"@type":"ListItem","position":5,"name":"Director"}]},{"@type":"WebSite","@id":"https:\/\/medicina.udd.cl\/centro-neurociencias\/#website","url":"https:\/\/medicina.udd.cl\/centro-neurociencias\/","name":"Centro de Neurociencias","description":"Otro blog m\u00e1s de Medicina","potentialAction":[{"@type":"SearchAction","target":{"@type":"EntryPoint","urlTemplate":"https:\/\/medicina.udd.cl\/centro-neurociencias\/?s={search_term_string}"},"query-input":{"@type":"PropertyValueSpecification","valueRequired":true,"valueName":"search_term_string"}}],"inLanguage":"es"}]}},"_links":{"self":[{"href":"https:\/\/medicina.udd.cl\/centro-neurociencias\/wp-json\/wp\/v2\/pages\/9","targetHints":{"allow":["GET"]}}],"collection":[{"href":"https:\/\/medicina.udd.cl\/centro-neurociencias\/wp-json\/wp\/v2\/pages"}],"about":[{"href":"https:\/\/medicina.udd.cl\/centro-neurociencias\/wp-json\/wp\/v2\/types\/page"}],"author":[{"embeddable":true,"href":"https:\/\/medicina.udd.cl\/centro-neurociencias\/wp-json\/wp\/v2\/users\/1"}],"replies":[{"embeddable":true,"href":"https:\/\/medicina.udd.cl\/centro-neurociencias\/wp-json\/wp\/v2\/comments?post=9"}],"version-history":[{"count":8,"href":"https:\/\/medicina.udd.cl\/centro-neurociencias\/wp-json\/wp\/v2\/pages\/9\/revisions"}],"predecessor-version":[{"id":57,"href":"https:\/\/medicina.udd.cl\/centro-neurociencias\/wp-json\/wp\/v2\/pages\/9\/revisions\/57"}],"up":[{"embeddable":true,"href":"https:\/\/medicina.udd.cl\/centro-neurociencias\/wp-json\/wp\/v2\/pages\/7"}],"wp:attachment":[{"href":"https:\/\/medicina.udd.cl\/centro-neurociencias\/wp-json\/wp\/v2\/media?parent=9"}],"curies":[{"name":"wp","href":"https:\/\/api.w.org\/{rel}","templated":true}]}}