{"id":216,"date":"2017-09-01T18:24:02","date_gmt":"2017-09-01T18:24:02","guid":{"rendered":"http:\/\/medicina.udd.cl\/centro-quimica-medica\/?page_id=216"},"modified":"2021-04-22T21:34:21","modified_gmt":"2021-04-22T21:34:21","slug":"difusion-y-extension","status":"publish","type":"page","link":"https:\/\/medicina.udd.cl\/centro-quimica-medica\/difusion-y-extension\/","title":{"rendered":"Difusi\u00f3n y extensi\u00f3n"},"content":{"rendered":"<!-- WP Block: UDD - Access Cards -->\n<section\n\tid=\"udd-access-cards--1\"\n\tclass=\"wp-block-udd-access-cards\n\t\t\"\n\t\tstyle=\"\n\t\t--udd-blocks-has-columns-number: 4\t\t\"\n\t>\n\t<div class=\"container\">\n\t\t\t\t<div class=\"block__content\">\n\t\t\t<div\n\t\t\t\tclass=\"udd-access-cards\"\n\t\t\t\t\t\t\t>\n\t\t\t<div\n\tdata-index=\"1\"\n\tclass=\"udd-access-card-wrapper\"\n\t>\n\t<a href=\"https:\/\/medicina.udd.cl\/centro-quimica-medica\/difusion-y-extension\/actividades-de-extension\/\" class=\"access-card access-card--profile\" data-url=\"https:\/\/medicina.udd.cl\/centro-quimica-medica\/difusion-y-extension\/actividades-de-extension\/\">\n\t\t\t\t\t\t<h3\n\t\t\tdata-index=\"1\"\n\t\t\tclass=\"access-card__title\"\n\t\t>\n\t\t\tActividades de extensi\u00f3n\t\t<\/h3>\n\t\t\t\t<div class=\"access-card__link\">\n\t\t\t<span class=\"access-card__link-text\">Conocer m\u00e1s<\/span>\n\t\t<\/div>\n\t<\/a>\n<\/div>\n<div\n\tdata-index=\"2\"\n\tclass=\"udd-access-card-wrapper\"\n\t>\n\t<a href=\"https:\/\/medicina.udd.cl\/centro-quimica-medica\/difusion-y-extension\/articulos-cientificos\/\" class=\"access-card access-card--profile\" data-url=\"https:\/\/medicina.udd.cl\/centro-quimica-medica\/difusion-y-extension\/articulos-cientificos\/\">\n\t\t\t\t\t\t<h3\n\t\t\tdata-index=\"2\"\n\t\t\tclass=\"access-card__title\"\n\t\t>\n\t\t\tArt\u00edculos cient\u00edficos\t\t<\/h3>\n\t\t\t\t<div class=\"access-card__link\">\n\t\t\t<span class=\"access-card__link-text\">Conocer m\u00e1s<\/span>\n\t\t<\/div>\n\t<\/a>\n<\/div>\n<div\n\tdata-index=\"3\"\n\tclass=\"udd-access-card-wrapper\"\n\t>\n\t<a href=\"https:\/\/medicina.udd.cl\/centro-quimica-medica\/difusion-y-extension\/estadias-de-investigacion-en-el-extranjero\/\" class=\"access-card access-card--profile\" data-url=\"https:\/\/medicina.udd.cl\/centro-quimica-medica\/difusion-y-extension\/estadias-de-investigacion-en-el-extranjero\/\">\n\t\t\t\t\t\t<h3\n\t\t\tdata-index=\"3\"\n\t\t\tclass=\"access-card__title\"\n\t\t>\n\t\t\tEstad\u00edas de investigaci\u00f3n en el extranjero\t\t<\/h3>\n\t\t\t\t<div class=\"access-card__link\">\n\t\t\t<span class=\"access-card__link-text\">Conocer m\u00e1s<\/span>\n\t\t<\/div>\n\t<\/a>\n<\/div>\n<div\n\tdata-index=\"4\"\n\tclass=\"udd-access-card-wrapper\"\n\t>\n\t<a href=\"https:\/\/medicina.udd.cl\/centro-quimica-medica\/difusion-y-extension\/libros\/\" class=\"access-card access-card--profile\" data-url=\"https:\/\/medicina.udd.cl\/centro-quimica-medica\/difusion-y-extension\/libros\/\">\n\t\t\t\t\t\t<h3\n\t\t\tdata-index=\"4\"\n\t\t\tclass=\"access-card__title\"\n\t\t>\n\t\t\tLibros\t\t<\/h3>\n\t\t\t\t<div class=\"access-card__link\">\n\t\t\t<span class=\"access-card__link-text\">Conocer m\u00e1s<\/span>\n\t\t<\/div>\n\t<\/a>\n<\/div>\n<div\n\tdata-index=\"5\"\n\tclass=\"udd-access-card-wrapper\"\n\t>\n\t<a href=\"https:\/\/medicina.udd.cl\/centro-quimica-medica\/difusion-y-extension\/presentaciones-en-congresos\/\" class=\"access-card access-card--profile\" data-url=\"https:\/\/medicina.udd.cl\/centro-quimica-medica\/difusion-y-extension\/presentaciones-en-congresos\/\">\n\t\t\t\t\t\t<h3\n\t\t\tdata-index=\"5\"\n\t\t\tclass=\"access-card__title\"\n\t\t>\n\t\t\tPresentaciones en congresos\t\t<\/h3>\n\t\t\t\t<div class=\"access-card__link\">\n\t\t\t<span class=\"access-card__link-text\">Conocer m\u00e1s<\/span>\n\t\t<\/div>\n\t<\/a>\n<\/div>\n\t\t\t<\/div>\n\t\t<\/div>\n\t<\/div>\n<\/section>\n","protected":false},"excerpt":{"rendered":"","protected":false},"author":1,"featured_media":0,"parent":0,"menu_order":0,"comment_status":"closed","ping_status":"closed","template":"","meta":{"footnotes":""},"class_list":["post-216","page","type-page","status-publish","hentry"],"yoast_head":"<!-- This site is optimized with the Yoast SEO plugin v26.9 - https:\/\/yoast.com\/product\/yoast-seo-wordpress\/ -->\n<title>Difusi\u00f3n y extensi\u00f3n - Centro de Qu\u00edmica M\u00e9dica<\/title>\n<meta name=\"robots\" content=\"index, follow, max-snippet:-1, max-image-preview:large, max-video-preview:-1\" \/>\n<link rel=\"canonical\" href=\"https:\/\/medicina.udd.cl\/centro-quimica-medica\/difusion-y-extension\/\" \/>\n<script type=\"application\/ld+json\" class=\"yoast-schema-graph\">{\"@context\":\"https:\/\/schema.org\",\"@graph\":[{\"@type\":\"WebPage\",\"@id\":\"https:\/\/medicina.udd.cl\/centro-quimica-medica\/difusion-y-extension\/\",\"url\":\"https:\/\/medicina.udd.cl\/centro-quimica-medica\/difusion-y-extension\/\",\"name\":\"Difusi\u00f3n y extensi\u00f3n - Centro de Qu\u00edmica M\u00e9dica\",\"isPartOf\":{\"@id\":\"https:\/\/medicina.udd.cl\/centro-quimica-medica\/#website\"},\"datePublished\":\"2017-09-01T18:24:02+00:00\",\"dateModified\":\"2021-04-22T21:34:21+00:00\",\"breadcrumb\":{\"@id\":\"https:\/\/medicina.udd.cl\/centro-quimica-medica\/difusion-y-extension\/#breadcrumb\"},\"inLanguage\":\"es\",\"potentialAction\":[{\"@type\":\"ReadAction\",\"target\":[\"https:\/\/medicina.udd.cl\/centro-quimica-medica\/difusion-y-extension\/\"]}]},{\"@type\":\"BreadcrumbList\",\"@id\":\"https:\/\/medicina.udd.cl\/centro-quimica-medica\/difusion-y-extension\/#breadcrumb\",\"itemListElement\":[{\"@type\":\"ListItem\",\"position\":1,\"name\":\"Inicio\",\"item\":\"https:\/\/medicina.udd.cl\/centro-quimica-medica\/\"},{\"@type\":\"ListItem\",\"position\":2,\"name\":\"Difusi\u00f3n y extensi\u00f3n\"}]},{\"@type\":\"WebSite\",\"@id\":\"https:\/\/medicina.udd.cl\/centro-quimica-medica\/#website\",\"url\":\"https:\/\/medicina.udd.cl\/centro-quimica-medica\/\",\"name\":\"Centro de Qu\u00edmica M\u00e9dica\",\"description\":\"Otro sitio m\u00e1s de Medicina\",\"inLanguage\":\"es\"}]}<\/script>\n<!-- \/ Yoast SEO plugin. -->","yoast_head_json":{"title":"Difusi\u00f3n y extensi\u00f3n - Centro de Qu\u00edmica M\u00e9dica","robots":{"index":"index","follow":"follow","max-snippet":"max-snippet:-1","max-image-preview":"max-image-preview:large","max-video-preview":"max-video-preview:-1"},"canonical":"https:\/\/medicina.udd.cl\/centro-quimica-medica\/difusion-y-extension\/","schema":{"@context":"https:\/\/schema.org","@graph":[{"@type":"WebPage","@id":"https:\/\/medicina.udd.cl\/centro-quimica-medica\/difusion-y-extension\/","url":"https:\/\/medicina.udd.cl\/centro-quimica-medica\/difusion-y-extension\/","name":"Difusi\u00f3n y extensi\u00f3n - Centro de Qu\u00edmica M\u00e9dica","isPartOf":{"@id":"https:\/\/medicina.udd.cl\/centro-quimica-medica\/#website"},"datePublished":"2017-09-01T18:24:02+00:00","dateModified":"2021-04-22T21:34:21+00:00","breadcrumb":{"@id":"https:\/\/medicina.udd.cl\/centro-quimica-medica\/difusion-y-extension\/#breadcrumb"},"inLanguage":"es","potentialAction":[{"@type":"ReadAction","target":["https:\/\/medicina.udd.cl\/centro-quimica-medica\/difusion-y-extension\/"]}]},{"@type":"BreadcrumbList","@id":"https:\/\/medicina.udd.cl\/centro-quimica-medica\/difusion-y-extension\/#breadcrumb","itemListElement":[{"@type":"ListItem","position":1,"name":"Inicio","item":"https:\/\/medicina.udd.cl\/centro-quimica-medica\/"},{"@type":"ListItem","position":2,"name":"Difusi\u00f3n y extensi\u00f3n"}]},{"@type":"WebSite","@id":"https:\/\/medicina.udd.cl\/centro-quimica-medica\/#website","url":"https:\/\/medicina.udd.cl\/centro-quimica-medica\/","name":"Centro de Qu\u00edmica M\u00e9dica","description":"Otro sitio m\u00e1s de Medicina","inLanguage":"es"}]}},"_links":{"self":[{"href":"https:\/\/medicina.udd.cl\/centro-quimica-medica\/wp-json\/wp\/v2\/pages\/216","targetHints":{"allow":["GET"]}}],"collection":[{"href":"https:\/\/medicina.udd.cl\/centro-quimica-medica\/wp-json\/wp\/v2\/pages"}],"about":[{"href":"https:\/\/medicina.udd.cl\/centro-quimica-medica\/wp-json\/wp\/v2\/types\/page"}],"author":[{"embeddable":true,"href":"https:\/\/medicina.udd.cl\/centro-quimica-medica\/wp-json\/wp\/v2\/users\/1"}],"replies":[{"embeddable":true,"href":"https:\/\/medicina.udd.cl\/centro-quimica-medica\/wp-json\/wp\/v2\/comments?post=216"}],"version-history":[{"count":9,"href":"https:\/\/medicina.udd.cl\/centro-quimica-medica\/wp-json\/wp\/v2\/pages\/216\/revisions"}],"predecessor-version":[{"id":373,"href":"https:\/\/medicina.udd.cl\/centro-quimica-medica\/wp-json\/wp\/v2\/pages\/216\/revisions\/373"}],"wp:attachment":[{"href":"https:\/\/medicina.udd.cl\/centro-quimica-medica\/wp-json\/wp\/v2\/media?parent=216"}],"curies":[{"name":"wp","href":"https:\/\/api.w.org\/{rel}","templated":true}]}}