{"id":232,"date":"2017-09-01T19:08:31","date_gmt":"2017-09-01T19:08:31","guid":{"rendered":"http:\/\/medicina.udd.cl\/centro-quimica-medica\/?page_id=232"},"modified":"2021-04-22T21:41:11","modified_gmt":"2021-04-22T21:41:11","slug":"presentaciones-en-congresos","status":"publish","type":"page","link":"https:\/\/medicina.udd.cl\/centro-quimica-medica\/difusion-y-extension\/presentaciones-en-congresos\/","title":{"rendered":"Presentaciones en congresos"},"content":{"rendered":"\n<h2 class=\"wp-block-heading\">MODALIDAD POSTERS:<\/h2>\n\n\n\n<p>European Symposium on Organic Reactivity, Kiel, Germany, Septiembre de 2015<br><strong>ESTIMATION OF THE INTRINSIC AFFINITY BETWEEN IONIC LIQUIDS AND IBUPROFEN.<\/strong><br>Marcela Gazit\u00faa, Renato Contreras<\/p>\n\n\n\n<p>II Symposyum and Workshop on Design and Application of Ionic Liquids in Chemistry and Physics, Santiago, Chile , Abril de 2016.<br><strong>ESTIMATION OF THE INTRINSIC AFFINITY BETWEEN IONIC LIQUIDS AND IBUPROFEN.<\/strong><br>Marcela Gazit\u00faa, Renato Contreras<\/p>\n\n\n\n<p>6th International IUPAC Conference on Green Chemistry, Venecia, Italia, Septiembre de 2016.<br><strong>RESOLUTION OF PROPRANOLOL USING SUPPORTED LIQUID MEMBRANES BASED ON IONIC LIQUIDS.<\/strong><br>Marcela Gazit\u00faa, Bel\u00e9n Olivares, Ver\u00f3nica Mena, Julio Romero<\/p>\n\n\n\n<p>14th Latin American Conference on Physical Organic Chemistry\u201d, Conc\u00f3n-Chile, Mayo de 2017.<br><strong>LIQUID-LIQUID EXTRACTION OF PROPRANOLOL AND THEIR SUBSEQUENT RECOVERY WITH SUPERCRYTICAL FLUIDS.<\/strong><br>Marcela Gazit\u00faa, Bel\u00e9n Olivares, Ver\u00f3nica Mena, Julio Romero<\/p>\n\n\n\n<p>14th Latin American Conference on Physical Organic Chemistry, 2017. <strong>FLUORESCENCE OF 1-HYDROXIPYRENE AS A PROBE TO MONITOR THE BASICITY OF ANIONS ON IONIC LIQUIDS FROM THE 1-BUTYL-3-METYL-IMIDAZOLE SERIES<\/strong><br>C. Calder\u00f3n, M. Moreno, P.R. Campod\u00f3nico, E. Pino<\/p>\n\n\n\n<p>14th Latin American Conference on Physical Organic Chemistry, 2017.<br><strong>EVALUATION OF THE POTENTIAL OF DEEP EUTECTIC SOLVENTS AS A STABILIZING MEDIA FOR LARGE UNILAMELLAR LIPOSOMES (LUVS)<\/strong><br>C. Calder\u00f3n and P. R. Campod\u00f3nico.<\/p>\n\n\n\n<p>II Symposium and workshop on design and application of ionic liquids in chemistry and physics, 2016.<br><strong>STUDY OF THE ANTIOXIDANT CAPACITY OF NATURALLY OCCURRING SUBSTANCES IN THE PRESENCE OF IONIC LIQUIDS<\/strong><br>C. Calder\u00f3n, D. Moreno, N. Nu\u00f1ez, M. Ordo\u00f1ez, D. Prieto, M. Vald\u00e9s, M. I. Verdugo, P. Campod\u00f3nico.<\/p>\n\n\n\n<p>II Symposium and workshop on design and application of ionic liquids in chemistry and physics, 2016.<br><strong>FLUORESCENCE OF 1-HYDROXIPYRENE IN THE PRESENCE OF IONIC LIQUIDS DERIVED FROM THE 1-BUTYL-3-METHYL IMIDAZOLE<\/strong><br>C Calder\u00f3n, P Campod\u00f3nico, C Moreno, E Pino.<\/p>\n\n\n\n<p>14th Latin American Conference on Physical Organic Chemistry. Conc\u00f3n, Chile, 2017.<br><strong>ADSORPTION STUDIES OF CHROMIUM (VI) REMOVAL FROM WATER BY POLY-(4-VINYLPYRIDINE) TETRAFLUOROBORATE<\/strong><br>Javier Gonz\u00e1lez-Navarrete, Ximena Briones, Paola R. Campod\u00f3nico and Marcela Urz\u00faa<\/p>\n\n\n\n<p>14th Latin American Conference on Physical Organic Chemistry. Conc\u00f3n, Chile, 2017.<br><strong>SOLVENT DEPENDENT KINETICS STUDIES OF 4-CHLOROQUINAZOLINE WITH ANILINE AND HYDRAZINE.<\/strong><br>Bruno A. Sanchez, Renato Contreras and Paola R. Campodonico<\/p>\n\n\n\n<p>2nd Symposyum and Workshop on Design and Application of Ionic Liquids in Chemistry and Physics.Santiago, Chile, 2016.<br><strong>SOLVENT DEPENDENT KINETIC STUDIES OF QUINAZOLINE DERIVATIVES<\/strong><br>Bruno A. S\u00e1nchez, Cristian Calder\u00f3n and Paola R. Campod\u00f3nico<\/p>\n\n\n\n<p>6TH International IUPAC Conference on Green Chemistry- Venezia, Italy. 2016. <strong>GUTMANN\u00b4S DONOR NUMBERS CORRECTLY ASSESS SOLVENT EFFECTS ON THE KINETICS OF SNAR REACTION IN IONIC LIQUIDS<\/strong><br>Jazm\u00edn Alarc\u00f3n- Esp\u00f3sito, Renato Contreras and Paola R. Campod\u00f3nico<\/p>\n\n\n\n<p>6TH International IUPAC Conference on Green Chemistry- Venezia, Italy. 2016. <strong>SOLVENT DEPENDENT KINETIC STUDIES OF 4-CHLOROQUINAZOLINE WITH ANILINE AND HYDRAZINE<\/strong><br>Bruno A. S\u00e1nchez, Renato Contreras and Paola R. Campod\u00f3nico<\/p>\n\n\n\n<p>6TH International IUPAC Conference on Green Chemistry- Venezia, Italy. 2016. <strong>PYRENE DERIVATIVES IN IONIC LIQUIDS: HOW DOES THE NATURE OF THE ANION INFLUENCES THE FLUORESCENT BEHAVIOR OF 1-HYDROXYPYRENE? A COMPARISON.<\/strong><br>Cristian Calder\u00f3n, Camila Moreno, Eduardo Pino, Renato Contreras and Paola R. Campod\u00f3nico<\/p>\n\n\n\n<p>32\u00b0 Congreso de Qu\u00edmica Nacional, 32\u00ba Congreso Latinoamericano de Qu\u00edmica, en conjunto con las XXXI Jornadas Chilenas de Qu\u00edmica. Concepci\u00f3n, Chile. 2016. <strong>CHANGES IN THE SNAR REACTION MECHANISM BROUGHT ABOUT BY PREFERENTIAL SOLVATION\u201d Y \u201cEFFECT OF THE MEDIUM IN SNAR BY IONIC LIQUIDS\u201d.<\/strong><br>Jazm\u00edn Alarc\u00f3n- Esp\u00f3sito, Renato Contreras and Paola R. Campod\u00f3nico<\/p>\n\n\n\n<p>32\u00b0 Congreso de Qu\u00edmica Nacional, 32\u00ba Congreso Latinoamericano de Qu\u00edmica, en conjunto con las XXXI Jornadas Chilenas de Qu\u00edmica. Concepci\u00f3n, Chile. 2016. <strong>EFFECT OF THE MEDIUM IN SNAR BY IONIC LIQUIDS<\/strong><br>Jazm\u00edn Alarc\u00f3n- Esp\u00f3sito, Renato Contreras and Paola R. Campod\u00f3nico<\/p>\n\n\n\n<p><strong>1st Symposyum and Workshop on Design and Application of Ionic Liquids in Chemistry and Physics.Santiago, Chile. 2015.<\/strong><\/p>\n\n\n\n<p>13th Latin American Conference on Physical Organic Chemistry. San Carlos Paz, Argentina. 2015.<br><strong>SYNTHESIS AND CHARACTERIZATION OF POLY (IONIC LIQUID) DERIVED FROM N-ALKYL QUATERNIZED POLY(4-VINYLPYRIDINE). EFFECT OF ALKYL CHAIN LENGTH AND MOLECULAR WEIGHT<\/strong><br>Ximena Briones , Ricardo Tapia, Renato Contreras, Marcela Urz\u00faa, \u00c1ngel Leiva and Paola R. Campod\u00f3nico<\/p>\n\n\n\n<h4 class=\"wp-block-heading\"><strong>Modalidad charlas y conferencias<\/strong><\/h4>\n\n\n\n<p>II Symposium and workshop on design and application of ionic liquids in chemistry and physics, 2016. <strong>ENZYMATIC REACTIONS ON MICROHETEROGENEOUS ENVIRONMENTS BASED ON IONIC LIQUIDS.<\/strong> C. Calder\u00f3n.<\/p>\n\n\n\n<p>14th Latin American Conference on Physical Organic Chemistry. Conc\u00f3n, Chile, 2017. <strong>STUDIES IN SOLVENTS OF VARYING POLARITY.<\/strong> Paola R. Campod\u00f3nico.<\/p>\n\n\n\n<p>2nd Symposyum and Workshop on Design and Application of Ionic Liquids in Chemistry and Physics. Santiago, Chile, 2016. <strong>EXPERIMENTAL &amp; THEORETICAL STUDIES ON NUCLEOPHILIC SUBSTITUTION REACTIONS IN SOLVENTS OF VARYING POLARITY.<\/strong> Paola R. Campod\u00f3nico.<\/p>\n\n\n\n<p>Taller Latinoamericano de Qu\u00edmica Verde, Chile, 2016. <strong>SOLVENTES NO CONVENCIONALES Y SU USO EN QU\u00cdMICA APLICADA.<\/strong> Paola R. Campod\u00f3nico.<\/p>\n\n\n\n<figure class=\"wp-block-gallery columns-4 is-cropped wp-block-gallery-1 is-layout-flex wp-block-gallery-is-layout-flex\"><ul class=\"blocks-gallery-grid\"><li class=\"blocks-gallery-item\"><figure><img loading=\"lazy\" decoding=\"async\" width=\"1024\" height=\"768\" src=\"https:\/\/medicina.udd.cl\/centro-quimica-medica\/files\/2017\/09\/presentaci\u00f3n-en-congreso-1-1024x768.jpg\" alt=\"\" data-id=\"238\" data-full-url=\"https:\/\/medicina.udd.cl\/centro-quimica-medica\/files\/2017\/09\/presentaci\u00f3n-en-congreso-1.jpg\" data-link=\"http:\/\/medicina.udd.cl\/centro-quimica-medica\/difusion-y-extension\/presentaciones-en-congresos\/presentacion-en-congreso-1\/\" class=\"wp-image-238\" srcset=\"https:\/\/medicina.udd.cl\/centro-quimica-medica\/files\/2017\/09\/presentaci\u00f3n-en-congreso-1.jpg 1024w, https:\/\/medicina.udd.cl\/centro-quimica-medica\/files\/2017\/09\/presentaci\u00f3n-en-congreso-1-300x225.jpg 300w, https:\/\/medicina.udd.cl\/centro-quimica-medica\/files\/2017\/09\/presentaci\u00f3n-en-congreso-1-768x576.jpg 768w, https:\/\/medicina.udd.cl\/centro-quimica-medica\/files\/2017\/09\/presentaci\u00f3n-en-congreso-1-960x720.jpg 960w\" sizes=\"auto, (max-width: 1024px) 100vw, 1024px\" \/><\/figure><\/li><li class=\"blocks-gallery-item\"><figure><img loading=\"lazy\" decoding=\"async\" width=\"768\" height=\"1024\" src=\"https:\/\/medicina.udd.cl\/centro-quimica-medica\/files\/2017\/09\/Presentacion-en-congreso-2-768x1024.jpg\" alt=\"\" data-id=\"239\" data-full-url=\"https:\/\/medicina.udd.cl\/centro-quimica-medica\/files\/2017\/09\/Presentacion-en-congreso-2.jpg\" data-link=\"http:\/\/medicina.udd.cl\/centro-quimica-medica\/difusion-y-extension\/presentaciones-en-congresos\/presentacion-en-congreso-2\/\" class=\"wp-image-239\" srcset=\"https:\/\/medicina.udd.cl\/centro-quimica-medica\/files\/2017\/09\/Presentacion-en-congreso-2-768x1024.jpg 768w, https:\/\/medicina.udd.cl\/centro-quimica-medica\/files\/2017\/09\/Presentacion-en-congreso-2-225x300.jpg 225w, https:\/\/medicina.udd.cl\/centro-quimica-medica\/files\/2017\/09\/Presentacion-en-congreso-2-720x960.jpg 720w, https:\/\/medicina.udd.cl\/centro-quimica-medica\/files\/2017\/09\/Presentacion-en-congreso-2.jpg 960w\" sizes=\"auto, (max-width: 768px) 100vw, 768px\" \/><\/figure><\/li><li class=\"blocks-gallery-item\"><figure><img loading=\"lazy\" decoding=\"async\" width=\"1024\" height=\"768\" src=\"https:\/\/medicina.udd.cl\/centro-quimica-medica\/files\/2017\/09\/presentacion-en-congreso-3-1024x768.jpg\" alt=\"\" data-id=\"240\" data-full-url=\"https:\/\/medicina.udd.cl\/centro-quimica-medica\/files\/2017\/09\/presentacion-en-congreso-3.jpg\" data-link=\"http:\/\/medicina.udd.cl\/centro-quimica-medica\/difusion-y-extension\/presentaciones-en-congresos\/presentacion-en-congreso-3\/\" class=\"wp-image-240\" srcset=\"https:\/\/medicina.udd.cl\/centro-quimica-medica\/files\/2017\/09\/presentacion-en-congreso-3-1024x768.jpg 1024w, https:\/\/medicina.udd.cl\/centro-quimica-medica\/files\/2017\/09\/presentacion-en-congreso-3-300x225.jpg 300w, https:\/\/medicina.udd.cl\/centro-quimica-medica\/files\/2017\/09\/presentacion-en-congreso-3-768x576.jpg 768w, https:\/\/medicina.udd.cl\/centro-quimica-medica\/files\/2017\/09\/presentacion-en-congreso-3-960x720.jpg 960w, https:\/\/medicina.udd.cl\/centro-quimica-medica\/files\/2017\/09\/presentacion-en-congreso-3.jpg 1280w\" sizes=\"auto, (max-width: 1024px) 100vw, 1024px\" \/><\/figure><\/li><li class=\"blocks-gallery-item\"><figure><img loading=\"lazy\" decoding=\"async\" width=\"554\" height=\"411\" src=\"https:\/\/medicina.udd.cl\/centro-quimica-medica\/files\/2017\/09\/presentacion-en-congreso-4.jpg\" alt=\"\" data-id=\"241\" data-full-url=\"https:\/\/medicina.udd.cl\/centro-quimica-medica\/files\/2017\/09\/presentacion-en-congreso-4.jpg\" data-link=\"http:\/\/medicina.udd.cl\/centro-quimica-medica\/difusion-y-extension\/presentaciones-en-congresos\/presentacion-en-congreso-4\/\" class=\"wp-image-241\" srcset=\"https:\/\/medicina.udd.cl\/centro-quimica-medica\/files\/2017\/09\/presentacion-en-congreso-4.jpg 554w, https:\/\/medicina.udd.cl\/centro-quimica-medica\/files\/2017\/09\/presentacion-en-congreso-4-300x223.jpg 300w\" sizes=\"auto, (max-width: 554px) 100vw, 554px\" \/><\/figure><\/li><\/ul><\/figure>\n","protected":false},"excerpt":{"rendered":"<p>MODALIDAD POSTERS: European Symposium on Organic Reactivity, Kiel, Germany, Septiembre de 2015ESTIMATION OF THE INTRINSIC AFFINITY BETWEEN IONIC LIQUIDS AND IBUPROFEN.Marcela Gazit\u00faa, Renato Contreras II Symposyum and Workshop on Design and Application of Ionic Liquids in Chemistry and Physics, Santiago, Chile , Abril de 2016.ESTIMATION OF THE INTRINSIC AFFINITY BETWEEN IONIC LIQUIDS AND IBUPROFEN.Marcela Gazit\u00faa, [&hellip;]<\/p>\n","protected":false},"author":1,"featured_media":0,"parent":216,"menu_order":0,"comment_status":"closed","ping_status":"closed","template":"","meta":{"footnotes":""},"class_list":["post-232","page","type-page","status-publish","hentry"],"yoast_head":"<!-- This site is optimized with the Yoast SEO plugin v26.9 - https:\/\/yoast.com\/product\/yoast-seo-wordpress\/ -->\n<title>Presentaciones en congresos - Centro de Qu\u00edmica M\u00e9dica<\/title>\n<meta name=\"robots\" content=\"index, follow, max-snippet:-1, max-image-preview:large, max-video-preview:-1\" \/>\n<link rel=\"canonical\" href=\"https:\/\/medicina.udd.cl\/centro-quimica-medica\/difusion-y-extension\/presentaciones-en-congresos\/\" \/>\n<meta name=\"twitter:label1\" content=\"Tiempo de lectura\" \/>\n\t<meta name=\"twitter:data1\" content=\"4 minutos\" \/>\n<script type=\"application\/ld+json\" class=\"yoast-schema-graph\">{\"@context\":\"https:\/\/schema.org\",\"@graph\":[{\"@type\":\"WebPage\",\"@id\":\"https:\/\/medicina.udd.cl\/centro-quimica-medica\/difusion-y-extension\/presentaciones-en-congresos\/\",\"url\":\"https:\/\/medicina.udd.cl\/centro-quimica-medica\/difusion-y-extension\/presentaciones-en-congresos\/\",\"name\":\"Presentaciones en congresos - Centro de Qu\u00edmica M\u00e9dica\",\"isPartOf\":{\"@id\":\"https:\/\/medicina.udd.cl\/centro-quimica-medica\/#website\"},\"primaryImageOfPage\":{\"@id\":\"https:\/\/medicina.udd.cl\/centro-quimica-medica\/difusion-y-extension\/presentaciones-en-congresos\/#primaryimage\"},\"image\":{\"@id\":\"https:\/\/medicina.udd.cl\/centro-quimica-medica\/difusion-y-extension\/presentaciones-en-congresos\/#primaryimage\"},\"thumbnailUrl\":\"https:\/\/medicina.udd.cl\/centro-quimica-medica\/files\/2017\/09\/Presentacion-en-congreso-2-768x1024.jpg\",\"datePublished\":\"2017-09-01T19:08:31+00:00\",\"dateModified\":\"2021-04-22T21:41:11+00:00\",\"breadcrumb\":{\"@id\":\"https:\/\/medicina.udd.cl\/centro-quimica-medica\/difusion-y-extension\/presentaciones-en-congresos\/#breadcrumb\"},\"inLanguage\":\"es\",\"potentialAction\":[{\"@type\":\"ReadAction\",\"target\":[\"https:\/\/medicina.udd.cl\/centro-quimica-medica\/difusion-y-extension\/presentaciones-en-congresos\/\"]}]},{\"@type\":\"ImageObject\",\"inLanguage\":\"es\",\"@id\":\"https:\/\/medicina.udd.cl\/centro-quimica-medica\/difusion-y-extension\/presentaciones-en-congresos\/#primaryimage\",\"url\":\"https:\/\/medicina.udd.cl\/centro-quimica-medica\/files\/2017\/09\/Presentacion-en-congreso-2.jpg\",\"contentUrl\":\"https:\/\/medicina.udd.cl\/centro-quimica-medica\/files\/2017\/09\/Presentacion-en-congreso-2.jpg\",\"width\":960,\"height\":1280},{\"@type\":\"BreadcrumbList\",\"@id\":\"https:\/\/medicina.udd.cl\/centro-quimica-medica\/difusion-y-extension\/presentaciones-en-congresos\/#breadcrumb\",\"itemListElement\":[{\"@type\":\"ListItem\",\"position\":1,\"name\":\"Inicio\",\"item\":\"https:\/\/medicina.udd.cl\/centro-quimica-medica\/\"},{\"@type\":\"ListItem\",\"position\":2,\"name\":\"Difusi\u00f3n y extensi\u00f3n\",\"item\":\"https:\/\/medicina.udd.cl\/centro-quimica-medica\/difusion-y-extension\/\"},{\"@type\":\"ListItem\",\"position\":3,\"name\":\"Presentaciones en congresos\"}]},{\"@type\":\"WebSite\",\"@id\":\"https:\/\/medicina.udd.cl\/centro-quimica-medica\/#website\",\"url\":\"https:\/\/medicina.udd.cl\/centro-quimica-medica\/\",\"name\":\"Centro de Qu\u00edmica M\u00e9dica\",\"description\":\"Otro sitio m\u00e1s de Medicina\",\"inLanguage\":\"es\"}]}<\/script>\n<!-- \/ Yoast SEO plugin. -->","yoast_head_json":{"title":"Presentaciones en congresos - Centro de Qu\u00edmica M\u00e9dica","robots":{"index":"index","follow":"follow","max-snippet":"max-snippet:-1","max-image-preview":"max-image-preview:large","max-video-preview":"max-video-preview:-1"},"canonical":"https:\/\/medicina.udd.cl\/centro-quimica-medica\/difusion-y-extension\/presentaciones-en-congresos\/","twitter_misc":{"Tiempo de lectura":"4 minutos"},"schema":{"@context":"https:\/\/schema.org","@graph":[{"@type":"WebPage","@id":"https:\/\/medicina.udd.cl\/centro-quimica-medica\/difusion-y-extension\/presentaciones-en-congresos\/","url":"https:\/\/medicina.udd.cl\/centro-quimica-medica\/difusion-y-extension\/presentaciones-en-congresos\/","name":"Presentaciones en congresos - Centro de Qu\u00edmica M\u00e9dica","isPartOf":{"@id":"https:\/\/medicina.udd.cl\/centro-quimica-medica\/#website"},"primaryImageOfPage":{"@id":"https:\/\/medicina.udd.cl\/centro-quimica-medica\/difusion-y-extension\/presentaciones-en-congresos\/#primaryimage"},"image":{"@id":"https:\/\/medicina.udd.cl\/centro-quimica-medica\/difusion-y-extension\/presentaciones-en-congresos\/#primaryimage"},"thumbnailUrl":"https:\/\/medicina.udd.cl\/centro-quimica-medica\/files\/2017\/09\/Presentacion-en-congreso-2-768x1024.jpg","datePublished":"2017-09-01T19:08:31+00:00","dateModified":"2021-04-22T21:41:11+00:00","breadcrumb":{"@id":"https:\/\/medicina.udd.cl\/centro-quimica-medica\/difusion-y-extension\/presentaciones-en-congresos\/#breadcrumb"},"inLanguage":"es","potentialAction":[{"@type":"ReadAction","target":["https:\/\/medicina.udd.cl\/centro-quimica-medica\/difusion-y-extension\/presentaciones-en-congresos\/"]}]},{"@type":"ImageObject","inLanguage":"es","@id":"https:\/\/medicina.udd.cl\/centro-quimica-medica\/difusion-y-extension\/presentaciones-en-congresos\/#primaryimage","url":"https:\/\/medicina.udd.cl\/centro-quimica-medica\/files\/2017\/09\/Presentacion-en-congreso-2.jpg","contentUrl":"https:\/\/medicina.udd.cl\/centro-quimica-medica\/files\/2017\/09\/Presentacion-en-congreso-2.jpg","width":960,"height":1280},{"@type":"BreadcrumbList","@id":"https:\/\/medicina.udd.cl\/centro-quimica-medica\/difusion-y-extension\/presentaciones-en-congresos\/#breadcrumb","itemListElement":[{"@type":"ListItem","position":1,"name":"Inicio","item":"https:\/\/medicina.udd.cl\/centro-quimica-medica\/"},{"@type":"ListItem","position":2,"name":"Difusi\u00f3n y extensi\u00f3n","item":"https:\/\/medicina.udd.cl\/centro-quimica-medica\/difusion-y-extension\/"},{"@type":"ListItem","position":3,"name":"Presentaciones en congresos"}]},{"@type":"WebSite","@id":"https:\/\/medicina.udd.cl\/centro-quimica-medica\/#website","url":"https:\/\/medicina.udd.cl\/centro-quimica-medica\/","name":"Centro de Qu\u00edmica M\u00e9dica","description":"Otro sitio m\u00e1s de Medicina","inLanguage":"es"}]}},"_links":{"self":[{"href":"https:\/\/medicina.udd.cl\/centro-quimica-medica\/wp-json\/wp\/v2\/pages\/232","targetHints":{"allow":["GET"]}}],"collection":[{"href":"https:\/\/medicina.udd.cl\/centro-quimica-medica\/wp-json\/wp\/v2\/pages"}],"about":[{"href":"https:\/\/medicina.udd.cl\/centro-quimica-medica\/wp-json\/wp\/v2\/types\/page"}],"author":[{"embeddable":true,"href":"https:\/\/medicina.udd.cl\/centro-quimica-medica\/wp-json\/wp\/v2\/users\/1"}],"replies":[{"embeddable":true,"href":"https:\/\/medicina.udd.cl\/centro-quimica-medica\/wp-json\/wp\/v2\/comments?post=232"}],"version-history":[{"count":5,"href":"https:\/\/medicina.udd.cl\/centro-quimica-medica\/wp-json\/wp\/v2\/pages\/232\/revisions"}],"predecessor-version":[{"id":379,"href":"https:\/\/medicina.udd.cl\/centro-quimica-medica\/wp-json\/wp\/v2\/pages\/232\/revisions\/379"}],"up":[{"embeddable":true,"href":"https:\/\/medicina.udd.cl\/centro-quimica-medica\/wp-json\/wp\/v2\/pages\/216"}],"wp:attachment":[{"href":"https:\/\/medicina.udd.cl\/centro-quimica-medica\/wp-json\/wp\/v2\/media?parent=232"}],"curies":[{"name":"wp","href":"https:\/\/api.w.org\/{rel}","templated":true}]}}