{"id":243,"date":"2017-09-01T19:18:09","date_gmt":"2017-09-01T19:18:09","guid":{"rendered":"http:\/\/medicina.udd.cl\/centro-quimica-medica\/?page_id=243"},"modified":"2021-04-22T21:39:39","modified_gmt":"2021-04-22T21:39:39","slug":"libros","status":"publish","type":"page","link":"https:\/\/medicina.udd.cl\/centro-quimica-medica\/difusion-y-extension\/libros\/","title":{"rendered":"Libros"},"content":{"rendered":"\n<h2 class=\"wp-block-heading\"><strong>PARTICIPACI\u00d3N EN CAP\u00cdTULOS DE LIBROS<\/strong><\/h2>\n\n\n\n<ul class=\"wp-block-list\"><li>Arene Chemistry: Reaction Mechanisms and Methods for Aromatic Compounds. T\u00edtulo Cap\u00edtulo: Computational and Experimental Methods for Predicting Reaction Mechanisms in Nucleophilic Aromatic Substitutions.<br>Autores: Renato Contreras, Rodrigo Ormaz\u00e1bal-Toledo, Paola R. Campod\u00f3nico<br>Editorial: John Wiley &amp; Sons<br>Editor: Jacques Mortier<\/li><li>Handbook of ecomaterials. \u201cPorosity in biomaterials: applications in biomedicine\u201d.<br>M. Ahumada, C. Calder\u00f3n, F. Mart\u00ednez-G\u00f3mez, E. Jacques. En Prensa, 2017. Editorial Springer.<\/li><\/ul>\n\n\n\n<figure class=\"wp-block-image size-large\"><img loading=\"lazy\" decoding=\"async\" width=\"1024\" height=\"682\" src=\"https:\/\/medicina.udd.cl\/centro-quimica-medica\/files\/2017\/09\/Libro-1024x682.jpg\" alt=\"\" class=\"wp-image-244\" srcset=\"https:\/\/medicina.udd.cl\/centro-quimica-medica\/files\/2017\/09\/Libro-1024x682.jpg 1024w, https:\/\/medicina.udd.cl\/centro-quimica-medica\/files\/2017\/09\/Libro-300x200.jpg 300w, https:\/\/medicina.udd.cl\/centro-quimica-medica\/files\/2017\/09\/Libro-768x511.jpg 768w, https:\/\/medicina.udd.cl\/centro-quimica-medica\/files\/2017\/09\/Libro-960x639.jpg 960w\" sizes=\"auto, (max-width: 1024px) 100vw, 1024px\" \/><\/figure>\n","protected":false},"excerpt":{"rendered":"<p>PARTICIPACI\u00d3N EN CAP\u00cdTULOS DE LIBROS Arene Chemistry: Reaction Mechanisms and Methods for Aromatic Compounds. T\u00edtulo Cap\u00edtulo: Computational and Experimental Methods for Predicting Reaction Mechanisms in Nucleophilic Aromatic Substitutions.Autores: Renato Contreras, Rodrigo Ormaz\u00e1bal-Toledo, Paola R. Campod\u00f3nicoEditorial: John Wiley &amp; SonsEditor: Jacques Mortier Handbook of ecomaterials. \u201cPorosity in biomaterials: applications in biomedicine\u201d.M. Ahumada, C. Calder\u00f3n, F. Mart\u00ednez-G\u00f3mez, [&hellip;]<\/p>\n","protected":false},"author":1,"featured_media":0,"parent":216,"menu_order":0,"comment_status":"closed","ping_status":"closed","template":"","meta":{"footnotes":""},"class_list":["post-243","page","type-page","status-publish","hentry"],"yoast_head":"<!-- This site is optimized with the Yoast SEO plugin v26.9 - https:\/\/yoast.com\/product\/yoast-seo-wordpress\/ -->\n<title>Libros - Centro de Qu\u00edmica M\u00e9dica<\/title>\n<meta name=\"robots\" content=\"index, follow, max-snippet:-1, max-image-preview:large, max-video-preview:-1\" \/>\n<link rel=\"canonical\" href=\"https:\/\/medicina.udd.cl\/centro-quimica-medica\/difusion-y-extension\/libros\/\" \/>\n<script type=\"application\/ld+json\" class=\"yoast-schema-graph\">{\"@context\":\"https:\/\/schema.org\",\"@graph\":[{\"@type\":\"WebPage\",\"@id\":\"https:\/\/medicina.udd.cl\/centro-quimica-medica\/difusion-y-extension\/libros\/\",\"url\":\"https:\/\/medicina.udd.cl\/centro-quimica-medica\/difusion-y-extension\/libros\/\",\"name\":\"Libros - Centro de Qu\u00edmica M\u00e9dica\",\"isPartOf\":{\"@id\":\"https:\/\/medicina.udd.cl\/centro-quimica-medica\/#website\"},\"primaryImageOfPage\":{\"@id\":\"https:\/\/medicina.udd.cl\/centro-quimica-medica\/difusion-y-extension\/libros\/#primaryimage\"},\"image\":{\"@id\":\"https:\/\/medicina.udd.cl\/centro-quimica-medica\/difusion-y-extension\/libros\/#primaryimage\"},\"thumbnailUrl\":\"https:\/\/medicina.udd.cl\/centro-quimica-medica\/files\/2017\/09\/Libro-1024x682.jpg\",\"datePublished\":\"2017-09-01T19:18:09+00:00\",\"dateModified\":\"2021-04-22T21:39:39+00:00\",\"breadcrumb\":{\"@id\":\"https:\/\/medicina.udd.cl\/centro-quimica-medica\/difusion-y-extension\/libros\/#breadcrumb\"},\"inLanguage\":\"es\",\"potentialAction\":[{\"@type\":\"ReadAction\",\"target\":[\"https:\/\/medicina.udd.cl\/centro-quimica-medica\/difusion-y-extension\/libros\/\"]}]},{\"@type\":\"ImageObject\",\"inLanguage\":\"es\",\"@id\":\"https:\/\/medicina.udd.cl\/centro-quimica-medica\/difusion-y-extension\/libros\/#primaryimage\",\"url\":\"https:\/\/medicina.udd.cl\/centro-quimica-medica\/files\/2017\/09\/Libro.jpg\",\"contentUrl\":\"https:\/\/medicina.udd.cl\/centro-quimica-medica\/files\/2017\/09\/Libro.jpg\",\"width\":4000,\"height\":2664},{\"@type\":\"BreadcrumbList\",\"@id\":\"https:\/\/medicina.udd.cl\/centro-quimica-medica\/difusion-y-extension\/libros\/#breadcrumb\",\"itemListElement\":[{\"@type\":\"ListItem\",\"position\":1,\"name\":\"Inicio\",\"item\":\"https:\/\/medicina.udd.cl\/centro-quimica-medica\/\"},{\"@type\":\"ListItem\",\"position\":2,\"name\":\"Difusi\u00f3n y extensi\u00f3n\",\"item\":\"https:\/\/medicina.udd.cl\/centro-quimica-medica\/difusion-y-extension\/\"},{\"@type\":\"ListItem\",\"position\":3,\"name\":\"Libros\"}]},{\"@type\":\"WebSite\",\"@id\":\"https:\/\/medicina.udd.cl\/centro-quimica-medica\/#website\",\"url\":\"https:\/\/medicina.udd.cl\/centro-quimica-medica\/\",\"name\":\"Centro de Qu\u00edmica M\u00e9dica\",\"description\":\"Otro sitio m\u00e1s de Medicina\",\"inLanguage\":\"es\"}]}<\/script>\n<!-- \/ Yoast SEO plugin. -->","yoast_head_json":{"title":"Libros - Centro de Qu\u00edmica M\u00e9dica","robots":{"index":"index","follow":"follow","max-snippet":"max-snippet:-1","max-image-preview":"max-image-preview:large","max-video-preview":"max-video-preview:-1"},"canonical":"https:\/\/medicina.udd.cl\/centro-quimica-medica\/difusion-y-extension\/libros\/","schema":{"@context":"https:\/\/schema.org","@graph":[{"@type":"WebPage","@id":"https:\/\/medicina.udd.cl\/centro-quimica-medica\/difusion-y-extension\/libros\/","url":"https:\/\/medicina.udd.cl\/centro-quimica-medica\/difusion-y-extension\/libros\/","name":"Libros - Centro de Qu\u00edmica M\u00e9dica","isPartOf":{"@id":"https:\/\/medicina.udd.cl\/centro-quimica-medica\/#website"},"primaryImageOfPage":{"@id":"https:\/\/medicina.udd.cl\/centro-quimica-medica\/difusion-y-extension\/libros\/#primaryimage"},"image":{"@id":"https:\/\/medicina.udd.cl\/centro-quimica-medica\/difusion-y-extension\/libros\/#primaryimage"},"thumbnailUrl":"https:\/\/medicina.udd.cl\/centro-quimica-medica\/files\/2017\/09\/Libro-1024x682.jpg","datePublished":"2017-09-01T19:18:09+00:00","dateModified":"2021-04-22T21:39:39+00:00","breadcrumb":{"@id":"https:\/\/medicina.udd.cl\/centro-quimica-medica\/difusion-y-extension\/libros\/#breadcrumb"},"inLanguage":"es","potentialAction":[{"@type":"ReadAction","target":["https:\/\/medicina.udd.cl\/centro-quimica-medica\/difusion-y-extension\/libros\/"]}]},{"@type":"ImageObject","inLanguage":"es","@id":"https:\/\/medicina.udd.cl\/centro-quimica-medica\/difusion-y-extension\/libros\/#primaryimage","url":"https:\/\/medicina.udd.cl\/centro-quimica-medica\/files\/2017\/09\/Libro.jpg","contentUrl":"https:\/\/medicina.udd.cl\/centro-quimica-medica\/files\/2017\/09\/Libro.jpg","width":4000,"height":2664},{"@type":"BreadcrumbList","@id":"https:\/\/medicina.udd.cl\/centro-quimica-medica\/difusion-y-extension\/libros\/#breadcrumb","itemListElement":[{"@type":"ListItem","position":1,"name":"Inicio","item":"https:\/\/medicina.udd.cl\/centro-quimica-medica\/"},{"@type":"ListItem","position":2,"name":"Difusi\u00f3n y extensi\u00f3n","item":"https:\/\/medicina.udd.cl\/centro-quimica-medica\/difusion-y-extension\/"},{"@type":"ListItem","position":3,"name":"Libros"}]},{"@type":"WebSite","@id":"https:\/\/medicina.udd.cl\/centro-quimica-medica\/#website","url":"https:\/\/medicina.udd.cl\/centro-quimica-medica\/","name":"Centro de Qu\u00edmica M\u00e9dica","description":"Otro sitio m\u00e1s de Medicina","inLanguage":"es"}]}},"_links":{"self":[{"href":"https:\/\/medicina.udd.cl\/centro-quimica-medica\/wp-json\/wp\/v2\/pages\/243","targetHints":{"allow":["GET"]}}],"collection":[{"href":"https:\/\/medicina.udd.cl\/centro-quimica-medica\/wp-json\/wp\/v2\/pages"}],"about":[{"href":"https:\/\/medicina.udd.cl\/centro-quimica-medica\/wp-json\/wp\/v2\/types\/page"}],"author":[{"embeddable":true,"href":"https:\/\/medicina.udd.cl\/centro-quimica-medica\/wp-json\/wp\/v2\/users\/1"}],"replies":[{"embeddable":true,"href":"https:\/\/medicina.udd.cl\/centro-quimica-medica\/wp-json\/wp\/v2\/comments?post=243"}],"version-history":[{"count":2,"href":"https:\/\/medicina.udd.cl\/centro-quimica-medica\/wp-json\/wp\/v2\/pages\/243\/revisions"}],"predecessor-version":[{"id":378,"href":"https:\/\/medicina.udd.cl\/centro-quimica-medica\/wp-json\/wp\/v2\/pages\/243\/revisions\/378"}],"up":[{"embeddable":true,"href":"https:\/\/medicina.udd.cl\/centro-quimica-medica\/wp-json\/wp\/v2\/pages\/216"}],"wp:attachment":[{"href":"https:\/\/medicina.udd.cl\/centro-quimica-medica\/wp-json\/wp\/v2\/media?parent=243"}],"curies":[{"name":"wp","href":"https:\/\/api.w.org\/{rel}","templated":true}]}}