{"id":248,"date":"2017-09-01T19:20:18","date_gmt":"2017-09-01T19:20:18","guid":{"rendered":"http:\/\/medicina.udd.cl\/centro-quimica-medica\/?page_id=248"},"modified":"2021-04-22T21:35:58","modified_gmt":"2021-04-22T21:35:58","slug":"actividades-de-extension","status":"publish","type":"page","link":"https:\/\/medicina.udd.cl\/centro-quimica-medica\/difusion-y-extension\/actividades-de-extension\/","title":{"rendered":"Actividades de extensi\u00f3n"},"content":{"rendered":"\n<p><strong>Semana de la Ciencia de Explora-Conicyt.<\/strong> Feria cient\u00edfica cuyo objetivo es llevar la ciencia de forma entretenida a alumnos de nivel escolar, con el fin de generar traspaso de conocimiento y sensibilizar a los j\u00f3venes para ser futuros cient\u00edficos. Actividad realizada en Octubre de 2016 en las dependencias del Centro de Qu\u00edmica M\u00e9dica y de nuestra Facultad, liderada por la Dra. Marcela Gazit\u00faa y la participaci\u00f3n del Dr. Cristian Calder\u00f3n y la QF. Bel\u00e9n Olivares.<\/p>\n\n\n\n<p><strong>\u201cEXPLORA 1000 cient\u00edficos, 1000 aulas\u201d<\/strong>, con la charla \u201cprote\u00ednas ex\u00f3ticas y solventes alternativos\u201d en Colegio Universitario Ingles (Providencia); International Country School (Puente Alto); Colegio Los Olmos (Puente Alto) y Colegio Pedro Ap\u00f3stol (Puente Alto) dictadas por el Dr. Cristian Calder\u00f3n.<\/p>\n\n\n\n<p><strong>Escuela Latinoamericana de Qu\u00edmica Verde.<\/strong> Taller de ense\u00f1anza en t\u00f3picos de la Qu\u00edmica Verde que pretende instruir y concientizar a la comunidad de profesores en estas materias y lo traspasen a sus estudiantes, con el af\u00e1n de crear una conciencia en los ni\u00f1os y j\u00f3venes con su entorno. Esta iniciativa es liderada por la Dra. Norma Nudelman de la Universidad de Buenos Aires. En 2016, \u00e9sta se realiz\u00f3 en la Universidad de Chile y CQM llev\u00f3 un experimento a los Trabajos Pr\u00e1cticos implementados en el curso.<\/p>\n\n\n\n<figure class=\"wp-block-gallery columns-3 is-cropped wp-block-gallery-1 is-layout-flex wp-block-gallery-is-layout-flex\"><ul class=\"blocks-gallery-grid\"><li class=\"blocks-gallery-item\"><figure><img loading=\"lazy\" decoding=\"async\" width=\"1024\" height=\"683\" src=\"https:\/\/medicina.udd.cl\/centro-quimica-medica\/files\/2017\/09\/Actividades-de-extensi\u00f3n-5-1-1024x683.jpg\" alt=\"\" data-id=\"259\" data-full-url=\"https:\/\/medicina.udd.cl\/centro-quimica-medica\/files\/2017\/09\/Actividades-de-extensi\u00f3n-5-1.jpg\" data-link=\"http:\/\/medicina.udd.cl\/centro-quimica-medica\/difusion-y-extension\/actividades-de-extension\/actividades-de-extension-5-1\/\" class=\"wp-image-259\" srcset=\"https:\/\/medicina.udd.cl\/centro-quimica-medica\/files\/2017\/09\/Actividades-de-extensi\u00f3n-5-1-1024x683.jpg 1024w, https:\/\/medicina.udd.cl\/centro-quimica-medica\/files\/2017\/09\/Actividades-de-extensi\u00f3n-5-1-300x200.jpg 300w, https:\/\/medicina.udd.cl\/centro-quimica-medica\/files\/2017\/09\/Actividades-de-extensi\u00f3n-5-1-768x512.jpg 768w, https:\/\/medicina.udd.cl\/centro-quimica-medica\/files\/2017\/09\/Actividades-de-extensi\u00f3n-5-1-960x640.jpg 960w\" sizes=\"auto, (max-width: 1024px) 100vw, 1024px\" \/><\/figure><\/li><li class=\"blocks-gallery-item\"><figure><img loading=\"lazy\" decoding=\"async\" width=\"768\" height=\"1024\" src=\"https:\/\/medicina.udd.cl\/centro-quimica-medica\/files\/2017\/09\/actividades-extensi\u00f3n-3-768x1024.jpg\" alt=\"\" data-id=\"255\" data-full-url=\"https:\/\/medicina.udd.cl\/centro-quimica-medica\/files\/2017\/09\/actividades-extensi\u00f3n-3.jpg\" data-link=\"http:\/\/medicina.udd.cl\/centro-quimica-medica\/difusion-y-extension\/actividades-de-extension\/actividades-extension-3\/\" class=\"wp-image-255\" srcset=\"https:\/\/medicina.udd.cl\/centro-quimica-medica\/files\/2017\/09\/actividades-extensi\u00f3n-3-768x1024.jpg 768w, https:\/\/medicina.udd.cl\/centro-quimica-medica\/files\/2017\/09\/actividades-extensi\u00f3n-3-225x300.jpg 225w, https:\/\/medicina.udd.cl\/centro-quimica-medica\/files\/2017\/09\/actividades-extensi\u00f3n-3-720x960.jpg 720w, https:\/\/medicina.udd.cl\/centro-quimica-medica\/files\/2017\/09\/actividades-extensi\u00f3n-3.jpg 960w\" sizes=\"auto, (max-width: 768px) 100vw, 768px\" \/><\/figure><\/li><li class=\"blocks-gallery-item\"><figure><img loading=\"lazy\" decoding=\"async\" width=\"1024\" height=\"683\" src=\"https:\/\/medicina.udd.cl\/centro-quimica-medica\/files\/2017\/09\/Actividades-de-extensi\u00f3n-5-4-1024x683.jpg\" alt=\"\" data-id=\"262\" data-full-url=\"https:\/\/medicina.udd.cl\/centro-quimica-medica\/files\/2017\/09\/Actividades-de-extensi\u00f3n-5-4.jpg\" data-link=\"http:\/\/medicina.udd.cl\/centro-quimica-medica\/difusion-y-extension\/actividades-de-extension\/actividades-de-extension-5-4\/\" class=\"wp-image-262\" srcset=\"https:\/\/medicina.udd.cl\/centro-quimica-medica\/files\/2017\/09\/Actividades-de-extensi\u00f3n-5-4-1024x683.jpg 1024w, https:\/\/medicina.udd.cl\/centro-quimica-medica\/files\/2017\/09\/Actividades-de-extensi\u00f3n-5-4-300x200.jpg 300w, https:\/\/medicina.udd.cl\/centro-quimica-medica\/files\/2017\/09\/Actividades-de-extensi\u00f3n-5-4-768x512.jpg 768w, https:\/\/medicina.udd.cl\/centro-quimica-medica\/files\/2017\/09\/Actividades-de-extensi\u00f3n-5-4-960x640.jpg 960w\" sizes=\"auto, (max-width: 1024px) 100vw, 1024px\" \/><\/figure><\/li><li class=\"blocks-gallery-item\"><figure><img loading=\"lazy\" decoding=\"async\" width=\"1024\" height=\"683\" src=\"https:\/\/medicina.udd.cl\/centro-quimica-medica\/files\/2017\/09\/Actividades-de-extensi\u00f3n-5-2-1024x683.jpg\" alt=\"\" data-id=\"260\" data-full-url=\"https:\/\/medicina.udd.cl\/centro-quimica-medica\/files\/2017\/09\/Actividades-de-extensi\u00f3n-5-2.jpg\" data-link=\"http:\/\/medicina.udd.cl\/centro-quimica-medica\/difusion-y-extension\/actividades-de-extension\/actividades-de-extension-5-2\/\" class=\"wp-image-260\" srcset=\"https:\/\/medicina.udd.cl\/centro-quimica-medica\/files\/2017\/09\/Actividades-de-extensi\u00f3n-5-2-1024x683.jpg 1024w, https:\/\/medicina.udd.cl\/centro-quimica-medica\/files\/2017\/09\/Actividades-de-extensi\u00f3n-5-2-300x200.jpg 300w, https:\/\/medicina.udd.cl\/centro-quimica-medica\/files\/2017\/09\/Actividades-de-extensi\u00f3n-5-2-768x512.jpg 768w, https:\/\/medicina.udd.cl\/centro-quimica-medica\/files\/2017\/09\/Actividades-de-extensi\u00f3n-5-2-960x640.jpg 960w\" sizes=\"auto, (max-width: 1024px) 100vw, 1024px\" \/><\/figure><\/li><li class=\"blocks-gallery-item\"><figure><img loading=\"lazy\" decoding=\"async\" width=\"776\" height=\"582\" src=\"https:\/\/medicina.udd.cl\/centro-quimica-medica\/files\/2017\/09\/actividades-extensi\u00f3n-2.jpg\" alt=\"\" data-id=\"254\" data-full-url=\"https:\/\/medicina.udd.cl\/centro-quimica-medica\/files\/2017\/09\/actividades-extensi\u00f3n-2.jpg\" data-link=\"http:\/\/medicina.udd.cl\/centro-quimica-medica\/difusion-y-extension\/actividades-de-extension\/actividades-extension-2\/\" class=\"wp-image-254\" srcset=\"https:\/\/medicina.udd.cl\/centro-quimica-medica\/files\/2017\/09\/actividades-extensi\u00f3n-2.jpg 776w, https:\/\/medicina.udd.cl\/centro-quimica-medica\/files\/2017\/09\/actividades-extensi\u00f3n-2-300x225.jpg 300w, https:\/\/medicina.udd.cl\/centro-quimica-medica\/files\/2017\/09\/actividades-extensi\u00f3n-2-768x576.jpg 768w\" sizes=\"auto, (max-width: 776px) 100vw, 776px\" \/><\/figure><\/li><li class=\"blocks-gallery-item\"><figure><img loading=\"lazy\" decoding=\"async\" width=\"960\" height=\"747\" src=\"https:\/\/medicina.udd.cl\/centro-quimica-medica\/files\/2017\/09\/actividades-extensi\u00f3n-4.jpg\" alt=\"\" data-id=\"257\" data-full-url=\"https:\/\/medicina.udd.cl\/centro-quimica-medica\/files\/2017\/09\/actividades-extensi\u00f3n-4.jpg\" data-link=\"http:\/\/medicina.udd.cl\/centro-quimica-medica\/difusion-y-extension\/actividades-de-extension\/actividades-extension-4\/\" class=\"wp-image-257\" srcset=\"https:\/\/medicina.udd.cl\/centro-quimica-medica\/files\/2017\/09\/actividades-extensi\u00f3n-4.jpg 960w, https:\/\/medicina.udd.cl\/centro-quimica-medica\/files\/2017\/09\/actividades-extensi\u00f3n-4-300x233.jpg 300w, https:\/\/medicina.udd.cl\/centro-quimica-medica\/files\/2017\/09\/actividades-extensi\u00f3n-4-768x598.jpg 768w\" sizes=\"auto, (max-width: 960px) 100vw, 960px\" \/><\/figure><\/li><\/ul><\/figure>\n","protected":false},"excerpt":{"rendered":"<p>Semana de la Ciencia de Explora-Conicyt. Feria cient\u00edfica cuyo objetivo es llevar la ciencia de forma entretenida a alumnos de nivel escolar, con el fin de generar traspaso de conocimiento y sensibilizar a los j\u00f3venes para ser futuros cient\u00edficos. Actividad realizada en Octubre de 2016 en las dependencias del Centro de Qu\u00edmica M\u00e9dica y de [&hellip;]<\/p>\n","protected":false},"author":1,"featured_media":0,"parent":216,"menu_order":0,"comment_status":"closed","ping_status":"closed","template":"","meta":{"footnotes":""},"class_list":["post-248","page","type-page","status-publish","hentry"],"yoast_head":"<!-- This site is optimized with the Yoast SEO plugin v26.9 - https:\/\/yoast.com\/product\/yoast-seo-wordpress\/ -->\n<title>Actividades de extensi\u00f3n - Centro de Qu\u00edmica M\u00e9dica<\/title>\n<meta name=\"robots\" content=\"index, follow, max-snippet:-1, max-image-preview:large, max-video-preview:-1\" \/>\n<link rel=\"canonical\" href=\"https:\/\/medicina.udd.cl\/centro-quimica-medica\/difusion-y-extension\/actividades-de-extension\/\" \/>\n<meta name=\"twitter:label1\" content=\"Tiempo de lectura\" \/>\n\t<meta name=\"twitter:data1\" content=\"1 minuto\" \/>\n<script type=\"application\/ld+json\" class=\"yoast-schema-graph\">{\"@context\":\"https:\/\/schema.org\",\"@graph\":[{\"@type\":\"WebPage\",\"@id\":\"https:\/\/medicina.udd.cl\/centro-quimica-medica\/difusion-y-extension\/actividades-de-extension\/\",\"url\":\"https:\/\/medicina.udd.cl\/centro-quimica-medica\/difusion-y-extension\/actividades-de-extension\/\",\"name\":\"Actividades de extensi\u00f3n - Centro de Qu\u00edmica M\u00e9dica\",\"isPartOf\":{\"@id\":\"https:\/\/medicina.udd.cl\/centro-quimica-medica\/#website\"},\"datePublished\":\"2017-09-01T19:20:18+00:00\",\"dateModified\":\"2021-04-22T21:35:58+00:00\",\"breadcrumb\":{\"@id\":\"https:\/\/medicina.udd.cl\/centro-quimica-medica\/difusion-y-extension\/actividades-de-extension\/#breadcrumb\"},\"inLanguage\":\"es\",\"potentialAction\":[{\"@type\":\"ReadAction\",\"target\":[\"https:\/\/medicina.udd.cl\/centro-quimica-medica\/difusion-y-extension\/actividades-de-extension\/\"]}]},{\"@type\":\"BreadcrumbList\",\"@id\":\"https:\/\/medicina.udd.cl\/centro-quimica-medica\/difusion-y-extension\/actividades-de-extension\/#breadcrumb\",\"itemListElement\":[{\"@type\":\"ListItem\",\"position\":1,\"name\":\"Inicio\",\"item\":\"https:\/\/medicina.udd.cl\/centro-quimica-medica\/\"},{\"@type\":\"ListItem\",\"position\":2,\"name\":\"Difusi\u00f3n y extensi\u00f3n\",\"item\":\"https:\/\/medicina.udd.cl\/centro-quimica-medica\/difusion-y-extension\/\"},{\"@type\":\"ListItem\",\"position\":3,\"name\":\"Actividades de extensi\u00f3n\"}]},{\"@type\":\"WebSite\",\"@id\":\"https:\/\/medicina.udd.cl\/centro-quimica-medica\/#website\",\"url\":\"https:\/\/medicina.udd.cl\/centro-quimica-medica\/\",\"name\":\"Centro de Qu\u00edmica M\u00e9dica\",\"description\":\"Otro sitio m\u00e1s de Medicina\",\"inLanguage\":\"es\"}]}<\/script>\n<!-- \/ Yoast SEO plugin. -->","yoast_head_json":{"title":"Actividades de extensi\u00f3n - Centro de Qu\u00edmica M\u00e9dica","robots":{"index":"index","follow":"follow","max-snippet":"max-snippet:-1","max-image-preview":"max-image-preview:large","max-video-preview":"max-video-preview:-1"},"canonical":"https:\/\/medicina.udd.cl\/centro-quimica-medica\/difusion-y-extension\/actividades-de-extension\/","twitter_misc":{"Tiempo de lectura":"1 minuto"},"schema":{"@context":"https:\/\/schema.org","@graph":[{"@type":"WebPage","@id":"https:\/\/medicina.udd.cl\/centro-quimica-medica\/difusion-y-extension\/actividades-de-extension\/","url":"https:\/\/medicina.udd.cl\/centro-quimica-medica\/difusion-y-extension\/actividades-de-extension\/","name":"Actividades de extensi\u00f3n - Centro de Qu\u00edmica M\u00e9dica","isPartOf":{"@id":"https:\/\/medicina.udd.cl\/centro-quimica-medica\/#website"},"datePublished":"2017-09-01T19:20:18+00:00","dateModified":"2021-04-22T21:35:58+00:00","breadcrumb":{"@id":"https:\/\/medicina.udd.cl\/centro-quimica-medica\/difusion-y-extension\/actividades-de-extension\/#breadcrumb"},"inLanguage":"es","potentialAction":[{"@type":"ReadAction","target":["https:\/\/medicina.udd.cl\/centro-quimica-medica\/difusion-y-extension\/actividades-de-extension\/"]}]},{"@type":"BreadcrumbList","@id":"https:\/\/medicina.udd.cl\/centro-quimica-medica\/difusion-y-extension\/actividades-de-extension\/#breadcrumb","itemListElement":[{"@type":"ListItem","position":1,"name":"Inicio","item":"https:\/\/medicina.udd.cl\/centro-quimica-medica\/"},{"@type":"ListItem","position":2,"name":"Difusi\u00f3n y extensi\u00f3n","item":"https:\/\/medicina.udd.cl\/centro-quimica-medica\/difusion-y-extension\/"},{"@type":"ListItem","position":3,"name":"Actividades de extensi\u00f3n"}]},{"@type":"WebSite","@id":"https:\/\/medicina.udd.cl\/centro-quimica-medica\/#website","url":"https:\/\/medicina.udd.cl\/centro-quimica-medica\/","name":"Centro de Qu\u00edmica M\u00e9dica","description":"Otro sitio m\u00e1s de Medicina","inLanguage":"es"}]}},"_links":{"self":[{"href":"https:\/\/medicina.udd.cl\/centro-quimica-medica\/wp-json\/wp\/v2\/pages\/248","targetHints":{"allow":["GET"]}}],"collection":[{"href":"https:\/\/medicina.udd.cl\/centro-quimica-medica\/wp-json\/wp\/v2\/pages"}],"about":[{"href":"https:\/\/medicina.udd.cl\/centro-quimica-medica\/wp-json\/wp\/v2\/types\/page"}],"author":[{"embeddable":true,"href":"https:\/\/medicina.udd.cl\/centro-quimica-medica\/wp-json\/wp\/v2\/users\/1"}],"replies":[{"embeddable":true,"href":"https:\/\/medicina.udd.cl\/centro-quimica-medica\/wp-json\/wp\/v2\/comments?post=248"}],"version-history":[{"count":8,"href":"https:\/\/medicina.udd.cl\/centro-quimica-medica\/wp-json\/wp\/v2\/pages\/248\/revisions"}],"predecessor-version":[{"id":374,"href":"https:\/\/medicina.udd.cl\/centro-quimica-medica\/wp-json\/wp\/v2\/pages\/248\/revisions\/374"}],"up":[{"embeddable":true,"href":"https:\/\/medicina.udd.cl\/centro-quimica-medica\/wp-json\/wp\/v2\/pages\/216"}],"wp:attachment":[{"href":"https:\/\/medicina.udd.cl\/centro-quimica-medica\/wp-json\/wp\/v2\/media?parent=248"}],"curies":[{"name":"wp","href":"https:\/\/api.w.org\/{rel}","templated":true}]}}