{"id":266,"date":"2017-09-01T19:29:37","date_gmt":"2017-09-01T19:29:37","guid":{"rendered":"http:\/\/medicina.udd.cl\/centro-quimica-medica\/?page_id=266"},"modified":"2021-04-22T21:38:59","modified_gmt":"2021-04-22T21:38:59","slug":"estadias-de-investigacion-en-el-extranjero","status":"publish","type":"page","link":"https:\/\/medicina.udd.cl\/centro-quimica-medica\/difusion-y-extension\/estadias-de-investigacion-en-el-extranjero\/","title":{"rendered":"Estad\u00edas de investigaci\u00f3n en el extranjero"},"content":{"rendered":"\n<h4 class=\"wp-block-heading\">2016 <\/h4>\n\n\n\n<p>Universita degli studi di Palermo. Sicilia, Italia.<\/p>\n\n\n\n<h4 class=\"wp-block-heading\">2014<\/h4>\n\n\n\n<p>Universita degli studi di Palermo. Sicilia, Italia.<\/p>\n\n\n\n<h4 class=\"wp-block-heading\">2013<\/h4>\n\n\n\n<p>Universita degli studi di Palermo. Sicilia, Italia.<\/p>\n\n\n\n<h4 class=\"wp-block-heading\">2010<\/h4>\n\n\n\n<p>Universidad Aut\u00f3noma Metropolitana (UAM)-Iztapalapa. Ciudad de M\u00e9xico, M\u00e9xico.<\/p>\n\n\n\n<h4 class=\"wp-block-heading\">2009<\/h4>\n\n\n\n<p>Universitat Jaume I, Escola Superior de Tecnolog\u00eda I, Ci\u00e8nces Experimentals, Campus del Riu Sec. Castell\u00f3 de la Plana, Espa\u00f1a.<\/p>\n\n\n\n<h4 class=\"wp-block-heading\">2008<\/h4>\n\n\n\n<p>Universitat Jaume I, Escola Superior de Tecnolog\u00eda I, Ci\u00e8nces Experimentals, Campus del Riu Sec. Castell\u00f3 de la Plana, Espa\u00f1a.<\/p>\n\n\n\n<h4 class=\"wp-block-heading\">2006<\/h4>\n\n\n\n<p>Universitat Jaume I, Escola Superior de Tecnolog\u00eda I, Ci\u00e8nces Experimentals, Campus del Riu Sec. Castell\u00f3 de la Plana, Espa\u00f1a.<\/p>\n","protected":false},"excerpt":{"rendered":"<p>2016 Universita degli studi di Palermo. Sicilia, Italia. 2014 Universita degli studi di Palermo. Sicilia, Italia. 2013 Universita degli studi di Palermo. Sicilia, Italia. 2010 Universidad Aut\u00f3noma Metropolitana (UAM)-Iztapalapa. Ciudad de M\u00e9xico, M\u00e9xico. 2009 Universitat Jaume I, Escola Superior de Tecnolog\u00eda I, Ci\u00e8nces Experimentals, Campus del Riu Sec. Castell\u00f3 de la Plana, Espa\u00f1a. 2008 Universitat [&hellip;]<\/p>\n","protected":false},"author":1,"featured_media":0,"parent":216,"menu_order":0,"comment_status":"closed","ping_status":"closed","template":"","meta":{"footnotes":""},"class_list":["post-266","page","type-page","status-publish","hentry"],"yoast_head":"<!-- This site is optimized with the Yoast SEO plugin v26.9 - https:\/\/yoast.com\/product\/yoast-seo-wordpress\/ -->\n<title>Estad\u00edas de investigaci\u00f3n en el extranjero - Centro de Qu\u00edmica M\u00e9dica<\/title>\n<meta name=\"robots\" content=\"index, follow, max-snippet:-1, max-image-preview:large, max-video-preview:-1\" \/>\n<link rel=\"canonical\" href=\"https:\/\/medicina.udd.cl\/centro-quimica-medica\/difusion-y-extension\/estadias-de-investigacion-en-el-extranjero\/\" \/>\n<script type=\"application\/ld+json\" class=\"yoast-schema-graph\">{\"@context\":\"https:\/\/schema.org\",\"@graph\":[{\"@type\":\"WebPage\",\"@id\":\"https:\/\/medicina.udd.cl\/centro-quimica-medica\/difusion-y-extension\/estadias-de-investigacion-en-el-extranjero\/\",\"url\":\"https:\/\/medicina.udd.cl\/centro-quimica-medica\/difusion-y-extension\/estadias-de-investigacion-en-el-extranjero\/\",\"name\":\"Estad\u00edas de investigaci\u00f3n en el extranjero - Centro de Qu\u00edmica M\u00e9dica\",\"isPartOf\":{\"@id\":\"https:\/\/medicina.udd.cl\/centro-quimica-medica\/#website\"},\"datePublished\":\"2017-09-01T19:29:37+00:00\",\"dateModified\":\"2021-04-22T21:38:59+00:00\",\"breadcrumb\":{\"@id\":\"https:\/\/medicina.udd.cl\/centro-quimica-medica\/difusion-y-extension\/estadias-de-investigacion-en-el-extranjero\/#breadcrumb\"},\"inLanguage\":\"es\",\"potentialAction\":[{\"@type\":\"ReadAction\",\"target\":[\"https:\/\/medicina.udd.cl\/centro-quimica-medica\/difusion-y-extension\/estadias-de-investigacion-en-el-extranjero\/\"]}]},{\"@type\":\"BreadcrumbList\",\"@id\":\"https:\/\/medicina.udd.cl\/centro-quimica-medica\/difusion-y-extension\/estadias-de-investigacion-en-el-extranjero\/#breadcrumb\",\"itemListElement\":[{\"@type\":\"ListItem\",\"position\":1,\"name\":\"Inicio\",\"item\":\"https:\/\/medicina.udd.cl\/centro-quimica-medica\/\"},{\"@type\":\"ListItem\",\"position\":2,\"name\":\"Difusi\u00f3n y extensi\u00f3n\",\"item\":\"https:\/\/medicina.udd.cl\/centro-quimica-medica\/difusion-y-extension\/\"},{\"@type\":\"ListItem\",\"position\":3,\"name\":\"Estad\u00edas de investigaci\u00f3n en el extranjero\"}]},{\"@type\":\"WebSite\",\"@id\":\"https:\/\/medicina.udd.cl\/centro-quimica-medica\/#website\",\"url\":\"https:\/\/medicina.udd.cl\/centro-quimica-medica\/\",\"name\":\"Centro de Qu\u00edmica M\u00e9dica\",\"description\":\"Otro sitio m\u00e1s de Medicina\",\"inLanguage\":\"es\"}]}<\/script>\n<!-- \/ Yoast SEO plugin. -->","yoast_head_json":{"title":"Estad\u00edas de investigaci\u00f3n en el extranjero - Centro de Qu\u00edmica M\u00e9dica","robots":{"index":"index","follow":"follow","max-snippet":"max-snippet:-1","max-image-preview":"max-image-preview:large","max-video-preview":"max-video-preview:-1"},"canonical":"https:\/\/medicina.udd.cl\/centro-quimica-medica\/difusion-y-extension\/estadias-de-investigacion-en-el-extranjero\/","schema":{"@context":"https:\/\/schema.org","@graph":[{"@type":"WebPage","@id":"https:\/\/medicina.udd.cl\/centro-quimica-medica\/difusion-y-extension\/estadias-de-investigacion-en-el-extranjero\/","url":"https:\/\/medicina.udd.cl\/centro-quimica-medica\/difusion-y-extension\/estadias-de-investigacion-en-el-extranjero\/","name":"Estad\u00edas de investigaci\u00f3n en el extranjero - Centro de Qu\u00edmica M\u00e9dica","isPartOf":{"@id":"https:\/\/medicina.udd.cl\/centro-quimica-medica\/#website"},"datePublished":"2017-09-01T19:29:37+00:00","dateModified":"2021-04-22T21:38:59+00:00","breadcrumb":{"@id":"https:\/\/medicina.udd.cl\/centro-quimica-medica\/difusion-y-extension\/estadias-de-investigacion-en-el-extranjero\/#breadcrumb"},"inLanguage":"es","potentialAction":[{"@type":"ReadAction","target":["https:\/\/medicina.udd.cl\/centro-quimica-medica\/difusion-y-extension\/estadias-de-investigacion-en-el-extranjero\/"]}]},{"@type":"BreadcrumbList","@id":"https:\/\/medicina.udd.cl\/centro-quimica-medica\/difusion-y-extension\/estadias-de-investigacion-en-el-extranjero\/#breadcrumb","itemListElement":[{"@type":"ListItem","position":1,"name":"Inicio","item":"https:\/\/medicina.udd.cl\/centro-quimica-medica\/"},{"@type":"ListItem","position":2,"name":"Difusi\u00f3n y extensi\u00f3n","item":"https:\/\/medicina.udd.cl\/centro-quimica-medica\/difusion-y-extension\/"},{"@type":"ListItem","position":3,"name":"Estad\u00edas de investigaci\u00f3n en el extranjero"}]},{"@type":"WebSite","@id":"https:\/\/medicina.udd.cl\/centro-quimica-medica\/#website","url":"https:\/\/medicina.udd.cl\/centro-quimica-medica\/","name":"Centro de Qu\u00edmica M\u00e9dica","description":"Otro sitio m\u00e1s de Medicina","inLanguage":"es"}]}},"_links":{"self":[{"href":"https:\/\/medicina.udd.cl\/centro-quimica-medica\/wp-json\/wp\/v2\/pages\/266","targetHints":{"allow":["GET"]}}],"collection":[{"href":"https:\/\/medicina.udd.cl\/centro-quimica-medica\/wp-json\/wp\/v2\/pages"}],"about":[{"href":"https:\/\/medicina.udd.cl\/centro-quimica-medica\/wp-json\/wp\/v2\/types\/page"}],"author":[{"embeddable":true,"href":"https:\/\/medicina.udd.cl\/centro-quimica-medica\/wp-json\/wp\/v2\/users\/1"}],"replies":[{"embeddable":true,"href":"https:\/\/medicina.udd.cl\/centro-quimica-medica\/wp-json\/wp\/v2\/comments?post=266"}],"version-history":[{"count":3,"href":"https:\/\/medicina.udd.cl\/centro-quimica-medica\/wp-json\/wp\/v2\/pages\/266\/revisions"}],"predecessor-version":[{"id":377,"href":"https:\/\/medicina.udd.cl\/centro-quimica-medica\/wp-json\/wp\/v2\/pages\/266\/revisions\/377"}],"up":[{"embeddable":true,"href":"https:\/\/medicina.udd.cl\/centro-quimica-medica\/wp-json\/wp\/v2\/pages\/216"}],"wp:attachment":[{"href":"https:\/\/medicina.udd.cl\/centro-quimica-medica\/wp-json\/wp\/v2\/media?parent=266"}],"curies":[{"name":"wp","href":"https:\/\/api.w.org\/{rel}","templated":true}]}}