{"id":274,"date":"2017-09-01T19:36:45","date_gmt":"2017-09-01T19:36:45","guid":{"rendered":"http:\/\/medicina.udd.cl\/centro-quimica-medica\/?page_id=274"},"modified":"2021-04-22T21:25:57","modified_gmt":"2021-04-22T21:25:57","slug":"pregrado","status":"publish","type":"page","link":"https:\/\/medicina.udd.cl\/centro-quimica-medica\/formacion-capital-humano\/pregrado\/","title":{"rendered":"Pregrado"},"content":{"rendered":"\n<h2 class=\"wp-block-heading\">2009 <\/h2>\n\n\n\n<p>Sr. Rodrigo Ormaz\u00e1bal Toledo.<br>Licenciatura en Ciencias menci\u00f3n Qu\u00edmica de la Universidad de Chile.<br><strong>KINETICS AND MECHANISTIC STUDY ON AROMATIC NUCLEOPHILIC SUBSTITUTION REACTIONS.<\/strong><br>Director Tesis: Dra. Paola Campod\u00f3nico<\/p>\n\n\n\n<h2 class=\"wp-block-heading\">2011<\/h2>\n\n\n\n<p>Sr. Sebastian Gallardo Fuentes.<br>Licenciatura en Ciencias menci\u00f3n Qu\u00edmica de la Universidad de Chile.<br><strong>KINETICS AND MECHANISTIC STUDY ON AROMATIC NUCLEOPHILIC SUBSTITUTION REACTIONS ON HETEROCICLIC SYSTEMS: EXPERIMENTAL AND THEORETICAL STUDIES.<\/strong><br>Director Tesis: Dra. Paola Campod\u00f3nico<\/p>\n\n\n\n<h2 class=\"wp-block-heading\">2012<\/h2>\n\n\n\n<p>Srta. Jazm\u00edn Alarc\u00f3n Esposito.<br>Licenciatura en Ciencias menci\u00f3n Qu\u00edmica de la Universidad de Chile.<br><strong>KINETICS AND MECHANISTIC STUDY ON AROMATIC NUCLEOPHILIC SUBSTITUTION REACTIONS WITH BIOTHIOLS.<\/strong><br>Director Tesis: Dra. Paola Campod\u00f3nico<\/p>\n\n\n\n<h2 class=\"wp-block-heading\">2013<\/h2>\n\n\n\n<p>Srta. Constanza Garrido.<br>Licenciatura en Ciencias menci\u00f3n Qu\u00edmica de la Universidad de Chile.<br><strong>ESTUDIO EXPERIMENTAL EN REACCIONES DE SUSTITUCI\u00d3N NUCLEOFILICA AROM\u00c1TICA EN MEZCLAS BINARIAS DE SOLVENTES.<\/strong><br>Director Tesis: Dra. Paola Campod\u00f3nico<\/p>\n\n\n\n<p>Srta. Karen Gonz\u00e1lez.<br>Licenciatura en Ciencias menci\u00f3n Qu\u00edmica de la Universidad de Chile.<br><strong>ESTUDIO EXPERIMENTAL EN REACCIONES DE SUSTITUCI\u00d3N NUCLEOFILICA AROM\u00c1TICA UTILIZANDO OXIMA COMO NUCLEOFILOS.<\/strong><br>Director Tesis: Dra. Paola Campod\u00f3nico<\/p>\n\n\n\n<h2 class=\"wp-block-heading\">2014<\/h2>\n\n\n\n<p>Srta. Rayen Polo.<br>Qu\u00edmica Ambiental. Universidad de Chile.<br><strong>EXTRACCI\u00d3N DE C-FICOCIANINA CON LIQUIDOS I\u00d3NICOS Y MEZCLAS BINARIAS LIQUIDOS I\u00d3NICOS\/AGUA DE ALGAS DE AGUA DULCE.<\/strong><br>Director Tesis: Dra. Paola Campod\u00f3nico2<\/p>\n\n\n\n<h2 class=\"wp-block-heading\">2016<\/h2>\n\n\n\n<p>Sr. Bruno Sanchez.<br>Licenciatura en Ciencias menci\u00f3n Qu\u00edmica de la Universidad de Chile.<br><strong>ESTUDIO CIN\u00c9TICOS DEPENDIENTES DEL SOLVENTE DE DERIVADOS DE QUINAZOLINA<\/strong><br>Director Tesis: Dra. Paola Campod\u00f3nico<\/p>\n\n\n\n<h2 class=\"wp-block-heading\">2017<\/h2>\n\n\n\n<p>Srta. Camila Moreno.<br>Licenciatura en Ciencias menci\u00f3n Qu\u00edmica de la Universidad de Chile.<br><strong>ESTUDIO DE LA FLUORESCENCIA DE 1-HIDROXIPIRENO Y SU POTENCIAL UTILIDAD EN LA DETERMINACI\u00d3N DE LA BASICIDAD DE ANIONES EN L\u00cdQUIDOS I\u00d3NICOS DE LA SERIE DEL 1-BUTIL-3-METILIMIDAZOLIO<\/strong><br>*Esta tesis fue co-tutelada por el Dr. Cristian Calder\u00f3n.<br>Director Tesis: Dra. Paola Campod\u00f3nico<\/p>\n\n\n\n<p><strong>SEPARACI\u00d3N DE PROPRANOLOL DESDE SOLUCIONES ACUOSAS UTILIZANDO L\u00cdQUIDOS I\u00d3NICOS HIDROF\u00d3BICOS Y SU POSTERIOR RECUPERACI\u00d3N CON FLUIDOS SUPERCR\u00cdTICOS<\/strong><br>Director Tesis: Dra. Marcela Gazit\u00faa<\/p>\n\n\n\n<figure class=\"wp-block-gallery columns-2 is-cropped wp-block-gallery-1 is-layout-flex wp-block-gallery-is-layout-flex\"><ul class=\"blocks-gallery-grid\"><li class=\"blocks-gallery-item\"><figure><img loading=\"lazy\" decoding=\"async\" width=\"730\" height=\"485\" src=\"https:\/\/medicina.udd.cl\/centro-quimica-medica\/files\/2017\/09\/formacion-capital-humano2.jpg\" alt=\"\" data-id=\"276\" data-full-url=\"https:\/\/medicina.udd.cl\/centro-quimica-medica\/files\/2017\/09\/formacion-capital-humano2.jpg\" data-link=\"http:\/\/medicina.udd.cl\/centro-quimica-medica\/formacion-capital-humano\/pregrado\/formacion-capital-humano2\/\" class=\"wp-image-276\" srcset=\"https:\/\/medicina.udd.cl\/centro-quimica-medica\/files\/2017\/09\/formacion-capital-humano2.jpg 730w, https:\/\/medicina.udd.cl\/centro-quimica-medica\/files\/2017\/09\/formacion-capital-humano2-300x199.jpg 300w\" sizes=\"auto, (max-width: 730px) 100vw, 730px\" \/><\/figure><\/li><li class=\"blocks-gallery-item\"><figure><img loading=\"lazy\" decoding=\"async\" width=\"645\" height=\"430\" src=\"https:\/\/medicina.udd.cl\/centro-quimica-medica\/files\/2017\/09\/formacion-capital-humano1.jpg\" alt=\"\" data-id=\"275\" data-full-url=\"https:\/\/medicina.udd.cl\/centro-quimica-medica\/files\/2017\/09\/formacion-capital-humano1.jpg\" data-link=\"http:\/\/medicina.udd.cl\/centro-quimica-medica\/formacion-capital-humano\/pregrado\/formacion-capital-humano1\/\" class=\"wp-image-275\" srcset=\"https:\/\/medicina.udd.cl\/centro-quimica-medica\/files\/2017\/09\/formacion-capital-humano1.jpg 645w, https:\/\/medicina.udd.cl\/centro-quimica-medica\/files\/2017\/09\/formacion-capital-humano1-300x200.jpg 300w\" sizes=\"auto, (max-width: 645px) 100vw, 645px\" \/><\/figure><\/li><\/ul><\/figure>\n","protected":false},"excerpt":{"rendered":"<p>2009 Sr. Rodrigo Ormaz\u00e1bal Toledo.Licenciatura en Ciencias menci\u00f3n Qu\u00edmica de la Universidad de Chile.KINETICS AND MECHANISTIC STUDY ON AROMATIC NUCLEOPHILIC SUBSTITUTION REACTIONS.Director Tesis: Dra. Paola Campod\u00f3nico 2011 Sr. Sebastian Gallardo Fuentes.Licenciatura en Ciencias menci\u00f3n Qu\u00edmica de la Universidad de Chile.KINETICS AND MECHANISTIC STUDY ON AROMATIC NUCLEOPHILIC SUBSTITUTION REACTIONS ON HETEROCICLIC SYSTEMS: EXPERIMENTAL AND THEORETICAL STUDIES.Director [&hellip;]<\/p>\n","protected":false},"author":1,"featured_media":0,"parent":286,"menu_order":0,"comment_status":"closed","ping_status":"closed","template":"","meta":{"footnotes":""},"class_list":["post-274","page","type-page","status-publish","hentry"],"yoast_head":"<!-- This site is optimized with the Yoast SEO plugin v26.9 - https:\/\/yoast.com\/product\/yoast-seo-wordpress\/ -->\n<title>Pregrado - Centro de Qu\u00edmica M\u00e9dica<\/title>\n<meta name=\"robots\" content=\"index, follow, max-snippet:-1, max-image-preview:large, max-video-preview:-1\" \/>\n<link rel=\"canonical\" href=\"https:\/\/medicina.udd.cl\/centro-quimica-medica\/formacion-capital-humano\/pregrado\/\" \/>\n<meta name=\"twitter:label1\" content=\"Tiempo de lectura\" \/>\n\t<meta name=\"twitter:data1\" content=\"2 minutos\" \/>\n<script type=\"application\/ld+json\" class=\"yoast-schema-graph\">{\"@context\":\"https:\/\/schema.org\",\"@graph\":[{\"@type\":\"WebPage\",\"@id\":\"https:\/\/medicina.udd.cl\/centro-quimica-medica\/formacion-capital-humano\/pregrado\/\",\"url\":\"https:\/\/medicina.udd.cl\/centro-quimica-medica\/formacion-capital-humano\/pregrado\/\",\"name\":\"Pregrado - Centro de Qu\u00edmica M\u00e9dica\",\"isPartOf\":{\"@id\":\"https:\/\/medicina.udd.cl\/centro-quimica-medica\/#website\"},\"primaryImageOfPage\":{\"@id\":\"https:\/\/medicina.udd.cl\/centro-quimica-medica\/formacion-capital-humano\/pregrado\/#primaryimage\"},\"image\":{\"@id\":\"https:\/\/medicina.udd.cl\/centro-quimica-medica\/formacion-capital-humano\/pregrado\/#primaryimage\"},\"thumbnailUrl\":\"https:\/\/medicina.udd.cl\/centro-quimica-medica\/files\/2017\/09\/formacion-capital-humano2.jpg\",\"datePublished\":\"2017-09-01T19:36:45+00:00\",\"dateModified\":\"2021-04-22T21:25:57+00:00\",\"breadcrumb\":{\"@id\":\"https:\/\/medicina.udd.cl\/centro-quimica-medica\/formacion-capital-humano\/pregrado\/#breadcrumb\"},\"inLanguage\":\"es\",\"potentialAction\":[{\"@type\":\"ReadAction\",\"target\":[\"https:\/\/medicina.udd.cl\/centro-quimica-medica\/formacion-capital-humano\/pregrado\/\"]}]},{\"@type\":\"ImageObject\",\"inLanguage\":\"es\",\"@id\":\"https:\/\/medicina.udd.cl\/centro-quimica-medica\/formacion-capital-humano\/pregrado\/#primaryimage\",\"url\":\"https:\/\/medicina.udd.cl\/centro-quimica-medica\/files\/2017\/09\/formacion-capital-humano2.jpg\",\"contentUrl\":\"https:\/\/medicina.udd.cl\/centro-quimica-medica\/files\/2017\/09\/formacion-capital-humano2.jpg\",\"width\":730,\"height\":485},{\"@type\":\"BreadcrumbList\",\"@id\":\"https:\/\/medicina.udd.cl\/centro-quimica-medica\/formacion-capital-humano\/pregrado\/#breadcrumb\",\"itemListElement\":[{\"@type\":\"ListItem\",\"position\":1,\"name\":\"Inicio\",\"item\":\"https:\/\/medicina.udd.cl\/centro-quimica-medica\/\"},{\"@type\":\"ListItem\",\"position\":2,\"name\":\"Formaci\u00f3n capital humano\",\"item\":\"https:\/\/medicina.udd.cl\/centro-quimica-medica\/formacion-capital-humano\/\"},{\"@type\":\"ListItem\",\"position\":3,\"name\":\"Pregrado\"}]},{\"@type\":\"WebSite\",\"@id\":\"https:\/\/medicina.udd.cl\/centro-quimica-medica\/#website\",\"url\":\"https:\/\/medicina.udd.cl\/centro-quimica-medica\/\",\"name\":\"Centro de Qu\u00edmica M\u00e9dica\",\"description\":\"Otro sitio m\u00e1s de Medicina\",\"inLanguage\":\"es\"}]}<\/script>\n<!-- \/ Yoast SEO plugin. -->","yoast_head_json":{"title":"Pregrado - Centro de Qu\u00edmica M\u00e9dica","robots":{"index":"index","follow":"follow","max-snippet":"max-snippet:-1","max-image-preview":"max-image-preview:large","max-video-preview":"max-video-preview:-1"},"canonical":"https:\/\/medicina.udd.cl\/centro-quimica-medica\/formacion-capital-humano\/pregrado\/","twitter_misc":{"Tiempo de lectura":"2 minutos"},"schema":{"@context":"https:\/\/schema.org","@graph":[{"@type":"WebPage","@id":"https:\/\/medicina.udd.cl\/centro-quimica-medica\/formacion-capital-humano\/pregrado\/","url":"https:\/\/medicina.udd.cl\/centro-quimica-medica\/formacion-capital-humano\/pregrado\/","name":"Pregrado - Centro de Qu\u00edmica M\u00e9dica","isPartOf":{"@id":"https:\/\/medicina.udd.cl\/centro-quimica-medica\/#website"},"primaryImageOfPage":{"@id":"https:\/\/medicina.udd.cl\/centro-quimica-medica\/formacion-capital-humano\/pregrado\/#primaryimage"},"image":{"@id":"https:\/\/medicina.udd.cl\/centro-quimica-medica\/formacion-capital-humano\/pregrado\/#primaryimage"},"thumbnailUrl":"https:\/\/medicina.udd.cl\/centro-quimica-medica\/files\/2017\/09\/formacion-capital-humano2.jpg","datePublished":"2017-09-01T19:36:45+00:00","dateModified":"2021-04-22T21:25:57+00:00","breadcrumb":{"@id":"https:\/\/medicina.udd.cl\/centro-quimica-medica\/formacion-capital-humano\/pregrado\/#breadcrumb"},"inLanguage":"es","potentialAction":[{"@type":"ReadAction","target":["https:\/\/medicina.udd.cl\/centro-quimica-medica\/formacion-capital-humano\/pregrado\/"]}]},{"@type":"ImageObject","inLanguage":"es","@id":"https:\/\/medicina.udd.cl\/centro-quimica-medica\/formacion-capital-humano\/pregrado\/#primaryimage","url":"https:\/\/medicina.udd.cl\/centro-quimica-medica\/files\/2017\/09\/formacion-capital-humano2.jpg","contentUrl":"https:\/\/medicina.udd.cl\/centro-quimica-medica\/files\/2017\/09\/formacion-capital-humano2.jpg","width":730,"height":485},{"@type":"BreadcrumbList","@id":"https:\/\/medicina.udd.cl\/centro-quimica-medica\/formacion-capital-humano\/pregrado\/#breadcrumb","itemListElement":[{"@type":"ListItem","position":1,"name":"Inicio","item":"https:\/\/medicina.udd.cl\/centro-quimica-medica\/"},{"@type":"ListItem","position":2,"name":"Formaci\u00f3n capital humano","item":"https:\/\/medicina.udd.cl\/centro-quimica-medica\/formacion-capital-humano\/"},{"@type":"ListItem","position":3,"name":"Pregrado"}]},{"@type":"WebSite","@id":"https:\/\/medicina.udd.cl\/centro-quimica-medica\/#website","url":"https:\/\/medicina.udd.cl\/centro-quimica-medica\/","name":"Centro de Qu\u00edmica M\u00e9dica","description":"Otro sitio m\u00e1s de Medicina","inLanguage":"es"}]}},"_links":{"self":[{"href":"https:\/\/medicina.udd.cl\/centro-quimica-medica\/wp-json\/wp\/v2\/pages\/274","targetHints":{"allow":["GET"]}}],"collection":[{"href":"https:\/\/medicina.udd.cl\/centro-quimica-medica\/wp-json\/wp\/v2\/pages"}],"about":[{"href":"https:\/\/medicina.udd.cl\/centro-quimica-medica\/wp-json\/wp\/v2\/types\/page"}],"author":[{"embeddable":true,"href":"https:\/\/medicina.udd.cl\/centro-quimica-medica\/wp-json\/wp\/v2\/users\/1"}],"replies":[{"embeddable":true,"href":"https:\/\/medicina.udd.cl\/centro-quimica-medica\/wp-json\/wp\/v2\/comments?post=274"}],"version-history":[{"count":11,"href":"https:\/\/medicina.udd.cl\/centro-quimica-medica\/wp-json\/wp\/v2\/pages\/274\/revisions"}],"predecessor-version":[{"id":368,"href":"https:\/\/medicina.udd.cl\/centro-quimica-medica\/wp-json\/wp\/v2\/pages\/274\/revisions\/368"}],"up":[{"embeddable":true,"href":"https:\/\/medicina.udd.cl\/centro-quimica-medica\/wp-json\/wp\/v2\/pages\/286"}],"wp:attachment":[{"href":"https:\/\/medicina.udd.cl\/centro-quimica-medica\/wp-json\/wp\/v2\/media?parent=274"}],"curies":[{"name":"wp","href":"https:\/\/api.w.org\/{rel}","templated":true}]}}