{"id":286,"date":"2017-09-01T19:41:26","date_gmt":"2017-09-01T19:41:26","guid":{"rendered":"http:\/\/medicina.udd.cl\/centro-quimica-medica\/?page_id=286"},"modified":"2021-04-22T22:51:46","modified_gmt":"2021-04-22T22:51:46","slug":"formacion-capital-humano","status":"publish","type":"page","link":"https:\/\/medicina.udd.cl\/centro-quimica-medica\/formacion-capital-humano\/","title":{"rendered":"Formaci\u00f3n capital humano"},"content":{"rendered":"\n<p>La Dra. Campod\u00f3nico, directora del Centro de Qu\u00edmica M\u00e9dica, pertenece al Claustro Acad\u00e9mico de la Universidad de Chile, lo cual la faculta para dirigir tesis de pre y postgrado.<\/p>\n\n\n<!-- WP Block: UDD - Access Cards -->\n<section\n\tid=\"udd-access-cards--1\"\n\tclass=\"wp-block-udd-access-cards\n\t\t\"\n\t\tstyle=\"\n\t\t--udd-blocks-has-columns-number: 4\t\t\"\n\t>\n\t<div class=\"container\">\n\t\t\t\t\t<header class=\"header__innerblock block__header\">\n\t\t\t<h2 class=\"block__title\">Formaci\u00f3n de Capital Humano<\/h2>\n\t\n\t\n\t<\/header>\n\t\t\t\t<div class=\"block__content\">\n\t\t\t<div\n\t\t\t\tclass=\"udd-access-cards\"\n\t\t\t\t\t\t\t>\n\t\t\t<div\n\tdata-index=\"1\"\n\tclass=\"udd-access-card-wrapper\"\n\t>\n\t<a href=\"https:\/\/medicina.udd.cl\/centro-quimica-medica\/formacion-capital-humano\/pregrado\/\" class=\"access-card access-card--profile\" data-url=\"https:\/\/medicina.udd.cl\/centro-quimica-medica\/formacion-capital-humano\/pregrado\/\">\n\t\t\t\t\t\t<h3\n\t\t\tdata-index=\"1\"\n\t\t\tclass=\"access-card__title\"\n\t\t>\n\t\t\tPregrado\t\t<\/h3>\n\t\t\t\t<div class=\"access-card__link\">\n\t\t\t<span class=\"access-card__link-text\">Conocer m\u00e1s<\/span>\n\t\t<\/div>\n\t<\/a>\n<\/div>\n<div\n\tdata-index=\"2\"\n\tclass=\"udd-access-card-wrapper\"\n\t>\n\t<a href=\"https:\/\/medicina.udd.cl\/centro-quimica-medica\/formacion-capital-humano\/postgrado\/\" class=\"access-card access-card--profile\" data-url=\"https:\/\/medicina.udd.cl\/centro-quimica-medica\/formacion-capital-humano\/postgrado\/\">\n\t\t\t\t\t\t<h3\n\t\t\tdata-index=\"2\"\n\t\t\tclass=\"access-card__title\"\n\t\t>\n\t\t\tPostgrado\t\t<\/h3>\n\t\t\t\t<div class=\"access-card__link\">\n\t\t\t<span class=\"access-card__link-text\">Conocer m\u00e1s<\/span>\n\t\t<\/div>\n\t<\/a>\n<\/div>\n<div\n\tdata-index=\"3\"\n\tclass=\"udd-access-card-wrapper\"\n\t>\n\t<a href=\"https:\/\/medicina.udd.cl\/centro-quimica-medica\/formacion-capital-humano\/patrocinios-postdoctorales\/\" class=\"access-card access-card--profile\" data-url=\"https:\/\/medicina.udd.cl\/centro-quimica-medica\/formacion-capital-humano\/patrocinios-postdoctorales\/\">\n\t\t\t\t\t\t<h3\n\t\t\tdata-index=\"3\"\n\t\t\tclass=\"access-card__title\"\n\t\t>\n\t\t\tPatrocinios postdoctorales\t\t<\/h3>\n\t\t\t\t<div class=\"access-card__link\">\n\t\t\t<span class=\"access-card__link-text\">Conocer m\u00e1s<\/span>\n\t\t<\/div>\n\t<\/a>\n<\/div>\n<div\n\tdata-index=\"4\"\n\tclass=\"udd-access-card-wrapper\"\n\t>\n\t<a href=\"https:\/\/medicina.udd.cl\/centro-quimica-medica\/formacion-capital-humano\/unidad-de-investigacion-proyectos-pont\/\" class=\"access-card access-card--profile\" data-url=\"https:\/\/medicina.udd.cl\/centro-quimica-medica\/formacion-capital-humano\/unidad-de-investigacion-proyectos-pont\/\">\n\t\t\t\t\t\t<h3\n\t\t\tdata-index=\"4\"\n\t\t\tclass=\"access-card__title\"\n\t\t>\n\t\t\tUnidad de investigaci\u00f3n &#8211; Proyectos PONT\t\t<\/h3>\n\t\t\t\t<div class=\"access-card__link\">\n\t\t\t<span class=\"access-card__link-text\">Conocer m\u00e1s<\/span>\n\t\t<\/div>\n\t<\/a>\n<\/div>\n\t\t\t<\/div>\n\t\t<\/div>\n\t<\/div>\n<\/section>\n","protected":false},"excerpt":{"rendered":"<p>La Dra. Campod\u00f3nico, directora del Centro de Qu\u00edmica M\u00e9dica, pertenece al Claustro Acad\u00e9mico de la Universidad de Chile, lo cual la faculta para dirigir tesis de pre y postgrado.<\/p>\n","protected":false},"author":1,"featured_media":0,"parent":0,"menu_order":0,"comment_status":"closed","ping_status":"closed","template":"","meta":{"footnotes":""},"class_list":["post-286","page","type-page","status-publish","hentry"],"yoast_head":"<!-- This site is optimized with the Yoast SEO plugin v26.9 - https:\/\/yoast.com\/product\/yoast-seo-wordpress\/ -->\n<title>Formaci\u00f3n capital humano - Centro de Qu\u00edmica M\u00e9dica<\/title>\n<meta name=\"robots\" content=\"index, follow, max-snippet:-1, max-image-preview:large, max-video-preview:-1\" \/>\n<link rel=\"canonical\" href=\"https:\/\/medicina.udd.cl\/centro-quimica-medica\/formacion-capital-humano\/\" \/>\n<script type=\"application\/ld+json\" class=\"yoast-schema-graph\">{\"@context\":\"https:\/\/schema.org\",\"@graph\":[{\"@type\":\"WebPage\",\"@id\":\"https:\/\/medicina.udd.cl\/centro-quimica-medica\/formacion-capital-humano\/\",\"url\":\"https:\/\/medicina.udd.cl\/centro-quimica-medica\/formacion-capital-humano\/\",\"name\":\"Formaci\u00f3n capital humano - Centro de Qu\u00edmica M\u00e9dica\",\"isPartOf\":{\"@id\":\"https:\/\/medicina.udd.cl\/centro-quimica-medica\/#website\"},\"datePublished\":\"2017-09-01T19:41:26+00:00\",\"dateModified\":\"2021-04-22T22:51:46+00:00\",\"breadcrumb\":{\"@id\":\"https:\/\/medicina.udd.cl\/centro-quimica-medica\/formacion-capital-humano\/#breadcrumb\"},\"inLanguage\":\"es\",\"potentialAction\":[{\"@type\":\"ReadAction\",\"target\":[\"https:\/\/medicina.udd.cl\/centro-quimica-medica\/formacion-capital-humano\/\"]}]},{\"@type\":\"BreadcrumbList\",\"@id\":\"https:\/\/medicina.udd.cl\/centro-quimica-medica\/formacion-capital-humano\/#breadcrumb\",\"itemListElement\":[{\"@type\":\"ListItem\",\"position\":1,\"name\":\"Inicio\",\"item\":\"https:\/\/medicina.udd.cl\/centro-quimica-medica\/\"},{\"@type\":\"ListItem\",\"position\":2,\"name\":\"Formaci\u00f3n capital humano\"}]},{\"@type\":\"WebSite\",\"@id\":\"https:\/\/medicina.udd.cl\/centro-quimica-medica\/#website\",\"url\":\"https:\/\/medicina.udd.cl\/centro-quimica-medica\/\",\"name\":\"Centro de Qu\u00edmica M\u00e9dica\",\"description\":\"Otro sitio m\u00e1s de Medicina\",\"inLanguage\":\"es\"}]}<\/script>\n<!-- \/ Yoast SEO plugin. -->","yoast_head_json":{"title":"Formaci\u00f3n capital humano - Centro de Qu\u00edmica M\u00e9dica","robots":{"index":"index","follow":"follow","max-snippet":"max-snippet:-1","max-image-preview":"max-image-preview:large","max-video-preview":"max-video-preview:-1"},"canonical":"https:\/\/medicina.udd.cl\/centro-quimica-medica\/formacion-capital-humano\/","schema":{"@context":"https:\/\/schema.org","@graph":[{"@type":"WebPage","@id":"https:\/\/medicina.udd.cl\/centro-quimica-medica\/formacion-capital-humano\/","url":"https:\/\/medicina.udd.cl\/centro-quimica-medica\/formacion-capital-humano\/","name":"Formaci\u00f3n capital humano - Centro de Qu\u00edmica M\u00e9dica","isPartOf":{"@id":"https:\/\/medicina.udd.cl\/centro-quimica-medica\/#website"},"datePublished":"2017-09-01T19:41:26+00:00","dateModified":"2021-04-22T22:51:46+00:00","breadcrumb":{"@id":"https:\/\/medicina.udd.cl\/centro-quimica-medica\/formacion-capital-humano\/#breadcrumb"},"inLanguage":"es","potentialAction":[{"@type":"ReadAction","target":["https:\/\/medicina.udd.cl\/centro-quimica-medica\/formacion-capital-humano\/"]}]},{"@type":"BreadcrumbList","@id":"https:\/\/medicina.udd.cl\/centro-quimica-medica\/formacion-capital-humano\/#breadcrumb","itemListElement":[{"@type":"ListItem","position":1,"name":"Inicio","item":"https:\/\/medicina.udd.cl\/centro-quimica-medica\/"},{"@type":"ListItem","position":2,"name":"Formaci\u00f3n capital humano"}]},{"@type":"WebSite","@id":"https:\/\/medicina.udd.cl\/centro-quimica-medica\/#website","url":"https:\/\/medicina.udd.cl\/centro-quimica-medica\/","name":"Centro de Qu\u00edmica M\u00e9dica","description":"Otro sitio m\u00e1s de Medicina","inLanguage":"es"}]}},"_links":{"self":[{"href":"https:\/\/medicina.udd.cl\/centro-quimica-medica\/wp-json\/wp\/v2\/pages\/286","targetHints":{"allow":["GET"]}}],"collection":[{"href":"https:\/\/medicina.udd.cl\/centro-quimica-medica\/wp-json\/wp\/v2\/pages"}],"about":[{"href":"https:\/\/medicina.udd.cl\/centro-quimica-medica\/wp-json\/wp\/v2\/types\/page"}],"author":[{"embeddable":true,"href":"https:\/\/medicina.udd.cl\/centro-quimica-medica\/wp-json\/wp\/v2\/users\/1"}],"replies":[{"embeddable":true,"href":"https:\/\/medicina.udd.cl\/centro-quimica-medica\/wp-json\/wp\/v2\/comments?post=286"}],"version-history":[{"count":4,"href":"https:\/\/medicina.udd.cl\/centro-quimica-medica\/wp-json\/wp\/v2\/pages\/286\/revisions"}],"predecessor-version":[{"id":366,"href":"https:\/\/medicina.udd.cl\/centro-quimica-medica\/wp-json\/wp\/v2\/pages\/286\/revisions\/366"}],"wp:attachment":[{"href":"https:\/\/medicina.udd.cl\/centro-quimica-medica\/wp-json\/wp\/v2\/media?parent=286"}],"curies":[{"name":"wp","href":"https:\/\/api.w.org\/{rel}","templated":true}]}}