{"id":294,"date":"2017-09-01T19:58:18","date_gmt":"2017-09-01T19:58:18","guid":{"rendered":"http:\/\/medicina.udd.cl\/centro-quimica-medica\/?page_id=294"},"modified":"2021-04-22T21:29:53","modified_gmt":"2021-04-22T21:29:53","slug":"patrocinios-postdoctorales","status":"publish","type":"page","link":"https:\/\/medicina.udd.cl\/centro-quimica-medica\/formacion-capital-humano\/patrocinios-postdoctorales\/","title":{"rendered":"Patrocinios postdoctorales"},"content":{"rendered":"\n<h2 class=\"wp-block-heading\">2011-2014<\/h2>\n\n\n\n<p>Dra. Marcela Gazit\u00faa.\u00a0Proyecto Fondecyt Postdoctoral # 3120060. Cl\u00ednica Alemana-Universidad del Desarrollo.\u00a0<strong>Competici\u00f3n en reacciones de Sustituci\u00f3n Nucleof\u00edlicas mediadas por el solvente. Estudio Experimental-Te\u00f3rico.\u00a0<\/strong>Patrocinante: Dra. Paola Campod\u00f3nico<\/p>\n\n\n\n<h2 class=\"wp-block-heading\">2014<\/h2>\n\n\n\n<p>Dra. Ximena Briones.\u00a0Postdoctorando Iniciativa Cient\u00edfica milenio. CILIS.\u00a0<strong>SINTESIS Y CARACTERIZACION DE POLI(LIQUIDOS IONICOS).\u00a0<\/strong>Patrocinante: Dra. Paola Campod\u00f3nico<\/p>\n\n\n\n<p>Dra. Karla Calfuman.\u00a0Postdoctorando Iniciativa Cient\u00edfica milenio. CILIS.\u00a0<strong>DETERMINACION DE CONSTANTES DE ACIDEZ EN LIQUIDOS I\u00d3NICOS Y MEZCLAS BINARIAS DE ESTOS.\u00a0<\/strong>Patrocinante: Dra. Paola Campod\u00f3nico<\/p>\n\n\n\n<h2 class=\"wp-block-heading\">2015<\/h2>\n\n\n\n<p>Dr. Cristian Calder\u00f3n. Postdoctorado Iniciativa Cient\u00edfica Milenio CILIS.\u00a0<strong>CINETICA DE REACCIONES ENZIMATICAS EN SISTEMAS MICROHETEROGENEAS EN PRESENCIA DE LIQUIDOS IONICOS.\u00a0<\/strong>Patrocinante: Dra. Paola Campod\u00f3nico<\/p>\n\n\n\n<h2 class=\"wp-block-heading\">2014 \u2013 a la fecha<\/h2>\n\n\n\n<p>Dra. Ximena Briones.\u00a0Postdoctorando Fondecyt.\u00a0<strong>SINTESIS Y CARACTERIZACION DE POLI(LIQUIDOS IONICOS).\u00a0<\/strong>Patrocinante: Dra. Paola Campod\u00f3nico<\/p>\n\n\n\n<p>Dra. Marcela Gazit\u00faa.\u00a0Postdoctorando ICIM. Facultad de Medicina de Cl\u00ednica Alemana \u2013 Universidad del Desarrollo.\u00a0<strong>RESOLUTION OF RACEMIC PHARMACEUTICAL COMPOUNDS USING SUPPORTED LIQUID MEMBRANES BASED ON IONIC LIQUIDS.\u00a0<\/strong>Patrocinante: Dra. Paola Campod\u00f3nico<\/p>\n\n\n\n<h2 class=\"wp-block-heading\">2016 \u2013 a la fecha<\/h2>\n\n\n\n<p>Dr. Cristian Calder\u00f3n.\u00a0Postdoctorando ICIM. Facultad de Medicina de Cl\u00ednica Alemana \u2013 Universidad del Desarrollo.\u00a0<strong>ENCAPSULACI\u00d3N DE DROGAS EN MATRICES BIODEGRADABLES Y ESTUDIOS CINETICOS DE LIBERACION CONTROLADA.\u00a0<\/strong>Patrocinante: Dra. Paola Campod\u00f3nico<\/p>\n\n\n\n<h2 class=\"wp-block-heading\">2017 \u2013 a la fecha<\/h2>\n\n\n\n<p>Dr. Fabian Mart\u00ednez.\u00a0Postdoctorando ICIM. Facultad de Medicina de Cl\u00ednica Alemana \u2013 Universidad del Desarrollo.\u00a0<strong>EXTRACCION Y CARACTERIZACI\u00d3N DE COMPONENTES BIOACTIVOS DE PLANTAS NATIVAS Y SU USO COMO POTENCIALES AGENTES ANTIINFLAMATORIOS.\u00a0<\/strong>Patrocinante: Dra. Paola Campod\u00f3nico.<\/p>\n\n\n\n<figure class=\"wp-block-gallery columns-2 is-cropped wp-block-gallery-1 is-layout-flex wp-block-gallery-is-layout-flex\"><ul class=\"blocks-gallery-grid\"><li class=\"blocks-gallery-item\"><figure><img loading=\"lazy\" decoding=\"async\" width=\"1024\" height=\"768\" src=\"https:\/\/medicina.udd.cl\/centro-quimica-medica\/files\/2017\/09\/patrocinio1-1024x768.jpg\" alt=\"\" data-id=\"295\" data-full-url=\"https:\/\/medicina.udd.cl\/centro-quimica-medica\/files\/2017\/09\/patrocinio1.jpg\" data-link=\"http:\/\/medicina.udd.cl\/centro-quimica-medica\/formacion-capital-humano\/patrocinios-postdoctorales\/patrocinio1\/\" class=\"wp-image-295\" srcset=\"https:\/\/medicina.udd.cl\/centro-quimica-medica\/files\/2017\/09\/patrocinio1-1024x768.jpg 1024w, https:\/\/medicina.udd.cl\/centro-quimica-medica\/files\/2017\/09\/patrocinio1-300x225.jpg 300w, https:\/\/medicina.udd.cl\/centro-quimica-medica\/files\/2017\/09\/patrocinio1-768x576.jpg 768w, https:\/\/medicina.udd.cl\/centro-quimica-medica\/files\/2017\/09\/patrocinio1-960x720.jpg 960w, https:\/\/medicina.udd.cl\/centro-quimica-medica\/files\/2017\/09\/patrocinio1.jpg 1350w\" sizes=\"auto, (max-width: 1024px) 100vw, 1024px\" \/><\/figure><\/li><li class=\"blocks-gallery-item\"><figure><img loading=\"lazy\" decoding=\"async\" width=\"706\" height=\"460\" src=\"https:\/\/medicina.udd.cl\/centro-quimica-medica\/files\/2017\/09\/patrocinio-2.jpg\" alt=\"\" data-id=\"296\" data-full-url=\"https:\/\/medicina.udd.cl\/centro-quimica-medica\/files\/2017\/09\/patrocinio-2.jpg\" data-link=\"http:\/\/medicina.udd.cl\/centro-quimica-medica\/formacion-capital-humano\/patrocinios-postdoctorales\/patrocinio-2\/\" class=\"wp-image-296\" srcset=\"https:\/\/medicina.udd.cl\/centro-quimica-medica\/files\/2017\/09\/patrocinio-2.jpg 706w, https:\/\/medicina.udd.cl\/centro-quimica-medica\/files\/2017\/09\/patrocinio-2-300x195.jpg 300w, https:\/\/medicina.udd.cl\/centro-quimica-medica\/files\/2017\/09\/patrocinio-2-660x430.jpg 660w, https:\/\/medicina.udd.cl\/centro-quimica-medica\/files\/2017\/09\/patrocinio-2-125x80.jpg 125w\" sizes=\"auto, (max-width: 706px) 100vw, 706px\" \/><\/figure><\/li><\/ul><\/figure>\n","protected":false},"excerpt":{"rendered":"<p>2011-2014 Dra. Marcela Gazit\u00faa.\u00a0Proyecto Fondecyt Postdoctoral # 3120060. Cl\u00ednica Alemana-Universidad del Desarrollo.\u00a0Competici\u00f3n en reacciones de Sustituci\u00f3n Nucleof\u00edlicas mediadas por el solvente. Estudio Experimental-Te\u00f3rico.\u00a0Patrocinante: Dra. Paola Campod\u00f3nico 2014 Dra. Ximena Briones.\u00a0Postdoctorando Iniciativa Cient\u00edfica milenio. CILIS.\u00a0SINTESIS Y CARACTERIZACION DE POLI(LIQUIDOS IONICOS).\u00a0Patrocinante: Dra. Paola Campod\u00f3nico Dra. Karla Calfuman.\u00a0Postdoctorando Iniciativa Cient\u00edfica milenio. CILIS.\u00a0DETERMINACION DE CONSTANTES DE ACIDEZ EN LIQUIDOS [&hellip;]<\/p>\n","protected":false},"author":1,"featured_media":0,"parent":286,"menu_order":0,"comment_status":"closed","ping_status":"closed","template":"","meta":{"footnotes":""},"class_list":["post-294","page","type-page","status-publish","hentry"],"yoast_head":"<!-- This site is optimized with the Yoast SEO plugin v26.9 - https:\/\/yoast.com\/product\/yoast-seo-wordpress\/ -->\n<title>Patrocinios postdoctorales - Centro de Qu\u00edmica M\u00e9dica<\/title>\n<meta name=\"robots\" content=\"index, follow, max-snippet:-1, max-image-preview:large, max-video-preview:-1\" \/>\n<link rel=\"canonical\" href=\"https:\/\/medicina.udd.cl\/centro-quimica-medica\/formacion-capital-humano\/patrocinios-postdoctorales\/\" \/>\n<meta name=\"twitter:label1\" content=\"Tiempo de lectura\" \/>\n\t<meta name=\"twitter:data1\" content=\"1 minuto\" \/>\n<script type=\"application\/ld+json\" class=\"yoast-schema-graph\">{\"@context\":\"https:\/\/schema.org\",\"@graph\":[{\"@type\":\"WebPage\",\"@id\":\"https:\/\/medicina.udd.cl\/centro-quimica-medica\/formacion-capital-humano\/patrocinios-postdoctorales\/\",\"url\":\"https:\/\/medicina.udd.cl\/centro-quimica-medica\/formacion-capital-humano\/patrocinios-postdoctorales\/\",\"name\":\"Patrocinios postdoctorales - Centro de Qu\u00edmica M\u00e9dica\",\"isPartOf\":{\"@id\":\"https:\/\/medicina.udd.cl\/centro-quimica-medica\/#website\"},\"primaryImageOfPage\":{\"@id\":\"https:\/\/medicina.udd.cl\/centro-quimica-medica\/formacion-capital-humano\/patrocinios-postdoctorales\/#primaryimage\"},\"image\":{\"@id\":\"https:\/\/medicina.udd.cl\/centro-quimica-medica\/formacion-capital-humano\/patrocinios-postdoctorales\/#primaryimage\"},\"thumbnailUrl\":\"https:\/\/medicina.udd.cl\/centro-quimica-medica\/files\/2017\/09\/patrocinio1-1024x768.jpg\",\"datePublished\":\"2017-09-01T19:58:18+00:00\",\"dateModified\":\"2021-04-22T21:29:53+00:00\",\"breadcrumb\":{\"@id\":\"https:\/\/medicina.udd.cl\/centro-quimica-medica\/formacion-capital-humano\/patrocinios-postdoctorales\/#breadcrumb\"},\"inLanguage\":\"es\",\"potentialAction\":[{\"@type\":\"ReadAction\",\"target\":[\"https:\/\/medicina.udd.cl\/centro-quimica-medica\/formacion-capital-humano\/patrocinios-postdoctorales\/\"]}]},{\"@type\":\"ImageObject\",\"inLanguage\":\"es\",\"@id\":\"https:\/\/medicina.udd.cl\/centro-quimica-medica\/formacion-capital-humano\/patrocinios-postdoctorales\/#primaryimage\",\"url\":\"https:\/\/medicina.udd.cl\/centro-quimica-medica\/files\/2017\/09\/patrocinio1.jpg\",\"contentUrl\":\"https:\/\/medicina.udd.cl\/centro-quimica-medica\/files\/2017\/09\/patrocinio1.jpg\",\"width\":1350,\"height\":1012},{\"@type\":\"BreadcrumbList\",\"@id\":\"https:\/\/medicina.udd.cl\/centro-quimica-medica\/formacion-capital-humano\/patrocinios-postdoctorales\/#breadcrumb\",\"itemListElement\":[{\"@type\":\"ListItem\",\"position\":1,\"name\":\"Inicio\",\"item\":\"https:\/\/medicina.udd.cl\/centro-quimica-medica\/\"},{\"@type\":\"ListItem\",\"position\":2,\"name\":\"Formaci\u00f3n capital humano\",\"item\":\"https:\/\/medicina.udd.cl\/centro-quimica-medica\/formacion-capital-humano\/\"},{\"@type\":\"ListItem\",\"position\":3,\"name\":\"Patrocinios postdoctorales\"}]},{\"@type\":\"WebSite\",\"@id\":\"https:\/\/medicina.udd.cl\/centro-quimica-medica\/#website\",\"url\":\"https:\/\/medicina.udd.cl\/centro-quimica-medica\/\",\"name\":\"Centro de Qu\u00edmica M\u00e9dica\",\"description\":\"Otro sitio m\u00e1s de Medicina\",\"inLanguage\":\"es\"}]}<\/script>\n<!-- \/ Yoast SEO plugin. -->","yoast_head_json":{"title":"Patrocinios postdoctorales - Centro de Qu\u00edmica M\u00e9dica","robots":{"index":"index","follow":"follow","max-snippet":"max-snippet:-1","max-image-preview":"max-image-preview:large","max-video-preview":"max-video-preview:-1"},"canonical":"https:\/\/medicina.udd.cl\/centro-quimica-medica\/formacion-capital-humano\/patrocinios-postdoctorales\/","twitter_misc":{"Tiempo de lectura":"1 minuto"},"schema":{"@context":"https:\/\/schema.org","@graph":[{"@type":"WebPage","@id":"https:\/\/medicina.udd.cl\/centro-quimica-medica\/formacion-capital-humano\/patrocinios-postdoctorales\/","url":"https:\/\/medicina.udd.cl\/centro-quimica-medica\/formacion-capital-humano\/patrocinios-postdoctorales\/","name":"Patrocinios postdoctorales - Centro de Qu\u00edmica M\u00e9dica","isPartOf":{"@id":"https:\/\/medicina.udd.cl\/centro-quimica-medica\/#website"},"primaryImageOfPage":{"@id":"https:\/\/medicina.udd.cl\/centro-quimica-medica\/formacion-capital-humano\/patrocinios-postdoctorales\/#primaryimage"},"image":{"@id":"https:\/\/medicina.udd.cl\/centro-quimica-medica\/formacion-capital-humano\/patrocinios-postdoctorales\/#primaryimage"},"thumbnailUrl":"https:\/\/medicina.udd.cl\/centro-quimica-medica\/files\/2017\/09\/patrocinio1-1024x768.jpg","datePublished":"2017-09-01T19:58:18+00:00","dateModified":"2021-04-22T21:29:53+00:00","breadcrumb":{"@id":"https:\/\/medicina.udd.cl\/centro-quimica-medica\/formacion-capital-humano\/patrocinios-postdoctorales\/#breadcrumb"},"inLanguage":"es","potentialAction":[{"@type":"ReadAction","target":["https:\/\/medicina.udd.cl\/centro-quimica-medica\/formacion-capital-humano\/patrocinios-postdoctorales\/"]}]},{"@type":"ImageObject","inLanguage":"es","@id":"https:\/\/medicina.udd.cl\/centro-quimica-medica\/formacion-capital-humano\/patrocinios-postdoctorales\/#primaryimage","url":"https:\/\/medicina.udd.cl\/centro-quimica-medica\/files\/2017\/09\/patrocinio1.jpg","contentUrl":"https:\/\/medicina.udd.cl\/centro-quimica-medica\/files\/2017\/09\/patrocinio1.jpg","width":1350,"height":1012},{"@type":"BreadcrumbList","@id":"https:\/\/medicina.udd.cl\/centro-quimica-medica\/formacion-capital-humano\/patrocinios-postdoctorales\/#breadcrumb","itemListElement":[{"@type":"ListItem","position":1,"name":"Inicio","item":"https:\/\/medicina.udd.cl\/centro-quimica-medica\/"},{"@type":"ListItem","position":2,"name":"Formaci\u00f3n capital humano","item":"https:\/\/medicina.udd.cl\/centro-quimica-medica\/formacion-capital-humano\/"},{"@type":"ListItem","position":3,"name":"Patrocinios postdoctorales"}]},{"@type":"WebSite","@id":"https:\/\/medicina.udd.cl\/centro-quimica-medica\/#website","url":"https:\/\/medicina.udd.cl\/centro-quimica-medica\/","name":"Centro de Qu\u00edmica M\u00e9dica","description":"Otro sitio m\u00e1s de Medicina","inLanguage":"es"}]}},"_links":{"self":[{"href":"https:\/\/medicina.udd.cl\/centro-quimica-medica\/wp-json\/wp\/v2\/pages\/294","targetHints":{"allow":["GET"]}}],"collection":[{"href":"https:\/\/medicina.udd.cl\/centro-quimica-medica\/wp-json\/wp\/v2\/pages"}],"about":[{"href":"https:\/\/medicina.udd.cl\/centro-quimica-medica\/wp-json\/wp\/v2\/types\/page"}],"author":[{"embeddable":true,"href":"https:\/\/medicina.udd.cl\/centro-quimica-medica\/wp-json\/wp\/v2\/users\/1"}],"replies":[{"embeddable":true,"href":"https:\/\/medicina.udd.cl\/centro-quimica-medica\/wp-json\/wp\/v2\/comments?post=294"}],"version-history":[{"count":2,"href":"https:\/\/medicina.udd.cl\/centro-quimica-medica\/wp-json\/wp\/v2\/pages\/294\/revisions"}],"predecessor-version":[{"id":370,"href":"https:\/\/medicina.udd.cl\/centro-quimica-medica\/wp-json\/wp\/v2\/pages\/294\/revisions\/370"}],"up":[{"embeddable":true,"href":"https:\/\/medicina.udd.cl\/centro-quimica-medica\/wp-json\/wp\/v2\/pages\/286"}],"wp:attachment":[{"href":"https:\/\/medicina.udd.cl\/centro-quimica-medica\/wp-json\/wp\/v2\/media?parent=294"}],"curies":[{"name":"wp","href":"https:\/\/api.w.org\/{rel}","templated":true}]}}