{"id":298,"date":"2017-09-01T20:00:52","date_gmt":"2017-09-01T20:00:52","guid":{"rendered":"http:\/\/medicina.udd.cl\/centro-quimica-medica\/?page_id=298"},"modified":"2021-04-22T21:31:06","modified_gmt":"2021-04-22T21:31:06","slug":"unidad-de-investigacion-proyectos-pont","status":"publish","type":"page","link":"https:\/\/medicina.udd.cl\/centro-quimica-medica\/formacion-capital-humano\/unidad-de-investigacion-proyectos-pont\/","title":{"rendered":"Unidad de investigaci\u00f3n &#8211; Proyectos PONT"},"content":{"rendered":"\n<h2 class=\"wp-block-heading\">2016<\/h2>\n\n\n\n<p>Estudiante de Medicina de Segundo a\u00f1o, srta. Tamara Zlosilo<br><strong>Desarrollo de un solvente de eut\u00e9ctico profundo con miras a estabilizar el anillo Beta lact\u00e1mico de antibi\u00f3ticos.<\/strong><br>Direcci\u00f3n: QF. Bel\u00e9n Olivares<\/p>\n\n\n\n<h2 class=\"wp-block-heading\">2015<\/h2>\n\n\n\n<p>Estudiante de Medicina de Segundo a\u00f1o: D. Moreno, N. Nu\u00f1ez, M. Ordo\u00f1ez, J. D. Prieto, M. Vald\u00e9s, M. I. Verdugo.<br><strong>Estudio de la capacidad antioxidante en sustancias de origen natural en\u00a0presencia de l\u00edquidos i\u00f3nicos<\/strong><br>Direcci\u00f3n: Cristian Calder\u00f3n, PhD. Paola Campod\u00f3nico, PhD.<\/p>\n\n\n\n<figure class=\"wp-block-image is-resized\"><img loading=\"lazy\" decoding=\"async\" src=\"https:\/\/medicina.udd.cl\/centro-quimica-medica\/files\/2017\/09\/UI-PONT-1024x768.jpg\" alt=\"\" class=\"wp-image-299\" width=\"522\" height=\"391\" srcset=\"https:\/\/medicina.udd.cl\/centro-quimica-medica\/files\/2017\/09\/UI-PONT-1024x768.jpg 1024w, https:\/\/medicina.udd.cl\/centro-quimica-medica\/files\/2017\/09\/UI-PONT-300x225.jpg 300w, https:\/\/medicina.udd.cl\/centro-quimica-medica\/files\/2017\/09\/UI-PONT-768x576.jpg 768w, https:\/\/medicina.udd.cl\/centro-quimica-medica\/files\/2017\/09\/UI-PONT-960x720.jpg 960w, https:\/\/medicina.udd.cl\/centro-quimica-medica\/files\/2017\/09\/UI-PONT.jpg 1280w\" sizes=\"auto, (max-width: 522px) 100vw, 522px\" \/><\/figure>\n","protected":false},"excerpt":{"rendered":"<p>2016 Estudiante de Medicina de Segundo a\u00f1o, srta. Tamara ZlosiloDesarrollo de un solvente de eut\u00e9ctico profundo con miras a estabilizar el anillo Beta lact\u00e1mico de antibi\u00f3ticos.Direcci\u00f3n: QF. Bel\u00e9n Olivares 2015 Estudiante de Medicina de Segundo a\u00f1o: D. Moreno, N. Nu\u00f1ez, M. Ordo\u00f1ez, J. D. Prieto, M. Vald\u00e9s, M. I. Verdugo.Estudio de la capacidad antioxidante en [&hellip;]<\/p>\n","protected":false},"author":1,"featured_media":0,"parent":286,"menu_order":0,"comment_status":"closed","ping_status":"closed","template":"","meta":{"footnotes":""},"class_list":["post-298","page","type-page","status-publish","hentry"],"yoast_head":"<!-- This site is optimized with the Yoast SEO plugin v26.9 - https:\/\/yoast.com\/product\/yoast-seo-wordpress\/ -->\n<title>Unidad de investigaci\u00f3n - Proyectos PONT - Centro de Qu\u00edmica M\u00e9dica<\/title>\n<meta name=\"robots\" content=\"index, follow, max-snippet:-1, max-image-preview:large, max-video-preview:-1\" \/>\n<link rel=\"canonical\" href=\"https:\/\/medicina.udd.cl\/centro-quimica-medica\/formacion-capital-humano\/unidad-de-investigacion-proyectos-pont\/\" \/>\n<script type=\"application\/ld+json\" class=\"yoast-schema-graph\">{\"@context\":\"https:\/\/schema.org\",\"@graph\":[{\"@type\":\"WebPage\",\"@id\":\"https:\/\/medicina.udd.cl\/centro-quimica-medica\/formacion-capital-humano\/unidad-de-investigacion-proyectos-pont\/\",\"url\":\"https:\/\/medicina.udd.cl\/centro-quimica-medica\/formacion-capital-humano\/unidad-de-investigacion-proyectos-pont\/\",\"name\":\"Unidad de investigaci\u00f3n - Proyectos PONT - Centro de Qu\u00edmica M\u00e9dica\",\"isPartOf\":{\"@id\":\"https:\/\/medicina.udd.cl\/centro-quimica-medica\/#website\"},\"primaryImageOfPage\":{\"@id\":\"https:\/\/medicina.udd.cl\/centro-quimica-medica\/formacion-capital-humano\/unidad-de-investigacion-proyectos-pont\/#primaryimage\"},\"image\":{\"@id\":\"https:\/\/medicina.udd.cl\/centro-quimica-medica\/formacion-capital-humano\/unidad-de-investigacion-proyectos-pont\/#primaryimage\"},\"thumbnailUrl\":\"https:\/\/medicina.udd.cl\/centro-quimica-medica\/files\/2017\/09\/UI-PONT-1024x768.jpg\",\"datePublished\":\"2017-09-01T20:00:52+00:00\",\"dateModified\":\"2021-04-22T21:31:06+00:00\",\"breadcrumb\":{\"@id\":\"https:\/\/medicina.udd.cl\/centro-quimica-medica\/formacion-capital-humano\/unidad-de-investigacion-proyectos-pont\/#breadcrumb\"},\"inLanguage\":\"es\",\"potentialAction\":[{\"@type\":\"ReadAction\",\"target\":[\"https:\/\/medicina.udd.cl\/centro-quimica-medica\/formacion-capital-humano\/unidad-de-investigacion-proyectos-pont\/\"]}]},{\"@type\":\"ImageObject\",\"inLanguage\":\"es\",\"@id\":\"https:\/\/medicina.udd.cl\/centro-quimica-medica\/formacion-capital-humano\/unidad-de-investigacion-proyectos-pont\/#primaryimage\",\"url\":\"https:\/\/medicina.udd.cl\/centro-quimica-medica\/files\/2017\/09\/UI-PONT.jpg\",\"contentUrl\":\"https:\/\/medicina.udd.cl\/centro-quimica-medica\/files\/2017\/09\/UI-PONT.jpg\",\"width\":1280,\"height\":960},{\"@type\":\"BreadcrumbList\",\"@id\":\"https:\/\/medicina.udd.cl\/centro-quimica-medica\/formacion-capital-humano\/unidad-de-investigacion-proyectos-pont\/#breadcrumb\",\"itemListElement\":[{\"@type\":\"ListItem\",\"position\":1,\"name\":\"Inicio\",\"item\":\"https:\/\/medicina.udd.cl\/centro-quimica-medica\/\"},{\"@type\":\"ListItem\",\"position\":2,\"name\":\"Formaci\u00f3n capital humano\",\"item\":\"https:\/\/medicina.udd.cl\/centro-quimica-medica\/formacion-capital-humano\/\"},{\"@type\":\"ListItem\",\"position\":3,\"name\":\"Unidad de investigaci\u00f3n &#8211; Proyectos PONT\"}]},{\"@type\":\"WebSite\",\"@id\":\"https:\/\/medicina.udd.cl\/centro-quimica-medica\/#website\",\"url\":\"https:\/\/medicina.udd.cl\/centro-quimica-medica\/\",\"name\":\"Centro de Qu\u00edmica M\u00e9dica\",\"description\":\"Otro sitio m\u00e1s de Medicina\",\"inLanguage\":\"es\"}]}<\/script>\n<!-- \/ Yoast SEO plugin. -->","yoast_head_json":{"title":"Unidad de investigaci\u00f3n - Proyectos PONT - Centro de Qu\u00edmica M\u00e9dica","robots":{"index":"index","follow":"follow","max-snippet":"max-snippet:-1","max-image-preview":"max-image-preview:large","max-video-preview":"max-video-preview:-1"},"canonical":"https:\/\/medicina.udd.cl\/centro-quimica-medica\/formacion-capital-humano\/unidad-de-investigacion-proyectos-pont\/","schema":{"@context":"https:\/\/schema.org","@graph":[{"@type":"WebPage","@id":"https:\/\/medicina.udd.cl\/centro-quimica-medica\/formacion-capital-humano\/unidad-de-investigacion-proyectos-pont\/","url":"https:\/\/medicina.udd.cl\/centro-quimica-medica\/formacion-capital-humano\/unidad-de-investigacion-proyectos-pont\/","name":"Unidad de investigaci\u00f3n - Proyectos PONT - Centro de Qu\u00edmica M\u00e9dica","isPartOf":{"@id":"https:\/\/medicina.udd.cl\/centro-quimica-medica\/#website"},"primaryImageOfPage":{"@id":"https:\/\/medicina.udd.cl\/centro-quimica-medica\/formacion-capital-humano\/unidad-de-investigacion-proyectos-pont\/#primaryimage"},"image":{"@id":"https:\/\/medicina.udd.cl\/centro-quimica-medica\/formacion-capital-humano\/unidad-de-investigacion-proyectos-pont\/#primaryimage"},"thumbnailUrl":"https:\/\/medicina.udd.cl\/centro-quimica-medica\/files\/2017\/09\/UI-PONT-1024x768.jpg","datePublished":"2017-09-01T20:00:52+00:00","dateModified":"2021-04-22T21:31:06+00:00","breadcrumb":{"@id":"https:\/\/medicina.udd.cl\/centro-quimica-medica\/formacion-capital-humano\/unidad-de-investigacion-proyectos-pont\/#breadcrumb"},"inLanguage":"es","potentialAction":[{"@type":"ReadAction","target":["https:\/\/medicina.udd.cl\/centro-quimica-medica\/formacion-capital-humano\/unidad-de-investigacion-proyectos-pont\/"]}]},{"@type":"ImageObject","inLanguage":"es","@id":"https:\/\/medicina.udd.cl\/centro-quimica-medica\/formacion-capital-humano\/unidad-de-investigacion-proyectos-pont\/#primaryimage","url":"https:\/\/medicina.udd.cl\/centro-quimica-medica\/files\/2017\/09\/UI-PONT.jpg","contentUrl":"https:\/\/medicina.udd.cl\/centro-quimica-medica\/files\/2017\/09\/UI-PONT.jpg","width":1280,"height":960},{"@type":"BreadcrumbList","@id":"https:\/\/medicina.udd.cl\/centro-quimica-medica\/formacion-capital-humano\/unidad-de-investigacion-proyectos-pont\/#breadcrumb","itemListElement":[{"@type":"ListItem","position":1,"name":"Inicio","item":"https:\/\/medicina.udd.cl\/centro-quimica-medica\/"},{"@type":"ListItem","position":2,"name":"Formaci\u00f3n capital humano","item":"https:\/\/medicina.udd.cl\/centro-quimica-medica\/formacion-capital-humano\/"},{"@type":"ListItem","position":3,"name":"Unidad de investigaci\u00f3n &#8211; Proyectos PONT"}]},{"@type":"WebSite","@id":"https:\/\/medicina.udd.cl\/centro-quimica-medica\/#website","url":"https:\/\/medicina.udd.cl\/centro-quimica-medica\/","name":"Centro de Qu\u00edmica M\u00e9dica","description":"Otro sitio m\u00e1s de Medicina","inLanguage":"es"}]}},"_links":{"self":[{"href":"https:\/\/medicina.udd.cl\/centro-quimica-medica\/wp-json\/wp\/v2\/pages\/298","targetHints":{"allow":["GET"]}}],"collection":[{"href":"https:\/\/medicina.udd.cl\/centro-quimica-medica\/wp-json\/wp\/v2\/pages"}],"about":[{"href":"https:\/\/medicina.udd.cl\/centro-quimica-medica\/wp-json\/wp\/v2\/types\/page"}],"author":[{"embeddable":true,"href":"https:\/\/medicina.udd.cl\/centro-quimica-medica\/wp-json\/wp\/v2\/users\/1"}],"replies":[{"embeddable":true,"href":"https:\/\/medicina.udd.cl\/centro-quimica-medica\/wp-json\/wp\/v2\/comments?post=298"}],"version-history":[{"count":3,"href":"https:\/\/medicina.udd.cl\/centro-quimica-medica\/wp-json\/wp\/v2\/pages\/298\/revisions"}],"predecessor-version":[{"id":371,"href":"https:\/\/medicina.udd.cl\/centro-quimica-medica\/wp-json\/wp\/v2\/pages\/298\/revisions\/371"}],"up":[{"embeddable":true,"href":"https:\/\/medicina.udd.cl\/centro-quimica-medica\/wp-json\/wp\/v2\/pages\/286"}],"wp:attachment":[{"href":"https:\/\/medicina.udd.cl\/centro-quimica-medica\/wp-json\/wp\/v2\/media?parent=298"}],"curies":[{"name":"wp","href":"https:\/\/api.w.org\/{rel}","templated":true}]}}