{"id":331,"date":"2021-04-22T18:07:05","date_gmt":"2021-04-22T18:07:05","guid":{"rendered":"http:\/\/medicina.udd.cl\/centro-quimica-medica\/?page_id=331"},"modified":"2022-04-12T14:04:13","modified_gmt":"2022-04-12T14:04:13","slug":"inicio","status":"publish","type":"page","link":"https:\/\/medicina.udd.cl\/centro-quimica-medica\/","title":{"rendered":"Inicio"},"content":{"rendered":"<!-- WP Block: UDD - People -->\n<section class=\"wp-block-udd-people \">\n\t<div class=\"container\">\n\t\t\t\t<div class=\"people-cards\">\n\t\t\t\t\t<div class=\"person-card\">\n\t<a href=\"https:\/\/medicina.udd.cl\/centro-quimica-medica\/persona\/paola-campodonico\/\"\n\t\tclass=\"person-card__inner js-person-modal\"\n\t\tdata-post-id=\"4\"\n\t\tdata-postid=\"4\"\n\t>\n\t\t\t<div class=\"person-card__media\">\n\t\t\t<img loading=\"lazy\" decoding=\"async\" width=\"456\" height=\"450\" src=\"https:\/\/medicina.udd.cl\/centro-quimica-medica\/files\/2014\/10\/Paola-Campod\u00f3nico-web-62x62.jpg\" class=\"person-card__image wp-post-image lazyload\" alt=\"\" sizes=\"auto, (max-width: 456px) 100vw, 456px\" data-src=\"https:\/\/medicina.udd.cl\/centro-quimica-medica\/files\/2014\/10\/Paola-Campod\u00f3nico-web.jpg\" data-srcset=\"https:\/\/medicina.udd.cl\/centro-quimica-medica\/files\/2014\/10\/Paola-Campod\u00f3nico-web.jpg 456w, https:\/\/medicina.udd.cl\/centro-quimica-medica\/files\/2014\/10\/Paola-Campod\u00f3nico-web-300x296.jpg 300w, https:\/\/medicina.udd.cl\/centro-quimica-medica\/files\/2014\/10\/Paola-Campod\u00f3nico-web-62x62.jpg 62w\" \/>\t\t<\/div>\n\t\t\t<div class=\"person-card__content\">\n\t\t\t<h3 class=\"person-card__name\">Paola  Campod\u00f3nico, PhD.<\/h3>\n\t\t\t\t\t<span class=\"person-card__description\">Directora e Investigadora Docente<\/span>\n\t\t\t\t\t<span class=\"person-card__cta\">Ver perfil<\/span>\n\t\t<\/div>\n\t<\/a>\n<\/div>\n\t\t\t\t\t<div class=\"person-card\">\n\t<a href=\"https:\/\/medicina.udd.cl\/centro-quimica-medica\/persona\/belen-olivares\/\"\n\t\tclass=\"person-card__inner js-person-modal\"\n\t\tdata-post-id=\"138\"\n\t\tdata-postid=\"138\"\n\t>\n\t\t\t<div class=\"person-card__media\">\n\t\t\t<img loading=\"lazy\" decoding=\"async\" width=\"450\" height=\"479\" src=\"https:\/\/medicina.udd.cl\/centro-quimica-medica\/files\/2016\/07\/Bel\u00e9n-Olivares-web-62x62.jpg\" class=\"person-card__image wp-post-image lazyload\" alt=\"\" sizes=\"auto, (max-width: 450px) 100vw, 450px\" data-src=\"https:\/\/medicina.udd.cl\/centro-quimica-medica\/files\/2016\/07\/Bel\u00e9n-Olivares-web.jpg\" data-srcset=\"https:\/\/medicina.udd.cl\/centro-quimica-medica\/files\/2016\/07\/Bel\u00e9n-Olivares-web.jpg 450w, https:\/\/medicina.udd.cl\/centro-quimica-medica\/files\/2016\/07\/Bel\u00e9n-Olivares-web-282x300.jpg 282w\" \/>\t\t<\/div>\n\t\t\t<div class=\"person-card__content\">\n\t\t\t<h3 class=\"person-card__name\">Bel\u00e9n Olivares, PhD.<\/h3>\n\t\t\t\t\t<span class=\"person-card__description\">Investigadora Docente<\/span>\n\t\t\t\t\t<span class=\"person-card__cta\">Ver perfil<\/span>\n\t\t<\/div>\n\t<\/a>\n<\/div>\n\t\t\t\t\t<div class=\"person-card\">\n\t<a href=\"https:\/\/medicina.udd.cl\/centro-quimica-medica\/persona\/jackson-alcazar-phd\/\"\n\t\tclass=\"person-card__inner js-person-modal\"\n\t\tdata-post-id=\"396\"\n\t\tdata-postid=\"396\"\n\t>\n\t\t\t<div class=\"person-card__media\">\n\t\t\t<img loading=\"lazy\" decoding=\"async\" width=\"500\" height=\"500\" src=\"https:\/\/medicina.udd.cl\/centro-quimica-medica\/files\/2022\/04\/Imagen1-min-3-62x62.png\" class=\"person-card__image wp-post-image lazyload\" alt=\"\" sizes=\"auto, (max-width: 500px) 100vw, 500px\" data-src=\"https:\/\/medicina.udd.cl\/centro-quimica-medica\/files\/2022\/04\/Imagen1-min-3-500x500.png\" data-srcset=\"https:\/\/medicina.udd.cl\/centro-quimica-medica\/files\/2022\/04\/Imagen1-min-3-500x500.png 500w, https:\/\/medicina.udd.cl\/centro-quimica-medica\/files\/2022\/04\/Imagen1-min-3-300x300.png 300w, https:\/\/medicina.udd.cl\/centro-quimica-medica\/files\/2022\/04\/Imagen1-min-3-1024x1024.png 1024w, https:\/\/medicina.udd.cl\/centro-quimica-medica\/files\/2022\/04\/Imagen1-min-3-150x150.png 150w, https:\/\/medicina.udd.cl\/centro-quimica-medica\/files\/2022\/04\/Imagen1-min-3-768x768.png 768w, https:\/\/medicina.udd.cl\/centro-quimica-medica\/files\/2022\/04\/Imagen1-min-3-62x62.png 62w, https:\/\/medicina.udd.cl\/centro-quimica-medica\/files\/2022\/04\/Imagen1-min-3-1536x1536.png 1536w, https:\/\/medicina.udd.cl\/centro-quimica-medica\/files\/2022\/04\/Imagen1-min-3-2048x2048.png 2048w, https:\/\/medicina.udd.cl\/centro-quimica-medica\/files\/2022\/04\/Imagen1-min-3-750x750.png 750w, https:\/\/medicina.udd.cl\/centro-quimica-medica\/files\/2022\/04\/Imagen1-min-3-250x250.png 250w, https:\/\/medicina.udd.cl\/centro-quimica-medica\/files\/2022\/04\/Imagen1-min-3-126x126.png 126w\" \/>\t\t<\/div>\n\t\t\t<div class=\"person-card__content\">\n\t\t\t<h3 class=\"person-card__name\">Jackson  Alc\u00e1zar, PhD.<\/h3>\n\t\t\t\t\t<span class=\"person-card__description\">Investigador postdoctoral<\/span>\n\t\t\t\t\t<span class=\"person-card__cta\">Ver perfil<\/span>\n\t\t<\/div>\n\t<\/a>\n<\/div>\n\t\t\t\t\t<div class=\"person-card\">\n\t<a href=\"https:\/\/medicina.udd.cl\/centro-quimica-medica\/persona\/cristian-suarez\/\"\n\t\tclass=\"person-card__inner js-person-modal\"\n\t\tdata-post-id=\"327\"\n\t\tdata-postid=\"327\"\n\t>\n\t\t\t<div class=\"person-card__media\">\n\t\t\t<img loading=\"lazy\" decoding=\"async\" width=\"414\" height=\"500\" src=\"https:\/\/medicina.udd.cl\/centro-quimica-medica\/files\/2020\/03\/Cristian-Suarez-62x62.jpg\" class=\"person-card__image wp-post-image lazyload\" alt=\"\" sizes=\"auto, (max-width: 414px) 100vw, 414px\" data-src=\"https:\/\/medicina.udd.cl\/centro-quimica-medica\/files\/2020\/03\/Cristian-Suarez.jpg\" data-srcset=\"https:\/\/medicina.udd.cl\/centro-quimica-medica\/files\/2020\/03\/Cristian-Suarez.jpg 1928w, https:\/\/medicina.udd.cl\/centro-quimica-medica\/files\/2020\/03\/Cristian-Suarez-249x300.jpg 249w, https:\/\/medicina.udd.cl\/centro-quimica-medica\/files\/2020\/03\/Cristian-Suarez-768x927.jpg 768w, https:\/\/medicina.udd.cl\/centro-quimica-medica\/files\/2020\/03\/Cristian-Suarez-848x1024.jpg 848w, https:\/\/medicina.udd.cl\/centro-quimica-medica\/files\/2020\/03\/Cristian-Suarez-795x960.jpg 795w\" \/>\t\t<\/div>\n\t\t\t<div class=\"person-card__content\">\n\t\t\t<h3 class=\"person-card__name\">Cristian Su\u00e1rez, PhD.<\/h3>\n\t\t\t\t\t<span class=\"person-card__description\">Investigador Postdoctoral<\/span>\n\t\t\t\t\t<span class=\"person-card__cta\">Ver perfil<\/span>\n\t\t<\/div>\n\t<\/a>\n<\/div>\n\t\t\t\t<\/div>\n\t<\/div>\n<\/section>\n\n\n<!-- WP Block: UDD - Fullwidth Cards -->\n<section class=\"wp-block-udd-fullwidth-cards is-style-clear\">\n\t<div class=\"container\">\n\t\t<header class=\"block__header\">\n\t\t\t<h2 class=\"block__title\">Noticias<\/h2>\n\t\t\t\t\t\t<a href=\"https:\/\/medicina.udd.cl\/centro-quimica-medica\/noticias\/\" class=\"block__view-more\">\n\t\t\t\tVer m\u00e1s noticias\t\t\t<\/a>\n\t\t\t\t\t<\/header>\n\t\t<div class=\"block__content\">\n\t\t\t<div class=\"fullwidth-cards\">\n\t\t\t<div class=\"fullwidth-card-wrapper is-style-clear\">\n\t<a href=\"https:\/\/medicina.udd.cl\/centro-quimica-medica\/2025\/12\/02\/icim-udd-presenta-innovacion-para-el-cuidado-de-lesiones-cronicas-en-expo-heridas-2025\/\" class=\"fullwidth-card fullwidth-card--linkable\">\n\t\t\t\t<img loading=\"lazy\" decoding=\"async\" width=\"500\" height=\"500\" src=\"https:\/\/medicina.udd.cl\/centro-quimica-medica\/files\/2025\/12\/imagen-de-whatsapp-2025-12-01-a-las-15-57-47_d8e6dcb7-62x62.jpg\" class=\"fullwidth-card__image wp-post-image lazyload\" alt=\"\" sizes=\"auto, (max-width: 500px) 100vw, 500px\" data-src=\"https:\/\/medicina.udd.cl\/centro-quimica-medica\/files\/2025\/12\/imagen-de-whatsapp-2025-12-01-a-las-15-57-47_d8e6dcb7-500x500.jpg\" data-srcset=\"https:\/\/medicina.udd.cl\/centro-quimica-medica\/files\/2025\/12\/imagen-de-whatsapp-2025-12-01-a-las-15-57-47_d8e6dcb7-500x500.jpg 500w, https:\/\/medicina.udd.cl\/centro-quimica-medica\/files\/2025\/12\/imagen-de-whatsapp-2025-12-01-a-las-15-57-47_d8e6dcb7-150x150.jpg 150w, https:\/\/medicina.udd.cl\/centro-quimica-medica\/files\/2025\/12\/imagen-de-whatsapp-2025-12-01-a-las-15-57-47_d8e6dcb7-62x62.jpg 62w, https:\/\/medicina.udd.cl\/centro-quimica-medica\/files\/2025\/12\/imagen-de-whatsapp-2025-12-01-a-las-15-57-47_d8e6dcb7-750x750.jpg 750w, https:\/\/medicina.udd.cl\/centro-quimica-medica\/files\/2025\/12\/imagen-de-whatsapp-2025-12-01-a-las-15-57-47_d8e6dcb7-250x250.jpg 250w, https:\/\/medicina.udd.cl\/centro-quimica-medica\/files\/2025\/12\/imagen-de-whatsapp-2025-12-01-a-las-15-57-47_d8e6dcb7-126x126.jpg 126w\" \/>\t\t\t\t<div class=\"fullwidth-card__content\">\n\t\t\t<span class=\"fullwidth-card__date\">\n\t\t\t\t2 de diciembre 2025\t\t\t<\/span>\n\t\t\t<h3 class=\"fullwidth-card__title\">ICIM UDD presenta innovaci\u00f3n para el cuidado de lesiones cr\u00f3nicas en Expo Heridas 2025<\/h3>\n\t\t\t<span class=\"fullwidth-card__link\">\n\t\t\t\tConocer m\u00e1s\t\t\t<\/span>\n\t\t<\/div>\n\t<\/a>\n<\/div>\n<div class=\"fullwidth-card-wrapper is-style-clear\">\n\t<a href=\"https:\/\/medicina.udd.cl\/centro-quimica-medica\/2025\/08\/08\/paola-campodonico-nueva-profesora-titular-de-la-facultad-de-medicina-udd\/\" class=\"fullwidth-card fullwidth-card--linkable fullwidth-card--noimage\">\n\t\t\t\t<div class=\"fullwidth-card__content\">\n\t\t\t<span class=\"fullwidth-card__date\">\n\t\t\t\t8 de agosto 2025\t\t\t<\/span>\n\t\t\t<h3 class=\"fullwidth-card__title\">Paola Campod\u00f3nico, nueva Profesora Titular de la Facultad de Medicina<\/h3>\n\t\t\t<span class=\"fullwidth-card__link\">\n\t\t\t\tConocer m\u00e1s\t\t\t<\/span>\n\t\t<\/div>\n\t<\/a>\n<\/div>\n<div class=\"fullwidth-card-wrapper is-style-clear\">\n\t<a href=\"https:\/\/medicina.udd.cl\/centro-quimica-medica\/2025\/08\/06\/en-la-prensa-dr-cristian-suarez-y-dra-paola-campodonico\/\" class=\"fullwidth-card fullwidth-card--linkable\">\n\t\t\t\t<img loading=\"lazy\" decoding=\"async\" width=\"500\" height=\"321\" src=\"https:\/\/medicina.udd.cl\/centro-quimica-medica\/files\/2025\/08\/campodonico-y-suarez-destacada-web-62x62.png\" class=\"fullwidth-card__image wp-post-image lazyload\" alt=\"\" sizes=\"auto, (max-width: 500px) 100vw, 500px\" data-src=\"https:\/\/medicina.udd.cl\/centro-quimica-medica\/files\/2025\/08\/campodonico-y-suarez-destacada-web.png\" data-srcset=\"https:\/\/medicina.udd.cl\/centro-quimica-medica\/files\/2025\/08\/campodonico-y-suarez-destacada-web.png 500w, https:\/\/medicina.udd.cl\/centro-quimica-medica\/files\/2025\/08\/campodonico-y-suarez-destacada-web-300x193.png 300w\" \/>\t\t\t\t<div class=\"fullwidth-card__content\">\n\t\t\t<span class=\"fullwidth-card__date\">\n\t\t\t\t6 de agosto 2025\t\t\t<\/span>\n\t\t\t<h3 class=\"fullwidth-card__title\">En la prensa | Dr. Cristi\u00e1n Su\u00e1rez y Dra. Paola Campod\u00f3nico<\/h3>\n\t\t\t<span class=\"fullwidth-card__link\">\n\t\t\t\tConocer m\u00e1s\t\t\t<\/span>\n\t\t<\/div>\n\t<\/a>\n<\/div>\n<div class=\"fullwidth-card-wrapper is-style-clear\">\n\t<a href=\"https:\/\/medicina.udd.cl\/centro-quimica-medica\/2025\/07\/17\/investigadores-udd-disenan-compuestos-contra-el-cancer-a-partir-de-la-corteza-del-platano-oriental\/\" class=\"fullwidth-card fullwidth-card--linkable\">\n\t\t\t\t<img loading=\"lazy\" decoding=\"async\" width=\"500\" height=\"500\" src=\"https:\/\/medicina.udd.cl\/centro-quimica-medica\/files\/2025\/07\/icim-christian-suarez-lab-paper-12-62x62.jpg\" class=\"fullwidth-card__image wp-post-image lazyload\" alt=\"\" sizes=\"auto, (max-width: 500px) 100vw, 500px\" data-src=\"https:\/\/medicina.udd.cl\/centro-quimica-medica\/files\/2025\/07\/icim-christian-suarez-lab-paper-12-500x500.jpg\" data-srcset=\"https:\/\/medicina.udd.cl\/centro-quimica-medica\/files\/2025\/07\/icim-christian-suarez-lab-paper-12-500x500.jpg 500w, https:\/\/medicina.udd.cl\/centro-quimica-medica\/files\/2025\/07\/icim-christian-suarez-lab-paper-12-150x150.jpg 150w, https:\/\/medicina.udd.cl\/centro-quimica-medica\/files\/2025\/07\/icim-christian-suarez-lab-paper-12-62x62.jpg 62w, https:\/\/medicina.udd.cl\/centro-quimica-medica\/files\/2025\/07\/icim-christian-suarez-lab-paper-12-750x750.jpg 750w, https:\/\/medicina.udd.cl\/centro-quimica-medica\/files\/2025\/07\/icim-christian-suarez-lab-paper-12-250x250.jpg 250w, https:\/\/medicina.udd.cl\/centro-quimica-medica\/files\/2025\/07\/icim-christian-suarez-lab-paper-12-126x126.jpg 126w\" \/>\t\t\t\t<div class=\"fullwidth-card__content\">\n\t\t\t<span class=\"fullwidth-card__date\">\n\t\t\t\t17 de julio 2025\t\t\t<\/span>\n\t\t\t<h3 class=\"fullwidth-card__title\">Investigadores UDD dise\u00f1an compuestos contra el c\u00e1ncer a partir de la corteza del pl\u00e1tano oriental<\/h3>\n\t\t\t<span class=\"fullwidth-card__link\">\n\t\t\t\tConocer m\u00e1s\t\t\t<\/span>\n\t\t<\/div>\n\t<\/a>\n<\/div>\n<div class=\"fullwidth-card-wrapper is-style-clear\">\n\t<a href=\"https:\/\/medicina.udd.cl\/centro-quimica-medica\/2024\/10\/07\/centro-de-quimica-medica-avanza-en-el-estudio-de-la-terapia-fotodinamica-como-alternativa-no-invasiva-contra-el-cancer\/\" class=\"fullwidth-card fullwidth-card--linkable\">\n\t\t\t\t<img loading=\"lazy\" decoding=\"async\" width=\"500\" height=\"500\" src=\"https:\/\/medicina.udd.cl\/centro-quimica-medica\/files\/2024\/11\/terapia_fotodinamica_para_el_tratamiento_de_la_piel-62x62.jpg\" class=\"fullwidth-card__image wp-post-image lazyload\" alt=\"\" sizes=\"auto, (max-width: 500px) 100vw, 500px\" data-src=\"https:\/\/medicina.udd.cl\/centro-quimica-medica\/files\/2024\/11\/terapia_fotodinamica_para_el_tratamiento_de_la_piel-500x500.jpg\" data-srcset=\"https:\/\/medicina.udd.cl\/centro-quimica-medica\/files\/2024\/11\/terapia_fotodinamica_para_el_tratamiento_de_la_piel-500x500.jpg 500w, https:\/\/medicina.udd.cl\/centro-quimica-medica\/files\/2024\/11\/terapia_fotodinamica_para_el_tratamiento_de_la_piel-150x150.jpg 150w, https:\/\/medicina.udd.cl\/centro-quimica-medica\/files\/2024\/11\/terapia_fotodinamica_para_el_tratamiento_de_la_piel-62x62.jpg 62w, https:\/\/medicina.udd.cl\/centro-quimica-medica\/files\/2024\/11\/terapia_fotodinamica_para_el_tratamiento_de_la_piel-250x250.jpg 250w, https:\/\/medicina.udd.cl\/centro-quimica-medica\/files\/2024\/11\/terapia_fotodinamica_para_el_tratamiento_de_la_piel-126x126.jpg 126w\" \/>\t\t\t\t<div class=\"fullwidth-card__content\">\n\t\t\t<span class=\"fullwidth-card__date\">\n\t\t\t\t7 de octubre 2024\t\t\t<\/span>\n\t\t\t<h3 class=\"fullwidth-card__title\">Centro de Qu\u00edmica M\u00e9dica avanza en el estudio de la terapia fotodin\u00e1mica como alternativa no-invasiva contra el c\u00e1ncer<\/h3>\n\t\t\t<span class=\"fullwidth-card__link\">\n\t\t\t\tConocer m\u00e1s\t\t\t<\/span>\n\t\t<\/div>\n\t<\/a>\n<\/div>\n\t\t\t<\/div>\n\t\t<\/div>\n\t<\/div>\n<\/section>\n","protected":false},"excerpt":{"rendered":"","protected":false},"author":9192223,"featured_media":0,"parent":0,"menu_order":0,"comment_status":"closed","ping_status":"closed","template":"","meta":{"footnotes":""},"class_list":["post-331","page","type-page","status-publish","hentry"],"yoast_head":"<!-- This site is optimized with the Yoast SEO plugin v26.9 - https:\/\/yoast.com\/product\/yoast-seo-wordpress\/ -->\n<title>Inicio - Centro de Qu\u00edmica M\u00e9dica<\/title>\n<meta name=\"robots\" content=\"index, follow, max-snippet:-1, max-image-preview:large, max-video-preview:-1\" \/>\n<link rel=\"canonical\" href=\"https:\/\/medicina.udd.cl\/centro-quimica-medica\/\" \/>\n<script type=\"application\/ld+json\" class=\"yoast-schema-graph\">{\"@context\":\"https:\/\/schema.org\",\"@graph\":[{\"@type\":\"WebPage\",\"@id\":\"https:\/\/medicina.udd.cl\/centro-quimica-medica\/\",\"url\":\"https:\/\/medicina.udd.cl\/centro-quimica-medica\/\",\"name\":\"Inicio - Centro de Qu\u00edmica M\u00e9dica\",\"isPartOf\":{\"@id\":\"https:\/\/medicina.udd.cl\/centro-quimica-medica\/#website\"},\"datePublished\":\"2021-04-22T18:07:05+00:00\",\"dateModified\":\"2022-04-12T14:04:13+00:00\",\"breadcrumb\":{\"@id\":\"https:\/\/medicina.udd.cl\/centro-quimica-medica\/#breadcrumb\"},\"inLanguage\":\"es\",\"potentialAction\":[{\"@type\":\"ReadAction\",\"target\":[\"https:\/\/medicina.udd.cl\/centro-quimica-medica\/\"]}]},{\"@type\":\"BreadcrumbList\",\"@id\":\"https:\/\/medicina.udd.cl\/centro-quimica-medica\/#breadcrumb\",\"itemListElement\":[{\"@type\":\"ListItem\",\"position\":1,\"name\":\"Inicio\",\"item\":\"https:\/\/medicina.udd.cl\/centro-quimica-medica\/\"},{\"@type\":\"ListItem\",\"position\":2,\"name\":\"Inicio\"}]},{\"@type\":\"WebSite\",\"@id\":\"https:\/\/medicina.udd.cl\/centro-quimica-medica\/#website\",\"url\":\"https:\/\/medicina.udd.cl\/centro-quimica-medica\/\",\"name\":\"Centro de Qu\u00edmica M\u00e9dica\",\"description\":\"Otro sitio m\u00e1s de Medicina\",\"inLanguage\":\"es\"}]}<\/script>\n<!-- \/ Yoast SEO plugin. -->","yoast_head_json":{"title":"Inicio - Centro de Qu\u00edmica M\u00e9dica","robots":{"index":"index","follow":"follow","max-snippet":"max-snippet:-1","max-image-preview":"max-image-preview:large","max-video-preview":"max-video-preview:-1"},"canonical":"https:\/\/medicina.udd.cl\/centro-quimica-medica\/","schema":{"@context":"https:\/\/schema.org","@graph":[{"@type":"WebPage","@id":"https:\/\/medicina.udd.cl\/centro-quimica-medica\/","url":"https:\/\/medicina.udd.cl\/centro-quimica-medica\/","name":"Inicio - Centro de Qu\u00edmica M\u00e9dica","isPartOf":{"@id":"https:\/\/medicina.udd.cl\/centro-quimica-medica\/#website"},"datePublished":"2021-04-22T18:07:05+00:00","dateModified":"2022-04-12T14:04:13+00:00","breadcrumb":{"@id":"https:\/\/medicina.udd.cl\/centro-quimica-medica\/#breadcrumb"},"inLanguage":"es","potentialAction":[{"@type":"ReadAction","target":["https:\/\/medicina.udd.cl\/centro-quimica-medica\/"]}]},{"@type":"BreadcrumbList","@id":"https:\/\/medicina.udd.cl\/centro-quimica-medica\/#breadcrumb","itemListElement":[{"@type":"ListItem","position":1,"name":"Inicio","item":"https:\/\/medicina.udd.cl\/centro-quimica-medica\/"},{"@type":"ListItem","position":2,"name":"Inicio"}]},{"@type":"WebSite","@id":"https:\/\/medicina.udd.cl\/centro-quimica-medica\/#website","url":"https:\/\/medicina.udd.cl\/centro-quimica-medica\/","name":"Centro de Qu\u00edmica M\u00e9dica","description":"Otro sitio m\u00e1s de Medicina","inLanguage":"es"}]}},"_links":{"self":[{"href":"https:\/\/medicina.udd.cl\/centro-quimica-medica\/wp-json\/wp\/v2\/pages\/331","targetHints":{"allow":["GET"]}}],"collection":[{"href":"https:\/\/medicina.udd.cl\/centro-quimica-medica\/wp-json\/wp\/v2\/pages"}],"about":[{"href":"https:\/\/medicina.udd.cl\/centro-quimica-medica\/wp-json\/wp\/v2\/types\/page"}],"author":[{"embeddable":true,"href":"https:\/\/medicina.udd.cl\/centro-quimica-medica\/wp-json\/wp\/v2\/users\/9192223"}],"replies":[{"embeddable":true,"href":"https:\/\/medicina.udd.cl\/centro-quimica-medica\/wp-json\/wp\/v2\/comments?post=331"}],"version-history":[{"count":3,"href":"https:\/\/medicina.udd.cl\/centro-quimica-medica\/wp-json\/wp\/v2\/pages\/331\/revisions"}],"predecessor-version":[{"id":398,"href":"https:\/\/medicina.udd.cl\/centro-quimica-medica\/wp-json\/wp\/v2\/pages\/331\/revisions\/398"}],"wp:attachment":[{"href":"https:\/\/medicina.udd.cl\/centro-quimica-medica\/wp-json\/wp\/v2\/media?parent=331"}],"curies":[{"name":"wp","href":"https:\/\/api.w.org\/{rel}","templated":true}]}}