{"id":53,"date":"2014-10-24T12:47:58","date_gmt":"2014-10-24T12:47:58","guid":{"rendered":"http:\/\/medicina.udd.cl\/centro-quimica-medica\/?page_id=53"},"modified":"2021-04-22T21:11:43","modified_gmt":"2021-04-22T21:11:43","slug":"investigacion","status":"publish","type":"page","link":"https:\/\/medicina.udd.cl\/centro-quimica-medica\/investigacion\/","title":{"rendered":"Investigaci\u00f3n"},"content":{"rendered":"<section class=\"wp-block-udd-text-row block--bg-gray\">\n\t<div class=\"text-row\">\n\t\t<div class=\"text-row__content\">\n\t\t\t<div class=\"text-row__content-inner text\">\n\t\t\t\t\t\t\t\t\n<p>El Centro de Qu\u00edmica M\u00e9dica (CQM) de la Facultad de Medicina de Cl\u00ednica Alemana Universidad del Desarrollo (CAS-UDD), es un centro de investigaci\u00f3n en ciencias b\u00e1sicas y aplicadas, con miras a realizar investigaci\u00f3n traslacional e investigaci\u00f3n en \u00e1reas complementarias como lo es la ingenier\u00eda y la industria farmac\u00e9utica. Cabe destacar que la investigaci\u00f3n realizada en CQM se enmarca en los principios que rigen a la Qu\u00edmica Verde, con miras al cuidado del entorno y la sustentabilidad.<\/p>\n\t\t\t<\/div>\n\t\t<\/div>\n\t\t<div class=\"text-row__media\">\n\t\t\t<img loading=\"lazy\" decoding=\"async\" width=\"712\" height=\"534\" src=\"https:\/\/medicina.udd.cl\/centro-quimica-medica\/files\/2014\/10\/Investigaci\u00f3n-1-800x450.jpg\" class=\"text-row__media-image lazyload\" alt=\"\" sizes=\"auto, (max-width: 712px) 100vw, 712px\" data-src=\"https:\/\/medicina.udd.cl\/centro-quimica-medica\/files\/2014\/10\/Investigaci\u00f3n-1.jpg\" data-srcset=\"https:\/\/medicina.udd.cl\/centro-quimica-medica\/files\/2014\/10\/Investigaci\u00f3n-1.jpg 1238w, https:\/\/medicina.udd.cl\/centro-quimica-medica\/files\/2014\/10\/Investigaci\u00f3n-1-300x225.jpg 300w, https:\/\/medicina.udd.cl\/centro-quimica-medica\/files\/2014\/10\/Investigaci\u00f3n-1-768x576.jpg 768w, https:\/\/medicina.udd.cl\/centro-quimica-medica\/files\/2014\/10\/Investigaci\u00f3n-1-1024x768.jpg 1024w, https:\/\/medicina.udd.cl\/centro-quimica-medica\/files\/2014\/10\/Investigaci\u00f3n-1-960x720.jpg 960w\" \/>\t\t<\/div>\n\t<\/div>\n<\/section>\n\n\n\n<h2 class=\"wp-block-heading\">Sus principales \u00e1reas de trabajo son:<\/h2>\n\n\n\n<h3 class=\"wp-block-heading\"><strong>Generaci\u00f3n de nuevos materiales de liberaci\u00f3n de drogas mediante el uso de materiales biodegradables y sustentables.&nbsp;<\/strong><\/h3>\n\n\n\n<ul class=\"wp-block-list\"><li>Extracci\u00f3n y caracterizaci\u00f3n de polisac\u00e1ridos de algas pardas del litoral chileno para su utilizaci\u00f3n en la preparaci\u00f3n de hidrogeles biodegradables como matrices transportadoras de drogas.<\/li><li>S\u00edntesis y caracterizaci\u00f3n de materiales polim\u00e9ricos basados en poli(vinil) acetato como vendajes modernos que permitan el transporte de bioactivos que promuevan la cicatrizaci\u00f3n.<\/li><li>S\u00edntesis y caracterizaci\u00f3n de ionogeles.<\/li><li>S\u00edntesis y caracterizaci\u00f3n de nanopart\u00edculas en solventes alternativos para uso en medicina.<\/li><\/ul>\n\n\n\n<h3 class=\"wp-block-heading\"><strong>Estudios de componentes bioactivos presentes en plantas medicinales tradicionales.<\/strong><\/h3>\n\n\n\n<ul class=\"wp-block-list\"><li>Extracci\u00f3n y caracterizaci\u00f3n de los componentes bioactivos.<\/li><li>Determinaci\u00f3n de la capacidad antioxidante en productos naturales.<\/li><\/ul>\n\n\n\n<h3 class=\"wp-block-heading\"><strong>Solventes no convencionales para uso en medicina y farmacolog\u00eda<\/strong><\/h3>\n\n\n\n<ul class=\"wp-block-list\"><li>Separaci\u00f3n de f\u00e1rmacos esteroidales y no esteroidales mediante membranas l\u00edquidas basadas en l\u00edquidos i\u00f3nicos.<\/li><li>Estabilizaci\u00f3n de f\u00e1rmacos en solventes de eut\u00e9ctico profundo.<\/li><li>Estabilizaci\u00f3n de liposomas en solventes de eut\u00e9ctico profundo como medios liberadores de bioactivos\/drogas.<\/li><li>Estudios cin\u00e9ticos y determinaci\u00f3n de mecanismos de reacci\u00f3n en reacciones org\u00e1nicas mediante el uso de t\u00e9cnicas espectrosc\u00f3picas e integra la teor\u00eda mediante el uso de m\u00e9todos mec\u00e1nico-cu\u00e1nticos y qu\u00edmica computacional con miras a determinar interacciones espec\u00edficas que determinen las reactividades del par reaccionante.<\/li><li>Desarrollo y validaci\u00f3n de metodolog\u00edas anal\u00edticas para la determinaci\u00f3n cuantitativa de analitos en fluidos biol\u00f3gicos.<\/li><li>Estudio de estabilidad de drogas.<\/li><li>Establecimiento de sistemas de gesti\u00f3n de calidad requeridos por la industria farmac\u00e9utica.<\/li><\/ul>\n","protected":false},"excerpt":{"rendered":"<p>Sus principales \u00e1reas de trabajo son: Generaci\u00f3n de nuevos materiales de liberaci\u00f3n de drogas mediante el uso de materiales biodegradables y sustentables.&nbsp; Extracci\u00f3n y caracterizaci\u00f3n de polisac\u00e1ridos de algas pardas del litoral chileno para su utilizaci\u00f3n en la preparaci\u00f3n de hidrogeles biodegradables como matrices transportadoras de drogas. S\u00edntesis y caracterizaci\u00f3n de materiales polim\u00e9ricos basados en [&hellip;]<\/p>\n","protected":false},"author":1,"featured_media":0,"parent":0,"menu_order":0,"comment_status":"open","ping_status":"open","template":"","meta":{"footnotes":""},"class_list":["post-53","page","type-page","status-publish","hentry"],"yoast_head":"<!-- This site is optimized with the Yoast SEO plugin v26.9 - https:\/\/yoast.com\/product\/yoast-seo-wordpress\/ -->\n<title>Investigaci\u00f3n - Centro de Qu\u00edmica M\u00e9dica<\/title>\n<meta name=\"robots\" content=\"index, follow, max-snippet:-1, max-image-preview:large, max-video-preview:-1\" \/>\n<link rel=\"canonical\" href=\"https:\/\/medicina.udd.cl\/centro-quimica-medica\/investigacion\/\" \/>\n<meta name=\"twitter:label1\" content=\"Tiempo de lectura\" \/>\n\t<meta name=\"twitter:data1\" content=\"2 minutos\" \/>\n<script type=\"application\/ld+json\" class=\"yoast-schema-graph\">{\"@context\":\"https:\/\/schema.org\",\"@graph\":[{\"@type\":\"WebPage\",\"@id\":\"https:\/\/medicina.udd.cl\/centro-quimica-medica\/investigacion\/\",\"url\":\"https:\/\/medicina.udd.cl\/centro-quimica-medica\/investigacion\/\",\"name\":\"Investigaci\u00f3n - Centro de Qu\u00edmica M\u00e9dica\",\"isPartOf\":{\"@id\":\"https:\/\/medicina.udd.cl\/centro-quimica-medica\/#website\"},\"datePublished\":\"2014-10-24T12:47:58+00:00\",\"dateModified\":\"2021-04-22T21:11:43+00:00\",\"breadcrumb\":{\"@id\":\"https:\/\/medicina.udd.cl\/centro-quimica-medica\/investigacion\/#breadcrumb\"},\"inLanguage\":\"es\",\"potentialAction\":[{\"@type\":\"ReadAction\",\"target\":[\"https:\/\/medicina.udd.cl\/centro-quimica-medica\/investigacion\/\"]}]},{\"@type\":\"BreadcrumbList\",\"@id\":\"https:\/\/medicina.udd.cl\/centro-quimica-medica\/investigacion\/#breadcrumb\",\"itemListElement\":[{\"@type\":\"ListItem\",\"position\":1,\"name\":\"Inicio\",\"item\":\"https:\/\/medicina.udd.cl\/centro-quimica-medica\/\"},{\"@type\":\"ListItem\",\"position\":2,\"name\":\"Investigaci\u00f3n\"}]},{\"@type\":\"WebSite\",\"@id\":\"https:\/\/medicina.udd.cl\/centro-quimica-medica\/#website\",\"url\":\"https:\/\/medicina.udd.cl\/centro-quimica-medica\/\",\"name\":\"Centro de Qu\u00edmica M\u00e9dica\",\"description\":\"Otro sitio m\u00e1s de Medicina\",\"inLanguage\":\"es\"}]}<\/script>\n<!-- \/ Yoast SEO plugin. -->","yoast_head_json":{"title":"Investigaci\u00f3n - Centro de Qu\u00edmica M\u00e9dica","robots":{"index":"index","follow":"follow","max-snippet":"max-snippet:-1","max-image-preview":"max-image-preview:large","max-video-preview":"max-video-preview:-1"},"canonical":"https:\/\/medicina.udd.cl\/centro-quimica-medica\/investigacion\/","twitter_misc":{"Tiempo de lectura":"2 minutos"},"schema":{"@context":"https:\/\/schema.org","@graph":[{"@type":"WebPage","@id":"https:\/\/medicina.udd.cl\/centro-quimica-medica\/investigacion\/","url":"https:\/\/medicina.udd.cl\/centro-quimica-medica\/investigacion\/","name":"Investigaci\u00f3n - Centro de Qu\u00edmica M\u00e9dica","isPartOf":{"@id":"https:\/\/medicina.udd.cl\/centro-quimica-medica\/#website"},"datePublished":"2014-10-24T12:47:58+00:00","dateModified":"2021-04-22T21:11:43+00:00","breadcrumb":{"@id":"https:\/\/medicina.udd.cl\/centro-quimica-medica\/investigacion\/#breadcrumb"},"inLanguage":"es","potentialAction":[{"@type":"ReadAction","target":["https:\/\/medicina.udd.cl\/centro-quimica-medica\/investigacion\/"]}]},{"@type":"BreadcrumbList","@id":"https:\/\/medicina.udd.cl\/centro-quimica-medica\/investigacion\/#breadcrumb","itemListElement":[{"@type":"ListItem","position":1,"name":"Inicio","item":"https:\/\/medicina.udd.cl\/centro-quimica-medica\/"},{"@type":"ListItem","position":2,"name":"Investigaci\u00f3n"}]},{"@type":"WebSite","@id":"https:\/\/medicina.udd.cl\/centro-quimica-medica\/#website","url":"https:\/\/medicina.udd.cl\/centro-quimica-medica\/","name":"Centro de Qu\u00edmica M\u00e9dica","description":"Otro sitio m\u00e1s de Medicina","inLanguage":"es"}]}},"_links":{"self":[{"href":"https:\/\/medicina.udd.cl\/centro-quimica-medica\/wp-json\/wp\/v2\/pages\/53","targetHints":{"allow":["GET"]}}],"collection":[{"href":"https:\/\/medicina.udd.cl\/centro-quimica-medica\/wp-json\/wp\/v2\/pages"}],"about":[{"href":"https:\/\/medicina.udd.cl\/centro-quimica-medica\/wp-json\/wp\/v2\/types\/page"}],"author":[{"embeddable":true,"href":"https:\/\/medicina.udd.cl\/centro-quimica-medica\/wp-json\/wp\/v2\/users\/1"}],"replies":[{"embeddable":true,"href":"https:\/\/medicina.udd.cl\/centro-quimica-medica\/wp-json\/wp\/v2\/comments?post=53"}],"version-history":[{"count":9,"href":"https:\/\/medicina.udd.cl\/centro-quimica-medica\/wp-json\/wp\/v2\/pages\/53\/revisions"}],"predecessor-version":[{"id":362,"href":"https:\/\/medicina.udd.cl\/centro-quimica-medica\/wp-json\/wp\/v2\/pages\/53\/revisions\/362"}],"wp:attachment":[{"href":"https:\/\/medicina.udd.cl\/centro-quimica-medica\/wp-json\/wp\/v2\/media?parent=53"}],"curies":[{"name":"wp","href":"https:\/\/api.w.org\/{rel}","templated":true}]}}