{"id":56,"date":"2014-10-24T14:02:41","date_gmt":"2014-10-24T14:02:41","guid":{"rendered":"http:\/\/medicina.udd.cl\/centro-quimica-medica\/?page_id=56"},"modified":"2021-04-22T21:17:43","modified_gmt":"2021-04-22T21:17:43","slug":"proyectos-de-investigacion","status":"publish","type":"page","link":"https:\/\/medicina.udd.cl\/centro-quimica-medica\/investigacion\/proyectos-de-investigacion\/","title":{"rendered":"Proyectos de investigaci\u00f3n"},"content":{"rendered":"\n<h2 class=\"wp-block-heading\">EN EJECUCI\u00d3N<\/h2>\n\n\n\n<p><strong>DESARROLLO DE UN SOLVENTE ESTABILIZANTE DEL ANILLO \u0392 LACT\u00c1MICO Y SU PROYECCI\u00d3N COMO EXCIPIENTE DE FORMULACIONES FARMAC\u00c9UTICAS ORALES<\/strong><\/p>\n\n\n\n<ul class=\"wp-block-list\"><li><strong>Investigador Responsable: <\/strong>M\u00aa Bel\u00e9n Olivares<\/li><li>Proyecto PMI UDD<\/li><\/ul>\n\n\n\n<p><strong>ESTABILIDAD DE LIPOSOMAS UNILAMELARES GRANDES EN SOLVENTES DE EUT\u00c9CTICO PROFUNDO<\/strong><\/p>\n\n\n\n<ul class=\"wp-block-list\"><li><strong>Investigador Responsable:<\/strong> Cristi\u00e1n Calder\u00f3n<\/li><li>Proyecto PMI UDD<\/li><\/ul>\n\n\n\n<p><strong>EXPERIMENTAL &amp; THEORETICAL STUDIES ON NUCLEOPHILIC SUBSTITUTION REACTIONS IN SOLVENTS OF VARYING POLARITY<\/strong><\/p>\n\n\n\n<ul class=\"wp-block-list\"><li><strong>Investigador Responsable:<\/strong> Dra. Paola Campod\u00f3nico.<\/li><li>Proyecto Fondecyt Regular # 1150759.<\/li><li><strong>Instituci\u00f3n Patrocinante:<\/strong> Cl\u00ednica Alemana-Universidad del Desarrollo<\/li><\/ul>\n\n\n\n<p><strong>RESOLUTION OF RACEMIC PHARMACEUTICAL COMPOUNDS USING SUPPORTED LIQUID MEMBRANES BASED ON IONIC LIQUIDS.<\/strong><\/p>\n\n\n\n<ul class=\"wp-block-list\"><li><strong>Investigador Responsable: <\/strong>Dra. Marcela Gazit\u00faa<\/li><li>Proyecto Fondecyt de Iniciaci\u00f3n N\u00b0 11140172.<\/li><li><strong>Instituci\u00f3n Patrocinante: <\/strong>Cl\u00ednica Alemana-Universidad del Desarrollo<\/li><\/ul>\n\n\n\n<p><strong>POLI(L\u00cdQUIDOS I\u00d3NICOS): S\u00cdNTESIS, CARACTERIZACI\u00d3N Y ESTUDIOS COMO MEDIOS DE REACCI\u00d3N.<\/strong><\/p>\n\n\n\n<ul class=\"wp-block-list\"><li><strong>Investigador Responsable:<\/strong> Dra. Ximena Briones<\/li><li>Proyecto Fondecyt Postdoctoral N\u00b0 3150241<\/li><li><strong>Investigador Patrocinante:<\/strong> Dra. Paola Campod\u00f3nico<\/li><li><strong>Instituci\u00f3n Patrocinante: <\/strong>Cl\u00ednica Alemana-Universidad del Desarrollo<\/li><\/ul>\n\n\n\n<p>CQM es un centro de referencia nacional e internacional en el \u00e1rea de: <strong>Cin\u00e9tica y Mecanismos de Reacci\u00f3n<\/strong>, siendo una de las divisiones de investigaci\u00f3n de la <strong>Iniciativa Cient\u00edfica Milenio ICM- ICM-MINECON, RC-130006 &#8211; CILIS, Fondo de Innovaci\u00f3n para La Competitividad Del Ministerio de Econom\u00eda, Fomento y Turismo, Chile de la Universidad de Chile<\/strong> y dirigido por el Profesor Dr. Renato Contreras, de la Facultad de Ciencias-Universidad de Chile. Adem\u00e1s, esta ICM integra a las \u00e1reas de aplicaci\u00f3n desarrolladas en nuestro Centro de Investigaci\u00f3n.<\/p>\n\n\n\n<h2 class=\"wp-block-heading\">PREVIOS<\/h2>\n\n\n\n<p><strong>COMPETICI\u00d3N EN REACCIONES DE SUSTITUCI\u00d3N NUCLEOF\u00cdLICAS MEDIADAS POR EL SOLVENTE. ESTUDIO EXPERIMENTAL-TE\u00d3RICO.<\/strong><\/p>\n\n\n\n<ul class=\"wp-block-list\"><li><strong>Investigador Responsable: <\/strong>Dra. Marcela Gazit\u00faa<\/li><li>Proyecto Fondecyt Postdoctoral # 31200607<\/li><li><strong>Investigador Patrocinante: <\/strong>Dra. Paola Campod\u00f3nico<\/li><li><strong>Instituci\u00f3n Patrocinante: <\/strong>Cl\u00ednica Alemana-Universidad del Desarrollo<\/li><\/ul>\n\n\n\n<p><strong>EXPERIMENTAL &amp; THEORETICAL STUDIES ON NUCLEOPHILIC SUBSTITUTION REACTIONS IN SOLVENTS OF VARYING POLARITY.<\/strong><\/p>\n\n\n\n<ul class=\"wp-block-list\"><li><strong>Investigador Responsable:<\/strong> Dra. Jazm\u00edn Alarc\u00f3n<\/li><li>Centro de Gesti\u00f3n # 2014008100614597260<\/li><li>Cl\u00ednica Alemana &#8211; Universidad del Desarrollo<\/li><\/ul>\n\n\n\n<p><strong>KINETICS AND MECHANISTIC STUDY ON AROMATIC NUCLEOPHILIC SUBSTITUTION REACTIONS IN IONIC LIQUIDS AND MOLECULAR SOLVENT: EXPERIMENTAL AND THEORETICAL STUDIES.<\/strong><\/p>\n\n\n\n<p><strong>Investigador Responsable: <\/strong>Dra. Paola Campod\u00f3nico<br>Proyecto Fondecyt Regular # 1100492<br>Cl\u00ednica Alemana-Universidad del Desarrollo<\/p>\n\n\n\n<p><strong>AMINOLISYS OF DITHIOCARBONATES. KINETICS, MECHANISMS AND SOLVENT EFFECTS.<\/strong><\/p>\n\n\n\n<ul class=\"wp-block-list\"><li>Co-Investigador. Dra. Paola Campod\u00f3nico<\/li><li>Proyecto Fondecyt Regular # 1095145<\/li><li>Pontificia Universidad Cat\u00f3lica de Chile<\/li><li>Cl\u00ednica Alemana-Universidad del Desarrollo<\/li><\/ul>\n\n\n\n<p><strong>ESTUDIO CINETICO Y MECANISTICO EN REACCIONES DE SUSTITUCION AROMATICAS EN LIQUIDOS IONICOS. ESTUDIO EXPERIMENTAL Y TEORICO.<\/strong><\/p>\n\n\n\n<ul class=\"wp-block-list\"><li><strong>Investigador Responsable:<\/strong> Dra. Paola Campod\u00f3nico<\/li><li>Centro de Gesti\u00f3n # 23.400.026<\/li><li>Cl\u00ednica Alemana &#8211; Universidad del Desarrollo<\/li><\/ul>\n\n\n\n<p><strong>ESTUDIO EXPERIMENTAL-TE\u00d3RICO DE LA REACCI\u00d3N DE ACETILACI\u00d3N E HIDR\u00d3LISIS EN DERIVADOS DE HIDRAZINA COMO POTENCIALES DROGAS ANTITUBERCULOSAS.<\/strong><\/p>\n\n\n\n<ul class=\"wp-block-list\"><li><strong>Investigador Responsable: <\/strong>Dra. Paola Campod\u00f3nico<\/li><li>Centro de Gesti\u00f3n # 80.11.046<\/li><li>Cl\u00ednica Alemana &#8211; Universidad del Desarrollo<\/li><\/ul>\n\n\n\n<p><strong>DESARROLLO DE ESCALAS TE\u00d3RICAS DE ELECTROFILIA\/NUCLEOFILIA EN ACEPTORES DE MICHAEL Y SEGMENTOS DE ADN Y SU APLICACI\u00d3N AL DISE\u00d1O DE DROGAS ANTITUMORALES.<\/strong><\/p>\n\n\n\n<ul class=\"wp-block-list\"><li><strong>Investigador Responsable:<\/strong> Dra. Paola Campod\u00f3nico<\/li><li>Proyecto Fondecyt de Cooperaci\u00f3n Internacional # 7070053<\/li><li><strong>Profesor Visitante:<\/strong> Dr. Juan Andr\u00e9s Bort<\/li><li>Universidad Jaume I, Castell\u00f3n de la Plana \u2013 Espa\u00f1a.<\/li><li>Cl\u00ednica Alemana &#8211; Universidad del Desarrollo<\/li><\/ul>\n\n\n\n<p><strong>DESARROLLO DE ESCALAS TE\u00d3RICAS DE ELECTROFILIA\/NUCLEOFILIA EN ACEPTORES DE MICHAEL Y SEGMENTOS DE ADN Y SU APLICACI\u00d3N AL DISE\u00d1O DE DROGAS ANTITUMORALES.<\/strong><\/p>\n\n\n\n<ul class=\"wp-block-list\"><li><strong>Investigador Responsable:<\/strong> Dra. Paola Campod\u00f3nico<\/li><li>Proyecto Fondecyt de Iniciaci\u00f3n # 11060195<\/li><li>Cl\u00ednica Alemana &#8211; Universidad del Desarrollo<\/li><\/ul>\n\n\n\n<p><\/p>\n","protected":false},"excerpt":{"rendered":"<p>Revisa los proyectos de nuestros investigadores.<\/p>\n","protected":false},"author":1,"featured_media":0,"parent":53,"menu_order":0,"comment_status":"open","ping_status":"open","template":"","meta":{"footnotes":""},"class_list":["post-56","page","type-page","status-publish","hentry"],"yoast_head":"<!-- This site is optimized with the Yoast SEO plugin v26.9 - https:\/\/yoast.com\/product\/yoast-seo-wordpress\/ -->\n<title>Proyectos de investigaci\u00f3n - Centro de Qu\u00edmica M\u00e9dica<\/title>\n<meta name=\"robots\" content=\"index, follow, max-snippet:-1, max-image-preview:large, max-video-preview:-1\" \/>\n<link rel=\"canonical\" href=\"https:\/\/medicina.udd.cl\/centro-quimica-medica\/investigacion\/proyectos-de-investigacion\/\" \/>\n<meta name=\"twitter:label1\" content=\"Tiempo de lectura\" \/>\n\t<meta name=\"twitter:data1\" content=\"3 minutos\" \/>\n<script type=\"application\/ld+json\" class=\"yoast-schema-graph\">{\"@context\":\"https:\/\/schema.org\",\"@graph\":[{\"@type\":\"WebPage\",\"@id\":\"https:\/\/medicina.udd.cl\/centro-quimica-medica\/investigacion\/proyectos-de-investigacion\/\",\"url\":\"https:\/\/medicina.udd.cl\/centro-quimica-medica\/investigacion\/proyectos-de-investigacion\/\",\"name\":\"Proyectos de investigaci\u00f3n - Centro de Qu\u00edmica M\u00e9dica\",\"isPartOf\":{\"@id\":\"https:\/\/medicina.udd.cl\/centro-quimica-medica\/#website\"},\"datePublished\":\"2014-10-24T14:02:41+00:00\",\"dateModified\":\"2021-04-22T21:17:43+00:00\",\"breadcrumb\":{\"@id\":\"https:\/\/medicina.udd.cl\/centro-quimica-medica\/investigacion\/proyectos-de-investigacion\/#breadcrumb\"},\"inLanguage\":\"es\",\"potentialAction\":[{\"@type\":\"ReadAction\",\"target\":[\"https:\/\/medicina.udd.cl\/centro-quimica-medica\/investigacion\/proyectos-de-investigacion\/\"]}]},{\"@type\":\"BreadcrumbList\",\"@id\":\"https:\/\/medicina.udd.cl\/centro-quimica-medica\/investigacion\/proyectos-de-investigacion\/#breadcrumb\",\"itemListElement\":[{\"@type\":\"ListItem\",\"position\":1,\"name\":\"Inicio\",\"item\":\"https:\/\/medicina.udd.cl\/centro-quimica-medica\/\"},{\"@type\":\"ListItem\",\"position\":2,\"name\":\"Investigaci\u00f3n\",\"item\":\"https:\/\/medicina.udd.cl\/centro-quimica-medica\/investigacion\/\"},{\"@type\":\"ListItem\",\"position\":3,\"name\":\"Proyectos de investigaci\u00f3n\"}]},{\"@type\":\"WebSite\",\"@id\":\"https:\/\/medicina.udd.cl\/centro-quimica-medica\/#website\",\"url\":\"https:\/\/medicina.udd.cl\/centro-quimica-medica\/\",\"name\":\"Centro de Qu\u00edmica M\u00e9dica\",\"description\":\"Otro sitio m\u00e1s de Medicina\",\"inLanguage\":\"es\"}]}<\/script>\n<!-- \/ Yoast SEO plugin. -->","yoast_head_json":{"title":"Proyectos de investigaci\u00f3n - Centro de Qu\u00edmica M\u00e9dica","robots":{"index":"index","follow":"follow","max-snippet":"max-snippet:-1","max-image-preview":"max-image-preview:large","max-video-preview":"max-video-preview:-1"},"canonical":"https:\/\/medicina.udd.cl\/centro-quimica-medica\/investigacion\/proyectos-de-investigacion\/","twitter_misc":{"Tiempo de lectura":"3 minutos"},"schema":{"@context":"https:\/\/schema.org","@graph":[{"@type":"WebPage","@id":"https:\/\/medicina.udd.cl\/centro-quimica-medica\/investigacion\/proyectos-de-investigacion\/","url":"https:\/\/medicina.udd.cl\/centro-quimica-medica\/investigacion\/proyectos-de-investigacion\/","name":"Proyectos de investigaci\u00f3n - Centro de Qu\u00edmica M\u00e9dica","isPartOf":{"@id":"https:\/\/medicina.udd.cl\/centro-quimica-medica\/#website"},"datePublished":"2014-10-24T14:02:41+00:00","dateModified":"2021-04-22T21:17:43+00:00","breadcrumb":{"@id":"https:\/\/medicina.udd.cl\/centro-quimica-medica\/investigacion\/proyectos-de-investigacion\/#breadcrumb"},"inLanguage":"es","potentialAction":[{"@type":"ReadAction","target":["https:\/\/medicina.udd.cl\/centro-quimica-medica\/investigacion\/proyectos-de-investigacion\/"]}]},{"@type":"BreadcrumbList","@id":"https:\/\/medicina.udd.cl\/centro-quimica-medica\/investigacion\/proyectos-de-investigacion\/#breadcrumb","itemListElement":[{"@type":"ListItem","position":1,"name":"Inicio","item":"https:\/\/medicina.udd.cl\/centro-quimica-medica\/"},{"@type":"ListItem","position":2,"name":"Investigaci\u00f3n","item":"https:\/\/medicina.udd.cl\/centro-quimica-medica\/investigacion\/"},{"@type":"ListItem","position":3,"name":"Proyectos de investigaci\u00f3n"}]},{"@type":"WebSite","@id":"https:\/\/medicina.udd.cl\/centro-quimica-medica\/#website","url":"https:\/\/medicina.udd.cl\/centro-quimica-medica\/","name":"Centro de Qu\u00edmica M\u00e9dica","description":"Otro sitio m\u00e1s de Medicina","inLanguage":"es"}]}},"_links":{"self":[{"href":"https:\/\/medicina.udd.cl\/centro-quimica-medica\/wp-json\/wp\/v2\/pages\/56","targetHints":{"allow":["GET"]}}],"collection":[{"href":"https:\/\/medicina.udd.cl\/centro-quimica-medica\/wp-json\/wp\/v2\/pages"}],"about":[{"href":"https:\/\/medicina.udd.cl\/centro-quimica-medica\/wp-json\/wp\/v2\/types\/page"}],"author":[{"embeddable":true,"href":"https:\/\/medicina.udd.cl\/centro-quimica-medica\/wp-json\/wp\/v2\/users\/1"}],"replies":[{"embeddable":true,"href":"https:\/\/medicina.udd.cl\/centro-quimica-medica\/wp-json\/wp\/v2\/comments?post=56"}],"version-history":[{"count":12,"href":"https:\/\/medicina.udd.cl\/centro-quimica-medica\/wp-json\/wp\/v2\/pages\/56\/revisions"}],"predecessor-version":[{"id":364,"href":"https:\/\/medicina.udd.cl\/centro-quimica-medica\/wp-json\/wp\/v2\/pages\/56\/revisions\/364"}],"up":[{"embeddable":true,"href":"https:\/\/medicina.udd.cl\/centro-quimica-medica\/wp-json\/wp\/v2\/pages\/53"}],"wp:attachment":[{"href":"https:\/\/medicina.udd.cl\/centro-quimica-medica\/wp-json\/wp\/v2\/media?parent=56"}],"curies":[{"name":"wp","href":"https:\/\/api.w.org\/{rel}","templated":true}]}}