{"id":77,"date":"2014-11-11T19:02:41","date_gmt":"2014-11-11T19:02:41","guid":{"rendered":"http:\/\/medicina.udd.cl\/centro-quimica-medica\/?page_id=77"},"modified":"2021-04-22T22:52:56","modified_gmt":"2021-04-22T22:52:56","slug":"sobre-el-centro","status":"publish","type":"page","link":"https:\/\/medicina.udd.cl\/centro-quimica-medica\/el-centro\/sobre-el-centro\/","title":{"rendered":"Sobre el Centro"},"content":{"rendered":"\n<h2 class=\"wp-block-heading\">Misi\u00f3n<\/h2>\n\n\n\n<p>La misi\u00f3n del Centro de Qu\u00edmica M\u00e9dica, perteneciente al Instituto de Ciencias e Innovaci\u00f3n en Medicina (ICIM), es:<\/p>\n\n\n\n<ul class=\"wp-block-list\"><li>Impartir docencia de pre-grado: Carrera de Medicina, Facultad de Medicina CAS-UDD.<\/li><li>Impartir docencia de postgrado: Doctorado en Ciencias M\u00e9dicas, Facultad de Medicina, CAS-UDD.<\/li><li>Generar conocimiento en ciencia b\u00e1sica y aplicada: mediante investigaci\u00f3n multidisciplinaria enfocada a desarrollar innovaciones en el \u00e1rea de la qu\u00edmica m\u00e9dica y farmacolog\u00eda, con miras al desarrollo de procesos sustentables.<\/li><\/ul>\n\n\n\n<h2 class=\"wp-block-heading\">Infraestructura y laboratorio<\/h2>\n\n\n\n<p>El Centro de Qu\u00edmica M\u00e9dica dispone de un completo laboratorio con equipamientos de espectroscop\u00eda UV-visible y Fluorescencia y HPLC, entre otros.<\/p>\n\n\n\n<figure class=\"wp-block-gallery columns-3 is-cropped wp-block-gallery-1 is-layout-flex wp-block-gallery-is-layout-flex\"><ul class=\"blocks-gallery-grid\"><li class=\"blocks-gallery-item\"><figure><img loading=\"lazy\" decoding=\"async\" width=\"675\" height=\"450\" src=\"https:\/\/medicina.udd.cl\/centro-quimica-medica\/files\/2017\/09\/Infraestructura-y-Laboratorios-1.jpg\" alt=\"\" data-id=\"190\" data-full-url=\"https:\/\/medicina.udd.cl\/centro-quimica-medica\/files\/2017\/09\/Infraestructura-y-Laboratorios-1.jpg\" data-link=\"http:\/\/medicina.udd.cl\/centro-quimica-medica\/el-centro\/infraestructura-y-laboratorio\/infraestructura-y-laboratorios-1\/\" class=\"wp-image-190\" srcset=\"https:\/\/medicina.udd.cl\/centro-quimica-medica\/files\/2017\/09\/Infraestructura-y-Laboratorios-1.jpg 675w, https:\/\/medicina.udd.cl\/centro-quimica-medica\/files\/2017\/09\/Infraestructura-y-Laboratorios-1-300x200.jpg 300w\" sizes=\"auto, (max-width: 675px) 100vw, 675px\" \/><\/figure><\/li><li class=\"blocks-gallery-item\"><figure><img loading=\"lazy\" decoding=\"async\" width=\"450\" height=\"675\" src=\"https:\/\/medicina.udd.cl\/centro-quimica-medica\/files\/2017\/09\/Infraestructura-y-Laboratorios-2.jpg\" alt=\"\" data-id=\"191\" data-full-url=\"https:\/\/medicina.udd.cl\/centro-quimica-medica\/files\/2017\/09\/Infraestructura-y-Laboratorios-2.jpg\" data-link=\"http:\/\/medicina.udd.cl\/centro-quimica-medica\/el-centro\/infraestructura-y-laboratorio\/infraestructura-y-laboratorios-2\/\" class=\"wp-image-191\" srcset=\"https:\/\/medicina.udd.cl\/centro-quimica-medica\/files\/2017\/09\/Infraestructura-y-Laboratorios-2.jpg 450w, https:\/\/medicina.udd.cl\/centro-quimica-medica\/files\/2017\/09\/Infraestructura-y-Laboratorios-2-200x300.jpg 200w\" sizes=\"auto, (max-width: 450px) 100vw, 450px\" \/><\/figure><\/li><li class=\"blocks-gallery-item\"><figure><img loading=\"lazy\" decoding=\"async\" width=\"450\" height=\"675\" src=\"https:\/\/medicina.udd.cl\/centro-quimica-medica\/files\/2017\/09\/Infraestructura-y-Laboratorios-3.jpg\" alt=\"\" data-id=\"192\" data-full-url=\"https:\/\/medicina.udd.cl\/centro-quimica-medica\/files\/2017\/09\/Infraestructura-y-Laboratorios-3.jpg\" data-link=\"http:\/\/medicina.udd.cl\/centro-quimica-medica\/el-centro\/infraestructura-y-laboratorio\/infraestructura-y-laboratorios-3\/\" class=\"wp-image-192\" srcset=\"https:\/\/medicina.udd.cl\/centro-quimica-medica\/files\/2017\/09\/Infraestructura-y-Laboratorios-3.jpg 450w, https:\/\/medicina.udd.cl\/centro-quimica-medica\/files\/2017\/09\/Infraestructura-y-Laboratorios-3-200x300.jpg 200w\" sizes=\"auto, (max-width: 450px) 100vw, 450px\" \/><\/figure><\/li><li class=\"blocks-gallery-item\"><figure><img loading=\"lazy\" decoding=\"async\" width=\"675\" height=\"450\" src=\"https:\/\/medicina.udd.cl\/centro-quimica-medica\/files\/2017\/09\/Infraestructura-y-Laboratorios-4.jpg\" alt=\"\" data-id=\"193\" data-full-url=\"https:\/\/medicina.udd.cl\/centro-quimica-medica\/files\/2017\/09\/Infraestructura-y-Laboratorios-4.jpg\" data-link=\"http:\/\/medicina.udd.cl\/centro-quimica-medica\/el-centro\/infraestructura-y-laboratorio\/infraestructura-y-laboratorios-4\/\" class=\"wp-image-193\" srcset=\"https:\/\/medicina.udd.cl\/centro-quimica-medica\/files\/2017\/09\/Infraestructura-y-Laboratorios-4.jpg 675w, https:\/\/medicina.udd.cl\/centro-quimica-medica\/files\/2017\/09\/Infraestructura-y-Laboratorios-4-300x200.jpg 300w\" sizes=\"auto, (max-width: 675px) 100vw, 675px\" \/><\/figure><\/li><li class=\"blocks-gallery-item\"><figure><img loading=\"lazy\" decoding=\"async\" width=\"675\" height=\"450\" src=\"https:\/\/medicina.udd.cl\/centro-quimica-medica\/files\/2017\/09\/Infraestructura-y-Laboratorios-5.jpg\" alt=\"\" data-id=\"194\" data-full-url=\"https:\/\/medicina.udd.cl\/centro-quimica-medica\/files\/2017\/09\/Infraestructura-y-Laboratorios-5.jpg\" data-link=\"http:\/\/medicina.udd.cl\/centro-quimica-medica\/el-centro\/infraestructura-y-laboratorio\/infraestructura-y-laboratorios-5\/\" class=\"wp-image-194\" srcset=\"https:\/\/medicina.udd.cl\/centro-quimica-medica\/files\/2017\/09\/Infraestructura-y-Laboratorios-5.jpg 675w, https:\/\/medicina.udd.cl\/centro-quimica-medica\/files\/2017\/09\/Infraestructura-y-Laboratorios-5-300x200.jpg 300w\" sizes=\"auto, (max-width: 675px) 100vw, 675px\" \/><\/figure><\/li><li class=\"blocks-gallery-item\"><figure><img loading=\"lazy\" decoding=\"async\" width=\"1024\" height=\"683\" src=\"https:\/\/medicina.udd.cl\/centro-quimica-medica\/files\/2017\/09\/Infraestructura-y-Laboratorios-6-1024x683.jpg\" alt=\"\" data-id=\"195\" data-full-url=\"https:\/\/medicina.udd.cl\/centro-quimica-medica\/files\/2017\/09\/Infraestructura-y-Laboratorios-6.jpg\" data-link=\"http:\/\/medicina.udd.cl\/centro-quimica-medica\/el-centro\/infraestructura-y-laboratorio\/infraestructura-y-laboratorios-6\/\" class=\"wp-image-195\" srcset=\"https:\/\/medicina.udd.cl\/centro-quimica-medica\/files\/2017\/09\/Infraestructura-y-Laboratorios-6-1024x683.jpg 1024w, https:\/\/medicina.udd.cl\/centro-quimica-medica\/files\/2017\/09\/Infraestructura-y-Laboratorios-6-300x200.jpg 300w, https:\/\/medicina.udd.cl\/centro-quimica-medica\/files\/2017\/09\/Infraestructura-y-Laboratorios-6-768x512.jpg 768w, https:\/\/medicina.udd.cl\/centro-quimica-medica\/files\/2017\/09\/Infraestructura-y-Laboratorios-6-960x640.jpg 960w\" sizes=\"auto, (max-width: 1024px) 100vw, 1024px\" \/><\/figure><\/li><li class=\"blocks-gallery-item\"><figure><img loading=\"lazy\" decoding=\"async\" width=\"675\" height=\"450\" src=\"https:\/\/medicina.udd.cl\/centro-quimica-medica\/files\/2017\/09\/Infraestructura-y-Laboratorios-7.jpg\" alt=\"\" data-id=\"196\" data-full-url=\"https:\/\/medicina.udd.cl\/centro-quimica-medica\/files\/2017\/09\/Infraestructura-y-Laboratorios-7.jpg\" data-link=\"http:\/\/medicina.udd.cl\/centro-quimica-medica\/el-centro\/infraestructura-y-laboratorio\/infraestructura-y-laboratorios-7\/\" class=\"wp-image-196\" srcset=\"https:\/\/medicina.udd.cl\/centro-quimica-medica\/files\/2017\/09\/Infraestructura-y-Laboratorios-7.jpg 675w, https:\/\/medicina.udd.cl\/centro-quimica-medica\/files\/2017\/09\/Infraestructura-y-Laboratorios-7-300x200.jpg 300w\" sizes=\"auto, (max-width: 675px) 100vw, 675px\" \/><\/figure><\/li><li class=\"blocks-gallery-item\"><figure><img loading=\"lazy\" decoding=\"async\" width=\"675\" height=\"450\" src=\"https:\/\/medicina.udd.cl\/centro-quimica-medica\/files\/2017\/09\/Infraestructura-y-Laboratorios-8.jpg\" alt=\"\" data-id=\"197\" data-full-url=\"https:\/\/medicina.udd.cl\/centro-quimica-medica\/files\/2017\/09\/Infraestructura-y-Laboratorios-8.jpg\" data-link=\"http:\/\/medicina.udd.cl\/centro-quimica-medica\/el-centro\/infraestructura-y-laboratorio\/infraestructura-y-laboratorios-8\/\" class=\"wp-image-197\" srcset=\"https:\/\/medicina.udd.cl\/centro-quimica-medica\/files\/2017\/09\/Infraestructura-y-Laboratorios-8.jpg 675w, https:\/\/medicina.udd.cl\/centro-quimica-medica\/files\/2017\/09\/Infraestructura-y-Laboratorios-8-300x200.jpg 300w\" sizes=\"auto, (max-width: 675px) 100vw, 675px\" \/><\/figure><\/li><\/ul><\/figure>\n","protected":false},"excerpt":{"rendered":"<p>Conoce el trabajo del Centro de Qu\u00edmica M\u00e9dica y sus l\u00edneas de investigaci\u00f3n<\/p>\n","protected":false},"author":1,"featured_media":0,"parent":20,"menu_order":0,"comment_status":"open","ping_status":"open","template":"","meta":{"footnotes":""},"class_list":["post-77","page","type-page","status-publish","hentry"],"yoast_head":"<!-- This site is optimized with the Yoast SEO plugin v26.9 - https:\/\/yoast.com\/product\/yoast-seo-wordpress\/ -->\n<title>Sobre el Centro - Centro de Qu\u00edmica M\u00e9dica<\/title>\n<meta name=\"robots\" content=\"index, follow, max-snippet:-1, max-image-preview:large, max-video-preview:-1\" \/>\n<link rel=\"canonical\" href=\"https:\/\/medicina.udd.cl\/centro-quimica-medica\/el-centro\/sobre-el-centro\/\" \/>\n<meta name=\"twitter:label1\" content=\"Tiempo de lectura\" \/>\n\t<meta name=\"twitter:data1\" content=\"1 minuto\" \/>\n<script type=\"application\/ld+json\" class=\"yoast-schema-graph\">{\"@context\":\"https:\/\/schema.org\",\"@graph\":[{\"@type\":\"WebPage\",\"@id\":\"https:\/\/medicina.udd.cl\/centro-quimica-medica\/el-centro\/sobre-el-centro\/\",\"url\":\"https:\/\/medicina.udd.cl\/centro-quimica-medica\/el-centro\/sobre-el-centro\/\",\"name\":\"Sobre el Centro - Centro de Qu\u00edmica M\u00e9dica\",\"isPartOf\":{\"@id\":\"https:\/\/medicina.udd.cl\/centro-quimica-medica\/#website\"},\"primaryImageOfPage\":{\"@id\":\"https:\/\/medicina.udd.cl\/centro-quimica-medica\/el-centro\/sobre-el-centro\/#primaryimage\"},\"image\":{\"@id\":\"https:\/\/medicina.udd.cl\/centro-quimica-medica\/el-centro\/sobre-el-centro\/#primaryimage\"},\"thumbnailUrl\":\"https:\/\/medicina.udd.cl\/centro-quimica-medica\/files\/2017\/09\/Infraestructura-y-Laboratorios-1.jpg\",\"datePublished\":\"2014-11-11T19:02:41+00:00\",\"dateModified\":\"2021-04-22T22:52:56+00:00\",\"breadcrumb\":{\"@id\":\"https:\/\/medicina.udd.cl\/centro-quimica-medica\/el-centro\/sobre-el-centro\/#breadcrumb\"},\"inLanguage\":\"es\",\"potentialAction\":[{\"@type\":\"ReadAction\",\"target\":[\"https:\/\/medicina.udd.cl\/centro-quimica-medica\/el-centro\/sobre-el-centro\/\"]}]},{\"@type\":\"ImageObject\",\"inLanguage\":\"es\",\"@id\":\"https:\/\/medicina.udd.cl\/centro-quimica-medica\/el-centro\/sobre-el-centro\/#primaryimage\",\"url\":\"https:\/\/medicina.udd.cl\/centro-quimica-medica\/files\/2017\/09\/Infraestructura-y-Laboratorios-1.jpg\",\"contentUrl\":\"https:\/\/medicina.udd.cl\/centro-quimica-medica\/files\/2017\/09\/Infraestructura-y-Laboratorios-1.jpg\",\"width\":675,\"height\":450},{\"@type\":\"BreadcrumbList\",\"@id\":\"https:\/\/medicina.udd.cl\/centro-quimica-medica\/el-centro\/sobre-el-centro\/#breadcrumb\",\"itemListElement\":[{\"@type\":\"ListItem\",\"position\":1,\"name\":\"Inicio\",\"item\":\"https:\/\/medicina.udd.cl\/centro-quimica-medica\/\"},{\"@type\":\"ListItem\",\"position\":2,\"name\":\"El Centro\",\"item\":\"https:\/\/medicina.udd.cl\/centro-quimica-medica\/el-centro\/\"},{\"@type\":\"ListItem\",\"position\":3,\"name\":\"Sobre el Centro\"}]},{\"@type\":\"WebSite\",\"@id\":\"https:\/\/medicina.udd.cl\/centro-quimica-medica\/#website\",\"url\":\"https:\/\/medicina.udd.cl\/centro-quimica-medica\/\",\"name\":\"Centro de Qu\u00edmica M\u00e9dica\",\"description\":\"Otro sitio m\u00e1s de Medicina\",\"inLanguage\":\"es\"}]}<\/script>\n<!-- \/ Yoast SEO plugin. -->","yoast_head_json":{"title":"Sobre el Centro - Centro de Qu\u00edmica M\u00e9dica","robots":{"index":"index","follow":"follow","max-snippet":"max-snippet:-1","max-image-preview":"max-image-preview:large","max-video-preview":"max-video-preview:-1"},"canonical":"https:\/\/medicina.udd.cl\/centro-quimica-medica\/el-centro\/sobre-el-centro\/","twitter_misc":{"Tiempo de lectura":"1 minuto"},"schema":{"@context":"https:\/\/schema.org","@graph":[{"@type":"WebPage","@id":"https:\/\/medicina.udd.cl\/centro-quimica-medica\/el-centro\/sobre-el-centro\/","url":"https:\/\/medicina.udd.cl\/centro-quimica-medica\/el-centro\/sobre-el-centro\/","name":"Sobre el Centro - Centro de Qu\u00edmica M\u00e9dica","isPartOf":{"@id":"https:\/\/medicina.udd.cl\/centro-quimica-medica\/#website"},"primaryImageOfPage":{"@id":"https:\/\/medicina.udd.cl\/centro-quimica-medica\/el-centro\/sobre-el-centro\/#primaryimage"},"image":{"@id":"https:\/\/medicina.udd.cl\/centro-quimica-medica\/el-centro\/sobre-el-centro\/#primaryimage"},"thumbnailUrl":"https:\/\/medicina.udd.cl\/centro-quimica-medica\/files\/2017\/09\/Infraestructura-y-Laboratorios-1.jpg","datePublished":"2014-11-11T19:02:41+00:00","dateModified":"2021-04-22T22:52:56+00:00","breadcrumb":{"@id":"https:\/\/medicina.udd.cl\/centro-quimica-medica\/el-centro\/sobre-el-centro\/#breadcrumb"},"inLanguage":"es","potentialAction":[{"@type":"ReadAction","target":["https:\/\/medicina.udd.cl\/centro-quimica-medica\/el-centro\/sobre-el-centro\/"]}]},{"@type":"ImageObject","inLanguage":"es","@id":"https:\/\/medicina.udd.cl\/centro-quimica-medica\/el-centro\/sobre-el-centro\/#primaryimage","url":"https:\/\/medicina.udd.cl\/centro-quimica-medica\/files\/2017\/09\/Infraestructura-y-Laboratorios-1.jpg","contentUrl":"https:\/\/medicina.udd.cl\/centro-quimica-medica\/files\/2017\/09\/Infraestructura-y-Laboratorios-1.jpg","width":675,"height":450},{"@type":"BreadcrumbList","@id":"https:\/\/medicina.udd.cl\/centro-quimica-medica\/el-centro\/sobre-el-centro\/#breadcrumb","itemListElement":[{"@type":"ListItem","position":1,"name":"Inicio","item":"https:\/\/medicina.udd.cl\/centro-quimica-medica\/"},{"@type":"ListItem","position":2,"name":"El Centro","item":"https:\/\/medicina.udd.cl\/centro-quimica-medica\/el-centro\/"},{"@type":"ListItem","position":3,"name":"Sobre el Centro"}]},{"@type":"WebSite","@id":"https:\/\/medicina.udd.cl\/centro-quimica-medica\/#website","url":"https:\/\/medicina.udd.cl\/centro-quimica-medica\/","name":"Centro de Qu\u00edmica M\u00e9dica","description":"Otro sitio m\u00e1s de Medicina","inLanguage":"es"}]}},"_links":{"self":[{"href":"https:\/\/medicina.udd.cl\/centro-quimica-medica\/wp-json\/wp\/v2\/pages\/77","targetHints":{"allow":["GET"]}}],"collection":[{"href":"https:\/\/medicina.udd.cl\/centro-quimica-medica\/wp-json\/wp\/v2\/pages"}],"about":[{"href":"https:\/\/medicina.udd.cl\/centro-quimica-medica\/wp-json\/wp\/v2\/types\/page"}],"author":[{"embeddable":true,"href":"https:\/\/medicina.udd.cl\/centro-quimica-medica\/wp-json\/wp\/v2\/users\/1"}],"replies":[{"embeddable":true,"href":"https:\/\/medicina.udd.cl\/centro-quimica-medica\/wp-json\/wp\/v2\/comments?post=77"}],"version-history":[{"count":9,"href":"https:\/\/medicina.udd.cl\/centro-quimica-medica\/wp-json\/wp\/v2\/pages\/77\/revisions"}],"predecessor-version":[{"id":386,"href":"https:\/\/medicina.udd.cl\/centro-quimica-medica\/wp-json\/wp\/v2\/pages\/77\/revisions\/386"}],"up":[{"embeddable":true,"href":"https:\/\/medicina.udd.cl\/centro-quimica-medica\/wp-json\/wp\/v2\/pages\/20"}],"wp:attachment":[{"href":"https:\/\/medicina.udd.cl\/centro-quimica-medica\/wp-json\/wp\/v2\/media?parent=77"}],"curies":[{"name":"wp","href":"https:\/\/api.w.org\/{rel}","templated":true}]}}