{"id":19,"date":"2023-09-07T17:37:19","date_gmt":"2023-09-07T17:37:19","guid":{"rendered":"https:\/\/medicina.udd.cl\/comite-etico-cientifico\/?page_id=19"},"modified":"2026-03-18T17:54:19","modified_gmt":"2026-03-18T20:54:19","slug":"integrantes","status":"publish","type":"page","link":"https:\/\/medicina.udd.cl\/comite-etico-cientifico\/integrantes\/","title":{"rendered":"Integrantes"},"content":{"rendered":"\n<figure class=\"wp-block-table\"><table class=\"has-fixed-layout\"><tbody><tr><td><strong>NOMBRE<\/strong><strong><\/strong><\/td><td><strong>PROFESI\u00d3N<\/strong><strong><\/strong><\/td><td><strong>CARGO<\/strong><strong><\/strong><\/td><\/tr><tr><td>Marcial Osorio Fuenzalida<\/td><td>M\u00e9dico<\/td><td>Presidente<\/td><\/tr><tr><td>Alejandra Vald\u00e9s Vald\u00e9s<\/td><td>Matrona<\/td><td>Vicepresidenta<\/td><\/tr><tr><td>Mar\u00eda Laura Aued<\/td><td>M\u00e9dico<\/td><td>Secretaria Ejecutiva<\/td><\/tr><tr><td>Claudia Gillmore San Mart\u00edn<\/td><td>Fonoaudi\u00f3loga<\/td><td>Secretaria Ejecutiva suplente<\/td><\/tr><tr><td>Bernardita Portales Velasco<\/td><td>Fonoaudi\u00f3loga<\/td><td>Integrante<\/td><\/tr><tr><td>Juan Alberto Lecaros Urz\u00faa<\/td><td>Abogado<\/td><td>Integrante<\/td><\/tr><tr><td>Gonzalo L\u00f3pez Gaete<\/td><td>Abogado<\/td><td>Integrante<\/td><\/tr><tr><td>Mar\u00eda Loreto Rojas Dur\u00e1n<\/td><td>Arquitecto<\/td><td>Miembro de la comunidad<\/td><\/tr><tr><td>Trinidad Valenzuela Velasco<\/td><td>Profesora Artes Visuales<\/td><td>Miembro de la comunidad<\/td><\/tr><tr><td>J. Pablo Undurraga Fourcade<\/td><td>M\u00e9dico<\/td><td>Integrante<\/td><\/tr><tr><td>Iris Delgado Becerra<\/td><td>Profesora, M.Sc. Bioestad\u00edstica<\/td><td>Integrante<\/td><\/tr><tr><td>Fabiola Mar\u00edn Garrido<\/td><td>Cientista Pol\u00edtico<\/td><td>Integrante<\/td><\/tr><tr><td>Mariana Dittborn Bellalta<\/td><td>M\u00e9dico<\/td><td>Integrante<\/td><\/tr><tr><td>Renzo Munita Marambio<\/td><td>Abogado<\/td><td>Integrante<\/td><\/tr><\/tbody><\/table><\/figure>\n","protected":false},"excerpt":{"rendered":"<p>NOMBRE PROFESI\u00d3N CARGO Marcial Osorio Fuenzalida M\u00e9dico Presidente Alejandra Vald\u00e9s Vald\u00e9s Matrona Vicepresidenta Mar\u00eda Laura Aued M\u00e9dico Secretaria Ejecutiva Claudia Gillmore San Mart\u00edn Fonoaudi\u00f3loga Secretaria Ejecutiva suplente Bernardita Portales Velasco Fonoaudi\u00f3loga Integrante Juan Alberto Lecaros Urz\u00faa Abogado Integrante Gonzalo L\u00f3pez Gaete Abogado Integrante Mar\u00eda Loreto Rojas Dur\u00e1n Arquitecto Miembro de la comunidad Trinidad Valenzuela Velasco [&hellip;]<\/p>\n","protected":false},"author":9192217,"featured_media":0,"parent":0,"menu_order":0,"comment_status":"closed","ping_status":"closed","template":"","meta":{"footnotes":""},"class_list":["post-19","page","type-page","status-publish","hentry"],"yoast_head":"<!-- This site is optimized with the Yoast SEO plugin v26.9 - https:\/\/yoast.com\/product\/yoast-seo-wordpress\/ -->\n<title>Integrantes - Comit\u00e9 \u00c9tico Cient\u00edfico<\/title>\n<meta name=\"robots\" content=\"index, follow, max-snippet:-1, max-image-preview:large, max-video-preview:-1\" \/>\n<link rel=\"canonical\" href=\"https:\/\/medicina.udd.cl\/comite-etico-cientifico\/integrantes\/\" \/>\n<meta property=\"og:locale\" content=\"es_ES\" \/>\n<meta property=\"og:type\" content=\"article\" \/>\n<meta property=\"og:title\" content=\"Integrantes - Comit\u00e9 \u00c9tico Cient\u00edfico\" \/>\n<meta property=\"og:description\" content=\"NOMBRE PROFESI\u00d3N CARGO Marcial Osorio Fuenzalida M\u00e9dico Presidente Alejandra Vald\u00e9s Vald\u00e9s Matrona Vicepresidenta Mar\u00eda Laura Aued M\u00e9dico Secretaria Ejecutiva Claudia Gillmore San Mart\u00edn Fonoaudi\u00f3loga Secretaria Ejecutiva suplente Bernardita Portales Velasco Fonoaudi\u00f3loga Integrante Juan Alberto Lecaros Urz\u00faa Abogado Integrante Gonzalo L\u00f3pez Gaete Abogado Integrante Mar\u00eda Loreto Rojas Dur\u00e1n Arquitecto Miembro de la comunidad Trinidad Valenzuela Velasco [&hellip;]\" \/>\n<meta property=\"og:url\" content=\"https:\/\/medicina.udd.cl\/comite-etico-cientifico\/integrantes\/\" \/>\n<meta property=\"og:site_name\" content=\"Comit\u00e9 \u00c9tico Cient\u00edfico\" \/>\n<meta property=\"article:modified_time\" content=\"2026-03-18T20:54:19+00:00\" \/>\n<meta name=\"twitter:card\" content=\"summary_large_image\" \/>\n<meta name=\"twitter:label1\" content=\"Tiempo de lectura\" \/>\n\t<meta name=\"twitter:data1\" content=\"1 minuto\" \/>\n<script type=\"application\/ld+json\" class=\"yoast-schema-graph\">{\"@context\":\"https:\/\/schema.org\",\"@graph\":[{\"@type\":\"WebPage\",\"@id\":\"https:\/\/medicina.udd.cl\/comite-etico-cientifico\/integrantes\/\",\"url\":\"https:\/\/medicina.udd.cl\/comite-etico-cientifico\/integrantes\/\",\"name\":\"Integrantes - Comit\u00e9 \u00c9tico Cient\u00edfico\",\"isPartOf\":{\"@id\":\"https:\/\/medicina.udd.cl\/comite-etico-cientifico\/#website\"},\"datePublished\":\"2023-09-07T17:37:19+00:00\",\"dateModified\":\"2026-03-18T20:54:19+00:00\",\"breadcrumb\":{\"@id\":\"https:\/\/medicina.udd.cl\/comite-etico-cientifico\/integrantes\/#breadcrumb\"},\"inLanguage\":\"es\",\"potentialAction\":[{\"@type\":\"ReadAction\",\"target\":[\"https:\/\/medicina.udd.cl\/comite-etico-cientifico\/integrantes\/\"]}]},{\"@type\":\"BreadcrumbList\",\"@id\":\"https:\/\/medicina.udd.cl\/comite-etico-cientifico\/integrantes\/#breadcrumb\",\"itemListElement\":[{\"@type\":\"ListItem\",\"position\":1,\"name\":\"Portada\",\"item\":\"https:\/\/medicina.udd.cl\/comite-etico-cientifico\/\"},{\"@type\":\"ListItem\",\"position\":2,\"name\":\"Integrantes\"}]},{\"@type\":\"WebSite\",\"@id\":\"https:\/\/medicina.udd.cl\/comite-etico-cientifico\/#website\",\"url\":\"https:\/\/medicina.udd.cl\/comite-etico-cientifico\/\",\"name\":\"Comit\u00e9 \u00c9tico Cient\u00edfico\",\"description\":\"Facultad de Medicina Cl\u00ednica Alemana Universidad del Desarrollo\",\"inLanguage\":\"es\"}]}<\/script>\n<!-- \/ Yoast SEO plugin. -->","yoast_head_json":{"title":"Integrantes - Comit\u00e9 \u00c9tico Cient\u00edfico","robots":{"index":"index","follow":"follow","max-snippet":"max-snippet:-1","max-image-preview":"max-image-preview:large","max-video-preview":"max-video-preview:-1"},"canonical":"https:\/\/medicina.udd.cl\/comite-etico-cientifico\/integrantes\/","og_locale":"es_ES","og_type":"article","og_title":"Integrantes - Comit\u00e9 \u00c9tico Cient\u00edfico","og_description":"NOMBRE PROFESI\u00d3N CARGO Marcial Osorio Fuenzalida M\u00e9dico Presidente Alejandra Vald\u00e9s Vald\u00e9s Matrona Vicepresidenta Mar\u00eda Laura Aued M\u00e9dico Secretaria Ejecutiva Claudia Gillmore San Mart\u00edn Fonoaudi\u00f3loga Secretaria Ejecutiva suplente Bernardita Portales Velasco Fonoaudi\u00f3loga Integrante Juan Alberto Lecaros Urz\u00faa Abogado Integrante Gonzalo L\u00f3pez Gaete Abogado Integrante Mar\u00eda Loreto Rojas Dur\u00e1n Arquitecto Miembro de la comunidad Trinidad Valenzuela Velasco [&hellip;]","og_url":"https:\/\/medicina.udd.cl\/comite-etico-cientifico\/integrantes\/","og_site_name":"Comit\u00e9 \u00c9tico Cient\u00edfico","article_modified_time":"2026-03-18T20:54:19+00:00","twitter_card":"summary_large_image","twitter_misc":{"Tiempo de lectura":"1 minuto"},"schema":{"@context":"https:\/\/schema.org","@graph":[{"@type":"WebPage","@id":"https:\/\/medicina.udd.cl\/comite-etico-cientifico\/integrantes\/","url":"https:\/\/medicina.udd.cl\/comite-etico-cientifico\/integrantes\/","name":"Integrantes - Comit\u00e9 \u00c9tico Cient\u00edfico","isPartOf":{"@id":"https:\/\/medicina.udd.cl\/comite-etico-cientifico\/#website"},"datePublished":"2023-09-07T17:37:19+00:00","dateModified":"2026-03-18T20:54:19+00:00","breadcrumb":{"@id":"https:\/\/medicina.udd.cl\/comite-etico-cientifico\/integrantes\/#breadcrumb"},"inLanguage":"es","potentialAction":[{"@type":"ReadAction","target":["https:\/\/medicina.udd.cl\/comite-etico-cientifico\/integrantes\/"]}]},{"@type":"BreadcrumbList","@id":"https:\/\/medicina.udd.cl\/comite-etico-cientifico\/integrantes\/#breadcrumb","itemListElement":[{"@type":"ListItem","position":1,"name":"Portada","item":"https:\/\/medicina.udd.cl\/comite-etico-cientifico\/"},{"@type":"ListItem","position":2,"name":"Integrantes"}]},{"@type":"WebSite","@id":"https:\/\/medicina.udd.cl\/comite-etico-cientifico\/#website","url":"https:\/\/medicina.udd.cl\/comite-etico-cientifico\/","name":"Comit\u00e9 \u00c9tico Cient\u00edfico","description":"Facultad de Medicina Cl\u00ednica Alemana Universidad del Desarrollo","inLanguage":"es"}]}},"_links":{"self":[{"href":"https:\/\/medicina.udd.cl\/comite-etico-cientifico\/wp-json\/wp\/v2\/pages\/19","targetHints":{"allow":["GET"]}}],"collection":[{"href":"https:\/\/medicina.udd.cl\/comite-etico-cientifico\/wp-json\/wp\/v2\/pages"}],"about":[{"href":"https:\/\/medicina.udd.cl\/comite-etico-cientifico\/wp-json\/wp\/v2\/types\/page"}],"author":[{"embeddable":true,"href":"https:\/\/medicina.udd.cl\/comite-etico-cientifico\/wp-json\/wp\/v2\/users\/9192217"}],"replies":[{"embeddable":true,"href":"https:\/\/medicina.udd.cl\/comite-etico-cientifico\/wp-json\/wp\/v2\/comments?post=19"}],"version-history":[{"count":4,"href":"https:\/\/medicina.udd.cl\/comite-etico-cientifico\/wp-json\/wp\/v2\/pages\/19\/revisions"}],"predecessor-version":[{"id":385,"href":"https:\/\/medicina.udd.cl\/comite-etico-cientifico\/wp-json\/wp\/v2\/pages\/19\/revisions\/385"}],"wp:attachment":[{"href":"https:\/\/medicina.udd.cl\/comite-etico-cientifico\/wp-json\/wp\/v2\/media?parent=19"}],"curies":[{"name":"wp","href":"https:\/\/api.w.org\/{rel}","templated":true}]}}