{"id":46,"date":"2023-11-02T14:05:43","date_gmt":"2023-11-02T14:05:43","guid":{"rendered":"https:\/\/medicina.udd.cl\/comite-etico-cientifico\/?page_id=46"},"modified":"2023-11-02T14:09:07","modified_gmt":"2023-11-02T14:09:07","slug":"mision-y-funciones","status":"publish","type":"page","link":"https:\/\/medicina.udd.cl\/comite-etico-cientifico\/mision-y-funciones\/","title":{"rendered":"Misi\u00f3n y Funciones"},"content":{"rendered":"\n<h2 class=\"has-brand-primary-color has-text-color wp-block-heading\">Misi\u00f3n del Comit\u00e9<\/h2>\n\n\n\n<p>La misi\u00f3n principal de este Comit\u00e9 es proteger los derechos, la seguridad, la dignidad y el bienestar de los sujetos de investigaci\u00f3n biom\u00e9dica, as\u00ed como tambi\u00e9n respetar los derechos y libertades fundamentales de las personas en el marco de la investigaci\u00f3n biom\u00e9dica con seres humanos, reconocidos en la Constituci\u00f3n Pol\u00edtica de la Rep\u00fablica, el ordenamiento jur\u00eddico vigente y los Tratados Internacionales ratificados por Chile y que se encuentren vigentes. Asimismo, se respetan las recomendaciones \u00e9ticas internacionales y nacionales relativas a la investigaci\u00f3n relacionada con la salud con seres humanos.<\/p>\n\n\n\n<h2 class=\"has-brand-primary-color has-text-color wp-block-heading\">Funciones y Atribuciones del Comit\u00e9<\/h2>\n\n\n\n<p>La principal actividad de este Comit\u00e9 \u00c9tico Cient\u00edfico consiste en la revisi\u00f3n de protocolos de investigaci\u00f3n, formularios de consentimiento y asentimiento informado, enmiendas, reporte de eventos adversos, informes de avance y otros documentos relacionados con los protocolos de investigaci\u00f3n. Adem\u00e1s, se realizan actividades de extensi\u00f3n, capacitaci\u00f3n, sesiones de revisi\u00f3n bibliogr\u00e1fica, investigaci\u00f3n y formaci\u00f3n permanente de los integrantes del Comit\u00e9.<\/p>\n\n\n\n<p>Tambi\u00e9n este Comit\u00e9 tiene por objetivo educar a los investigadores y estudiantes de pre y postgrado en \u00e9tica de la investigaci\u00f3n.<\/p>\n\n\n<p class=\"wp-block-udd-button text-left\"><a class=\"btn btn-primary btn-lg\" href=\"https:\/\/medicina.udd.cl\/comite-etico-cientifico\/mision-y-funciones\/funciones\/\" data-url=\"https:\/\/medicina.udd.cl\/comite-etico-cientifico\/mision-y-funciones\/funciones\/\"> Ver m\u00e1s <\/a><\/p>\n","protected":false},"excerpt":{"rendered":"<p>Misi\u00f3n del Comit\u00e9 La misi\u00f3n principal de este Comit\u00e9 es proteger los derechos, la seguridad, la dignidad y el bienestar de los sujetos de investigaci\u00f3n biom\u00e9dica, as\u00ed como tambi\u00e9n respetar los derechos y libertades fundamentales de las personas en el marco de la investigaci\u00f3n biom\u00e9dica con seres humanos, reconocidos en la Constituci\u00f3n Pol\u00edtica de la [&hellip;]<\/p>\n","protected":false},"author":9192217,"featured_media":0,"parent":0,"menu_order":0,"comment_status":"closed","ping_status":"closed","template":"","meta":{"footnotes":""},"class_list":["post-46","page","type-page","status-publish","hentry"],"yoast_head":"<!-- This site is optimized with the Yoast SEO plugin v26.9 - https:\/\/yoast.com\/product\/yoast-seo-wordpress\/ -->\n<title>Misi\u00f3n y Funciones - Comit\u00e9 \u00c9tico Cient\u00edfico<\/title>\n<meta name=\"robots\" content=\"index, follow, max-snippet:-1, max-image-preview:large, max-video-preview:-1\" \/>\n<link rel=\"canonical\" href=\"https:\/\/medicina.udd.cl\/comite-etico-cientifico\/mision-y-funciones\/\" \/>\n<meta property=\"og:locale\" content=\"es_ES\" \/>\n<meta property=\"og:type\" content=\"article\" \/>\n<meta property=\"og:title\" content=\"Misi\u00f3n y Funciones - Comit\u00e9 \u00c9tico Cient\u00edfico\" \/>\n<meta property=\"og:description\" content=\"Misi\u00f3n del Comit\u00e9 La misi\u00f3n principal de este Comit\u00e9 es proteger los derechos, la seguridad, la dignidad y el bienestar de los sujetos de investigaci\u00f3n biom\u00e9dica, as\u00ed como tambi\u00e9n respetar los derechos y libertades fundamentales de las personas en el marco de la investigaci\u00f3n biom\u00e9dica con seres humanos, reconocidos en la Constituci\u00f3n Pol\u00edtica de la [&hellip;]\" \/>\n<meta property=\"og:url\" content=\"https:\/\/medicina.udd.cl\/comite-etico-cientifico\/mision-y-funciones\/\" \/>\n<meta property=\"og:site_name\" content=\"Comit\u00e9 \u00c9tico Cient\u00edfico\" \/>\n<meta property=\"article:modified_time\" content=\"2023-11-02T14:09:07+00:00\" \/>\n<meta name=\"twitter:card\" content=\"summary_large_image\" \/>\n<meta name=\"twitter:label1\" content=\"Tiempo de lectura\" \/>\n\t<meta name=\"twitter:data1\" content=\"1 minuto\" \/>\n<script type=\"application\/ld+json\" class=\"yoast-schema-graph\">{\"@context\":\"https:\/\/schema.org\",\"@graph\":[{\"@type\":\"WebPage\",\"@id\":\"https:\/\/medicina.udd.cl\/comite-etico-cientifico\/mision-y-funciones\/\",\"url\":\"https:\/\/medicina.udd.cl\/comite-etico-cientifico\/mision-y-funciones\/\",\"name\":\"Misi\u00f3n y Funciones - Comit\u00e9 \u00c9tico Cient\u00edfico\",\"isPartOf\":{\"@id\":\"https:\/\/medicina.udd.cl\/comite-etico-cientifico\/#website\"},\"datePublished\":\"2023-11-02T14:05:43+00:00\",\"dateModified\":\"2023-11-02T14:09:07+00:00\",\"breadcrumb\":{\"@id\":\"https:\/\/medicina.udd.cl\/comite-etico-cientifico\/mision-y-funciones\/#breadcrumb\"},\"inLanguage\":\"es\",\"potentialAction\":[{\"@type\":\"ReadAction\",\"target\":[\"https:\/\/medicina.udd.cl\/comite-etico-cientifico\/mision-y-funciones\/\"]}]},{\"@type\":\"BreadcrumbList\",\"@id\":\"https:\/\/medicina.udd.cl\/comite-etico-cientifico\/mision-y-funciones\/#breadcrumb\",\"itemListElement\":[{\"@type\":\"ListItem\",\"position\":1,\"name\":\"Portada\",\"item\":\"https:\/\/medicina.udd.cl\/comite-etico-cientifico\/\"},{\"@type\":\"ListItem\",\"position\":2,\"name\":\"Misi\u00f3n y Funciones\"}]},{\"@type\":\"WebSite\",\"@id\":\"https:\/\/medicina.udd.cl\/comite-etico-cientifico\/#website\",\"url\":\"https:\/\/medicina.udd.cl\/comite-etico-cientifico\/\",\"name\":\"Comit\u00e9 \u00c9tico Cient\u00edfico\",\"description\":\"Facultad de Medicina Cl\u00ednica Alemana Universidad del Desarrollo\",\"inLanguage\":\"es\"}]}<\/script>\n<!-- \/ Yoast SEO plugin. -->","yoast_head_json":{"title":"Misi\u00f3n y Funciones - Comit\u00e9 \u00c9tico Cient\u00edfico","robots":{"index":"index","follow":"follow","max-snippet":"max-snippet:-1","max-image-preview":"max-image-preview:large","max-video-preview":"max-video-preview:-1"},"canonical":"https:\/\/medicina.udd.cl\/comite-etico-cientifico\/mision-y-funciones\/","og_locale":"es_ES","og_type":"article","og_title":"Misi\u00f3n y Funciones - Comit\u00e9 \u00c9tico Cient\u00edfico","og_description":"Misi\u00f3n del Comit\u00e9 La misi\u00f3n principal de este Comit\u00e9 es proteger los derechos, la seguridad, la dignidad y el bienestar de los sujetos de investigaci\u00f3n biom\u00e9dica, as\u00ed como tambi\u00e9n respetar los derechos y libertades fundamentales de las personas en el marco de la investigaci\u00f3n biom\u00e9dica con seres humanos, reconocidos en la Constituci\u00f3n Pol\u00edtica de la [&hellip;]","og_url":"https:\/\/medicina.udd.cl\/comite-etico-cientifico\/mision-y-funciones\/","og_site_name":"Comit\u00e9 \u00c9tico Cient\u00edfico","article_modified_time":"2023-11-02T14:09:07+00:00","twitter_card":"summary_large_image","twitter_misc":{"Tiempo de lectura":"1 minuto"},"schema":{"@context":"https:\/\/schema.org","@graph":[{"@type":"WebPage","@id":"https:\/\/medicina.udd.cl\/comite-etico-cientifico\/mision-y-funciones\/","url":"https:\/\/medicina.udd.cl\/comite-etico-cientifico\/mision-y-funciones\/","name":"Misi\u00f3n y Funciones - Comit\u00e9 \u00c9tico Cient\u00edfico","isPartOf":{"@id":"https:\/\/medicina.udd.cl\/comite-etico-cientifico\/#website"},"datePublished":"2023-11-02T14:05:43+00:00","dateModified":"2023-11-02T14:09:07+00:00","breadcrumb":{"@id":"https:\/\/medicina.udd.cl\/comite-etico-cientifico\/mision-y-funciones\/#breadcrumb"},"inLanguage":"es","potentialAction":[{"@type":"ReadAction","target":["https:\/\/medicina.udd.cl\/comite-etico-cientifico\/mision-y-funciones\/"]}]},{"@type":"BreadcrumbList","@id":"https:\/\/medicina.udd.cl\/comite-etico-cientifico\/mision-y-funciones\/#breadcrumb","itemListElement":[{"@type":"ListItem","position":1,"name":"Portada","item":"https:\/\/medicina.udd.cl\/comite-etico-cientifico\/"},{"@type":"ListItem","position":2,"name":"Misi\u00f3n y Funciones"}]},{"@type":"WebSite","@id":"https:\/\/medicina.udd.cl\/comite-etico-cientifico\/#website","url":"https:\/\/medicina.udd.cl\/comite-etico-cientifico\/","name":"Comit\u00e9 \u00c9tico Cient\u00edfico","description":"Facultad de Medicina Cl\u00ednica Alemana Universidad del Desarrollo","inLanguage":"es"}]}},"_links":{"self":[{"href":"https:\/\/medicina.udd.cl\/comite-etico-cientifico\/wp-json\/wp\/v2\/pages\/46","targetHints":{"allow":["GET"]}}],"collection":[{"href":"https:\/\/medicina.udd.cl\/comite-etico-cientifico\/wp-json\/wp\/v2\/pages"}],"about":[{"href":"https:\/\/medicina.udd.cl\/comite-etico-cientifico\/wp-json\/wp\/v2\/types\/page"}],"author":[{"embeddable":true,"href":"https:\/\/medicina.udd.cl\/comite-etico-cientifico\/wp-json\/wp\/v2\/users\/9192217"}],"replies":[{"embeddable":true,"href":"https:\/\/medicina.udd.cl\/comite-etico-cientifico\/wp-json\/wp\/v2\/comments?post=46"}],"version-history":[{"count":3,"href":"https:\/\/medicina.udd.cl\/comite-etico-cientifico\/wp-json\/wp\/v2\/pages\/46\/revisions"}],"predecessor-version":[{"id":55,"href":"https:\/\/medicina.udd.cl\/comite-etico-cientifico\/wp-json\/wp\/v2\/pages\/46\/revisions\/55"}],"wp:attachment":[{"href":"https:\/\/medicina.udd.cl\/comite-etico-cientifico\/wp-json\/wp\/v2\/media?parent=46"}],"curies":[{"name":"wp","href":"https:\/\/api.w.org\/{rel}","templated":true}]}}