{"id":48,"date":"2023-11-02T14:07:06","date_gmt":"2023-11-02T14:07:06","guid":{"rendered":"https:\/\/medicina.udd.cl\/comite-etico-cientifico\/?page_id=48"},"modified":"2023-11-02T14:07:06","modified_gmt":"2023-11-02T14:07:06","slug":"mision","status":"publish","type":"page","link":"https:\/\/medicina.udd.cl\/comite-etico-cientifico\/mision-y-funciones\/mision\/","title":{"rendered":"Misi\u00f3n"},"content":{"rendered":"\n<p>La misi\u00f3n principal de este Comit\u00e9 es proteger los derechos, la seguridad, la dignidad y el bienestar de los sujetos de investigaci\u00f3n biom\u00e9dica, as\u00ed como tambi\u00e9n respetar los derechos y libertades fundamentales de las personas en el marco de la investigaci\u00f3n biom\u00e9dica con seres humanos, reconocidos en la Constituci\u00f3n Pol\u00edtica de la Rep\u00fablica, el ordenamiento jur\u00eddico vigente y los Tratados Internacionales ratificados por Chile y que se encuentren vigentes. Asimismo, se respetan las recomendaciones \u00e9ticas internacionales y nacionales relativas a la investigaci\u00f3n relacionada con la salud con seres humanos.<\/p>\n","protected":false},"excerpt":{"rendered":"<p>La misi\u00f3n principal de este Comit\u00e9 es proteger los derechos, la seguridad, la dignidad y el bienestar de los sujetos de investigaci\u00f3n biom\u00e9dica, as\u00ed como tambi\u00e9n respetar los derechos y libertades fundamentales de las personas en el marco de la investigaci\u00f3n biom\u00e9dica con seres humanos, reconocidos en la Constituci\u00f3n Pol\u00edtica de la Rep\u00fablica, el ordenamiento [&hellip;]<\/p>\n","protected":false},"author":9192217,"featured_media":0,"parent":46,"menu_order":0,"comment_status":"closed","ping_status":"closed","template":"","meta":{"footnotes":""},"class_list":["post-48","page","type-page","status-publish","hentry"],"yoast_head":"<!-- This site is optimized with the Yoast SEO plugin v26.9 - https:\/\/yoast.com\/product\/yoast-seo-wordpress\/ -->\n<title>Misi\u00f3n - Comit\u00e9 \u00c9tico Cient\u00edfico<\/title>\n<meta name=\"robots\" content=\"index, follow, max-snippet:-1, max-image-preview:large, max-video-preview:-1\" \/>\n<link rel=\"canonical\" href=\"https:\/\/medicina.udd.cl\/comite-etico-cientifico\/mision-y-funciones\/mision\/\" \/>\n<meta property=\"og:locale\" content=\"es_ES\" \/>\n<meta property=\"og:type\" content=\"article\" \/>\n<meta property=\"og:title\" content=\"Misi\u00f3n - Comit\u00e9 \u00c9tico Cient\u00edfico\" \/>\n<meta property=\"og:description\" content=\"La misi\u00f3n principal de este Comit\u00e9 es proteger los derechos, la seguridad, la dignidad y el bienestar de los sujetos de investigaci\u00f3n biom\u00e9dica, as\u00ed como tambi\u00e9n respetar los derechos y libertades fundamentales de las personas en el marco de la investigaci\u00f3n biom\u00e9dica con seres humanos, reconocidos en la Constituci\u00f3n Pol\u00edtica de la Rep\u00fablica, el ordenamiento [&hellip;]\" \/>\n<meta property=\"og:url\" content=\"https:\/\/medicina.udd.cl\/comite-etico-cientifico\/mision-y-funciones\/mision\/\" \/>\n<meta property=\"og:site_name\" content=\"Comit\u00e9 \u00c9tico Cient\u00edfico\" \/>\n<meta name=\"twitter:card\" content=\"summary_large_image\" \/>\n<meta name=\"twitter:label1\" content=\"Tiempo de lectura\" \/>\n\t<meta name=\"twitter:data1\" content=\"1 minuto\" \/>\n<script type=\"application\/ld+json\" class=\"yoast-schema-graph\">{\"@context\":\"https:\/\/schema.org\",\"@graph\":[{\"@type\":\"WebPage\",\"@id\":\"https:\/\/medicina.udd.cl\/comite-etico-cientifico\/mision-y-funciones\/mision\/\",\"url\":\"https:\/\/medicina.udd.cl\/comite-etico-cientifico\/mision-y-funciones\/mision\/\",\"name\":\"Misi\u00f3n - Comit\u00e9 \u00c9tico Cient\u00edfico\",\"isPartOf\":{\"@id\":\"https:\/\/medicina.udd.cl\/comite-etico-cientifico\/#website\"},\"datePublished\":\"2023-11-02T14:07:06+00:00\",\"breadcrumb\":{\"@id\":\"https:\/\/medicina.udd.cl\/comite-etico-cientifico\/mision-y-funciones\/mision\/#breadcrumb\"},\"inLanguage\":\"es\",\"potentialAction\":[{\"@type\":\"ReadAction\",\"target\":[\"https:\/\/medicina.udd.cl\/comite-etico-cientifico\/mision-y-funciones\/mision\/\"]}]},{\"@type\":\"BreadcrumbList\",\"@id\":\"https:\/\/medicina.udd.cl\/comite-etico-cientifico\/mision-y-funciones\/mision\/#breadcrumb\",\"itemListElement\":[{\"@type\":\"ListItem\",\"position\":1,\"name\":\"Portada\",\"item\":\"https:\/\/medicina.udd.cl\/comite-etico-cientifico\/\"},{\"@type\":\"ListItem\",\"position\":2,\"name\":\"Misi\u00f3n y Funciones\",\"item\":\"https:\/\/medicina.udd.cl\/comite-etico-cientifico\/mision-y-funciones\/\"},{\"@type\":\"ListItem\",\"position\":3,\"name\":\"Misi\u00f3n\"}]},{\"@type\":\"WebSite\",\"@id\":\"https:\/\/medicina.udd.cl\/comite-etico-cientifico\/#website\",\"url\":\"https:\/\/medicina.udd.cl\/comite-etico-cientifico\/\",\"name\":\"Comit\u00e9 \u00c9tico Cient\u00edfico\",\"description\":\"Facultad de Medicina Cl\u00ednica Alemana Universidad del Desarrollo\",\"inLanguage\":\"es\"}]}<\/script>\n<!-- \/ Yoast SEO plugin. -->","yoast_head_json":{"title":"Misi\u00f3n - Comit\u00e9 \u00c9tico Cient\u00edfico","robots":{"index":"index","follow":"follow","max-snippet":"max-snippet:-1","max-image-preview":"max-image-preview:large","max-video-preview":"max-video-preview:-1"},"canonical":"https:\/\/medicina.udd.cl\/comite-etico-cientifico\/mision-y-funciones\/mision\/","og_locale":"es_ES","og_type":"article","og_title":"Misi\u00f3n - Comit\u00e9 \u00c9tico Cient\u00edfico","og_description":"La misi\u00f3n principal de este Comit\u00e9 es proteger los derechos, la seguridad, la dignidad y el bienestar de los sujetos de investigaci\u00f3n biom\u00e9dica, as\u00ed como tambi\u00e9n respetar los derechos y libertades fundamentales de las personas en el marco de la investigaci\u00f3n biom\u00e9dica con seres humanos, reconocidos en la Constituci\u00f3n Pol\u00edtica de la Rep\u00fablica, el ordenamiento [&hellip;]","og_url":"https:\/\/medicina.udd.cl\/comite-etico-cientifico\/mision-y-funciones\/mision\/","og_site_name":"Comit\u00e9 \u00c9tico Cient\u00edfico","twitter_card":"summary_large_image","twitter_misc":{"Tiempo de lectura":"1 minuto"},"schema":{"@context":"https:\/\/schema.org","@graph":[{"@type":"WebPage","@id":"https:\/\/medicina.udd.cl\/comite-etico-cientifico\/mision-y-funciones\/mision\/","url":"https:\/\/medicina.udd.cl\/comite-etico-cientifico\/mision-y-funciones\/mision\/","name":"Misi\u00f3n - Comit\u00e9 \u00c9tico Cient\u00edfico","isPartOf":{"@id":"https:\/\/medicina.udd.cl\/comite-etico-cientifico\/#website"},"datePublished":"2023-11-02T14:07:06+00:00","breadcrumb":{"@id":"https:\/\/medicina.udd.cl\/comite-etico-cientifico\/mision-y-funciones\/mision\/#breadcrumb"},"inLanguage":"es","potentialAction":[{"@type":"ReadAction","target":["https:\/\/medicina.udd.cl\/comite-etico-cientifico\/mision-y-funciones\/mision\/"]}]},{"@type":"BreadcrumbList","@id":"https:\/\/medicina.udd.cl\/comite-etico-cientifico\/mision-y-funciones\/mision\/#breadcrumb","itemListElement":[{"@type":"ListItem","position":1,"name":"Portada","item":"https:\/\/medicina.udd.cl\/comite-etico-cientifico\/"},{"@type":"ListItem","position":2,"name":"Misi\u00f3n y Funciones","item":"https:\/\/medicina.udd.cl\/comite-etico-cientifico\/mision-y-funciones\/"},{"@type":"ListItem","position":3,"name":"Misi\u00f3n"}]},{"@type":"WebSite","@id":"https:\/\/medicina.udd.cl\/comite-etico-cientifico\/#website","url":"https:\/\/medicina.udd.cl\/comite-etico-cientifico\/","name":"Comit\u00e9 \u00c9tico Cient\u00edfico","description":"Facultad de Medicina Cl\u00ednica Alemana Universidad del Desarrollo","inLanguage":"es"}]}},"_links":{"self":[{"href":"https:\/\/medicina.udd.cl\/comite-etico-cientifico\/wp-json\/wp\/v2\/pages\/48","targetHints":{"allow":["GET"]}}],"collection":[{"href":"https:\/\/medicina.udd.cl\/comite-etico-cientifico\/wp-json\/wp\/v2\/pages"}],"about":[{"href":"https:\/\/medicina.udd.cl\/comite-etico-cientifico\/wp-json\/wp\/v2\/types\/page"}],"author":[{"embeddable":true,"href":"https:\/\/medicina.udd.cl\/comite-etico-cientifico\/wp-json\/wp\/v2\/users\/9192217"}],"replies":[{"embeddable":true,"href":"https:\/\/medicina.udd.cl\/comite-etico-cientifico\/wp-json\/wp\/v2\/comments?post=48"}],"version-history":[{"count":1,"href":"https:\/\/medicina.udd.cl\/comite-etico-cientifico\/wp-json\/wp\/v2\/pages\/48\/revisions"}],"predecessor-version":[{"id":49,"href":"https:\/\/medicina.udd.cl\/comite-etico-cientifico\/wp-json\/wp\/v2\/pages\/48\/revisions\/49"}],"up":[{"embeddable":true,"href":"https:\/\/medicina.udd.cl\/comite-etico-cientifico\/wp-json\/wp\/v2\/pages\/46"}],"wp:attachment":[{"href":"https:\/\/medicina.udd.cl\/comite-etico-cientifico\/wp-json\/wp\/v2\/media?parent=48"}],"curies":[{"name":"wp","href":"https:\/\/api.w.org\/{rel}","templated":true}]}}