{"id":5,"date":"2023-09-07T17:30:31","date_gmt":"2023-09-07T17:30:31","guid":{"rendered":"https:\/\/medicina.udd.cl\/comite-etico-cientifico\/?page_id=5"},"modified":"2025-05-22T15:37:36","modified_gmt":"2025-05-22T19:37:36","slug":"inicio","status":"publish","type":"page","link":"https:\/\/medicina.udd.cl\/comite-etico-cientifico\/","title":{"rendered":"Inicio"},"content":{"rendered":"<section class=\"wp-block-udd-text-row block--bg-gray\">\n\t<div class=\"text-row\">\n\t\t<div class=\"text-row__content\">\n\t\t\t<div class=\"text-row__content-inner text\">\n\t\t\t\t\t\t\t\t\n<p>La<strong> <a href=\"https:\/\/medicina.udd.cl\/\">Facultad de Medicina Cl\u00ednica Alemana Universidad del Desarrollo<\/a><\/strong> tiene un Comit\u00e9 \u00c9tico Cient\u00edfico que asume la revisi\u00f3n y el seguimiento de los proyectos de investigaci\u00f3n biom\u00e9dica que se realizan en la Facultad de Medicina y en la Cl\u00ednica Alemana.<\/p>\n\n<p>Este Comit\u00e9, <strong>acreditado por la Seremi de Salud<\/strong>, trabaja de manera coordinada con los Comit\u00e9s Cient\u00edficos de estas instituciones y con los Comit\u00e9s \u00c9tico Cient\u00edficos de los Servicios de Salud, y est\u00e1 registrado oficialmente en Office for Human Research Protections del U.S. Department of Health and Human Services.<\/p>\n\t\t\t<\/div>\n\t\t<\/div>\n\t\t<div class=\"text-row__media\">\n\t\t\t<img loading=\"lazy\" decoding=\"async\" width=\"952\" height=\"534\" src=\"https:\/\/medicina.udd.cl\/comite-etico-cientifico\/files\/2023\/09\/medicina-campus-300x169.jpg\" class=\"text-row__media-image lazyload\" alt=\"\" sizes=\"auto, (max-width: 952px) 100vw, 952px\" data-src=\"https:\/\/medicina.udd.cl\/comite-etico-cientifico\/files\/2023\/09\/medicina-campus-952x534.jpg\" data-srcset=\"https:\/\/medicina.udd.cl\/comite-etico-cientifico\/files\/2023\/09\/medicina-campus-952x534.jpg 952w, https:\/\/medicina.udd.cl\/comite-etico-cientifico\/files\/2023\/09\/medicina-campus-300x169.jpg 300w, https:\/\/medicina.udd.cl\/comite-etico-cientifico\/files\/2023\/09\/medicina-campus-768x432.jpg 768w, https:\/\/medicina.udd.cl\/comite-etico-cientifico\/files\/2023\/09\/medicina-campus-1366x768.jpg 1366w, https:\/\/medicina.udd.cl\/comite-etico-cientifico\/files\/2023\/09\/medicina-campus-680x382.jpg 680w\" \/>\t\t<\/div>\n\t<\/div>\n<\/section>\n\n\n<!-- WP Block: UDD - People -->\n<section class=\"wp-block-udd-contacts is-style-clear\">\n\t\t<div class=\"container\">\n\t\t<header class=\"block__header\">\n\t\t\t<h2 class=\"block__title\">Contacto<\/h2>\n\t\t<\/header>\n\t\t<div class=\"block__content\">\n\t\t\t<ul class=\"contacts\">\n\t\t\t\t\t\t\t<li class=\"contact\">\n\t\t\t\t\t<div class=\"person-contact\">\n\t\t\t\t\t\t\t\t\t\t\t\t<h3 class=\"person-contact__name\">Comit\u00e9 \u00c9tico Cient\u00edfico<\/h3>\n\t\t\t\t\t\t\t\t\t\t\t\t\t\t\t\t\t\t\t\t\t\t\t\t\t\t\t\t\t\t\t\t\t\t\t\t\t<span class=\"person-contact__email\">Email: <a href=\"mailto:c&#101;c&#99;&#97;s&#117;dd&#64;&#117;&#100;d.&#99;&#108;\">c&#101;c&#99;a&#115;ud&#100;&#64;u&#100;&#100;.&#99;l<\/a><\/span>\n\t\t\t\t\t\t\t\t\t\t\t<\/div>\n\t\t\t\t<\/li>\n\t\t\t\t\t\t<\/ul>\n\t\t<\/div>\n\t<\/div>\n<\/section>\n","protected":false},"excerpt":{"rendered":"","protected":false},"author":9192217,"featured_media":0,"parent":0,"menu_order":0,"comment_status":"closed","ping_status":"closed","template":"","meta":{"footnotes":""},"class_list":["post-5","page","type-page","status-publish","hentry"],"yoast_head":"<!-- This site is optimized with the Yoast SEO plugin v26.9 - https:\/\/yoast.com\/product\/yoast-seo-wordpress\/ -->\n<title>Inicio - Comit\u00e9 \u00c9tico Cient\u00edfico<\/title>\n<meta name=\"robots\" content=\"index, follow, max-snippet:-1, max-image-preview:large, max-video-preview:-1\" \/>\n<link rel=\"canonical\" href=\"https:\/\/medicina.udd.cl\/comite-etico-cientifico\/\" \/>\n<meta property=\"og:locale\" content=\"es_ES\" \/>\n<meta property=\"og:type\" content=\"article\" \/>\n<meta property=\"og:title\" content=\"Inicio - Comit\u00e9 \u00c9tico Cient\u00edfico\" \/>\n<meta property=\"og:url\" content=\"https:\/\/medicina.udd.cl\/comite-etico-cientifico\/\" \/>\n<meta property=\"og:site_name\" content=\"Comit\u00e9 \u00c9tico Cient\u00edfico\" \/>\n<meta property=\"article:modified_time\" content=\"2025-05-22T19:37:36+00:00\" \/>\n<meta property=\"og:image\" content=\"http:\/\/medicina.udd.cl\/comite-etico-cientifico\/files\/2023\/09\/medicina-campus.jpg\" \/>\n<meta name=\"twitter:card\" content=\"summary_large_image\" \/>\n<meta name=\"twitter:label1\" content=\"Tiempo de lectura\" \/>\n\t<meta name=\"twitter:data1\" content=\"1 minuto\" \/>\n<script type=\"application\/ld+json\" class=\"yoast-schema-graph\">{\"@context\":\"https:\/\/schema.org\",\"@graph\":[{\"@type\":\"WebPage\",\"@id\":\"https:\/\/medicina.udd.cl\/comite-etico-cientifico\/\",\"url\":\"https:\/\/medicina.udd.cl\/comite-etico-cientifico\/\",\"name\":\"Inicio - Comit\u00e9 \u00c9tico Cient\u00edfico\",\"isPartOf\":{\"@id\":\"https:\/\/medicina.udd.cl\/comite-etico-cientifico\/#website\"},\"primaryImageOfPage\":{\"@id\":\"https:\/\/medicina.udd.cl\/comite-etico-cientifico\/#primaryimage\"},\"image\":{\"@id\":\"https:\/\/medicina.udd.cl\/comite-etico-cientifico\/#primaryimage\"},\"thumbnailUrl\":\"http:\/\/medicina.udd.cl\/comite-etico-cientifico\/files\/2023\/09\/medicina-campus.jpg\",\"datePublished\":\"2023-09-07T17:30:31+00:00\",\"dateModified\":\"2025-05-22T19:37:36+00:00\",\"breadcrumb\":{\"@id\":\"https:\/\/medicina.udd.cl\/comite-etico-cientifico\/#breadcrumb\"},\"inLanguage\":\"es\",\"potentialAction\":[{\"@type\":\"ReadAction\",\"target\":[\"https:\/\/medicina.udd.cl\/comite-etico-cientifico\/\"]}]},{\"@type\":\"ImageObject\",\"inLanguage\":\"es\",\"@id\":\"https:\/\/medicina.udd.cl\/comite-etico-cientifico\/#primaryimage\",\"url\":\"https:\/\/medicina.udd.cl\/comite-etico-cientifico\/files\/2023\/09\/medicina-campus.jpg\",\"contentUrl\":\"https:\/\/medicina.udd.cl\/comite-etico-cientifico\/files\/2023\/09\/medicina-campus.jpg\",\"width\":1920,\"height\":1080},{\"@type\":\"BreadcrumbList\",\"@id\":\"https:\/\/medicina.udd.cl\/comite-etico-cientifico\/#breadcrumb\",\"itemListElement\":[{\"@type\":\"ListItem\",\"position\":1,\"name\":\"Portada\",\"item\":\"https:\/\/medicina.udd.cl\/comite-etico-cientifico\/\"},{\"@type\":\"ListItem\",\"position\":2,\"name\":\"Inicio\"}]},{\"@type\":\"WebSite\",\"@id\":\"https:\/\/medicina.udd.cl\/comite-etico-cientifico\/#website\",\"url\":\"https:\/\/medicina.udd.cl\/comite-etico-cientifico\/\",\"name\":\"Comit\u00e9 \u00c9tico Cient\u00edfico\",\"description\":\"Facultad de Medicina Cl\u00ednica Alemana Universidad del Desarrollo\",\"inLanguage\":\"es\"}]}<\/script>\n<!-- \/ Yoast SEO plugin. -->","yoast_head_json":{"title":"Inicio - Comit\u00e9 \u00c9tico Cient\u00edfico","robots":{"index":"index","follow":"follow","max-snippet":"max-snippet:-1","max-image-preview":"max-image-preview:large","max-video-preview":"max-video-preview:-1"},"canonical":"https:\/\/medicina.udd.cl\/comite-etico-cientifico\/","og_locale":"es_ES","og_type":"article","og_title":"Inicio - Comit\u00e9 \u00c9tico Cient\u00edfico","og_url":"https:\/\/medicina.udd.cl\/comite-etico-cientifico\/","og_site_name":"Comit\u00e9 \u00c9tico Cient\u00edfico","article_modified_time":"2025-05-22T19:37:36+00:00","og_image":[{"url":"http:\/\/medicina.udd.cl\/comite-etico-cientifico\/files\/2023\/09\/medicina-campus.jpg","type":"","width":"","height":""}],"twitter_card":"summary_large_image","twitter_misc":{"Tiempo de lectura":"1 minuto"},"schema":{"@context":"https:\/\/schema.org","@graph":[{"@type":"WebPage","@id":"https:\/\/medicina.udd.cl\/comite-etico-cientifico\/","url":"https:\/\/medicina.udd.cl\/comite-etico-cientifico\/","name":"Inicio - Comit\u00e9 \u00c9tico Cient\u00edfico","isPartOf":{"@id":"https:\/\/medicina.udd.cl\/comite-etico-cientifico\/#website"},"primaryImageOfPage":{"@id":"https:\/\/medicina.udd.cl\/comite-etico-cientifico\/#primaryimage"},"image":{"@id":"https:\/\/medicina.udd.cl\/comite-etico-cientifico\/#primaryimage"},"thumbnailUrl":"http:\/\/medicina.udd.cl\/comite-etico-cientifico\/files\/2023\/09\/medicina-campus.jpg","datePublished":"2023-09-07T17:30:31+00:00","dateModified":"2025-05-22T19:37:36+00:00","breadcrumb":{"@id":"https:\/\/medicina.udd.cl\/comite-etico-cientifico\/#breadcrumb"},"inLanguage":"es","potentialAction":[{"@type":"ReadAction","target":["https:\/\/medicina.udd.cl\/comite-etico-cientifico\/"]}]},{"@type":"ImageObject","inLanguage":"es","@id":"https:\/\/medicina.udd.cl\/comite-etico-cientifico\/#primaryimage","url":"https:\/\/medicina.udd.cl\/comite-etico-cientifico\/files\/2023\/09\/medicina-campus.jpg","contentUrl":"https:\/\/medicina.udd.cl\/comite-etico-cientifico\/files\/2023\/09\/medicina-campus.jpg","width":1920,"height":1080},{"@type":"BreadcrumbList","@id":"https:\/\/medicina.udd.cl\/comite-etico-cientifico\/#breadcrumb","itemListElement":[{"@type":"ListItem","position":1,"name":"Portada","item":"https:\/\/medicina.udd.cl\/comite-etico-cientifico\/"},{"@type":"ListItem","position":2,"name":"Inicio"}]},{"@type":"WebSite","@id":"https:\/\/medicina.udd.cl\/comite-etico-cientifico\/#website","url":"https:\/\/medicina.udd.cl\/comite-etico-cientifico\/","name":"Comit\u00e9 \u00c9tico Cient\u00edfico","description":"Facultad de Medicina Cl\u00ednica Alemana Universidad del Desarrollo","inLanguage":"es"}]}},"_links":{"self":[{"href":"https:\/\/medicina.udd.cl\/comite-etico-cientifico\/wp-json\/wp\/v2\/pages\/5","targetHints":{"allow":["GET"]}}],"collection":[{"href":"https:\/\/medicina.udd.cl\/comite-etico-cientifico\/wp-json\/wp\/v2\/pages"}],"about":[{"href":"https:\/\/medicina.udd.cl\/comite-etico-cientifico\/wp-json\/wp\/v2\/types\/page"}],"author":[{"embeddable":true,"href":"https:\/\/medicina.udd.cl\/comite-etico-cientifico\/wp-json\/wp\/v2\/users\/9192217"}],"replies":[{"embeddable":true,"href":"https:\/\/medicina.udd.cl\/comite-etico-cientifico\/wp-json\/wp\/v2\/comments?post=5"}],"version-history":[{"count":19,"href":"https:\/\/medicina.udd.cl\/comite-etico-cientifico\/wp-json\/wp\/v2\/pages\/5\/revisions"}],"predecessor-version":[{"id":351,"href":"https:\/\/medicina.udd.cl\/comite-etico-cientifico\/wp-json\/wp\/v2\/pages\/5\/revisions\/351"}],"wp:attachment":[{"href":"https:\/\/medicina.udd.cl\/comite-etico-cientifico\/wp-json\/wp\/v2\/media?parent=5"}],"curies":[{"name":"wp","href":"https:\/\/api.w.org\/{rel}","templated":true}]}}