{"id":60,"date":"2023-11-02T14:11:23","date_gmt":"2023-11-02T14:11:23","guid":{"rendered":"https:\/\/medicina.udd.cl\/comite-etico-cientifico\/?page_id=60"},"modified":"2023-11-02T14:24:17","modified_gmt":"2023-11-02T14:24:17","slug":"historia","status":"publish","type":"page","link":"https:\/\/medicina.udd.cl\/comite-etico-cientifico\/historia\/","title":{"rendered":"Historia"},"content":{"rendered":"\n<p>El Comit\u00e9 \u00c9tico Cient\u00edfico de la Facultad de Medicina Cl\u00ednica Alemana Universidad del Desarrollo es un \u00f3rgano multidisciplinario y multisectorial, constituido el 20 de marzo del a\u00f1o 2003 con el apoyo del Centro de Bio\u00e9tica de la misma Facultad. El prop\u00f3sito de este Comit\u00e9 es asesorar, revisar, evaluar y hacer seguimiento a los protocolos de investigaci\u00f3n relacionada con la salud en seres humanos llevados a cabo por investigadores de esta Facultad y de Cl\u00ednica Alemana, y\/o Centros asociados a la Facultad de Medicina CAS UDD.<\/p>\n\n\n\n<p>La Facultad de Medicina Cl\u00ednica Alemana Universidad del Desarrollo tiene entre sus objetivos el desarrollo de la investigaci\u00f3n biom\u00e9dica, raz\u00f3n por la cual ha procurado, desde su nacimiento, dar apoyo para la constituci\u00f3n y buen funcionamiento de un Comit\u00e9 \u00c9tico Cient\u00edfico (o CEC).<\/p>\n\n\n\n<ul class=\"wp-block-list\"><li>2015: El comit\u00e9 fue acreditado por la Ministerio de Salud y se registra oficialmente en Office for Human Research Protections del U.S Department of Health and Human Services.<\/li><li>REACREDITACIONES: 2019 Y 2022<\/li><\/ul>\n\n\n<!-- WP Block: UDD - Access Cards -->\n<section\n\tid=\"udd-access-cards-v2--1\"\n\tclass=\"wp-block-udd-access-cards\n\t\t wp-block-udd-access-cards-v2\"\n\t\tstyle=\"\n\t\t--udd-blocks-has-columns-number: 3;\n\t\"\n\t>\n\t<div class=\"container\">\n\t\t\t\t\t\t\t\t\t<div class=\"block__content\">\n\t\t\t<div\n\t\t\t\tclass=\"udd-access-cards\"\n\t\t\t\t\t\t\t>\n\t\t\t<div\n\tdata-index=\"1\"\n\tclass=\"udd-access-card-wrapper\"\n\t>\n\t<a href=\"https:\/\/medicina.udd.cl\/centro-bioetica\/files\/2023\/02\/resolucion-documento_firmado_27_12_2022_11_33_02.pdf\" class=\"access-card access-card--profile\" data-url=\"https:\/\/medicina.udd.cl\/centro-bioetica\/files\/2023\/02\/resolucion-documento_firmado_27_12_2022_11_33_02.pdf\">\n\t\t\t\t\t\t<h3\n\t\t\tdata-index=\"1\"\n\t\t\tclass=\"access-card__title\"\n\t\t>\n\t\t\tResoluci\u00f3n de Reacreditaci\u00f3n\t\t<\/h3>\n\t\t\t\t<div class=\"access-card__link\">\n\t\t\t<span class=\"access-card__link-text\">Conocer m\u00e1s<\/span>\n\t\t<\/div>\n\t<\/a>\n<\/div>\n<div\n\tdata-index=\"2\"\n\tclass=\"udd-access-card-wrapper\"\n\t>\n\t<a href=\"https:\/\/medicina.udd.cl\/centro-bioetica\/files\/2023\/03\/resolucion-exenta-n.pdf\" class=\"access-card access-card--profile\" data-url=\"https:\/\/medicina.udd.cl\/centro-bioetica\/files\/2023\/03\/resolucion-exenta-n.pdf\">\n\t\t\t\t\t\t<h3\n\t\t\tdata-index=\"2\"\n\t\t\tclass=\"access-card__title\"\n\t\t>\n\t\t\tResoluci\u00f3n exenta N\u00b0 000867\t\t<\/h3>\n\t\t\t\t<div class=\"access-card__link\">\n\t\t\t<span class=\"access-card__link-text\">Conocer m\u00e1s<\/span>\n\t\t<\/div>\n\t<\/a>\n<\/div>\n<div\n\tdata-index=\"3\"\n\tclass=\"udd-access-card-wrapper\"\n\t>\n\t<a href=\"https:\/\/medicina.udd.cl\/centro-bioetica\/files\/2021\/03\/RESOL.-2691-COMPLEMENTACION-CEC-CAS-UDD_febrero-2021.pdf\" class=\"access-card access-card--profile\" data-url=\"https:\/\/medicina.udd.cl\/centro-bioetica\/files\/2021\/03\/RESOL.-2691-COMPLEMENTACION-CEC-CAS-UDD_febrero-2021.pdf\">\n\t\t\t\t\t\t<h3\n\t\t\tdata-index=\"3\"\n\t\t\tclass=\"access-card__title\"\n\t\t>\n\t\t\tResoluci\u00f3n Complementaria\t\t<\/h3>\n\t\t\t\t<div class=\"access-card__link\">\n\t\t\t<span class=\"access-card__link-text\">Conocer m\u00e1s<\/span>\n\t\t<\/div>\n\t<\/a>\n<\/div>\n\t\t\t<\/div>\n\t\t<\/div>\n\t<\/div>\n<\/section>\n","protected":false},"excerpt":{"rendered":"<p>El Comit\u00e9 \u00c9tico Cient\u00edfico de la Facultad de Medicina Cl\u00ednica Alemana Universidad del Desarrollo es un \u00f3rgano multidisciplinario y multisectorial, constituido el 20 de marzo del a\u00f1o 2003 con el apoyo del Centro de Bio\u00e9tica de la misma Facultad. El prop\u00f3sito de este Comit\u00e9 es asesorar, revisar, evaluar y hacer seguimiento a los protocolos de [&hellip;]<\/p>\n","protected":false},"author":9192217,"featured_media":0,"parent":0,"menu_order":0,"comment_status":"closed","ping_status":"closed","template":"","meta":{"footnotes":""},"class_list":["post-60","page","type-page","status-publish","hentry"],"yoast_head":"<!-- This site is optimized with the Yoast SEO plugin v26.9 - https:\/\/yoast.com\/product\/yoast-seo-wordpress\/ -->\n<title>Historia - Comit\u00e9 \u00c9tico Cient\u00edfico<\/title>\n<meta name=\"robots\" content=\"index, follow, max-snippet:-1, max-image-preview:large, max-video-preview:-1\" \/>\n<link rel=\"canonical\" href=\"https:\/\/medicina.udd.cl\/comite-etico-cientifico\/historia\/\" \/>\n<meta property=\"og:locale\" content=\"es_ES\" \/>\n<meta property=\"og:type\" content=\"article\" \/>\n<meta property=\"og:title\" content=\"Historia - Comit\u00e9 \u00c9tico Cient\u00edfico\" \/>\n<meta property=\"og:description\" content=\"El Comit\u00e9 \u00c9tico Cient\u00edfico de la Facultad de Medicina Cl\u00ednica Alemana Universidad del Desarrollo es un \u00f3rgano multidisciplinario y multisectorial, constituido el 20 de marzo del a\u00f1o 2003 con el apoyo del Centro de Bio\u00e9tica de la misma Facultad. El prop\u00f3sito de este Comit\u00e9 es asesorar, revisar, evaluar y hacer seguimiento a los protocolos de [&hellip;]\" \/>\n<meta property=\"og:url\" content=\"https:\/\/medicina.udd.cl\/comite-etico-cientifico\/historia\/\" \/>\n<meta property=\"og:site_name\" content=\"Comit\u00e9 \u00c9tico Cient\u00edfico\" \/>\n<meta property=\"article:modified_time\" content=\"2023-11-02T14:24:17+00:00\" \/>\n<meta name=\"twitter:card\" content=\"summary_large_image\" \/>\n<meta name=\"twitter:label1\" content=\"Tiempo de lectura\" \/>\n\t<meta name=\"twitter:data1\" content=\"1 minuto\" \/>\n<script type=\"application\/ld+json\" class=\"yoast-schema-graph\">{\"@context\":\"https:\/\/schema.org\",\"@graph\":[{\"@type\":\"WebPage\",\"@id\":\"https:\/\/medicina.udd.cl\/comite-etico-cientifico\/historia\/\",\"url\":\"https:\/\/medicina.udd.cl\/comite-etico-cientifico\/historia\/\",\"name\":\"Historia - Comit\u00e9 \u00c9tico Cient\u00edfico\",\"isPartOf\":{\"@id\":\"https:\/\/medicina.udd.cl\/comite-etico-cientifico\/#website\"},\"datePublished\":\"2023-11-02T14:11:23+00:00\",\"dateModified\":\"2023-11-02T14:24:17+00:00\",\"breadcrumb\":{\"@id\":\"https:\/\/medicina.udd.cl\/comite-etico-cientifico\/historia\/#breadcrumb\"},\"inLanguage\":\"es\",\"potentialAction\":[{\"@type\":\"ReadAction\",\"target\":[\"https:\/\/medicina.udd.cl\/comite-etico-cientifico\/historia\/\"]}]},{\"@type\":\"BreadcrumbList\",\"@id\":\"https:\/\/medicina.udd.cl\/comite-etico-cientifico\/historia\/#breadcrumb\",\"itemListElement\":[{\"@type\":\"ListItem\",\"position\":1,\"name\":\"Portada\",\"item\":\"https:\/\/medicina.udd.cl\/comite-etico-cientifico\/\"},{\"@type\":\"ListItem\",\"position\":2,\"name\":\"Historia\"}]},{\"@type\":\"WebSite\",\"@id\":\"https:\/\/medicina.udd.cl\/comite-etico-cientifico\/#website\",\"url\":\"https:\/\/medicina.udd.cl\/comite-etico-cientifico\/\",\"name\":\"Comit\u00e9 \u00c9tico Cient\u00edfico\",\"description\":\"Facultad de Medicina Cl\u00ednica Alemana Universidad del Desarrollo\",\"inLanguage\":\"es\"}]}<\/script>\n<!-- \/ Yoast SEO plugin. -->","yoast_head_json":{"title":"Historia - Comit\u00e9 \u00c9tico Cient\u00edfico","robots":{"index":"index","follow":"follow","max-snippet":"max-snippet:-1","max-image-preview":"max-image-preview:large","max-video-preview":"max-video-preview:-1"},"canonical":"https:\/\/medicina.udd.cl\/comite-etico-cientifico\/historia\/","og_locale":"es_ES","og_type":"article","og_title":"Historia - Comit\u00e9 \u00c9tico Cient\u00edfico","og_description":"El Comit\u00e9 \u00c9tico Cient\u00edfico de la Facultad de Medicina Cl\u00ednica Alemana Universidad del Desarrollo es un \u00f3rgano multidisciplinario y multisectorial, constituido el 20 de marzo del a\u00f1o 2003 con el apoyo del Centro de Bio\u00e9tica de la misma Facultad. El prop\u00f3sito de este Comit\u00e9 es asesorar, revisar, evaluar y hacer seguimiento a los protocolos de [&hellip;]","og_url":"https:\/\/medicina.udd.cl\/comite-etico-cientifico\/historia\/","og_site_name":"Comit\u00e9 \u00c9tico Cient\u00edfico","article_modified_time":"2023-11-02T14:24:17+00:00","twitter_card":"summary_large_image","twitter_misc":{"Tiempo de lectura":"1 minuto"},"schema":{"@context":"https:\/\/schema.org","@graph":[{"@type":"WebPage","@id":"https:\/\/medicina.udd.cl\/comite-etico-cientifico\/historia\/","url":"https:\/\/medicina.udd.cl\/comite-etico-cientifico\/historia\/","name":"Historia - Comit\u00e9 \u00c9tico Cient\u00edfico","isPartOf":{"@id":"https:\/\/medicina.udd.cl\/comite-etico-cientifico\/#website"},"datePublished":"2023-11-02T14:11:23+00:00","dateModified":"2023-11-02T14:24:17+00:00","breadcrumb":{"@id":"https:\/\/medicina.udd.cl\/comite-etico-cientifico\/historia\/#breadcrumb"},"inLanguage":"es","potentialAction":[{"@type":"ReadAction","target":["https:\/\/medicina.udd.cl\/comite-etico-cientifico\/historia\/"]}]},{"@type":"BreadcrumbList","@id":"https:\/\/medicina.udd.cl\/comite-etico-cientifico\/historia\/#breadcrumb","itemListElement":[{"@type":"ListItem","position":1,"name":"Portada","item":"https:\/\/medicina.udd.cl\/comite-etico-cientifico\/"},{"@type":"ListItem","position":2,"name":"Historia"}]},{"@type":"WebSite","@id":"https:\/\/medicina.udd.cl\/comite-etico-cientifico\/#website","url":"https:\/\/medicina.udd.cl\/comite-etico-cientifico\/","name":"Comit\u00e9 \u00c9tico Cient\u00edfico","description":"Facultad de Medicina Cl\u00ednica Alemana Universidad del Desarrollo","inLanguage":"es"}]}},"_links":{"self":[{"href":"https:\/\/medicina.udd.cl\/comite-etico-cientifico\/wp-json\/wp\/v2\/pages\/60","targetHints":{"allow":["GET"]}}],"collection":[{"href":"https:\/\/medicina.udd.cl\/comite-etico-cientifico\/wp-json\/wp\/v2\/pages"}],"about":[{"href":"https:\/\/medicina.udd.cl\/comite-etico-cientifico\/wp-json\/wp\/v2\/types\/page"}],"author":[{"embeddable":true,"href":"https:\/\/medicina.udd.cl\/comite-etico-cientifico\/wp-json\/wp\/v2\/users\/9192217"}],"replies":[{"embeddable":true,"href":"https:\/\/medicina.udd.cl\/comite-etico-cientifico\/wp-json\/wp\/v2\/comments?post=60"}],"version-history":[{"count":2,"href":"https:\/\/medicina.udd.cl\/comite-etico-cientifico\/wp-json\/wp\/v2\/pages\/60\/revisions"}],"predecessor-version":[{"id":73,"href":"https:\/\/medicina.udd.cl\/comite-etico-cientifico\/wp-json\/wp\/v2\/pages\/60\/revisions\/73"}],"wp:attachment":[{"href":"https:\/\/medicina.udd.cl\/comite-etico-cientifico\/wp-json\/wp\/v2\/media?parent=60"}],"curies":[{"name":"wp","href":"https:\/\/api.w.org\/{rel}","templated":true}]}}