{"id":64,"date":"2023-11-02T14:14:51","date_gmt":"2023-11-02T14:14:51","guid":{"rendered":"https:\/\/medicina.udd.cl\/comite-etico-cientifico\/?page_id=64"},"modified":"2026-04-10T15:06:41","modified_gmt":"2026-04-10T19:06:41","slug":"proceso-de-revision-etica-de-proyectos","status":"publish","type":"page","link":"https:\/\/medicina.udd.cl\/comite-etico-cientifico\/proceso-de-revision-etica-de-proyectos\/","title":{"rendered":"Proceso de Revisi\u00f3n \u00c9tica de Proyectos"},"content":{"rendered":"<!-- WP Block: UDD - Access Cards -->\n<section\n\tid=\"udd-access-cards-v2--1\"\n\tclass=\"wp-block-udd-access-cards\n\t\t wp-block-udd-access-cards-v2\"\n\t\tstyle=\"\n\t\t--udd-blocks-has-columns-number: 4;\n\t\"\n\t>\n\t<div class=\"container\">\n\t\t\t\t\t\t\t\t\t<div class=\"block__content\">\n\t\t\t<div\n\t\t\t\tclass=\"udd-access-cards\"\n\t\t\t\t\t\t\t>\n\t\t\t<div\n\tdata-index=\"1\"\n\tclass=\"udd-access-card-wrapper\"\n\t>\n\t<a href=\"http:\/\/medicina.udd.cl\/comite-etico-cientifico\/files\/2026\/04\/listado-documentos-envio-proyectos-de-investigacion.pdf\" class=\"access-card access-card--profile\" data-url=\"http:\/\/medicina.udd.cl\/comite-etico-cientifico\/files\/2026\/04\/listado-documentos-envio-proyectos-de-investigacion.pdf\">\n\t\t\t\t\t\t<h3\n\t\t\tdata-index=\"1\"\n\t\t\tclass=\"access-card__title\"\n\t\t>\n\t\t\tListado de documentos para env\u00edo de proyectos de investigaci\u00f3n\t\t<\/h3>\n\t\t\t\t<div class=\"access-card__link\">\n\t\t\t<span class=\"access-card__link-text\">Conocer m\u00e1s<\/span>\n\t\t<\/div>\n\t<\/a>\n<\/div>\n<div\n\tdata-index=\"2\"\n\tclass=\"udd-access-card-wrapper\"\n\t>\n\t<a href=\"http:\/\/medicina.udd.cl\/comite-etico-cientifico\/files\/2026\/04\/checklist-documentos-investigador.pdf\" class=\"access-card access-card--profile\" data-url=\"http:\/\/medicina.udd.cl\/comite-etico-cientifico\/files\/2026\/04\/checklist-documentos-investigador.pdf\">\n\t\t\t\t\t\t<h3\n\t\t\tdata-index=\"2\"\n\t\t\tclass=\"access-card__title\"\n\t\t>\n\t\t\tCheck list entrega de documentos del investigador\t\t<\/h3>\n\t\t\t\t<div class=\"access-card__link\">\n\t\t\t<span class=\"access-card__link-text\">Conocer m\u00e1s<\/span>\n\t\t<\/div>\n\t<\/a>\n<\/div>\n<div\n\tdata-index=\"3\"\n\tclass=\"udd-access-card-wrapper\"\n\t>\n\t<a href=\"http:\/\/medicina.udd.cl\/comite-etico-cientifico\/files\/2025\/05\/carta-compromiso-investigador.pdf\" class=\"access-card access-card--profile\" data-url=\"http:\/\/medicina.udd.cl\/comite-etico-cientifico\/files\/2025\/05\/carta-compromiso-investigador.pdf\">\n\t\t\t\t\t\t<h3\n\t\t\tdata-index=\"3\"\n\t\t\tclass=\"access-card__title\"\n\t\t>\n\t\t\tModelo Carta Compromiso Investigador(a)\t\t<\/h3>\n\t\t\t\t<div class=\"access-card__link\">\n\t\t\t<span class=\"access-card__link-text\">Conocer m\u00e1s<\/span>\n\t\t<\/div>\n\t<\/a>\n<\/div>\n<div\n\tdata-index=\"4\"\n\tclass=\"udd-access-card-wrapper\"\n\t>\n\t<a href=\"http:\/\/medicina.udd.cl\/comite-etico-cientifico\/files\/2024\/0http:\/\/medicina.udd.cl\/comite-etico-cientifico\/files\/2025\/05\/listado-de-documentos-para-sometimiento-de-enmienda.pdf\" class=\"access-card access-card--profile\" data-url=\"http:\/\/medicina.udd.cl\/comite-etico-cientifico\/files\/2024\/0http:\/\/medicina.udd.cl\/comite-etico-cientifico\/files\/2025\/05\/listado-de-documentos-para-sometimiento-de-enmienda.pdf\">\n\t\t\t\t\t\t<h3\n\t\t\tdata-index=\"4\"\n\t\t\tclass=\"access-card__title\"\n\t\t>\n\t\t\tEnmienda\t\t<\/h3>\n\t\t\t\t<div class=\"access-card__link\">\n\t\t\t<span class=\"access-card__link-text\">Conocer m\u00e1s<\/span>\n\t\t<\/div>\n\t<\/a>\n<\/div>\n<div\n\tdata-index=\"5\"\n\tclass=\"udd-access-card-wrapper\"\n\t>\n\t<a href=\"http:\/\/medicina.udd.cl\/comite-etico-cientifico\/files\/2025\/05\/listado-de-documentos-para-sometimiento-de-renovacion-anual.pdf\" class=\"access-card access-card--profile\" data-url=\"http:\/\/medicina.udd.cl\/comite-etico-cientifico\/files\/2025\/05\/listado-de-documentos-para-sometimiento-de-renovacion-anual.pdf\">\n\t\t\t\t\t\t<h3\n\t\t\tdata-index=\"5\"\n\t\t\tclass=\"access-card__title\"\n\t\t>\n\t\t\tRenovaci\u00f3n Anual\t\t<\/h3>\n\t\t\t\t<div class=\"access-card__link\">\n\t\t\t<span class=\"access-card__link-text\">Conocer m\u00e1s<\/span>\n\t\t<\/div>\n\t<\/a>\n<\/div>\n<div\n\tdata-index=\"6\"\n\tclass=\"udd-access-card-wrapper\"\n\t>\n\t<a href=\"http:\/\/medicina.udd.cl\/comite-etico-cientifico\/files\/2023\/11\/flujo-revision-cas-udd.pdf\" class=\"access-card access-card--profile\" data-url=\"http:\/\/medicina.udd.cl\/comite-etico-cientifico\/files\/2023\/11\/flujo-revision-cas-udd.pdf\">\n\t\t\t\t\t\t<h3\n\t\t\tdata-index=\"6\"\n\t\t\tclass=\"access-card__title\"\n\t\t>\n\t\t\tFlujo de Revisi\u00f3n CEC\t\t<\/h3>\n\t\t\t\t<div class=\"access-card__link\">\n\t\t\t<span class=\"access-card__link-text\">Conocer m\u00e1s<\/span>\n\t\t<\/div>\n\t<\/a>\n<\/div>\n<div\n\tdata-index=\"7\"\n\tclass=\"udd-access-card-wrapper\"\n\t>\n\t<a href=\"http:\/\/medicina.udd.cl\/comite-etico-cientifico\/files\/2024\/01\/asentimiento-informado.pdf\" class=\"access-card access-card--profile\" data-url=\"http:\/\/medicina.udd.cl\/comite-etico-cientifico\/files\/2024\/01\/asentimiento-informado.pdf\">\n\t\t\t\t\t\t<h3\n\t\t\tdata-index=\"7\"\n\t\t\tclass=\"access-card__title\"\n\t\t>\n\t\t\tModelo de Asentimiento Informado\t\t<\/h3>\n\t\t\t\t<div class=\"access-card__link\">\n\t\t\t<span class=\"access-card__link-text\">Conocer m\u00e1s<\/span>\n\t\t<\/div>\n\t<\/a>\n<\/div>\n<div\n\tdata-index=\"8\"\n\tclass=\"udd-access-card-wrapper\"\n\t>\n\t<a href=\"http:\/\/medicina.udd.cl\/comite-etico-cientifico\/files\/2024\/01\/modelo-ci-adultos.pdf\" class=\"access-card access-card--profile\" data-url=\"http:\/\/medicina.udd.cl\/comite-etico-cientifico\/files\/2024\/01\/modelo-ci-adultos.pdf\">\n\t\t\t\t\t\t<h3\n\t\t\tdata-index=\"8\"\n\t\t\tclass=\"access-card__title\"\n\t\t>\n\t\t\tModelo de Consentimiento Informado Adulto General\t\t<\/h3>\n\t\t\t\t<div class=\"access-card__link\">\n\t\t\t<span class=\"access-card__link-text\">Conocer m\u00e1s<\/span>\n\t\t<\/div>\n\t<\/a>\n<\/div>\n<div\n\tdata-index=\"9\"\n\tclass=\"udd-access-card-wrapper\"\n\t>\n\t<a href=\"http:\/\/medicina.udd.cl\/comite-etico-cientifico\/files\/2025\/05\/formulario-de-consentimiento-informado.pdf\" class=\"access-card access-card--profile\" data-url=\"http:\/\/medicina.udd.cl\/comite-etico-cientifico\/files\/2025\/05\/formulario-de-consentimiento-informado.pdf\">\n\t\t\t\t\t\t<h3\n\t\t\tdata-index=\"9\"\n\t\t\tclass=\"access-card__title\"\n\t\t>\n\t\t\tModelo de Consentimiento Informado para Reporte de Caso Cl\u00ednico\t\t<\/h3>\n\t\t\t\t<div class=\"access-card__link\">\n\t\t\t<span class=\"access-card__link-text\">Conocer m\u00e1s<\/span>\n\t\t<\/div>\n\t<\/a>\n<\/div>\n<div\n\tdata-index=\"10\"\n\tclass=\"udd-access-card-wrapper\"\n\t>\n\t<a href=\"http:\/\/medicina.udd.cl\/comite-etico-cientifico\/files\/2024\/01\/solicitud-exencion-consentimiento-informado.pdf\" class=\"access-card access-card--profile\" data-url=\"http:\/\/medicina.udd.cl\/comite-etico-cientifico\/files\/2024\/01\/solicitud-exencion-consentimiento-informado.pdf\">\n\t\t\t\t\t\t<h3\n\t\t\tdata-index=\"10\"\n\t\t\tclass=\"access-card__title\"\n\t\t>\n\t\t\tSolicitud de Exenci\u00f3n de Consentimiento Informado\t\t<\/h3>\n\t\t\t\t<div class=\"access-card__link\">\n\t\t\t<span class=\"access-card__link-text\">Conocer m\u00e1s<\/span>\n\t\t<\/div>\n\t<\/a>\n<\/div>\n<div\n\tdata-index=\"11\"\n\tclass=\"udd-access-card-wrapper\"\n\t>\n\t<a href=\"http:\/\/medicina.udd.cl\/comite-etico-cientifico\/files\/2024\/01\/compromiso-confidencialidad-para-datos-clinicos.pdf\" class=\"access-card access-card--profile\" data-url=\"http:\/\/medicina.udd.cl\/comite-etico-cientifico\/files\/2024\/01\/compromiso-confidencialidad-para-datos-clinicos.pdf\">\n\t\t\t\t\t\t<h3\n\t\t\tdata-index=\"11\"\n\t\t\tclass=\"access-card__title\"\n\t\t>\n\t\t\tCompromiso de Confidencialidad Investigador\t\t<\/h3>\n\t\t\t\t<div class=\"access-card__link\">\n\t\t\t<span class=\"access-card__link-text\">Conocer m\u00e1s<\/span>\n\t\t<\/div>\n\t<\/a>\n<\/div>\n<div\n\tdata-index=\"12\"\n\tclass=\"udd-access-card-wrapper\"\n\t>\n\t<a href=\"http:\/\/medicina.udd.cl\/comite-etico-cientifico\/files\/2025\/05\/declaracion-de-conflicto-interes.pdf\" class=\"access-card access-card--profile\" data-url=\"http:\/\/medicina.udd.cl\/comite-etico-cientifico\/files\/2025\/05\/declaracion-de-conflicto-interes.pdf\">\n\t\t\t\t\t\t<h3\n\t\t\tdata-index=\"12\"\n\t\t\tclass=\"access-card__title\"\n\t\t>\n\t\t\tDeclaraci\u00f3n de Conflictos de Intereses\t\t<\/h3>\n\t\t\t\t<div class=\"access-card__link\">\n\t\t\t<span class=\"access-card__link-text\">Conocer m\u00e1s<\/span>\n\t\t<\/div>\n\t<\/a>\n<\/div>\n<div\n\tdata-index=\"13\"\n\tclass=\"udd-access-card-wrapper\"\n\t>\n\t<a href=\"http:\/\/medicina.udd.cl\/comite-etico-cientifico\/files\/2025\/05\/formulario-para-proyectos-de-investigacion-experimental.pdf\" class=\"access-card access-card--profile\" data-url=\"http:\/\/medicina.udd.cl\/comite-etico-cientifico\/files\/2025\/05\/formulario-para-proyectos-de-investigacion-experimental.pdf\">\n\t\t\t\t\t\t<h3\n\t\t\tdata-index=\"13\"\n\t\t\tclass=\"access-card__title\"\n\t\t>\n\t\t\tFormulario para proyectos de Investigacio\u0301n Experimental\t\t<\/h3>\n\t\t\t\t<div class=\"access-card__link\">\n\t\t\t<span class=\"access-card__link-text\">Conocer m\u00e1s<\/span>\n\t\t<\/div>\n\t<\/a>\n<\/div>\n<div\n\tdata-index=\"14\"\n\tclass=\"udd-access-card-wrapper\"\n\t>\n\t<a href=\"http:\/\/medicina.udd.cl\/comite-etico-cientifico\/files\/2025\/05\/formulario-para-proyectos-de-investigacion-no-experimental.pdf\" class=\"access-card access-card--profile\" data-url=\"http:\/\/medicina.udd.cl\/comite-etico-cientifico\/files\/2025\/05\/formulario-para-proyectos-de-investigacion-no-experimental.pdf\">\n\t\t\t\t\t\t<h3\n\t\t\tdata-index=\"14\"\n\t\t\tclass=\"access-card__title\"\n\t\t>\n\t\t\tFormulario para proyectos de Investigacio\u0301n No Experimental\t\t<\/h3>\n\t\t\t\t<div class=\"access-card__link\">\n\t\t\t<span class=\"access-card__link-text\">Conocer m\u00e1s<\/span>\n\t\t<\/div>\n\t<\/a>\n<\/div>\n<div\n\tdata-index=\"15\"\n\tclass=\"udd-access-card-wrapper\"\n\t>\n\t<a href=\"http:\/\/medicina.udd.cl\/comite-etico-cientifico\/files\/2024\/04\/recomendaciones-para-presentar-ensayo-clinico-spirit-checklist.pdf\" class=\"access-card access-card--profile\" data-url=\"http:\/\/medicina.udd.cl\/comite-etico-cientifico\/files\/2024\/04\/recomendaciones-para-presentar-ensayo-clinico-spirit-checklist.pdf\">\n\t\t\t\t\t\t<h3\n\t\t\tdata-index=\"15\"\n\t\t\tclass=\"access-card__title\"\n\t\t>\n\t\t\tRecomendaciones para presentar ensayo cli\u0301nico SPIRIT\t\t<\/h3>\n\t\t\t\t<div class=\"access-card__link\">\n\t\t\t<span class=\"access-card__link-text\">Conocer m\u00e1s<\/span>\n\t\t<\/div>\n\t<\/a>\n<\/div>\n<div\n\tdata-index=\"16\"\n\tclass=\"udd-access-card-wrapper\"\n\t>\n\t<a href=\"http:\/\/medicina.udd.cl\/comite-etico-cientifico\/files\/2025\/10\/declaracion-gcp-2025-firmada.pdf\" class=\"access-card access-card--profile\" data-url=\"http:\/\/medicina.udd.cl\/comite-etico-cientifico\/files\/2025\/10\/declaracion-gcp-2025-firmada.pdf\">\n\t\t\t\t\t\t<h3\n\t\t\tdata-index=\"16\"\n\t\t\tclass=\"access-card__title\"\n\t\t>\n\t\t\tDeclaraci\u00f3n de Cumplimiento de las Buenas Pr\u00e1cticas Cl\u00ednicas\t\t<\/h3>\n\t\t\t\t<div class=\"access-card__link\">\n\t\t\t<span class=\"access-card__link-text\">Conocer m\u00e1s<\/span>\n\t\t<\/div>\n\t<\/a>\n<\/div>\n\t\t\t<\/div>\n\t\t<\/div>\n\t<\/div>\n<\/section>\n\n\n\n<p><\/p>\n","protected":false},"excerpt":{"rendered":"","protected":false},"author":9192217,"featured_media":0,"parent":0,"menu_order":0,"comment_status":"closed","ping_status":"closed","template":"","meta":{"footnotes":""},"class_list":["post-64","page","type-page","status-publish","hentry"],"yoast_head":"<!-- This site is optimized with the Yoast SEO plugin v26.9 - https:\/\/yoast.com\/product\/yoast-seo-wordpress\/ -->\n<title>Proceso de Revisi\u00f3n \u00c9tica de Proyectos - Comit\u00e9 \u00c9tico Cient\u00edfico<\/title>\n<meta name=\"robots\" content=\"index, follow, max-snippet:-1, max-image-preview:large, max-video-preview:-1\" \/>\n<link rel=\"canonical\" href=\"https:\/\/medicina.udd.cl\/comite-etico-cientifico\/proceso-de-revision-etica-de-proyectos\/\" \/>\n<meta property=\"og:locale\" content=\"es_ES\" \/>\n<meta property=\"og:type\" content=\"article\" \/>\n<meta property=\"og:title\" content=\"Proceso de Revisi\u00f3n \u00c9tica de Proyectos - Comit\u00e9 \u00c9tico Cient\u00edfico\" \/>\n<meta property=\"og:url\" content=\"https:\/\/medicina.udd.cl\/comite-etico-cientifico\/proceso-de-revision-etica-de-proyectos\/\" \/>\n<meta property=\"og:site_name\" content=\"Comit\u00e9 \u00c9tico Cient\u00edfico\" \/>\n<meta property=\"article:modified_time\" content=\"2026-04-10T19:06:41+00:00\" \/>\n<meta name=\"twitter:card\" content=\"summary_large_image\" \/>\n<script type=\"application\/ld+json\" class=\"yoast-schema-graph\">{\"@context\":\"https:\/\/schema.org\",\"@graph\":[{\"@type\":\"WebPage\",\"@id\":\"https:\/\/medicina.udd.cl\/comite-etico-cientifico\/proceso-de-revision-etica-de-proyectos\/\",\"url\":\"https:\/\/medicina.udd.cl\/comite-etico-cientifico\/proceso-de-revision-etica-de-proyectos\/\",\"name\":\"Proceso de Revisi\u00f3n \u00c9tica de Proyectos - Comit\u00e9 \u00c9tico Cient\u00edfico\",\"isPartOf\":{\"@id\":\"https:\/\/medicina.udd.cl\/comite-etico-cientifico\/#website\"},\"datePublished\":\"2023-11-02T14:14:51+00:00\",\"dateModified\":\"2026-04-10T19:06:41+00:00\",\"breadcrumb\":{\"@id\":\"https:\/\/medicina.udd.cl\/comite-etico-cientifico\/proceso-de-revision-etica-de-proyectos\/#breadcrumb\"},\"inLanguage\":\"es\",\"potentialAction\":[{\"@type\":\"ReadAction\",\"target\":[\"https:\/\/medicina.udd.cl\/comite-etico-cientifico\/proceso-de-revision-etica-de-proyectos\/\"]}]},{\"@type\":\"BreadcrumbList\",\"@id\":\"https:\/\/medicina.udd.cl\/comite-etico-cientifico\/proceso-de-revision-etica-de-proyectos\/#breadcrumb\",\"itemListElement\":[{\"@type\":\"ListItem\",\"position\":1,\"name\":\"Portada\",\"item\":\"https:\/\/medicina.udd.cl\/comite-etico-cientifico\/\"},{\"@type\":\"ListItem\",\"position\":2,\"name\":\"Proceso de Revisi\u00f3n \u00c9tica de Proyectos\"}]},{\"@type\":\"WebSite\",\"@id\":\"https:\/\/medicina.udd.cl\/comite-etico-cientifico\/#website\",\"url\":\"https:\/\/medicina.udd.cl\/comite-etico-cientifico\/\",\"name\":\"Comit\u00e9 \u00c9tico Cient\u00edfico\",\"description\":\"Facultad de Medicina Cl\u00ednica Alemana Universidad del Desarrollo\",\"inLanguage\":\"es\"}]}<\/script>\n<!-- \/ Yoast SEO plugin. -->","yoast_head_json":{"title":"Proceso de Revisi\u00f3n \u00c9tica de Proyectos - Comit\u00e9 \u00c9tico Cient\u00edfico","robots":{"index":"index","follow":"follow","max-snippet":"max-snippet:-1","max-image-preview":"max-image-preview:large","max-video-preview":"max-video-preview:-1"},"canonical":"https:\/\/medicina.udd.cl\/comite-etico-cientifico\/proceso-de-revision-etica-de-proyectos\/","og_locale":"es_ES","og_type":"article","og_title":"Proceso de Revisi\u00f3n \u00c9tica de Proyectos - Comit\u00e9 \u00c9tico Cient\u00edfico","og_url":"https:\/\/medicina.udd.cl\/comite-etico-cientifico\/proceso-de-revision-etica-de-proyectos\/","og_site_name":"Comit\u00e9 \u00c9tico Cient\u00edfico","article_modified_time":"2026-04-10T19:06:41+00:00","twitter_card":"summary_large_image","schema":{"@context":"https:\/\/schema.org","@graph":[{"@type":"WebPage","@id":"https:\/\/medicina.udd.cl\/comite-etico-cientifico\/proceso-de-revision-etica-de-proyectos\/","url":"https:\/\/medicina.udd.cl\/comite-etico-cientifico\/proceso-de-revision-etica-de-proyectos\/","name":"Proceso de Revisi\u00f3n \u00c9tica de Proyectos - Comit\u00e9 \u00c9tico Cient\u00edfico","isPartOf":{"@id":"https:\/\/medicina.udd.cl\/comite-etico-cientifico\/#website"},"datePublished":"2023-11-02T14:14:51+00:00","dateModified":"2026-04-10T19:06:41+00:00","breadcrumb":{"@id":"https:\/\/medicina.udd.cl\/comite-etico-cientifico\/proceso-de-revision-etica-de-proyectos\/#breadcrumb"},"inLanguage":"es","potentialAction":[{"@type":"ReadAction","target":["https:\/\/medicina.udd.cl\/comite-etico-cientifico\/proceso-de-revision-etica-de-proyectos\/"]}]},{"@type":"BreadcrumbList","@id":"https:\/\/medicina.udd.cl\/comite-etico-cientifico\/proceso-de-revision-etica-de-proyectos\/#breadcrumb","itemListElement":[{"@type":"ListItem","position":1,"name":"Portada","item":"https:\/\/medicina.udd.cl\/comite-etico-cientifico\/"},{"@type":"ListItem","position":2,"name":"Proceso de Revisi\u00f3n \u00c9tica de Proyectos"}]},{"@type":"WebSite","@id":"https:\/\/medicina.udd.cl\/comite-etico-cientifico\/#website","url":"https:\/\/medicina.udd.cl\/comite-etico-cientifico\/","name":"Comit\u00e9 \u00c9tico Cient\u00edfico","description":"Facultad de Medicina Cl\u00ednica Alemana Universidad del Desarrollo","inLanguage":"es"}]}},"_links":{"self":[{"href":"https:\/\/medicina.udd.cl\/comite-etico-cientifico\/wp-json\/wp\/v2\/pages\/64","targetHints":{"allow":["GET"]}}],"collection":[{"href":"https:\/\/medicina.udd.cl\/comite-etico-cientifico\/wp-json\/wp\/v2\/pages"}],"about":[{"href":"https:\/\/medicina.udd.cl\/comite-etico-cientifico\/wp-json\/wp\/v2\/types\/page"}],"author":[{"embeddable":true,"href":"https:\/\/medicina.udd.cl\/comite-etico-cientifico\/wp-json\/wp\/v2\/users\/9192217"}],"replies":[{"embeddable":true,"href":"https:\/\/medicina.udd.cl\/comite-etico-cientifico\/wp-json\/wp\/v2\/comments?post=64"}],"version-history":[{"count":27,"href":"https:\/\/medicina.udd.cl\/comite-etico-cientifico\/wp-json\/wp\/v2\/pages\/64\/revisions"}],"predecessor-version":[{"id":395,"href":"https:\/\/medicina.udd.cl\/comite-etico-cientifico\/wp-json\/wp\/v2\/pages\/64\/revisions\/395"}],"wp:attachment":[{"href":"https:\/\/medicina.udd.cl\/comite-etico-cientifico\/wp-json\/wp\/v2\/media?parent=64"}],"curies":[{"name":"wp","href":"https:\/\/api.w.org\/{rel}","templated":true}]}}