{"id":69,"date":"2023-11-02T14:19:20","date_gmt":"2023-11-02T14:19:20","guid":{"rendered":"https:\/\/medicina.udd.cl\/comite-etico-cientifico\/?page_id=69"},"modified":"2026-03-23T15:07:18","modified_gmt":"2026-03-23T18:07:18","slug":"transparencia","status":"publish","type":"page","link":"https:\/\/medicina.udd.cl\/comite-etico-cientifico\/transparencia\/","title":{"rendered":"Transparencia"},"content":{"rendered":"<!-- WP Block: UDD - Access Cards -->\n<section\n\tid=\"udd-access-cards-v2--1\"\n\tclass=\"wp-block-udd-access-cards\n\t\t wp-block-udd-access-cards-v2\"\n\t\tstyle=\"\n\t\t--udd-blocks-has-columns-number: 4;\n\t\"\n\t>\n\t<div class=\"container\">\n\t\t\t\t\t\t\t\t\t<div class=\"block__content\">\n\t\t\t<div\n\t\t\t\tclass=\"udd-access-cards\"\n\t\t\t\t\t\t\t>\n\t\t\t<div\n\tdata-index=\"1\"\n\tclass=\"udd-access-card-wrapper\"\n\t>\n\t<a href=\"https:\/\/medicina.udd.cl\/comite-etico-cientifico\/transparencia\/memorias-anuales\/\" class=\"access-card access-card--profile\" data-url=\"https:\/\/medicina.udd.cl\/comite-etico-cientifico\/transparencia\/memorias-anuales\/\">\n\t\t\t\t\t\t<h3\n\t\t\tdata-index=\"1\"\n\t\t\tclass=\"access-card__title\"\n\t\t>\n\t\t\tMemorias Anuales\t\t<\/h3>\n\t\t\t\t<div class=\"access-card__link\">\n\t\t\t<span class=\"access-card__link-text\">Conocer m\u00e1s<\/span>\n\t\t<\/div>\n\t<\/a>\n<\/div>\n<div\n\tdata-index=\"2\"\n\tclass=\"udd-access-card-wrapper\"\n\t>\n\t<a href=\"http:\/\/medicina.udd.cl\/comite-etico-cientifico\/files\/2http:\/\/medicina.udd.cl\/comite-etico-cientifico\/files\/2026\/03\/dr-17-26-regl-cec.pdf\" class=\"access-card access-card--profile\" data-url=\"http:\/\/medicina.udd.cl\/comite-etico-cientifico\/files\/2http:\/\/medicina.udd.cl\/comite-etico-cientifico\/files\/2026\/03\/dr-17-26-regl-cec.pdf\">\n\t\t\t\t\t\t<h3\n\t\t\tdata-index=\"2\"\n\t\t\tclass=\"access-card__title\"\n\t\t>\n\t\t\tReglamento Interno\t\t<\/h3>\n\t\t\t\t<div class=\"access-card__link\">\n\t\t\t<span class=\"access-card__link-text\">Descargar<\/span>\n\t\t<\/div>\n\t<\/a>\n<\/div>\n<div\n\tdata-index=\"3\"\n\tclass=\"udd-access-card-wrapper\"\n\t>\n\t<a href=\"https:\/\/medicina.udd.cl\/files\/2026\/03\/tarifas-2026_cec-2.pdf\" class=\"access-card access-card--profile\" data-url=\"https:\/\/medicina.udd.cl\/files\/2026\/03\/tarifas-2026_cec-2.pdf\">\n\t\t\t\t\t\t<h3\n\t\t\tdata-index=\"3\"\n\t\t\tclass=\"access-card__title\"\n\t\t>\n\t\t\tAranceles e informaci\u00f3n para pagos por revisi\u00f3n\t\t<\/h3>\n\t\t\t\t<div class=\"access-card__link\">\n\t\t\t<span class=\"access-card__link-text\">Descargar<\/span>\n\t\t<\/div>\n\t<\/a>\n<\/div>\n<div\n\tdata-index=\"4\"\n\tclass=\"udd-access-card-wrapper\"\n\t>\n\t<a href=\"https:\/\/medicina.udd.cl\/centro-bioetica\/files\/2023\/03\/declaracion-de-cumplimiento-de-las-buenas-practicas-clinicas.pdf\" class=\"access-card access-card--profile\" data-url=\"https:\/\/medicina.udd.cl\/centro-bioetica\/files\/2023\/03\/declaracion-de-cumplimiento-de-las-buenas-practicas-clinicas.pdf\">\n\t\t\t\t\t\t<h3\n\t\t\tdata-index=\"4\"\n\t\t\tclass=\"access-card__title\"\n\t\t>\n\t\t\tDeclaraci\u00f3n de Cumplimiento de las Buenas Pr\u00e1cticas Cl\u00ednicas\t\t<\/h3>\n\t\t\t\t<div class=\"access-card__link\">\n\t\t\t<span class=\"access-card__link-text\">Descargar<\/span>\n\t\t<\/div>\n\t<\/a>\n<\/div>\n<div\n\tdata-index=\"5\"\n\tclass=\"udd-access-card-wrapper\"\n\t>\n\t<a href=\"http:\/\/medicina.udd.cl\/comite-etico-cientifico\/files\/2026\/03\/documento-reacreditacion.pdf\" class=\"access-card access-card--profile\" data-url=\"http:\/\/medicina.udd.cl\/comite-etico-cientifico\/files\/2026\/03\/documento-reacreditacion.pdf\">\n\t\t\t\t\t\t<h3\n\t\t\tdata-index=\"5\"\n\t\t\tclass=\"access-card__title\"\n\t\t>\n\t\t\tReacreditaci\u00f3n CEC 2026\t\t<\/h3>\n\t\t\t\t<div class=\"access-card__link\">\n\t\t\t<span class=\"access-card__link-text\">Conocer m\u00e1s<\/span>\n\t\t<\/div>\n\t<\/a>\n<\/div>\n\t\t\t<\/div>\n\t\t<\/div>\n\t<\/div>\n<\/section>\n","protected":false},"excerpt":{"rendered":"","protected":false},"author":9192217,"featured_media":0,"parent":0,"menu_order":0,"comment_status":"closed","ping_status":"closed","template":"","meta":{"footnotes":""},"class_list":["post-69","page","type-page","status-publish","hentry"],"yoast_head":"<!-- This site is optimized with the Yoast SEO plugin v26.9 - https:\/\/yoast.com\/product\/yoast-seo-wordpress\/ -->\n<title>Transparencia - Comit\u00e9 \u00c9tico Cient\u00edfico<\/title>\n<meta name=\"robots\" content=\"index, follow, max-snippet:-1, max-image-preview:large, max-video-preview:-1\" \/>\n<link rel=\"canonical\" href=\"https:\/\/medicina.udd.cl\/comite-etico-cientifico\/transparencia\/\" \/>\n<meta property=\"og:locale\" content=\"es_ES\" \/>\n<meta property=\"og:type\" content=\"article\" \/>\n<meta property=\"og:title\" content=\"Transparencia - Comit\u00e9 \u00c9tico Cient\u00edfico\" \/>\n<meta property=\"og:url\" content=\"https:\/\/medicina.udd.cl\/comite-etico-cientifico\/transparencia\/\" \/>\n<meta property=\"og:site_name\" content=\"Comit\u00e9 \u00c9tico Cient\u00edfico\" \/>\n<meta property=\"article:modified_time\" content=\"2026-03-23T18:07:18+00:00\" \/>\n<meta name=\"twitter:card\" content=\"summary_large_image\" \/>\n<script type=\"application\/ld+json\" class=\"yoast-schema-graph\">{\"@context\":\"https:\/\/schema.org\",\"@graph\":[{\"@type\":\"WebPage\",\"@id\":\"https:\/\/medicina.udd.cl\/comite-etico-cientifico\/transparencia\/\",\"url\":\"https:\/\/medicina.udd.cl\/comite-etico-cientifico\/transparencia\/\",\"name\":\"Transparencia - Comit\u00e9 \u00c9tico Cient\u00edfico\",\"isPartOf\":{\"@id\":\"https:\/\/medicina.udd.cl\/comite-etico-cientifico\/#website\"},\"datePublished\":\"2023-11-02T14:19:20+00:00\",\"dateModified\":\"2026-03-23T18:07:18+00:00\",\"breadcrumb\":{\"@id\":\"https:\/\/medicina.udd.cl\/comite-etico-cientifico\/transparencia\/#breadcrumb\"},\"inLanguage\":\"es\",\"potentialAction\":[{\"@type\":\"ReadAction\",\"target\":[\"https:\/\/medicina.udd.cl\/comite-etico-cientifico\/transparencia\/\"]}]},{\"@type\":\"BreadcrumbList\",\"@id\":\"https:\/\/medicina.udd.cl\/comite-etico-cientifico\/transparencia\/#breadcrumb\",\"itemListElement\":[{\"@type\":\"ListItem\",\"position\":1,\"name\":\"Portada\",\"item\":\"https:\/\/medicina.udd.cl\/comite-etico-cientifico\/\"},{\"@type\":\"ListItem\",\"position\":2,\"name\":\"Transparencia\"}]},{\"@type\":\"WebSite\",\"@id\":\"https:\/\/medicina.udd.cl\/comite-etico-cientifico\/#website\",\"url\":\"https:\/\/medicina.udd.cl\/comite-etico-cientifico\/\",\"name\":\"Comit\u00e9 \u00c9tico Cient\u00edfico\",\"description\":\"Facultad de Medicina Cl\u00ednica Alemana Universidad del Desarrollo\",\"inLanguage\":\"es\"}]}<\/script>\n<!-- \/ Yoast SEO plugin. -->","yoast_head_json":{"title":"Transparencia - Comit\u00e9 \u00c9tico Cient\u00edfico","robots":{"index":"index","follow":"follow","max-snippet":"max-snippet:-1","max-image-preview":"max-image-preview:large","max-video-preview":"max-video-preview:-1"},"canonical":"https:\/\/medicina.udd.cl\/comite-etico-cientifico\/transparencia\/","og_locale":"es_ES","og_type":"article","og_title":"Transparencia - Comit\u00e9 \u00c9tico Cient\u00edfico","og_url":"https:\/\/medicina.udd.cl\/comite-etico-cientifico\/transparencia\/","og_site_name":"Comit\u00e9 \u00c9tico Cient\u00edfico","article_modified_time":"2026-03-23T18:07:18+00:00","twitter_card":"summary_large_image","schema":{"@context":"https:\/\/schema.org","@graph":[{"@type":"WebPage","@id":"https:\/\/medicina.udd.cl\/comite-etico-cientifico\/transparencia\/","url":"https:\/\/medicina.udd.cl\/comite-etico-cientifico\/transparencia\/","name":"Transparencia - Comit\u00e9 \u00c9tico Cient\u00edfico","isPartOf":{"@id":"https:\/\/medicina.udd.cl\/comite-etico-cientifico\/#website"},"datePublished":"2023-11-02T14:19:20+00:00","dateModified":"2026-03-23T18:07:18+00:00","breadcrumb":{"@id":"https:\/\/medicina.udd.cl\/comite-etico-cientifico\/transparencia\/#breadcrumb"},"inLanguage":"es","potentialAction":[{"@type":"ReadAction","target":["https:\/\/medicina.udd.cl\/comite-etico-cientifico\/transparencia\/"]}]},{"@type":"BreadcrumbList","@id":"https:\/\/medicina.udd.cl\/comite-etico-cientifico\/transparencia\/#breadcrumb","itemListElement":[{"@type":"ListItem","position":1,"name":"Portada","item":"https:\/\/medicina.udd.cl\/comite-etico-cientifico\/"},{"@type":"ListItem","position":2,"name":"Transparencia"}]},{"@type":"WebSite","@id":"https:\/\/medicina.udd.cl\/comite-etico-cientifico\/#website","url":"https:\/\/medicina.udd.cl\/comite-etico-cientifico\/","name":"Comit\u00e9 \u00c9tico Cient\u00edfico","description":"Facultad de Medicina Cl\u00ednica Alemana Universidad del Desarrollo","inLanguage":"es"}]}},"_links":{"self":[{"href":"https:\/\/medicina.udd.cl\/comite-etico-cientifico\/wp-json\/wp\/v2\/pages\/69","targetHints":{"allow":["GET"]}}],"collection":[{"href":"https:\/\/medicina.udd.cl\/comite-etico-cientifico\/wp-json\/wp\/v2\/pages"}],"about":[{"href":"https:\/\/medicina.udd.cl\/comite-etico-cientifico\/wp-json\/wp\/v2\/types\/page"}],"author":[{"embeddable":true,"href":"https:\/\/medicina.udd.cl\/comite-etico-cientifico\/wp-json\/wp\/v2\/users\/9192217"}],"replies":[{"embeddable":true,"href":"https:\/\/medicina.udd.cl\/comite-etico-cientifico\/wp-json\/wp\/v2\/comments?post=69"}],"version-history":[{"count":11,"href":"https:\/\/medicina.udd.cl\/comite-etico-cientifico\/wp-json\/wp\/v2\/pages\/69\/revisions"}],"predecessor-version":[{"id":388,"href":"https:\/\/medicina.udd.cl\/comite-etico-cientifico\/wp-json\/wp\/v2\/pages\/69\/revisions\/388"}],"wp:attachment":[{"href":"https:\/\/medicina.udd.cl\/comite-etico-cientifico\/wp-json\/wp\/v2\/media?parent=69"}],"curies":[{"name":"wp","href":"https:\/\/api.w.org\/{rel}","templated":true}]}}