{"id":93,"date":"2023-11-02T14:40:10","date_gmt":"2023-11-02T14:40:10","guid":{"rendered":"https:\/\/medicina.udd.cl\/comite-etico-cientifico\/?page_id=93"},"modified":"2026-03-10T16:43:22","modified_gmt":"2026-03-10T19:43:22","slug":"memorias-anuales","status":"publish","type":"page","link":"https:\/\/medicina.udd.cl\/comite-etico-cientifico\/transparencia\/memorias-anuales\/","title":{"rendered":"Memorias Anuales"},"content":{"rendered":"\n<p><strong><a href=\"http:\/\/medicina.udd.cl\/comite-etico-cientifico\/files\/2026\/03\/memoria-anual-2025-05-03-2026.pdf\" id=\"http:\/\/medicina.udd.cl\/comite-etico-cientifico\/files\/2026\/03\/memoria-anual-2025-05-03-2026.pdf\">Memoria anual 2025 Comit\u00e9 \u00c9tico Cient\u00edfico<\/a><\/strong><\/p>\n\n\n\n<p><strong><a href=\"http:\/\/medicina.udd.cl\/comite-etico-cientifico\/files\/2025\/03\/memoria-anual-2024-firmada.pdf\">Memoria anual 2024 Comit\u00e9 \u00c9tico Cient\u00edfico<\/a><\/strong><\/p>\n\n\n\n<p><a href=\"http:\/\/medicina.udd.cl\/comite-etico-cientifico\/files\/2024\/03\/memoria-anual-2023.pdf\"><strong>Memoria anual 2023 Comit\u00e9 \u00c9tico Cient\u00edfico<\/strong><\/a><\/p>\n\n\n\n<p><strong><a href=\"https:\/\/medicina.udd.cl\/centro-bioetica\/files\/2023\/03\/memoria-anual-2022.pdf\">Memoria anual 2022 Comit\u00e9 \u00c9tico Cient\u00edfico<\/a><\/strong><\/p>\n\n\n\n<p><a href=\"https:\/\/medicina.udd.cl\/centro-bioetica\/memoria-anual-2021-comite-etico-cientifico\/\"><strong>Memoria anual 2021 Comit\u00e9 \u00c9tico Cient\u00edfico<\/strong><\/a><\/p>\n\n\n\n<p><strong><a href=\"https:\/\/medicina.udd.cl\/centro-bioetica\/memoria-anual-2020-comite-etico-cientifico\/\">Memoria anual 2020 Comit\u00e9 \u00c9tico Cient\u00edfico<\/a><\/strong>  <\/p>\n\n\n\n<p><strong><a href=\"https:\/\/medicina.udd.cl\/centro-bioetica\/files\/2020\/12\/Memoria-Anual-CEC-CAS-UDD-2019.pdf\">Memoria anual 2019 Comit\u00e9 \u00c9tico Cient\u00edfico<\/a><\/strong> <\/p>\n\n\n\n<p><strong><a href=\"https:\/\/medicina.udd.cl\/centro-bioetica\/files\/2019\/04\/Memoria_CEC_CAS-UDD_2018-1.pdf\">Memoria anual 2018 Comit\u00e9 \u00c9tico Cient\u00edfico<\/a><\/strong><\/p>\n\n\n\n<p><strong><a href=\"http:\/\/medicina.udd.cl\/centro-bioetica\/files\/2018\/01\/Memoria-Anual-2017.pdf\">Memoria anual 2017 Comit\u00e9 \u00c9tico Cient\u00edfico<\/a><\/strong><\/p>\n\n\n\n<p><strong><a href=\"http:\/\/medicina.udd.cl\/centro-bioetica\/files\/2017\/06\/Memoria-anual-2016.pdf\">Memoria anual 2016 Comit\u00e9 \u00c9tico Cient\u00edfico<\/a><\/strong><\/p>\n\n\n\n<p><strong><a href=\"http:\/\/medicina.udd.cl\/centro-bioetica\/files\/2016\/08\/Memoria-anual-2015.pdf\" target=\"_blank\" rel=\"noreferrer noopener\">Memoria anual 2015&nbsp;Comit\u00e9 \u00c9tico Cient\u00edfico<\/a><\/strong><\/p>\n\n\n\n<p><strong><a rel=\"noreferrer noopener\" href=\"http:\/\/medicina.udd.cl\/centro-bioetica\/files\/2015\/06\/Memoria-Anual-2014.pdf\" target=\"_blank\">Memoria anual 2014 Comit\u00e9 \u00c9tico Cient\u00edfico<\/a><\/strong><\/p>\n","protected":false},"excerpt":{"rendered":"<p>Memoria anual 2025 Comit\u00e9 \u00c9tico Cient\u00edfico Memoria anual 2024 Comit\u00e9 \u00c9tico Cient\u00edfico Memoria anual 2023 Comit\u00e9 \u00c9tico Cient\u00edfico Memoria anual 2022 Comit\u00e9 \u00c9tico Cient\u00edfico Memoria anual 2021 Comit\u00e9 \u00c9tico Cient\u00edfico Memoria anual 2020 Comit\u00e9 \u00c9tico Cient\u00edfico Memoria anual 2019 Comit\u00e9 \u00c9tico Cient\u00edfico Memoria anual 2018 Comit\u00e9 \u00c9tico Cient\u00edfico Memoria anual 2017 Comit\u00e9 \u00c9tico Cient\u00edfico Memoria [&hellip;]<\/p>\n","protected":false},"author":9192217,"featured_media":0,"parent":69,"menu_order":0,"comment_status":"closed","ping_status":"closed","template":"","meta":{"footnotes":""},"class_list":["post-93","page","type-page","status-publish","hentry"],"yoast_head":"<!-- This site is optimized with the Yoast SEO plugin v26.9 - https:\/\/yoast.com\/product\/yoast-seo-wordpress\/ -->\n<title>Memorias Anuales - Comit\u00e9 \u00c9tico Cient\u00edfico<\/title>\n<meta name=\"robots\" content=\"index, follow, max-snippet:-1, max-image-preview:large, max-video-preview:-1\" \/>\n<link rel=\"canonical\" href=\"https:\/\/medicina.udd.cl\/comite-etico-cientifico\/transparencia\/memorias-anuales\/\" \/>\n<meta property=\"og:locale\" content=\"es_ES\" \/>\n<meta property=\"og:type\" content=\"article\" \/>\n<meta property=\"og:title\" content=\"Memorias Anuales - Comit\u00e9 \u00c9tico Cient\u00edfico\" \/>\n<meta property=\"og:description\" content=\"Memoria anual 2025 Comit\u00e9 \u00c9tico Cient\u00edfico Memoria anual 2024 Comit\u00e9 \u00c9tico Cient\u00edfico Memoria anual 2023 Comit\u00e9 \u00c9tico Cient\u00edfico Memoria anual 2022 Comit\u00e9 \u00c9tico Cient\u00edfico Memoria anual 2021 Comit\u00e9 \u00c9tico Cient\u00edfico Memoria anual 2020 Comit\u00e9 \u00c9tico Cient\u00edfico Memoria anual 2019 Comit\u00e9 \u00c9tico Cient\u00edfico Memoria anual 2018 Comit\u00e9 \u00c9tico Cient\u00edfico Memoria anual 2017 Comit\u00e9 \u00c9tico Cient\u00edfico Memoria [&hellip;]\" \/>\n<meta property=\"og:url\" content=\"https:\/\/medicina.udd.cl\/comite-etico-cientifico\/transparencia\/memorias-anuales\/\" \/>\n<meta property=\"og:site_name\" content=\"Comit\u00e9 \u00c9tico Cient\u00edfico\" \/>\n<meta property=\"article:modified_time\" content=\"2026-03-10T19:43:22+00:00\" \/>\n<meta name=\"twitter:card\" content=\"summary_large_image\" \/>\n<meta name=\"twitter:label1\" content=\"Tiempo de lectura\" \/>\n\t<meta name=\"twitter:data1\" content=\"1 minuto\" \/>\n<script type=\"application\/ld+json\" class=\"yoast-schema-graph\">{\"@context\":\"https:\/\/schema.org\",\"@graph\":[{\"@type\":\"WebPage\",\"@id\":\"https:\/\/medicina.udd.cl\/comite-etico-cientifico\/transparencia\/memorias-anuales\/\",\"url\":\"https:\/\/medicina.udd.cl\/comite-etico-cientifico\/transparencia\/memorias-anuales\/\",\"name\":\"Memorias Anuales - Comit\u00e9 \u00c9tico Cient\u00edfico\",\"isPartOf\":{\"@id\":\"https:\/\/medicina.udd.cl\/comite-etico-cientifico\/#website\"},\"datePublished\":\"2023-11-02T14:40:10+00:00\",\"dateModified\":\"2026-03-10T19:43:22+00:00\",\"breadcrumb\":{\"@id\":\"https:\/\/medicina.udd.cl\/comite-etico-cientifico\/transparencia\/memorias-anuales\/#breadcrumb\"},\"inLanguage\":\"es\",\"potentialAction\":[{\"@type\":\"ReadAction\",\"target\":[\"https:\/\/medicina.udd.cl\/comite-etico-cientifico\/transparencia\/memorias-anuales\/\"]}]},{\"@type\":\"BreadcrumbList\",\"@id\":\"https:\/\/medicina.udd.cl\/comite-etico-cientifico\/transparencia\/memorias-anuales\/#breadcrumb\",\"itemListElement\":[{\"@type\":\"ListItem\",\"position\":1,\"name\":\"Portada\",\"item\":\"https:\/\/medicina.udd.cl\/comite-etico-cientifico\/\"},{\"@type\":\"ListItem\",\"position\":2,\"name\":\"Transparencia\",\"item\":\"https:\/\/medicina.udd.cl\/comite-etico-cientifico\/transparencia\/\"},{\"@type\":\"ListItem\",\"position\":3,\"name\":\"Memorias Anuales\"}]},{\"@type\":\"WebSite\",\"@id\":\"https:\/\/medicina.udd.cl\/comite-etico-cientifico\/#website\",\"url\":\"https:\/\/medicina.udd.cl\/comite-etico-cientifico\/\",\"name\":\"Comit\u00e9 \u00c9tico Cient\u00edfico\",\"description\":\"Facultad de Medicina Cl\u00ednica Alemana Universidad del Desarrollo\",\"inLanguage\":\"es\"}]}<\/script>\n<!-- \/ Yoast SEO plugin. -->","yoast_head_json":{"title":"Memorias Anuales - Comit\u00e9 \u00c9tico Cient\u00edfico","robots":{"index":"index","follow":"follow","max-snippet":"max-snippet:-1","max-image-preview":"max-image-preview:large","max-video-preview":"max-video-preview:-1"},"canonical":"https:\/\/medicina.udd.cl\/comite-etico-cientifico\/transparencia\/memorias-anuales\/","og_locale":"es_ES","og_type":"article","og_title":"Memorias Anuales - Comit\u00e9 \u00c9tico Cient\u00edfico","og_description":"Memoria anual 2025 Comit\u00e9 \u00c9tico Cient\u00edfico Memoria anual 2024 Comit\u00e9 \u00c9tico Cient\u00edfico Memoria anual 2023 Comit\u00e9 \u00c9tico Cient\u00edfico Memoria anual 2022 Comit\u00e9 \u00c9tico Cient\u00edfico Memoria anual 2021 Comit\u00e9 \u00c9tico Cient\u00edfico Memoria anual 2020 Comit\u00e9 \u00c9tico Cient\u00edfico Memoria anual 2019 Comit\u00e9 \u00c9tico Cient\u00edfico Memoria anual 2018 Comit\u00e9 \u00c9tico Cient\u00edfico Memoria anual 2017 Comit\u00e9 \u00c9tico Cient\u00edfico Memoria [&hellip;]","og_url":"https:\/\/medicina.udd.cl\/comite-etico-cientifico\/transparencia\/memorias-anuales\/","og_site_name":"Comit\u00e9 \u00c9tico Cient\u00edfico","article_modified_time":"2026-03-10T19:43:22+00:00","twitter_card":"summary_large_image","twitter_misc":{"Tiempo de lectura":"1 minuto"},"schema":{"@context":"https:\/\/schema.org","@graph":[{"@type":"WebPage","@id":"https:\/\/medicina.udd.cl\/comite-etico-cientifico\/transparencia\/memorias-anuales\/","url":"https:\/\/medicina.udd.cl\/comite-etico-cientifico\/transparencia\/memorias-anuales\/","name":"Memorias Anuales - Comit\u00e9 \u00c9tico Cient\u00edfico","isPartOf":{"@id":"https:\/\/medicina.udd.cl\/comite-etico-cientifico\/#website"},"datePublished":"2023-11-02T14:40:10+00:00","dateModified":"2026-03-10T19:43:22+00:00","breadcrumb":{"@id":"https:\/\/medicina.udd.cl\/comite-etico-cientifico\/transparencia\/memorias-anuales\/#breadcrumb"},"inLanguage":"es","potentialAction":[{"@type":"ReadAction","target":["https:\/\/medicina.udd.cl\/comite-etico-cientifico\/transparencia\/memorias-anuales\/"]}]},{"@type":"BreadcrumbList","@id":"https:\/\/medicina.udd.cl\/comite-etico-cientifico\/transparencia\/memorias-anuales\/#breadcrumb","itemListElement":[{"@type":"ListItem","position":1,"name":"Portada","item":"https:\/\/medicina.udd.cl\/comite-etico-cientifico\/"},{"@type":"ListItem","position":2,"name":"Transparencia","item":"https:\/\/medicina.udd.cl\/comite-etico-cientifico\/transparencia\/"},{"@type":"ListItem","position":3,"name":"Memorias Anuales"}]},{"@type":"WebSite","@id":"https:\/\/medicina.udd.cl\/comite-etico-cientifico\/#website","url":"https:\/\/medicina.udd.cl\/comite-etico-cientifico\/","name":"Comit\u00e9 \u00c9tico Cient\u00edfico","description":"Facultad de Medicina Cl\u00ednica Alemana Universidad del Desarrollo","inLanguage":"es"}]}},"_links":{"self":[{"href":"https:\/\/medicina.udd.cl\/comite-etico-cientifico\/wp-json\/wp\/v2\/pages\/93","targetHints":{"allow":["GET"]}}],"collection":[{"href":"https:\/\/medicina.udd.cl\/comite-etico-cientifico\/wp-json\/wp\/v2\/pages"}],"about":[{"href":"https:\/\/medicina.udd.cl\/comite-etico-cientifico\/wp-json\/wp\/v2\/types\/page"}],"author":[{"embeddable":true,"href":"https:\/\/medicina.udd.cl\/comite-etico-cientifico\/wp-json\/wp\/v2\/users\/9192217"}],"replies":[{"embeddable":true,"href":"https:\/\/medicina.udd.cl\/comite-etico-cientifico\/wp-json\/wp\/v2\/comments?post=93"}],"version-history":[{"count":4,"href":"https:\/\/medicina.udd.cl\/comite-etico-cientifico\/wp-json\/wp\/v2\/pages\/93\/revisions"}],"predecessor-version":[{"id":382,"href":"https:\/\/medicina.udd.cl\/comite-etico-cientifico\/wp-json\/wp\/v2\/pages\/93\/revisions\/382"}],"up":[{"embeddable":true,"href":"https:\/\/medicina.udd.cl\/comite-etico-cientifico\/wp-json\/wp\/v2\/pages\/69"}],"wp:attachment":[{"href":"https:\/\/medicina.udd.cl\/comite-etico-cientifico\/wp-json\/wp\/v2\/media?parent=93"}],"curies":[{"name":"wp","href":"https:\/\/api.w.org\/{rel}","templated":true}]}}