{"id":15,"date":"2025-03-12T11:20:56","date_gmt":"2025-03-12T14:20:56","guid":{"rendered":"https:\/\/medicina.udd.cl\/comite-integridad-academica\/?page_id=15"},"modified":"2025-04-08T16:32:24","modified_gmt":"2025-04-08T20:32:24","slug":"propositos-y-objetivos","status":"publish","type":"page","link":"https:\/\/medicina.udd.cl\/comite-integridad-academica\/propositos-y-objetivos\/","title":{"rendered":"Prop\u00f3sitos y Objetivos"},"content":{"rendered":"\n<h2 class=\"wp-block-heading has-brand-primary-color has-text-color has-link-color wp-elements-3e080e037cf9ef52f89f1122df758b16\">Prop\u00f3sitos<\/h2>\n\n\n<!-- WP Block: UDD - Featured Attributes -->\n<section\n\tclass=\"wp-block-udd-featured-attributes\"\n\t\tstyle=\"\n\t\t--udd-blocks--featured-attributes--columns: 3;\n\t\t--udd-blocks--featured-attributes--link-color: ;\n\t\tbackground-color: ;\n\t\"\n\t>\n\t<div class=\"container\">\n\t\t<div\n\t\t\tclass=\"features-wrapper \"\n\t\t\tdata-slick='{&quot;appendDots&quot;:&quot;#dots-&quot;,&quot;prevArrow&quot;:&quot;&lt;button type=\\&quot;button\\&quot; class=\\&quot;slick-prev\\&quot;&gt;&lt;svg class=\\&quot;svg-chevron-left-dims\\&quot;&gt;&lt;use xlink:href=&#039;https:\\\/\\\/medicina.udd.cl\\\/comite-integridad-academica\\\/wp-content\\\/themes\\\/facultades-2018\\\/assets\\\/img\\\/svg\\\/dist\\\/main.svg?version=1695853099#chevron-left&#039;&gt;&lt;\\\/use&gt;&lt;\\\/svg&gt;&lt;span class = \\&quot;sr-only\\&quot;&gt;Anterior&lt;\\\/span&gt;&lt;\\\/button&gt;&quot;,&quot;nextArrow&quot;:&quot;&lt;button type=\\&quot;button\\&quot; class=\\&quot;slick-next\\&quot;&gt;&lt;svg class=\\&quot;svg-chevron-right-dims\\&quot;&gt;&lt;use xlink:href=&#039;https:\\\/\\\/medicina.udd.cl\\\/comite-integridad-academica\\\/wp-content\\\/themes\\\/facultades-2018\\\/assets\\\/img\\\/svg\\\/dist\\\/main.svg?version=1695853099#chevron-right&#039;&gt;&lt;\\\/use&gt;&lt;\\\/svg&gt;&lt;span class=\\&quot;sr-only\\&quot;&gt;Siguiente&lt;\\\/span&gt;&lt;\\\/button&gt;&quot;,&quot;infinite&quot;:true,&quot;dots&quot;:true}'\n\t\t>\n\t\t\t<div class=\"featured-attribute\">\n\t\t<span class=\"featured-attribute__link\">\n\t\n\t\t\t\t<div\n\t\t\tclass=\"featured-attribute__icon\"\n\t\t\tstyle=\"--feature-icon-url: url(http:\/\/medicina.udd.cl\/comite-integridad-academica\/files\/2025\/03\/dialogo.png); background-color: \"\n\t\t><\/div>\n\t\t\n\t\t<div>\n\t\t\t\t\t\t<h3 class=\"featured-attribute__description\">Crear un espacio de dia\u0301logo en la comunidad acade\u0301mica sobre valores universales.<\/h3>\n\t\t\t\t\t\t\t\t<\/div>\n\t\t<\/span>\n\t<\/div>\n<div class=\"featured-attribute\">\n\t\t<span class=\"featured-attribute__link\">\n\t\n\t\t\t\t<div\n\t\t\tclass=\"featured-attribute__icon\"\n\t\t\tstyle=\"--feature-icon-url: url(http:\/\/medicina.udd.cl\/comite-integridad-academica\/files\/2025\/03\/computadora.png); background-color: \"\n\t\t><\/div>\n\t\t\n\t\t<div>\n\t\t\t\t\t\t<h3 class=\"featured-attribute__description\">Resguardar las buenas pra\u0301cticas en el proceso de aprendizaje y la responsabilidad para rendir evaluaciones honestas.<\/h3>\n\t\t\t\t\t\t\t\t<\/div>\n\t\t<\/span>\n\t<\/div>\n<div class=\"featured-attribute\">\n\t\t<span class=\"featured-attribute__link\">\n\t\n\t\t\t\t<div\n\t\t\tclass=\"featured-attribute__icon\"\n\t\t\tstyle=\"--feature-icon-url: url(http:\/\/medicina.udd.cl\/comite-integridad-academica\/files\/2025\/03\/pensamiento-creativo.png); background-color: \"\n\t\t><\/div>\n\t\t\n\t\t<div>\n\t\t\t\t\t\t<h3 class=\"featured-attribute__description\">Guiar al estudiante en la reflexio\u0301n personal de que toda accio\u0301n implica una consecuencia, de la cual es responsable. <\/h3>\n\t\t\t\t\t\t\t\t<\/div>\n\t\t<\/span>\n\t<\/div>\n\t\t<\/div>\n\n\t\t\t<\/div>\n<\/section>\n\n\n\n<h2 class=\"wp-block-heading has-brand-primary-color has-text-color has-link-color wp-elements-ab67ae56c7d6243727a8269280bb1a8f\">Objetivos<\/h2>\n\n\n\n<p><strong>Objetivo principal:<\/strong> El principal objetivo de este comit\u00e9 es integrar activamente en la formaci\u00f3n de los estudiantes valores fundamentales como la \u00e9tica, el compromiso, la responsabilidad, la honestidad y el respeto. De este modo, se busca fomentar el desarrollo de una autonom\u00eda que les permita, como futuros profesionales, tomar decisiones libres y conscientes dentro de un s\u00f3lido marco \u00e9tico.<\/p>\n\n\n\n<h3 class=\"wp-block-heading has-brand-primary-color has-text-color has-link-color wp-elements-5c66325f058dd6d66a1b125f92ef8358\">Objetivos secundarios<\/h3>\n\n\n\n<ul class=\"wp-block-list\">\n<li>Incentivar al estudiante hacia el desarrollo de buenas pr\u00e1cticas en su formaci\u00f3n acad\u00e9mica, para establecer una cultura de integridad y honestidad.<\/li>\n<\/ul>\n\n\n\n<ul class=\"wp-block-list\">\n<li>Inducir la reflexi\u00f3n del estudiante a trav\u00e9s de la discusi\u00f3n respetuosa y constructiva de problemas que implican valores.<\/li>\n<\/ul>\n\n\n\n<ul class=\"wp-block-list\">\n<li>Promover en el estudiante el desarrollo de una pr\u00e1ctica profesional basada en una conducta \u00e9tica y de respeto con los pacientes.<\/li>\n<\/ul>\n","protected":false},"excerpt":{"rendered":"<p>Prop\u00f3sitos Objetivos Objetivo principal: El principal objetivo de este comit\u00e9 es integrar activamente en la formaci\u00f3n de los estudiantes valores fundamentales como la \u00e9tica, el compromiso, la responsabilidad, la honestidad y el respeto. De este modo, se busca fomentar el desarrollo de una autonom\u00eda que les permita, como futuros profesionales, tomar decisiones libres y conscientes [&hellip;]<\/p>\n","protected":false},"author":9192217,"featured_media":0,"parent":0,"menu_order":0,"comment_status":"closed","ping_status":"closed","template":"","meta":{"footnotes":""},"class_list":["post-15","page","type-page","status-publish","hentry"],"yoast_head":"<!-- This site is optimized with the Yoast SEO plugin v26.9 - https:\/\/yoast.com\/product\/yoast-seo-wordpress\/ -->\n<title>Prop\u00f3sitos y Objetivos - Comit\u00e9 de Integridad Acad\u00e9mica<\/title>\n<meta name=\"robots\" content=\"index, follow, max-snippet:-1, max-image-preview:large, max-video-preview:-1\" \/>\n<link rel=\"canonical\" href=\"https:\/\/medicina.udd.cl\/comite-integridad-academica\/propositos-y-objetivos\/\" \/>\n<meta property=\"og:locale\" content=\"es_ES\" \/>\n<meta property=\"og:type\" content=\"article\" \/>\n<meta property=\"og:title\" content=\"Prop\u00f3sitos y Objetivos - Comit\u00e9 de Integridad Acad\u00e9mica\" \/>\n<meta property=\"og:description\" content=\"Prop\u00f3sitos Objetivos Objetivo principal: El principal objetivo de este comit\u00e9 es integrar activamente en la formaci\u00f3n de los estudiantes valores fundamentales como la \u00e9tica, el compromiso, la responsabilidad, la honestidad y el respeto. De este modo, se busca fomentar el desarrollo de una autonom\u00eda que les permita, como futuros profesionales, tomar decisiones libres y conscientes [&hellip;]\" \/>\n<meta property=\"og:url\" content=\"https:\/\/medicina.udd.cl\/comite-integridad-academica\/propositos-y-objetivos\/\" \/>\n<meta property=\"og:site_name\" content=\"Comit\u00e9 de Integridad Acad\u00e9mica\" \/>\n<meta property=\"article:modified_time\" content=\"2025-04-08T20:32:24+00:00\" \/>\n<meta name=\"twitter:card\" content=\"summary_large_image\" \/>\n<meta name=\"twitter:label1\" content=\"Tiempo de lectura\" \/>\n\t<meta name=\"twitter:data1\" content=\"1 minuto\" \/>\n<script type=\"application\/ld+json\" class=\"yoast-schema-graph\">{\"@context\":\"https:\/\/schema.org\",\"@graph\":[{\"@type\":\"WebPage\",\"@id\":\"https:\/\/medicina.udd.cl\/comite-integridad-academica\/propositos-y-objetivos\/\",\"url\":\"https:\/\/medicina.udd.cl\/comite-integridad-academica\/propositos-y-objetivos\/\",\"name\":\"Prop\u00f3sitos y Objetivos - Comit\u00e9 de Integridad Acad\u00e9mica\",\"isPartOf\":{\"@id\":\"https:\/\/medicina.udd.cl\/comite-integridad-academica\/#website\"},\"datePublished\":\"2025-03-12T14:20:56+00:00\",\"dateModified\":\"2025-04-08T20:32:24+00:00\",\"breadcrumb\":{\"@id\":\"https:\/\/medicina.udd.cl\/comite-integridad-academica\/propositos-y-objetivos\/#breadcrumb\"},\"inLanguage\":\"es\",\"potentialAction\":[{\"@type\":\"ReadAction\",\"target\":[\"https:\/\/medicina.udd.cl\/comite-integridad-academica\/propositos-y-objetivos\/\"]}]},{\"@type\":\"BreadcrumbList\",\"@id\":\"https:\/\/medicina.udd.cl\/comite-integridad-academica\/propositos-y-objetivos\/#breadcrumb\",\"itemListElement\":[{\"@type\":\"ListItem\",\"position\":1,\"name\":\"Portada\",\"item\":\"https:\/\/medicina.udd.cl\/comite-integridad-academica\/\"},{\"@type\":\"ListItem\",\"position\":2,\"name\":\"Prop\u00f3sitos y Objetivos\"}]},{\"@type\":\"WebSite\",\"@id\":\"https:\/\/medicina.udd.cl\/comite-integridad-academica\/#website\",\"url\":\"https:\/\/medicina.udd.cl\/comite-integridad-academica\/\",\"name\":\"Comit\u00e9 de Integridad Acad\u00e9mica\",\"description\":\"\",\"inLanguage\":\"es\"}]}<\/script>\n<!-- \/ Yoast SEO plugin. -->","yoast_head_json":{"title":"Prop\u00f3sitos y Objetivos - Comit\u00e9 de Integridad Acad\u00e9mica","robots":{"index":"index","follow":"follow","max-snippet":"max-snippet:-1","max-image-preview":"max-image-preview:large","max-video-preview":"max-video-preview:-1"},"canonical":"https:\/\/medicina.udd.cl\/comite-integridad-academica\/propositos-y-objetivos\/","og_locale":"es_ES","og_type":"article","og_title":"Prop\u00f3sitos y Objetivos - Comit\u00e9 de Integridad Acad\u00e9mica","og_description":"Prop\u00f3sitos Objetivos Objetivo principal: El principal objetivo de este comit\u00e9 es integrar activamente en la formaci\u00f3n de los estudiantes valores fundamentales como la \u00e9tica, el compromiso, la responsabilidad, la honestidad y el respeto. De este modo, se busca fomentar el desarrollo de una autonom\u00eda que les permita, como futuros profesionales, tomar decisiones libres y conscientes [&hellip;]","og_url":"https:\/\/medicina.udd.cl\/comite-integridad-academica\/propositos-y-objetivos\/","og_site_name":"Comit\u00e9 de Integridad Acad\u00e9mica","article_modified_time":"2025-04-08T20:32:24+00:00","twitter_card":"summary_large_image","twitter_misc":{"Tiempo de lectura":"1 minuto"},"schema":{"@context":"https:\/\/schema.org","@graph":[{"@type":"WebPage","@id":"https:\/\/medicina.udd.cl\/comite-integridad-academica\/propositos-y-objetivos\/","url":"https:\/\/medicina.udd.cl\/comite-integridad-academica\/propositos-y-objetivos\/","name":"Prop\u00f3sitos y Objetivos - Comit\u00e9 de Integridad Acad\u00e9mica","isPartOf":{"@id":"https:\/\/medicina.udd.cl\/comite-integridad-academica\/#website"},"datePublished":"2025-03-12T14:20:56+00:00","dateModified":"2025-04-08T20:32:24+00:00","breadcrumb":{"@id":"https:\/\/medicina.udd.cl\/comite-integridad-academica\/propositos-y-objetivos\/#breadcrumb"},"inLanguage":"es","potentialAction":[{"@type":"ReadAction","target":["https:\/\/medicina.udd.cl\/comite-integridad-academica\/propositos-y-objetivos\/"]}]},{"@type":"BreadcrumbList","@id":"https:\/\/medicina.udd.cl\/comite-integridad-academica\/propositos-y-objetivos\/#breadcrumb","itemListElement":[{"@type":"ListItem","position":1,"name":"Portada","item":"https:\/\/medicina.udd.cl\/comite-integridad-academica\/"},{"@type":"ListItem","position":2,"name":"Prop\u00f3sitos y Objetivos"}]},{"@type":"WebSite","@id":"https:\/\/medicina.udd.cl\/comite-integridad-academica\/#website","url":"https:\/\/medicina.udd.cl\/comite-integridad-academica\/","name":"Comit\u00e9 de Integridad Acad\u00e9mica","description":"","inLanguage":"es"}]}},"_links":{"self":[{"href":"https:\/\/medicina.udd.cl\/comite-integridad-academica\/wp-json\/wp\/v2\/pages\/15","targetHints":{"allow":["GET"]}}],"collection":[{"href":"https:\/\/medicina.udd.cl\/comite-integridad-academica\/wp-json\/wp\/v2\/pages"}],"about":[{"href":"https:\/\/medicina.udd.cl\/comite-integridad-academica\/wp-json\/wp\/v2\/types\/page"}],"author":[{"embeddable":true,"href":"https:\/\/medicina.udd.cl\/comite-integridad-academica\/wp-json\/wp\/v2\/users\/9192217"}],"replies":[{"embeddable":true,"href":"https:\/\/medicina.udd.cl\/comite-integridad-academica\/wp-json\/wp\/v2\/comments?post=15"}],"version-history":[{"count":10,"href":"https:\/\/medicina.udd.cl\/comite-integridad-academica\/wp-json\/wp\/v2\/pages\/15\/revisions"}],"predecessor-version":[{"id":105,"href":"https:\/\/medicina.udd.cl\/comite-integridad-academica\/wp-json\/wp\/v2\/pages\/15\/revisions\/105"}],"wp:attachment":[{"href":"https:\/\/medicina.udd.cl\/comite-integridad-academica\/wp-json\/wp\/v2\/media?parent=15"}],"curies":[{"name":"wp","href":"https:\/\/api.w.org\/{rel}","templated":true}]}}