{"id":27,"date":"2025-03-12T11:21:03","date_gmt":"2025-03-12T14:21:03","guid":{"rendered":"https:\/\/medicina.udd.cl\/comite-integridad-academica\/?page_id=27"},"modified":"2025-04-08T16:14:37","modified_gmt":"2025-04-08T20:14:37","slug":"funciones","status":"publish","type":"page","link":"https:\/\/medicina.udd.cl\/comite-integridad-academica\/funciones\/","title":{"rendered":"Funciones"},"content":{"rendered":"<!-- WP Block: UDD - Cards Alternate -->\n<section class=\"wp-block-udd-cards udd-cards-v2--1 \"\n\t\tstyle=\"--udd-blocks-has-columns-number: 4;\"\n\t>\n\t<div class=\"container\">\n\t\t\t\t\t\t\t\t\t<div class=\"block__content\">\n\t\t\t<div\n\t\t\t\t\t\t\t\tclass=\"cards cards-v2  cards--listed\"\n\t\t\t>\n\t\t\t\t\t\t\t\t\t\t\t\t<div class=\"card-wrapper\">\n\t\t\t\t\t\t<div class=\"card\">\n\t\t\t\t\t\t\t\t\t\t\t\t\t\t<h3 class=\"card__title\"><\/h3>\n\t\t\t\t\t\t\t\t\t\t\t\t\t\t<div\n\t\t\t\t\t\t\t\tid=\"see-more__udd-cards-v2--1-0\"\n\t\t\t\t\t\t\t\tclass=\"card__description  card__description--trimmed\"\n\t\t\t\t\t\t\t>\n\t\t\t\t\t\t\t\t<div\n\t\t\t\t\t\t\t\t\tclass=\"card__description-text\"\n\t\t\t\t\t\t\t\t\t\t\t\t\t\t\t\t\t\tstyle=\"--udd-blocks--cards-v2--show-lines: 4\"\n\t\t\t\t\t\t\t\t\t\t\t\t\t\t\t\t\t>\n\t\t\t\t\t\t\t\t\t<p>Ayudar en el an\u00e1lisis de casos que incluyen una falta val\u00f3rica en el desarrollo moral del estudiante para su futuro desarrollo profesional.<\/p>\n\t\t\t\t\t\t\t\t<\/div>\n\t\t\t\t\t\t\t\t\t\t\t\t\t\t\t\t\t<a class=\"card__see-more-toggle\" href=\"#see-more__udd-cards-v2--1-0\">\n\t\t\t\t\t\t\t\t\t\tVer m\u00e1s\t\t\t\t\t\t\t\t\t<\/a>\n\t\t\t\t\t\t\t\t\t\t\t\t\t\t\t<\/div>\n\t\t\t\t\t\t\t\t\t\t\t\t\t<\/div>\n\t\t\t\t\t<\/div>\n\t\t\t\t\t\t\t\t\t\t\t\t\t\t\t\t<div class=\"card-wrapper\">\n\t\t\t\t\t\t<div class=\"card\">\n\t\t\t\t\t\t\t\t\t\t\t\t\t\t<h3 class=\"card__title\"><\/h3>\n\t\t\t\t\t\t\t\t\t\t\t\t\t\t<div\n\t\t\t\t\t\t\t\tid=\"see-more__udd-cards-v2--1-1\"\n\t\t\t\t\t\t\t\tclass=\"card__description  card__description--trimmed\"\n\t\t\t\t\t\t\t>\n\t\t\t\t\t\t\t\t<div\n\t\t\t\t\t\t\t\t\tclass=\"card__description-text\"\n\t\t\t\t\t\t\t\t\t\t\t\t\t\t\t\t\t\tstyle=\"--udd-blocks--cards-v2--show-lines: 4\"\n\t\t\t\t\t\t\t\t\t\t\t\t\t\t\t\t\t>\n\t\t\t\t\t\t\t\t\t<p>Proponer a la Decanatura, protocolos y sugerencias en la elaboraci\u00f3n de directrices y pol\u00edticas de car\u00e1cter institucional preventivo, para el apoyo del estudiante a la hora de tomar decisiones de car\u00e1cter val\u00f3rico en su desempe\u00f1o acad\u00e9mico.<\/p>\n\t\t\t\t\t\t\t\t<\/div>\n\t\t\t\t\t\t\t\t\t\t\t\t\t\t\t\t\t<a class=\"card__see-more-toggle\" href=\"#see-more__udd-cards-v2--1-1\">\n\t\t\t\t\t\t\t\t\t\tVer m\u00e1s\t\t\t\t\t\t\t\t\t<\/a>\n\t\t\t\t\t\t\t\t\t\t\t\t\t\t\t<\/div>\n\t\t\t\t\t\t\t\t\t\t\t\t\t<\/div>\n\t\t\t\t\t<\/div>\n\t\t\t\t\t\t\t\t\t\t\t\t\t\t\t\t<div class=\"card-wrapper\">\n\t\t\t\t\t\t<div class=\"card\">\n\t\t\t\t\t\t\t\t\t\t\t\t\t\t<h3 class=\"card__title\"><\/h3>\n\t\t\t\t\t\t\t\t\t\t\t\t\t\t<div\n\t\t\t\t\t\t\t\tid=\"see-more__udd-cards-v2--1-2\"\n\t\t\t\t\t\t\t\tclass=\"card__description  card__description--trimmed\"\n\t\t\t\t\t\t\t>\n\t\t\t\t\t\t\t\t<div\n\t\t\t\t\t\t\t\t\tclass=\"card__description-text\"\n\t\t\t\t\t\t\t\t\t\t\t\t\t\t\t\t\t\tstyle=\"--udd-blocks--cards-v2--show-lines: 4\"\n\t\t\t\t\t\t\t\t\t\t\t\t\t\t\t\t\t>\n\t\t\t\t\t\t\t\t\t<p>Organizar actividades de educaci\u00f3n que promuevan la pr\u00e1ctica de valores en la comunidad universitaria.<\/p>\n\t\t\t\t\t\t\t\t<\/div>\n\t\t\t\t\t\t\t\t\t\t\t\t\t\t\t\t\t<a class=\"card__see-more-toggle\" href=\"#see-more__udd-cards-v2--1-2\">\n\t\t\t\t\t\t\t\t\t\tVer m\u00e1s\t\t\t\t\t\t\t\t\t<\/a>\n\t\t\t\t\t\t\t\t\t\t\t\t\t\t\t<\/div>\n\t\t\t\t\t\t\t\t\t\t\t\t\t<\/div>\n\t\t\t\t\t<\/div>\n\t\t\t\t\t\t\t\t\t\t\t\t\t\t\t\t<div class=\"card-wrapper\">\n\t\t\t\t\t\t<div class=\"card\">\n\t\t\t\t\t\t\t\t\t\t\t\t\t\t<h3 class=\"card__title\"><\/h3>\n\t\t\t\t\t\t\t\t\t\t\t\t\t\t<div\n\t\t\t\t\t\t\t\tid=\"see-more__udd-cards-v2--1-3\"\n\t\t\t\t\t\t\t\tclass=\"card__description  card__description--trimmed\"\n\t\t\t\t\t\t\t>\n\t\t\t\t\t\t\t\t<div\n\t\t\t\t\t\t\t\t\tclass=\"card__description-text\"\n\t\t\t\t\t\t\t\t\t\t\t\t\t\t\t\t\t\tstyle=\"--udd-blocks--cards-v2--show-lines: 4\"\n\t\t\t\t\t\t\t\t\t\t\t\t\t\t\t\t\t>\n\t\t\t\t\t\t\t\t\t<p>Impulsar la deliberaci\u00f3n en situaciones que necesiten discusi\u00f3n y reflexi\u00f3n para dar soluciones efectivas que apoyen al estudiante en su desempe\u00f1o acad\u00e9mico y profesional.<\/p>\n\t\t\t\t\t\t\t\t<\/div>\n\t\t\t\t\t\t\t\t\t\t\t\t\t\t\t\t\t<a class=\"card__see-more-toggle\" href=\"#see-more__udd-cards-v2--1-3\">\n\t\t\t\t\t\t\t\t\t\tVer m\u00e1s\t\t\t\t\t\t\t\t\t<\/a>\n\t\t\t\t\t\t\t\t\t\t\t\t\t\t\t<\/div>\n\t\t\t\t\t\t\t\t\t\t\t\t\t<\/div>\n\t\t\t\t\t<\/div>\n\t\t\t\t\t\t\t\t\t\t<\/div>\n\t\t<\/div>\n\t<\/div>\n<\/section>\n","protected":false},"excerpt":{"rendered":"","protected":false},"author":9192217,"featured_media":0,"parent":0,"menu_order":0,"comment_status":"closed","ping_status":"closed","template":"","meta":{"footnotes":""},"class_list":["post-27","page","type-page","status-publish","hentry"],"yoast_head":"<!-- This site is optimized with the Yoast SEO plugin v26.9 - https:\/\/yoast.com\/product\/yoast-seo-wordpress\/ -->\n<title>Funciones - Comit\u00e9 de Integridad Acad\u00e9mica<\/title>\n<meta name=\"robots\" content=\"index, follow, max-snippet:-1, max-image-preview:large, max-video-preview:-1\" \/>\n<link rel=\"canonical\" href=\"https:\/\/medicina.udd.cl\/comite-integridad-academica\/funciones\/\" \/>\n<meta property=\"og:locale\" content=\"es_ES\" \/>\n<meta property=\"og:type\" content=\"article\" \/>\n<meta property=\"og:title\" content=\"Funciones - Comit\u00e9 de Integridad Acad\u00e9mica\" \/>\n<meta property=\"og:url\" content=\"https:\/\/medicina.udd.cl\/comite-integridad-academica\/funciones\/\" \/>\n<meta property=\"og:site_name\" content=\"Comit\u00e9 de Integridad Acad\u00e9mica\" \/>\n<meta property=\"article:modified_time\" content=\"2025-04-08T20:14:37+00:00\" \/>\n<meta name=\"twitter:card\" content=\"summary_large_image\" \/>\n<script type=\"application\/ld+json\" class=\"yoast-schema-graph\">{\"@context\":\"https:\/\/schema.org\",\"@graph\":[{\"@type\":\"WebPage\",\"@id\":\"https:\/\/medicina.udd.cl\/comite-integridad-academica\/funciones\/\",\"url\":\"https:\/\/medicina.udd.cl\/comite-integridad-academica\/funciones\/\",\"name\":\"Funciones - Comit\u00e9 de Integridad Acad\u00e9mica\",\"isPartOf\":{\"@id\":\"https:\/\/medicina.udd.cl\/comite-integridad-academica\/#website\"},\"datePublished\":\"2025-03-12T14:21:03+00:00\",\"dateModified\":\"2025-04-08T20:14:37+00:00\",\"breadcrumb\":{\"@id\":\"https:\/\/medicina.udd.cl\/comite-integridad-academica\/funciones\/#breadcrumb\"},\"inLanguage\":\"es\",\"potentialAction\":[{\"@type\":\"ReadAction\",\"target\":[\"https:\/\/medicina.udd.cl\/comite-integridad-academica\/funciones\/\"]}]},{\"@type\":\"BreadcrumbList\",\"@id\":\"https:\/\/medicina.udd.cl\/comite-integridad-academica\/funciones\/#breadcrumb\",\"itemListElement\":[{\"@type\":\"ListItem\",\"position\":1,\"name\":\"Portada\",\"item\":\"https:\/\/medicina.udd.cl\/comite-integridad-academica\/\"},{\"@type\":\"ListItem\",\"position\":2,\"name\":\"Funciones\"}]},{\"@type\":\"WebSite\",\"@id\":\"https:\/\/medicina.udd.cl\/comite-integridad-academica\/#website\",\"url\":\"https:\/\/medicina.udd.cl\/comite-integridad-academica\/\",\"name\":\"Comit\u00e9 de Integridad Acad\u00e9mica\",\"description\":\"\",\"inLanguage\":\"es\"}]}<\/script>\n<!-- \/ Yoast SEO plugin. -->","yoast_head_json":{"title":"Funciones - Comit\u00e9 de Integridad Acad\u00e9mica","robots":{"index":"index","follow":"follow","max-snippet":"max-snippet:-1","max-image-preview":"max-image-preview:large","max-video-preview":"max-video-preview:-1"},"canonical":"https:\/\/medicina.udd.cl\/comite-integridad-academica\/funciones\/","og_locale":"es_ES","og_type":"article","og_title":"Funciones - Comit\u00e9 de Integridad Acad\u00e9mica","og_url":"https:\/\/medicina.udd.cl\/comite-integridad-academica\/funciones\/","og_site_name":"Comit\u00e9 de Integridad Acad\u00e9mica","article_modified_time":"2025-04-08T20:14:37+00:00","twitter_card":"summary_large_image","schema":{"@context":"https:\/\/schema.org","@graph":[{"@type":"WebPage","@id":"https:\/\/medicina.udd.cl\/comite-integridad-academica\/funciones\/","url":"https:\/\/medicina.udd.cl\/comite-integridad-academica\/funciones\/","name":"Funciones - Comit\u00e9 de Integridad Acad\u00e9mica","isPartOf":{"@id":"https:\/\/medicina.udd.cl\/comite-integridad-academica\/#website"},"datePublished":"2025-03-12T14:21:03+00:00","dateModified":"2025-04-08T20:14:37+00:00","breadcrumb":{"@id":"https:\/\/medicina.udd.cl\/comite-integridad-academica\/funciones\/#breadcrumb"},"inLanguage":"es","potentialAction":[{"@type":"ReadAction","target":["https:\/\/medicina.udd.cl\/comite-integridad-academica\/funciones\/"]}]},{"@type":"BreadcrumbList","@id":"https:\/\/medicina.udd.cl\/comite-integridad-academica\/funciones\/#breadcrumb","itemListElement":[{"@type":"ListItem","position":1,"name":"Portada","item":"https:\/\/medicina.udd.cl\/comite-integridad-academica\/"},{"@type":"ListItem","position":2,"name":"Funciones"}]},{"@type":"WebSite","@id":"https:\/\/medicina.udd.cl\/comite-integridad-academica\/#website","url":"https:\/\/medicina.udd.cl\/comite-integridad-academica\/","name":"Comit\u00e9 de Integridad Acad\u00e9mica","description":"","inLanguage":"es"}]}},"_links":{"self":[{"href":"https:\/\/medicina.udd.cl\/comite-integridad-academica\/wp-json\/wp\/v2\/pages\/27","targetHints":{"allow":["GET"]}}],"collection":[{"href":"https:\/\/medicina.udd.cl\/comite-integridad-academica\/wp-json\/wp\/v2\/pages"}],"about":[{"href":"https:\/\/medicina.udd.cl\/comite-integridad-academica\/wp-json\/wp\/v2\/types\/page"}],"author":[{"embeddable":true,"href":"https:\/\/medicina.udd.cl\/comite-integridad-academica\/wp-json\/wp\/v2\/users\/9192217"}],"replies":[{"embeddable":true,"href":"https:\/\/medicina.udd.cl\/comite-integridad-academica\/wp-json\/wp\/v2\/comments?post=27"}],"version-history":[{"count":3,"href":"https:\/\/medicina.udd.cl\/comite-integridad-academica\/wp-json\/wp\/v2\/pages\/27\/revisions"}],"predecessor-version":[{"id":100,"href":"https:\/\/medicina.udd.cl\/comite-integridad-academica\/wp-json\/wp\/v2\/pages\/27\/revisions\/100"}],"wp:attachment":[{"href":"https:\/\/medicina.udd.cl\/comite-integridad-academica\/wp-json\/wp\/v2\/media?parent=27"}],"curies":[{"name":"wp","href":"https:\/\/api.w.org\/{rel}","templated":true}]}}