{"id":25,"date":"2012-02-02T15:05:13","date_gmt":"2012-02-02T18:05:13","guid":{"rendered":"http:\/\/medicina.udd.cl\/comites-regulatorios-investigacion\/"},"modified":"2012-02-02T15:16:03","modified_gmt":"2012-02-02T18:16:03","slug":"vision-y-mision","status":"publish","type":"page","link":"https:\/\/medicina.udd.cl\/comites-regulatorios-investigacion\/comite-bioseguridad\/vision-y-mision\/","title":{"rendered":"Visi\u00f3n y Misi\u00f3n"},"content":{"rendered":"<p style=\"text-align: justify;\"><strong><a href=\"http:\/\/medicina.udd.cl\/comites-regulatorios-investigacion\/files\/2012\/02\/bioseguridad-006.jpg\" class=\"thickbox\"><img loading=\"lazy\" decoding=\"async\" class=\"alignright size-medium wp-image-41\" title=\"bioseguridad 006\" src=\"http:\/\/medicina.udd.cl\/comites-regulatorios-investigacion\/files\/2012\/02\/bioseguridad-006-300x225.jpg\" alt=\"\" width=\"300\" height=\"225\" srcset=\"https:\/\/medicina.udd.cl\/comites-regulatorios-investigacion\/files\/2012\/02\/bioseguridad-006-300x225.jpg 300w, https:\/\/medicina.udd.cl\/comites-regulatorios-investigacion\/files\/2012\/02\/bioseguridad-006-768x576.jpg 768w, https:\/\/medicina.udd.cl\/comites-regulatorios-investigacion\/files\/2012\/02\/bioseguridad-006-1024x768.jpg 1024w\" sizes=\"auto, (max-width: 300px) 100vw, 300px\" \/><\/a>VISI\u00d3N:<\/strong><\/p>\n<p style=\"text-align: justify;\">Nuestra visi\u00f3n es incorporar la bioseguridad como un procedimiento natural y cotidiano, en el desarrollo de todo trabajo cient\u00edfico y docente, acorde con est\u00e1ndares universales que nos permita velar por la seguridad de nuestra comunidad universitaria y medio ambiente que nos rodea.<\/p>\n<p style=\"text-align: justify;\"><strong>MISI\u00d3N: <\/strong><\/p>\n<p style=\"text-align: justify;\">La misi\u00f3n es constituirse como un Comit\u00e9 que velar\u00e1 por la bioseguridad de la Facultad de Medicina CAS UDD, mediante la creaci\u00f3n de programas de vigilancia, apoyo y capacitaci\u00f3n acorde \u00a0a \u00a0las necesidades de la comunidad cient\u00edfica universitaria, y seg\u00fan normas nacionales e internacionales relacionadas con el tema.<\/p>\n<p style=\"text-align: justify;\">De esta manera, se fomentar\u00e1 la implementaci\u00f3n de las buenas pr\u00e1cticas en los laboratorios, asesorando los procedimientos que representen un riesgo para la salud de nuestra comunidad, como por ejemplo; manejo de residuos especiales, residuos peligrosos, trabajos con pat\u00f3genos, protecci\u00f3n del personal, entre otros.<\/p>\n","protected":false},"excerpt":{"rendered":"<p>Conoce la visi\u00f3n y misi\u00f3n del Comit\u00e9 Institucional de Bioseguridad (CIB) de la Facultad de Medicina Cl\u00ednica Alemana Universidad del Desarrollo.<\/p>\n","protected":false},"author":9192219,"featured_media":0,"parent":3,"menu_order":1,"comment_status":"open","ping_status":"open","template":"wide-default.php","meta":{"footnotes":""},"class_list":["post-25","page","type-page","status-publish","hentry"],"yoast_head":"<!-- This site is optimized with the Yoast SEO plugin v26.9 - https:\/\/yoast.com\/product\/yoast-seo-wordpress\/ -->\n<title>Visi\u00f3n y Misi\u00f3n - Comit\u00e9s Regulatorios de Investigaci\u00f3n<\/title>\n<meta name=\"robots\" content=\"index, follow, max-snippet:-1, max-image-preview:large, max-video-preview:-1\" \/>\n<link rel=\"canonical\" href=\"https:\/\/medicina.udd.cl\/comites-regulatorios-investigacion\/comite-bioseguridad\/vision-y-mision\/\" \/>\n<meta property=\"og:locale\" content=\"es_ES\" \/>\n<meta property=\"og:type\" content=\"article\" \/>\n<meta property=\"og:title\" content=\"Visi\u00f3n y Misi\u00f3n - Comit\u00e9s Regulatorios de Investigaci\u00f3n\" \/>\n<meta property=\"og:description\" content=\"Conoce la visi\u00f3n y misi\u00f3n del Comit\u00e9 Institucional de Bioseguridad (CIB) de la Facultad de Medicina Cl\u00ednica Alemana Universidad del Desarrollo.\" \/>\n<meta property=\"og:url\" content=\"https:\/\/medicina.udd.cl\/comites-regulatorios-investigacion\/comite-bioseguridad\/vision-y-mision\/\" \/>\n<meta property=\"og:site_name\" content=\"Comit\u00e9s Regulatorios de Investigaci\u00f3n\" \/>\n<meta property=\"article:modified_time\" content=\"2012-02-02T18:16:03+00:00\" \/>\n<meta property=\"og:image\" content=\"http:\/\/medicina.udd.cl\/comites-regulatorios-investigacion\/files\/2012\/02\/bioseguridad-006-300x225.jpg\" \/>\n<meta name=\"twitter:label1\" content=\"Tiempo de lectura\" \/>\n\t<meta name=\"twitter:data1\" content=\"1 minuto\" \/>\n<script type=\"application\/ld+json\" class=\"yoast-schema-graph\">{\"@context\":\"https:\/\/schema.org\",\"@graph\":[{\"@type\":\"WebPage\",\"@id\":\"https:\/\/medicina.udd.cl\/comites-regulatorios-investigacion\/comite-bioseguridad\/vision-y-mision\/\",\"url\":\"https:\/\/medicina.udd.cl\/comites-regulatorios-investigacion\/comite-bioseguridad\/vision-y-mision\/\",\"name\":\"Visi\u00f3n y Misi\u00f3n - Comit\u00e9s Regulatorios de Investigaci\u00f3n\",\"isPartOf\":{\"@id\":\"https:\/\/medicina.udd.cl\/comites-regulatorios-investigacion\/#website\"},\"primaryImageOfPage\":{\"@id\":\"https:\/\/medicina.udd.cl\/comites-regulatorios-investigacion\/comite-bioseguridad\/vision-y-mision\/#primaryimage\"},\"image\":{\"@id\":\"https:\/\/medicina.udd.cl\/comites-regulatorios-investigacion\/comite-bioseguridad\/vision-y-mision\/#primaryimage\"},\"thumbnailUrl\":\"http:\/\/medicina.udd.cl\/comites-regulatorios-investigacion\/files\/2012\/02\/bioseguridad-006-300x225.jpg\",\"datePublished\":\"2012-02-02T18:05:13+00:00\",\"dateModified\":\"2012-02-02T18:16:03+00:00\",\"breadcrumb\":{\"@id\":\"https:\/\/medicina.udd.cl\/comites-regulatorios-investigacion\/comite-bioseguridad\/vision-y-mision\/#breadcrumb\"},\"inLanguage\":\"es\",\"potentialAction\":[{\"@type\":\"ReadAction\",\"target\":[\"https:\/\/medicina.udd.cl\/comites-regulatorios-investigacion\/comite-bioseguridad\/vision-y-mision\/\"]}]},{\"@type\":\"ImageObject\",\"inLanguage\":\"es\",\"@id\":\"https:\/\/medicina.udd.cl\/comites-regulatorios-investigacion\/comite-bioseguridad\/vision-y-mision\/#primaryimage\",\"url\":\"http:\/\/medicina.udd.cl\/comites-regulatorios-investigacion\/files\/2012\/02\/bioseguridad-006-300x225.jpg\",\"contentUrl\":\"http:\/\/medicina.udd.cl\/comites-regulatorios-investigacion\/files\/2012\/02\/bioseguridad-006-300x225.jpg\"},{\"@type\":\"BreadcrumbList\",\"@id\":\"https:\/\/medicina.udd.cl\/comites-regulatorios-investigacion\/comite-bioseguridad\/vision-y-mision\/#breadcrumb\",\"itemListElement\":[{\"@type\":\"ListItem\",\"position\":1,\"name\":\"Home\",\"item\":\"https:\/\/medicina.udd.cl\/comites-regulatorios-investigacion\/\"},{\"@type\":\"ListItem\",\"position\":2,\"name\":\"Bioseguridad\",\"item\":\"https:\/\/medicina.udd.cl\/comites-regulatorios-investigacion\/comite-bioseguridad\/\"},{\"@type\":\"ListItem\",\"position\":3,\"name\":\"Visi\u00f3n y Misi\u00f3n\"}]},{\"@type\":\"WebSite\",\"@id\":\"https:\/\/medicina.udd.cl\/comites-regulatorios-investigacion\/#website\",\"url\":\"https:\/\/medicina.udd.cl\/comites-regulatorios-investigacion\/\",\"name\":\"Comit\u00e9s Regulatorios de Investigaci\u00f3n\",\"description\":\"Just another Medicina site\",\"potentialAction\":[{\"@type\":\"SearchAction\",\"target\":{\"@type\":\"EntryPoint\",\"urlTemplate\":\"https:\/\/medicina.udd.cl\/comites-regulatorios-investigacion\/?s={search_term_string}\"},\"query-input\":{\"@type\":\"PropertyValueSpecification\",\"valueRequired\":true,\"valueName\":\"search_term_string\"}}],\"inLanguage\":\"es\"}]}<\/script>\n<!-- \/ Yoast SEO plugin. -->","yoast_head_json":{"title":"Visi\u00f3n y Misi\u00f3n - Comit\u00e9s Regulatorios de Investigaci\u00f3n","robots":{"index":"index","follow":"follow","max-snippet":"max-snippet:-1","max-image-preview":"max-image-preview:large","max-video-preview":"max-video-preview:-1"},"canonical":"https:\/\/medicina.udd.cl\/comites-regulatorios-investigacion\/comite-bioseguridad\/vision-y-mision\/","og_locale":"es_ES","og_type":"article","og_title":"Visi\u00f3n y Misi\u00f3n - Comit\u00e9s Regulatorios de Investigaci\u00f3n","og_description":"Conoce la visi\u00f3n y misi\u00f3n del Comit\u00e9 Institucional de Bioseguridad (CIB) de la Facultad de Medicina Cl\u00ednica Alemana Universidad del Desarrollo.","og_url":"https:\/\/medicina.udd.cl\/comites-regulatorios-investigacion\/comite-bioseguridad\/vision-y-mision\/","og_site_name":"Comit\u00e9s Regulatorios de Investigaci\u00f3n","article_modified_time":"2012-02-02T18:16:03+00:00","og_image":[{"url":"http:\/\/medicina.udd.cl\/comites-regulatorios-investigacion\/files\/2012\/02\/bioseguridad-006-300x225.jpg","type":"","width":"","height":""}],"twitter_misc":{"Tiempo de lectura":"1 minuto"},"schema":{"@context":"https:\/\/schema.org","@graph":[{"@type":"WebPage","@id":"https:\/\/medicina.udd.cl\/comites-regulatorios-investigacion\/comite-bioseguridad\/vision-y-mision\/","url":"https:\/\/medicina.udd.cl\/comites-regulatorios-investigacion\/comite-bioseguridad\/vision-y-mision\/","name":"Visi\u00f3n y Misi\u00f3n - Comit\u00e9s Regulatorios de Investigaci\u00f3n","isPartOf":{"@id":"https:\/\/medicina.udd.cl\/comites-regulatorios-investigacion\/#website"},"primaryImageOfPage":{"@id":"https:\/\/medicina.udd.cl\/comites-regulatorios-investigacion\/comite-bioseguridad\/vision-y-mision\/#primaryimage"},"image":{"@id":"https:\/\/medicina.udd.cl\/comites-regulatorios-investigacion\/comite-bioseguridad\/vision-y-mision\/#primaryimage"},"thumbnailUrl":"http:\/\/medicina.udd.cl\/comites-regulatorios-investigacion\/files\/2012\/02\/bioseguridad-006-300x225.jpg","datePublished":"2012-02-02T18:05:13+00:00","dateModified":"2012-02-02T18:16:03+00:00","breadcrumb":{"@id":"https:\/\/medicina.udd.cl\/comites-regulatorios-investigacion\/comite-bioseguridad\/vision-y-mision\/#breadcrumb"},"inLanguage":"es","potentialAction":[{"@type":"ReadAction","target":["https:\/\/medicina.udd.cl\/comites-regulatorios-investigacion\/comite-bioseguridad\/vision-y-mision\/"]}]},{"@type":"ImageObject","inLanguage":"es","@id":"https:\/\/medicina.udd.cl\/comites-regulatorios-investigacion\/comite-bioseguridad\/vision-y-mision\/#primaryimage","url":"http:\/\/medicina.udd.cl\/comites-regulatorios-investigacion\/files\/2012\/02\/bioseguridad-006-300x225.jpg","contentUrl":"http:\/\/medicina.udd.cl\/comites-regulatorios-investigacion\/files\/2012\/02\/bioseguridad-006-300x225.jpg"},{"@type":"BreadcrumbList","@id":"https:\/\/medicina.udd.cl\/comites-regulatorios-investigacion\/comite-bioseguridad\/vision-y-mision\/#breadcrumb","itemListElement":[{"@type":"ListItem","position":1,"name":"Home","item":"https:\/\/medicina.udd.cl\/comites-regulatorios-investigacion\/"},{"@type":"ListItem","position":2,"name":"Bioseguridad","item":"https:\/\/medicina.udd.cl\/comites-regulatorios-investigacion\/comite-bioseguridad\/"},{"@type":"ListItem","position":3,"name":"Visi\u00f3n y Misi\u00f3n"}]},{"@type":"WebSite","@id":"https:\/\/medicina.udd.cl\/comites-regulatorios-investigacion\/#website","url":"https:\/\/medicina.udd.cl\/comites-regulatorios-investigacion\/","name":"Comit\u00e9s Regulatorios de Investigaci\u00f3n","description":"Just another Medicina site","potentialAction":[{"@type":"SearchAction","target":{"@type":"EntryPoint","urlTemplate":"https:\/\/medicina.udd.cl\/comites-regulatorios-investigacion\/?s={search_term_string}"},"query-input":{"@type":"PropertyValueSpecification","valueRequired":true,"valueName":"search_term_string"}}],"inLanguage":"es"}]}},"_links":{"self":[{"href":"https:\/\/medicina.udd.cl\/comites-regulatorios-investigacion\/wp-json\/wp\/v2\/pages\/25","targetHints":{"allow":["GET"]}}],"collection":[{"href":"https:\/\/medicina.udd.cl\/comites-regulatorios-investigacion\/wp-json\/wp\/v2\/pages"}],"about":[{"href":"https:\/\/medicina.udd.cl\/comites-regulatorios-investigacion\/wp-json\/wp\/v2\/types\/page"}],"author":[{"embeddable":true,"href":"https:\/\/medicina.udd.cl\/comites-regulatorios-investigacion\/wp-json\/wp\/v2\/users\/9192219"}],"replies":[{"embeddable":true,"href":"https:\/\/medicina.udd.cl\/comites-regulatorios-investigacion\/wp-json\/wp\/v2\/comments?post=25"}],"version-history":[{"count":4,"href":"https:\/\/medicina.udd.cl\/comites-regulatorios-investigacion\/wp-json\/wp\/v2\/pages\/25\/revisions"}],"predecessor-version":[{"id":43,"href":"https:\/\/medicina.udd.cl\/comites-regulatorios-investigacion\/wp-json\/wp\/v2\/pages\/25\/revisions\/43"}],"up":[{"embeddable":true,"href":"https:\/\/medicina.udd.cl\/comites-regulatorios-investigacion\/wp-json\/wp\/v2\/pages\/3"}],"wp:attachment":[{"href":"https:\/\/medicina.udd.cl\/comites-regulatorios-investigacion\/wp-json\/wp\/v2\/media?parent=25"}],"curies":[{"name":"wp","href":"https:\/\/api.w.org\/{rel}","templated":true}]}}