{"id":31,"date":"2012-02-02T15:08:31","date_gmt":"2012-02-02T18:08:31","guid":{"rendered":"http:\/\/medicina.udd.cl\/comites-regulatorios-investigacion\/"},"modified":"2012-02-02T15:56:26","modified_gmt":"2012-02-02T18:56:26","slug":"objetivos-especificos","status":"publish","type":"page","link":"https:\/\/medicina.udd.cl\/comites-regulatorios-investigacion\/comite-bioseguridad\/objetivos-especificos\/","title":{"rendered":"Objetivos espec\u00edficos"},"content":{"rendered":"<p style=\"text-align: justify;\"><strong>Educaci\u00f3n:<\/strong><\/p>\n<ul style=\"text-align: justify;\">\n<li>Otorgar asesoramiento t\u00e9cnico en Bioseguridad<\/li>\n<li>Dise\u00f1ar programas de capacitaci\u00f3n en Bioseguridad<\/li>\n<li style=\"text-align: justify;\">Fomentar las buenas pr\u00e1cticas de laboratorio<\/li>\n<\/ul>\n<p><strong>Procedimientos:<\/strong><strong><\/strong><\/p>\n<ul>\n<li>Determinar las condiciones actuales en la que se realizan los procedimientos en los diferentes Centros de Investigaci\u00f3n, mediante una pauta de observaci\u00f3n.<\/li>\n<li>Dise\u00f1ar e implementar\u00a0 normas generales de\u00a0 bioseguridad, por medio de Procedimientos Operativos Est\u00e1ndar (SOP).<\/li>\n<li>Elaborar y actualizar un Manual de Bioseguridad Institucional.<\/li>\n<\/ul>\n<p><strong>Certificaci\u00f3n:<\/strong><strong><\/strong><\/p>\n<ul>\n<li>Certificar proyectos de investigaci\u00f3n en su \u00e1mbito de competencia <strong><\/strong><\/li>\n<\/ul>\n<p><strong>Prevenci\u00f3n de riesgos biol\u00f3gicos<\/strong><strong><\/strong><\/p>\n<ul>\n<li>Velar por la seguridad del personal por medio de programas de prevenci\u00f3n y vacunaci\u00f3n.<\/li>\n<li>Vigilar el cumplimiento de las normas establecidas en el Manual de Bioseguridad Institucional.<\/li>\n<\/ul>\n","protected":false},"excerpt":{"rendered":"<p>Objetivos espec\u00edficos a desarrollar en las diferentes \u00e1reas.<\/p>\n","protected":false},"author":1,"featured_media":0,"parent":3,"menu_order":2,"comment_status":"open","ping_status":"closed","template":"wide-default.php","meta":{"footnotes":""},"class_list":["post-31","page","type-page","status-publish","hentry"],"yoast_head":"<!-- This site is optimized with the Yoast SEO plugin v26.9 - https:\/\/yoast.com\/product\/yoast-seo-wordpress\/ -->\n<title>Objetivos espec\u00edficos - Comit\u00e9s Regulatorios de Investigaci\u00f3n<\/title>\n<meta name=\"robots\" content=\"index, follow, max-snippet:-1, max-image-preview:large, max-video-preview:-1\" \/>\n<link rel=\"canonical\" href=\"https:\/\/medicina.udd.cl\/comites-regulatorios-investigacion\/comite-bioseguridad\/objetivos-especificos\/\" \/>\n<meta property=\"og:locale\" content=\"es_ES\" \/>\n<meta property=\"og:type\" content=\"article\" \/>\n<meta property=\"og:title\" content=\"Objetivos espec\u00edficos - Comit\u00e9s Regulatorios de Investigaci\u00f3n\" \/>\n<meta property=\"og:description\" content=\"Objetivos espec\u00edficos a desarrollar en las diferentes \u00e1reas.\" \/>\n<meta property=\"og:url\" content=\"https:\/\/medicina.udd.cl\/comites-regulatorios-investigacion\/comite-bioseguridad\/objetivos-especificos\/\" \/>\n<meta property=\"og:site_name\" content=\"Comit\u00e9s Regulatorios de Investigaci\u00f3n\" \/>\n<meta property=\"article:modified_time\" content=\"2012-02-02T18:56:26+00:00\" \/>\n<meta name=\"twitter:label1\" content=\"Tiempo de lectura\" \/>\n\t<meta name=\"twitter:data1\" content=\"1 minuto\" \/>\n<script type=\"application\/ld+json\" class=\"yoast-schema-graph\">{\"@context\":\"https:\/\/schema.org\",\"@graph\":[{\"@type\":\"WebPage\",\"@id\":\"https:\/\/medicina.udd.cl\/comites-regulatorios-investigacion\/comite-bioseguridad\/objetivos-especificos\/\",\"url\":\"https:\/\/medicina.udd.cl\/comites-regulatorios-investigacion\/comite-bioseguridad\/objetivos-especificos\/\",\"name\":\"Objetivos espec\u00edficos - Comit\u00e9s Regulatorios de Investigaci\u00f3n\",\"isPartOf\":{\"@id\":\"https:\/\/medicina.udd.cl\/comites-regulatorios-investigacion\/#website\"},\"datePublished\":\"2012-02-02T18:08:31+00:00\",\"dateModified\":\"2012-02-02T18:56:26+00:00\",\"breadcrumb\":{\"@id\":\"https:\/\/medicina.udd.cl\/comites-regulatorios-investigacion\/comite-bioseguridad\/objetivos-especificos\/#breadcrumb\"},\"inLanguage\":\"es\",\"potentialAction\":[{\"@type\":\"ReadAction\",\"target\":[\"https:\/\/medicina.udd.cl\/comites-regulatorios-investigacion\/comite-bioseguridad\/objetivos-especificos\/\"]}]},{\"@type\":\"BreadcrumbList\",\"@id\":\"https:\/\/medicina.udd.cl\/comites-regulatorios-investigacion\/comite-bioseguridad\/objetivos-especificos\/#breadcrumb\",\"itemListElement\":[{\"@type\":\"ListItem\",\"position\":1,\"name\":\"Home\",\"item\":\"https:\/\/medicina.udd.cl\/comites-regulatorios-investigacion\/\"},{\"@type\":\"ListItem\",\"position\":2,\"name\":\"Bioseguridad\",\"item\":\"https:\/\/medicina.udd.cl\/comites-regulatorios-investigacion\/comite-bioseguridad\/\"},{\"@type\":\"ListItem\",\"position\":3,\"name\":\"Objetivos espec\u00edficos\"}]},{\"@type\":\"WebSite\",\"@id\":\"https:\/\/medicina.udd.cl\/comites-regulatorios-investigacion\/#website\",\"url\":\"https:\/\/medicina.udd.cl\/comites-regulatorios-investigacion\/\",\"name\":\"Comit\u00e9s Regulatorios de Investigaci\u00f3n\",\"description\":\"Just another Medicina site\",\"potentialAction\":[{\"@type\":\"SearchAction\",\"target\":{\"@type\":\"EntryPoint\",\"urlTemplate\":\"https:\/\/medicina.udd.cl\/comites-regulatorios-investigacion\/?s={search_term_string}\"},\"query-input\":{\"@type\":\"PropertyValueSpecification\",\"valueRequired\":true,\"valueName\":\"search_term_string\"}}],\"inLanguage\":\"es\"}]}<\/script>\n<!-- \/ Yoast SEO plugin. -->","yoast_head_json":{"title":"Objetivos espec\u00edficos - Comit\u00e9s Regulatorios de Investigaci\u00f3n","robots":{"index":"index","follow":"follow","max-snippet":"max-snippet:-1","max-image-preview":"max-image-preview:large","max-video-preview":"max-video-preview:-1"},"canonical":"https:\/\/medicina.udd.cl\/comites-regulatorios-investigacion\/comite-bioseguridad\/objetivos-especificos\/","og_locale":"es_ES","og_type":"article","og_title":"Objetivos espec\u00edficos - Comit\u00e9s Regulatorios de Investigaci\u00f3n","og_description":"Objetivos espec\u00edficos a desarrollar en las diferentes \u00e1reas.","og_url":"https:\/\/medicina.udd.cl\/comites-regulatorios-investigacion\/comite-bioseguridad\/objetivos-especificos\/","og_site_name":"Comit\u00e9s Regulatorios de Investigaci\u00f3n","article_modified_time":"2012-02-02T18:56:26+00:00","twitter_misc":{"Tiempo de lectura":"1 minuto"},"schema":{"@context":"https:\/\/schema.org","@graph":[{"@type":"WebPage","@id":"https:\/\/medicina.udd.cl\/comites-regulatorios-investigacion\/comite-bioseguridad\/objetivos-especificos\/","url":"https:\/\/medicina.udd.cl\/comites-regulatorios-investigacion\/comite-bioseguridad\/objetivos-especificos\/","name":"Objetivos espec\u00edficos - Comit\u00e9s Regulatorios de Investigaci\u00f3n","isPartOf":{"@id":"https:\/\/medicina.udd.cl\/comites-regulatorios-investigacion\/#website"},"datePublished":"2012-02-02T18:08:31+00:00","dateModified":"2012-02-02T18:56:26+00:00","breadcrumb":{"@id":"https:\/\/medicina.udd.cl\/comites-regulatorios-investigacion\/comite-bioseguridad\/objetivos-especificos\/#breadcrumb"},"inLanguage":"es","potentialAction":[{"@type":"ReadAction","target":["https:\/\/medicina.udd.cl\/comites-regulatorios-investigacion\/comite-bioseguridad\/objetivos-especificos\/"]}]},{"@type":"BreadcrumbList","@id":"https:\/\/medicina.udd.cl\/comites-regulatorios-investigacion\/comite-bioseguridad\/objetivos-especificos\/#breadcrumb","itemListElement":[{"@type":"ListItem","position":1,"name":"Home","item":"https:\/\/medicina.udd.cl\/comites-regulatorios-investigacion\/"},{"@type":"ListItem","position":2,"name":"Bioseguridad","item":"https:\/\/medicina.udd.cl\/comites-regulatorios-investigacion\/comite-bioseguridad\/"},{"@type":"ListItem","position":3,"name":"Objetivos espec\u00edficos"}]},{"@type":"WebSite","@id":"https:\/\/medicina.udd.cl\/comites-regulatorios-investigacion\/#website","url":"https:\/\/medicina.udd.cl\/comites-regulatorios-investigacion\/","name":"Comit\u00e9s Regulatorios de Investigaci\u00f3n","description":"Just another Medicina site","potentialAction":[{"@type":"SearchAction","target":{"@type":"EntryPoint","urlTemplate":"https:\/\/medicina.udd.cl\/comites-regulatorios-investigacion\/?s={search_term_string}"},"query-input":{"@type":"PropertyValueSpecification","valueRequired":true,"valueName":"search_term_string"}}],"inLanguage":"es"}]}},"_links":{"self":[{"href":"https:\/\/medicina.udd.cl\/comites-regulatorios-investigacion\/wp-json\/wp\/v2\/pages\/31","targetHints":{"allow":["GET"]}}],"collection":[{"href":"https:\/\/medicina.udd.cl\/comites-regulatorios-investigacion\/wp-json\/wp\/v2\/pages"}],"about":[{"href":"https:\/\/medicina.udd.cl\/comites-regulatorios-investigacion\/wp-json\/wp\/v2\/types\/page"}],"author":[{"embeddable":true,"href":"https:\/\/medicina.udd.cl\/comites-regulatorios-investigacion\/wp-json\/wp\/v2\/users\/1"}],"replies":[{"embeddable":true,"href":"https:\/\/medicina.udd.cl\/comites-regulatorios-investigacion\/wp-json\/wp\/v2\/comments?post=31"}],"version-history":[{"count":3,"href":"https:\/\/medicina.udd.cl\/comites-regulatorios-investigacion\/wp-json\/wp\/v2\/pages\/31\/revisions"}],"predecessor-version":[{"id":55,"href":"https:\/\/medicina.udd.cl\/comites-regulatorios-investigacion\/wp-json\/wp\/v2\/pages\/31\/revisions\/55"}],"up":[{"embeddable":true,"href":"https:\/\/medicina.udd.cl\/comites-regulatorios-investigacion\/wp-json\/wp\/v2\/pages\/3"}],"wp:attachment":[{"href":"https:\/\/medicina.udd.cl\/comites-regulatorios-investigacion\/wp-json\/wp\/v2\/media?parent=31"}],"curies":[{"name":"wp","href":"https:\/\/api.w.org\/{rel}","templated":true}]}}