{"id":1498,"date":"2021-04-21T19:22:42","date_gmt":"2021-04-21T22:22:42","guid":{"rendered":"http:\/\/medicina.udd.cl\/ci3\/?page_id=1498"},"modified":"2025-07-07T09:22:30","modified_gmt":"2025-07-07T13:22:30","slug":"inicio","status":"publish","type":"page","link":"https:\/\/medicina.udd.cl\/dhtac\/","title":{"rendered":"Inicio"},"content":{"rendered":"<!-- WP Block: UDD - Access Cards -->\n<section\n\tid=\"udd-access-cards--1\"\n\tclass=\"wp-block-udd-access-cards\n\t\t\"\n\t\tstyle=\"\n\t\t--udd-blocks-has-columns-number: 2\t\t\"\n\t>\n\t<div class=\"container\">\n\t\t\t\t\t<header class=\"header__innerblock block__header\">\n\t\t\t<h2 class=\"block__title\">Proyecto Lineamientos para la Telemedicina y Telesalud en Chile<\/h2>\n\t\n\t\n\t<\/header>\n\t\t\t\t<div class=\"block__content\">\n\t\t\t<div\n\t\t\t\tclass=\"udd-access-cards\"\n\t\t\t\t\t\t\t>\n\t\t\t<div\n\tdata-index=\"2\"\n\tclass=\"udd-access-card-wrapper udd-access-card-wrapper--has-description\"\n\t>\n\t<a href=\"https:\/\/lineamientostelesalud.cl\/2020\/10\/ya-estan-publicados-los-fundamentos-para-los-lineamientos-para-la-telemedicina-y-telesalud-en-chile\/\" class=\"access-card access-card--profile\" data-url=\"https:\/\/lineamientostelesalud.cl\/2020\/10\/ya-estan-publicados-los-fundamentos-para-los-lineamientos-para-la-telemedicina-y-telesalud-en-chile\/\">\n\t\t\t\t\t\t<h3\n\t\t\tdata-index=\"2\"\n\t\t\tclass=\"access-card__title\"\n\t\t>\n\t\t\tPrimera edici\u00f3n\t\t<\/h3>\n\t\t\t\t<p class=\"access-card__description\">\n\t\t\tYa est\u00e1 disponible para descarga la Primera Edici\u00f3n de los\n\u201cFundamentos para los lineamientos para la telemedicina y telesalud en Chile\u201d R1.0\t\t<\/p>\n\t\t\t\t<div class=\"access-card__link\">\n\t\t\t<span class=\"access-card__link-text\">Conocer m\u00e1s<\/span>\n\t\t<\/div>\n\t<\/a>\n<\/div>\n<div\n\tdata-index=\"3\"\n\tclass=\"udd-access-card-wrapper udd-access-card-wrapper--has-description\"\n\t>\n\t<a href=\"https:\/\/lineamientostelesalud.cl\/2021\/01\/segunda-edicion-de-los-fundamentos-para-los-lineamientos-para-la-telemedicina-y-telesalud-en-chile\/\" class=\"access-card access-card--profile\" data-url=\"https:\/\/lineamientostelesalud.cl\/2021\/01\/segunda-edicion-de-los-fundamentos-para-los-lineamientos-para-la-telemedicina-y-telesalud-en-chile\/\">\n\t\t\t\t\t\t<h3\n\t\t\tdata-index=\"3\"\n\t\t\tclass=\"access-card__title\"\n\t\t>\n\t\t\tSegunda edici\u00f3n\t\t<\/h3>\n\t\t\t\t<p class=\"access-card__description\">\n\t\t\tYa est\u00e1 disponible para descarga la Segunda Edici\u00f3n de los\n\u201cFundamentos para los lineamientos para la telemedicina y telesalud en Chile\u201d\t\t<\/p>\n\t\t\t\t<div class=\"access-card__link\">\n\t\t\t<span class=\"access-card__link-text\">Conocer m\u00e1s<\/span>\n\t\t<\/div>\n\t<\/a>\n<\/div>\n\t\t\t<\/div>\n\t\t<\/div>\n\t<\/div>\n<\/section>\n\n\n<section class=\"wp-block-udd-text-row block--bg-gray\">\n\t<div class=\"text-row\">\n\t\t<div class=\"text-row__content\">\n\t\t\t<div class=\"text-row__content-inner text\">\n\t\t\t\t\t\t\t\t<h2>Misi\u00f3n<\/h2>\n\t\t\t\t\t\t\t\t\n<p>Fomentar la innovaci\u00f3n y la transformaci\u00f3n digital en salud mediante la formaci\u00f3n, investigaci\u00f3n, desarrollo, implementaci\u00f3n y evaluaci\u00f3n de tecnolog\u00edas dentro<br>de un marco de calidad y seguridad.<\/p>\n\t\t\t<\/div>\n\t\t<\/div>\n\t\t<div class=\"text-row__media\">\n\t\t\t<img loading=\"lazy\" decoding=\"async\" width=\"801\" height=\"534\" src=\"https:\/\/medicina.udd.cl\/dhtac\/files\/2020\/01\/0-5-800x450.jpg\" class=\"text-row__media-image lazyload\" alt=\"\" sizes=\"auto, (max-width: 801px) 100vw, 801px\" data-src=\"https:\/\/medicina.udd.cl\/dhtac\/files\/2020\/01\/0-5.jpg\" data-srcset=\"https:\/\/medicina.udd.cl\/dhtac\/files\/2020\/01\/0-5.jpg 1536w, https:\/\/medicina.udd.cl\/dhtac\/files\/2020\/01\/0-5-300x200.jpg 300w, https:\/\/medicina.udd.cl\/dhtac\/files\/2020\/01\/0-5-768x512.jpg 768w, https:\/\/medicina.udd.cl\/dhtac\/files\/2020\/01\/0-5-1024x683.jpg 1024w, https:\/\/medicina.udd.cl\/dhtac\/files\/2020\/01\/0-5-960x640.jpg 960w\" \/>\t\t<\/div>\n\t<\/div>\n<\/section>\n\n\n<section class=\"wp-block-udd-text-row block--content-align-right block--bg-gray\">\n\t<div class=\"text-row\">\n\t\t<div class=\"text-row__content\">\n\t\t\t<div class=\"text-row__content-inner text\">\n\t\t\t\t\t\t\t\t<h2>Visi\u00f3n<\/h2>\n\t\t\t\t\t\t\t\t\n<p>Ser un referente nacional e internacional en la formaci\u00f3n, investigaci\u00f3n, desarrollo, evaluaci\u00f3n e implementaci\u00f3n de innovaciones y tecnolog\u00edas digitales en salud, a trav\u00e9s de un enfoque inter y transdisciplinario.<\/p>\n\t\t\t<\/div>\n\t\t<\/div>\n\t\t<div class=\"text-row__media\">\n\t\t\t<img loading=\"lazy\" decoding=\"async\" width=\"835\" height=\"534\" src=\"https:\/\/medicina.udd.cl\/dhtac\/files\/2017\/03\/IMG_20170321_133028-800x450.jpg\" class=\"text-row__media-image lazyload\" alt=\"\" sizes=\"auto, (max-width: 835px) 100vw, 835px\" data-src=\"https:\/\/medicina.udd.cl\/dhtac\/files\/2017\/03\/IMG_20170321_133028.jpg\" data-srcset=\"https:\/\/medicina.udd.cl\/dhtac\/files\/2017\/03\/IMG_20170321_133028.jpg 4048w, https:\/\/medicina.udd.cl\/dhtac\/files\/2017\/03\/IMG_20170321_133028-300x192.jpg 300w, https:\/\/medicina.udd.cl\/dhtac\/files\/2017\/03\/IMG_20170321_133028-768x491.jpg 768w, https:\/\/medicina.udd.cl\/dhtac\/files\/2017\/03\/IMG_20170321_133028-1024x655.jpg 1024w, https:\/\/medicina.udd.cl\/dhtac\/files\/2017\/03\/IMG_20170321_133028-125x80.jpg 125w, https:\/\/medicina.udd.cl\/dhtac\/files\/2017\/03\/IMG_20170321_133028-960x614.jpg 960w\" \/>\t\t<\/div>\n\t<\/div>\n<\/section>\n\n\n<!-- WP Block: UDD - Cards Alternate -->\n<section class=\"wp-block-udd-cards\" style=\"--udd-blocks-has-columns-number: 4\">\n\t<div class=\"container\">\n\t\t\t\t\t<header class=\"header__innerblock block__header\">\n\t\t\t\n<h2 class=\"wp-block-heading\">qu\u00e9 hacemos<\/h2>\n\t\n\t\n\t<\/header>\n\t\t\t\t<div class=\"block__content\">\n\t\t\t<div class=\"cards\">\n\t\t\t\t\t\t\t\t\t\t\t\t\t\t\t\t\t<div class=\"card-wrapper\">\n\t\t\t\t\t\t<div class=\"card\">\n\t\t\t\t\t\t\t<h3 class=\"card__title\">Innovaci\u00f3n<\/h3>\n\t\t\t\t\t\t\t\t\t\t\t\t\t\t<div class=\"card__description\">\n\t\t\t\t\t\t\t\t<p>Nuestro centro desarrolla innovaci\u00f3n basada en ciencia, enfoc\u00e1ndose en particular en los desaf\u00edos del \u00e1mbito de la salud que est\u00e1n relacionados con la captura y el uso \u00f3ptimo de la informaci\u00f3n. Lo hacemos a partir de problemas claramente percibidos que detectamos o que nos someten las comunidades cl\u00ednicas y acad\u00e9micas.<\/p>\n\t\t\t\t\t\t\t<\/div>\n\t\t\t\t\t\t\t\t\t\t\t\t\t<\/div>\n\t\t\t\t\t<\/div>\n\t\t\t\t\t\t\t\t\t\t\t\t\t\t\t\t\t\t\t\t\t<div class=\"card-wrapper\">\n\t\t\t\t\t\t<div class=\"card\">\n\t\t\t\t\t\t\t<h3 class=\"card__title\">Investigaci\u00f3n<\/h3>\n\t\t\t\t\t\t\t\t\t\t\t\t\t\t<div class=\"card__description\">\n\t\t\t\t\t\t\t\t<p>Gracias a la asociaci\u00f3n entre la Facultad de Medicina de la Universidad del Desarrollo (academia) y la Cl\u00ednica Alemana (pr\u00e1ctica), contamos con la estructura organizacional y las herramientas para investigar, desarrollar y validar nuevo conocimiento aplicable al mundo de la salud y en particular en la pr\u00e1ctica cl\u00ednica.<\/p>\n\t\t\t\t\t\t\t<\/div>\n\t\t\t\t\t\t\t\t\t\t\t\t\t<\/div>\n\t\t\t\t\t<\/div>\n\t\t\t\t\t\t\t\t\t\t\t\t\t\t\t\t\t\t\t\t\t<div class=\"card-wrapper\">\n\t\t\t\t\t\t<div class=\"card\">\n\t\t\t\t\t\t\t<h3 class=\"card__title\">Desarrollo<\/h3>\n\t\t\t\t\t\t\t\t\t\t\t\t\t\t<div class=\"card__description\">\n\t\t\t\t\t\t\t\t<p>Actuamos como un semillero de soluciones software para enfrentar problemas y desaf\u00edos del mundo de la salud. Para desarrollar nuestras aplicaciones integramos procesos de investigaci\u00f3n e innovaci\u00f3n que involucran de manera sistem\u00e1tica los usuarios y el acceso al cuerpo de conocimiento m\u00e1s reciente de la Inform\u00e1tica Cl\u00ednica.<\/p>\n\t\t\t\t\t\t\t<\/div>\n\t\t\t\t\t\t\t\t\t\t\t\t\t<\/div>\n\t\t\t\t\t<\/div>\n\t\t\t\t\t\t\t\t\t\t\t\t\t\t\t\t\t\t\t\t\t<div class=\"card-wrapper\">\n\t\t\t\t\t\t<div class=\"card\">\n\t\t\t\t\t\t\t<h3 class=\"card__title\">Asesor\u00eda<\/h3>\n\t\t\t\t\t\t\t\t\t\t\t\t\t\t<div class=\"card__description\">\n\t\t\t\t\t\t\t\t<p>El centro proporciona tambi\u00e9n asesor\u00eda y apoyo orientado a proyectos relacionados con la captura y gesti\u00f3n de la informaci\u00f3n en salud, no solamente desde la perspectiva de la disciplina de la Inform\u00e1tica Biom\u00e9dica propiamente tal, sino que tambi\u00e9n en sinergia y colaboraci\u00f3n con otras disciplinas.<\/p>\n\t\t\t\t\t\t\t<\/div>\n\t\t\t\t\t\t\t\t\t\t\t\t\t<\/div>\n\t\t\t\t\t<\/div>\n\t\t\t\t\t\t\t\t\t\t<\/div>\n\t\t<\/div>\n\t<\/div>\n<\/section>\n\n\n\n<figure class=\"wp-block-embed aligncenter is-type-video is-provider-youtube wp-block-embed-youtube wp-embed-aspect-16-9 wp-has-aspect-ratio\"><div class=\"wp-block-embed__wrapper\">\n<iframe loading=\"lazy\" title=\"REDCap para investigaci\u00f3n: captura de datos y ejecuci\u00f3n del trabajo de campo\" width=\"500\" height=\"281\" src=\"https:\/\/www.youtube.com\/embed\/_5_CExhY2vA?feature=oembed\" frameborder=\"0\" allow=\"accelerometer; autoplay; clipboard-write; encrypted-media; gyroscope; picture-in-picture; web-share\" referrerpolicy=\"strict-origin-when-cross-origin\" allowfullscreen><\/iframe>\n<\/div><\/figure>\n\n\n<!-- WP Block: UDD - Fullwidth Cards -->\n<section class=\"wp-block-udd-fullwidth-cards is-style-default\">\n\t<div class=\"container\">\n\t\t<header class=\"block__header\">\n\t\t\t<h2 class=\"block__title\">Noticias<\/h2>\n\t\t\t\t\t\t<a href=\"https:\/\/medicina.udd.cl\/dhtac\/noticias\/\" class=\"block__view-more\">\n\t\t\t\tVer m\u00e1s noticias\t\t\t<\/a>\n\t\t\t\t\t<\/header>\n\t\t<div class=\"block__content\">\n\t\t\t<div class=\"fullwidth-cards\">\n\t\t\t<div class=\"fullwidth-card-wrapper is-style-default\">\n\t<a href=\"https:\/\/medicina.udd.cl\/dhtac\/2025\/09\/01\/icim-udd-coorganizador-de-la-segunda-jornada-de-ciberseguridad-en-salud\/\" class=\"fullwidth-card fullwidth-card--linkable\">\n\t\t\t\t<img loading=\"lazy\" decoding=\"async\" width=\"500\" height=\"333\" src=\"https:\/\/medicina.udd.cl\/dhtac\/files\/2025\/09\/icim-ciberseguridad-en-salud-133-62x62.jpg\" class=\"fullwidth-card__image wp-post-image lazyload\" alt=\"\" sizes=\"auto, (max-width: 500px) 100vw, 500px\" data-src=\"https:\/\/medicina.udd.cl\/dhtac\/files\/2025\/09\/icim-ciberseguridad-en-salud-133-scaled.jpg\" data-srcset=\"https:\/\/medicina.udd.cl\/dhtac\/files\/2025\/09\/icim-ciberseguridad-en-salud-133-scaled.jpg 2560w, https:\/\/medicina.udd.cl\/dhtac\/files\/2025\/09\/icim-ciberseguridad-en-salud-133-300x200.jpg 300w, https:\/\/medicina.udd.cl\/dhtac\/files\/2025\/09\/icim-ciberseguridad-en-salud-133-1024x683.jpg 1024w, https:\/\/medicina.udd.cl\/dhtac\/files\/2025\/09\/icim-ciberseguridad-en-salud-133-768x512.jpg 768w, https:\/\/medicina.udd.cl\/dhtac\/files\/2025\/09\/icim-ciberseguridad-en-salud-133-1536x1024.jpg 1536w, https:\/\/medicina.udd.cl\/dhtac\/files\/2025\/09\/icim-ciberseguridad-en-salud-133-2048x1365.jpg 2048w\" \/>\t\t\t\t<div class=\"fullwidth-card__content\">\n\t\t\t<span class=\"fullwidth-card__date\">\n\t\t\t\t1 de septiembre 2025\t\t\t<\/span>\n\t\t\t<h3 class=\"fullwidth-card__title\">ICIM UDD coorganizador de la Segunda Jornada de Ciberseguridad en Salud<\/h3>\n\t\t\t<span class=\"fullwidth-card__link\">\n\t\t\t\tConocer m\u00e1s\t\t\t<\/span>\n\t\t<\/div>\n\t<\/a>\n<\/div>\n<div class=\"fullwidth-card-wrapper is-style-default\">\n\t<a href=\"https:\/\/medicina.udd.cl\/dhtac\/2025\/07\/02\/udd-fortalece-vinculacion-internacional-en-evaluacion-de-tecnologias-sanitarias-digitales-en-htai-2025\/\" class=\"fullwidth-card fullwidth-card--linkable\">\n\t\t\t\t<img loading=\"lazy\" decoding=\"async\" width=\"500\" height=\"500\" src=\"https:\/\/medicina.udd.cl\/dhtac\/files\/2025\/07\/hta4-62x62.jpg\" class=\"fullwidth-card__image wp-post-image lazyload\" alt=\"\" sizes=\"auto, (max-width: 500px) 100vw, 500px\" data-src=\"https:\/\/medicina.udd.cl\/dhtac\/files\/2025\/07\/hta4-500x500.jpg\" data-srcset=\"https:\/\/medicina.udd.cl\/dhtac\/files\/2025\/07\/hta4-500x500.jpg 500w, https:\/\/medicina.udd.cl\/dhtac\/files\/2025\/07\/hta4-150x150.jpg 150w, https:\/\/medicina.udd.cl\/dhtac\/files\/2025\/07\/hta4-62x62.jpg 62w, https:\/\/medicina.udd.cl\/dhtac\/files\/2025\/07\/hta4-750x750.jpg 750w, https:\/\/medicina.udd.cl\/dhtac\/files\/2025\/07\/hta4-250x250.jpg 250w, https:\/\/medicina.udd.cl\/dhtac\/files\/2025\/07\/hta4-126x126.jpg 126w\" \/>\t\t\t\t<div class=\"fullwidth-card__content\">\n\t\t\t<span class=\"fullwidth-card__date\">\n\t\t\t\t2 de julio 2025\t\t\t<\/span>\n\t\t\t<h3 class=\"fullwidth-card__title\">UDD fortalece vinculaci\u00f3n internacional en evaluaci\u00f3n de tecnolog\u00edas sanitarias digitales en HTAi 2025<\/h3>\n\t\t\t<span class=\"fullwidth-card__link\">\n\t\t\t\tConocer m\u00e1s\t\t\t<\/span>\n\t\t<\/div>\n\t<\/a>\n<\/div>\n<div class=\"fullwidth-card-wrapper is-style-default\">\n\t<a href=\"https:\/\/medicina.udd.cl\/dhtac\/2025\/07\/01\/udd-participa-en-congreso-internacional-de-ciberseguridad-y-tecnologia-con-investigacion-sobre-terminologia-en-telesalud-en-iberoamerica\/\" class=\"fullwidth-card fullwidth-card--linkable\">\n\t\t\t\t<img loading=\"lazy\" decoding=\"async\" width=\"500\" height=\"500\" src=\"https:\/\/medicina.udd.cl\/dhtac\/files\/2025\/07\/thumbnail_image-1-62x62.png\" class=\"fullwidth-card__image wp-post-image lazyload\" alt=\"\" sizes=\"auto, (max-width: 500px) 100vw, 500px\" data-src=\"https:\/\/medicina.udd.cl\/dhtac\/files\/2025\/07\/thumbnail_image-1-500x500.png\" data-srcset=\"https:\/\/medicina.udd.cl\/dhtac\/files\/2025\/07\/thumbnail_image-1-500x500.png 500w, https:\/\/medicina.udd.cl\/dhtac\/files\/2025\/07\/thumbnail_image-1-150x150.png 150w, https:\/\/medicina.udd.cl\/dhtac\/files\/2025\/07\/thumbnail_image-1-62x62.png 62w, https:\/\/medicina.udd.cl\/dhtac\/files\/2025\/07\/thumbnail_image-1-250x250.png 250w, https:\/\/medicina.udd.cl\/dhtac\/files\/2025\/07\/thumbnail_image-1-126x126.png 126w\" \/>\t\t\t\t<div class=\"fullwidth-card__content\">\n\t\t\t<span class=\"fullwidth-card__date\">\n\t\t\t\t1 de julio 2025\t\t\t<\/span>\n\t\t\t<h3 class=\"fullwidth-card__title\">UDD participa en Congreso Internacional de Ciberseguridad y Tecnolog\u00eda con investigaci\u00f3n sobre terminolog\u00eda en Telesalud en Iberoam\u00e9rica<\/h3>\n\t\t\t<span class=\"fullwidth-card__link\">\n\t\t\t\tConocer m\u00e1s\t\t\t<\/span>\n\t\t<\/div>\n\t<\/a>\n<\/div>\n<div class=\"fullwidth-card-wrapper is-style-default\">\n\t<a href=\"https:\/\/medicina.udd.cl\/dhtac\/2024\/10\/28\/icim-udd-lidera-el-desarrollo-de-entornos-seguros-de-investigacion-y-gobernanza-de-los-datos-personales-de-salud\/\" class=\"fullwidth-card fullwidth-card--linkable\">\n\t\t\t\t<img loading=\"lazy\" decoding=\"async\" width=\"500\" height=\"500\" src=\"https:\/\/medicina.udd.cl\/dhtac\/files\/2024\/11\/datos_personales_salud-62x62.jpg\" class=\"fullwidth-card__image wp-post-image lazyload\" alt=\"\" sizes=\"auto, (max-width: 500px) 100vw, 500px\" data-src=\"https:\/\/medicina.udd.cl\/dhtac\/files\/2024\/11\/datos_personales_salud-500x500.jpg\" data-srcset=\"https:\/\/medicina.udd.cl\/dhtac\/files\/2024\/11\/datos_personales_salud-500x500.jpg 500w, https:\/\/medicina.udd.cl\/dhtac\/files\/2024\/11\/datos_personales_salud-150x150.jpg 150w, https:\/\/medicina.udd.cl\/dhtac\/files\/2024\/11\/datos_personales_salud-62x62.jpg 62w, https:\/\/medicina.udd.cl\/dhtac\/files\/2024\/11\/datos_personales_salud-250x250.jpg 250w, https:\/\/medicina.udd.cl\/dhtac\/files\/2024\/11\/datos_personales_salud-126x126.jpg 126w\" \/>\t\t\t\t<div class=\"fullwidth-card__content\">\n\t\t\t<span class=\"fullwidth-card__date\">\n\t\t\t\t28 de octubre 2024\t\t\t<\/span>\n\t\t\t<h3 class=\"fullwidth-card__title\">ICIM-UDD lidera el desarrollo de entornos seguros de investigaci\u00f3n y gobernanza de los datos personales de salud<\/h3>\n\t\t\t<span class=\"fullwidth-card__link\">\n\t\t\t\tConocer m\u00e1s\t\t\t<\/span>\n\t\t<\/div>\n\t<\/a>\n<\/div>\n<div class=\"fullwidth-card-wrapper is-style-default\">\n\t<a href=\"https:\/\/medicina.udd.cl\/dhtac\/2024\/10\/21\/academico-udd-destaca-en-la-conferencia-mundial-redcapcon-2024-con-innovadora-integracion-de-whatsapp\/\" class=\"fullwidth-card fullwidth-card--linkable\">\n\t\t\t\t<img loading=\"lazy\" decoding=\"async\" width=\"500\" height=\"500\" src=\"https:\/\/medicina.udd.cl\/dhtac\/files\/2024\/11\/redcapcon2024-3-62x62.jpg\" class=\"fullwidth-card__image wp-post-image lazyload\" alt=\"\" sizes=\"auto, (max-width: 500px) 100vw, 500px\" data-src=\"https:\/\/medicina.udd.cl\/dhtac\/files\/2024\/11\/redcapcon2024-3-500x500.jpg\" data-srcset=\"https:\/\/medicina.udd.cl\/dhtac\/files\/2024\/11\/redcapcon2024-3-500x500.jpg 500w, https:\/\/medicina.udd.cl\/dhtac\/files\/2024\/11\/redcapcon2024-3-150x150.jpg 150w, https:\/\/medicina.udd.cl\/dhtac\/files\/2024\/11\/redcapcon2024-3-62x62.jpg 62w, https:\/\/medicina.udd.cl\/dhtac\/files\/2024\/11\/redcapcon2024-3-750x750.jpg 750w, https:\/\/medicina.udd.cl\/dhtac\/files\/2024\/11\/redcapcon2024-3-250x250.jpg 250w, https:\/\/medicina.udd.cl\/dhtac\/files\/2024\/11\/redcapcon2024-3-126x126.jpg 126w\" \/>\t\t\t\t<div class=\"fullwidth-card__content\">\n\t\t\t<span class=\"fullwidth-card__date\">\n\t\t\t\t21 de octubre 2024\t\t\t<\/span>\n\t\t\t<h3 class=\"fullwidth-card__title\">Acad\u00e9mico UDD destaca en la conferencia mundial REDCapCon 2024 con innovadora integraci\u00f3n de WhatsApp<\/h3>\n\t\t\t<span class=\"fullwidth-card__link\">\n\t\t\t\tConocer m\u00e1s\t\t\t<\/span>\n\t\t<\/div>\n\t<\/a>\n<\/div>\n\t\t\t<\/div>\n\t\t<\/div>\n\t<\/div>\n<\/section>\n\n\n<!-- WP Block: UDD - People -->\n<section class=\"wp-block-udd-contacts\">\n\t\t<div class=\"block__bg\">\n\t\t\t<\/div>\n\t\t<div class=\"container\">\n\t\t<header class=\"block__header\">\n\t\t\t<h2 class=\"block__title\">Contacto<\/h2>\n\t\t<\/header>\n\t\t<div class=\"block__content\">\n\t\t\t<ul class=\"contacts\">\n\t\t\t\t\t\t\t<li class=\"contact\">\n\t\t\t\t\t<div class=\"person-contact\">\n\t\t\t\t\t\t\t\t\t\t\t\t<h3 class=\"person-contact__name\">Centro de Evaluaci\u00f3n de Tecnolog\u00edas Sanitarias Digitales<\/h3>\n\t\t\t\t\t\t\t\t\t\t\t\t\t\t\t\t\t\t\t\t\t\t\t\t\t\t\t\t\t\t\t\t\t\t\t\t\t<span class=\"person-contact__email\">Email: <a href=\"mailto:&#99;&#105;&#98;m&#64;&#117;&#100;d.cl\">&#99;&#105;bm&#64;&#117;&#100;&#100;.&#99;l<\/a><\/span>\n\t\t\t\t\t\t\t\t\t\t\t<\/div>\n\t\t\t\t<\/li>\n\t\t\t\t\t\t<\/ul>\n\t\t<\/div>\n\t<\/div>\n<\/section>\n","protected":false},"excerpt":{"rendered":"","protected":false},"author":9192209,"featured_media":0,"parent":0,"menu_order":0,"comment_status":"closed","ping_status":"closed","template":"","meta":{"footnotes":""},"class_list":["post-1498","page","type-page","status-publish","hentry"],"yoast_head":"<!-- This site is optimized with the Yoast SEO plugin v26.9 - https:\/\/yoast.com\/product\/yoast-seo-wordpress\/ -->\n<title>Inicio - Centro de Evaluaci\u00f3n de Tecnolog\u00edas Sanitarias Digitales<\/title>\n<meta name=\"robots\" content=\"index, follow, max-snippet:-1, max-image-preview:large, max-video-preview:-1\" \/>\n<link rel=\"canonical\" href=\"https:\/\/medicina.udd.cl\/dhtac\/\" \/>\n<meta property=\"og:locale\" content=\"es_ES\" \/>\n<meta property=\"og:type\" content=\"article\" \/>\n<meta property=\"og:title\" content=\"Inicio - Centro de Evaluaci\u00f3n de Tecnolog\u00edas Sanitarias Digitales\" \/>\n<meta property=\"og:url\" content=\"https:\/\/medicina.udd.cl\/dhtac\/\" \/>\n<meta property=\"og:site_name\" content=\"Centro de Evaluaci\u00f3n de Tecnolog\u00edas Sanitarias Digitales\" \/>\n<meta property=\"article:modified_time\" content=\"2025-07-07T13:22:30+00:00\" \/>\n<meta property=\"og:image\" content=\"https:\/\/medicina.udd.cl\/ci3\/files\/2020\/01\/0-5.jpg\" \/>\n<meta name=\"twitter:card\" content=\"summary_large_image\" \/>\n<meta name=\"twitter:label1\" content=\"Tiempo de lectura\" \/>\n\t<meta name=\"twitter:data1\" content=\"1 minuto\" \/>\n<script type=\"application\/ld+json\" class=\"yoast-schema-graph\">{\"@context\":\"https:\/\/schema.org\",\"@graph\":[{\"@type\":\"WebPage\",\"@id\":\"https:\/\/medicina.udd.cl\/dhtac\/\",\"url\":\"https:\/\/medicina.udd.cl\/dhtac\/\",\"name\":\"Inicio - Centro de Evaluaci\u00f3n de Tecnolog\u00edas Sanitarias Digitales\",\"isPartOf\":{\"@id\":\"https:\/\/medicina.udd.cl\/dhtac\/#website\"},\"primaryImageOfPage\":{\"@id\":\"https:\/\/medicina.udd.cl\/dhtac\/#primaryimage\"},\"image\":{\"@id\":\"https:\/\/medicina.udd.cl\/dhtac\/#primaryimage\"},\"thumbnailUrl\":\"https:\/\/medicina.udd.cl\/ci3\/files\/2020\/01\/0-5.jpg\",\"datePublished\":\"2021-04-21T22:22:42+00:00\",\"dateModified\":\"2025-07-07T13:22:30+00:00\",\"breadcrumb\":{\"@id\":\"https:\/\/medicina.udd.cl\/dhtac\/#breadcrumb\"},\"inLanguage\":\"es\",\"potentialAction\":[{\"@type\":\"ReadAction\",\"target\":[\"https:\/\/medicina.udd.cl\/dhtac\/\"]}]},{\"@type\":\"ImageObject\",\"inLanguage\":\"es\",\"@id\":\"https:\/\/medicina.udd.cl\/dhtac\/#primaryimage\",\"url\":\"https:\/\/medicina.udd.cl\/ci3\/files\/2020\/01\/0-5.jpg\",\"contentUrl\":\"https:\/\/medicina.udd.cl\/ci3\/files\/2020\/01\/0-5.jpg\"},{\"@type\":\"BreadcrumbList\",\"@id\":\"https:\/\/medicina.udd.cl\/dhtac\/#breadcrumb\",\"itemListElement\":[{\"@type\":\"ListItem\",\"position\":1,\"name\":\"Inicio\",\"item\":\"https:\/\/medicina.udd.cl\/dhtac\/\"},{\"@type\":\"ListItem\",\"position\":2,\"name\":\"Inicio\"}]},{\"@type\":\"WebSite\",\"@id\":\"https:\/\/medicina.udd.cl\/dhtac\/#website\",\"url\":\"https:\/\/medicina.udd.cl\/dhtac\/\",\"name\":\"Centro de Evaluaci\u00f3n de Tecnolog\u00edas Sanitarias Digitales\",\"description\":\"\",\"inLanguage\":\"es\"}]}<\/script>\n<!-- \/ Yoast SEO plugin. -->","yoast_head_json":{"title":"Inicio - Centro de Evaluaci\u00f3n de Tecnolog\u00edas Sanitarias Digitales","robots":{"index":"index","follow":"follow","max-snippet":"max-snippet:-1","max-image-preview":"max-image-preview:large","max-video-preview":"max-video-preview:-1"},"canonical":"https:\/\/medicina.udd.cl\/dhtac\/","og_locale":"es_ES","og_type":"article","og_title":"Inicio - Centro de Evaluaci\u00f3n de Tecnolog\u00edas Sanitarias Digitales","og_url":"https:\/\/medicina.udd.cl\/dhtac\/","og_site_name":"Centro de Evaluaci\u00f3n de Tecnolog\u00edas Sanitarias Digitales","article_modified_time":"2025-07-07T13:22:30+00:00","og_image":[{"url":"https:\/\/medicina.udd.cl\/ci3\/files\/2020\/01\/0-5.jpg","type":"","width":"","height":""}],"twitter_card":"summary_large_image","twitter_misc":{"Tiempo de lectura":"1 minuto"},"schema":{"@context":"https:\/\/schema.org","@graph":[{"@type":"WebPage","@id":"https:\/\/medicina.udd.cl\/dhtac\/","url":"https:\/\/medicina.udd.cl\/dhtac\/","name":"Inicio - Centro de Evaluaci\u00f3n de Tecnolog\u00edas Sanitarias Digitales","isPartOf":{"@id":"https:\/\/medicina.udd.cl\/dhtac\/#website"},"primaryImageOfPage":{"@id":"https:\/\/medicina.udd.cl\/dhtac\/#primaryimage"},"image":{"@id":"https:\/\/medicina.udd.cl\/dhtac\/#primaryimage"},"thumbnailUrl":"https:\/\/medicina.udd.cl\/ci3\/files\/2020\/01\/0-5.jpg","datePublished":"2021-04-21T22:22:42+00:00","dateModified":"2025-07-07T13:22:30+00:00","breadcrumb":{"@id":"https:\/\/medicina.udd.cl\/dhtac\/#breadcrumb"},"inLanguage":"es","potentialAction":[{"@type":"ReadAction","target":["https:\/\/medicina.udd.cl\/dhtac\/"]}]},{"@type":"ImageObject","inLanguage":"es","@id":"https:\/\/medicina.udd.cl\/dhtac\/#primaryimage","url":"https:\/\/medicina.udd.cl\/ci3\/files\/2020\/01\/0-5.jpg","contentUrl":"https:\/\/medicina.udd.cl\/ci3\/files\/2020\/01\/0-5.jpg"},{"@type":"BreadcrumbList","@id":"https:\/\/medicina.udd.cl\/dhtac\/#breadcrumb","itemListElement":[{"@type":"ListItem","position":1,"name":"Inicio","item":"https:\/\/medicina.udd.cl\/dhtac\/"},{"@type":"ListItem","position":2,"name":"Inicio"}]},{"@type":"WebSite","@id":"https:\/\/medicina.udd.cl\/dhtac\/#website","url":"https:\/\/medicina.udd.cl\/dhtac\/","name":"Centro de Evaluaci\u00f3n de Tecnolog\u00edas Sanitarias Digitales","description":"","inLanguage":"es"}]}},"_links":{"self":[{"href":"https:\/\/medicina.udd.cl\/dhtac\/wp-json\/wp\/v2\/pages\/1498","targetHints":{"allow":["GET"]}}],"collection":[{"href":"https:\/\/medicina.udd.cl\/dhtac\/wp-json\/wp\/v2\/pages"}],"about":[{"href":"https:\/\/medicina.udd.cl\/dhtac\/wp-json\/wp\/v2\/types\/page"}],"author":[{"embeddable":true,"href":"https:\/\/medicina.udd.cl\/dhtac\/wp-json\/wp\/v2\/users\/9192209"}],"replies":[{"embeddable":true,"href":"https:\/\/medicina.udd.cl\/dhtac\/wp-json\/wp\/v2\/comments?post=1498"}],"version-history":[{"count":35,"href":"https:\/\/medicina.udd.cl\/dhtac\/wp-json\/wp\/v2\/pages\/1498\/revisions"}],"predecessor-version":[{"id":2081,"href":"https:\/\/medicina.udd.cl\/dhtac\/wp-json\/wp\/v2\/pages\/1498\/revisions\/2081"}],"wp:attachment":[{"href":"https:\/\/medicina.udd.cl\/dhtac\/wp-json\/wp\/v2\/media?parent=1498"}],"curies":[{"name":"wp","href":"https:\/\/api.w.org\/{rel}","templated":true}]}}