{"id":1568,"date":"2021-04-21T21:29:36","date_gmt":"2021-04-22T00:29:36","guid":{"rendered":"http:\/\/medicina.udd.cl\/ci3\/?page_id=1568"},"modified":"2021-04-21T21:29:37","modified_gmt":"2021-04-22T00:29:37","slug":"contacto","status":"publish","type":"page","link":"https:\/\/medicina.udd.cl\/dhtac\/contacto\/","title":{"rendered":"Contacto"},"content":{"rendered":"<section class=\"wp-block-udd-text-row block--bg-gray\">\n\t<div class=\"text-row\">\n\t\t<div class=\"text-row__content\">\n\t\t\t<div class=\"text-row__content-inner text\">\n\t\t\t\t\t\t\t\t<h2>Direcci\u00f3n<\/h2>\n\t\t\t\t\t\t\t\t\n<p>Centro de Inform\u00e1tica Biom\u00e9dica &#8211; Instituto de Ciencias e Innovaci\u00f3n en Medicina &#8211; Facultad de Medicina Cl\u00ednica Alemana Universidad del Desarrollo<\/p>\n\n<p>Av. Las condes 12.461, Oficina 205, Edificio 3 Plaza As\u00eds, Las Condes, Santiago de Chile<\/p>\n\n<p><a href=\"https:\/\/www.google.com\/maps\/place\/Instituto+de+Ciencias+e+Innovaci%C3%B3n+en+Medicina+(ICIM)+Facultad+de+Medicina+Cl%C3%ADnica+Alemana+Universidad+del+Desarrollo\/@-33.3724037,-70.5159152,15z\/data=!4m5!3m4!1s0x0:0x4414bca0d685c7e8!8m2!3d-33.3724404!4d-70.5158931\">Ver en el mapa<\/a><\/p>\n\n<p><strong>Tel\u00e9fono:<\/strong>\u00a0(56 2)\u00a0225785719<br><strong>Email:<\/strong> ci3@udd.cl<\/p>\n\t\t\t<\/div>\n\t\t<\/div>\n\t\t<div class=\"text-row__media\">\n\t\t\t<img loading=\"lazy\" decoding=\"async\" width=\"600\" height=\"267\" src=\"https:\/\/medicina.udd.cl\/dhtac\/files\/2020\/12\/RUTE.CHIle_.jpg\" class=\"text-row__media-image lazyload\" alt=\"\" sizes=\"auto, (max-width: 600px) 100vw, 600px\" data-src=\"https:\/\/medicina.udd.cl\/dhtac\/files\/2020\/12\/RUTE.CHIle_.jpg\" data-srcset=\"https:\/\/medicina.udd.cl\/dhtac\/files\/2020\/12\/RUTE.CHIle_.jpg 600w, https:\/\/medicina.udd.cl\/dhtac\/files\/2020\/12\/RUTE.CHIle_-300x134.jpg 300w\" \/>\t\t<\/div>\n\t<\/div>\n<\/section>\n\n\n<!-- WP Block: UDD - Access Cards -->\n<section\n\tid=\"udd-access-cards--1\"\n\tclass=\"wp-block-udd-access-cards\n\t\t\"\n\t\tstyle=\"\n\t\t--udd-blocks-has-columns-number: 3\t\t\"\n\t>\n\t<div class=\"container\">\n\t\t\t\t\t<header class=\"header__innerblock block__header\">\n\t\t\t<h2 class=\"block__title\">revisa nuestros canales de difusi\u00f3n<\/h2>\n\t\n\t\n\t<\/header>\n\t\t\t\t<div class=\"block__content\">\n\t\t\t<div\n\t\t\t\tclass=\"udd-access-cards\"\n\t\t\t\t\t\t\t>\n\t\t\t<div\n\tdata-index=\"1\"\n\tclass=\"udd-access-card-wrapper udd-access-card-wrapper--has-description\"\n\t>\n\t<a href=\"https:\/\/www.youtube.com\/c\/ForoSaludDigital\" class=\"access-card access-card--profile\" data-url=\"https:\/\/www.youtube.com\/c\/ForoSaludDigital\">\n\t\t\t\t\t\t<h3\n\t\t\tdata-index=\"1\"\n\t\t\tclass=\"access-card__title\"\n\t\t>\n\t\t\tForo Salud Digital (Youtube)\t\t<\/h3>\n\t\t\t\t<p class=\"access-card__description\">\n\t\t\tLas series de inter\u00e9s relacionadas con la Inform\u00e1tica en Salud\t\t<\/p>\n\t\t\t\t<div class=\"access-card__link\">\n\t\t\t<span class=\"access-card__link-text\">Conocer m\u00e1s<\/span>\n\t\t<\/div>\n\t<\/a>\n<\/div>\n<div\n\tdata-index=\"2\"\n\tclass=\"udd-access-card-wrapper udd-access-card-wrapper--has-description\"\n\t>\n\t<a href=\"https:\/\/discourse.forosaluddigital.cl\/\" class=\"access-card access-card--profile\" data-url=\"https:\/\/discourse.forosaluddigital.cl\/\">\n\t\t\t\t\t\t<h3\n\t\t\tdata-index=\"2\"\n\t\t\tclass=\"access-card__title\"\n\t\t>\n\t\t\tForo Salud Digital (Discourse)\t\t<\/h3>\n\t\t\t\t<p class=\"access-card__description\">\n\t\t\tEl foro para discutir los temas relacionados con la Inform\u00e1tica en Salud\t\t<\/p>\n\t\t\t\t<div class=\"access-card__link\">\n\t\t\t<span class=\"access-card__link-text\">Conocer m\u00e1s<\/span>\n\t\t<\/div>\n\t<\/a>\n<\/div>\n<div\n\tdata-index=\"3\"\n\tclass=\"udd-access-card-wrapper udd-access-card-wrapper--has-description\"\n\t>\n\t<a href=\"https:\/\/twitter.com\/CIBMICIM\" class=\"access-card access-card--profile\" data-url=\"https:\/\/twitter.com\/CIBMICIM\">\n\t\t\t\t\t\t<h3\n\t\t\tdata-index=\"3\"\n\t\t\tclass=\"access-card__title\"\n\t\t>\n\t\t\tCIB (Twitter)\t\t<\/h3>\n\t\t\t\t<p class=\"access-card__description\">\n\t\t\tDonde puedes encontrar m\u00e1s informaci\u00f3n y mantenerte actualizado\t\t<\/p>\n\t\t\t\t<div class=\"access-card__link\">\n\t\t\t<span class=\"access-card__link-text\">Conocer m\u00e1s<\/span>\n\t\t<\/div>\n\t<\/a>\n<\/div>\n\t\t\t<\/div>\n\t\t<\/div>\n\t<\/div>\n<\/section>\n","protected":false},"excerpt":{"rendered":"","protected":false},"author":9192224,"featured_media":0,"parent":0,"menu_order":0,"comment_status":"closed","ping_status":"closed","template":"","meta":{"footnotes":""},"class_list":["post-1568","page","type-page","status-publish","hentry"],"yoast_head":"<!-- This site is optimized with the Yoast SEO plugin v26.9 - https:\/\/yoast.com\/product\/yoast-seo-wordpress\/ -->\n<title>Contacto - Centro de Evaluaci\u00f3n de Tecnolog\u00edas Sanitarias Digitales<\/title>\n<meta name=\"robots\" content=\"index, follow, max-snippet:-1, max-image-preview:large, max-video-preview:-1\" \/>\n<link rel=\"canonical\" href=\"https:\/\/medicina.udd.cl\/dhtac\/contacto\/\" \/>\n<meta property=\"og:locale\" content=\"es_ES\" \/>\n<meta property=\"og:type\" content=\"article\" \/>\n<meta property=\"og:title\" content=\"Contacto - Centro de Evaluaci\u00f3n de Tecnolog\u00edas Sanitarias Digitales\" \/>\n<meta property=\"og:url\" content=\"https:\/\/medicina.udd.cl\/dhtac\/contacto\/\" \/>\n<meta property=\"og:site_name\" content=\"Centro de Evaluaci\u00f3n de Tecnolog\u00edas Sanitarias Digitales\" \/>\n<meta property=\"article:modified_time\" content=\"2021-04-22T00:29:37+00:00\" \/>\n<meta property=\"og:image\" content=\"https:\/\/medicina.udd.cl\/ci3\/files\/2020\/12\/RUTE.CHIle_.jpg\" \/>\n<meta name=\"twitter:card\" content=\"summary_large_image\" \/>\n<script type=\"application\/ld+json\" class=\"yoast-schema-graph\">{\"@context\":\"https:\/\/schema.org\",\"@graph\":[{\"@type\":\"WebPage\",\"@id\":\"https:\/\/medicina.udd.cl\/dhtac\/contacto\/\",\"url\":\"https:\/\/medicina.udd.cl\/dhtac\/contacto\/\",\"name\":\"Contacto - Centro de Evaluaci\u00f3n de Tecnolog\u00edas Sanitarias Digitales\",\"isPartOf\":{\"@id\":\"https:\/\/medicina.udd.cl\/dhtac\/#website\"},\"primaryImageOfPage\":{\"@id\":\"https:\/\/medicina.udd.cl\/dhtac\/contacto\/#primaryimage\"},\"image\":{\"@id\":\"https:\/\/medicina.udd.cl\/dhtac\/contacto\/#primaryimage\"},\"thumbnailUrl\":\"https:\/\/medicina.udd.cl\/ci3\/files\/2020\/12\/RUTE.CHIle_.jpg\",\"datePublished\":\"2021-04-22T00:29:36+00:00\",\"dateModified\":\"2021-04-22T00:29:37+00:00\",\"breadcrumb\":{\"@id\":\"https:\/\/medicina.udd.cl\/dhtac\/contacto\/#breadcrumb\"},\"inLanguage\":\"es\",\"potentialAction\":[{\"@type\":\"ReadAction\",\"target\":[\"https:\/\/medicina.udd.cl\/dhtac\/contacto\/\"]}]},{\"@type\":\"ImageObject\",\"inLanguage\":\"es\",\"@id\":\"https:\/\/medicina.udd.cl\/dhtac\/contacto\/#primaryimage\",\"url\":\"https:\/\/medicina.udd.cl\/ci3\/files\/2020\/12\/RUTE.CHIle_.jpg\",\"contentUrl\":\"https:\/\/medicina.udd.cl\/ci3\/files\/2020\/12\/RUTE.CHIle_.jpg\"},{\"@type\":\"BreadcrumbList\",\"@id\":\"https:\/\/medicina.udd.cl\/dhtac\/contacto\/#breadcrumb\",\"itemListElement\":[{\"@type\":\"ListItem\",\"position\":1,\"name\":\"Inicio\",\"item\":\"https:\/\/medicina.udd.cl\/dhtac\/\"},{\"@type\":\"ListItem\",\"position\":2,\"name\":\"Contacto\"}]},{\"@type\":\"WebSite\",\"@id\":\"https:\/\/medicina.udd.cl\/dhtac\/#website\",\"url\":\"https:\/\/medicina.udd.cl\/dhtac\/\",\"name\":\"Centro de Evaluaci\u00f3n de Tecnolog\u00edas Sanitarias Digitales\",\"description\":\"\",\"inLanguage\":\"es\"}]}<\/script>\n<!-- \/ Yoast SEO plugin. -->","yoast_head_json":{"title":"Contacto - Centro de Evaluaci\u00f3n de Tecnolog\u00edas Sanitarias Digitales","robots":{"index":"index","follow":"follow","max-snippet":"max-snippet:-1","max-image-preview":"max-image-preview:large","max-video-preview":"max-video-preview:-1"},"canonical":"https:\/\/medicina.udd.cl\/dhtac\/contacto\/","og_locale":"es_ES","og_type":"article","og_title":"Contacto - Centro de Evaluaci\u00f3n de Tecnolog\u00edas Sanitarias Digitales","og_url":"https:\/\/medicina.udd.cl\/dhtac\/contacto\/","og_site_name":"Centro de Evaluaci\u00f3n de Tecnolog\u00edas Sanitarias Digitales","article_modified_time":"2021-04-22T00:29:37+00:00","og_image":[{"url":"https:\/\/medicina.udd.cl\/ci3\/files\/2020\/12\/RUTE.CHIle_.jpg","type":"","width":"","height":""}],"twitter_card":"summary_large_image","schema":{"@context":"https:\/\/schema.org","@graph":[{"@type":"WebPage","@id":"https:\/\/medicina.udd.cl\/dhtac\/contacto\/","url":"https:\/\/medicina.udd.cl\/dhtac\/contacto\/","name":"Contacto - Centro de Evaluaci\u00f3n de Tecnolog\u00edas Sanitarias Digitales","isPartOf":{"@id":"https:\/\/medicina.udd.cl\/dhtac\/#website"},"primaryImageOfPage":{"@id":"https:\/\/medicina.udd.cl\/dhtac\/contacto\/#primaryimage"},"image":{"@id":"https:\/\/medicina.udd.cl\/dhtac\/contacto\/#primaryimage"},"thumbnailUrl":"https:\/\/medicina.udd.cl\/ci3\/files\/2020\/12\/RUTE.CHIle_.jpg","datePublished":"2021-04-22T00:29:36+00:00","dateModified":"2021-04-22T00:29:37+00:00","breadcrumb":{"@id":"https:\/\/medicina.udd.cl\/dhtac\/contacto\/#breadcrumb"},"inLanguage":"es","potentialAction":[{"@type":"ReadAction","target":["https:\/\/medicina.udd.cl\/dhtac\/contacto\/"]}]},{"@type":"ImageObject","inLanguage":"es","@id":"https:\/\/medicina.udd.cl\/dhtac\/contacto\/#primaryimage","url":"https:\/\/medicina.udd.cl\/ci3\/files\/2020\/12\/RUTE.CHIle_.jpg","contentUrl":"https:\/\/medicina.udd.cl\/ci3\/files\/2020\/12\/RUTE.CHIle_.jpg"},{"@type":"BreadcrumbList","@id":"https:\/\/medicina.udd.cl\/dhtac\/contacto\/#breadcrumb","itemListElement":[{"@type":"ListItem","position":1,"name":"Inicio","item":"https:\/\/medicina.udd.cl\/dhtac\/"},{"@type":"ListItem","position":2,"name":"Contacto"}]},{"@type":"WebSite","@id":"https:\/\/medicina.udd.cl\/dhtac\/#website","url":"https:\/\/medicina.udd.cl\/dhtac\/","name":"Centro de Evaluaci\u00f3n de Tecnolog\u00edas Sanitarias Digitales","description":"","inLanguage":"es"}]}},"_links":{"self":[{"href":"https:\/\/medicina.udd.cl\/dhtac\/wp-json\/wp\/v2\/pages\/1568","targetHints":{"allow":["GET"]}}],"collection":[{"href":"https:\/\/medicina.udd.cl\/dhtac\/wp-json\/wp\/v2\/pages"}],"about":[{"href":"https:\/\/medicina.udd.cl\/dhtac\/wp-json\/wp\/v2\/types\/page"}],"author":[{"embeddable":true,"href":"https:\/\/medicina.udd.cl\/dhtac\/wp-json\/wp\/v2\/users\/9192224"}],"replies":[{"embeddable":true,"href":"https:\/\/medicina.udd.cl\/dhtac\/wp-json\/wp\/v2\/comments?post=1568"}],"version-history":[{"count":2,"href":"https:\/\/medicina.udd.cl\/dhtac\/wp-json\/wp\/v2\/pages\/1568\/revisions"}],"predecessor-version":[{"id":1571,"href":"https:\/\/medicina.udd.cl\/dhtac\/wp-json\/wp\/v2\/pages\/1568\/revisions\/1571"}],"wp:attachment":[{"href":"https:\/\/medicina.udd.cl\/dhtac\/wp-json\/wp\/v2\/media?parent=1568"}],"curies":[{"name":"wp","href":"https:\/\/api.w.org\/{rel}","templated":true}]}}