{"id":1719,"date":"2024-03-18T17:25:46","date_gmt":"2024-03-18T20:25:46","guid":{"rendered":"https:\/\/medicina.udd.cl\/cibm\/?page_id=1719"},"modified":"2024-03-20T16:23:30","modified_gmt":"2024-03-20T19:23:30","slug":"conferencia-ciberseguridad-en-salud","status":"publish","type":"page","link":"https:\/\/medicina.udd.cl\/dhtac\/conferencia-ciberseguridad-en-salud\/","title":{"rendered":"Conferencia Ciberseguridad en Salud"},"content":{"rendered":"\n<h2 class=\"wp-block-heading\">LOS DESAF\u00cdOS RELACIONADOS CON LAS TECNOLOG\u00cdAS DE LA INFORMACI\u00d3N EN SALUD<\/h2>\n\n\n\n<p><\/p>\n\n\n<!-- WP Block: UDD - Cards Alternate -->\n<section class=\"wp-block-udd-cards udd-cards-v2--1 \"\n\t\tstyle=\"--udd-blocks-has-columns-number: 1;\"\n\t>\n\t<div class=\"container\">\n\t\t\t\t\t\t\t\t\t<div class=\"block__content\">\n\t\t\t<div\n\t\t\t\t\t\t\t\tclass=\"cards cards-v2 \"\n\t\t\t>\n\t\t\t\t\t\t\t\t\t\t\t\t<div class=\"card-wrapper\">\n\t\t\t\t\t\t<div class=\"card\">\n\t\t\t\t\t\t\t\t\t\t\t\t\t\t<h3 class=\"card__title\">DESCRIPCI\u00d3N<\/h3>\n\t\t\t\t\t\t\t\t\t\t\t\t\t\t<div\n\t\t\t\t\t\t\t\tid=\"see-more__udd-cards-v2--1-0\"\n\t\t\t\t\t\t\t\tclass=\"card__description \"\n\t\t\t\t\t\t\t>\n\t\t\t\t\t\t\t\t<div\n\t\t\t\t\t\t\t\t\tclass=\"card__description-text\"\n\t\t\t\t\t\t\t\t\t\t\t\t\t\t\t\t\t\tstyle=\"--udd-blocks--cards-v2--show-lines: 3\"\n\t\t\t\t\t\t\t\t\t\t\t\t\t\t\t\t\t>\n\t\t\t\t\t\t\t\t\t<p>El importante avance que Chile ha tenido en la \u00faltima d\u00e9cada relacionado a la incorporaci\u00f3n de Tecnolog\u00edas de la Informaci\u00f3n y Comunicaci\u00f3n en las redes e instituciones de salud a nivel nacional ha generado importantes beneficios y nuevas oportunidades. Esto se ha visto reflejado tanto en la atenci\u00f3n en salud como en investigaci\u00f3n y desarrollo de nuevo conocimiento. Las Fichas Cl\u00ednicas Electr\u00f3nicas, junto con muchas otras plataformas digitales, son hoy en d\u00eda, parte habitual de las prestaciones de salud, y se espera que sean m\u00e1s accesibles, seguras, integrales y de calidad. Todo este importante desarrollo tambi\u00e9n ha introducido nuevos escenarios de riesgo relacionados con la seguridad de la informaci\u00f3n y la ciberseguridad. Queda un largo camino por recorrer, especialmente en las organizaciones relacionadas con la atenci\u00f3n y el tratamiento de datos en salud. No solo para afrontar eventos no deseados de la naturaleza o fortuitos, sino que tambi\u00e9n para las amenazas de parte de actores maliciosos. Estos eventos pueden afectar los activos de informaci\u00f3n, infraestructura y servicios que apoyan y sostienen los procesos asistenciales y la investigaci\u00f3n en salud, y tambi\u00e9n pueden generar un riesgo cl\u00ednico.<\/p>\n<p>Este seminario pretende sensibilizar sobre las principales amenazas y vulnerabilidades de ciberseguridad en el \u00e1mbito sanitario. Busca tambi\u00e9n identificar y discutir el marco regulatorio vigente en Chile, proporcionando una visi\u00f3n general y herramientas, referencias y ejemplos pr\u00e1cticos para abordar estos desaf\u00edos tanto a nivel organizacional como individual. Se enfatiza que la seguridad es una responsabilidad compartida entre todos los actores del sector, trascendiendo la responsabilidad de un departamento espec\u00edfico de una organizaci\u00f3n.<\/p>\n<p>Adem\u00e1s, este seminario se plantea como un espacio de encuentro para promover el di\u00e1logo y la colaboraci\u00f3n entre diversos sectores, incluyendo entidades p\u00fablicas y privadas, proveedores de servicios de salud y la academia. El objetivo es fomentar una comprensi\u00f3n integral y un enfoque colaborativo para enfrentar los retos que la digitalizaci\u00f3n y la hiper conectividad imponen al sector de la salud.<\/p>\n\t\t\t\t\t\t\t\t<\/div>\n\t\t\t\t\t\t\t\t\t\t\t\t\t\t\t<\/div>\n\t\t\t\t\t\t\t\t\t\t\t\t\t<\/div>\n\t\t\t\t\t<\/div>\n\t\t\t\t\t\t\t\t\t\t<\/div>\n\t\t<\/div>\n\t<\/div>\n<\/section>\n\n\n\n<figure class=\"wp-block-image aligncenter size-large\"><img loading=\"lazy\" decoding=\"async\" width=\"540\" height=\"1024\" src=\"https:\/\/medicina.udd.cl\/cibm\/files\/2024\/03\/flyer-webinar-ciberseguridad-en-salud-2024-cibm_vf-540x1024.jpg\" alt=\"\" class=\"wp-image-1833\" srcset=\"https:\/\/medicina.udd.cl\/dhtac\/files\/2024\/03\/flyer-webinar-ciberseguridad-en-salud-2024-cibm_vf-540x1024.jpg 540w, https:\/\/medicina.udd.cl\/dhtac\/files\/2024\/03\/flyer-webinar-ciberseguridad-en-salud-2024-cibm_vf-158x300.jpg 158w, https:\/\/medicina.udd.cl\/dhtac\/files\/2024\/03\/flyer-webinar-ciberseguridad-en-salud-2024-cibm_vf-768x1456.jpg 768w, https:\/\/medicina.udd.cl\/dhtac\/files\/2024\/03\/flyer-webinar-ciberseguridad-en-salud-2024-cibm_vf-810x1536.jpg 810w, https:\/\/medicina.udd.cl\/dhtac\/files\/2024\/03\/flyer-webinar-ciberseguridad-en-salud-2024-cibm_vf-1080x2048.jpg 1080w, https:\/\/medicina.udd.cl\/dhtac\/files\/2024\/03\/flyer-webinar-ciberseguridad-en-salud-2024-cibm_vf-scaled.jpg 1351w\" sizes=\"auto, (max-width: 540px) 100vw, 540px\" \/><\/figure>\n\n\n\n<p><\/p>\n\n\n\n<p><\/p>\n\n\n<!-- WP Block: UDD - Cards Alternate -->\n<section class=\"wp-block-udd-cards udd-cards-v2--2 \"\n\t\tstyle=\"--udd-blocks-has-columns-number: 1;\"\n\t>\n\t<div class=\"container\">\n\t\t\t\t\t\t\t\t\t<div class=\"block__content\">\n\t\t\t<div\n\t\t\t\t\t\t\t\tclass=\"cards cards-v2 \"\n\t\t\t>\n\t\t\t\t\t\t\t\t\t\t\t\t<div class=\"card-wrapper\">\n\t\t\t\t\t\t<div class=\"card\">\n\t\t\t\t\t\t\t\t\t\t\t\t\t\t<h3 class=\"card__title\">DIRIGIDO A<\/h3>\n\t\t\t\t\t\t\t\t\t\t\t\t\t\t<div\n\t\t\t\t\t\t\t\tid=\"see-more__udd-cards-v2--2-0\"\n\t\t\t\t\t\t\t\tclass=\"card__description \"\n\t\t\t\t\t\t\t>\n\t\t\t\t\t\t\t\t<div\n\t\t\t\t\t\t\t\t\tclass=\"card__description-text\"\n\t\t\t\t\t\t\t\t\t\t\t\t\t\t\t\t\t\tstyle=\"--udd-blocks--cards-v2--show-lines: 3\"\n\t\t\t\t\t\t\t\t\t\t\t\t\t\t\t\t\t>\n\t\t\t\t\t\t\t\t\t<p>Profesionales de la salud, prestadores de salud p\u00fablicos y privados, representantes de aseguradoras de salud, reguladores y responsables de pol\u00edticas sanitarias, profesionales de TI y desarrolladores de software en el \u00e1rea, profesionales de bio\u00e9tica y derecho, investigadores, acad\u00e9micos y representantes de pacientes. Para los investigadores del Instituto de Ciencias e Innovaci\u00f3n en Medicina de la Universidad del Desarrollo, esta actividad forma parte del proceso de \u201c<em>on boarding<\/em>\u201d en el proyecto Laboratorio de Salud de Poblaciones.<\/p>\n\t\t\t\t\t\t\t\t<\/div>\n\t\t\t\t\t\t\t\t\t\t\t\t\t\t\t<\/div>\n\t\t\t\t\t\t\t\t\t\t\t\t\t<\/div>\n\t\t\t\t\t<\/div>\n\t\t\t\t\t\t\t\t\t\t<\/div>\n\t\t<\/div>\n\t<\/div>\n<\/section>\n\n\n<!-- WP Block: UDD - Cards Alternate -->\n<section class=\"wp-block-udd-access-cards\">\n\t<div class=\"container\">\n\t\t\t\t<div class=\"block__content\">\n\t\t\t<div class=\"access-cards\">\n\t\t\t\t\t\t\t<div class=\"access-card-wrapper\">\n\t\t\t\t\t\t\t\t\t\t<div class=\"access-card\">\n\t\t\t\t\t\t<h3 class=\"access-card__title\">PROGRAMA<\/h3>\n\t\t\t\t\t\t<p class=\"access-card__description\">\n\t\t\t\t\t\t\t\t\t\t\t\t\t<\/p>\n\t\t\t\t\t\t\t\t\t\t\t\t\t\t\t\t\t\t<div class=\"access-card__link\">\n\t\t\t\t\t\t\t\t<a href=\"https:\/\/medicina.udd.cl\/cibm\/files\/2024\/03\/programa-webinar-ciberseguridad-en-salud-2024-cibm.pdf\" class=\"access-card__link-text\" data-url=\"https:\/\/medicina.udd.cl\/cibm\/files\/2024\/03\/programa-webinar-ciberseguridad-en-salud-2024-cibm.pdf\">Ver m\u00e1s<\/a>\n\t\t\t\t\t\t\t<\/div>\n\t\t\t\t\t\t\t\t\t\t\t<\/div>\n\t\t\t\t<\/div>\n\t\t\t\t\t\t\t<div class=\"access-card-wrapper\">\n\t\t\t\t\t\t\t\t\t\t<div class=\"access-card\">\n\t\t\t\t\t\t<h3 class=\"access-card__title\">INSCRIPCIONES<\/h3>\n\t\t\t\t\t\t<p class=\"access-card__description\">\n\t\t\t\t\t\t\t\t\t\t\t\t\t<\/p>\n\t\t\t\t\t\t\t\t\t\t\t\t\t\t\t\t\t\t<div class=\"access-card__link\">\n\t\t\t\t\t\t\t\t<a href=\"https:\/\/redcap.cibm.cl\/surveys\/?s=P8JX33XWNT8NAFFF\" class=\"access-card__link-text\" data-url=\"https:\/\/redcap.cibm.cl\/surveys\/?s=P8JX33XWNT8NAFFF\">Inscr\u00edbete aqu\u00ed<\/a>\n\t\t\t\t\t\t\t<\/div>\n\t\t\t\t\t\t\t\t\t\t\t<\/div>\n\t\t\t\t<\/div>\n\t\t\t\t\t\t<\/div>\n\t\t<\/div>\n\t<\/div>\n<\/section>\n","protected":false},"excerpt":{"rendered":"<p>LOS DESAF\u00cdOS RELACIONADOS CON LAS TECNOLOG\u00cdAS DE LA INFORMACI\u00d3N EN SALUD<\/p>\n","protected":false},"author":9192219,"featured_media":0,"parent":0,"menu_order":0,"comment_status":"closed","ping_status":"closed","template":"","meta":{"footnotes":""},"class_list":["post-1719","page","type-page","status-publish","hentry"],"yoast_head":"<!-- This site is optimized with the Yoast SEO plugin v26.9 - https:\/\/yoast.com\/product\/yoast-seo-wordpress\/ -->\n<title>Conferencia Ciberseguridad en Salud - Centro de Evaluaci\u00f3n de Tecnolog\u00edas Sanitarias Digitales<\/title>\n<meta name=\"robots\" content=\"index, follow, max-snippet:-1, max-image-preview:large, max-video-preview:-1\" \/>\n<link rel=\"canonical\" href=\"https:\/\/medicina.udd.cl\/dhtac\/conferencia-ciberseguridad-en-salud\/\" \/>\n<meta property=\"og:locale\" content=\"es_ES\" \/>\n<meta property=\"og:type\" content=\"article\" \/>\n<meta property=\"og:title\" content=\"Conferencia Ciberseguridad en Salud - Centro de Evaluaci\u00f3n de Tecnolog\u00edas Sanitarias Digitales\" \/>\n<meta property=\"og:description\" content=\"LOS DESAF\u00cdOS RELACIONADOS CON LAS TECNOLOG\u00cdAS DE LA INFORMACI\u00d3N EN SALUD\" \/>\n<meta property=\"og:url\" content=\"https:\/\/medicina.udd.cl\/dhtac\/conferencia-ciberseguridad-en-salud\/\" \/>\n<meta property=\"og:site_name\" content=\"Centro de Evaluaci\u00f3n de Tecnolog\u00edas Sanitarias Digitales\" \/>\n<meta property=\"article:modified_time\" content=\"2024-03-20T19:23:30+00:00\" \/>\n<meta property=\"og:image\" content=\"https:\/\/medicina.udd.cl\/cibm\/files\/2024\/03\/flyer-webinar-ciberseguridad-en-salud-2024-cibm_vf-540x1024.jpg\" \/>\n<meta name=\"twitter:card\" content=\"summary_large_image\" \/>\n<meta name=\"twitter:label1\" content=\"Tiempo de lectura\" \/>\n\t<meta name=\"twitter:data1\" content=\"1 minuto\" \/>\n<script type=\"application\/ld+json\" class=\"yoast-schema-graph\">{\"@context\":\"https:\/\/schema.org\",\"@graph\":[{\"@type\":\"WebPage\",\"@id\":\"https:\/\/medicina.udd.cl\/dhtac\/conferencia-ciberseguridad-en-salud\/\",\"url\":\"https:\/\/medicina.udd.cl\/dhtac\/conferencia-ciberseguridad-en-salud\/\",\"name\":\"Conferencia Ciberseguridad en Salud - Centro de Evaluaci\u00f3n de Tecnolog\u00edas Sanitarias Digitales\",\"isPartOf\":{\"@id\":\"https:\/\/medicina.udd.cl\/dhtac\/#website\"},\"primaryImageOfPage\":{\"@id\":\"https:\/\/medicina.udd.cl\/dhtac\/conferencia-ciberseguridad-en-salud\/#primaryimage\"},\"image\":{\"@id\":\"https:\/\/medicina.udd.cl\/dhtac\/conferencia-ciberseguridad-en-salud\/#primaryimage\"},\"thumbnailUrl\":\"https:\/\/medicina.udd.cl\/cibm\/files\/2024\/03\/flyer-webinar-ciberseguridad-en-salud-2024-cibm_vf-540x1024.jpg\",\"datePublished\":\"2024-03-18T20:25:46+00:00\",\"dateModified\":\"2024-03-20T19:23:30+00:00\",\"breadcrumb\":{\"@id\":\"https:\/\/medicina.udd.cl\/dhtac\/conferencia-ciberseguridad-en-salud\/#breadcrumb\"},\"inLanguage\":\"es\",\"potentialAction\":[{\"@type\":\"ReadAction\",\"target\":[\"https:\/\/medicina.udd.cl\/dhtac\/conferencia-ciberseguridad-en-salud\/\"]}]},{\"@type\":\"ImageObject\",\"inLanguage\":\"es\",\"@id\":\"https:\/\/medicina.udd.cl\/dhtac\/conferencia-ciberseguridad-en-salud\/#primaryimage\",\"url\":\"https:\/\/medicina.udd.cl\/cibm\/files\/2024\/03\/flyer-webinar-ciberseguridad-en-salud-2024-cibm_vf-540x1024.jpg\",\"contentUrl\":\"https:\/\/medicina.udd.cl\/cibm\/files\/2024\/03\/flyer-webinar-ciberseguridad-en-salud-2024-cibm_vf-540x1024.jpg\"},{\"@type\":\"BreadcrumbList\",\"@id\":\"https:\/\/medicina.udd.cl\/dhtac\/conferencia-ciberseguridad-en-salud\/#breadcrumb\",\"itemListElement\":[{\"@type\":\"ListItem\",\"position\":1,\"name\":\"Inicio\",\"item\":\"https:\/\/medicina.udd.cl\/dhtac\/\"},{\"@type\":\"ListItem\",\"position\":2,\"name\":\"Conferencia Ciberseguridad en Salud\"}]},{\"@type\":\"WebSite\",\"@id\":\"https:\/\/medicina.udd.cl\/dhtac\/#website\",\"url\":\"https:\/\/medicina.udd.cl\/dhtac\/\",\"name\":\"Centro de Evaluaci\u00f3n de Tecnolog\u00edas Sanitarias Digitales\",\"description\":\"\",\"inLanguage\":\"es\"}]}<\/script>\n<!-- \/ Yoast SEO plugin. -->","yoast_head_json":{"title":"Conferencia Ciberseguridad en Salud - Centro de Evaluaci\u00f3n de Tecnolog\u00edas Sanitarias Digitales","robots":{"index":"index","follow":"follow","max-snippet":"max-snippet:-1","max-image-preview":"max-image-preview:large","max-video-preview":"max-video-preview:-1"},"canonical":"https:\/\/medicina.udd.cl\/dhtac\/conferencia-ciberseguridad-en-salud\/","og_locale":"es_ES","og_type":"article","og_title":"Conferencia Ciberseguridad en Salud - Centro de Evaluaci\u00f3n de Tecnolog\u00edas Sanitarias Digitales","og_description":"LOS DESAF\u00cdOS RELACIONADOS CON LAS TECNOLOG\u00cdAS DE LA INFORMACI\u00d3N EN SALUD","og_url":"https:\/\/medicina.udd.cl\/dhtac\/conferencia-ciberseguridad-en-salud\/","og_site_name":"Centro de Evaluaci\u00f3n de Tecnolog\u00edas Sanitarias Digitales","article_modified_time":"2024-03-20T19:23:30+00:00","og_image":[{"url":"https:\/\/medicina.udd.cl\/cibm\/files\/2024\/03\/flyer-webinar-ciberseguridad-en-salud-2024-cibm_vf-540x1024.jpg","type":"","width":"","height":""}],"twitter_card":"summary_large_image","twitter_misc":{"Tiempo de lectura":"1 minuto"},"schema":{"@context":"https:\/\/schema.org","@graph":[{"@type":"WebPage","@id":"https:\/\/medicina.udd.cl\/dhtac\/conferencia-ciberseguridad-en-salud\/","url":"https:\/\/medicina.udd.cl\/dhtac\/conferencia-ciberseguridad-en-salud\/","name":"Conferencia Ciberseguridad en Salud - Centro de Evaluaci\u00f3n de Tecnolog\u00edas Sanitarias Digitales","isPartOf":{"@id":"https:\/\/medicina.udd.cl\/dhtac\/#website"},"primaryImageOfPage":{"@id":"https:\/\/medicina.udd.cl\/dhtac\/conferencia-ciberseguridad-en-salud\/#primaryimage"},"image":{"@id":"https:\/\/medicina.udd.cl\/dhtac\/conferencia-ciberseguridad-en-salud\/#primaryimage"},"thumbnailUrl":"https:\/\/medicina.udd.cl\/cibm\/files\/2024\/03\/flyer-webinar-ciberseguridad-en-salud-2024-cibm_vf-540x1024.jpg","datePublished":"2024-03-18T20:25:46+00:00","dateModified":"2024-03-20T19:23:30+00:00","breadcrumb":{"@id":"https:\/\/medicina.udd.cl\/dhtac\/conferencia-ciberseguridad-en-salud\/#breadcrumb"},"inLanguage":"es","potentialAction":[{"@type":"ReadAction","target":["https:\/\/medicina.udd.cl\/dhtac\/conferencia-ciberseguridad-en-salud\/"]}]},{"@type":"ImageObject","inLanguage":"es","@id":"https:\/\/medicina.udd.cl\/dhtac\/conferencia-ciberseguridad-en-salud\/#primaryimage","url":"https:\/\/medicina.udd.cl\/cibm\/files\/2024\/03\/flyer-webinar-ciberseguridad-en-salud-2024-cibm_vf-540x1024.jpg","contentUrl":"https:\/\/medicina.udd.cl\/cibm\/files\/2024\/03\/flyer-webinar-ciberseguridad-en-salud-2024-cibm_vf-540x1024.jpg"},{"@type":"BreadcrumbList","@id":"https:\/\/medicina.udd.cl\/dhtac\/conferencia-ciberseguridad-en-salud\/#breadcrumb","itemListElement":[{"@type":"ListItem","position":1,"name":"Inicio","item":"https:\/\/medicina.udd.cl\/dhtac\/"},{"@type":"ListItem","position":2,"name":"Conferencia Ciberseguridad en Salud"}]},{"@type":"WebSite","@id":"https:\/\/medicina.udd.cl\/dhtac\/#website","url":"https:\/\/medicina.udd.cl\/dhtac\/","name":"Centro de Evaluaci\u00f3n de Tecnolog\u00edas Sanitarias Digitales","description":"","inLanguage":"es"}]}},"_links":{"self":[{"href":"https:\/\/medicina.udd.cl\/dhtac\/wp-json\/wp\/v2\/pages\/1719","targetHints":{"allow":["GET"]}}],"collection":[{"href":"https:\/\/medicina.udd.cl\/dhtac\/wp-json\/wp\/v2\/pages"}],"about":[{"href":"https:\/\/medicina.udd.cl\/dhtac\/wp-json\/wp\/v2\/types\/page"}],"author":[{"embeddable":true,"href":"https:\/\/medicina.udd.cl\/dhtac\/wp-json\/wp\/v2\/users\/9192219"}],"replies":[{"embeddable":true,"href":"https:\/\/medicina.udd.cl\/dhtac\/wp-json\/wp\/v2\/comments?post=1719"}],"version-history":[{"count":32,"href":"https:\/\/medicina.udd.cl\/dhtac\/wp-json\/wp\/v2\/pages\/1719\/revisions"}],"predecessor-version":[{"id":1842,"href":"https:\/\/medicina.udd.cl\/dhtac\/wp-json\/wp\/v2\/pages\/1719\/revisions\/1842"}],"wp:attachment":[{"href":"https:\/\/medicina.udd.cl\/dhtac\/wp-json\/wp\/v2\/media?parent=1719"}],"curies":[{"name":"wp","href":"https:\/\/api.w.org\/{rel}","templated":true}]}}