{"id":630,"date":"2017-06-20T10:30:38","date_gmt":"2017-06-20T13:30:38","guid":{"rendered":"http:\/\/medicina.udd.cl\/ci3\/?page_id=630"},"modified":"2021-04-21T21:17:50","modified_gmt":"2021-04-22T00:17:50","slug":"politica-de-privacidad","status":"publish","type":"page","link":"https:\/\/medicina.udd.cl\/dhtac\/inicio\/politica-de-privacidad\/","title":{"rendered":"Pol\u00edtica de Privacidad"},"content":{"rendered":"\n<h4 class=\"wp-block-heading\">Pol\u00edtica de Privacidad para el sitio web y para las aplicaciones de software desarrolladas y distribuidas p\u00fablicamente (de manera gratuita o de pago) por el Centro de Inform\u00e1tica Biom\u00e9dica (CIB) del Instituto de Ciencias e Innovaci\u00f3n en Medicina (ICIM) de la Facultad de Medicina Cl\u00ednica Alemana \u2013 Universidad del Desarrollo Versi\u00f3n 1.1 (05 de octubre de 2018)<\/h4>\n\n\n\n<p>El Centro de Inform\u00e1tica Biom\u00e9dica (CIB) del Instituto de Ciencias e Innovaci\u00f3n en Medicina (ICIM), perteneciente a la Facultad de Medicina Cl\u00ednica Alemana \u2013 Universidad del Desarrollo, (en adelante \u201cCIB\u201d) pone en conocimiento a todos quienes utilizan las aplicaciones desarrolladas y liberadas de forma gratuita o de pago por el mismo CIB y\/o los usuarios que acceden al sitio web <a href=\"http:\/\/medicina.udd.cl\/ci3\/\">http:\/\/medicina.udd.cl\/ci3\/<\/a> la siguiente <strong>Pol\u00edtica de Privacidad<\/strong>, a fin de resguardar la confidencialidad y privacidad de la informaci\u00f3n proporcionada o recogida de los suscriptores, usuarios y\/o visitantes del mencionado sitio web y\/o usuarios de las aplicaciones de software desarrolladas por el CIB. El s\u00f3lo hecho de uso del sitio web y aplicaciones de software desarrolladas por el CIB implican la aceptaci\u00f3n de esta pol\u00edtica.<\/p>\n\n\n\n<h4 class=\"wp-block-heading\">DATOS RECOGIDOS POR EL CIB<\/h4>\n\n\n\n<p>Los datos que podr\u00e1n ser recogidos por el CIB seg\u00fan el caso son los siguientes:<\/p>\n\n\n\n<ul class=\"wp-block-list\"><li><strong>Perfil del usuario,<\/strong> visitante o del suscriptor: datos personales que solicitamos expl\u00edcitamente y que los usuarios, suscriptores o visitantes nos proporcionan, como por ejemplo nombres, direcciones de correo e-mail, n\u00fameros de tel\u00e9fono, preferencias de idioma, estudios, profesi\u00f3n, categor\u00edas o sectores de inter\u00e9s\/preferencias de usuario, ex\u00e1menes que est\u00e1n rindiendo relacionados con sus estudios o profesi\u00f3n y otros datos de perfil que podr\u00edan variar seg\u00fan la p\u00e1gina web, formulario, aplicaci\u00f3n o servicio en particular;<\/li><li><strong>Navegaci\u00f3n en el sitio:<\/strong> como por ejemplo direcciones IP, cookies o tecnolog\u00edas similares, p\u00e1ginas visitadas, detalles de las b\u00fasquedas realizadas, duraci\u00f3n de la visita, versiones de navegadores, sistemas operativos y modelos de dispositivos utilizados, protocolos internet utilizados y otros datos propios de las bit\u00e1coras y estad\u00edsticas de visitas a los sitios web;<\/li><li><strong>Uso de las aplicaciones:<\/strong> datos de los operadores m\u00f3viles, n\u00fameros celulares, identificadores y modelos de los dispositivos m\u00f3viles, versiones de los sistemas operativos utilizados, detalle de las b\u00fasquedas realizadas, direcciones IP, informaci\u00f3n de localizaci\u00f3n y sensores, datos de la forma y frecuencia de utilizaci\u00f3n de las distintas funcionalidades de nuestras aplicaciones seg\u00fan cada aplicaci\u00f3n particular, reportes de eventos de errores de las aplicaciones.<\/li><\/ul>\n\n\n\n<h4 class=\"wp-block-heading\">EN CUANTO A LAS FINALIDADES DE LA RECOPILACI\u00d3N DE DATOS<\/h4>\n\n\n\n<p>Toda la informaci\u00f3n recogida por el CIB, adem\u00e1s de servir para permitir las funcionalidades que el usuario mismo espera de ellas, tambi\u00e9n podr\u00e1 ser tratada para fines de generaci\u00f3n de estad\u00edsticas generales agregadas sobre el uso de las aplicaciones mismas y\/o uso del sitio web y en particular tambi\u00e9n podr\u00e1 ser utilizada para investigaci\u00f3n de forma agregada y\/o para la generaci\u00f3n de indicadores seg\u00fan categor\u00eda, grupo o tipolog\u00eda de perfil de usuario.<\/p>\n\n\n\n<p>En el caso de la informaci\u00f3n sometida expl\u00edcitamente a trav\u00e9s de los formularios para someter problemas, sugerencias o comentarios, o para tomar contacto con nosotros, estos ser\u00e1n utilizados exclusivamente para los fines expl\u00edcitamente declarados en los respectivos formularios seg\u00fan cada tipolog\u00eda de formulario web (a modo de ejemplo, y sin que la enumeraci\u00f3n sea taxativa, podemos utilizarlos para la evaluaci\u00f3n de los problemas, sugerencias, comentarios y otros seg\u00fan el caso) y para poder establecer y mantener el contacto con el usuario.<\/p>\n\n\n\n<p>Tambi\u00e9n se usar\u00e1 la informaci\u00f3n para desarrollar nuevos productos y servicios y mejorar los existentes.<\/p>\n\n\n\n<p>Se solicitar\u00e1 el consentimiento del usuario antes de usar sus datos para fines distintos a los declarados en la presente pol\u00edtica.<\/p>\n\n\n\n<h4 class=\"wp-block-heading\">EN CUANTO A LA ENTREGA DE INFORMACI\u00d3N A TERCEROS<\/h4>\n\n\n\n<p>Los datos personales de identificaci\u00f3n y perfilamiento correspondientes a las cuentas de usuarios web o de las aplicaciones de los softwares o los datos sobre el uso de estas ser\u00e1n tratados exclusivamente para los fines de autenticaci\u00f3n y acceso al sitio web y\/o a las aplicaciones mismas no ser\u00e1n divulgados a terceros, salvo en el evento que la Universidad del Desarrollo ceda o transfiera a terceros la o las aplicaciones software, sitios web o sistemas desarrollados por el CIB, en cuyo caso aplicar\u00e1 la Pol\u00edtica de Privacidad definida por aquel tercero receptor de la transferencia o cesi\u00f3n.<\/p>\n\n\n\n<p>La informaci\u00f3n estad\u00edstica y de indicadores sobre el uso, resultados, categor\u00edas de perfilamiento de los usuarios podr\u00e1n ser entregadas o mostradas a terceros en distintos niveles de agregaci\u00f3n. En todo caso, siempre se har\u00e1 respecto de datos anonimizados, es decir, en ning\u00fan caso se expondr\u00e1 ni entregar\u00e1 a terceros informaci\u00f3n que permita la identificaci\u00f3n de un usuario particular o que permita relacionar el uso que un usuario en particular hace del sitio web o de las aplicaciones con su identidad\/identificaci\u00f3n, salvo en la eventualidad de cesi\u00f3n o transferencia a terceros descrita en el p\u00e1rrafo anterior.<\/p>\n\n\n\n<p>La informaci\u00f3n proporcionada expl\u00edcitamente a trav\u00e9s de los formularios disponibles podr\u00e1 ser compartida con terceros s\u00f3lo en la eventualidad que ello fuera necesario para evaluar adecuadamente y\/o dar la mejor respuesta a la solicitud, propuesta o para el problema respectivo planteado.<\/p>\n\n\n\n<p>En el evento que el CIB deje de existir, o si se produce alg\u00fan cambio en la estructura organizativa de la Universidad del Desarrollo que signifique su reemplazo o sucesi\u00f3n por una persona jur\u00eddica distinta, se asegurar\u00e1 la confidencialidad y protecci\u00f3n de los datos personales de los usuarios, lo que les ser\u00e1 informado a los mismos, para que dentro de plazo que se establezca, opten entre someterse a la Pol\u00edtica de Privacidad de la instituci\u00f3n sucesora legal de la Universidad o requieran la eliminaci\u00f3n de sus datos personales.<\/p>\n\n\n\n<p>Por \u00faltimo, si el CIB recibe un requerimiento de revelaci\u00f3n de informaci\u00f3n personal de un usuario por ley, decreto, resoluci\u00f3n judicial, o decisi\u00f3n de cualquier entidad o autoridad estatal competente, se le informar\u00e1 de dicha circunstancia al o los usuarios comprendidos en el requerimiento de tal modo que pueda(n) intentar la interposici\u00f3n de medidas cautelares, \u00f3rdenes de no innovar y\/o de cualquier otro medio o acci\u00f3n dirigido a evitar la divulgaci\u00f3n si ello fuere jur\u00eddicamente posible.<\/p>\n\n\n\n<h4 class=\"wp-block-heading\">VERSIONES DE LA POL\u00cdTICA DE PRIVACIDAD<\/h4>\n\n\n\n<p>En el evento que la presente pol\u00edtica sufra enmiendas o actualizaciones, las que podr\u00e1n ser realizadas en cualquier momento, los suscriptores, usuarios y\/o visitantes del sitio web y\/o usuarios de las aplicaciones de software desarrolladas por el CIB ser\u00e1n informados a trav\u00e9s de cualquiera de los canales de comunicaci\u00f3n dispuestos en el sitio web o en las aplicaciones, incorpor\u00e1ndose en el texto de la pol\u00edtica el n\u00famero de su versi\u00f3n y fecha.<\/p>\n","protected":false},"excerpt":{"rendered":"<p>Pol\u00edtica de Privacidad para el sitio web y para las aplicaciones de software desarrolladas y distribuidas p\u00fablicamente (de manera gratuita o de pago) por el Centro de Inform\u00e1tica Biom\u00e9dica (CIB) del Instituto de Ciencias e Innovaci\u00f3n en Medicina (ICIM) de la Facultad de Medicina Cl\u00ednica Alemana \u2013 Universidad del Desarrollo Versi\u00f3n 1.1 (05 de octubre [&hellip;]<\/p>\n","protected":false},"author":9192207,"featured_media":0,"parent":1498,"menu_order":2,"comment_status":"closed","ping_status":"closed","template":"","meta":{"footnotes":""},"class_list":["post-630","page","type-page","status-publish","hentry"],"yoast_head":"<!-- This site is optimized with the Yoast SEO plugin v26.9 - https:\/\/yoast.com\/product\/yoast-seo-wordpress\/ -->\n<title>Pol\u00edtica de Privacidad - Centro de Evaluaci\u00f3n de Tecnolog\u00edas Sanitarias Digitales<\/title>\n<meta name=\"robots\" content=\"index, follow, max-snippet:-1, max-image-preview:large, max-video-preview:-1\" \/>\n<link rel=\"canonical\" href=\"https:\/\/medicina.udd.cl\/dhtac\/inicio\/politica-de-privacidad\/\" \/>\n<meta property=\"og:locale\" content=\"es_ES\" \/>\n<meta property=\"og:type\" content=\"article\" \/>\n<meta property=\"og:title\" content=\"Pol\u00edtica de Privacidad - Centro de Evaluaci\u00f3n de Tecnolog\u00edas Sanitarias Digitales\" \/>\n<meta property=\"og:description\" content=\"Pol\u00edtica de Privacidad para el sitio web y para las aplicaciones de software desarrolladas y distribuidas p\u00fablicamente (de manera gratuita o de pago) por el Centro de Inform\u00e1tica Biom\u00e9dica (CIB) del Instituto de Ciencias e Innovaci\u00f3n en Medicina (ICIM) de la Facultad de Medicina Cl\u00ednica Alemana \u2013 Universidad del Desarrollo Versi\u00f3n 1.1 (05 de octubre [&hellip;]\" \/>\n<meta property=\"og:url\" content=\"https:\/\/medicina.udd.cl\/dhtac\/inicio\/politica-de-privacidad\/\" \/>\n<meta property=\"og:site_name\" content=\"Centro de Evaluaci\u00f3n de Tecnolog\u00edas Sanitarias Digitales\" \/>\n<meta property=\"article:modified_time\" content=\"2021-04-22T00:17:50+00:00\" \/>\n<meta name=\"twitter:card\" content=\"summary_large_image\" \/>\n<meta name=\"twitter:label1\" content=\"Tiempo de lectura\" \/>\n\t<meta name=\"twitter:data1\" content=\"6 minutos\" \/>\n<script type=\"application\/ld+json\" class=\"yoast-schema-graph\">{\"@context\":\"https:\/\/schema.org\",\"@graph\":[{\"@type\":\"WebPage\",\"@id\":\"https:\/\/medicina.udd.cl\/dhtac\/inicio\/politica-de-privacidad\/\",\"url\":\"https:\/\/medicina.udd.cl\/dhtac\/inicio\/politica-de-privacidad\/\",\"name\":\"Pol\u00edtica de Privacidad - Centro de Evaluaci\u00f3n de Tecnolog\u00edas Sanitarias Digitales\",\"isPartOf\":{\"@id\":\"https:\/\/medicina.udd.cl\/dhtac\/#website\"},\"datePublished\":\"2017-06-20T13:30:38+00:00\",\"dateModified\":\"2021-04-22T00:17:50+00:00\",\"breadcrumb\":{\"@id\":\"https:\/\/medicina.udd.cl\/dhtac\/inicio\/politica-de-privacidad\/#breadcrumb\"},\"inLanguage\":\"es\",\"potentialAction\":[{\"@type\":\"ReadAction\",\"target\":[\"https:\/\/medicina.udd.cl\/dhtac\/inicio\/politica-de-privacidad\/\"]}]},{\"@type\":\"BreadcrumbList\",\"@id\":\"https:\/\/medicina.udd.cl\/dhtac\/inicio\/politica-de-privacidad\/#breadcrumb\",\"itemListElement\":[{\"@type\":\"ListItem\",\"position\":1,\"name\":\"Inicio\",\"item\":\"https:\/\/medicina.udd.cl\/dhtac\/\"},{\"@type\":\"ListItem\",\"position\":2,\"name\":\"Inicio\",\"item\":\"https:\/\/medicina.udd.cl\/dhtac\/\"},{\"@type\":\"ListItem\",\"position\":3,\"name\":\"Pol\u00edtica de Privacidad\"}]},{\"@type\":\"WebSite\",\"@id\":\"https:\/\/medicina.udd.cl\/dhtac\/#website\",\"url\":\"https:\/\/medicina.udd.cl\/dhtac\/\",\"name\":\"Centro de Evaluaci\u00f3n de Tecnolog\u00edas Sanitarias Digitales\",\"description\":\"\",\"inLanguage\":\"es\"}]}<\/script>\n<!-- \/ Yoast SEO plugin. -->","yoast_head_json":{"title":"Pol\u00edtica de Privacidad - Centro de Evaluaci\u00f3n de Tecnolog\u00edas Sanitarias Digitales","robots":{"index":"index","follow":"follow","max-snippet":"max-snippet:-1","max-image-preview":"max-image-preview:large","max-video-preview":"max-video-preview:-1"},"canonical":"https:\/\/medicina.udd.cl\/dhtac\/inicio\/politica-de-privacidad\/","og_locale":"es_ES","og_type":"article","og_title":"Pol\u00edtica de Privacidad - Centro de Evaluaci\u00f3n de Tecnolog\u00edas Sanitarias Digitales","og_description":"Pol\u00edtica de Privacidad para el sitio web y para las aplicaciones de software desarrolladas y distribuidas p\u00fablicamente (de manera gratuita o de pago) por el Centro de Inform\u00e1tica Biom\u00e9dica (CIB) del Instituto de Ciencias e Innovaci\u00f3n en Medicina (ICIM) de la Facultad de Medicina Cl\u00ednica Alemana \u2013 Universidad del Desarrollo Versi\u00f3n 1.1 (05 de octubre [&hellip;]","og_url":"https:\/\/medicina.udd.cl\/dhtac\/inicio\/politica-de-privacidad\/","og_site_name":"Centro de Evaluaci\u00f3n de Tecnolog\u00edas Sanitarias Digitales","article_modified_time":"2021-04-22T00:17:50+00:00","twitter_card":"summary_large_image","twitter_misc":{"Tiempo de lectura":"6 minutos"},"schema":{"@context":"https:\/\/schema.org","@graph":[{"@type":"WebPage","@id":"https:\/\/medicina.udd.cl\/dhtac\/inicio\/politica-de-privacidad\/","url":"https:\/\/medicina.udd.cl\/dhtac\/inicio\/politica-de-privacidad\/","name":"Pol\u00edtica de Privacidad - Centro de Evaluaci\u00f3n de Tecnolog\u00edas Sanitarias Digitales","isPartOf":{"@id":"https:\/\/medicina.udd.cl\/dhtac\/#website"},"datePublished":"2017-06-20T13:30:38+00:00","dateModified":"2021-04-22T00:17:50+00:00","breadcrumb":{"@id":"https:\/\/medicina.udd.cl\/dhtac\/inicio\/politica-de-privacidad\/#breadcrumb"},"inLanguage":"es","potentialAction":[{"@type":"ReadAction","target":["https:\/\/medicina.udd.cl\/dhtac\/inicio\/politica-de-privacidad\/"]}]},{"@type":"BreadcrumbList","@id":"https:\/\/medicina.udd.cl\/dhtac\/inicio\/politica-de-privacidad\/#breadcrumb","itemListElement":[{"@type":"ListItem","position":1,"name":"Inicio","item":"https:\/\/medicina.udd.cl\/dhtac\/"},{"@type":"ListItem","position":2,"name":"Inicio","item":"https:\/\/medicina.udd.cl\/dhtac\/"},{"@type":"ListItem","position":3,"name":"Pol\u00edtica de Privacidad"}]},{"@type":"WebSite","@id":"https:\/\/medicina.udd.cl\/dhtac\/#website","url":"https:\/\/medicina.udd.cl\/dhtac\/","name":"Centro de Evaluaci\u00f3n de Tecnolog\u00edas Sanitarias Digitales","description":"","inLanguage":"es"}]}},"_links":{"self":[{"href":"https:\/\/medicina.udd.cl\/dhtac\/wp-json\/wp\/v2\/pages\/630","targetHints":{"allow":["GET"]}}],"collection":[{"href":"https:\/\/medicina.udd.cl\/dhtac\/wp-json\/wp\/v2\/pages"}],"about":[{"href":"https:\/\/medicina.udd.cl\/dhtac\/wp-json\/wp\/v2\/types\/page"}],"author":[{"embeddable":true,"href":"https:\/\/medicina.udd.cl\/dhtac\/wp-json\/wp\/v2\/users\/9192207"}],"replies":[{"embeddable":true,"href":"https:\/\/medicina.udd.cl\/dhtac\/wp-json\/wp\/v2\/comments?post=630"}],"version-history":[{"count":18,"href":"https:\/\/medicina.udd.cl\/dhtac\/wp-json\/wp\/v2\/pages\/630\/revisions"}],"predecessor-version":[{"id":1565,"href":"https:\/\/medicina.udd.cl\/dhtac\/wp-json\/wp\/v2\/pages\/630\/revisions\/1565"}],"up":[{"embeddable":true,"href":"https:\/\/medicina.udd.cl\/dhtac\/wp-json\/wp\/v2\/pages\/1498"}],"wp:attachment":[{"href":"https:\/\/medicina.udd.cl\/dhtac\/wp-json\/wp\/v2\/media?parent=630"}],"curies":[{"name":"wp","href":"https:\/\/api.w.org\/{rel}","templated":true}]}}