{"id":127,"date":"2016-10-04T16:58:37","date_gmt":"2016-10-04T16:58:37","guid":{"rendered":"http:\/\/medicina.udd.cl\/doctorado\/?page_id=127"},"modified":"2025-06-26T15:35:26","modified_gmt":"2025-06-26T19:35:26","slug":"descripcion","status":"publish","type":"page","link":"https:\/\/medicina.udd.cl\/doctorado\/descripcion\/","title":{"rendered":"Descripci\u00f3n"},"content":{"rendered":"\n<h2 class=\"wp-block-heading\">Duraci\u00f3n\u00a0y jornada\u00a0<\/h2>\n\n\n\n<p>El Doctorado en Ciencias e Innovaci\u00f3n en Medicina se imparte en modalidad presencial, en jornada diurna, con dedicaci\u00f3n exclusiva y tiene una duraci\u00f3n de cuatro a\u00f1os. El primer a\u00f1o incluye asignaturas te\u00f3rico-pr\u00e1cticas de car\u00e1cter obligatorio y uno de car\u00e1cter electivo, a lo que se agregan dos unidades de investigaci\u00f3n.<\/p>\n\n\n\n<p>En segundo a\u00f1o, los alumnos comienzan su trabajo de tesis doctoral, la que se prolongar\u00e1 por tres a\u00f1os aproximadamente. Adem\u00e1s de una asignatura de car\u00e1cter electivo que podr\u00e1n tomar durante el segundo hasta el cuarto a\u00f1o. Todas las asignaturas de primer a\u00f1o, las unidades de investigaci\u00f3n y el Examen de Candidatura deben estar aprobados antes de iniciar el proceso formal de la tesis.<\/p>\n\n\n\n<p>A contar del tercer semestre, se establece un per\u00edodo de retribuci\u00f3n de parte del alumno para realizar y asumir responsabilidades de \u201cAyudante de Docencia\u201d, en cualquier de nuestras \u00e1reas de investigaci\u00f3n.<\/p>\n\n\n\n<p>La tesis doctoral podr\u00e1 ser de investigaci\u00f3n de laboratorio y, en casos calificados, de investigaci\u00f3n cl\u00ednica. Podr\u00e1 realizarse en los siguientes lugares: <\/p>\n\n\n\n<ul class=\"wp-block-list\">\n<li>Facultad de Medicina Cl\u00ednica Alemana Universidad del Desarrollo. <\/li>\n\n\n\n<li>Cl\u00ednica Alemana de Santiago. <\/li>\n\n\n\n<li>Hospital Padre Hurtado, ubicado en San Ram\u00f3n.<\/li>\n<\/ul>\n\n\n\n<h2 class=\"wp-block-heading\">Metodolog\u00eda y evaluaci\u00f3n<\/h2>\n\n\n\n<p>El Comit\u00e9 del Doctorado evaluar\u00e1 en forma individual a los alumnos para asegurar un nivel suficiente de conocimientos previos, utilizando en caso necesario mecanismos de nivelaci\u00f3n. Se pondr\u00e1 \u00e9nfasis en la flexibilidad del programa y en su personalizaci\u00f3n.<\/p>\n\n\n\n<p>Durante el Doctorado se ofrecer\u00e1n cursos para transmitir a los alumnos conocimientos necesarios para efectuar investigaci\u00f3n en el \u00e1rea.<\/p>\n\n\n\n<p>La metodolog\u00eda se basa en el trabajo personal de cada alumno, quien es el eje del proceso de ense\u00f1anza-aprendizaje. Incluye actividades de lectura personal, seminarios y talleres. Se evaluar\u00e1 tanto por conocimientos como por cumplimiento de metas de crecimiento personal y por el inter\u00e9s demostrado.<\/p>\n\n\n\n<h2 class=\"wp-block-heading\">Plan de estudios<\/h2>\n\n\n\n<p>Este se organiza en dos etapas: <\/p>\n\n\n\n<ol class=\"wp-block-list\">\n<li>Dos semestres de preparaci\u00f3n te\u00f3rico-pr\u00e1ctica, una asignatura electiva y la realizaci\u00f3n de dos unidades de investigaci\u00f3n, actividades de tiempo completo. <\/li>\n\n\n\n<li>Seis semestres de realizaci\u00f3n de la tesis doctoral: investigaci\u00f3n original, actividad de tiempo completo. Adem\u00e1s de un segundo electivo; Ayudant\u00eda de Docencia Pre y Postgrado y durante cualquiera de los semestres comprendidos entre la aprobaci\u00f3n de su examen de calificaci\u00f3n y la defensa privada de la tesis, los alumnos de Doctorado deber\u00e1n realizar una serie de actividades complementarias (Talleres y Bit\u00e1cora) a la malla curricular con el objetivo de reforzar los conocimientos habilidades y aptitudes descritos en el perfil de egreso. <\/li>\n<\/ol>\n\n\n\n<p>Los cursos del primer a\u00f1o son obligatorios y electivos. Todos son te\u00f3rico-pr\u00e1cticos e incluyen trabajo personal no supervisado, participaci\u00f3n en seminarios y talleres, preparaci\u00f3n de ensayos e investigaciones bibliogr\u00e1ficas, presentaciones orales y presencia en laboratorios.<\/p>\n\n\n\n<p>Ser\u00e1n tambi\u00e9n obligatorias dos unidades de investigaci\u00f3n durante los semestres 1 y 2, y una tesis original de investigaci\u00f3n que abarcar\u00e1 los semestres 3 a 8 inclusive. Todo este tiempo requiere dedicaci\u00f3n completa. Se estimular\u00e1 a los alumnos a participar en la preparaci\u00f3n y discusi\u00f3n de manuscritos cient\u00edficos, con \u00e9nfasis en la asistencia a congresos cient\u00edficos de la disciplina, a nivel nacional e internacional.<\/p>\n\n\n\n<p>Adem\u00e1s, contar\u00e1n con un curso de Bio\u00e9tica de la investigaci\u00f3n, que insistir\u00e1 en los aspectos val\u00f3ricos de la ciencia y las personas.<\/p>\n\n\n\n<p>El alumno tambi\u00e9n debe aprobar al menos dos asignaturas de profundizaci\u00f3n en temas espec\u00edficos con car\u00e1cter electivo. Estas \u00e1reas pueden ser elegidas por el propio alumno. Se agregan temas en campos espec\u00edficos de inter\u00e9s m\u00e9dico y social (temas de epidemiolog\u00eda y pol\u00edticas de salud, inmunolog\u00eda e inflamaci\u00f3n, fisiolog\u00eda, gen\u00f3mica y bioinform\u00e1tica entre otros).<\/p>\n\n\n\n<ul class=\"wp-block-list\">\n<li><a class=\"pdf-download\" href=\"http:\/\/medicina.udd.cl\/doctorado\/files\/2020\/05\/plan-de-estudios-dcim.pdf\"><strong>Plan de Estudios DCIM<\/strong><\/a><\/li>\n<\/ul>\n","protected":false},"excerpt":{"rendered":"<p>Duraci\u00f3n\u00a0y jornada\u00a0 El Doctorado en Ciencias e Innovaci\u00f3n en Medicina se imparte en modalidad presencial, en jornada diurna, con dedicaci\u00f3n exclusiva y tiene una duraci\u00f3n de cuatro a\u00f1os. El primer a\u00f1o incluye asignaturas te\u00f3rico-pr\u00e1cticas de car\u00e1cter obligatorio y uno de car\u00e1cter electivo, a lo que se agregan dos unidades de investigaci\u00f3n. En segundo a\u00f1o, los [&hellip;]<\/p>\n","protected":false},"author":9192217,"featured_media":0,"parent":0,"menu_order":0,"comment_status":"closed","ping_status":"closed","template":"","meta":{"footnotes":""},"class_list":["post-127","page","type-page","status-publish","hentry"],"yoast_head":"<!-- This site is optimized with the Yoast SEO plugin v26.9 - https:\/\/yoast.com\/product\/yoast-seo-wordpress\/ -->\n<title>Descripci\u00f3n - Doctorado en Ciencias e Innovaci\u00f3n en Medicina<\/title>\n<meta name=\"robots\" content=\"noindex, follow, max-snippet:-1, max-image-preview:large, max-video-preview:-1\" \/>\n<meta property=\"og:locale\" content=\"es_ES\" \/>\n<meta property=\"og:type\" content=\"article\" \/>\n<meta property=\"og:title\" content=\"Descripci\u00f3n - Doctorado en Ciencias e Innovaci\u00f3n en Medicina\" \/>\n<meta property=\"og:description\" content=\"Duraci\u00f3n\u00a0y jornada\u00a0 El Doctorado en Ciencias e Innovaci\u00f3n en Medicina se imparte en modalidad presencial, en jornada diurna, con dedicaci\u00f3n exclusiva y tiene una duraci\u00f3n de cuatro a\u00f1os. El primer a\u00f1o incluye asignaturas te\u00f3rico-pr\u00e1cticas de car\u00e1cter obligatorio y uno de car\u00e1cter electivo, a lo que se agregan dos unidades de investigaci\u00f3n. En segundo a\u00f1o, los [&hellip;]\" \/>\n<meta property=\"og:url\" content=\"https:\/\/medicina.udd.cl\/doctorado\/descripcion\/\" \/>\n<meta property=\"og:site_name\" content=\"Doctorado en Ciencias e Innovaci\u00f3n en Medicina\" \/>\n<meta property=\"article:modified_time\" content=\"2025-06-26T19:35:26+00:00\" \/>\n<meta name=\"twitter:card\" content=\"summary_large_image\" \/>\n<meta name=\"twitter:label1\" content=\"Tiempo de lectura\" \/>\n\t<meta name=\"twitter:data1\" content=\"3 minutos\" \/>\n<script type=\"application\/ld+json\" class=\"yoast-schema-graph\">{\"@context\":\"https:\/\/schema.org\",\"@graph\":[{\"@type\":\"WebPage\",\"@id\":\"https:\/\/medicina.udd.cl\/doctorado\/descripcion\/\",\"url\":\"https:\/\/medicina.udd.cl\/doctorado\/descripcion\/\",\"name\":\"Descripci\u00f3n - Doctorado en Ciencias e Innovaci\u00f3n en Medicina\",\"isPartOf\":{\"@id\":\"https:\/\/medicina.udd.cl\/doctorado\/#website\"},\"datePublished\":\"2016-10-04T16:58:37+00:00\",\"dateModified\":\"2025-06-26T19:35:26+00:00\",\"inLanguage\":\"es\",\"potentialAction\":[{\"@type\":\"ReadAction\",\"target\":[\"https:\/\/medicina.udd.cl\/doctorado\/descripcion\/\"]}]},{\"@type\":\"WebSite\",\"@id\":\"https:\/\/medicina.udd.cl\/doctorado\/#website\",\"url\":\"https:\/\/medicina.udd.cl\/doctorado\/\",\"name\":\"Doctorado en Ciencias e Innovaci\u00f3n en Medicina\",\"description\":\"\",\"inLanguage\":\"es\"}]}<\/script>\n<!-- \/ Yoast SEO plugin. -->","yoast_head_json":{"title":"Descripci\u00f3n - Doctorado en Ciencias e Innovaci\u00f3n en Medicina","robots":{"index":"noindex","follow":"follow","max-snippet":"max-snippet:-1","max-image-preview":"max-image-preview:large","max-video-preview":"max-video-preview:-1"},"og_locale":"es_ES","og_type":"article","og_title":"Descripci\u00f3n - Doctorado en Ciencias e Innovaci\u00f3n en Medicina","og_description":"Duraci\u00f3n\u00a0y jornada\u00a0 El Doctorado en Ciencias e Innovaci\u00f3n en Medicina se imparte en modalidad presencial, en jornada diurna, con dedicaci\u00f3n exclusiva y tiene una duraci\u00f3n de cuatro a\u00f1os. El primer a\u00f1o incluye asignaturas te\u00f3rico-pr\u00e1cticas de car\u00e1cter obligatorio y uno de car\u00e1cter electivo, a lo que se agregan dos unidades de investigaci\u00f3n. En segundo a\u00f1o, los [&hellip;]","og_url":"https:\/\/medicina.udd.cl\/doctorado\/descripcion\/","og_site_name":"Doctorado en Ciencias e Innovaci\u00f3n en Medicina","article_modified_time":"2025-06-26T19:35:26+00:00","twitter_card":"summary_large_image","twitter_misc":{"Tiempo de lectura":"3 minutos"},"schema":{"@context":"https:\/\/schema.org","@graph":[{"@type":"WebPage","@id":"https:\/\/medicina.udd.cl\/doctorado\/descripcion\/","url":"https:\/\/medicina.udd.cl\/doctorado\/descripcion\/","name":"Descripci\u00f3n - Doctorado en Ciencias e Innovaci\u00f3n en Medicina","isPartOf":{"@id":"https:\/\/medicina.udd.cl\/doctorado\/#website"},"datePublished":"2016-10-04T16:58:37+00:00","dateModified":"2025-06-26T19:35:26+00:00","inLanguage":"es","potentialAction":[{"@type":"ReadAction","target":["https:\/\/medicina.udd.cl\/doctorado\/descripcion\/"]}]},{"@type":"WebSite","@id":"https:\/\/medicina.udd.cl\/doctorado\/#website","url":"https:\/\/medicina.udd.cl\/doctorado\/","name":"Doctorado en Ciencias e Innovaci\u00f3n en Medicina","description":"","inLanguage":"es"}]}},"_links":{"self":[{"href":"https:\/\/medicina.udd.cl\/doctorado\/wp-json\/wp\/v2\/pages\/127","targetHints":{"allow":["GET"]}}],"collection":[{"href":"https:\/\/medicina.udd.cl\/doctorado\/wp-json\/wp\/v2\/pages"}],"about":[{"href":"https:\/\/medicina.udd.cl\/doctorado\/wp-json\/wp\/v2\/types\/page"}],"author":[{"embeddable":true,"href":"https:\/\/medicina.udd.cl\/doctorado\/wp-json\/wp\/v2\/users\/9192217"}],"replies":[{"embeddable":true,"href":"https:\/\/medicina.udd.cl\/doctorado\/wp-json\/wp\/v2\/comments?post=127"}],"version-history":[{"count":7,"href":"https:\/\/medicina.udd.cl\/doctorado\/wp-json\/wp\/v2\/pages\/127\/revisions"}],"predecessor-version":[{"id":2785,"href":"https:\/\/medicina.udd.cl\/doctorado\/wp-json\/wp\/v2\/pages\/127\/revisions\/2785"}],"wp:attachment":[{"href":"https:\/\/medicina.udd.cl\/doctorado\/wp-json\/wp\/v2\/media?parent=127"}],"curies":[{"name":"wp","href":"https:\/\/api.w.org\/{rel}","templated":true}]}}