{"id":2684,"date":"2016-08-30T20:08:38","date_gmt":"2016-08-30T20:08:38","guid":{"rendered":"http:\/\/medicina.udd.cl\/doctorado\/?page_id=6"},"modified":"2025-06-26T15:23:19","modified_gmt":"2025-06-26T19:23:19","slug":"programa","status":"publish","type":"page","link":"https:\/\/medicina.udd.cl\/doctorado\/programa\/","title":{"rendered":"Programa"},"content":{"rendered":"\n<div class=\"wp-block-media-text has-media-on-the-right is-stacked-on-mobile\"><div class=\"wp-block-media-text__content\">\n<h2 class=\"wp-block-heading\">Misi\u00f3n<\/h2>\n\n\n\n<p>Formar doctores \u00edntegros del \u00e1rea biom\u00e9dica con el m\u00e1s alto nivel acad\u00e9mico y con s\u00f3lidos conocimientos cient\u00edficos, capaces de generar conocimiento cient\u00edfico y desarrollar soluciones creativas a problemas relevantes de salud que tengan un impacto positivo en la sociedad.<\/p>\n<\/div><figure class=\"wp-block-media-text__media\"><img loading=\"lazy\" decoding=\"async\" width=\"1024\" height=\"576\" src=\"http:\/\/medicina.udd.cl\/doctorado\/files\/2025\/06\/logan-gutierrez-rl9biwkcvf0-unsplash-1024x576.jpg\" alt=\"\" class=\"wp-image-2763 size-full\" srcset=\"https:\/\/medicina.udd.cl\/doctorado\/files\/2025\/06\/logan-gutierrez-rl9biwkcvf0-unsplash-1024x576.jpg 1024w, https:\/\/medicina.udd.cl\/doctorado\/files\/2025\/06\/logan-gutierrez-rl9biwkcvf0-unsplash-300x169.jpg 300w, https:\/\/medicina.udd.cl\/doctorado\/files\/2025\/06\/logan-gutierrez-rl9biwkcvf0-unsplash-768x432.jpg 768w, https:\/\/medicina.udd.cl\/doctorado\/files\/2025\/06\/logan-gutierrez-rl9biwkcvf0-unsplash-1536x864.jpg 1536w, https:\/\/medicina.udd.cl\/doctorado\/files\/2025\/06\/logan-gutierrez-rl9biwkcvf0-unsplash-1366x768.jpg 1366w, https:\/\/medicina.udd.cl\/doctorado\/files\/2025\/06\/logan-gutierrez-rl9biwkcvf0-unsplash-680x382.jpg 680w, https:\/\/medicina.udd.cl\/doctorado\/files\/2025\/06\/logan-gutierrez-rl9biwkcvf0-unsplash.jpg 1920w\" sizes=\"auto, (max-width: 1024px) 100vw, 1024px\" \/><\/figure><\/div>\n\n\n\n<h2 class=\"wp-block-heading\">Visi\u00f3n<\/h2>\n\n\n\n<p>Ser reconocido por la formaci\u00f3n de doctores de excelencia en ciencias e innovaci\u00f3n en salud con altos est\u00e1ndares \u00e9ticos, l\u00edderes en la generaci\u00f3n de conocimiento y el desarrollo de soluciones creativas a problemas de salud, capaces de comunicar la ciencia en forma efectiva a expertos y p\u00fablico en general, y de trabajar en equipos multidisciplinarios.<\/p>\n\n\n\n<ul class=\"wp-block-list\">\n<li><strong><a href=\"http:\/\/medicina.udd.cl\/doctorado\/files\/2020\/05\/reglamento-general-programas-doctorado-udd.pdf\">Reglamento General de Programas de Doctorado UDD<\/a><\/strong><\/li>\n\n\n\n<li><a href=\"http:\/\/medicina.udd.cl\/doctorado\/files\/2020\/05\/reglamento-academico-dcim.pdf\"><strong>Reglamento Acad\u00e9mico Doctorado en Ciencias e Innovaci\u00f3n en Medicina<\/strong><\/a><\/li>\n<\/ul>\n\n\n\n<h3 class=\"wp-block-heading\">Objetivo general<\/h3>\n\n\n\n<p>La formaci\u00f3n de doctores que, en el contexto de equipos de investigaci\u00f3n multidisciplinarios y conectados al sistema de salud, sean capaces de generar conocimiento cient\u00edfico de alto impacto y de crear soluciones innovadoras a problemas relevantes de salud, y que, gracias a las habilidades y actitudes desarrolladas, sean capaces de impactar positivamente en los entornos en que se desempe\u00f1en, tanto acad\u00e9micos como del sector p\u00fablico o productivo.<\/p>\n\n\n\n<h3 class=\"wp-block-heading\">Objetivos espec\u00edficos<\/h3>\n\n\n\n<p>1. Formar doctores competentes, con rigurosa formaci\u00f3n metodol\u00f3gica y cient\u00edfica, y con pensamiento cr\u00edtico, capaces de generar conocimiento de alto impacto, con integridad y responsabilidad, y desempe\u00f1arse en equipos multidisciplinarios a nivel acad\u00e9mico, as\u00ed como tambi\u00e9n en el sector p\u00fablico o productivo.<br>2. Formar doctores con competencias \u00e9ticas y habilidades sociales que les permitan comunicar efectivamente los avances cient\u00edficos y tecnol\u00f3gicos tanto en ambientes t\u00e9cnicos como al p\u00fablico general, logrando ser agentes activos y responsables en la comunicaci\u00f3n de la ciencia y en la transferencia del conocimiento para la innovaci\u00f3n.<br>3. Generar un entorno para que los doctores en ciencias se formen en contextos integrados al sistema de salud.<br>4. Integrar a los estudiantes doctores en una plataforma de investigaci\u00f3n interdisciplinaria, con participaci\u00f3n activa de investigadores j\u00f3venes, investigadores cl\u00ednicos, m\u00e9dicos y otros profesionales de salud, cuya motivaci\u00f3n sea la generaci\u00f3n de ciencia e innovaci\u00f3n.<\/p>\n\n\n\n<h3 class=\"wp-block-heading\">Car\u00e1cter del programa<\/h3>\n\n\n\n<p>El car\u00e1cter del programa se define como cient\u00edfico con enfoque en formaci\u00f3n de doctores para la generaci\u00f3n de conocimiento cient\u00edfico y desarrollo de soluciones creativas en el \u00e1rea de la salud.<\/p>\n\n\n\n<h3 class=\"wp-block-heading\">Habilidades y aptitudes del alumno<\/h3>\n\n\n\n<p>La visi\u00f3n de la Facultad de Medicina Cl\u00ednica Alemana Universidad del Desarrollo respecto a la investigaci\u00f3n es que es una actividad central tanto en pregrado como en postgrado. Especialmente importante es la formaci\u00f3n de doctores que, a trav\u00e9s de sus investigaciones, contribuyan a resolver los complejos problemas de salud del pa\u00eds. La visi\u00f3n traslacional de la investigaci\u00f3n m\u00e9dica privilegia que el conocimiento generado en la Universidad tenga impacto en los procesos de atenci\u00f3n de salud, tanto en tecnolog\u00edas cl\u00ednicas, como en problemas de salud p\u00fablica y acceso a los servicios de salud.<\/p>\n\n\n\n<p>El alumno va a adquirir habilidades para efectuar investigaci\u00f3n de manera aut\u00f3noma, dise\u00f1ar protocolos y proyectos, presentar y discutir resultados experimentales, y redactar documentos cient\u00edficos para su publicaci\u00f3n. Como investigador, debe tener actitudes \u00e9ticas, intelectuales, de an\u00e1lisis y de cr\u00edtica, adem\u00e1s de la curiosidad y la apertura, y el deseo de seguir aprendiendo y estudiando.<\/p>\n\n\n\n<p>A lo largo del programa, el alumno participar\u00e1 en reuniones de an\u00e1lisis, seminarios, revisiones de publicaciones, eventos y congresos que contribuyan a despertar su sentido cr\u00edtico y capacidad anal\u00edtica.<\/p>\n\n\n\n<h3 class=\"wp-block-heading\">Perfil de egreso<\/h3>\n\n\n\n<p>Nuestro egresado dispone de las competencias para generar nuevo conocimiento cient\u00edfico y para desarrollar soluciones creativas a problemas de salud relevantes. Es reflexivo, cr\u00edtico, flexible y proactivo. Est\u00e1 habilitado para trabajar en equipo, tanto en el contexto acad\u00e9mico, en el sistema de salud, como tambi\u00e9n empresarial y gubernamental. Realiza su labor investigativa con altos est\u00e1ndares \u00e9ticos. Es un profesional \u00edntegro que contribuye a la formaci\u00f3n de futuros investigadores y que comunica efectivamente su quehacer a expertos y al p\u00fablico general.<\/p>\n\n\n\n<h3 class=\"wp-block-heading\">Campo laboral<\/h3>\n\n\n\n<p>El Doctor en Ciencias e Innovaci\u00f3n en Medicina de la Universidad del Desarrollo se podr\u00e1 desempe\u00f1ar en:<\/p>\n\n\n\n<ul class=\"wp-block-list\">\n<li>Universidades (como investigadores y\/o docentes)<\/li>\n\n\n\n<li>Instituciones de salud<\/li>\n\n\n\n<li>Laboratorios de investigaci\u00f3n<\/li>\n\n\n\n<li>Administraci\u00f3n acad\u00e9mica<\/li>\n\n\n\n<li>Industria biom\u00e9dica (I+D+I)<\/li>\n<\/ul>\n\n\n\n<p>&nbsp;<\/p>\n","protected":false},"excerpt":{"rendered":"<p>Doctorado de tiempo completo y dedicaci\u00f3n exclusiva, que tiene por objetivo capacitar a<br \/>\nprofesionales de la salud entreg\u00e1ndole los conocimientos, habilidades y aptitudes necesarias para efectuar investigaci\u00f3n cient\u00edfica de alto nivel en forma aut\u00f3noma.  El car\u00e1cter del programa se define como cient\u00edfico con enfoque en formaci\u00f3n de doctores para la generaci\u00f3n de conocimiento cient\u00edfico y desarrollo de soluciones creativas en el \u00e1rea de la salud.<\/p>\n","protected":false},"author":9192217,"featured_media":0,"parent":0,"menu_order":0,"comment_status":"closed","ping_status":"closed","template":"","meta":{"footnotes":""},"class_list":["post-2684","page","type-page","status-publish","hentry"],"yoast_head":"<!-- This site is optimized with the Yoast SEO plugin v26.9 - https:\/\/yoast.com\/product\/yoast-seo-wordpress\/ -->\n<title>Programa - Doctorado en Ciencias e Innovaci\u00f3n en Medicina<\/title>\n<meta name=\"robots\" content=\"noindex, follow, max-snippet:-1, max-image-preview:large, max-video-preview:-1\" \/>\n<meta property=\"og:locale\" content=\"es_ES\" \/>\n<meta property=\"og:type\" content=\"article\" \/>\n<meta property=\"og:title\" content=\"Programa - Doctorado en Ciencias e Innovaci\u00f3n en Medicina\" \/>\n<meta property=\"og:description\" content=\"Doctorado de tiempo completo y dedicaci\u00f3n exclusiva, que tiene por objetivo capacitar a profesionales de la salud entreg\u00e1ndole los conocimientos, habilidades y aptitudes necesarias para efectuar investigaci\u00f3n cient\u00edfica de alto nivel en forma aut\u00f3noma. El car\u00e1cter del programa se define como cient\u00edfico con enfoque en formaci\u00f3n de doctores para la generaci\u00f3n de conocimiento cient\u00edfico y desarrollo de soluciones creativas en el \u00e1rea de la salud.\" \/>\n<meta property=\"og:url\" content=\"https:\/\/medicina.udd.cl\/doctorado\/programa\/\" \/>\n<meta property=\"og:site_name\" content=\"Doctorado en Ciencias e Innovaci\u00f3n en Medicina\" \/>\n<meta property=\"article:modified_time\" content=\"2025-06-26T19:23:19+00:00\" \/>\n<meta property=\"og:image\" content=\"http:\/\/medicina.udd.cl\/doctorado\/files\/2025\/06\/logan-gutierrez-rl9biwkcvf0-unsplash-1024x576.jpg\" \/>\n<meta name=\"twitter:card\" content=\"summary_large_image\" \/>\n<meta name=\"twitter:label1\" content=\"Tiempo de lectura\" \/>\n\t<meta name=\"twitter:data1\" content=\"4 minutos\" \/>\n<script type=\"application\/ld+json\" class=\"yoast-schema-graph\">{\"@context\":\"https:\/\/schema.org\",\"@graph\":[{\"@type\":\"WebPage\",\"@id\":\"https:\/\/medicina.udd.cl\/doctorado\/programa\/\",\"url\":\"https:\/\/medicina.udd.cl\/doctorado\/programa\/\",\"name\":\"Programa - Doctorado en Ciencias e Innovaci\u00f3n en Medicina\",\"isPartOf\":{\"@id\":\"https:\/\/medicina.udd.cl\/doctorado\/#website\"},\"primaryImageOfPage\":{\"@id\":\"https:\/\/medicina.udd.cl\/doctorado\/programa\/#primaryimage\"},\"image\":{\"@id\":\"https:\/\/medicina.udd.cl\/doctorado\/programa\/#primaryimage\"},\"thumbnailUrl\":\"http:\/\/medicina.udd.cl\/doctorado\/files\/2025\/06\/logan-gutierrez-rl9biwkcvf0-unsplash-1024x576.jpg\",\"datePublished\":\"2016-08-30T20:08:38+00:00\",\"dateModified\":\"2025-06-26T19:23:19+00:00\",\"inLanguage\":\"es\",\"potentialAction\":[{\"@type\":\"ReadAction\",\"target\":[\"https:\/\/medicina.udd.cl\/doctorado\/programa\/\"]}]},{\"@type\":\"ImageObject\",\"inLanguage\":\"es\",\"@id\":\"https:\/\/medicina.udd.cl\/doctorado\/programa\/#primaryimage\",\"url\":\"https:\/\/medicina.udd.cl\/doctorado\/files\/2025\/06\/logan-gutierrez-rl9biwkcvf0-unsplash.jpg\",\"contentUrl\":\"https:\/\/medicina.udd.cl\/doctorado\/files\/2025\/06\/logan-gutierrez-rl9biwkcvf0-unsplash.jpg\",\"width\":1920,\"height\":1080},{\"@type\":\"WebSite\",\"@id\":\"https:\/\/medicina.udd.cl\/doctorado\/#website\",\"url\":\"https:\/\/medicina.udd.cl\/doctorado\/\",\"name\":\"Doctorado en Ciencias e Innovaci\u00f3n en Medicina\",\"description\":\"\",\"inLanguage\":\"es\"}]}<\/script>\n<!-- \/ Yoast SEO plugin. -->","yoast_head_json":{"title":"Programa - Doctorado en Ciencias e Innovaci\u00f3n en Medicina","robots":{"index":"noindex","follow":"follow","max-snippet":"max-snippet:-1","max-image-preview":"max-image-preview:large","max-video-preview":"max-video-preview:-1"},"og_locale":"es_ES","og_type":"article","og_title":"Programa - Doctorado en Ciencias e Innovaci\u00f3n en Medicina","og_description":"Doctorado de tiempo completo y dedicaci\u00f3n exclusiva, que tiene por objetivo capacitar a profesionales de la salud entreg\u00e1ndole los conocimientos, habilidades y aptitudes necesarias para efectuar investigaci\u00f3n cient\u00edfica de alto nivel en forma aut\u00f3noma. El car\u00e1cter del programa se define como cient\u00edfico con enfoque en formaci\u00f3n de doctores para la generaci\u00f3n de conocimiento cient\u00edfico y desarrollo de soluciones creativas en el \u00e1rea de la salud.","og_url":"https:\/\/medicina.udd.cl\/doctorado\/programa\/","og_site_name":"Doctorado en Ciencias e Innovaci\u00f3n en Medicina","article_modified_time":"2025-06-26T19:23:19+00:00","og_image":[{"url":"http:\/\/medicina.udd.cl\/doctorado\/files\/2025\/06\/logan-gutierrez-rl9biwkcvf0-unsplash-1024x576.jpg","type":"","width":"","height":""}],"twitter_card":"summary_large_image","twitter_misc":{"Tiempo de lectura":"4 minutos"},"schema":{"@context":"https:\/\/schema.org","@graph":[{"@type":"WebPage","@id":"https:\/\/medicina.udd.cl\/doctorado\/programa\/","url":"https:\/\/medicina.udd.cl\/doctorado\/programa\/","name":"Programa - Doctorado en Ciencias e Innovaci\u00f3n en Medicina","isPartOf":{"@id":"https:\/\/medicina.udd.cl\/doctorado\/#website"},"primaryImageOfPage":{"@id":"https:\/\/medicina.udd.cl\/doctorado\/programa\/#primaryimage"},"image":{"@id":"https:\/\/medicina.udd.cl\/doctorado\/programa\/#primaryimage"},"thumbnailUrl":"http:\/\/medicina.udd.cl\/doctorado\/files\/2025\/06\/logan-gutierrez-rl9biwkcvf0-unsplash-1024x576.jpg","datePublished":"2016-08-30T20:08:38+00:00","dateModified":"2025-06-26T19:23:19+00:00","inLanguage":"es","potentialAction":[{"@type":"ReadAction","target":["https:\/\/medicina.udd.cl\/doctorado\/programa\/"]}]},{"@type":"ImageObject","inLanguage":"es","@id":"https:\/\/medicina.udd.cl\/doctorado\/programa\/#primaryimage","url":"https:\/\/medicina.udd.cl\/doctorado\/files\/2025\/06\/logan-gutierrez-rl9biwkcvf0-unsplash.jpg","contentUrl":"https:\/\/medicina.udd.cl\/doctorado\/files\/2025\/06\/logan-gutierrez-rl9biwkcvf0-unsplash.jpg","width":1920,"height":1080},{"@type":"WebSite","@id":"https:\/\/medicina.udd.cl\/doctorado\/#website","url":"https:\/\/medicina.udd.cl\/doctorado\/","name":"Doctorado en Ciencias e Innovaci\u00f3n en Medicina","description":"","inLanguage":"es"}]}},"_links":{"self":[{"href":"https:\/\/medicina.udd.cl\/doctorado\/wp-json\/wp\/v2\/pages\/2684","targetHints":{"allow":["GET"]}}],"collection":[{"href":"https:\/\/medicina.udd.cl\/doctorado\/wp-json\/wp\/v2\/pages"}],"about":[{"href":"https:\/\/medicina.udd.cl\/doctorado\/wp-json\/wp\/v2\/types\/page"}],"author":[{"embeddable":true,"href":"https:\/\/medicina.udd.cl\/doctorado\/wp-json\/wp\/v2\/users\/9192217"}],"replies":[{"embeddable":true,"href":"https:\/\/medicina.udd.cl\/doctorado\/wp-json\/wp\/v2\/comments?post=2684"}],"version-history":[{"count":1,"href":"https:\/\/medicina.udd.cl\/doctorado\/wp-json\/wp\/v2\/pages\/2684\/revisions"}],"predecessor-version":[{"id":2764,"href":"https:\/\/medicina.udd.cl\/doctorado\/wp-json\/wp\/v2\/pages\/2684\/revisions\/2764"}],"wp:attachment":[{"href":"https:\/\/medicina.udd.cl\/doctorado\/wp-json\/wp\/v2\/media?parent=2684"}],"curies":[{"name":"wp","href":"https:\/\/api.w.org\/{rel}","templated":true}]}}