{"id":32,"date":"2016-08-30T20:36:25","date_gmt":"2016-08-30T20:36:25","guid":{"rendered":"http:\/\/medicina.udd.cl\/doctorado\/?page_id=32"},"modified":"2025-06-26T16:16:04","modified_gmt":"2025-06-26T20:16:04","slug":"lineas-de-investigacion","status":"publish","type":"page","link":"https:\/\/medicina.udd.cl\/doctorado\/lineas-de-investigacion\/","title":{"rendered":"Temas prioritarios de Investigaci\u00f3n"},"content":{"rendered":"\n<h2 class=\"wp-block-heading\">Problemas prioritarios de Investigaci\u00f3n Doctorado en Ciencias e Innovaci\u00f3n en Medicina:<\/h2>\n\n\n\n<ol class=\"wp-block-list\">\n<li>Adicciones<\/li>\n\n\n\n<li>Enfermedades Poco Frecuentes<\/li>\n\n\n\n<li>Problemas Emergentes en Enfermedades Infecciosas<\/li>\n\n\n\n<li>Enfermedades Cerebro Vasculares<\/li>\n\n\n\n<li>C\u00e1ncer, Comunicaci\u00f3n Celular y Met\u00e1stasis<\/li>\n\n\n\n<li>Inequidades Sociales y del Sistema de Salud<\/li>\n<\/ol>\n\n\n\n<h2 class=\"wp-block-heading\">L\u00edneas o tem\u00e1ticas espec\u00edficas, centros y programas:<\/h2>\n\n\n\n<h3 class=\"wp-block-heading\">Centro de Gen\u00e9tica y Gen\u00f3mica<\/h3>\n\n\n\n<p>Descubrimiento de nuevas enfermedades gen\u00e9ticas<\/p>\n\n\n\n<p>Bases gen\u00e9ticas de la variabilidad fenot\u00edpica en enfermedades raras y comunes<\/p>\n\n\n\n<h3 class=\"wp-block-heading\">Programa de Comunicaci\u00f3n Celular en C\u00e1ncer<\/h3>\n\n\n\n<p>Bases celulares y moleculares de la interacci\u00f3n entre c\u00e9lulas cancer\u00edgenas.<\/p>\n\n\n\n<h3 class=\"wp-block-heading\">Centro de Medicina Regenerativa<\/h3>\n\n\n\n<h3 class=\"wp-block-heading\">Medicina Regenerativa y terapia celular<\/h3>\n\n\n\n<p>Desarrollo de estrategias terap\u00e9uticas a nivel pre-cl\u00ednico\/cl\u00ednico basadas principalmente en el uso de c\u00e9lulas madre mesenquim\u00e1ticas o sus derivados, para el tratamiento de diversas patolog\u00edas, como adicciones, diabetes mellitus y sus complicaciones; alteraciones hep\u00e1ticas y epidermolisis bullosa.<\/p>\n\n\n\n<h3 class=\"wp-block-heading\">Sanidad Ap\u00edcola<\/h3>\n\n\n\n<p>Investigaci\u00f3n relacionada con la b\u00fasqueda de soluciones enfocadas a las necesidades y exigencias del sector ap\u00edcola que se presentan en Chile y a nivel mundial, con particular \u00e9nfasis en el diagn\u00f3stico de t\u00e9cnicas microbiol\u00f3gicas para la detecci\u00f3n de pat\u00f3genos que atacan a las abejas y el desarrollo de compuestos terap\u00e9uticos.<\/p>\n\n\n\n<h3 class=\"wp-block-heading\">Centro de Estudios Cl\u00ednicos<\/h3>\n\n\n\n<p>Investigaci\u00f3n cl\u00ednica colaborativa para estudiar problemas de salud con alto impacto en la poblaci\u00f3n.<\/p>\n\n\n\n<h3 class=\"wp-block-heading\">Programa de Estudios Sociales en Salud<\/h3>\n\n\n\n<p>En la intersecci\u00f3n entre las ciencias sociales y de la salud, el programa de estudios sociales en salud (PROESSA) se dedica a tres tem\u00e1ticas generales de investigaci\u00f3n (inequidades sociales en salud, interculturalidad en salud y g\u00e9nero en salud) y tres tem\u00e1ticas espec\u00edficas de investigaci\u00f3n (salud de migrantes, salud de adolescentes y j\u00f3venes y participaci\u00f3n de pacientes en toma de decisiones sobre cobertura).<\/p>\n\n\n\n<h3 class=\"wp-block-heading\"><strong>Centro de Ep<\/strong>i<strong>demiolog\u00eda y Pol\u00edticas de Salud<\/strong><\/h3>\n\n\n\n<ul class=\"wp-block-list\">\n<li>Salud poblacional<\/li>\n\n\n\n<li>Epidemiologia de enfermedades trasmisibles<\/li>\n\n\n\n<li>Investigaci\u00f3n en sistemas de salud<\/li>\n\n\n\n<li>Evaluaci\u00f3n de pol\u00edticas de salud<\/li>\n\n\n\n<li>Tabaco<\/li>\n<\/ul>\n\n\n\n<h3 class=\"wp-block-heading\"><strong>Observatorio de Bio\u00e9tica y Derecho<\/strong><\/h3>\n\n\n\n<p>An\u00e1lisis de los aspectos \u00e9ticos y regulatorios de la investigaci\u00f3n biom\u00e9dica y en salud.<\/p>\n\n\n\n<p>Revisa en detalle nuestras l\u00edneas de investigaci\u00f3n asociadas:\u00a0<a href=\"https:\/\/medicina.udd.cl\/doctorado\/files\/2019\/07\/Modelo-Funcional-ICIM.pdf\" target=\"_blank\" rel=\"noreferrer noopener\">Modelo Funcional de la Actividad de Investigaci\u00f3n del ICIM<\/a><\/p>\n","protected":false},"excerpt":{"rendered":"<p>Problemas prioritarios de Investigaci\u00f3n Doctorado en Ciencias e Innovaci\u00f3n en Medicina: L\u00edneas o tem\u00e1ticas espec\u00edficas, centros y programas: Centro de Gen\u00e9tica y Gen\u00f3mica Descubrimiento de nuevas enfermedades gen\u00e9ticas Bases gen\u00e9ticas de la variabilidad fenot\u00edpica en enfermedades raras y comunes Programa de Comunicaci\u00f3n Celular en C\u00e1ncer Bases celulares y moleculares de la interacci\u00f3n entre c\u00e9lulas cancer\u00edgenas. [&hellip;]<\/p>\n","protected":false},"author":9192217,"featured_media":0,"parent":0,"menu_order":0,"comment_status":"closed","ping_status":"closed","template":"","meta":{"footnotes":""},"class_list":["post-32","page","type-page","status-publish","hentry"],"yoast_head":"<!-- This site is optimized with the Yoast SEO plugin v26.9 - https:\/\/yoast.com\/product\/yoast-seo-wordpress\/ -->\n<title>Temas prioritarios de Investigaci\u00f3n - Doctorado en Ciencias e Innovaci\u00f3n en Medicina<\/title>\n<meta name=\"robots\" content=\"noindex, follow, max-snippet:-1, max-image-preview:large, max-video-preview:-1\" \/>\n<meta property=\"og:locale\" content=\"es_ES\" \/>\n<meta property=\"og:type\" content=\"article\" \/>\n<meta property=\"og:title\" content=\"Temas prioritarios de Investigaci\u00f3n - Doctorado en Ciencias e Innovaci\u00f3n en Medicina\" \/>\n<meta property=\"og:description\" content=\"Problemas prioritarios de Investigaci\u00f3n Doctorado en Ciencias e Innovaci\u00f3n en Medicina: L\u00edneas o tem\u00e1ticas espec\u00edficas, centros y programas: Centro de Gen\u00e9tica y Gen\u00f3mica Descubrimiento de nuevas enfermedades gen\u00e9ticas Bases gen\u00e9ticas de la variabilidad fenot\u00edpica en enfermedades raras y comunes Programa de Comunicaci\u00f3n Celular en C\u00e1ncer Bases celulares y moleculares de la interacci\u00f3n entre c\u00e9lulas cancer\u00edgenas. [&hellip;]\" \/>\n<meta property=\"og:url\" content=\"https:\/\/medicina.udd.cl\/doctorado\/lineas-de-investigacion\/\" \/>\n<meta property=\"og:site_name\" content=\"Doctorado en Ciencias e Innovaci\u00f3n en Medicina\" \/>\n<meta property=\"article:modified_time\" content=\"2025-06-26T20:16:04+00:00\" \/>\n<meta name=\"twitter:card\" content=\"summary_large_image\" \/>\n<meta name=\"twitter:label1\" content=\"Tiempo de lectura\" \/>\n\t<meta name=\"twitter:data1\" content=\"2 minutos\" \/>\n<script type=\"application\/ld+json\" class=\"yoast-schema-graph\">{\"@context\":\"https:\/\/schema.org\",\"@graph\":[{\"@type\":\"WebPage\",\"@id\":\"https:\/\/medicina.udd.cl\/doctorado\/lineas-de-investigacion\/\",\"url\":\"https:\/\/medicina.udd.cl\/doctorado\/lineas-de-investigacion\/\",\"name\":\"Temas prioritarios de Investigaci\u00f3n - Doctorado en Ciencias e Innovaci\u00f3n en Medicina\",\"isPartOf\":{\"@id\":\"https:\/\/medicina.udd.cl\/doctorado\/#website\"},\"datePublished\":\"2016-08-30T20:36:25+00:00\",\"dateModified\":\"2025-06-26T20:16:04+00:00\",\"inLanguage\":\"es\",\"potentialAction\":[{\"@type\":\"ReadAction\",\"target\":[\"https:\/\/medicina.udd.cl\/doctorado\/lineas-de-investigacion\/\"]}]},{\"@type\":\"WebSite\",\"@id\":\"https:\/\/medicina.udd.cl\/doctorado\/#website\",\"url\":\"https:\/\/medicina.udd.cl\/doctorado\/\",\"name\":\"Doctorado en Ciencias e Innovaci\u00f3n en Medicina\",\"description\":\"\",\"inLanguage\":\"es\"}]}<\/script>\n<!-- \/ Yoast SEO plugin. -->","yoast_head_json":{"title":"Temas prioritarios de Investigaci\u00f3n - Doctorado en Ciencias e Innovaci\u00f3n en Medicina","robots":{"index":"noindex","follow":"follow","max-snippet":"max-snippet:-1","max-image-preview":"max-image-preview:large","max-video-preview":"max-video-preview:-1"},"og_locale":"es_ES","og_type":"article","og_title":"Temas prioritarios de Investigaci\u00f3n - Doctorado en Ciencias e Innovaci\u00f3n en Medicina","og_description":"Problemas prioritarios de Investigaci\u00f3n Doctorado en Ciencias e Innovaci\u00f3n en Medicina: L\u00edneas o tem\u00e1ticas espec\u00edficas, centros y programas: Centro de Gen\u00e9tica y Gen\u00f3mica Descubrimiento de nuevas enfermedades gen\u00e9ticas Bases gen\u00e9ticas de la variabilidad fenot\u00edpica en enfermedades raras y comunes Programa de Comunicaci\u00f3n Celular en C\u00e1ncer Bases celulares y moleculares de la interacci\u00f3n entre c\u00e9lulas cancer\u00edgenas. [&hellip;]","og_url":"https:\/\/medicina.udd.cl\/doctorado\/lineas-de-investigacion\/","og_site_name":"Doctorado en Ciencias e Innovaci\u00f3n en Medicina","article_modified_time":"2025-06-26T20:16:04+00:00","twitter_card":"summary_large_image","twitter_misc":{"Tiempo de lectura":"2 minutos"},"schema":{"@context":"https:\/\/schema.org","@graph":[{"@type":"WebPage","@id":"https:\/\/medicina.udd.cl\/doctorado\/lineas-de-investigacion\/","url":"https:\/\/medicina.udd.cl\/doctorado\/lineas-de-investigacion\/","name":"Temas prioritarios de Investigaci\u00f3n - Doctorado en Ciencias e Innovaci\u00f3n en Medicina","isPartOf":{"@id":"https:\/\/medicina.udd.cl\/doctorado\/#website"},"datePublished":"2016-08-30T20:36:25+00:00","dateModified":"2025-06-26T20:16:04+00:00","inLanguage":"es","potentialAction":[{"@type":"ReadAction","target":["https:\/\/medicina.udd.cl\/doctorado\/lineas-de-investigacion\/"]}]},{"@type":"WebSite","@id":"https:\/\/medicina.udd.cl\/doctorado\/#website","url":"https:\/\/medicina.udd.cl\/doctorado\/","name":"Doctorado en Ciencias e Innovaci\u00f3n en Medicina","description":"","inLanguage":"es"}]}},"_links":{"self":[{"href":"https:\/\/medicina.udd.cl\/doctorado\/wp-json\/wp\/v2\/pages\/32","targetHints":{"allow":["GET"]}}],"collection":[{"href":"https:\/\/medicina.udd.cl\/doctorado\/wp-json\/wp\/v2\/pages"}],"about":[{"href":"https:\/\/medicina.udd.cl\/doctorado\/wp-json\/wp\/v2\/types\/page"}],"author":[{"embeddable":true,"href":"https:\/\/medicina.udd.cl\/doctorado\/wp-json\/wp\/v2\/users\/9192217"}],"replies":[{"embeddable":true,"href":"https:\/\/medicina.udd.cl\/doctorado\/wp-json\/wp\/v2\/comments?post=32"}],"version-history":[{"count":7,"href":"https:\/\/medicina.udd.cl\/doctorado\/wp-json\/wp\/v2\/pages\/32\/revisions"}],"predecessor-version":[{"id":2847,"href":"https:\/\/medicina.udd.cl\/doctorado\/wp-json\/wp\/v2\/pages\/32\/revisions\/2847"}],"wp:attachment":[{"href":"https:\/\/medicina.udd.cl\/doctorado\/wp-json\/wp\/v2\/media?parent=32"}],"curies":[{"name":"wp","href":"https:\/\/api.w.org\/{rel}","templated":true}]}}