{"id":4,"date":"2025-06-04T10:19:19","date_gmt":"2025-06-04T14:19:19","guid":{"rendered":"https:\/\/medicina.udd.cl\/doctorado\/?page_id=4"},"modified":"2025-09-03T16:46:59","modified_gmt":"2025-09-03T20:46:59","slug":"inicio","status":"publish","type":"page","link":"https:\/\/medicina.udd.cl\/doctorado\/","title":{"rendered":"Inicio"},"content":{"rendered":"<section class=\"wp-block-udd-featured-link wp-block-udd-featured-link--align-right\">\n\t<div class=\"container\">\n\t\t<div class=\"featured-link\">\n\t\t\t\t\t\t<div class=\"featured-link__media\">\n\t\t\t<a href=\"https:\/\/medicina.udd.cl\/doctorado\/programa\/\" data-url=\"https:\/\/medicina.udd.cl\/doctorado\/programa\/\">\n\t\t\t\t\t<img loading=\"lazy\" decoding=\"async\" width=\"680\" height=\"382\" src=\"https:\/\/medicina.udd.cl\/doctorado\/files\/2025\/09\/udd260625633-680x382.jpg\" class=\"featured-link__media-image lazyload\" alt=\"\" sizes=\"auto, (max-width: 680px) 100vw, 680px\" data-src=\"https:\/\/medicina.udd.cl\/doctorado\/files\/2025\/09\/udd260625633-680x382.jpg\" data-srcset=\"https:\/\/medicina.udd.cl\/doctorado\/files\/2025\/09\/udd260625633-680x382.jpg 680w, https:\/\/medicina.udd.cl\/doctorado\/files\/2025\/09\/udd260625633-1920x1080.jpg 1920w, https:\/\/medicina.udd.cl\/doctorado\/files\/2025\/09\/udd260625633-1366x768.jpg 1366w, https:\/\/medicina.udd.cl\/doctorado\/files\/2025\/09\/udd260625633-952x534.jpg 952w\" \/>\t\t\t\t<\/a>\n\t\t\t<\/div>\n\t\t\t\t\t\t<div class=\"featured-link__content\">\n\t\t\t\t\t\t\t\t\t\t\t\t\t<h3 class=\"featured-link__title\">\n\t\t\t\t\t\t<a data-url=\"https:\/\/medicina.udd.cl\/doctorado\/programa\/\" href=\"https:\/\/medicina.udd.cl\/doctorado\/programa\/\">\n\t\t\t\t\t\t\tSobre el programa\t\t\t\t\t\t<\/a>\n\t\t\t\t\t<\/h3>\n\t\t\t\t\t\t\t\t\t\t\t\t\t\t\t\t<p>Doctorado de tiempo completo y dedicaci\u00f3n exclusiva, que tiene por objetivo capacitar a profesionales de la salud entreg\u00e1ndole los conocimientos, habilidades y aptitudes necesarias para efectuar investigaci\u00f3n cient\u00edfica de alto nivel en forma aut\u00f3noma. El car\u00e1cter del programa se define como cient\u00edfico con enfoque en formaci\u00f3n de doctores para la generaci\u00f3n de conocimiento cient\u00edfico y desarrollo de soluciones creativas en el \u00e1rea de la salud.<\/p>\n\t\t\t\t\t\t\t\t\t\t\t\t<a href=\"https:\/\/medicina.udd.cl\/doctorado\/programa\/\" data-url=\"https:\/\/medicina.udd.cl\/doctorado\/programa\/\"\n\t\t\t\t\t class=\"featured-link__more\"\t\t\t\t>\n\t\t\t\t\tConocer m\u00e1s\t\t\t\t<\/a>\n\t\t\t\t\t\t\t<\/div>\n\t\t<\/div>\n\t<\/div>\n<\/section>\n\n\n<!-- WP Block: UDD - Access Cards -->\n<section\n\tid=\"udd-access-cards-v2--1\"\n\tclass=\"wp-block-udd-access-cards\n\t\tis-style-blue-bg wp-block-udd-access-cards-v2\"\n\t\tstyle=\"\n\t\t--udd-blocks-has-columns-number: 2;\n\t\"\n\t>\n\t<div class=\"container\">\n\t\t\t\t\t\t\t\t\t<div class=\"block__content\">\n\t\t\t<div\n\t\t\t\tclass=\"udd-access-cards\"\n\t\t\t\t\t\t\t>\n\t\t\t<div\n\tdata-index=\"1\"\n\tclass=\"udd-access-card-wrapper\"\n\t>\n\t<a href=\"https:\/\/medicina.udd.cl\/doctorado\/lineas-de-investigacion\/\" class=\"access-card access-card--profile\" data-url=\"https:\/\/medicina.udd.cl\/doctorado\/lineas-de-investigacion\/\">\n\t\t\t\t\t\t<h3\n\t\t\tdata-index=\"1\"\n\t\t\tclass=\"access-card__title\"\n\t\t>\n\t\t\tTemas Prioritarios de Investigaci\u00f3n\t\t<\/h3>\n\t\t\t\t<div class=\"access-card__link\">\n\t\t\t<span class=\"access-card__link-text\">Conocer m\u00e1s<\/span>\n\t\t<\/div>\n\t<\/a>\n<\/div>\n<div\n\tdata-index=\"2\"\n\tclass=\"udd-access-card-wrapper\"\n\t>\n\t<a href=\"https:\/\/medicina.udd.cl\/doctorado\/investigacion-con-impacto\/\" class=\"access-card access-card--profile\" data-url=\"https:\/\/medicina.udd.cl\/doctorado\/investigacion-con-impacto\/\">\n\t\t\t\t\t\t<h3\n\t\t\tdata-index=\"2\"\n\t\t\tclass=\"access-card__title\"\n\t\t>\n\t\t\tInvestigaci\u00f3n con Impacto\t\t<\/h3>\n\t\t\t\t<div class=\"access-card__link\">\n\t\t\t<span class=\"access-card__link-text\">Conocer m\u00e1s<\/span>\n\t\t<\/div>\n\t<\/a>\n<\/div>\n\t\t\t<\/div>\n\t\t<\/div>\n\t<\/div>\n<\/section>\n\n\n<!-- WP Block: UDD - Fullwidth Cards -->\n<section class=\"wp-block-udd-fullwidth-cards is-style-clear\">\n\t<div class=\"container\">\n\t\t<header class=\"block__header\">\n\t\t\t<h2 class=\"block__title\">Noticias<\/h2>\n\t\t\t\t\t\t<a href=\"https:\/\/medicina.udd.cl\/doctorado\/category\/noticias-es\/\" class=\"block__view-more\">\n\t\t\t\tVer m\u00e1s noticias\t\t\t<\/a>\n\t\t\t\t\t<\/header>\n\t\t<div class=\"block__content\">\n\t\t\t<div class=\"fullwidth-cards\">\n\t\t\t<div class=\"fullwidth-card-wrapper is-style-clear\">\n\t<a href=\"https:\/\/medicina.udd.cl\/doctorado\/2026\/03\/31\/estudiantes-e-investigadores-se-reuniran-en-el-ii-congreso-de-postgrado-en-ciencias-y-salud-2026\/\" class=\"fullwidth-card fullwidth-card--linkable\">\n\t\t\t\t<img loading=\"lazy\" decoding=\"async\" width=\"500\" height=\"500\" src=\"https:\/\/medicina.udd.cl\/doctorado\/files\/2026\/03\/dcim-ii-congreso-estudiantes-de-postgrado-62x62.png\" class=\"fullwidth-card__image wp-post-image lazyload\" alt=\"\" sizes=\"auto, (max-width: 500px) 100vw, 500px\" data-src=\"https:\/\/medicina.udd.cl\/doctorado\/files\/2026\/03\/dcim-ii-congreso-estudiantes-de-postgrado-500x500.png\" data-srcset=\"https:\/\/medicina.udd.cl\/doctorado\/files\/2026\/03\/dcim-ii-congreso-estudiantes-de-postgrado-500x500.png 500w, https:\/\/medicina.udd.cl\/doctorado\/files\/2026\/03\/dcim-ii-congreso-estudiantes-de-postgrado-300x300.png 300w, https:\/\/medicina.udd.cl\/doctorado\/files\/2026\/03\/dcim-ii-congreso-estudiantes-de-postgrado-1024x1024.png 1024w, https:\/\/medicina.udd.cl\/doctorado\/files\/2026\/03\/dcim-ii-congreso-estudiantes-de-postgrado-150x150.png 150w, https:\/\/medicina.udd.cl\/doctorado\/files\/2026\/03\/dcim-ii-congreso-estudiantes-de-postgrado-768x768.png 768w, https:\/\/medicina.udd.cl\/doctorado\/files\/2026\/03\/dcim-ii-congreso-estudiantes-de-postgrado-62x62.png 62w, https:\/\/medicina.udd.cl\/doctorado\/files\/2026\/03\/dcim-ii-congreso-estudiantes-de-postgrado-1536x1536.png 1536w, https:\/\/medicina.udd.cl\/doctorado\/files\/2026\/03\/dcim-ii-congreso-estudiantes-de-postgrado-750x750.png 750w, https:\/\/medicina.udd.cl\/doctorado\/files\/2026\/03\/dcim-ii-congreso-estudiantes-de-postgrado-250x250.png 250w, https:\/\/medicina.udd.cl\/doctorado\/files\/2026\/03\/dcim-ii-congreso-estudiantes-de-postgrado-126x126.png 126w, https:\/\/medicina.udd.cl\/doctorado\/files\/2026\/03\/dcim-ii-congreso-estudiantes-de-postgrado.png 1920w\" \/>\t\t\t\t<div class=\"fullwidth-card__content\">\n\t\t\t<span class=\"fullwidth-card__date\">\n\t\t\t\t31 de marzo 2026\t\t\t<\/span>\n\t\t\t<h3 class=\"fullwidth-card__title\">Estudiantes e investigadores se reunir\u00e1n en el II Congreso de Postgrado en Ciencias y Salud 2026<\/h3>\n\t\t\t<span class=\"fullwidth-card__link\">\n\t\t\t\tConocer m\u00e1s\t\t\t<\/span>\n\t\t<\/div>\n\t<\/a>\n<\/div>\n<div class=\"fullwidth-card-wrapper is-style-clear\">\n\t<a href=\"https:\/\/medicina.udd.cl\/doctorado\/2026\/03\/30\/con-distincion-maxima-carlos-delfino-obtiene-su-doctorado-en-ciencias-e-innovacion-en-medicina-udd\/\" class=\"fullwidth-card fullwidth-card--linkable\">\n\t\t\t\t<img loading=\"lazy\" decoding=\"async\" width=\"500\" height=\"500\" src=\"https:\/\/medicina.udd.cl\/doctorado\/files\/2026\/03\/dcim-defensa-tesis-carlos-delfino-15-62x62.jpeg\" class=\"fullwidth-card__image wp-post-image lazyload\" alt=\"\" sizes=\"auto, (max-width: 500px) 100vw, 500px\" data-src=\"https:\/\/medicina.udd.cl\/doctorado\/files\/2026\/03\/dcim-defensa-tesis-carlos-delfino-15-500x500.jpeg\" data-srcset=\"https:\/\/medicina.udd.cl\/doctorado\/files\/2026\/03\/dcim-defensa-tesis-carlos-delfino-15-500x500.jpeg 500w, https:\/\/medicina.udd.cl\/doctorado\/files\/2026\/03\/dcim-defensa-tesis-carlos-delfino-15-150x150.jpeg 150w, https:\/\/medicina.udd.cl\/doctorado\/files\/2026\/03\/dcim-defensa-tesis-carlos-delfino-15-62x62.jpeg 62w, https:\/\/medicina.udd.cl\/doctorado\/files\/2026\/03\/dcim-defensa-tesis-carlos-delfino-15-750x750.jpeg 750w, https:\/\/medicina.udd.cl\/doctorado\/files\/2026\/03\/dcim-defensa-tesis-carlos-delfino-15-250x250.jpeg 250w, https:\/\/medicina.udd.cl\/doctorado\/files\/2026\/03\/dcim-defensa-tesis-carlos-delfino-15-126x126.jpeg 126w\" \/>\t\t\t\t<div class=\"fullwidth-card__content\">\n\t\t\t<span class=\"fullwidth-card__date\">\n\t\t\t\t30 de marzo 2026\t\t\t<\/span>\n\t\t\t<h3 class=\"fullwidth-card__title\">Con distinci\u00f3n m\u00e1xima: Carlos Delfino obtiene su Doctorado en Ciencias e Innovaci\u00f3n en Medicina UDD<\/h3>\n\t\t\t<span class=\"fullwidth-card__link\">\n\t\t\t\tConocer m\u00e1s\t\t\t<\/span>\n\t\t<\/div>\n\t<\/a>\n<\/div>\n<div class=\"fullwidth-card-wrapper is-style-clear\">\n\t<a href=\"https:\/\/medicina.udd.cl\/doctorado\/2026\/03\/11\/pasarela-cientifica-2026-del-dcim-acerco-a-nuevos-doctorandos-a-las-lineas-de-investigacion-del-icim\/\" class=\"fullwidth-card fullwidth-card--linkable\">\n\t\t\t\t<img loading=\"lazy\" decoding=\"async\" width=\"500\" height=\"500\" src=\"https:\/\/medicina.udd.cl\/doctorado\/files\/2026\/03\/dcim-pasarela-cientifica-2026-9-62x62.jpg\" class=\"fullwidth-card__image wp-post-image lazyload\" alt=\"\" sizes=\"auto, (max-width: 500px) 100vw, 500px\" data-src=\"https:\/\/medicina.udd.cl\/doctorado\/files\/2026\/03\/dcim-pasarela-cientifica-2026-9-500x500.jpg\" data-srcset=\"https:\/\/medicina.udd.cl\/doctorado\/files\/2026\/03\/dcim-pasarela-cientifica-2026-9-500x500.jpg 500w, https:\/\/medicina.udd.cl\/doctorado\/files\/2026\/03\/dcim-pasarela-cientifica-2026-9-150x150.jpg 150w, https:\/\/medicina.udd.cl\/doctorado\/files\/2026\/03\/dcim-pasarela-cientifica-2026-9-62x62.jpg 62w, https:\/\/medicina.udd.cl\/doctorado\/files\/2026\/03\/dcim-pasarela-cientifica-2026-9-750x750.jpg 750w, https:\/\/medicina.udd.cl\/doctorado\/files\/2026\/03\/dcim-pasarela-cientifica-2026-9-250x250.jpg 250w, https:\/\/medicina.udd.cl\/doctorado\/files\/2026\/03\/dcim-pasarela-cientifica-2026-9-126x126.jpg 126w\" \/>\t\t\t\t<div class=\"fullwidth-card__content\">\n\t\t\t<span class=\"fullwidth-card__date\">\n\t\t\t\t11 de marzo 2026\t\t\t<\/span>\n\t\t\t<h3 class=\"fullwidth-card__title\">Pasarela Cient\u00edfica 2026 del DCIM acerc\u00f3 a nuevos doctorandos a las l\u00edneas de investigaci\u00f3n del ICIM<\/h3>\n\t\t\t<span class=\"fullwidth-card__link\">\n\t\t\t\tConocer m\u00e1s\t\t\t<\/span>\n\t\t<\/div>\n\t<\/a>\n<\/div>\n<div class=\"fullwidth-card-wrapper is-style-clear\">\n\t<a href=\"https:\/\/medicina.udd.cl\/doctorado\/2026\/03\/03\/dcim-udd-da-la-bienvenida-a-su-generacion-13-y-proyecta-cuatro-anos-de-formacion-en-investigacion-biomedica-de-excelencia\/\" class=\"fullwidth-card fullwidth-card--linkable\">\n\t\t\t\t<img loading=\"lazy\" decoding=\"async\" width=\"500\" height=\"500\" src=\"https:\/\/medicina.udd.cl\/doctorado\/files\/2026\/03\/dcim-bienvenida-estudiantes-2026-portada-3-62x62.jpg\" class=\"fullwidth-card__image wp-post-image lazyload\" alt=\"\" sizes=\"auto, (max-width: 500px) 100vw, 500px\" data-src=\"https:\/\/medicina.udd.cl\/doctorado\/files\/2026\/03\/dcim-bienvenida-estudiantes-2026-portada-3-500x500.jpg\" data-srcset=\"https:\/\/medicina.udd.cl\/doctorado\/files\/2026\/03\/dcim-bienvenida-estudiantes-2026-portada-3-500x500.jpg 500w, https:\/\/medicina.udd.cl\/doctorado\/files\/2026\/03\/dcim-bienvenida-estudiantes-2026-portada-3-150x150.jpg 150w, https:\/\/medicina.udd.cl\/doctorado\/files\/2026\/03\/dcim-bienvenida-estudiantes-2026-portada-3-62x62.jpg 62w, https:\/\/medicina.udd.cl\/doctorado\/files\/2026\/03\/dcim-bienvenida-estudiantes-2026-portada-3-750x750.jpg 750w, https:\/\/medicina.udd.cl\/doctorado\/files\/2026\/03\/dcim-bienvenida-estudiantes-2026-portada-3-250x250.jpg 250w, https:\/\/medicina.udd.cl\/doctorado\/files\/2026\/03\/dcim-bienvenida-estudiantes-2026-portada-3-126x126.jpg 126w\" \/>\t\t\t\t<div class=\"fullwidth-card__content\">\n\t\t\t<span class=\"fullwidth-card__date\">\n\t\t\t\t3 de marzo 2026\t\t\t<\/span>\n\t\t\t<h3 class=\"fullwidth-card__title\">DCIM UDD da la bienvenida a su generaci\u00f3n 13 y proyecta cuatro a\u00f1os de formaci\u00f3n en investigaci\u00f3n biom\u00e9dica de excelencia<\/h3>\n\t\t\t<span class=\"fullwidth-card__link\">\n\t\t\t\tConocer m\u00e1s\t\t\t<\/span>\n\t\t<\/div>\n\t<\/a>\n<\/div>\n<div class=\"fullwidth-card-wrapper is-style-clear\">\n\t<a href=\"https:\/\/medicina.udd.cl\/doctorado\/2026\/01\/27\/gabriela-meza-fuentes-se-convierte-en-la-egresada-numero-23-del-doctorado-en-ciencias-e-innovacion-en-medicina-udd\/\" class=\"fullwidth-card fullwidth-card--linkable\">\n\t\t\t\t<img loading=\"lazy\" decoding=\"async\" width=\"500\" height=\"500\" src=\"https:\/\/medicina.udd.cl\/doctorado\/files\/2026\/01\/dcim-defensa-tesis-gabriela-meza-20-62x62.jpg\" class=\"fullwidth-card__image wp-post-image lazyload\" alt=\"\" sizes=\"auto, (max-width: 500px) 100vw, 500px\" data-src=\"https:\/\/medicina.udd.cl\/doctorado\/files\/2026\/01\/dcim-defensa-tesis-gabriela-meza-20-500x500.jpg\" data-srcset=\"https:\/\/medicina.udd.cl\/doctorado\/files\/2026\/01\/dcim-defensa-tesis-gabriela-meza-20-500x500.jpg 500w, https:\/\/medicina.udd.cl\/doctorado\/files\/2026\/01\/dcim-defensa-tesis-gabriela-meza-20-150x150.jpg 150w, https:\/\/medicina.udd.cl\/doctorado\/files\/2026\/01\/dcim-defensa-tesis-gabriela-meza-20-62x62.jpg 62w, https:\/\/medicina.udd.cl\/doctorado\/files\/2026\/01\/dcim-defensa-tesis-gabriela-meza-20-750x750.jpg 750w, https:\/\/medicina.udd.cl\/doctorado\/files\/2026\/01\/dcim-defensa-tesis-gabriela-meza-20-250x250.jpg 250w, https:\/\/medicina.udd.cl\/doctorado\/files\/2026\/01\/dcim-defensa-tesis-gabriela-meza-20-126x126.jpg 126w\" \/>\t\t\t\t<div class=\"fullwidth-card__content\">\n\t\t\t<span class=\"fullwidth-card__date\">\n\t\t\t\t27 de enero 2026\t\t\t<\/span>\n\t\t\t<h3 class=\"fullwidth-card__title\">Gabriela Meza Fuentes se convierte en la egresada n\u00famero 23 del Doctorado en Ciencias e Innovaci\u00f3n en Medicina UDD<\/h3>\n\t\t\t<span class=\"fullwidth-card__link\">\n\t\t\t\tConocer m\u00e1s\t\t\t<\/span>\n\t\t<\/div>\n\t<\/a>\n<\/div>\n\t\t\t<\/div>\n\t\t<\/div>\n\t<\/div>\n<\/section>\n\n\n<!-- WP Block: UDD - People -->\n<section class=\"wp-block-udd-people \">\n\t<div class=\"container\">\n\t\t\t\t<header class=\"block__header\">\n\t\t\t\t\t\t\t\n<h2 class=\"wp-block-heading\">EQUIPO<\/h2>\n\t\t\t\t\t\t\t\t<\/header>\n\t\t\t\t<div class=\"people-cards\">\n\t\t\t\t\t<div class=\"person-card\">\n\t<a href=\"https:\/\/medicina.udd.cl\/doctorado\/persona\/andres-klein-2\/\"\n\t\tclass=\"person-card__inner js-person-modal\"\n\t\tdata-post-id=\"2859\"\n\t\tdata-postid=\"2859\"\n\t>\n\t\t\t<div class=\"person-card__media\">\n\t\t\t<img loading=\"lazy\" decoding=\"async\" width=\"475\" height=\"498\" src=\"https:\/\/medicina.udd.cl\/doctorado\/files\/2025\/08\/andres-klein-rb_-62x62.png\" class=\"person-card__image wp-post-image lazyload\" alt=\"\" sizes=\"auto, (max-width: 475px) 100vw, 475px\" data-src=\"https:\/\/medicina.udd.cl\/doctorado\/files\/2025\/08\/andres-klein-rb_.png\" data-srcset=\"https:\/\/medicina.udd.cl\/doctorado\/files\/2025\/08\/andres-klein-rb_.png 475w, https:\/\/medicina.udd.cl\/doctorado\/files\/2025\/08\/andres-klein-rb_-286x300.png 286w\" \/>\t\t<\/div>\n\t\t\t<div class=\"person-card__content\">\n\t\t\t<h3 class=\"person-card__name\">Andr\u00e9s Klein, PhD<\/h3>\n\t\t\t\t\t<span class=\"person-card__description\">Director del Doctorado en Ciencias e Innovaci\u00f3n en Medicina (DCIM)<\/span>\n\t\t\t\t\t<span class=\"person-card__cta\">Ver perfil<\/span>\n\t\t<\/div>\n\t<\/a>\n<\/div>\n\t\t\t\t\t<div class=\"person-card\">\n\t<a href=\"https:\/\/medicina.udd.cl\/doctorado\/persona\/christina-schuh-phd-2\/\"\n\t\tclass=\"person-card__inner js-person-modal\"\n\t\tdata-post-id=\"2866\"\n\t\tdata-postid=\"2866\"\n\t>\n\t\t\t<div class=\"person-card__media\">\n\t\t\t<img loading=\"lazy\" decoding=\"async\" width=\"463\" height=\"452\" src=\"https:\/\/medicina.udd.cl\/doctorado\/files\/2025\/08\/christina-schuh-rb_-62x62.png\" class=\"person-card__image wp-post-image lazyload\" alt=\"\" sizes=\"auto, (max-width: 463px) 100vw, 463px\" data-src=\"https:\/\/medicina.udd.cl\/doctorado\/files\/2025\/08\/christina-schuh-rb_.png\" data-srcset=\"https:\/\/medicina.udd.cl\/doctorado\/files\/2025\/08\/christina-schuh-rb_.png 463w, https:\/\/medicina.udd.cl\/doctorado\/files\/2025\/08\/christina-schuh-rb_-300x293.png 300w, https:\/\/medicina.udd.cl\/doctorado\/files\/2025\/08\/christina-schuh-rb_-62x62.png 62w\" \/>\t\t<\/div>\n\t\t\t<div class=\"person-card__content\">\n\t\t\t<h3 class=\"person-card__name\">Christina Schuh, PhD<\/h3>\n\t\t\t\t\t<span class=\"person-card__description\">Subdirectora del Doctorado en Ciencias e Innovaci\u00f3n en Medicina (DCIM)<\/span>\n\t\t\t\t\t<span class=\"person-card__cta\">Ver perfil<\/span>\n\t\t<\/div>\n\t<\/a>\n<\/div>\n\t\t\t\t\t<div class=\"person-card\">\n\t<a href=\"https:\/\/medicina.udd.cl\/doctorado\/persona\/camila-cancino\/\"\n\t\tclass=\"person-card__inner js-person-modal\"\n\t\tdata-post-id=\"2956\"\n\t\tdata-postid=\"2956\"\n\t>\n\t\t\t<div class=\"person-card__media\">\n\t\t\t<img loading=\"lazy\" decoding=\"async\" width=\"500\" height=\"500\" src=\"https:\/\/medicina.udd.cl\/doctorado\/files\/2025\/09\/camila-cancino_h-scaled-1-62x62.jpg\" class=\"person-card__image wp-post-image lazyload\" alt=\"\" sizes=\"auto, (max-width: 500px) 100vw, 500px\" data-src=\"https:\/\/medicina.udd.cl\/doctorado\/files\/2025\/09\/camila-cancino_h-scaled-1-500x500.jpg\" data-srcset=\"https:\/\/medicina.udd.cl\/doctorado\/files\/2025\/09\/camila-cancino_h-scaled-1-500x500.jpg 500w, https:\/\/medicina.udd.cl\/doctorado\/files\/2025\/09\/camila-cancino_h-scaled-1-300x300.jpg 300w, https:\/\/medicina.udd.cl\/doctorado\/files\/2025\/09\/camila-cancino_h-scaled-1-1024x1024.jpg 1024w, https:\/\/medicina.udd.cl\/doctorado\/files\/2025\/09\/camila-cancino_h-scaled-1-150x150.jpg 150w, https:\/\/medicina.udd.cl\/doctorado\/files\/2025\/09\/camila-cancino_h-scaled-1-768x768.jpg 768w, https:\/\/medicina.udd.cl\/doctorado\/files\/2025\/09\/camila-cancino_h-scaled-1-62x62.jpg 62w, https:\/\/medicina.udd.cl\/doctorado\/files\/2025\/09\/camila-cancino_h-scaled-1-1536x1536.jpg 1536w, https:\/\/medicina.udd.cl\/doctorado\/files\/2025\/09\/camila-cancino_h-scaled-1-2048x2048.jpg 2048w, https:\/\/medicina.udd.cl\/doctorado\/files\/2025\/09\/camila-cancino_h-scaled-1-750x750.jpg 750w, https:\/\/medicina.udd.cl\/doctorado\/files\/2025\/09\/camila-cancino_h-scaled-1-250x250.jpg 250w, https:\/\/medicina.udd.cl\/doctorado\/files\/2025\/09\/camila-cancino_h-scaled-1-126x126.jpg 126w\" \/>\t\t<\/div>\n\t\t\t<div class=\"person-card__content\">\n\t\t\t<h3 class=\"person-card__name\">Camila Cancino<\/h3>\n\t\t\t\t\t<span class=\"person-card__description\">Coordinadora del Doctorado en Ciencias e Innovaci\u00f3n en Medicina (DCIM)<\/span>\n\t\t\t\t\t<span class=\"person-card__cta\">Ver perfil<\/span>\n\t\t<\/div>\n\t<\/a>\n<\/div>\n\t\t\t\t<\/div>\n\t<\/div>\n<\/section>\n\n\n<section class=\"wp-block-udd-cards-rrss\">\n\t<div class=\"container\">\n\t\t\t\t\t<header class=\"header__innerblock block__header\">\n\t\t\t\n<h2 class=\"wp-block-heading\">S\u00edguenos en nuestras redes sociales<\/h2>\n\t\n\t\n\t<\/header>\n\t\t\t\t<div class=\"block__content\">\n\t\t\t<div class=\"udd-rrss-cards\" style=\"--udd-blocks-has-columns-number: 4;\">\n\t\t\t\t\t\t\t<div\n\t\t\t\t\t\t\t\t\t\tclass=\"rrss-card-wrapper\"\n\t\t\t\t>\n\t\t\t\t\t<a\n\t\t\t\t\t\thref=\"https:\/\/www.linkedin.com\/company\/dcim-udd\/%20\"\n\t\t\t\t\t\tclass=\"card-rrss\"\n\t\t\t\t\t\t\t\t\t\t\t>\n\t\t\t\t\t\t<svg class=\"svg-linkedin-dims\"><use xlink:href='https:\/\/medicina.udd.cl\/doctorado\/wp-content\/themes\/facultades-2018\/assets\/img\/svg\/dist\/main.svg?version=1695853099#linkedin'><\/use><\/svg>\t\t\t\t\t\t<h3 class=\"card-rrss__title\">DCIM<\/h3>\n\t\t\t\t\t<\/a>\n\t\t\t\t<\/div>\n\t\t\t\t\t\t\t<div\n\t\t\t\t\t\t\t\t\t\tclass=\"rrss-card-wrapper\"\n\t\t\t\t>\n\t\t\t\t\t<a\n\t\t\t\t\t\thref=\"https:\/\/www.instagram.com\/dcim_udd\/\"\n\t\t\t\t\t\tclass=\"card-rrss\"\n\t\t\t\t\t\t\t\t\t\t\t>\n\t\t\t\t\t\t<svg class=\"svg-instagram-dims\"><use xlink:href='https:\/\/medicina.udd.cl\/doctorado\/wp-content\/themes\/facultades-2018\/assets\/img\/svg\/dist\/main.svg?version=1695853099#instagram'><\/use><\/svg>\t\t\t\t\t\t<h3 class=\"card-rrss__title\">dcim_udd<\/h3>\n\t\t\t\t\t<\/a>\n\t\t\t\t<\/div>\n\t\t\t\t\t\t\t<div\n\t\t\t\t\t\t\t\t\t\tclass=\"rrss-card-wrapper\"\n\t\t\t\t>\n\t\t\t\t\t<a\n\t\t\t\t\t\thref=\"https:\/\/x.com\/dcim_udd\"\n\t\t\t\t\t\tclass=\"card-rrss\"\n\t\t\t\t\t\t\t\t\t\t\t>\n\t\t\t\t\t\t<svg class=\"svg-twitter-dims\"><use xlink:href='https:\/\/medicina.udd.cl\/doctorado\/wp-content\/themes\/facultades-2018\/assets\/img\/svg\/dist\/main.svg?version=1695853099#twitter'><\/use><\/svg>\t\t\t\t\t\t<h3 class=\"card-rrss__title\">dcim_udd<\/h3>\n\t\t\t\t\t<\/a>\n\t\t\t\t<\/div>\n\t\t\t\t\t\t<\/div>\n\t\t<\/div>\n\t<\/div>\n<\/section>\n<!--\/ Redes sociales-->\n\n\n<!-- WP Block: UDD - People -->\n<section class=\"wp-block-udd-contacts\">\n\t\t<div class=\"block__bg\">\n\t\t\t<\/div>\n\t\t<div class=\"container\">\n\t\t<header class=\"block__header\">\n\t\t\t<h2 class=\"block__title\">Contacto<\/h2>\n\t\t<\/header>\n\t\t<div class=\"block__content\">\n\t\t\t<ul class=\"contacts\">\n\t\t\t\t\t\t\t<li class=\"contact\">\n\t\t\t\t\t<div class=\"person-contact\">\n\t\t\t\t\t\t\t\t\t\t\t\t<h3 class=\"person-contact__name\">Camila Cancino<\/h3>\n\t\t\t\t\t\t\t\t\t\t\t\t\t\t\t\t\t\t<span class=\"person-contact__job-title\">Coordinadora DCIM<\/span>\n\t\t\t\t\t\t\t\t\t\t\t\t\t\t\t\t\t\t\t\t\t\t\t\t\t\t\t\t\t\t\t<span class=\"person-contact__email\">Email: <a href=\"mailto:d&#99;im&#64;&#117;&#100;d.c&#108;\">d&#99;&#105;m&#64;ud&#100;.&#99;&#108;<\/a><\/span>\n\t\t\t\t\t\t\t\t\t\t\t<\/div>\n\t\t\t\t<\/li>\n\t\t\t\t\t\t<\/ul>\n\t\t<\/div>\n\t<\/div>\n<\/section>\n","protected":false},"excerpt":{"rendered":"","protected":false},"author":9192217,"featured_media":0,"parent":0,"menu_order":0,"comment_status":"closed","ping_status":"closed","template":"","meta":{"footnotes":""},"class_list":["post-4","page","type-page","status-publish","hentry"],"yoast_head":"<!-- This site is optimized with the Yoast SEO plugin v26.9 - https:\/\/yoast.com\/product\/yoast-seo-wordpress\/ -->\n<title>Inicio - Doctorado en Ciencias e Innovaci\u00f3n en Medicina<\/title>\n<meta name=\"robots\" content=\"noindex, follow, max-snippet:-1, max-image-preview:large, max-video-preview:-1\" \/>\n<meta property=\"og:locale\" content=\"es_ES\" \/>\n<meta property=\"og:type\" content=\"article\" \/>\n<meta property=\"og:title\" content=\"Inicio - Doctorado en Ciencias e Innovaci\u00f3n en Medicina\" \/>\n<meta property=\"og:url\" content=\"https:\/\/medicina.udd.cl\/doctorado\/\" \/>\n<meta property=\"og:site_name\" content=\"Doctorado en Ciencias e Innovaci\u00f3n en Medicina\" \/>\n<meta property=\"article:modified_time\" content=\"2025-09-03T20:46:59+00:00\" \/>\n<meta name=\"twitter:card\" content=\"summary_large_image\" \/>\n<meta name=\"twitter:label1\" content=\"Tiempo de lectura\" \/>\n\t<meta name=\"twitter:data1\" content=\"1 minuto\" \/>\n<script type=\"application\/ld+json\" class=\"yoast-schema-graph\">{\"@context\":\"https:\/\/schema.org\",\"@graph\":[{\"@type\":\"WebPage\",\"@id\":\"https:\/\/medicina.udd.cl\/doctorado\/\",\"url\":\"https:\/\/medicina.udd.cl\/doctorado\/\",\"name\":\"Inicio - Doctorado en Ciencias e Innovaci\u00f3n en Medicina\",\"isPartOf\":{\"@id\":\"https:\/\/medicina.udd.cl\/doctorado\/#website\"},\"datePublished\":\"2025-06-04T14:19:19+00:00\",\"dateModified\":\"2025-09-03T20:46:59+00:00\",\"inLanguage\":\"es\",\"potentialAction\":[{\"@type\":\"ReadAction\",\"target\":[\"https:\/\/medicina.udd.cl\/doctorado\/\"]}]},{\"@type\":\"WebSite\",\"@id\":\"https:\/\/medicina.udd.cl\/doctorado\/#website\",\"url\":\"https:\/\/medicina.udd.cl\/doctorado\/\",\"name\":\"Doctorado en Ciencias e Innovaci\u00f3n en Medicina\",\"description\":\"\",\"inLanguage\":\"es\"}]}<\/script>\n<!-- \/ Yoast SEO plugin. -->","yoast_head_json":{"title":"Inicio - Doctorado en Ciencias e Innovaci\u00f3n en Medicina","robots":{"index":"noindex","follow":"follow","max-snippet":"max-snippet:-1","max-image-preview":"max-image-preview:large","max-video-preview":"max-video-preview:-1"},"og_locale":"es_ES","og_type":"article","og_title":"Inicio - Doctorado en Ciencias e Innovaci\u00f3n en Medicina","og_url":"https:\/\/medicina.udd.cl\/doctorado\/","og_site_name":"Doctorado en Ciencias e Innovaci\u00f3n en Medicina","article_modified_time":"2025-09-03T20:46:59+00:00","twitter_card":"summary_large_image","twitter_misc":{"Tiempo de lectura":"1 minuto"},"schema":{"@context":"https:\/\/schema.org","@graph":[{"@type":"WebPage","@id":"https:\/\/medicina.udd.cl\/doctorado\/","url":"https:\/\/medicina.udd.cl\/doctorado\/","name":"Inicio - Doctorado en Ciencias e Innovaci\u00f3n en Medicina","isPartOf":{"@id":"https:\/\/medicina.udd.cl\/doctorado\/#website"},"datePublished":"2025-06-04T14:19:19+00:00","dateModified":"2025-09-03T20:46:59+00:00","inLanguage":"es","potentialAction":[{"@type":"ReadAction","target":["https:\/\/medicina.udd.cl\/doctorado\/"]}]},{"@type":"WebSite","@id":"https:\/\/medicina.udd.cl\/doctorado\/#website","url":"https:\/\/medicina.udd.cl\/doctorado\/","name":"Doctorado en Ciencias e Innovaci\u00f3n en Medicina","description":"","inLanguage":"es"}]}},"_links":{"self":[{"href":"https:\/\/medicina.udd.cl\/doctorado\/wp-json\/wp\/v2\/pages\/4","targetHints":{"allow":["GET"]}}],"collection":[{"href":"https:\/\/medicina.udd.cl\/doctorado\/wp-json\/wp\/v2\/pages"}],"about":[{"href":"https:\/\/medicina.udd.cl\/doctorado\/wp-json\/wp\/v2\/types\/page"}],"author":[{"embeddable":true,"href":"https:\/\/medicina.udd.cl\/doctorado\/wp-json\/wp\/v2\/users\/9192217"}],"replies":[{"embeddable":true,"href":"https:\/\/medicina.udd.cl\/doctorado\/wp-json\/wp\/v2\/comments?post=4"}],"version-history":[{"count":19,"href":"https:\/\/medicina.udd.cl\/doctorado\/wp-json\/wp\/v2\/pages\/4\/revisions"}],"predecessor-version":[{"id":2977,"href":"https:\/\/medicina.udd.cl\/doctorado\/wp-json\/wp\/v2\/pages\/4\/revisions\/2977"}],"wp:attachment":[{"href":"https:\/\/medicina.udd.cl\/doctorado\/wp-json\/wp\/v2\/media?parent=4"}],"curies":[{"name":"wp","href":"https:\/\/api.w.org\/{rel}","templated":true}]}}