{"id":71,"date":"2016-08-31T15:14:45","date_gmt":"2016-08-31T15:14:45","guid":{"rendered":"http:\/\/medicina.udd.cl\/doctorado\/?page_id=71"},"modified":"2025-08-19T11:41:39","modified_gmt":"2025-08-19T15:41:39","slug":"aranceles","status":"publish","type":"page","link":"https:\/\/medicina.udd.cl\/doctorado\/admision\/aranceles\/","title":{"rendered":"Aranceles y Becas"},"content":{"rendered":"\n<h4 class=\"wp-block-heading\">Cupos ofrecidos: 4<\/h4>\n\n\n\n<p>Dado que es un programa acreditado por la Comisi\u00f3n Nacional de Acreditaci\u00f3n de Chile (CNA), los postulantes pueden optar a financiamiento ANID,&nbsp; debiendo postular a la <a href=\"https:\/\/www.conicyt.cl\/becasconicyt\/\">Beca de Doctorado Nacional de ANID<\/a>.<\/p>\n\n\n\n<p><strong>\u2013 Becas ANID<\/strong>: Quienes ingresen al programa con la&nbsp;<a href=\"https:\/\/www.conicyt.cl\/becasconicyt\/\">Beca de Doctorado Nacional de ANID<\/a>&nbsp;(que brinda arancel, matr\u00edcula y manutenci\u00f3n, extensi\u00f3n de beca, posibilidad de pasant\u00eda por 6 meses) recibir\u00e1n adem\u00e1s una beca complementaria UDD,&nbsp;m\u00e1s un vale de almuerzo diario, que se agregan a los beneficios entregados por ANID.<\/p>\n\n\n\n<p><strong>\u2013 Beca Doctorados UDD&nbsp;de Excelencia:<\/strong>&nbsp;En caso que los postulantes no se adjudiquen la Beca de Doctorado Nacional ANID, la Direcci\u00f3n del Programa en conjunto con la Direcci\u00f3n del Instituto de Ciencias e Innovaci\u00f3n en Medicina ser\u00e1n los responsables de otorgar las Becas UDD, en base a los resultados del proceso de Admisi\u00f3n. La Beca UDD consiste&nbsp;en la exenci\u00f3n del arancel de matr\u00edcula y del costo total de arancel anual, una beca de manutenci\u00f3n mensual y vale de almuerzo diario.<\/p>\n\n\n\n<p>El buen desempe\u00f1o&nbsp;acad\u00e9mico permitir\u00e1 al alumno renovar anualmente los beneficios de la Beca UDD, previa revisi\u00f3n por parte del Comit\u00e9 Acad\u00e9mico y de la Direcci\u00f3n del Programa.<\/p>\n\n\n<!-- WP Block: UDD - People -->\n<section class=\"wp-block-udd-contacts\">\n\t\t<div class=\"block__bg\">\n\t\t\t<\/div>\n\t\t<div class=\"container\">\n\t\t<header class=\"block__header\">\n\t\t\t<h2 class=\"block__title\">contacto<\/h2>\n\t\t<\/header>\n\t\t<div class=\"block__content\">\n\t\t\t<ul class=\"contacts\">\n\t\t\t\t\t\t\t<li class=\"contact\">\n\t\t\t\t\t<div class=\"person-contact\">\n\t\t\t\t\t\t\t\t\t\t\t\t<h3 class=\"person-contact__name\">Camila Cancino<\/h3>\n\t\t\t\t\t\t\t\t\t\t\t\t\t\t\t\t\t\t<span class=\"person-contact__job-title\">Coordinadora DCIM<\/span>\n\t\t\t\t\t\t\t\t\t\t\t\t\t\t\t\t\t\t\t\t\t\t\t\t\t\t\t\t\t\t\t<span class=\"person-contact__email\">Email: <a href=\"mailto:&#100;&#99;i&#109;&#64;udd.c&#108;\">d&#99;im&#64;ud&#100;&#46;&#99;&#108;<\/a><\/span>\n\t\t\t\t\t\t\t\t\t\t\t<\/div>\n\t\t\t\t<\/li>\n\t\t\t\t\t\t<\/ul>\n\t\t<\/div>\n\t<\/div>\n<\/section>\n","protected":false},"excerpt":{"rendered":"<p>Cupos ofrecidos: 4 Dado que es un programa acreditado por la Comisi\u00f3n Nacional de Acreditaci\u00f3n de Chile (CNA), los postulantes pueden optar a financiamiento ANID,&nbsp; debiendo postular a la Beca de Doctorado Nacional de ANID. \u2013 Becas ANID: Quienes ingresen al programa con la&nbsp;Beca de Doctorado Nacional de ANID&nbsp;(que brinda arancel, matr\u00edcula y manutenci\u00f3n, extensi\u00f3n [&hellip;]<\/p>\n","protected":false},"author":9192217,"featured_media":0,"parent":22,"menu_order":2,"comment_status":"closed","ping_status":"closed","template":"","meta":{"footnotes":""},"class_list":["post-71","page","type-page","status-publish","hentry"],"yoast_head":"<!-- This site is optimized with the Yoast SEO plugin v26.9 - https:\/\/yoast.com\/product\/yoast-seo-wordpress\/ -->\n<title>Aranceles y Becas - Doctorado en Ciencias e Innovaci\u00f3n en Medicina<\/title>\n<meta name=\"robots\" content=\"noindex, follow, max-snippet:-1, max-image-preview:large, max-video-preview:-1\" \/>\n<meta property=\"og:locale\" content=\"es_ES\" \/>\n<meta property=\"og:type\" content=\"article\" \/>\n<meta property=\"og:title\" content=\"Aranceles y Becas - Doctorado en Ciencias e Innovaci\u00f3n en Medicina\" \/>\n<meta property=\"og:description\" content=\"Cupos ofrecidos: 4 Dado que es un programa acreditado por la Comisi\u00f3n Nacional de Acreditaci\u00f3n de Chile (CNA), los postulantes pueden optar a financiamiento ANID,&nbsp; debiendo postular a la Beca de Doctorado Nacional de ANID. \u2013 Becas ANID: Quienes ingresen al programa con la&nbsp;Beca de Doctorado Nacional de ANID&nbsp;(que brinda arancel, matr\u00edcula y manutenci\u00f3n, extensi\u00f3n [&hellip;]\" \/>\n<meta property=\"og:url\" content=\"https:\/\/medicina.udd.cl\/doctorado\/admision\/aranceles\/\" \/>\n<meta property=\"og:site_name\" content=\"Doctorado en Ciencias e Innovaci\u00f3n en Medicina\" \/>\n<meta property=\"article:modified_time\" content=\"2025-08-19T15:41:39+00:00\" \/>\n<meta name=\"twitter:card\" content=\"summary_large_image\" \/>\n<meta name=\"twitter:label1\" content=\"Tiempo de lectura\" \/>\n\t<meta name=\"twitter:data1\" content=\"1 minuto\" \/>\n<script type=\"application\/ld+json\" class=\"yoast-schema-graph\">{\"@context\":\"https:\/\/schema.org\",\"@graph\":[{\"@type\":\"WebPage\",\"@id\":\"https:\/\/medicina.udd.cl\/doctorado\/admision\/aranceles\/\",\"url\":\"https:\/\/medicina.udd.cl\/doctorado\/admision\/aranceles\/\",\"name\":\"Aranceles y Becas - Doctorado en Ciencias e Innovaci\u00f3n en Medicina\",\"isPartOf\":{\"@id\":\"https:\/\/medicina.udd.cl\/doctorado\/#website\"},\"datePublished\":\"2016-08-31T15:14:45+00:00\",\"dateModified\":\"2025-08-19T15:41:39+00:00\",\"breadcrumb\":{\"@id\":\"https:\/\/medicina.udd.cl\/doctorado\/admision\/aranceles\/#breadcrumb\"},\"inLanguage\":\"es\",\"potentialAction\":[{\"@type\":\"ReadAction\",\"target\":[\"https:\/\/medicina.udd.cl\/doctorado\/admision\/aranceles\/\"]}]},{\"@type\":\"BreadcrumbList\",\"@id\":\"https:\/\/medicina.udd.cl\/doctorado\/admision\/aranceles\/#breadcrumb\",\"itemListElement\":[{\"@type\":\"ListItem\",\"position\":1,\"name\":\"Admisi\u00f3n\",\"item\":\"https:\/\/medicina.udd.cl\/doctorado\/admision\/\"},{\"@type\":\"ListItem\",\"position\":2,\"name\":\"Aranceles y Becas\"}]},{\"@type\":\"WebSite\",\"@id\":\"https:\/\/medicina.udd.cl\/doctorado\/#website\",\"url\":\"https:\/\/medicina.udd.cl\/doctorado\/\",\"name\":\"Doctorado en Ciencias e Innovaci\u00f3n en Medicina\",\"description\":\"\",\"inLanguage\":\"es\"}]}<\/script>\n<!-- \/ Yoast SEO plugin. -->","yoast_head_json":{"title":"Aranceles y Becas - Doctorado en Ciencias e Innovaci\u00f3n en Medicina","robots":{"index":"noindex","follow":"follow","max-snippet":"max-snippet:-1","max-image-preview":"max-image-preview:large","max-video-preview":"max-video-preview:-1"},"og_locale":"es_ES","og_type":"article","og_title":"Aranceles y Becas - Doctorado en Ciencias e Innovaci\u00f3n en Medicina","og_description":"Cupos ofrecidos: 4 Dado que es un programa acreditado por la Comisi\u00f3n Nacional de Acreditaci\u00f3n de Chile (CNA), los postulantes pueden optar a financiamiento ANID,&nbsp; debiendo postular a la Beca de Doctorado Nacional de ANID. \u2013 Becas ANID: Quienes ingresen al programa con la&nbsp;Beca de Doctorado Nacional de ANID&nbsp;(que brinda arancel, matr\u00edcula y manutenci\u00f3n, extensi\u00f3n [&hellip;]","og_url":"https:\/\/medicina.udd.cl\/doctorado\/admision\/aranceles\/","og_site_name":"Doctorado en Ciencias e Innovaci\u00f3n en Medicina","article_modified_time":"2025-08-19T15:41:39+00:00","twitter_card":"summary_large_image","twitter_misc":{"Tiempo de lectura":"1 minuto"},"schema":{"@context":"https:\/\/schema.org","@graph":[{"@type":"WebPage","@id":"https:\/\/medicina.udd.cl\/doctorado\/admision\/aranceles\/","url":"https:\/\/medicina.udd.cl\/doctorado\/admision\/aranceles\/","name":"Aranceles y Becas - Doctorado en Ciencias e Innovaci\u00f3n en Medicina","isPartOf":{"@id":"https:\/\/medicina.udd.cl\/doctorado\/#website"},"datePublished":"2016-08-31T15:14:45+00:00","dateModified":"2025-08-19T15:41:39+00:00","breadcrumb":{"@id":"https:\/\/medicina.udd.cl\/doctorado\/admision\/aranceles\/#breadcrumb"},"inLanguage":"es","potentialAction":[{"@type":"ReadAction","target":["https:\/\/medicina.udd.cl\/doctorado\/admision\/aranceles\/"]}]},{"@type":"BreadcrumbList","@id":"https:\/\/medicina.udd.cl\/doctorado\/admision\/aranceles\/#breadcrumb","itemListElement":[{"@type":"ListItem","position":1,"name":"Admisi\u00f3n","item":"https:\/\/medicina.udd.cl\/doctorado\/admision\/"},{"@type":"ListItem","position":2,"name":"Aranceles y Becas"}]},{"@type":"WebSite","@id":"https:\/\/medicina.udd.cl\/doctorado\/#website","url":"https:\/\/medicina.udd.cl\/doctorado\/","name":"Doctorado en Ciencias e Innovaci\u00f3n en Medicina","description":"","inLanguage":"es"}]}},"_links":{"self":[{"href":"https:\/\/medicina.udd.cl\/doctorado\/wp-json\/wp\/v2\/pages\/71","targetHints":{"allow":["GET"]}}],"collection":[{"href":"https:\/\/medicina.udd.cl\/doctorado\/wp-json\/wp\/v2\/pages"}],"about":[{"href":"https:\/\/medicina.udd.cl\/doctorado\/wp-json\/wp\/v2\/types\/page"}],"author":[{"embeddable":true,"href":"https:\/\/medicina.udd.cl\/doctorado\/wp-json\/wp\/v2\/users\/9192217"}],"replies":[{"embeddable":true,"href":"https:\/\/medicina.udd.cl\/doctorado\/wp-json\/wp\/v2\/comments?post=71"}],"version-history":[{"count":3,"href":"https:\/\/medicina.udd.cl\/doctorado\/wp-json\/wp\/v2\/pages\/71\/revisions"}],"predecessor-version":[{"id":2922,"href":"https:\/\/medicina.udd.cl\/doctorado\/wp-json\/wp\/v2\/pages\/71\/revisions\/2922"}],"up":[{"embeddable":true,"href":"https:\/\/medicina.udd.cl\/doctorado\/wp-json\/wp\/v2\/pages\/22"}],"wp:attachment":[{"href":"https:\/\/medicina.udd.cl\/doctorado\/wp-json\/wp\/v2\/media?parent=71"}],"curies":[{"name":"wp","href":"https:\/\/api.w.org\/{rel}","templated":true}]}}