{"id":74,"date":"2016-08-31T15:16:10","date_gmt":"2016-08-31T15:16:10","guid":{"rendered":"http:\/\/medicina.udd.cl\/doctorado\/?page_id=74"},"modified":"2025-08-19T11:40:18","modified_gmt":"2025-08-19T15:40:18","slug":"requisitos","status":"publish","type":"page","link":"https:\/\/medicina.udd.cl\/doctorado\/admision\/requisitos\/","title":{"rendered":"Requisitos de Postulaci\u00f3n"},"content":{"rendered":"<p class=\"wp-block-udd-button text-left\"><a class=\"btn btn-primary btn-lg\" href=\"http:\/\/medicina.udd.cl\/doctorado\/files\/2025\/06\/manual-de-admision-2026-dcim-vf.pdf\" data-url=\"http:\/\/medicina.udd.cl\/doctorado\/files\/2025\/06\/manual-de-admision-2026-dcim-vf.pdf\"><svg class=\"svg-download-dims\"><use xlink:href='https:\/\/medicina.udd.cl\/doctorado\/wp-content\/themes\/facultades-2018\/assets\/img\/svg\/dist\/main.svg?version=1695853099#download'><\/use><\/svg> Manual de Admisi\u00f3n DCIM <\/a><\/p>\n\n\n\n<p>El postulante deber\u00e1 ingresar sus datos personales y los antecedentes solicitados en el <a href=\"https:\/\/airtable.com\/appCExjDwOSOKwRiy\/shrarTB9xKkryUiGh\">formulario online<\/a>, que se encontrar\u00e1 disponible para la admisi\u00f3n 2026, desde el 16 de junio hasta el 30 de septiembre de 2025.<\/p>\n\n\n\n<p>Para mayor informaci\u00f3n o consultas, puede escribirnos al mail&nbsp;<a href=\"mailto:dcim@udd.cl\">dcim@udd.cl<\/a><\/p>\n\n\n\n<h2 class=\"wp-block-heading\">Perfil de Ingreso:<\/h2>\n\n\n\n<p>Los alumnos que ingresan al programa deben poseer conocimientos sobre ciencias b\u00e1sicas de la medicina, biomedicina, biolog\u00eda o disciplinas relacionadas. El programa est\u00e1 abierto a profesionales del \u00e1rea de la salud y afines que demuestren inter\u00e9s por la biomedicina y el trabajo interdisciplinario, vocaci\u00f3n de servicio y voluntad de ser gestores de cambios. Se requiere que hayan presentado buen rendimiento acad\u00e9mico durante sus estudios de pregrado universitarios. Se privilegiar\u00e1 candidatos con intereses y curiosidades variados, con capacidad de pensamiento abstracto, esp\u00edritu cr\u00edtico y anal\u00edtico.<\/p>\n\n\n\n<h3 class=\"wp-block-heading\">Este programa est\u00e1 abierto a:<\/h3>\n\n\n\n<ol class=\"wp-block-list\">\n<li>Mag\u00edsteres en \u00e1reas de la salud.<\/li>\n\n\n\n<li>Licenciados en programas de la salud y afines: Medicina, Odontolog\u00eda, Kinesiolog\u00eda, Enfermer\u00eda, Fonoaudiolog\u00eda, Nutrici\u00f3n y Diet\u00e9tica, Medicina Veterinaria, Tecnolog\u00eda M\u00e9dica, Qu\u00edmica y Farmacia, Bioqu\u00edmica, Biotecnolog\u00eda, Biolog\u00eda, entre otros.<\/li>\n<\/ol>\n\n\n\n<h2 class=\"wp-block-heading\">Postulaciones:<\/h2>\n\n\n\n<p>El proceso se llevar\u00e1 a cabo anualmente, mediante concurso abierto de antecedentes. Estos son:<\/p>\n\n\n\n<ul class=\"wp-block-list\">\n<li>Certificaci\u00f3n de grados acad\u00e9micos y t\u00edtulos profesionales.<\/li>\n\n\n\n<li>Concentraci\u00f3n de notas y ranking de egreso de estudios universitarios de pregrado.<\/li>\n\n\n\n<li>Carta de presentaci\u00f3n del postulante, con los objetivos de estudios (carta de intenci\u00f3n).<\/li>\n\n\n\n<li>Dos cartas de recomendaci\u00f3n confidenciales. Estas deben ser enviadas por el <strong>recomendador <\/strong>antes del cierre de postulaciones, a la coordinadora del programa Srta. Camila Cancino al correo <a href=\"mailto:ccancino@udd.cl\">ccancino@udd.cl<\/a><\/li>\n\n\n\n<li>Curr\u00edculum Vitae, se debe utilizar el siguiente <a href=\"http:\/\/medicina.udd.cl\/doctorado\/files\/2025\/08\/formato-tipo-cv-dcim-2026.pdf\">Formato tipo CV&nbsp;<\/a><\/li>\n\n\n\n<li>Una entrevista personal (presencial o por videoconferencia).<\/li>\n<\/ul>\n\n\n\n<p>En caso de documentos emitidos en el extranjero, y ser<b>&nbsp;aceptado<\/b>&nbsp;en el programa, estos deben ser revalidados mediante el siguiente <a href=\"http:\/\/apostilla.gob.cl\/apostilla\/solicitud-de-apostilla-desde-el-exterior-para-documentos-publicos\">enlace<\/a>.<\/p>\n\n\n\n<p><strong>Criterios de selecci\u00f3n:<\/strong><\/p>\n\n\n\n<ul class=\"wp-block-list\">\n<li>An\u00e1lisis de antecedentes de los candidatos, entre los cuales se definir\u00e1n los preseleccionados.<\/li>\n\n\n\n<li>Los preseleccionados&nbsp;ser\u00e1n citados a entrevistas personales con acad\u00e9micos del Doctorado.<\/li>\n\n\n\n<li>Prueba de conocimientos pertinentes al programa.<\/li>\n\n\n\n<li>An\u00e1lisis&nbsp;de una publicaci\u00f3n cient\u00edfica en ingl\u00e9s elegida por el Comit\u00e9.<\/li>\n<\/ul>\n\n\n<!-- WP Block: UDD - People -->\n<section class=\"wp-block-udd-contacts\">\n\t\t<div class=\"block__bg\">\n\t\t\t<\/div>\n\t\t<div class=\"container\">\n\t\t<header class=\"block__header\">\n\t\t\t<h2 class=\"block__title\">contacto<\/h2>\n\t\t<\/header>\n\t\t<div class=\"block__content\">\n\t\t\t<ul class=\"contacts\">\n\t\t\t\t\t\t\t<li class=\"contact\">\n\t\t\t\t\t<div class=\"person-contact\">\n\t\t\t\t\t\t\t\t\t\t\t\t<h3 class=\"person-contact__name\">Camila Cancino<\/h3>\n\t\t\t\t\t\t\t\t\t\t\t\t\t\t\t\t\t\t<span class=\"person-contact__job-title\">Coordinadora DCIM<\/span>\n\t\t\t\t\t\t\t\t\t\t\t\t\t\t\t\t\t\t\t\t\t\t\t\t\t\t\t\t\t\t\t<span class=\"person-contact__email\">Email: <a href=\"mailto:dcim&#64;u&#100;d.cl\">dcim&#64;&#117;d&#100;.c&#108;<\/a><\/span>\n\t\t\t\t\t\t\t\t\t\t\t<\/div>\n\t\t\t\t<\/li>\n\t\t\t\t\t\t<\/ul>\n\t\t<\/div>\n\t<\/div>\n<\/section>\n","protected":false},"excerpt":{"rendered":"<p>El postulante deber\u00e1 ingresar sus datos personales y los antecedentes solicitados en el formulario online, que se encontrar\u00e1 disponible para la admisi\u00f3n 2026, desde el 16 de junio hasta el 30 de septiembre de 2025. Para mayor informaci\u00f3n o consultas, puede escribirnos al mail&nbsp;dcim@udd.cl Perfil de Ingreso: Los alumnos que ingresan al programa deben poseer [&hellip;]<\/p>\n","protected":false},"author":9192217,"featured_media":0,"parent":22,"menu_order":1,"comment_status":"closed","ping_status":"closed","template":"","meta":{"footnotes":""},"class_list":["post-74","page","type-page","status-publish","hentry"],"yoast_head":"<!-- This site is optimized with the Yoast SEO plugin v26.9 - https:\/\/yoast.com\/product\/yoast-seo-wordpress\/ -->\n<title>Requisitos de Postulaci\u00f3n - Doctorado en Ciencias e Innovaci\u00f3n en Medicina<\/title>\n<meta name=\"robots\" content=\"noindex, follow, max-snippet:-1, max-image-preview:large, max-video-preview:-1\" \/>\n<meta property=\"og:locale\" content=\"es_ES\" \/>\n<meta property=\"og:type\" content=\"article\" \/>\n<meta property=\"og:title\" content=\"Requisitos de Postulaci\u00f3n - Doctorado en Ciencias e Innovaci\u00f3n en Medicina\" \/>\n<meta property=\"og:description\" content=\"El postulante deber\u00e1 ingresar sus datos personales y los antecedentes solicitados en el formulario online, que se encontrar\u00e1 disponible para la admisi\u00f3n 2026, desde el 16 de junio hasta el 30 de septiembre de 2025. Para mayor informaci\u00f3n o consultas, puede escribirnos al mail&nbsp;dcim@udd.cl Perfil de Ingreso: Los alumnos que ingresan al programa deben poseer [&hellip;]\" \/>\n<meta property=\"og:url\" content=\"https:\/\/medicina.udd.cl\/doctorado\/admision\/requisitos\/\" \/>\n<meta property=\"og:site_name\" content=\"Doctorado en Ciencias e Innovaci\u00f3n en Medicina\" \/>\n<meta property=\"article:modified_time\" content=\"2025-08-19T15:40:18+00:00\" \/>\n<meta name=\"twitter:card\" content=\"summary_large_image\" \/>\n<meta name=\"twitter:label1\" content=\"Tiempo de lectura\" \/>\n\t<meta name=\"twitter:data1\" content=\"2 minutos\" \/>\n<script type=\"application\/ld+json\" class=\"yoast-schema-graph\">{\"@context\":\"https:\/\/schema.org\",\"@graph\":[{\"@type\":\"WebPage\",\"@id\":\"https:\/\/medicina.udd.cl\/doctorado\/admision\/requisitos\/\",\"url\":\"https:\/\/medicina.udd.cl\/doctorado\/admision\/requisitos\/\",\"name\":\"Requisitos de Postulaci\u00f3n - Doctorado en Ciencias e Innovaci\u00f3n en Medicina\",\"isPartOf\":{\"@id\":\"https:\/\/medicina.udd.cl\/doctorado\/#website\"},\"datePublished\":\"2016-08-31T15:16:10+00:00\",\"dateModified\":\"2025-08-19T15:40:18+00:00\",\"breadcrumb\":{\"@id\":\"https:\/\/medicina.udd.cl\/doctorado\/admision\/requisitos\/#breadcrumb\"},\"inLanguage\":\"es\",\"potentialAction\":[{\"@type\":\"ReadAction\",\"target\":[\"https:\/\/medicina.udd.cl\/doctorado\/admision\/requisitos\/\"]}]},{\"@type\":\"BreadcrumbList\",\"@id\":\"https:\/\/medicina.udd.cl\/doctorado\/admision\/requisitos\/#breadcrumb\",\"itemListElement\":[{\"@type\":\"ListItem\",\"position\":1,\"name\":\"Admisi\u00f3n\",\"item\":\"https:\/\/medicina.udd.cl\/doctorado\/admision\/\"},{\"@type\":\"ListItem\",\"position\":2,\"name\":\"Requisitos de Postulaci\u00f3n\"}]},{\"@type\":\"WebSite\",\"@id\":\"https:\/\/medicina.udd.cl\/doctorado\/#website\",\"url\":\"https:\/\/medicina.udd.cl\/doctorado\/\",\"name\":\"Doctorado en Ciencias e Innovaci\u00f3n en Medicina\",\"description\":\"\",\"inLanguage\":\"es\"}]}<\/script>\n<!-- \/ Yoast SEO plugin. -->","yoast_head_json":{"title":"Requisitos de Postulaci\u00f3n - Doctorado en Ciencias e Innovaci\u00f3n en Medicina","robots":{"index":"noindex","follow":"follow","max-snippet":"max-snippet:-1","max-image-preview":"max-image-preview:large","max-video-preview":"max-video-preview:-1"},"og_locale":"es_ES","og_type":"article","og_title":"Requisitos de Postulaci\u00f3n - Doctorado en Ciencias e Innovaci\u00f3n en Medicina","og_description":"El postulante deber\u00e1 ingresar sus datos personales y los antecedentes solicitados en el formulario online, que se encontrar\u00e1 disponible para la admisi\u00f3n 2026, desde el 16 de junio hasta el 30 de septiembre de 2025. Para mayor informaci\u00f3n o consultas, puede escribirnos al mail&nbsp;dcim@udd.cl Perfil de Ingreso: Los alumnos que ingresan al programa deben poseer [&hellip;]","og_url":"https:\/\/medicina.udd.cl\/doctorado\/admision\/requisitos\/","og_site_name":"Doctorado en Ciencias e Innovaci\u00f3n en Medicina","article_modified_time":"2025-08-19T15:40:18+00:00","twitter_card":"summary_large_image","twitter_misc":{"Tiempo de lectura":"2 minutos"},"schema":{"@context":"https:\/\/schema.org","@graph":[{"@type":"WebPage","@id":"https:\/\/medicina.udd.cl\/doctorado\/admision\/requisitos\/","url":"https:\/\/medicina.udd.cl\/doctorado\/admision\/requisitos\/","name":"Requisitos de Postulaci\u00f3n - Doctorado en Ciencias e Innovaci\u00f3n en Medicina","isPartOf":{"@id":"https:\/\/medicina.udd.cl\/doctorado\/#website"},"datePublished":"2016-08-31T15:16:10+00:00","dateModified":"2025-08-19T15:40:18+00:00","breadcrumb":{"@id":"https:\/\/medicina.udd.cl\/doctorado\/admision\/requisitos\/#breadcrumb"},"inLanguage":"es","potentialAction":[{"@type":"ReadAction","target":["https:\/\/medicina.udd.cl\/doctorado\/admision\/requisitos\/"]}]},{"@type":"BreadcrumbList","@id":"https:\/\/medicina.udd.cl\/doctorado\/admision\/requisitos\/#breadcrumb","itemListElement":[{"@type":"ListItem","position":1,"name":"Admisi\u00f3n","item":"https:\/\/medicina.udd.cl\/doctorado\/admision\/"},{"@type":"ListItem","position":2,"name":"Requisitos de Postulaci\u00f3n"}]},{"@type":"WebSite","@id":"https:\/\/medicina.udd.cl\/doctorado\/#website","url":"https:\/\/medicina.udd.cl\/doctorado\/","name":"Doctorado en Ciencias e Innovaci\u00f3n en Medicina","description":"","inLanguage":"es"}]}},"_links":{"self":[{"href":"https:\/\/medicina.udd.cl\/doctorado\/wp-json\/wp\/v2\/pages\/74","targetHints":{"allow":["GET"]}}],"collection":[{"href":"https:\/\/medicina.udd.cl\/doctorado\/wp-json\/wp\/v2\/pages"}],"about":[{"href":"https:\/\/medicina.udd.cl\/doctorado\/wp-json\/wp\/v2\/types\/page"}],"author":[{"embeddable":true,"href":"https:\/\/medicina.udd.cl\/doctorado\/wp-json\/wp\/v2\/users\/9192217"}],"replies":[{"embeddable":true,"href":"https:\/\/medicina.udd.cl\/doctorado\/wp-json\/wp\/v2\/comments?post=74"}],"version-history":[{"count":11,"href":"https:\/\/medicina.udd.cl\/doctorado\/wp-json\/wp\/v2\/pages\/74\/revisions"}],"predecessor-version":[{"id":2921,"href":"https:\/\/medicina.udd.cl\/doctorado\/wp-json\/wp\/v2\/pages\/74\/revisions\/2921"}],"up":[{"embeddable":true,"href":"https:\/\/medicina.udd.cl\/doctorado\/wp-json\/wp\/v2\/pages\/22"}],"wp:attachment":[{"href":"https:\/\/medicina.udd.cl\/doctorado\/wp-json\/wp\/v2\/media?parent=74"}],"curies":[{"name":"wp","href":"https:\/\/api.w.org\/{rel}","templated":true}]}}