{"id":121,"date":"2011-10-20T15:52:45","date_gmt":"2011-10-20T18:52:45","guid":{"rendered":"http:\/\/medicina.udd.cl\/egresados\/"},"modified":"2012-07-03T12:27:18","modified_gmt":"2012-07-03T16:27:18","slug":"beneficios","status":"publish","type":"page","link":"https:\/\/medicina.udd.cl\/egresados\/beneficios\/","title":{"rendered":"Beneficios"},"content":{"rendered":"<p style=\"text-align: justify;\"><a rel=\"External\" class=\"out\" href=\"http:\/\/medicina.udd.cl\/egresados\/files\/2011\/10\/Logo-CAS.jpg\" class=\"thickbox\"><\/a><a href=\"http:\/\/medicina.udd.cl\/egresados\/files\/2011\/10\/Logo-CAS.jpg\" class=\"thickbox\"><img loading=\"lazy\" decoding=\"async\" class=\"alignright size-medium wp-image-145\" title=\"Logo CAS\" src=\"http:\/\/medicina.udd.cl\/egresados\/files\/2011\/10\/Logo-CAS-300x216.jpg\" alt=\"\" width=\"300\" height=\"216\" \/><\/a>Sum\u00e1ndonos a la celebraci\u00f3n de los 10 a\u00f1os de la Facultad de Medicina, estudiamos dar un beneficio a los ex alumnos titulados de la carrera de Medicina.<\/p>\n<p style=\"text-align: justify;\">Los m\u00e9dicos titulados de la UDD que se acrediten en la Cl\u00ednica Alemana tienen derecho a los mismos descuentos que tienen hoy los m\u00e9dicos externos acreditados en CAS.<\/p>\n<p style=\"text-align: justify;\">Adicionalmente, para los ex alumnos titulados de la carrera de Medicina se ofrecer\u00e1 un 20% de descuento en la cuenta cl\u00ednica (no incluye honorarios m\u00e9dicos) del primer parto, calculado sobre el total de la cuenta y aplicado al copago.<\/p>\n<p style=\"text-align: justify;\">No es acumulable con otros descuentos.<\/p>\n<p style=\"text-align: justify;\">Previo a la hospitalizaci\u00f3n, el ex alumno deber\u00e1 presentarse y solicitarlo en la Plataforma de Atenci\u00f3n al Cliente de la cl\u00ednica (piso 1 por acceso Manquehue).<\/p>\n<p>Tener en cuenta que este beneficio no es acumulable con otros descuentos.<\/p>\n<p style=\"text-align: justify;\">En el caso de que el beneficiario sea el padre debe presentar del certificado de nacimiento del reci\u00e9n nacido.<\/p>\n<p style=\"text-align: justify;\">Este beneficio estar\u00e1 vigente para los ni\u00f1os que nazcan desde\u00a0 1 de agosto 2011 hasta el 31 de diciembre del 2014, sin efecto retroactivo. Pasada esta fecha\u00a0 se revisar\u00e1n estas condiciones.<\/p>\n<p style=\"text-align: justify;\"><strong>\u00bfA\u00fan no conoces los beneficios UDD? <\/strong><a rel=\"External\" class=\"out\" href=\"http:\/\/www.udd.cl\/ex-alumnos\/beneficios\/\"><strong>Ingresa aqu\u00ed y b\u00fascalos<\/strong><\/a><strong>.<\/strong><a rel=\"External\" class=\"out\" href=\"http:\/\/www.udd.cl\/ex-alumnos\/beneficios\/\"><\/a><\/p>\n","protected":false},"excerpt":{"rendered":"<p>Sum\u00e1ndonos a la celebraci\u00f3n de los 10 a\u00f1os de la Facultad de Medicina, estudiamos dar un beneficio a los ex alumnos titulados de la carrera de Medicina. Los m\u00e9dicos titulados de la UDD que se acrediten en la Cl\u00ednica Alemana tienen derecho a los mismos descuentos que tienen hoy los m\u00e9dicos externos acreditados en CAS. [&hellip;]<\/p>\n","protected":false},"author":9192219,"featured_media":0,"parent":0,"menu_order":0,"comment_status":"open","ping_status":"open","template":"wide-default.php","meta":{"footnotes":""},"class_list":["post-121","page","type-page","status-publish","hentry"],"yoast_head":"<!-- This site is optimized with the Yoast SEO plugin v26.9 - https:\/\/yoast.com\/product\/yoast-seo-wordpress\/ -->\n<title>Beneficios - Red de Egresados<\/title>\n<meta name=\"robots\" content=\"index, follow, max-snippet:-1, max-image-preview:large, max-video-preview:-1\" \/>\n<link rel=\"canonical\" href=\"https:\/\/medicina.udd.cl\/egresados\/beneficios\/\" \/>\n<meta property=\"og:locale\" content=\"es_ES\" \/>\n<meta property=\"og:type\" content=\"article\" \/>\n<meta property=\"og:title\" content=\"Beneficios - Red de Egresados\" \/>\n<meta property=\"og:description\" content=\"Sum\u00e1ndonos a la celebraci\u00f3n de los 10 a\u00f1os de la Facultad de Medicina, estudiamos dar un beneficio a los ex alumnos titulados de la carrera de Medicina. Los m\u00e9dicos titulados de la UDD que se acrediten en la Cl\u00ednica Alemana tienen derecho a los mismos descuentos que tienen hoy los m\u00e9dicos externos acreditados en CAS. [&hellip;]\" \/>\n<meta property=\"og:url\" content=\"https:\/\/medicina.udd.cl\/egresados\/beneficios\/\" \/>\n<meta property=\"og:site_name\" content=\"Red de Egresados\" \/>\n<meta property=\"article:modified_time\" content=\"2012-07-03T16:27:18+00:00\" \/>\n<meta property=\"og:image\" content=\"http:\/\/medicina.udd.cl\/egresados\/files\/2011\/10\/Logo-CAS-300x216.jpg\" \/>\n<meta name=\"twitter:label1\" content=\"Tiempo de lectura\" \/>\n\t<meta name=\"twitter:data1\" content=\"1 minuto\" \/>\n<script type=\"application\/ld+json\" class=\"yoast-schema-graph\">{\"@context\":\"https:\/\/schema.org\",\"@graph\":[{\"@type\":\"WebPage\",\"@id\":\"https:\/\/medicina.udd.cl\/egresados\/beneficios\/\",\"url\":\"https:\/\/medicina.udd.cl\/egresados\/beneficios\/\",\"name\":\"Beneficios - Red de Egresados\",\"isPartOf\":{\"@id\":\"https:\/\/medicina.udd.cl\/egresados\/#website\"},\"primaryImageOfPage\":{\"@id\":\"https:\/\/medicina.udd.cl\/egresados\/beneficios\/#primaryimage\"},\"image\":{\"@id\":\"https:\/\/medicina.udd.cl\/egresados\/beneficios\/#primaryimage\"},\"thumbnailUrl\":\"http:\/\/medicina.udd.cl\/egresados\/files\/2011\/10\/Logo-CAS-300x216.jpg\",\"datePublished\":\"2011-10-20T18:52:45+00:00\",\"dateModified\":\"2012-07-03T16:27:18+00:00\",\"breadcrumb\":{\"@id\":\"https:\/\/medicina.udd.cl\/egresados\/beneficios\/#breadcrumb\"},\"inLanguage\":\"es\",\"potentialAction\":[{\"@type\":\"ReadAction\",\"target\":[\"https:\/\/medicina.udd.cl\/egresados\/beneficios\/\"]}]},{\"@type\":\"ImageObject\",\"inLanguage\":\"es\",\"@id\":\"https:\/\/medicina.udd.cl\/egresados\/beneficios\/#primaryimage\",\"url\":\"https:\/\/medicina.udd.cl\/egresados\/files\/2011\/10\/Logo-CAS.jpg\",\"contentUrl\":\"https:\/\/medicina.udd.cl\/egresados\/files\/2011\/10\/Logo-CAS.jpg\",\"width\":487,\"height\":352},{\"@type\":\"BreadcrumbList\",\"@id\":\"https:\/\/medicina.udd.cl\/egresados\/beneficios\/#breadcrumb\",\"itemListElement\":[{\"@type\":\"ListItem\",\"position\":1,\"name\":\"Home\",\"item\":\"https:\/\/medicina.udd.cl\/egresados\/\"},{\"@type\":\"ListItem\",\"position\":2,\"name\":\"Beneficios\"}]},{\"@type\":\"WebSite\",\"@id\":\"https:\/\/medicina.udd.cl\/egresados\/#website\",\"url\":\"https:\/\/medicina.udd.cl\/egresados\/\",\"name\":\"Red de Egresados\",\"description\":\"Just another Medicina site\",\"potentialAction\":[{\"@type\":\"SearchAction\",\"target\":{\"@type\":\"EntryPoint\",\"urlTemplate\":\"https:\/\/medicina.udd.cl\/egresados\/?s={search_term_string}\"},\"query-input\":{\"@type\":\"PropertyValueSpecification\",\"valueRequired\":true,\"valueName\":\"search_term_string\"}}],\"inLanguage\":\"es\"}]}<\/script>\n<!-- \/ Yoast SEO plugin. -->","yoast_head_json":{"title":"Beneficios - Red de Egresados","robots":{"index":"index","follow":"follow","max-snippet":"max-snippet:-1","max-image-preview":"max-image-preview:large","max-video-preview":"max-video-preview:-1"},"canonical":"https:\/\/medicina.udd.cl\/egresados\/beneficios\/","og_locale":"es_ES","og_type":"article","og_title":"Beneficios - Red de Egresados","og_description":"Sum\u00e1ndonos a la celebraci\u00f3n de los 10 a\u00f1os de la Facultad de Medicina, estudiamos dar un beneficio a los ex alumnos titulados de la carrera de Medicina. Los m\u00e9dicos titulados de la UDD que se acrediten en la Cl\u00ednica Alemana tienen derecho a los mismos descuentos que tienen hoy los m\u00e9dicos externos acreditados en CAS. [&hellip;]","og_url":"https:\/\/medicina.udd.cl\/egresados\/beneficios\/","og_site_name":"Red de Egresados","article_modified_time":"2012-07-03T16:27:18+00:00","og_image":[{"url":"http:\/\/medicina.udd.cl\/egresados\/files\/2011\/10\/Logo-CAS-300x216.jpg","type":"","width":"","height":""}],"twitter_misc":{"Tiempo de lectura":"1 minuto"},"schema":{"@context":"https:\/\/schema.org","@graph":[{"@type":"WebPage","@id":"https:\/\/medicina.udd.cl\/egresados\/beneficios\/","url":"https:\/\/medicina.udd.cl\/egresados\/beneficios\/","name":"Beneficios - Red de Egresados","isPartOf":{"@id":"https:\/\/medicina.udd.cl\/egresados\/#website"},"primaryImageOfPage":{"@id":"https:\/\/medicina.udd.cl\/egresados\/beneficios\/#primaryimage"},"image":{"@id":"https:\/\/medicina.udd.cl\/egresados\/beneficios\/#primaryimage"},"thumbnailUrl":"http:\/\/medicina.udd.cl\/egresados\/files\/2011\/10\/Logo-CAS-300x216.jpg","datePublished":"2011-10-20T18:52:45+00:00","dateModified":"2012-07-03T16:27:18+00:00","breadcrumb":{"@id":"https:\/\/medicina.udd.cl\/egresados\/beneficios\/#breadcrumb"},"inLanguage":"es","potentialAction":[{"@type":"ReadAction","target":["https:\/\/medicina.udd.cl\/egresados\/beneficios\/"]}]},{"@type":"ImageObject","inLanguage":"es","@id":"https:\/\/medicina.udd.cl\/egresados\/beneficios\/#primaryimage","url":"https:\/\/medicina.udd.cl\/egresados\/files\/2011\/10\/Logo-CAS.jpg","contentUrl":"https:\/\/medicina.udd.cl\/egresados\/files\/2011\/10\/Logo-CAS.jpg","width":487,"height":352},{"@type":"BreadcrumbList","@id":"https:\/\/medicina.udd.cl\/egresados\/beneficios\/#breadcrumb","itemListElement":[{"@type":"ListItem","position":1,"name":"Home","item":"https:\/\/medicina.udd.cl\/egresados\/"},{"@type":"ListItem","position":2,"name":"Beneficios"}]},{"@type":"WebSite","@id":"https:\/\/medicina.udd.cl\/egresados\/#website","url":"https:\/\/medicina.udd.cl\/egresados\/","name":"Red de Egresados","description":"Just another Medicina site","potentialAction":[{"@type":"SearchAction","target":{"@type":"EntryPoint","urlTemplate":"https:\/\/medicina.udd.cl\/egresados\/?s={search_term_string}"},"query-input":{"@type":"PropertyValueSpecification","valueRequired":true,"valueName":"search_term_string"}}],"inLanguage":"es"}]}},"_links":{"self":[{"href":"https:\/\/medicina.udd.cl\/egresados\/wp-json\/wp\/v2\/pages\/121","targetHints":{"allow":["GET"]}}],"collection":[{"href":"https:\/\/medicina.udd.cl\/egresados\/wp-json\/wp\/v2\/pages"}],"about":[{"href":"https:\/\/medicina.udd.cl\/egresados\/wp-json\/wp\/v2\/types\/page"}],"author":[{"embeddable":true,"href":"https:\/\/medicina.udd.cl\/egresados\/wp-json\/wp\/v2\/users\/9192219"}],"replies":[{"embeddable":true,"href":"https:\/\/medicina.udd.cl\/egresados\/wp-json\/wp\/v2\/comments?post=121"}],"version-history":[{"count":11,"href":"https:\/\/medicina.udd.cl\/egresados\/wp-json\/wp\/v2\/pages\/121\/revisions"}],"predecessor-version":[{"id":472,"href":"https:\/\/medicina.udd.cl\/egresados\/wp-json\/wp\/v2\/pages\/121\/revisions\/472"}],"wp:attachment":[{"href":"https:\/\/medicina.udd.cl\/egresados\/wp-json\/wp\/v2\/media?parent=121"}],"curies":[{"name":"wp","href":"https:\/\/api.w.org\/{rel}","templated":true}]}}