{"id":18,"date":"2011-10-04T10:48:12","date_gmt":"2011-10-04T13:48:12","guid":{"rendered":"http:\/\/medicina.udd.cl\/egresados\/"},"modified":"2012-11-06T11:52:31","modified_gmt":"2012-11-06T14:52:31","slug":"bolsa-de-trabajo","status":"publish","type":"page","link":"https:\/\/medicina.udd.cl\/egresados\/bolsa-de-trabajo\/","title":{"rendered":"Bolsa de trabajo"},"content":{"rendered":"<p>\u00bfNecesitas trabajo o quieres cambiarte a otro lugar? Encuentra distintas opciones laborales aqu\u00ed:<\/p>\n<p><a rel=\"External\" class=\"out\" href=\"http:\/\/medicina.udd.cl\/egresados\/2012\/11\/06\/medico-internista-para-reemplazo-en-policlinico-hospital-felix-bulnes\/\">M\u00e9dico Internista para reemplazo en Policl\u00ednico Hospital F\u00e9lix Bulnes<\/a><\/p>\n<p><a rel=\"External\" class=\"out\" href=\"http:\/\/medicina.udd.cl\/egresados\/2012\/11\/06\/medico-general-para-comuna-de-yungay-viii-region\/\">M\u00e9dico general para la comuna de Yungay, VIII Regi\u00f3n<\/a><\/p>\n<p><a class=\"out\" title=\"M\u00e9dico general para direcci\u00f3n de salud de San Bernardo\" rel=\"External bookmark\" href=\"http:\/\/medicina.udd.cl\/egresados\/2012\/08\/14\/medico-general-para-direccion-de-salud-de-san-bernardo\/\">M\u00e9dico general para direcci\u00f3n de salud de San Bernardo<\/a><\/p>\n<p><a class=\"out\" title=\"M\u00e9dico cirujano con especialidad en cirug\u00eda o en formaci\u00f3n\" rel=\"External bookmark\" href=\"http:\/\/medicina.udd.cl\/egresados\/2012\/08\/06\/medico-cirujano-con-especialidad-en-cirugia-o-en-formacion\/\">M\u00e9dico Cirujano con especialidad en cirug\u00eda o en formaci\u00f3n<\/a><\/p>\n<p><a rel=\"External\" class=\"out\" href=\"http:\/\/medicina.udd.cl\/egresados\/2012\/07\/24\/medico-general-consultorio-lampa\/\">M\u00e9dico General Consultorio Lampa<\/a><\/p>\n<p><a rel=\"External\" class=\"out\" href=\"http:\/\/medicina.udd.cl\/egresados\/medicos-para-vitaclinic\/\">M\u00e9dicos para Vitaclinic<\/a><\/p>\n<p><a rel=\"External\" class=\"out\" href=\"http:\/\/medicina.udd.cl\/egresados\/medico-general-para-mutual-de-seguridad-cchc\/\">M\u00e9dico General para Mutual de Seguridad CChC<\/a><\/p>\n<p><a rel=\"External\" class=\"out\" href=\"http:\/\/medicina.udd.cl\/egresados\/enfermera-o-reemplazo-hospital-licanten\/\">Enfermera (o) reemplazo Hospital Licant\u00e9n<\/a><\/p>\n<p><a rel=\"External\" class=\"out\" href=\"http:\/\/medicina.udd.cl\/egresados\/medicos-atencion-primaria\/\">M\u00e9dico atenci\u00f3n primaria<\/a><\/p>\n<p><a rel=\"External\" class=\"out\" href=\"http:\/\/medicina.udd.cl\/egresados\/cesfam-petrinovic\/\">CESFAM Petrinovic<\/a><\/p>\n<p><a rel=\"External\" class=\"out\" href=\"http:\/\/medicina.udd.cl\/egresados\/medico-contralor-de-isapre\/\">M\u00e9dico contralor isapre<\/a><\/p>\n<p><a rel=\"External\" class=\"out\" href=\"http:\/\/medicina.udd.cl\/egresados\/enfermera-hospital-dipreca\/\">Enfermera Hospital Dipreca<\/a><\/p>\n","protected":false},"excerpt":{"rendered":"<p>\u00bfNecesitas trabajo o quieres cambiarte a otro lugar? Encuentra distintas opciones laborales aqu\u00ed: M\u00e9dico Internista para reemplazo en Policl\u00ednico Hospital F\u00e9lix Bulnes M\u00e9dico general para la comuna de Yungay, VIII Regi\u00f3n M\u00e9dico general para direcci\u00f3n de salud de San Bernardo M\u00e9dico Cirujano con especialidad en cirug\u00eda o en formaci\u00f3n M\u00e9dico General Consultorio Lampa M\u00e9dicos para [&hellip;]<\/p>\n","protected":false},"author":9192219,"featured_media":0,"parent":0,"menu_order":0,"comment_status":"open","ping_status":"open","template":"wide-default.php","meta":{"footnotes":""},"class_list":["post-18","page","type-page","status-publish","hentry"],"yoast_head":"<!-- This site is optimized with the Yoast SEO plugin v26.9 - https:\/\/yoast.com\/product\/yoast-seo-wordpress\/ -->\n<title>Bolsa de trabajo - Red de Egresados<\/title>\n<meta name=\"robots\" content=\"index, follow, max-snippet:-1, max-image-preview:large, max-video-preview:-1\" \/>\n<link rel=\"canonical\" href=\"https:\/\/medicina.udd.cl\/egresados\/bolsa-de-trabajo\/\" \/>\n<meta property=\"og:locale\" content=\"es_ES\" \/>\n<meta property=\"og:type\" content=\"article\" \/>\n<meta property=\"og:title\" content=\"Bolsa de trabajo - Red de Egresados\" \/>\n<meta property=\"og:description\" content=\"\u00bfNecesitas trabajo o quieres cambiarte a otro lugar? Encuentra distintas opciones laborales aqu\u00ed: M\u00e9dico Internista para reemplazo en Policl\u00ednico Hospital F\u00e9lix Bulnes M\u00e9dico general para la comuna de Yungay, VIII Regi\u00f3n M\u00e9dico general para direcci\u00f3n de salud de San Bernardo M\u00e9dico Cirujano con especialidad en cirug\u00eda o en formaci\u00f3n M\u00e9dico General Consultorio Lampa M\u00e9dicos para [&hellip;]\" \/>\n<meta property=\"og:url\" content=\"https:\/\/medicina.udd.cl\/egresados\/bolsa-de-trabajo\/\" \/>\n<meta property=\"og:site_name\" content=\"Red de Egresados\" \/>\n<meta property=\"article:modified_time\" content=\"2012-11-06T14:52:31+00:00\" \/>\n<script type=\"application\/ld+json\" class=\"yoast-schema-graph\">{\"@context\":\"https:\/\/schema.org\",\"@graph\":[{\"@type\":\"WebPage\",\"@id\":\"https:\/\/medicina.udd.cl\/egresados\/bolsa-de-trabajo\/\",\"url\":\"https:\/\/medicina.udd.cl\/egresados\/bolsa-de-trabajo\/\",\"name\":\"Bolsa de trabajo - Red de Egresados\",\"isPartOf\":{\"@id\":\"https:\/\/medicina.udd.cl\/egresados\/#website\"},\"datePublished\":\"2011-10-04T13:48:12+00:00\",\"dateModified\":\"2012-11-06T14:52:31+00:00\",\"breadcrumb\":{\"@id\":\"https:\/\/medicina.udd.cl\/egresados\/bolsa-de-trabajo\/#breadcrumb\"},\"inLanguage\":\"es\",\"potentialAction\":[{\"@type\":\"ReadAction\",\"target\":[\"https:\/\/medicina.udd.cl\/egresados\/bolsa-de-trabajo\/\"]}]},{\"@type\":\"BreadcrumbList\",\"@id\":\"https:\/\/medicina.udd.cl\/egresados\/bolsa-de-trabajo\/#breadcrumb\",\"itemListElement\":[{\"@type\":\"ListItem\",\"position\":1,\"name\":\"Home\",\"item\":\"https:\/\/medicina.udd.cl\/egresados\/\"},{\"@type\":\"ListItem\",\"position\":2,\"name\":\"Bolsa de trabajo\"}]},{\"@type\":\"WebSite\",\"@id\":\"https:\/\/medicina.udd.cl\/egresados\/#website\",\"url\":\"https:\/\/medicina.udd.cl\/egresados\/\",\"name\":\"Red de Egresados\",\"description\":\"Just another Medicina site\",\"potentialAction\":[{\"@type\":\"SearchAction\",\"target\":{\"@type\":\"EntryPoint\",\"urlTemplate\":\"https:\/\/medicina.udd.cl\/egresados\/?s={search_term_string}\"},\"query-input\":{\"@type\":\"PropertyValueSpecification\",\"valueRequired\":true,\"valueName\":\"search_term_string\"}}],\"inLanguage\":\"es\"}]}<\/script>\n<!-- \/ Yoast SEO plugin. -->","yoast_head_json":{"title":"Bolsa de trabajo - Red de Egresados","robots":{"index":"index","follow":"follow","max-snippet":"max-snippet:-1","max-image-preview":"max-image-preview:large","max-video-preview":"max-video-preview:-1"},"canonical":"https:\/\/medicina.udd.cl\/egresados\/bolsa-de-trabajo\/","og_locale":"es_ES","og_type":"article","og_title":"Bolsa de trabajo - Red de Egresados","og_description":"\u00bfNecesitas trabajo o quieres cambiarte a otro lugar? Encuentra distintas opciones laborales aqu\u00ed: M\u00e9dico Internista para reemplazo en Policl\u00ednico Hospital F\u00e9lix Bulnes M\u00e9dico general para la comuna de Yungay, VIII Regi\u00f3n M\u00e9dico general para direcci\u00f3n de salud de San Bernardo M\u00e9dico Cirujano con especialidad en cirug\u00eda o en formaci\u00f3n M\u00e9dico General Consultorio Lampa M\u00e9dicos para [&hellip;]","og_url":"https:\/\/medicina.udd.cl\/egresados\/bolsa-de-trabajo\/","og_site_name":"Red de Egresados","article_modified_time":"2012-11-06T14:52:31+00:00","schema":{"@context":"https:\/\/schema.org","@graph":[{"@type":"WebPage","@id":"https:\/\/medicina.udd.cl\/egresados\/bolsa-de-trabajo\/","url":"https:\/\/medicina.udd.cl\/egresados\/bolsa-de-trabajo\/","name":"Bolsa de trabajo - Red de Egresados","isPartOf":{"@id":"https:\/\/medicina.udd.cl\/egresados\/#website"},"datePublished":"2011-10-04T13:48:12+00:00","dateModified":"2012-11-06T14:52:31+00:00","breadcrumb":{"@id":"https:\/\/medicina.udd.cl\/egresados\/bolsa-de-trabajo\/#breadcrumb"},"inLanguage":"es","potentialAction":[{"@type":"ReadAction","target":["https:\/\/medicina.udd.cl\/egresados\/bolsa-de-trabajo\/"]}]},{"@type":"BreadcrumbList","@id":"https:\/\/medicina.udd.cl\/egresados\/bolsa-de-trabajo\/#breadcrumb","itemListElement":[{"@type":"ListItem","position":1,"name":"Home","item":"https:\/\/medicina.udd.cl\/egresados\/"},{"@type":"ListItem","position":2,"name":"Bolsa de trabajo"}]},{"@type":"WebSite","@id":"https:\/\/medicina.udd.cl\/egresados\/#website","url":"https:\/\/medicina.udd.cl\/egresados\/","name":"Red de Egresados","description":"Just another Medicina site","potentialAction":[{"@type":"SearchAction","target":{"@type":"EntryPoint","urlTemplate":"https:\/\/medicina.udd.cl\/egresados\/?s={search_term_string}"},"query-input":{"@type":"PropertyValueSpecification","valueRequired":true,"valueName":"search_term_string"}}],"inLanguage":"es"}]}},"_links":{"self":[{"href":"https:\/\/medicina.udd.cl\/egresados\/wp-json\/wp\/v2\/pages\/18","targetHints":{"allow":["GET"]}}],"collection":[{"href":"https:\/\/medicina.udd.cl\/egresados\/wp-json\/wp\/v2\/pages"}],"about":[{"href":"https:\/\/medicina.udd.cl\/egresados\/wp-json\/wp\/v2\/types\/page"}],"author":[{"embeddable":true,"href":"https:\/\/medicina.udd.cl\/egresados\/wp-json\/wp\/v2\/users\/9192219"}],"replies":[{"embeddable":true,"href":"https:\/\/medicina.udd.cl\/egresados\/wp-json\/wp\/v2\/comments?post=18"}],"version-history":[{"count":36,"href":"https:\/\/medicina.udd.cl\/egresados\/wp-json\/wp\/v2\/pages\/18\/revisions"}],"predecessor-version":[{"id":544,"href":"https:\/\/medicina.udd.cl\/egresados\/wp-json\/wp\/v2\/pages\/18\/revisions\/544"}],"wp:attachment":[{"href":"https:\/\/medicina.udd.cl\/egresados\/wp-json\/wp\/v2\/media?parent=18"}],"curies":[{"name":"wp","href":"https:\/\/api.w.org\/{rel}","templated":true}]}}