{"id":25,"date":"2011-10-04T10:53:56","date_gmt":"2011-10-04T13:53:56","guid":{"rendered":"http:\/\/medicina.udd.cl\/egresados\/"},"modified":"2011-10-20T14:55:58","modified_gmt":"2011-10-20T17:55:58","slug":"%c2%bfquienes-somos","status":"publish","type":"page","link":"https:\/\/medicina.udd.cl\/egresados\/exalumnos\/%c2%bfquienes-somos\/","title":{"rendered":"\u00bfQuienes somos?"},"content":{"rendered":"<p style=\"text-align: justify;\">La Unidad de Egresados se crea en marzo de 2011 como una unidad dependiente Comunicaciones y Extensi\u00f3n, para generar y fortalecer v\u00ednculos entre la Facultad de Medicina, sus egresados y otras facultades de medicina extranjeras, con el fin de canalizar iniciativas dirigidas al desarrollo y crecimiento de toda la comunidad vinculada con la Facultad. La relaci\u00f3n con los egresados de la Facultad se materializa a trav\u00e9s de la creaci\u00f3n de una Asociaci\u00f3n de Ex Alumnos para fortalecer el sentido de pertenencia e identificaci\u00f3n con su casa de estudios.<\/p>\n<p style=\"text-align: justify;\"><strong>Visi\u00f3n:<br \/>\n<\/strong>El prestigio de la facultad est\u00e1 en manos de sus profesionales, por lo tanto, conquistemos a nuestros egresados, ellos son la voz de la facultad en el exterior.<\/p>\n<p style=\"text-align: justify;\"><strong>Misi\u00f3n:<br \/>\n<\/strong>\u2022\u00a0Generar una relaci\u00f3n con los egresados de la facultad, a trav\u00e9s del contacto permanente y la creaci\u00f3n de una Asociaci\u00f3n de ex alumnos para fortalecer el\u00a0 sentido de pertenencia e identificaci\u00f3n con su casa de estudios.\u00a0<\/p>\n<p style=\"text-align: justify;\">\u2022\u00a0Crear una vinculaci\u00f3n constante con los egresados y\u00a0 formar una red de di\u00e1logo permanente con profesionales destacados que puedan contribuir a actualizar y mejorar el conocimiento y las bases curriculares de la Facultad.<\/p>\n","protected":false},"excerpt":{"rendered":"<p>Conoce m\u00e1s acerca de la Red de Egresados de la Facultad de Medicina Cl\u00ednica Alemana Universidad del Desarrollo.<\/p>\n","protected":false},"author":9192219,"featured_media":0,"parent":3,"menu_order":0,"comment_status":"open","ping_status":"open","template":"wide-default.php","meta":{"footnotes":""},"class_list":["post-25","page","type-page","status-publish","hentry"],"yoast_head":"<!-- This site is optimized with the Yoast SEO plugin v26.9 - https:\/\/yoast.com\/product\/yoast-seo-wordpress\/ -->\n<title>\u00bfQuienes somos? - Red de Egresados<\/title>\n<meta name=\"robots\" content=\"index, follow, max-snippet:-1, max-image-preview:large, max-video-preview:-1\" \/>\n<link rel=\"canonical\" href=\"https:\/\/medicina.udd.cl\/egresados\/exalumnos\/\u00bfquienes-somos\/\" \/>\n<meta property=\"og:locale\" content=\"es_ES\" \/>\n<meta property=\"og:type\" content=\"article\" \/>\n<meta property=\"og:title\" content=\"\u00bfQuienes somos? - Red de Egresados\" \/>\n<meta property=\"og:description\" content=\"Conoce m\u00e1s acerca de la Red de Egresados de la Facultad de Medicina Cl\u00ednica Alemana Universidad del Desarrollo.\" \/>\n<meta property=\"og:url\" content=\"https:\/\/medicina.udd.cl\/egresados\/exalumnos\/\u00bfquienes-somos\/\" \/>\n<meta property=\"og:site_name\" content=\"Red de Egresados\" \/>\n<meta property=\"article:modified_time\" content=\"2011-10-20T17:55:58+00:00\" \/>\n<meta name=\"twitter:label1\" content=\"Tiempo de lectura\" \/>\n\t<meta name=\"twitter:data1\" content=\"1 minuto\" \/>\n<script type=\"application\/ld+json\" class=\"yoast-schema-graph\">{\"@context\":\"https:\/\/schema.org\",\"@graph\":[{\"@type\":\"WebPage\",\"@id\":\"https:\/\/medicina.udd.cl\/egresados\/exalumnos\/%c2%bfquienes-somos\/\",\"url\":\"https:\/\/medicina.udd.cl\/egresados\/exalumnos\/%c2%bfquienes-somos\/\",\"name\":\"\u00bfQuienes somos? - Red de Egresados\",\"isPartOf\":{\"@id\":\"https:\/\/medicina.udd.cl\/egresados\/#website\"},\"datePublished\":\"2011-10-04T13:53:56+00:00\",\"dateModified\":\"2011-10-20T17:55:58+00:00\",\"breadcrumb\":{\"@id\":\"https:\/\/medicina.udd.cl\/egresados\/exalumnos\/%c2%bfquienes-somos\/#breadcrumb\"},\"inLanguage\":\"es\",\"potentialAction\":[{\"@type\":\"ReadAction\",\"target\":[\"https:\/\/medicina.udd.cl\/egresados\/exalumnos\/%c2%bfquienes-somos\/\"]}]},{\"@type\":\"BreadcrumbList\",\"@id\":\"https:\/\/medicina.udd.cl\/egresados\/exalumnos\/%c2%bfquienes-somos\/#breadcrumb\",\"itemListElement\":[{\"@type\":\"ListItem\",\"position\":1,\"name\":\"Home\",\"item\":\"https:\/\/medicina.udd.cl\/egresados\/\"},{\"@type\":\"ListItem\",\"position\":2,\"name\":\"Ex Alumnos\",\"item\":\"https:\/\/medicina.udd.cl\/egresados\/exalumnos\/\"},{\"@type\":\"ListItem\",\"position\":3,\"name\":\"\u00bfQuienes somos?\"}]},{\"@type\":\"WebSite\",\"@id\":\"https:\/\/medicina.udd.cl\/egresados\/#website\",\"url\":\"https:\/\/medicina.udd.cl\/egresados\/\",\"name\":\"Red de Egresados\",\"description\":\"Just another Medicina site\",\"potentialAction\":[{\"@type\":\"SearchAction\",\"target\":{\"@type\":\"EntryPoint\",\"urlTemplate\":\"https:\/\/medicina.udd.cl\/egresados\/?s={search_term_string}\"},\"query-input\":{\"@type\":\"PropertyValueSpecification\",\"valueRequired\":true,\"valueName\":\"search_term_string\"}}],\"inLanguage\":\"es\"}]}<\/script>\n<!-- \/ Yoast SEO plugin. -->","yoast_head_json":{"title":"\u00bfQuienes somos? - Red de Egresados","robots":{"index":"index","follow":"follow","max-snippet":"max-snippet:-1","max-image-preview":"max-image-preview:large","max-video-preview":"max-video-preview:-1"},"canonical":"https:\/\/medicina.udd.cl\/egresados\/exalumnos\/\u00bfquienes-somos\/","og_locale":"es_ES","og_type":"article","og_title":"\u00bfQuienes somos? - Red de Egresados","og_description":"Conoce m\u00e1s acerca de la Red de Egresados de la Facultad de Medicina Cl\u00ednica Alemana Universidad del Desarrollo.","og_url":"https:\/\/medicina.udd.cl\/egresados\/exalumnos\/\u00bfquienes-somos\/","og_site_name":"Red de Egresados","article_modified_time":"2011-10-20T17:55:58+00:00","twitter_misc":{"Tiempo de lectura":"1 minuto"},"schema":{"@context":"https:\/\/schema.org","@graph":[{"@type":"WebPage","@id":"https:\/\/medicina.udd.cl\/egresados\/exalumnos\/%c2%bfquienes-somos\/","url":"https:\/\/medicina.udd.cl\/egresados\/exalumnos\/%c2%bfquienes-somos\/","name":"\u00bfQuienes somos? - Red de Egresados","isPartOf":{"@id":"https:\/\/medicina.udd.cl\/egresados\/#website"},"datePublished":"2011-10-04T13:53:56+00:00","dateModified":"2011-10-20T17:55:58+00:00","breadcrumb":{"@id":"https:\/\/medicina.udd.cl\/egresados\/exalumnos\/%c2%bfquienes-somos\/#breadcrumb"},"inLanguage":"es","potentialAction":[{"@type":"ReadAction","target":["https:\/\/medicina.udd.cl\/egresados\/exalumnos\/%c2%bfquienes-somos\/"]}]},{"@type":"BreadcrumbList","@id":"https:\/\/medicina.udd.cl\/egresados\/exalumnos\/%c2%bfquienes-somos\/#breadcrumb","itemListElement":[{"@type":"ListItem","position":1,"name":"Home","item":"https:\/\/medicina.udd.cl\/egresados\/"},{"@type":"ListItem","position":2,"name":"Ex Alumnos","item":"https:\/\/medicina.udd.cl\/egresados\/exalumnos\/"},{"@type":"ListItem","position":3,"name":"\u00bfQuienes somos?"}]},{"@type":"WebSite","@id":"https:\/\/medicina.udd.cl\/egresados\/#website","url":"https:\/\/medicina.udd.cl\/egresados\/","name":"Red de Egresados","description":"Just another Medicina site","potentialAction":[{"@type":"SearchAction","target":{"@type":"EntryPoint","urlTemplate":"https:\/\/medicina.udd.cl\/egresados\/?s={search_term_string}"},"query-input":{"@type":"PropertyValueSpecification","valueRequired":true,"valueName":"search_term_string"}}],"inLanguage":"es"}]}},"_links":{"self":[{"href":"https:\/\/medicina.udd.cl\/egresados\/wp-json\/wp\/v2\/pages\/25","targetHints":{"allow":["GET"]}}],"collection":[{"href":"https:\/\/medicina.udd.cl\/egresados\/wp-json\/wp\/v2\/pages"}],"about":[{"href":"https:\/\/medicina.udd.cl\/egresados\/wp-json\/wp\/v2\/types\/page"}],"author":[{"embeddable":true,"href":"https:\/\/medicina.udd.cl\/egresados\/wp-json\/wp\/v2\/users\/9192219"}],"replies":[{"embeddable":true,"href":"https:\/\/medicina.udd.cl\/egresados\/wp-json\/wp\/v2\/comments?post=25"}],"version-history":[{"count":10,"href":"https:\/\/medicina.udd.cl\/egresados\/wp-json\/wp\/v2\/pages\/25\/revisions"}],"predecessor-version":[{"id":117,"href":"https:\/\/medicina.udd.cl\/egresados\/wp-json\/wp\/v2\/pages\/25\/revisions\/117"}],"up":[{"embeddable":true,"href":"https:\/\/medicina.udd.cl\/egresados\/wp-json\/wp\/v2\/pages\/3"}],"wp:attachment":[{"href":"https:\/\/medicina.udd.cl\/egresados\/wp-json\/wp\/v2\/media?parent=25"}],"curies":[{"name":"wp","href":"https:\/\/api.w.org\/{rel}","templated":true}]}}