{"id":254,"date":"2012-05-16T15:33:56","date_gmt":"2012-05-16T19:33:56","guid":{"rendered":"http:\/\/medicina.udd.cl\/egresados\/"},"modified":"2012-05-17T14:52:29","modified_gmt":"2012-05-17T18:52:29","slug":"generacion-2008","status":"publish","type":"page","link":"https:\/\/medicina.udd.cl\/egresados\/exalumnos\/generaciones\/medicina\/generacion-2008\/","title":{"rendered":"Generaci\u00f3n 2008"},"content":{"rendered":"<p style=\"text-align: left;\"><a href=\"http:\/\/medicina.udd.cl\/egresados\/files\/2012\/05\/Generaci\u00f3n-2008.jpg\" class=\"thickbox\"><img loading=\"lazy\" decoding=\"async\" class=\"aligncenter size-large wp-image-376\" title=\"Medicina 2008\" src=\"http:\/\/medicina.udd.cl\/egresados\/files\/2012\/05\/Generaci\u00f3n-2008-1024x589.jpg\" alt=\"\" width=\"645\" height=\"371\" \/><\/a><\/p>\n<table style=\"width: 673px;\" border=\"0\" cellspacing=\"0\" cellpadding=\"0\">\n<colgroup>\n<col width=\"328\"><\/col>\n<col width=\"345\"><\/col>\n<\/colgroup>\n<tbody>\n<tr height=\"20\">\n<td width=\"328\" height=\"20\"><strong>Generaci\u00f3n   2008<\/strong><\/td>\n<td width=\"345\"><\/td>\n<\/tr>\n<tr height=\"20\">\n<td height=\"20\">Patricio Arturo Arratia Meza<\/td>\n<td>Patricio Maximiliano Latorre Brajovic<\/td>\n<\/tr>\n<tr height=\"20\">\n<td height=\"20\">Camila Asp\u00e9e   Amarales<\/td>\n<td>Mar\u00eda Jos\u00e9 Mart\u00ednez Ibarra<\/td>\n<\/tr>\n<tr height=\"20\">\n<td height=\"20\">Rodrigo Andres   Barrientos Golborne<\/td>\n<td>Carla In\u00e9s Monari Parra<\/td>\n<\/tr>\n<tr height=\"20\">\n<td height=\"20\">Katalina Del   Pilar Bertr\u00e1n Salinas<\/td>\n<td>Solange N\u00fa\u00f1ez Bravo<\/td>\n<\/tr>\n<tr height=\"20\">\n<td height=\"20\">Javier Besomi   Terrazas<\/td>\n<td>\u00c1lvaro Cesar Palomares Nardocci<\/td>\n<\/tr>\n<tr height=\"20\">\n<td height=\"20\">German Brieba   Yunge<\/td>\n<td>Felipe Ignacio Pati\u00f1o Salas<\/td>\n<\/tr>\n<tr height=\"20\">\n<td height=\"20\">Javiera Andrea   Catal\u00e1n Ludwig<\/td>\n<td>Jorge Daniel P\u00e9rez Campos<\/td>\n<\/tr>\n<tr height=\"20\">\n<td height=\"20\">David Coronel   Fuentes<\/td>\n<td>Constanza Alicia Pinochet Valenzuela<\/td>\n<\/tr>\n<tr height=\"20\">\n<td height=\"20\">Maria Francisca   Daza Paravic<\/td>\n<td>Sebasti\u00e1n Praderas Bayer<\/td>\n<\/tr>\n<tr height=\"20\">\n<td height=\"20\">Paulina Andrea   de La Fuente D\u00edaz<\/td>\n<td>Ximena Patricia Prat Vergara<\/td>\n<\/tr>\n<tr height=\"20\">\n<td height=\"20\">Joaqu\u00edn Andr\u00e9s   D\u00edaz Schmidt<\/td>\n<td>Jorge Andres Rebolledo S\u00e1nchez<\/td>\n<\/tr>\n<tr height=\"20\">\n<td height=\"20\">Mat\u00edas Donoso   L\u00f3pez<\/td>\n<td>Mar\u00eda Francisca Rodr\u00edguez Camus<\/td>\n<\/tr>\n<tr height=\"20\">\n<td height=\"20\">Valeria Sofie   Eller Hagwall<\/td>\n<td>Crist\u00f3bal C\u00e9sar S\u00e1nchez Schleyer<\/td>\n<\/tr>\n<tr height=\"20\">\n<td height=\"20\">Maximiliano   Andr\u00e9s Espinosa Ipinza<\/td>\n<td>Fernando Javier Santander Trentini<\/td>\n<\/tr>\n<tr height=\"20\">\n<td height=\"20\">Fernando Andr\u00e9s   Ferrer M\u00e1rquez<\/td>\n<td>Francisco Javier Sep\u00falveda Tapia<\/td>\n<\/tr>\n<tr height=\"20\">\n<td height=\"20\">Cristi\u00e1n   Fernando Gallardo Villalobos<\/td>\n<td>Fernando Andr\u00e9s Soto Undurraga<\/td>\n<\/tr>\n<tr height=\"20\">\n<td height=\"20\">Carolina Garc\u00e9s   Quevedo<\/td>\n<td>Juan Jos\u00e9 Valderrama Ronco<\/td>\n<\/tr>\n<tr height=\"20\">\n<td height=\"20\">Sebasti\u00e1n   Giacoman Hern\u00e1ndez<\/td>\n<td>Bernardita Paz Valenzuela Orellana<\/td>\n<\/tr>\n<tr height=\"20\">\n<td height=\"20\">Rodrigo Alexis   Guerrero Torrealba<\/td>\n<td>Jaime Ignacio Verdugo Bosch<\/td>\n<\/tr>\n<tr height=\"20\">\n<td height=\"20\">Paulina Marcia   Guti\u00e9rrez Valdebenito<\/td>\n<td>Felipe Andr\u00e9s Vergara de Larraechea<\/td>\n<\/tr>\n<tr height=\"20\">\n<td height=\"20\">Magdalena Sof\u00eda   Honorato Saxton<\/td>\n<td>Paulina Carla Vignolo Adana<\/td>\n<\/tr>\n<tr height=\"20\">\n<td height=\"20\">Bozidar   Ivankovic Larra\u00edn<\/td>\n<td>Constanza Andrea Villal\u00f3n Montenegro<\/td>\n<\/tr>\n<tr height=\"20\">\n<td height=\"20\">Viviana   Izquierdo Copiz<\/td>\n<td>Ignacio Eduardo Villal\u00f3n Montenegro<\/td>\n<\/tr>\n<tr height=\"20\">\n<td height=\"20\"><\/td>\n<td>Mar\u00eda Soledad Von M\u00fchlenbrock Molina<\/td>\n<\/tr>\n<\/tbody>\n<\/table>\n","protected":false},"excerpt":{"rendered":"<p>Generaci\u00f3n 2008 Patricio Arturo Arratia Meza Patricio Maximiliano Latorre Brajovic Camila Asp\u00e9e Amarales Mar\u00eda Jos\u00e9 Mart\u00ednez Ibarra Rodrigo Andres Barrientos Golborne Carla In\u00e9s Monari Parra Katalina Del Pilar Bertr\u00e1n Salinas Solange N\u00fa\u00f1ez Bravo Javier Besomi Terrazas \u00c1lvaro Cesar Palomares Nardocci German Brieba Yunge Felipe Ignacio Pati\u00f1o Salas Javiera Andrea Catal\u00e1n Ludwig Jorge Daniel P\u00e9rez Campos [&hellip;]<\/p>\n","protected":false},"author":9192219,"featured_media":0,"parent":251,"menu_order":0,"comment_status":"open","ping_status":"open","template":"wide-default.php","meta":{"footnotes":""},"class_list":["post-254","page","type-page","status-publish","hentry"],"yoast_head":"<!-- This site is optimized with the Yoast SEO plugin v26.9 - https:\/\/yoast.com\/product\/yoast-seo-wordpress\/ -->\n<title>Generaci\u00f3n 2008 - Red de Egresados<\/title>\n<meta name=\"robots\" content=\"index, follow, max-snippet:-1, max-image-preview:large, max-video-preview:-1\" \/>\n<link rel=\"canonical\" href=\"https:\/\/medicina.udd.cl\/egresados\/exalumnos\/generaciones\/medicina\/generacion-2008\/\" \/>\n<meta property=\"og:locale\" content=\"es_ES\" \/>\n<meta property=\"og:type\" content=\"article\" \/>\n<meta property=\"og:title\" content=\"Generaci\u00f3n 2008 - Red de Egresados\" \/>\n<meta property=\"og:description\" content=\"Generaci\u00f3n 2008 Patricio Arturo Arratia Meza Patricio Maximiliano Latorre Brajovic Camila Asp\u00e9e Amarales Mar\u00eda Jos\u00e9 Mart\u00ednez Ibarra Rodrigo Andres Barrientos Golborne Carla In\u00e9s Monari Parra Katalina Del Pilar Bertr\u00e1n Salinas Solange N\u00fa\u00f1ez Bravo Javier Besomi Terrazas \u00c1lvaro Cesar Palomares Nardocci German Brieba Yunge Felipe Ignacio Pati\u00f1o Salas Javiera Andrea Catal\u00e1n Ludwig Jorge Daniel P\u00e9rez Campos [&hellip;]\" \/>\n<meta property=\"og:url\" content=\"https:\/\/medicina.udd.cl\/egresados\/exalumnos\/generaciones\/medicina\/generacion-2008\/\" \/>\n<meta property=\"og:site_name\" content=\"Red de Egresados\" \/>\n<meta property=\"article:modified_time\" content=\"2012-05-17T18:52:29+00:00\" \/>\n<meta name=\"twitter:label1\" content=\"Tiempo de lectura\" \/>\n\t<meta name=\"twitter:data1\" content=\"1 minuto\" \/>\n<script type=\"application\/ld+json\" class=\"yoast-schema-graph\">{\"@context\":\"https:\/\/schema.org\",\"@graph\":[{\"@type\":\"WebPage\",\"@id\":\"https:\/\/medicina.udd.cl\/egresados\/exalumnos\/generaciones\/medicina\/generacion-2008\/\",\"url\":\"https:\/\/medicina.udd.cl\/egresados\/exalumnos\/generaciones\/medicina\/generacion-2008\/\",\"name\":\"Generaci\u00f3n 2008 - Red de Egresados\",\"isPartOf\":{\"@id\":\"https:\/\/medicina.udd.cl\/egresados\/#website\"},\"datePublished\":\"2012-05-16T19:33:56+00:00\",\"dateModified\":\"2012-05-17T18:52:29+00:00\",\"breadcrumb\":{\"@id\":\"https:\/\/medicina.udd.cl\/egresados\/exalumnos\/generaciones\/medicina\/generacion-2008\/#breadcrumb\"},\"inLanguage\":\"es\",\"potentialAction\":[{\"@type\":\"ReadAction\",\"target\":[\"https:\/\/medicina.udd.cl\/egresados\/exalumnos\/generaciones\/medicina\/generacion-2008\/\"]}]},{\"@type\":\"BreadcrumbList\",\"@id\":\"https:\/\/medicina.udd.cl\/egresados\/exalumnos\/generaciones\/medicina\/generacion-2008\/#breadcrumb\",\"itemListElement\":[{\"@type\":\"ListItem\",\"position\":1,\"name\":\"Home\",\"item\":\"https:\/\/medicina.udd.cl\/egresados\/\"},{\"@type\":\"ListItem\",\"position\":2,\"name\":\"Ex Alumnos\",\"item\":\"https:\/\/medicina.udd.cl\/egresados\/exalumnos\/\"},{\"@type\":\"ListItem\",\"position\":3,\"name\":\"Generaciones\",\"item\":\"https:\/\/medicina.udd.cl\/egresados\/exalumnos\/generaciones\/\"},{\"@type\":\"ListItem\",\"position\":4,\"name\":\"Medicina\",\"item\":\"https:\/\/medicina.udd.cl\/egresados\/exalumnos\/generaciones\/medicina\/\"},{\"@type\":\"ListItem\",\"position\":5,\"name\":\"Generaci\u00f3n 2008\"}]},{\"@type\":\"WebSite\",\"@id\":\"https:\/\/medicina.udd.cl\/egresados\/#website\",\"url\":\"https:\/\/medicina.udd.cl\/egresados\/\",\"name\":\"Red de Egresados\",\"description\":\"Just another Medicina site\",\"potentialAction\":[{\"@type\":\"SearchAction\",\"target\":{\"@type\":\"EntryPoint\",\"urlTemplate\":\"https:\/\/medicina.udd.cl\/egresados\/?s={search_term_string}\"},\"query-input\":{\"@type\":\"PropertyValueSpecification\",\"valueRequired\":true,\"valueName\":\"search_term_string\"}}],\"inLanguage\":\"es\"}]}<\/script>\n<!-- \/ Yoast SEO plugin. -->","yoast_head_json":{"title":"Generaci\u00f3n 2008 - Red de Egresados","robots":{"index":"index","follow":"follow","max-snippet":"max-snippet:-1","max-image-preview":"max-image-preview:large","max-video-preview":"max-video-preview:-1"},"canonical":"https:\/\/medicina.udd.cl\/egresados\/exalumnos\/generaciones\/medicina\/generacion-2008\/","og_locale":"es_ES","og_type":"article","og_title":"Generaci\u00f3n 2008 - Red de Egresados","og_description":"Generaci\u00f3n 2008 Patricio Arturo Arratia Meza Patricio Maximiliano Latorre Brajovic Camila Asp\u00e9e Amarales Mar\u00eda Jos\u00e9 Mart\u00ednez Ibarra Rodrigo Andres Barrientos Golborne Carla In\u00e9s Monari Parra Katalina Del Pilar Bertr\u00e1n Salinas Solange N\u00fa\u00f1ez Bravo Javier Besomi Terrazas \u00c1lvaro Cesar Palomares Nardocci German Brieba Yunge Felipe Ignacio Pati\u00f1o Salas Javiera Andrea Catal\u00e1n Ludwig Jorge Daniel P\u00e9rez Campos [&hellip;]","og_url":"https:\/\/medicina.udd.cl\/egresados\/exalumnos\/generaciones\/medicina\/generacion-2008\/","og_site_name":"Red de Egresados","article_modified_time":"2012-05-17T18:52:29+00:00","twitter_misc":{"Tiempo de lectura":"1 minuto"},"schema":{"@context":"https:\/\/schema.org","@graph":[{"@type":"WebPage","@id":"https:\/\/medicina.udd.cl\/egresados\/exalumnos\/generaciones\/medicina\/generacion-2008\/","url":"https:\/\/medicina.udd.cl\/egresados\/exalumnos\/generaciones\/medicina\/generacion-2008\/","name":"Generaci\u00f3n 2008 - Red de Egresados","isPartOf":{"@id":"https:\/\/medicina.udd.cl\/egresados\/#website"},"datePublished":"2012-05-16T19:33:56+00:00","dateModified":"2012-05-17T18:52:29+00:00","breadcrumb":{"@id":"https:\/\/medicina.udd.cl\/egresados\/exalumnos\/generaciones\/medicina\/generacion-2008\/#breadcrumb"},"inLanguage":"es","potentialAction":[{"@type":"ReadAction","target":["https:\/\/medicina.udd.cl\/egresados\/exalumnos\/generaciones\/medicina\/generacion-2008\/"]}]},{"@type":"BreadcrumbList","@id":"https:\/\/medicina.udd.cl\/egresados\/exalumnos\/generaciones\/medicina\/generacion-2008\/#breadcrumb","itemListElement":[{"@type":"ListItem","position":1,"name":"Home","item":"https:\/\/medicina.udd.cl\/egresados\/"},{"@type":"ListItem","position":2,"name":"Ex Alumnos","item":"https:\/\/medicina.udd.cl\/egresados\/exalumnos\/"},{"@type":"ListItem","position":3,"name":"Generaciones","item":"https:\/\/medicina.udd.cl\/egresados\/exalumnos\/generaciones\/"},{"@type":"ListItem","position":4,"name":"Medicina","item":"https:\/\/medicina.udd.cl\/egresados\/exalumnos\/generaciones\/medicina\/"},{"@type":"ListItem","position":5,"name":"Generaci\u00f3n 2008"}]},{"@type":"WebSite","@id":"https:\/\/medicina.udd.cl\/egresados\/#website","url":"https:\/\/medicina.udd.cl\/egresados\/","name":"Red de Egresados","description":"Just another Medicina site","potentialAction":[{"@type":"SearchAction","target":{"@type":"EntryPoint","urlTemplate":"https:\/\/medicina.udd.cl\/egresados\/?s={search_term_string}"},"query-input":{"@type":"PropertyValueSpecification","valueRequired":true,"valueName":"search_term_string"}}],"inLanguage":"es"}]}},"_links":{"self":[{"href":"https:\/\/medicina.udd.cl\/egresados\/wp-json\/wp\/v2\/pages\/254","targetHints":{"allow":["GET"]}}],"collection":[{"href":"https:\/\/medicina.udd.cl\/egresados\/wp-json\/wp\/v2\/pages"}],"about":[{"href":"https:\/\/medicina.udd.cl\/egresados\/wp-json\/wp\/v2\/types\/page"}],"author":[{"embeddable":true,"href":"https:\/\/medicina.udd.cl\/egresados\/wp-json\/wp\/v2\/users\/9192219"}],"replies":[{"embeddable":true,"href":"https:\/\/medicina.udd.cl\/egresados\/wp-json\/wp\/v2\/comments?post=254"}],"version-history":[{"count":11,"href":"https:\/\/medicina.udd.cl\/egresados\/wp-json\/wp\/v2\/pages\/254\/revisions"}],"predecessor-version":[{"id":439,"href":"https:\/\/medicina.udd.cl\/egresados\/wp-json\/wp\/v2\/pages\/254\/revisions\/439"}],"up":[{"embeddable":true,"href":"https:\/\/medicina.udd.cl\/egresados\/wp-json\/wp\/v2\/pages\/251"}],"wp:attachment":[{"href":"https:\/\/medicina.udd.cl\/egresados\/wp-json\/wp\/v2\/media?parent=254"}],"curies":[{"name":"wp","href":"https:\/\/api.w.org\/{rel}","templated":true}]}}