{"id":259,"date":"2012-05-16T15:36:47","date_gmt":"2012-05-16T19:36:47","guid":{"rendered":"http:\/\/medicina.udd.cl\/egresados\/"},"modified":"2012-05-17T15:39:55","modified_gmt":"2012-05-17T19:39:55","slug":"generacion-2010","status":"publish","type":"page","link":"https:\/\/medicina.udd.cl\/egresados\/exalumnos\/generaciones\/medicina\/generacion-2010\/","title":{"rendered":"Generaci\u00f3n 2010"},"content":{"rendered":"<p style=\"text-align: center;\"><img loading=\"lazy\" decoding=\"async\" class=\"aligncenter size-large wp-image-386\" title=\"Medicina UDD 2010\" src=\"http:\/\/medicina.udd.cl\/egresados\/files\/2012\/05\/Generaci\u00f3n-2010-1024x589.jpg\" alt=\"\" width=\"645\" height=\"371\" srcset=\"https:\/\/medicina.udd.cl\/egresados\/files\/2012\/05\/Generaci\u00f3n-2010-1024x589.jpg 1024w, https:\/\/medicina.udd.cl\/egresados\/files\/2012\/05\/Generaci\u00f3n-2010-300x173.jpg 300w, https:\/\/medicina.udd.cl\/egresados\/files\/2012\/05\/Generaci\u00f3n-2010-768x442.jpg 768w\" sizes=\"auto, (max-width: 645px) 100vw, 645px\" \/><\/p>\n<p style=\"text-align: center;\">\u00a0<\/p>\n<table style=\"width: 673px;\" border=\"0\" cellspacing=\"0\" cellpadding=\"0\">\n<colgroup span=\"1\">\n<col span=\"1\" width=\"328\"><\/col>\n<col span=\"1\" width=\"345\"><\/col>\n<\/colgroup>\n<tbody>\n<tr height=\"20\">\n<td width=\"328\" height=\"20\"><strong>Generaci\u00f3n 2010<\/strong><\/td>\n<td width=\"345\">\u00a0<\/td>\n<\/tr>\n<tr height=\"20\">\n<td height=\"20\">Juli\u00e1n Alonso De Frutos<\/td>\n<td>Pamela Ver\u00f3nica Martinez Urutia<\/td>\n<\/tr>\n<tr height=\"20\">\n<td height=\"20\">Diego Ramiro \u00c1lvarez Compagnon<\/td>\n<td>Garnet Meier Surrey<\/td>\n<\/tr>\n<tr height=\"20\">\n<td height=\"20\">Tom\u00e1s Guillermo Bernstein Bengoa<\/td>\n<td>Martina Ver\u00f3nica Mohr Konow<\/td>\n<\/tr>\n<tr height=\"20\">\n<td height=\"20\">Katherine Agnes Blaha Klein<\/td>\n<td>Diego Montenegro Bralic<\/td>\n<\/tr>\n<tr height=\"20\">\n<td height=\"20\">Stephanie Josefina Bravo Brossard<\/td>\n<td>Pablo Andr\u00e9s Morales Lopez<\/td>\n<\/tr>\n<tr height=\"20\">\n<td height=\"20\">Mar\u00eda Ignacia Bravo Valdivieso<\/td>\n<td>Federico Andr\u00e9s Oppliger Boettcher<\/td>\n<\/tr>\n<tr height=\"20\">\n<td height=\"20\">Pablo Brinck Giugliano<\/td>\n<td>Alejandra Ovalle Rodr\u00edguez<\/td>\n<\/tr>\n<tr height=\"20\">\n<td height=\"20\">Nicol\u00e1s Andr\u00e9s Carvajal Abumohor<\/td>\n<td>Maribel Pais Mart\u00ednez<\/td>\n<\/tr>\n<tr height=\"20\">\n<td height=\"20\">Cesar Cristobal Carvajal Benavides<\/td>\n<td>Mar\u00eda Magdalena Parraguez P\u00e9rez<\/td>\n<\/tr>\n<tr height=\"20\">\n<td height=\"20\">Barbara Andrea Castro Jordan<\/td>\n<td>Camila Beatriz Pino Daiber<\/td>\n<\/tr>\n<tr height=\"20\">\n<td height=\"20\">Pedro Pablo Cofr\u00e9 Alarc\u00f3n<\/td>\n<td>Rafael Nicol\u00e1s Quevedo Cepeda<\/td>\n<\/tr>\n<tr height=\"20\">\n<td height=\"20\">Andr\u00e9s Ignacio Courtin Marambio<\/td>\n<td>Berenice Alana Riquelme Andalaf<\/td>\n<\/tr>\n<tr height=\"20\">\n<td height=\"20\">Rodrigo Andr\u00e9s Cruz Navea<\/td>\n<td>Jorge Andr\u00e9s Rodr\u00e9guez Becker<\/td>\n<\/tr>\n<tr height=\"20\">\n<td height=\"20\">Sebasti\u00e1n Andr\u00e9s D\u00edaz Rosenqvist<\/td>\n<td>Bernardita Catalina Rosas Baeza<\/td>\n<\/tr>\n<tr height=\"20\">\n<td height=\"20\">Sergio Fabi\u00e1n Elgueta Pinochet<\/td>\n<td>Alejandra Mariana Rosas San Miguel<\/td>\n<\/tr>\n<tr height=\"20\">\n<td height=\"20\">Manuel Gonzalo Figueroa Giralt<\/td>\n<td>Marcela Mar\u00eda Saintard Gonzalez<\/td>\n<\/tr>\n<tr height=\"20\">\n<td height=\"20\">Constanza Flicka Fuentes Fuhrmann<\/td>\n<td>Mar\u00eda Jos\u00e9 Saralegui K\u00f6nig<\/td>\n<\/tr>\n<tr height=\"20\">\n<td height=\"20\">Daniel Benjamin Grudsky Palma<\/td>\n<td>Mar\u00ed Jos\u00e9 Saul Drapela<\/td>\n<\/tr>\n<tr height=\"20\">\n<td height=\"20\">Hermann\u00a0 Christian Gundersen Kling<\/td>\n<td>Sebasti\u00e1n Andr\u00e9s Senociain Marzullo<\/td>\n<\/tr>\n<tr height=\"20\">\n<td height=\"20\">Mart\u00edn Jos\u00e9 Gutierrez Lafrentz<\/td>\n<td>Daniela P\u00eda Silva Bersezio<\/td>\n<\/tr>\n<tr height=\"20\">\n<td height=\"20\">Christopher Matthew Henderson Gonz\u00e1lez<\/td>\n<td>Sebasti\u00e1n Andr\u00e9s Solar P\u00e9rez<\/td>\n<\/tr>\n<tr height=\"20\">\n<td height=\"20\">Ignacio Francisco Javier Henr\u00edquez Campos<\/td>\n<td>Ram\u00f3n Alfredo Undurraga Valenzuela<\/td>\n<\/tr>\n<tr height=\"20\">\n<td height=\"20\">Joaqu\u00edn Alberto Hevia Morel<\/td>\n<td>Macarena Andrea Valdivia Arriagada<\/td>\n<\/tr>\n<tr height=\"20\">\n<td height=\"20\">Freddy Andr\u00e9s Jalil Nayci<\/td>\n<td>H\u00e9ctor Hugo Valenzuela Salamanca<\/td>\n<\/tr>\n<tr height=\"20\">\n<td height=\"20\">Kurt Ignacio Kirsten Toro<\/td>\n<td>Patricio Benjam\u00edn Vargas Err\u00e1zuriz<\/td>\n<\/tr>\n<tr height=\"20\">\n<td height=\"20\">Andrea Paz Ladino Vasquez<\/td>\n<td>Diego Arturo Villagran Prado<\/td>\n<\/tr>\n<tr height=\"20\">\n<td height=\"20\">Macarena Larroulet Palma<\/td>\n<td>Pamela Von Borries Abbott<\/td>\n<\/tr>\n<\/tbody>\n<\/table>\n<p style=\"text-align: center;\"><a rel=\"External\" class=\"out\" href=\"http:\/\/medicina.udd.cl\/egresados\/files\/2012\/05\/Generaci\u00f3n-2010.jpg\" class=\"thickbox\"><\/a>\u00a0<\/p>\n","protected":false},"excerpt":{"rendered":"<p>\u00a0 Generaci\u00f3n 2010 \u00a0 Juli\u00e1n Alonso De Frutos Pamela Ver\u00f3nica Martinez Urutia Diego Ramiro \u00c1lvarez Compagnon Garnet Meier Surrey Tom\u00e1s Guillermo Bernstein Bengoa Martina Ver\u00f3nica Mohr Konow Katherine Agnes Blaha Klein Diego Montenegro Bralic Stephanie Josefina Bravo Brossard Pablo Andr\u00e9s Morales Lopez Mar\u00eda Ignacia Bravo Valdivieso Federico Andr\u00e9s Oppliger Boettcher Pablo Brinck Giugliano Alejandra Ovalle [&hellip;]<\/p>\n","protected":false},"author":9192219,"featured_media":0,"parent":251,"menu_order":0,"comment_status":"open","ping_status":"open","template":"wide-default.php","meta":{"footnotes":""},"class_list":["post-259","page","type-page","status-publish","hentry"],"yoast_head":"<!-- This site is optimized with the Yoast SEO plugin v26.9 - https:\/\/yoast.com\/product\/yoast-seo-wordpress\/ -->\n<title>Generaci\u00f3n 2010 - Red de Egresados<\/title>\n<meta name=\"robots\" content=\"index, follow, max-snippet:-1, max-image-preview:large, max-video-preview:-1\" \/>\n<link rel=\"canonical\" href=\"https:\/\/medicina.udd.cl\/egresados\/exalumnos\/generaciones\/medicina\/generacion-2010\/\" \/>\n<meta property=\"og:locale\" content=\"es_ES\" \/>\n<meta property=\"og:type\" content=\"article\" \/>\n<meta property=\"og:title\" content=\"Generaci\u00f3n 2010 - Red de Egresados\" \/>\n<meta property=\"og:description\" content=\"\u00a0 Generaci\u00f3n 2010 \u00a0 Juli\u00e1n Alonso De Frutos Pamela Ver\u00f3nica Martinez Urutia Diego Ramiro \u00c1lvarez Compagnon Garnet Meier Surrey Tom\u00e1s Guillermo Bernstein Bengoa Martina Ver\u00f3nica Mohr Konow Katherine Agnes Blaha Klein Diego Montenegro Bralic Stephanie Josefina Bravo Brossard Pablo Andr\u00e9s Morales Lopez Mar\u00eda Ignacia Bravo Valdivieso Federico Andr\u00e9s Oppliger Boettcher Pablo Brinck Giugliano Alejandra Ovalle [&hellip;]\" \/>\n<meta property=\"og:url\" content=\"https:\/\/medicina.udd.cl\/egresados\/exalumnos\/generaciones\/medicina\/generacion-2010\/\" \/>\n<meta property=\"og:site_name\" content=\"Red de Egresados\" \/>\n<meta property=\"article:modified_time\" content=\"2012-05-17T19:39:55+00:00\" \/>\n<meta name=\"twitter:label1\" content=\"Tiempo de lectura\" \/>\n\t<meta name=\"twitter:data1\" content=\"1 minuto\" \/>\n<script type=\"application\/ld+json\" class=\"yoast-schema-graph\">{\"@context\":\"https:\/\/schema.org\",\"@graph\":[{\"@type\":\"WebPage\",\"@id\":\"https:\/\/medicina.udd.cl\/egresados\/exalumnos\/generaciones\/medicina\/generacion-2010\/\",\"url\":\"https:\/\/medicina.udd.cl\/egresados\/exalumnos\/generaciones\/medicina\/generacion-2010\/\",\"name\":\"Generaci\u00f3n 2010 - Red de Egresados\",\"isPartOf\":{\"@id\":\"https:\/\/medicina.udd.cl\/egresados\/#website\"},\"datePublished\":\"2012-05-16T19:36:47+00:00\",\"dateModified\":\"2012-05-17T19:39:55+00:00\",\"breadcrumb\":{\"@id\":\"https:\/\/medicina.udd.cl\/egresados\/exalumnos\/generaciones\/medicina\/generacion-2010\/#breadcrumb\"},\"inLanguage\":\"es\",\"potentialAction\":[{\"@type\":\"ReadAction\",\"target\":[\"https:\/\/medicina.udd.cl\/egresados\/exalumnos\/generaciones\/medicina\/generacion-2010\/\"]}]},{\"@type\":\"BreadcrumbList\",\"@id\":\"https:\/\/medicina.udd.cl\/egresados\/exalumnos\/generaciones\/medicina\/generacion-2010\/#breadcrumb\",\"itemListElement\":[{\"@type\":\"ListItem\",\"position\":1,\"name\":\"Home\",\"item\":\"https:\/\/medicina.udd.cl\/egresados\/\"},{\"@type\":\"ListItem\",\"position\":2,\"name\":\"Ex Alumnos\",\"item\":\"https:\/\/medicina.udd.cl\/egresados\/exalumnos\/\"},{\"@type\":\"ListItem\",\"position\":3,\"name\":\"Generaciones\",\"item\":\"https:\/\/medicina.udd.cl\/egresados\/exalumnos\/generaciones\/\"},{\"@type\":\"ListItem\",\"position\":4,\"name\":\"Medicina\",\"item\":\"https:\/\/medicina.udd.cl\/egresados\/exalumnos\/generaciones\/medicina\/\"},{\"@type\":\"ListItem\",\"position\":5,\"name\":\"Generaci\u00f3n 2010\"}]},{\"@type\":\"WebSite\",\"@id\":\"https:\/\/medicina.udd.cl\/egresados\/#website\",\"url\":\"https:\/\/medicina.udd.cl\/egresados\/\",\"name\":\"Red de Egresados\",\"description\":\"Just another Medicina site\",\"potentialAction\":[{\"@type\":\"SearchAction\",\"target\":{\"@type\":\"EntryPoint\",\"urlTemplate\":\"https:\/\/medicina.udd.cl\/egresados\/?s={search_term_string}\"},\"query-input\":{\"@type\":\"PropertyValueSpecification\",\"valueRequired\":true,\"valueName\":\"search_term_string\"}}],\"inLanguage\":\"es\"}]}<\/script>\n<!-- \/ Yoast SEO plugin. -->","yoast_head_json":{"title":"Generaci\u00f3n 2010 - Red de Egresados","robots":{"index":"index","follow":"follow","max-snippet":"max-snippet:-1","max-image-preview":"max-image-preview:large","max-video-preview":"max-video-preview:-1"},"canonical":"https:\/\/medicina.udd.cl\/egresados\/exalumnos\/generaciones\/medicina\/generacion-2010\/","og_locale":"es_ES","og_type":"article","og_title":"Generaci\u00f3n 2010 - Red de Egresados","og_description":"\u00a0 Generaci\u00f3n 2010 \u00a0 Juli\u00e1n Alonso De Frutos Pamela Ver\u00f3nica Martinez Urutia Diego Ramiro \u00c1lvarez Compagnon Garnet Meier Surrey Tom\u00e1s Guillermo Bernstein Bengoa Martina Ver\u00f3nica Mohr Konow Katherine Agnes Blaha Klein Diego Montenegro Bralic Stephanie Josefina Bravo Brossard Pablo Andr\u00e9s Morales Lopez Mar\u00eda Ignacia Bravo Valdivieso Federico Andr\u00e9s Oppliger Boettcher Pablo Brinck Giugliano Alejandra Ovalle [&hellip;]","og_url":"https:\/\/medicina.udd.cl\/egresados\/exalumnos\/generaciones\/medicina\/generacion-2010\/","og_site_name":"Red de Egresados","article_modified_time":"2012-05-17T19:39:55+00:00","twitter_misc":{"Tiempo de lectura":"1 minuto"},"schema":{"@context":"https:\/\/schema.org","@graph":[{"@type":"WebPage","@id":"https:\/\/medicina.udd.cl\/egresados\/exalumnos\/generaciones\/medicina\/generacion-2010\/","url":"https:\/\/medicina.udd.cl\/egresados\/exalumnos\/generaciones\/medicina\/generacion-2010\/","name":"Generaci\u00f3n 2010 - Red de Egresados","isPartOf":{"@id":"https:\/\/medicina.udd.cl\/egresados\/#website"},"datePublished":"2012-05-16T19:36:47+00:00","dateModified":"2012-05-17T19:39:55+00:00","breadcrumb":{"@id":"https:\/\/medicina.udd.cl\/egresados\/exalumnos\/generaciones\/medicina\/generacion-2010\/#breadcrumb"},"inLanguage":"es","potentialAction":[{"@type":"ReadAction","target":["https:\/\/medicina.udd.cl\/egresados\/exalumnos\/generaciones\/medicina\/generacion-2010\/"]}]},{"@type":"BreadcrumbList","@id":"https:\/\/medicina.udd.cl\/egresados\/exalumnos\/generaciones\/medicina\/generacion-2010\/#breadcrumb","itemListElement":[{"@type":"ListItem","position":1,"name":"Home","item":"https:\/\/medicina.udd.cl\/egresados\/"},{"@type":"ListItem","position":2,"name":"Ex Alumnos","item":"https:\/\/medicina.udd.cl\/egresados\/exalumnos\/"},{"@type":"ListItem","position":3,"name":"Generaciones","item":"https:\/\/medicina.udd.cl\/egresados\/exalumnos\/generaciones\/"},{"@type":"ListItem","position":4,"name":"Medicina","item":"https:\/\/medicina.udd.cl\/egresados\/exalumnos\/generaciones\/medicina\/"},{"@type":"ListItem","position":5,"name":"Generaci\u00f3n 2010"}]},{"@type":"WebSite","@id":"https:\/\/medicina.udd.cl\/egresados\/#website","url":"https:\/\/medicina.udd.cl\/egresados\/","name":"Red de Egresados","description":"Just another Medicina site","potentialAction":[{"@type":"SearchAction","target":{"@type":"EntryPoint","urlTemplate":"https:\/\/medicina.udd.cl\/egresados\/?s={search_term_string}"},"query-input":{"@type":"PropertyValueSpecification","valueRequired":true,"valueName":"search_term_string"}}],"inLanguage":"es"}]}},"_links":{"self":[{"href":"https:\/\/medicina.udd.cl\/egresados\/wp-json\/wp\/v2\/pages\/259","targetHints":{"allow":["GET"]}}],"collection":[{"href":"https:\/\/medicina.udd.cl\/egresados\/wp-json\/wp\/v2\/pages"}],"about":[{"href":"https:\/\/medicina.udd.cl\/egresados\/wp-json\/wp\/v2\/types\/page"}],"author":[{"embeddable":true,"href":"https:\/\/medicina.udd.cl\/egresados\/wp-json\/wp\/v2\/users\/9192219"}],"replies":[{"embeddable":true,"href":"https:\/\/medicina.udd.cl\/egresados\/wp-json\/wp\/v2\/comments?post=259"}],"version-history":[{"count":12,"href":"https:\/\/medicina.udd.cl\/egresados\/wp-json\/wp\/v2\/pages\/259\/revisions"}],"predecessor-version":[{"id":447,"href":"https:\/\/medicina.udd.cl\/egresados\/wp-json\/wp\/v2\/pages\/259\/revisions\/447"}],"up":[{"embeddable":true,"href":"https:\/\/medicina.udd.cl\/egresados\/wp-json\/wp\/v2\/pages\/251"}],"wp:attachment":[{"href":"https:\/\/medicina.udd.cl\/egresados\/wp-json\/wp\/v2\/media?parent=259"}],"curies":[{"name":"wp","href":"https:\/\/api.w.org\/{rel}","templated":true}]}}