{"id":261,"date":"2012-05-16T15:37:19","date_gmt":"2012-05-16T19:37:19","guid":{"rendered":"http:\/\/medicina.udd.cl\/egresados\/"},"modified":"2012-05-17T15:42:45","modified_gmt":"2012-05-17T19:42:45","slug":"generacion-2011","status":"publish","type":"page","link":"https:\/\/medicina.udd.cl\/egresados\/exalumnos\/generaciones\/medicina\/generacion-2011\/","title":{"rendered":"Generaci\u00f3n 2011"},"content":{"rendered":"<p style=\"text-align: center;\"><a href=\"http:\/\/medicina.udd.cl\/egresados\/files\/2012\/05\/Generaci\u00f3n-20111.jpg\" class=\"thickbox\"><img loading=\"lazy\" decoding=\"async\" class=\"aligncenter size-large wp-image-391\" title=\"Medicina UDD 2011\" src=\"http:\/\/medicina.udd.cl\/egresados\/files\/2012\/05\/Generaci\u00f3n-20111-1024x602.jpg\" alt=\"\" width=\"614\" height=\"361\" srcset=\"https:\/\/medicina.udd.cl\/egresados\/files\/2012\/05\/Generaci\u00f3n-20111-1024x602.jpg 1024w, https:\/\/medicina.udd.cl\/egresados\/files\/2012\/05\/Generaci\u00f3n-20111-300x176.jpg 300w, https:\/\/medicina.udd.cl\/egresados\/files\/2012\/05\/Generaci\u00f3n-20111-768x452.jpg 768w\" sizes=\"auto, (max-width: 614px) 100vw, 614px\" \/><\/a><\/p>\n<p>\u00a0<\/p>\n<table style=\"width: 673px;\" border=\"0\" cellspacing=\"0\" cellpadding=\"0\">\n<colgroup span=\"1\"><strong><\/strong><\/colgroup>\n<colgroup span=\"1\">\n<col span=\"1\" width=\"328\"><\/col>\n<col span=\"1\" width=\"345\"><\/col>\n<\/colgroup>\n<p>\u00a0<\/p>\n<tbody>\n<tr height=\"20\">\n<td width=\"328\" height=\"20\"><strong>Generaci\u00f3n 2011<\/strong><\/td>\n<td width=\"345\">\u00a0<\/td>\n<\/tr>\n<tr height=\"20\">\n<td height=\"20\">Francisco Tom\u00e1s Abbott V\u00e1squez<\/td>\n<td>H\u00e9ctor Ignacio Jofr\u00e9 Grimaldo<\/td>\n<\/tr>\n<tr height=\"20\">\n<td height=\"20\">Juan Francisco Allamand Turner<\/td>\n<td>Macarena Andrea Karle Punchel<\/td>\n<\/tr>\n<tr height=\"20\">\n<td height=\"20\">Dominique Ghislaine Arcil Lindegaard<\/td>\n<td>Josefina Larra\u00edn Stock<\/td>\n<\/tr>\n<tr height=\"20\">\n<td height=\"20\">Anita Valeria Arias Prado<\/td>\n<td>Sebasti\u00e1n Antonio L\u00f3pez Barbieri<\/td>\n<\/tr>\n<tr height=\"20\">\n<td height=\"20\">Mar\u00eda Magdalena Arteaga Ossa<\/td>\n<td>Felipe Andr\u00e9s Maira D\u00edaz<\/td>\n<\/tr>\n<tr height=\"20\">\n<td height=\"20\">Francisco Javier Astorga Lagomarsino<\/td>\n<td>Nicol\u00e1s Adolfo Oliver Coscolla<\/td>\n<\/tr>\n<tr height=\"20\">\n<td height=\"20\">Felipe Mat\u00edas Aubel Lazo<\/td>\n<td>Celine Magali Paccot Burnens<\/td>\n<\/tr>\n<tr height=\"20\">\n<td height=\"20\">Lorena Alejandra Bert\u00edn Figueroa<\/td>\n<td>Valeria Vanessa Parada Ortega<\/td>\n<\/tr>\n<tr height=\"20\">\n<td height=\"20\">Francisco Javier Besoain Arrau<\/td>\n<td>Ignacio Alfredo Pineda Viviani<\/td>\n<\/tr>\n<tr height=\"20\">\n<td height=\"20\">Crist\u00f3bal Andr\u00e9s Bettancourt Guglielmetti<\/td>\n<td>Alberto Ignacio Prat Barrueto<\/td>\n<\/tr>\n<tr height=\"20\">\n<td height=\"20\">Daniela Stefany Blumenthal Saleh<\/td>\n<td>Florencia Cecilia Prieto Ugarte<\/td>\n<\/tr>\n<tr height=\"20\">\n<td height=\"20\">Daniela Bartolaso Gacit\u00faa<\/td>\n<td>Mar\u00eda Ignacia Puente Lizana<\/td>\n<\/tr>\n<tr height=\"20\">\n<td height=\"20\">Jorge Antonio Browne Salas<\/td>\n<td>Paula Delia Olga Ram\u00edrez Vargas<\/td>\n<\/tr>\n<tr height=\"20\">\n<td height=\"20\">Mar\u00eda Francisca Cabello Aleuanlli<\/td>\n<td>Raquel Karina Retamal Concha<\/td>\n<\/tr>\n<tr height=\"20\">\n<td height=\"20\">Ignacio Eduardo Castro Aguirre<\/td>\n<td>Florencia Veronika Reyes Zilmann<\/td>\n<\/tr>\n<tr height=\"20\">\n<td height=\"20\">Estefan\u00eda Loreto Castro Mejias<\/td>\n<td>\u00c1lvaro Miguel Riquelme Cusianovic<\/td>\n<\/tr>\n<tr height=\"20\">\n<td height=\"20\">Agust\u00edn Vicente Cavagnaro Infante<\/td>\n<td>Cecilia Jimena Rivas Castillo<\/td>\n<\/tr>\n<tr height=\"20\">\n<td height=\"20\">Renata Alejandra Cerva Pinochet<\/td>\n<td>Nicol\u00e1s Eduardo Rosso Galleguillos<\/td>\n<\/tr>\n<tr height=\"20\">\n<td height=\"20\">Josefina Paz Contreras Astudillo<\/td>\n<td>Nicol\u00e1s Andr\u00e9s S\u00e1ez Cortez<\/td>\n<\/tr>\n<tr height=\"20\">\n<td height=\"20\">Ignacio Andr\u00e9s Correa Rodr\u00edguez<\/td>\n<td>Valentina Susana Salvador Uauy<\/td>\n<\/tr>\n<tr height=\"20\">\n<td height=\"20\">Mar\u00eda Mercedes De Alvarado Rontompe<\/td>\n<td>Augusto Jos\u00e9 San Mart\u00edn Grob<\/td>\n<\/tr>\n<tr height=\"20\">\n<td height=\"20\">Pablo Enrique D\u00edaz Aljaro<\/td>\n<td>Jos\u00e9 Tom\u00e1s San Mart\u00edn Morand\u00e9<\/td>\n<\/tr>\n<tr height=\"20\">\n<td height=\"20\">Sara Eugenia D\u00edaz Cort\u00e9s<\/td>\n<td>Stephanie Alejandra Sandoval Tamayo<\/td>\n<\/tr>\n<tr height=\"20\">\n<td height=\"20\">Juan Pablo Donoso Coppa<\/td>\n<td>Lars Raymond Str\u00f6mb\u00e4ck Vorphal<\/td>\n<\/tr>\n<tr height=\"20\">\n<td height=\"20\">Macarena Paz Etchegaray Inostroza<\/td>\n<td>Jos\u00e9 Ignacio Sumar Concha<\/td>\n<\/tr>\n<tr height=\"20\">\n<td height=\"20\">Maximiliano Andr\u00e9s Feldman Fuentes<\/td>\n<td>Viviana Valderrama Campos<\/td>\n<\/tr>\n<tr height=\"20\">\n<td height=\"20\">Mar\u00eda Francisca Fern\u00e1ndez Guti\u00e9rrez<\/td>\n<td>Mar\u00eda Francisca Jos\u00e9 Vergara \u00c1vila<\/td>\n<\/tr>\n<tr height=\"20\">\n<td height=\"20\">Rodrigo Nicol\u00e1s Fuentes Garc\u00eda<\/td>\n<td>Paula Wildner Benavente<\/td>\n<\/tr>\n<tr height=\"20\">\n<td height=\"20\">Mario Luca Stefano Giuliano Cordero<\/td>\n<td>Francisca Carolina Aguirre Mart\u00ednez<\/td>\n<\/tr>\n<tr height=\"20\">\n<td height=\"20\">Pablo Guti\u00e9rrez Montes<\/td>\n<td>Mar\u00eda Gabriela Del Fierro Prohens<\/td>\n<\/tr>\n<tr height=\"20\">\n<td height=\"20\">Andrea Catalina H\u00e4nel Kirsten<\/td>\n<td>Javiera Fla\u00f1o Olivos<\/td>\n<\/tr>\n<tr height=\"20\">\n<td height=\"20\">Tamara Esther Hasson Nagel<\/td>\n<td>Francisco Javier Ort\u00edz Arellano<\/td>\n<\/tr>\n<tr height=\"20\">\n<td height=\"20\">Camilo Andr\u00e9s I\u00f1iguez Laso<\/td>\n<td>Elda Paola Oyarz\u00fan Bahamonde<\/td>\n<\/tr>\n<tr height=\"20\">\n<td height=\"20\">Nicole Andrea Isarn Kunzmann<\/td>\n<td>Fernando Andr\u00e9s Pe\u00f1afiel Castillo<\/td>\n<\/tr>\n<tr height=\"20\">\n<td height=\"20\">Alejandro Jankelevich Schwammenhofer<\/td>\n<td>Felipe Ter\u00e1n Merino<\/td>\n<\/tr>\n<\/tbody>\n<\/table>\n","protected":false},"excerpt":{"rendered":"<p>\u00a0 \u00a0 Generaci\u00f3n 2011 \u00a0 Francisco Tom\u00e1s Abbott V\u00e1squez H\u00e9ctor Ignacio Jofr\u00e9 Grimaldo Juan Francisco Allamand Turner Macarena Andrea Karle Punchel Dominique Ghislaine Arcil Lindegaard Josefina Larra\u00edn Stock Anita Valeria Arias Prado Sebasti\u00e1n Antonio L\u00f3pez Barbieri Mar\u00eda Magdalena Arteaga Ossa Felipe Andr\u00e9s Maira D\u00edaz Francisco Javier Astorga Lagomarsino Nicol\u00e1s Adolfo Oliver Coscolla Felipe Mat\u00edas Aubel [&hellip;]<\/p>\n","protected":false},"author":9192219,"featured_media":0,"parent":251,"menu_order":0,"comment_status":"open","ping_status":"open","template":"wide-default.php","meta":{"footnotes":""},"class_list":["post-261","page","type-page","status-publish","hentry"],"yoast_head":"<!-- This site is optimized with the Yoast SEO plugin v26.9 - https:\/\/yoast.com\/product\/yoast-seo-wordpress\/ -->\n<title>Generaci\u00f3n 2011 - Red de Egresados<\/title>\n<meta name=\"robots\" content=\"index, follow, max-snippet:-1, max-image-preview:large, max-video-preview:-1\" \/>\n<link rel=\"canonical\" href=\"https:\/\/medicina.udd.cl\/egresados\/exalumnos\/generaciones\/medicina\/generacion-2011\/\" \/>\n<meta property=\"og:locale\" content=\"es_ES\" \/>\n<meta property=\"og:type\" content=\"article\" \/>\n<meta property=\"og:title\" content=\"Generaci\u00f3n 2011 - Red de Egresados\" \/>\n<meta property=\"og:description\" content=\"\u00a0 \u00a0 Generaci\u00f3n 2011 \u00a0 Francisco Tom\u00e1s Abbott V\u00e1squez H\u00e9ctor Ignacio Jofr\u00e9 Grimaldo Juan Francisco Allamand Turner Macarena Andrea Karle Punchel Dominique Ghislaine Arcil Lindegaard Josefina Larra\u00edn Stock Anita Valeria Arias Prado Sebasti\u00e1n Antonio L\u00f3pez Barbieri Mar\u00eda Magdalena Arteaga Ossa Felipe Andr\u00e9s Maira D\u00edaz Francisco Javier Astorga Lagomarsino Nicol\u00e1s Adolfo Oliver Coscolla Felipe Mat\u00edas Aubel [&hellip;]\" \/>\n<meta property=\"og:url\" content=\"https:\/\/medicina.udd.cl\/egresados\/exalumnos\/generaciones\/medicina\/generacion-2011\/\" \/>\n<meta property=\"og:site_name\" content=\"Red de Egresados\" \/>\n<meta property=\"article:modified_time\" content=\"2012-05-17T19:42:45+00:00\" \/>\n<meta name=\"twitter:label1\" content=\"Tiempo de lectura\" \/>\n\t<meta name=\"twitter:data1\" content=\"2 minutos\" \/>\n<script type=\"application\/ld+json\" class=\"yoast-schema-graph\">{\"@context\":\"https:\/\/schema.org\",\"@graph\":[{\"@type\":\"WebPage\",\"@id\":\"https:\/\/medicina.udd.cl\/egresados\/exalumnos\/generaciones\/medicina\/generacion-2011\/\",\"url\":\"https:\/\/medicina.udd.cl\/egresados\/exalumnos\/generaciones\/medicina\/generacion-2011\/\",\"name\":\"Generaci\u00f3n 2011 - Red de Egresados\",\"isPartOf\":{\"@id\":\"https:\/\/medicina.udd.cl\/egresados\/#website\"},\"datePublished\":\"2012-05-16T19:37:19+00:00\",\"dateModified\":\"2012-05-17T19:42:45+00:00\",\"breadcrumb\":{\"@id\":\"https:\/\/medicina.udd.cl\/egresados\/exalumnos\/generaciones\/medicina\/generacion-2011\/#breadcrumb\"},\"inLanguage\":\"es\",\"potentialAction\":[{\"@type\":\"ReadAction\",\"target\":[\"https:\/\/medicina.udd.cl\/egresados\/exalumnos\/generaciones\/medicina\/generacion-2011\/\"]}]},{\"@type\":\"BreadcrumbList\",\"@id\":\"https:\/\/medicina.udd.cl\/egresados\/exalumnos\/generaciones\/medicina\/generacion-2011\/#breadcrumb\",\"itemListElement\":[{\"@type\":\"ListItem\",\"position\":1,\"name\":\"Home\",\"item\":\"https:\/\/medicina.udd.cl\/egresados\/\"},{\"@type\":\"ListItem\",\"position\":2,\"name\":\"Ex Alumnos\",\"item\":\"https:\/\/medicina.udd.cl\/egresados\/exalumnos\/\"},{\"@type\":\"ListItem\",\"position\":3,\"name\":\"Generaciones\",\"item\":\"https:\/\/medicina.udd.cl\/egresados\/exalumnos\/generaciones\/\"},{\"@type\":\"ListItem\",\"position\":4,\"name\":\"Medicina\",\"item\":\"https:\/\/medicina.udd.cl\/egresados\/exalumnos\/generaciones\/medicina\/\"},{\"@type\":\"ListItem\",\"position\":5,\"name\":\"Generaci\u00f3n 2011\"}]},{\"@type\":\"WebSite\",\"@id\":\"https:\/\/medicina.udd.cl\/egresados\/#website\",\"url\":\"https:\/\/medicina.udd.cl\/egresados\/\",\"name\":\"Red de Egresados\",\"description\":\"Just another Medicina site\",\"potentialAction\":[{\"@type\":\"SearchAction\",\"target\":{\"@type\":\"EntryPoint\",\"urlTemplate\":\"https:\/\/medicina.udd.cl\/egresados\/?s={search_term_string}\"},\"query-input\":{\"@type\":\"PropertyValueSpecification\",\"valueRequired\":true,\"valueName\":\"search_term_string\"}}],\"inLanguage\":\"es\"}]}<\/script>\n<!-- \/ Yoast SEO plugin. -->","yoast_head_json":{"title":"Generaci\u00f3n 2011 - Red de Egresados","robots":{"index":"index","follow":"follow","max-snippet":"max-snippet:-1","max-image-preview":"max-image-preview:large","max-video-preview":"max-video-preview:-1"},"canonical":"https:\/\/medicina.udd.cl\/egresados\/exalumnos\/generaciones\/medicina\/generacion-2011\/","og_locale":"es_ES","og_type":"article","og_title":"Generaci\u00f3n 2011 - Red de Egresados","og_description":"\u00a0 \u00a0 Generaci\u00f3n 2011 \u00a0 Francisco Tom\u00e1s Abbott V\u00e1squez H\u00e9ctor Ignacio Jofr\u00e9 Grimaldo Juan Francisco Allamand Turner Macarena Andrea Karle Punchel Dominique Ghislaine Arcil Lindegaard Josefina Larra\u00edn Stock Anita Valeria Arias Prado Sebasti\u00e1n Antonio L\u00f3pez Barbieri Mar\u00eda Magdalena Arteaga Ossa Felipe Andr\u00e9s Maira D\u00edaz Francisco Javier Astorga Lagomarsino Nicol\u00e1s Adolfo Oliver Coscolla Felipe Mat\u00edas Aubel [&hellip;]","og_url":"https:\/\/medicina.udd.cl\/egresados\/exalumnos\/generaciones\/medicina\/generacion-2011\/","og_site_name":"Red de Egresados","article_modified_time":"2012-05-17T19:42:45+00:00","twitter_misc":{"Tiempo de lectura":"2 minutos"},"schema":{"@context":"https:\/\/schema.org","@graph":[{"@type":"WebPage","@id":"https:\/\/medicina.udd.cl\/egresados\/exalumnos\/generaciones\/medicina\/generacion-2011\/","url":"https:\/\/medicina.udd.cl\/egresados\/exalumnos\/generaciones\/medicina\/generacion-2011\/","name":"Generaci\u00f3n 2011 - Red de Egresados","isPartOf":{"@id":"https:\/\/medicina.udd.cl\/egresados\/#website"},"datePublished":"2012-05-16T19:37:19+00:00","dateModified":"2012-05-17T19:42:45+00:00","breadcrumb":{"@id":"https:\/\/medicina.udd.cl\/egresados\/exalumnos\/generaciones\/medicina\/generacion-2011\/#breadcrumb"},"inLanguage":"es","potentialAction":[{"@type":"ReadAction","target":["https:\/\/medicina.udd.cl\/egresados\/exalumnos\/generaciones\/medicina\/generacion-2011\/"]}]},{"@type":"BreadcrumbList","@id":"https:\/\/medicina.udd.cl\/egresados\/exalumnos\/generaciones\/medicina\/generacion-2011\/#breadcrumb","itemListElement":[{"@type":"ListItem","position":1,"name":"Home","item":"https:\/\/medicina.udd.cl\/egresados\/"},{"@type":"ListItem","position":2,"name":"Ex Alumnos","item":"https:\/\/medicina.udd.cl\/egresados\/exalumnos\/"},{"@type":"ListItem","position":3,"name":"Generaciones","item":"https:\/\/medicina.udd.cl\/egresados\/exalumnos\/generaciones\/"},{"@type":"ListItem","position":4,"name":"Medicina","item":"https:\/\/medicina.udd.cl\/egresados\/exalumnos\/generaciones\/medicina\/"},{"@type":"ListItem","position":5,"name":"Generaci\u00f3n 2011"}]},{"@type":"WebSite","@id":"https:\/\/medicina.udd.cl\/egresados\/#website","url":"https:\/\/medicina.udd.cl\/egresados\/","name":"Red de Egresados","description":"Just another Medicina site","potentialAction":[{"@type":"SearchAction","target":{"@type":"EntryPoint","urlTemplate":"https:\/\/medicina.udd.cl\/egresados\/?s={search_term_string}"},"query-input":{"@type":"PropertyValueSpecification","valueRequired":true,"valueName":"search_term_string"}}],"inLanguage":"es"}]}},"_links":{"self":[{"href":"https:\/\/medicina.udd.cl\/egresados\/wp-json\/wp\/v2\/pages\/261","targetHints":{"allow":["GET"]}}],"collection":[{"href":"https:\/\/medicina.udd.cl\/egresados\/wp-json\/wp\/v2\/pages"}],"about":[{"href":"https:\/\/medicina.udd.cl\/egresados\/wp-json\/wp\/v2\/types\/page"}],"author":[{"embeddable":true,"href":"https:\/\/medicina.udd.cl\/egresados\/wp-json\/wp\/v2\/users\/9192219"}],"replies":[{"embeddable":true,"href":"https:\/\/medicina.udd.cl\/egresados\/wp-json\/wp\/v2\/comments?post=261"}],"version-history":[{"count":6,"href":"https:\/\/medicina.udd.cl\/egresados\/wp-json\/wp\/v2\/pages\/261\/revisions"}],"predecessor-version":[{"id":450,"href":"https:\/\/medicina.udd.cl\/egresados\/wp-json\/wp\/v2\/pages\/261\/revisions\/450"}],"up":[{"embeddable":true,"href":"https:\/\/medicina.udd.cl\/egresados\/wp-json\/wp\/v2\/pages\/251"}],"wp:attachment":[{"href":"https:\/\/medicina.udd.cl\/egresados\/wp-json\/wp\/v2\/media?parent=261"}],"curies":[{"name":"wp","href":"https:\/\/api.w.org\/{rel}","templated":true}]}}